{"id":385822,"date":"2024-07-01T11:25:47","date_gmt":"2024-07-01T11:25:47","guid":{"rendered":"https:\/\/gr-100.com\/producto\/especializado-s-works-turbo-levo-sl-extensor-160wh\/"},"modified":"2025-11-26T16:34:30","modified_gmt":"2025-11-26T14:34:30","slug":"especializado-s-works-turbo-levo-sl-extensor-160wh","status":"publish","type":"product","link":"https:\/\/gr-100.com\/pt-pt\/producto\/especializado-s-works-turbo-levo-sl-extensor-160wh\/","title":{"rendered":"Specialized S-Works Turbo Levo SL + Extensor 160Wh"},"content":{"rendered":"<p><iframe title=\"Probamos la S-Works Turbo Levo SL \u00bfUna buena opci\u00f3n?\" width=\"500\" height=\"281\" src=\"https:\/\/www.youtube.com\/embed\/L2bTNbrTzw4?feature=oembed\"  allow=\"accelerometer; autoplay; clipboard-write; encrypted-media; gyroscope; picture-in-picture; web-share\" referrerpolicy=\"strict-origin-when-cross-origin\" allowfullscreen><\/iframe><br \/>\n<iframe title=\"\u00a1S\u00faper Oferta! S-Works Levo SL\" width=\"500\" height=\"281\" src=\"https:\/\/www.youtube.com\/embed\/vp0iUa0W07M?feature=oembed\"  allow=\"accelerometer; autoplay; clipboard-write; encrypted-media; gyroscope; picture-in-picture; web-share\" referrerpolicy=\"strict-origin-when-cross-origin\" allowfullscreen><\/iframe><\/p>\n<ul>\n<li>Specialized FACTO 11 Quadro em carbono<\/li>\n<li>FOX Forquilha de suspens\u00e3o de f\u00e1brica Float 36 com curso de 150mm<\/li>\n<li>FOX Amortecedor de f\u00e1brica Float DPX2<\/li>\n<li>SRAM XX1 Eagle AXS 1&#215;12 Transmiss\u00e3o sem fio<\/li>\n<li>RockShox Reverb AXS Espig\u00e3o Telesc\u00f3pico<\/li>\n<li>Roval Traverse SL 29 Conjunto de rodas em carbono<\/li>\n<li>Specialized Motor SL 1.1<\/li>\n<li>Specialized de 320 Wh<\/li>\n<li><strong>Inclui uma extens\u00e3o de bateria, com uma capacidade de 160Wh, do tamanho de uma garrafa de \u00e1gua que lhe oferece at\u00e9 uma hora adicional de autonomia.<\/strong><\/li>\n<\/ul>\n<h4>Especifica\u00e7\u00f5es<\/h4>\n<ul>\n<li><strong>CUADRO<\/strong><br \/>\nABRAZ. Liga de sela<br \/>\n, 38.6mm<\/li>\n<li><strong>IMAGEM<\/strong><br \/>\nFACTO 11m carbono completo, 29 Trail Geometry, Bateria de tubo descendente integrada, cabo interno fechado, roteamento do posto de comando, espa\u00e7amento de 148mm, rolamentos de cartucho totalmente selados, 150mm de curso<\/li>\n<li><strong>GARFO<\/strong><br \/>\nFox Float 36 Factory, Amortecedor Grip2, 150mm, 51mm rake, HSC, LSC, HSR, LSR, Kabolt eixo<\/li>\n<li><strong>AMORTECEDOR<\/strong><br \/>\nFox Float DPX2 Factory, ajuste de 3 posi\u00e7\u00f5es, 52.5x210mm, Rx Trail Tune<\/li>\n<li><strong>SELIM<\/strong><br \/>\nPonte, 155\/143mm, Ti-rails ocos<\/li>\n<li><strong>POT\u00caNCIA<\/strong><br \/>\nDivindade, 35.0mm<\/li>\n<li><strong>PUNHOS<\/strong><br \/>\nOE GRIP, DEITY, 26-KNL-BIK, ALLOY CLAMP, CLOSED END STYLE, LOCK ON, 132 MM COMPRIMENTO, 32MM OD, KNUCKLEDUSTER, PRETO<\/li>\n<li><strong>ESPIG\u00c3O ASSENTO<\/strong><br \/>\nRockShox Reverbera\u00e7\u00e3o AXS, 30.9mm, S: 125, M: 150, L\/XL: 170mm<\/li>\n<li><strong>GUID\u00c3O<\/strong><br \/>\nRoval Traverse SL Carbon, barra riser, upsweep de 6 graus, backsweep de 8 graus, eleva\u00e7\u00e3o de 30mm, 780mm, 35,0mm<\/li>\n<li><strong>TRAV\u00c3O TRASEIRO<\/strong><br \/>\nMagura MT7 com l\u00e2mina de alavanca Loic personalizada, rotor de 203 mm<\/li>\n<li><strong>TRAV\u00c3O DIANTEIRO<\/strong><br \/>\nMagura MT7 com l\u00e2mina de alavanca Loic personalizada, rotor de 203 mm<\/li>\n<li><strong>SUPORTE<\/strong><br \/>\n INFERIORPraxis Carbon M30, compensa\u00e7\u00e3o personalizada<\/li>\n<li><strong>CONTROLOS DE MUDAN\u00c7A DE VELOCIDADE<\/strong><br \/>\nSRAM Controlador AXS Eagle<\/li>\n<li><strong>PRATOS<\/strong><br \/>\nSRAM \u00c1guia X-Sync, 94 BCD, 30T<\/li>\n<li><strong>CADEIA<\/strong><br \/>\nSRAM XX1 \u00c1guia<\/li>\n<li><strong>MUDAN\u00c7A<\/strong><br \/>\nSRAM XX1 \u00c1guia AXS<\/li>\n<li><strong><br \/>\nSram XG-1299, 12 velocidades, 10-52T<\/strong><\/li>\n<li><strong>PNEU.<\/strong><br \/>\nTalho, carca\u00e7a GRID TRAIL, composto GRIPTON\u00ae, 29&#215;2.3&#8243;<\/li>\n<li><strong>R\u00c1DIOS<\/strong><br \/>\nCorrida DT Competition<\/li>\n<li><strong>PNEU TRASEIRO<\/strong><br \/>\nEliminador, carca\u00e7a GRID TRAIL, composto GRIPTON\u00ae, 2Bliss Ready, 29&#215;2.3&#8243;<\/li>\n<li><strong>Pneus<\/strong><br \/>\nRoval Traverse SL 29, carbono sem gancho, largura interna de 30mm, 2Bliss Ready, constru\u00eddo \u00e0 m\u00e3o, 28h<\/li>\n<li><strong>CUBO TRASEIRO<\/strong><br \/>\nRoval Traverse SL, DT Swiss Star Ratchet, engajamento de 54t, corpo do motorista SRAM XD, eixo thru de 12 mm, espa\u00e7amento de 148 mm<\/li>\n<li><strong>CUBO FRONTAL<\/strong><br \/>\nRoval Transversal SL, rolamentos de cartucho selados, eixo de 15 mm, espa\u00e7amento de 110 mm<\/li>\n<li><strong>C\u00c2MARAS<\/strong><br \/>\nPadr\u00e3o, v\u00e1lvula Presta<\/li>\n<li><strong>RODA DIANTEIRA<\/strong><br \/>\nTravessia SL 29<\/li>\n<li>Traverse SL 29 RODA TRASEIRA\n<\/li>\n<li><strong>COM FIOS<\/strong><br \/>\nChicote de fia\u00e7\u00e3o Specialized personalizado w \/ chargeport<\/li>\n<li><strong>CARREGADOR<\/strong><br \/>\nCarregador personalizado, Sistema 48V c\/ ficha do carregador do sistema SL<\/li>\n<li><strong>MOTOR<\/strong><br \/>\nSpecialized SL 1.1, motor leve personalizado<\/li>\n<li><strong>BATERIA<\/strong><br \/>\nSpecialized SL1-320, totalmente integrado, 320Wh<\/li>\n<li><strong>UI\/REMOTO<\/strong><br \/>\nSpecialized TCU, 10-LED Estado de carga, 3-LED Ride Mode display, ANT + \/ Bluetooth\u00ae, w \/ Handlebar remoto<\/li>\n<li><strong>ACESS\u00d3RIOS<\/strong><br \/>\nPEDAIS EXTENSORES<br \/>\nSWAT<br \/>\n160Wh<\/li>\n<\/ul>\n","protected":false},"excerpt":{"rendered":"<p>A bicicleta Specialized Levo SL S-Works pela sua pot\u00eancia e leveza.<br \/>\nO modelo S-Works Levo SL \u00e9 o topo de gama, tem um quadro totalmente em fibra de carbono com suspens\u00e3o FOX Factory e transmiss\u00e3o SRAM Eagle XX1 AXS.   <strong>Inclui uma extens\u00e3o de bateria, com uma capacidade de 160Wh, do tamanho de uma garrafa de \u00e1gua que lhe oferece at\u00e9 uma hora adicional de autonomia.<\/strong><\/p>\n","protected":false},"featured_media":299177,"comment_status":"closed","ping_status":"closed","template":"","meta":{"_acf_changed":false,"_et_pb_use_builder":"","_et_pb_old_content":"","_et_gb_content_width":"","inline_featured_image":false},"product_brand":[],"product_cat":[20,378],"product_tag":[],"class_list":{"0":"post-385822","1":"product","2":"type-product","3":"status-publish","4":"has-post-thumbnail","6":"product_cat-bicicletas-de-carretera","7":"product_cat-estrada","9":"first","10":"outofstock","11":"taxable","12":"shipping-taxable","13":"product-type-variable","14":"wvs-archive-product-wrapper"},"acf":[],"yoast_head":"<!-- This site is optimized with the Yoast SEO Premium plugin v26.7 (Yoast SEO v26.7) - https:\/\/yoast.com\/wordpress\/plugins\/seo\/ -->\n<title>Specialized S-Works Turbo Levo SL + Extensor 160Wh - GR-100<\/title>\n<meta name=\"description\" content=\"Encontre o S-Works Turbo Levo SL Specialized no GR-100. A bicicleta el\u00e9trica de montanha de alto desempenho que voc\u00ea estava procurando. Compre online agora.\" \/>\n<meta name=\"robots\" content=\"index, follow, max-snippet:-1, max-image-preview:large, max-video-preview:-1\" \/>\n<link rel=\"canonical\" href=\"https:\/\/gr-100.com\/pt-pt\/producto\/especializado-s-works-turbo-levo-sl-extensor-160wh\/\" \/>\n<meta property=\"og:locale\" content=\"pt_PT\" \/>\n<meta property=\"og:type\" content=\"article\" \/>\n<meta property=\"og:title\" content=\"Specialized S-Works Turbo Levo SL + Extensor 160Wh\" \/>\n<meta property=\"og:description\" content=\"Encontre o S-Works Turbo Levo SL Specialized no GR-100. A bicicleta el\u00e9trica de montanha de alto desempenho que voc\u00ea estava procurando. Compre online agora.\" \/>\n<meta property=\"og:url\" content=\"https:\/\/gr-100.com\/pt-pt\/producto\/especializado-s-works-turbo-levo-sl-extensor-160wh\/\" \/>\n<meta property=\"og:site_name\" content=\"Gr-100 Tienda de ciclismo Specialized\" \/>\n<meta property=\"article:publisher\" content=\"https:\/\/www.facebook.com\/Gr100Bikes\" \/>\n<meta property=\"article:modified_time\" content=\"2025-11-26T14:34:30+00:00\" \/>\n<meta property=\"og:image\" content=\"https:\/\/gr-100.com\/wp-content\/uploads\/2024\/05\/ee96821-00-s-works-turbo-le.jpg\" \/>\n\t<meta property=\"og:image:width\" content=\"1000\" \/>\n\t<meta property=\"og:image:height\" content=\"1000\" \/>\n\t<meta property=\"og:image:type\" content=\"image\/jpeg\" \/>\n<meta name=\"twitter:card\" content=\"summary_large_image\" \/>\n<meta name=\"twitter:label1\" content=\"Tempo estimado de leitura\" \/>\n\t<meta name=\"twitter:data1\" content=\"2 minutos\" \/>\n<script type=\"application\/ld+json\" class=\"yoast-schema-graph\">{\"@context\":\"https:\/\/schema.org\",\"@graph\":[{\"@type\":\"WebPage\",\"@id\":\"https:\/\/gr-100.com\/pt-pt\/producto\/especializado-s-works-turbo-levo-sl-extensor-160wh\/\",\"url\":\"https:\/\/gr-100.com\/pt-pt\/producto\/especializado-s-works-turbo-levo-sl-extensor-160wh\/\",\"name\":\"Specialized S-Works Turbo Levo SL + Extensor 160Wh - GR-100\",\"isPartOf\":{\"@id\":\"https:\/\/gr-100.com\/#website\"},\"primaryImageOfPage\":{\"@id\":\"https:\/\/gr-100.com\/pt-pt\/producto\/especializado-s-works-turbo-levo-sl-extensor-160wh\/#primaryimage\"},\"image\":{\"@id\":\"https:\/\/gr-100.com\/pt-pt\/producto\/especializado-s-works-turbo-levo-sl-extensor-160wh\/#primaryimage\"},\"thumbnailUrl\":\"https:\/\/gr-100.com\/wp-content\/uploads\/2024\/05\/ee96821-00-s-works-turbo-le.jpg\",\"datePublished\":\"2024-07-01T11:25:47+00:00\",\"dateModified\":\"2025-11-26T14:34:30+00:00\",\"description\":\"Encontre o S-Works Turbo Levo SL Specialized no GR-100. A bicicleta el\u00e9trica de montanha de alto desempenho que voc\u00ea estava procurando. Compre online agora.\",\"breadcrumb\":{\"@id\":\"https:\/\/gr-100.com\/pt-pt\/producto\/especializado-s-works-turbo-levo-sl-extensor-160wh\/#breadcrumb\"},\"inLanguage\":\"pt-PT\",\"potentialAction\":[{\"@type\":\"ReadAction\",\"target\":[\"https:\/\/gr-100.com\/pt-pt\/producto\/especializado-s-works-turbo-levo-sl-extensor-160wh\/\"]}]},{\"@type\":\"ImageObject\",\"inLanguage\":\"pt-PT\",\"@id\":\"https:\/\/gr-100.com\/pt-pt\/producto\/especializado-s-works-turbo-levo-sl-extensor-160wh\/#primaryimage\",\"url\":\"https:\/\/gr-100.com\/wp-content\/uploads\/2024\/05\/ee96821-00-s-works-turbo-le.jpg\",\"contentUrl\":\"https:\/\/gr-100.com\/wp-content\/uploads\/2024\/05\/ee96821-00-s-works-turbo-le.jpg\",\"width\":1000,\"height\":1000},{\"@type\":\"BreadcrumbList\",\"@id\":\"https:\/\/gr-100.com\/pt-pt\/producto\/especializado-s-works-turbo-levo-sl-extensor-160wh\/#breadcrumb\",\"itemListElement\":[{\"@type\":\"ListItem\",\"position\":1,\"name\":\"Portada\",\"item\":\"https:\/\/gr-100.com\/en\/\"},{\"@type\":\"ListItem\",\"position\":2,\"name\":\"Productos\",\"item\":\"https:\/\/gr-100.com\/?post_type=product\"},{\"@type\":\"ListItem\",\"position\":3,\"name\":\"Specialized S-Works Turbo Levo SL + Extensor 160Wh\"}]},{\"@type\":\"WebSite\",\"@id\":\"https:\/\/gr-100.com\/#website\",\"url\":\"https:\/\/gr-100.com\/\",\"name\":\"Gr-100 Tienda de ciclismo Specialized\",\"description\":\"GR-100 tenemos todas las gamas de bicicletas Specialized al mejor precio.\",\"publisher\":{\"@id\":\"https:\/\/gr-100.com\/#organization\"},\"alternateName\":\"Gr-100 Bikes\",\"potentialAction\":[{\"@type\":\"SearchAction\",\"target\":{\"@type\":\"EntryPoint\",\"urlTemplate\":\"https:\/\/gr-100.com\/?s={search_term_string}\"},\"query-input\":{\"@type\":\"PropertyValueSpecification\",\"valueRequired\":true,\"valueName\":\"search_term_string\"}}],\"inLanguage\":\"pt-PT\"},{\"@type\":\"Organization\",\"@id\":\"https:\/\/gr-100.com\/#organization\",\"name\":\"Gr-100\",\"url\":\"https:\/\/gr-100.com\/\",\"logo\":{\"@type\":\"ImageObject\",\"inLanguage\":\"pt-PT\",\"@id\":\"https:\/\/gr-100.com\/#\/schema\/logo\/image\/\",\"url\":\"https:\/\/gr-100.com\/wp-content\/uploads\/2023\/08\/logo-gr-100-bikes.png\",\"contentUrl\":\"https:\/\/gr-100.com\/wp-content\/uploads\/2023\/08\/logo-gr-100-bikes.png\",\"width\":707,\"height\":284,\"caption\":\"Gr-100\"},\"image\":{\"@id\":\"https:\/\/gr-100.com\/#\/schema\/logo\/image\/\"},\"sameAs\":[\"https:\/\/www.facebook.com\/Gr100Bikes\",\"https:\/\/www.instagram.com\/gr100bikes\/\",\"https:\/\/www.tiktok.com\/@gr100bikes\",\"https:\/\/twitter.com\/gr100mtbteam\",\"https:\/\/www.youtube.com\/c\/GR100Specialized\"]}]}<\/script>\n<!-- \/ Yoast SEO Premium plugin. -->","yoast_head_json":{"title":"Specialized S-Works Turbo Levo SL + Extensor 160Wh - GR-100","description":"Encontre o S-Works Turbo Levo SL Specialized no GR-100. A bicicleta el\u00e9trica de montanha de alto desempenho que voc\u00ea estava procurando. Compre online agora.","robots":{"index":"index","follow":"follow","max-snippet":"max-snippet:-1","max-image-preview":"max-image-preview:large","max-video-preview":"max-video-preview:-1"},"canonical":"https:\/\/gr-100.com\/pt-pt\/producto\/especializado-s-works-turbo-levo-sl-extensor-160wh\/","og_locale":"pt_PT","og_type":"article","og_title":"Specialized S-Works Turbo Levo SL + Extensor 160Wh","og_description":"Encontre o S-Works Turbo Levo SL Specialized no GR-100. A bicicleta el\u00e9trica de montanha de alto desempenho que voc\u00ea estava procurando. Compre online agora.","og_url":"https:\/\/gr-100.com\/pt-pt\/producto\/especializado-s-works-turbo-levo-sl-extensor-160wh\/","og_site_name":"Gr-100 Tienda de ciclismo Specialized","article_publisher":"https:\/\/www.facebook.com\/Gr100Bikes","article_modified_time":"2025-11-26T14:34:30+00:00","og_image":[{"width":1000,"height":1000,"url":"https:\/\/gr-100.com\/wp-content\/uploads\/2024\/05\/ee96821-00-s-works-turbo-le.jpg","type":"image\/jpeg"}],"twitter_card":"summary_large_image","twitter_misc":{"Tempo estimado de leitura":"2 minutos"},"schema":{"@context":"https:\/\/schema.org","@graph":[{"@type":"WebPage","@id":"https:\/\/gr-100.com\/pt-pt\/producto\/especializado-s-works-turbo-levo-sl-extensor-160wh\/","url":"https:\/\/gr-100.com\/pt-pt\/producto\/especializado-s-works-turbo-levo-sl-extensor-160wh\/","name":"Specialized S-Works Turbo Levo SL + Extensor 160Wh - GR-100","isPartOf":{"@id":"https:\/\/gr-100.com\/#website"},"primaryImageOfPage":{"@id":"https:\/\/gr-100.com\/pt-pt\/producto\/especializado-s-works-turbo-levo-sl-extensor-160wh\/#primaryimage"},"image":{"@id":"https:\/\/gr-100.com\/pt-pt\/producto\/especializado-s-works-turbo-levo-sl-extensor-160wh\/#primaryimage"},"thumbnailUrl":"https:\/\/gr-100.com\/wp-content\/uploads\/2024\/05\/ee96821-00-s-works-turbo-le.jpg","datePublished":"2024-07-01T11:25:47+00:00","dateModified":"2025-11-26T14:34:30+00:00","description":"Encontre o S-Works Turbo Levo SL Specialized no GR-100. A bicicleta el\u00e9trica de montanha de alto desempenho que voc\u00ea estava procurando. Compre online agora.","breadcrumb":{"@id":"https:\/\/gr-100.com\/pt-pt\/producto\/especializado-s-works-turbo-levo-sl-extensor-160wh\/#breadcrumb"},"inLanguage":"pt-PT","potentialAction":[{"@type":"ReadAction","target":["https:\/\/gr-100.com\/pt-pt\/producto\/especializado-s-works-turbo-levo-sl-extensor-160wh\/"]}]},{"@type":"ImageObject","inLanguage":"pt-PT","@id":"https:\/\/gr-100.com\/pt-pt\/producto\/especializado-s-works-turbo-levo-sl-extensor-160wh\/#primaryimage","url":"https:\/\/gr-100.com\/wp-content\/uploads\/2024\/05\/ee96821-00-s-works-turbo-le.jpg","contentUrl":"https:\/\/gr-100.com\/wp-content\/uploads\/2024\/05\/ee96821-00-s-works-turbo-le.jpg","width":1000,"height":1000},{"@type":"BreadcrumbList","@id":"https:\/\/gr-100.com\/pt-pt\/producto\/especializado-s-works-turbo-levo-sl-extensor-160wh\/#breadcrumb","itemListElement":[{"@type":"ListItem","position":1,"name":"Portada","item":"https:\/\/gr-100.com\/en\/"},{"@type":"ListItem","position":2,"name":"Productos","item":"https:\/\/gr-100.com\/?post_type=product"},{"@type":"ListItem","position":3,"name":"Specialized S-Works Turbo Levo SL + Extensor 160Wh"}]},{"@type":"WebSite","@id":"https:\/\/gr-100.com\/#website","url":"https:\/\/gr-100.com\/","name":"Gr-100 Tienda de ciclismo Specialized","description":"GR-100 tenemos todas las gamas de bicicletas Specialized al mejor precio.","publisher":{"@id":"https:\/\/gr-100.com\/#organization"},"alternateName":"Gr-100 Bikes","potentialAction":[{"@type":"SearchAction","target":{"@type":"EntryPoint","urlTemplate":"https:\/\/gr-100.com\/?s={search_term_string}"},"query-input":{"@type":"PropertyValueSpecification","valueRequired":true,"valueName":"search_term_string"}}],"inLanguage":"pt-PT"},{"@type":"Organization","@id":"https:\/\/gr-100.com\/#organization","name":"Gr-100","url":"https:\/\/gr-100.com\/","logo":{"@type":"ImageObject","inLanguage":"pt-PT","@id":"https:\/\/gr-100.com\/#\/schema\/logo\/image\/","url":"https:\/\/gr-100.com\/wp-content\/uploads\/2023\/08\/logo-gr-100-bikes.png","contentUrl":"https:\/\/gr-100.com\/wp-content\/uploads\/2023\/08\/logo-gr-100-bikes.png","width":707,"height":284,"caption":"Gr-100"},"image":{"@id":"https:\/\/gr-100.com\/#\/schema\/logo\/image\/"},"sameAs":["https:\/\/www.facebook.com\/Gr100Bikes","https:\/\/www.instagram.com\/gr100bikes\/","https:\/\/www.tiktok.com\/@gr100bikes","https:\/\/twitter.com\/gr100mtbteam","https:\/\/www.youtube.com\/c\/GR100Specialized"]}]}},"_links":{"self":[{"href":"https:\/\/gr-100.com\/pt-pt\/wp-json\/wp\/v2\/product\/385822","targetHints":{"allow":["GET"]}}],"collection":[{"href":"https:\/\/gr-100.com\/pt-pt\/wp-json\/wp\/v2\/product"}],"about":[{"href":"https:\/\/gr-100.com\/pt-pt\/wp-json\/wp\/v2\/types\/product"}],"replies":[{"embeddable":true,"href":"https:\/\/gr-100.com\/pt-pt\/wp-json\/wp\/v2\/comments?post=385822"}],"wp:featuredmedia":[{"embeddable":true,"href":"https:\/\/gr-100.com\/pt-pt\/wp-json\/wp\/v2\/media\/299177"}],"wp:attachment":[{"href":"https:\/\/gr-100.com\/pt-pt\/wp-json\/wp\/v2\/media?parent=385822"}],"wp:term":[{"taxonomy":"product_brand","embeddable":true,"href":"https:\/\/gr-100.com\/pt-pt\/wp-json\/wp\/v2\/product_brand?post=385822"},{"taxonomy":"product_cat","embeddable":true,"href":"https:\/\/gr-100.com\/pt-pt\/wp-json\/wp\/v2\/product_cat?post=385822"},{"taxonomy":"product_tag","embeddable":true,"href":"https:\/\/gr-100.com\/pt-pt\/wp-json\/wp\/v2\/product_tag?post=385822"}],"curies":[{"name":"wp","href":"https:\/\/api.w.org\/{rel}","templated":true}]}}