{"id":385841,"date":"2024-07-01T10:34:59","date_gmt":"2024-07-01T08:34:59","guid":{"rendered":"https:\/\/gr-100.com\/producto\/especializado-turbo-como-3-0-nb-2023\/"},"modified":"2025-11-27T11:01:19","modified_gmt":"2025-11-27T09:01:19","slug":"especializado-turbo-como-3-0-nb-2023","status":"publish","type":"product","link":"https:\/\/gr-100.com\/pt-pt\/producto\/especializado-turbo-como-3-0-nb-2023\/","title":{"rendered":"Specialized Turbo Como 3.0 NB 2023"},"content":{"rendered":"<ul>\n<li>Estrutura: alum\u00ednio E5, suporte inferior do motor, bateria de tubo de bloqueio e totalmente integrada, roteamento de cabo interno, bloqueio e montagem em rack frontal<\/li>\n<li>Forquilha: SR Suntour MobieA32, curso de 80mm, bloqueio, suportes de para-lamas, suporte de luz integrado<\/li>\n<li>Derailleur: cabide derailleur substitu\u00edvel compat\u00edvel<\/li>\n<li>Shifters: SRAM NX, 11 velocidades<\/li>\n<li>: SRAM PG-1130, 11 velocidades, 11-42t<\/li>\n<li>Freio dianteiro: SRAM , disco de 160mm<\/li>\n<li>Freio traseiro: SRAM , disco de 160mm<\/li>\n<li>Suporte inferior: c\u00f3nico quadrado, 68 mm<\/li>\n<li>Pneus: Liga, 16mm de profundidade, 25mm largura interna, 28H<\/li>\n<li>Guiador: Mini eleva\u00e7\u00e3o, liga de se\u00e7\u00e3o dupla vari\u00e1vel, deslocamento de 6 graus, largura de 600mm, 31,8 mm, di\u00e2metro da extremidade da barra de 19 mm<\/li>\n<li>Selim de ponte para crian\u00e7as, 130 mm<\/li>\n<li>Poste de assento: liga, 0mm offset, bra\u00e7adeira de 2 parafusos, 30.9mm, comprimento de 300mm<\/li>\n<\/ul>\n","protected":false},"excerpt":{"rendered":"<p>A Como \u00e9 uma e-bike descontra\u00edda e confort\u00e1vel, e tamb\u00e9m \u00e9 segura. O Como permite-lhe fluir, proporcionando-lhe uma experi\u00eancia potente que inspira confian\u00e7a e uma sensa\u00e7\u00e3o absolutamente deliciosa de uma moto f\u00e1cil de conduzir. Com a barra baixa de Como qualquer pessoa pode facilmente subir e andar. Uma posi\u00e7\u00e3o mais vertical reduz a press\u00e3o sobre as m\u00e3os e a parte superior do corpo do motociclista, permitindo uma condu\u00e7\u00e3o confort\u00e1vel nas ruas. O motor Full Power 2.0E Turbo e a bateria de 530Wh oferecem uma experi\u00eancia de condu\u00e7\u00e3o inigual\u00e1vel, proporcionando uma amplifica\u00e7\u00e3o suave, suave e surpreendentemente silenciosa do seu esfor\u00e7o, at\u00e9 25 km\/h. O controlador integrado responde ao seu curso do pedal, resultando numa amplifica\u00e7\u00e3o intuitiva do seu esfor\u00e7o com uma sensa\u00e7\u00e3o incrivelmente natural.<br \/>\nMasterMind e Mission Control: O ecr\u00e3 MasterMind d\u00e1-lhe todas as informa\u00e7\u00f5es relevantes sobre a sua condu\u00e7\u00e3o, permite o ajuste em tempo real dos n\u00edveis de suporte e permite atualiza\u00e7\u00f5es over-the-air para fazer a sua moto melhorar ao longo do tempo. MasterMind integra-se perfeitamente com o aplicativo Mission Control para ferramentas de otimiza\u00e7\u00e3o de alcance, ajuste avan\u00e7ado, diagn\u00f3stico de rotas e muito mais.<br \/>\nEfici\u00eancia suave comprovada: Projetamos um mecanismo de teste personalizado para analisar choques, mesmo na menor frequ\u00eancia, para aumentar o conforto e a vis\u00e3o. Esta precis\u00e3o, combinada com um espig\u00e3o de suspens\u00e3o com suspens\u00e3o, jantes de maior volume e uma forquilha de suspens\u00e3o de 80 mm, ir\u00e1 suavizar as estradas diante dos seus olhos.<br \/>\nBloqueio do sistema Turbo: Use o aplicativo Mission Control para desativar o motor da sua moto e ativar o alarme do sensor de movimento. Uma vez bloqueado, o motor n\u00e3o pode ser reativado, exceto pelo propriet\u00e1rio.<br \/>\nBateria integrada no tubo remov\u00edvel e bloque\u00e1vel: f\u00e1cil de carregar e segura.<br \/>\nEquipado com para-lamas DRYTECH, luzes LED dianteiras e traseiras e porta-malas traseiro HD Rack com capacidade para 27 kg. O rack traseiro \u00e9 compat\u00edvel com assentos de bicicleta para crian\u00e7as, e a bicicleta tamb\u00e9m \u00e9 capaz de puxar um reboque de eixo thru. <\/p>\n","protected":false},"featured_media":298590,"comment_status":"closed","ping_status":"closed","template":"","meta":{"_acf_changed":false,"_et_pb_use_builder":"","_et_pb_old_content":"","_et_gb_content_width":"","inline_featured_image":false},"product_brand":[],"product_cat":[2459,391,2483],"product_tag":[],"class_list":{"0":"post-385841","1":"product","2":"type-product","3":"status-publish","4":"has-post-thumbnail","6":"product_cat-bicicletas-pt-pt-2","7":"product_cat-eletricas","8":"product_cat-bicicletas-especializadas","9":"product_shipping_class-bicicletas-pt-pt","11":"first","12":"outofstock","13":"taxable","14":"shipping-taxable","15":"product-type-variable","16":"wvs-archive-product-wrapper"},"acf":[],"yoast_head":"<!-- This site is optimized with the Yoast SEO Premium plugin v26.7 (Yoast SEO v26.7) - https:\/\/yoast.com\/wordpress\/plugins\/seo\/ -->\n<title>Specialized Turbo Como 3.0 NB 2023<\/title>\n<meta name=\"description\" content=\"Specialized Turbo Como 3.0 NB 2023. Bateria de tubo fechado e totalmente integrada. SR Suntour MobieA32, SRAM NX, 11 velocidades,\" \/>\n<meta name=\"robots\" content=\"index, follow, max-snippet:-1, max-image-preview:large, max-video-preview:-1\" \/>\n<link rel=\"canonical\" href=\"https:\/\/gr-100.com\/pt-pt\/producto\/especializado-turbo-como-3-0-nb-2023\/\" \/>\n<meta property=\"og:locale\" content=\"pt_PT\" \/>\n<meta property=\"og:type\" content=\"article\" \/>\n<meta property=\"og:title\" content=\"Specialized Turbo Como 3.0 NB 2023\" \/>\n<meta property=\"og:description\" content=\"Specialized Turbo Como 3.0 NB 2023. Bateria de tubo fechado e totalmente integrada. SR Suntour MobieA32, SRAM NX, 11 velocidades,\" \/>\n<meta property=\"og:url\" content=\"https:\/\/gr-100.com\/pt-pt\/producto\/especializado-turbo-como-3-0-nb-2023\/\" \/>\n<meta property=\"og:site_name\" content=\"Gr-100 Tienda de ciclismo Specialized\" \/>\n<meta property=\"article:publisher\" content=\"https:\/\/www.facebook.com\/Gr100Bikes\" \/>\n<meta property=\"article:modified_time\" content=\"2025-11-27T09:01:19+00:00\" \/>\n<meta property=\"og:image\" content=\"https:\/\/gr-100.com\/wp-content\/uploads\/2024\/05\/specialized-bicicleta-electrica-turbo-como-3.0.jpg\" \/>\n\t<meta property=\"og:image:width\" content=\"1000\" \/>\n\t<meta property=\"og:image:height\" content=\"1000\" \/>\n\t<meta property=\"og:image:type\" content=\"image\/jpeg\" \/>\n<meta name=\"twitter:card\" content=\"summary_large_image\" \/>\n<meta name=\"twitter:label1\" content=\"Tempo estimado de leitura\" \/>\n\t<meta name=\"twitter:data1\" content=\"1 minuto\" \/>\n<script type=\"application\/ld+json\" class=\"yoast-schema-graph\">{\"@context\":\"https:\/\/schema.org\",\"@graph\":[{\"@type\":\"WebPage\",\"@id\":\"https:\/\/gr-100.com\/pt-pt\/producto\/especializado-turbo-como-3-0-nb-2023\/\",\"url\":\"https:\/\/gr-100.com\/pt-pt\/producto\/especializado-turbo-como-3-0-nb-2023\/\",\"name\":\"Specialized Turbo Como 3.0 NB 2023\",\"isPartOf\":{\"@id\":\"https:\/\/gr-100.com\/#website\"},\"primaryImageOfPage\":{\"@id\":\"https:\/\/gr-100.com\/pt-pt\/producto\/especializado-turbo-como-3-0-nb-2023\/#primaryimage\"},\"image\":{\"@id\":\"https:\/\/gr-100.com\/pt-pt\/producto\/especializado-turbo-como-3-0-nb-2023\/#primaryimage\"},\"thumbnailUrl\":\"https:\/\/gr-100.com\/wp-content\/uploads\/2024\/05\/specialized-bicicleta-electrica-turbo-como-3.0.jpg\",\"datePublished\":\"2024-07-01T08:34:59+00:00\",\"dateModified\":\"2025-11-27T09:01:19+00:00\",\"description\":\"Specialized Turbo Como 3.0 NB 2023. Bateria de tubo fechado e totalmente integrada. SR Suntour MobieA32, SRAM NX, 11 velocidades,\",\"breadcrumb\":{\"@id\":\"https:\/\/gr-100.com\/pt-pt\/producto\/especializado-turbo-como-3-0-nb-2023\/#breadcrumb\"},\"inLanguage\":\"pt-PT\",\"potentialAction\":[{\"@type\":\"ReadAction\",\"target\":[\"https:\/\/gr-100.com\/pt-pt\/producto\/especializado-turbo-como-3-0-nb-2023\/\"]}]},{\"@type\":\"ImageObject\",\"inLanguage\":\"pt-PT\",\"@id\":\"https:\/\/gr-100.com\/pt-pt\/producto\/especializado-turbo-como-3-0-nb-2023\/#primaryimage\",\"url\":\"https:\/\/gr-100.com\/wp-content\/uploads\/2024\/05\/specialized-bicicleta-electrica-turbo-como-3.0.jpg\",\"contentUrl\":\"https:\/\/gr-100.com\/wp-content\/uploads\/2024\/05\/specialized-bicicleta-electrica-turbo-como-3.0.jpg\",\"width\":1000,\"height\":1000},{\"@type\":\"BreadcrumbList\",\"@id\":\"https:\/\/gr-100.com\/pt-pt\/producto\/especializado-turbo-como-3-0-nb-2023\/#breadcrumb\",\"itemListElement\":[{\"@type\":\"ListItem\",\"position\":1,\"name\":\"Portada\",\"item\":\"https:\/\/gr-100.com\/en\/\"},{\"@type\":\"ListItem\",\"position\":2,\"name\":\"Productos\",\"item\":\"https:\/\/gr-100.com\/?post_type=product\"},{\"@type\":\"ListItem\",\"position\":3,\"name\":\"Specialized Turbo Como 3.0 NB 2023\"}]},{\"@type\":\"WebSite\",\"@id\":\"https:\/\/gr-100.com\/#website\",\"url\":\"https:\/\/gr-100.com\/\",\"name\":\"Gr-100 Tienda de ciclismo Specialized\",\"description\":\"GR-100 tenemos todas las gamas de bicicletas Specialized al mejor precio.\",\"publisher\":{\"@id\":\"https:\/\/gr-100.com\/#organization\"},\"alternateName\":\"Gr-100 Bikes\",\"potentialAction\":[{\"@type\":\"SearchAction\",\"target\":{\"@type\":\"EntryPoint\",\"urlTemplate\":\"https:\/\/gr-100.com\/?s={search_term_string}\"},\"query-input\":{\"@type\":\"PropertyValueSpecification\",\"valueRequired\":true,\"valueName\":\"search_term_string\"}}],\"inLanguage\":\"pt-PT\"},{\"@type\":\"Organization\",\"@id\":\"https:\/\/gr-100.com\/#organization\",\"name\":\"Gr-100\",\"url\":\"https:\/\/gr-100.com\/\",\"logo\":{\"@type\":\"ImageObject\",\"inLanguage\":\"pt-PT\",\"@id\":\"https:\/\/gr-100.com\/#\/schema\/logo\/image\/\",\"url\":\"https:\/\/gr-100.com\/wp-content\/uploads\/2023\/08\/logo-gr-100-bikes.png\",\"contentUrl\":\"https:\/\/gr-100.com\/wp-content\/uploads\/2023\/08\/logo-gr-100-bikes.png\",\"width\":707,\"height\":284,\"caption\":\"Gr-100\"},\"image\":{\"@id\":\"https:\/\/gr-100.com\/#\/schema\/logo\/image\/\"},\"sameAs\":[\"https:\/\/www.facebook.com\/Gr100Bikes\",\"https:\/\/www.instagram.com\/gr100bikes\/\",\"https:\/\/www.tiktok.com\/@gr100bikes\",\"https:\/\/twitter.com\/gr100mtbteam\",\"https:\/\/www.youtube.com\/c\/GR100Specialized\"]}]}<\/script>\n<!-- \/ Yoast SEO Premium plugin. -->","yoast_head_json":{"title":"Specialized Turbo Como 3.0 NB 2023","description":"Specialized Turbo Como 3.0 NB 2023. Bateria de tubo fechado e totalmente integrada. SR Suntour MobieA32, SRAM NX, 11 velocidades,","robots":{"index":"index","follow":"follow","max-snippet":"max-snippet:-1","max-image-preview":"max-image-preview:large","max-video-preview":"max-video-preview:-1"},"canonical":"https:\/\/gr-100.com\/pt-pt\/producto\/especializado-turbo-como-3-0-nb-2023\/","og_locale":"pt_PT","og_type":"article","og_title":"Specialized Turbo Como 3.0 NB 2023","og_description":"Specialized Turbo Como 3.0 NB 2023. Bateria de tubo fechado e totalmente integrada. SR Suntour MobieA32, SRAM NX, 11 velocidades,","og_url":"https:\/\/gr-100.com\/pt-pt\/producto\/especializado-turbo-como-3-0-nb-2023\/","og_site_name":"Gr-100 Tienda de ciclismo Specialized","article_publisher":"https:\/\/www.facebook.com\/Gr100Bikes","article_modified_time":"2025-11-27T09:01:19+00:00","og_image":[{"width":1000,"height":1000,"url":"https:\/\/gr-100.com\/wp-content\/uploads\/2024\/05\/specialized-bicicleta-electrica-turbo-como-3.0.jpg","type":"image\/jpeg"}],"twitter_card":"summary_large_image","twitter_misc":{"Tempo estimado de leitura":"1 minuto"},"schema":{"@context":"https:\/\/schema.org","@graph":[{"@type":"WebPage","@id":"https:\/\/gr-100.com\/pt-pt\/producto\/especializado-turbo-como-3-0-nb-2023\/","url":"https:\/\/gr-100.com\/pt-pt\/producto\/especializado-turbo-como-3-0-nb-2023\/","name":"Specialized Turbo Como 3.0 NB 2023","isPartOf":{"@id":"https:\/\/gr-100.com\/#website"},"primaryImageOfPage":{"@id":"https:\/\/gr-100.com\/pt-pt\/producto\/especializado-turbo-como-3-0-nb-2023\/#primaryimage"},"image":{"@id":"https:\/\/gr-100.com\/pt-pt\/producto\/especializado-turbo-como-3-0-nb-2023\/#primaryimage"},"thumbnailUrl":"https:\/\/gr-100.com\/wp-content\/uploads\/2024\/05\/specialized-bicicleta-electrica-turbo-como-3.0.jpg","datePublished":"2024-07-01T08:34:59+00:00","dateModified":"2025-11-27T09:01:19+00:00","description":"Specialized Turbo Como 3.0 NB 2023. Bateria de tubo fechado e totalmente integrada. SR Suntour MobieA32, SRAM NX, 11 velocidades,","breadcrumb":{"@id":"https:\/\/gr-100.com\/pt-pt\/producto\/especializado-turbo-como-3-0-nb-2023\/#breadcrumb"},"inLanguage":"pt-PT","potentialAction":[{"@type":"ReadAction","target":["https:\/\/gr-100.com\/pt-pt\/producto\/especializado-turbo-como-3-0-nb-2023\/"]}]},{"@type":"ImageObject","inLanguage":"pt-PT","@id":"https:\/\/gr-100.com\/pt-pt\/producto\/especializado-turbo-como-3-0-nb-2023\/#primaryimage","url":"https:\/\/gr-100.com\/wp-content\/uploads\/2024\/05\/specialized-bicicleta-electrica-turbo-como-3.0.jpg","contentUrl":"https:\/\/gr-100.com\/wp-content\/uploads\/2024\/05\/specialized-bicicleta-electrica-turbo-como-3.0.jpg","width":1000,"height":1000},{"@type":"BreadcrumbList","@id":"https:\/\/gr-100.com\/pt-pt\/producto\/especializado-turbo-como-3-0-nb-2023\/#breadcrumb","itemListElement":[{"@type":"ListItem","position":1,"name":"Portada","item":"https:\/\/gr-100.com\/en\/"},{"@type":"ListItem","position":2,"name":"Productos","item":"https:\/\/gr-100.com\/?post_type=product"},{"@type":"ListItem","position":3,"name":"Specialized Turbo Como 3.0 NB 2023"}]},{"@type":"WebSite","@id":"https:\/\/gr-100.com\/#website","url":"https:\/\/gr-100.com\/","name":"Gr-100 Tienda de ciclismo Specialized","description":"GR-100 tenemos todas las gamas de bicicletas Specialized al mejor precio.","publisher":{"@id":"https:\/\/gr-100.com\/#organization"},"alternateName":"Gr-100 Bikes","potentialAction":[{"@type":"SearchAction","target":{"@type":"EntryPoint","urlTemplate":"https:\/\/gr-100.com\/?s={search_term_string}"},"query-input":{"@type":"PropertyValueSpecification","valueRequired":true,"valueName":"search_term_string"}}],"inLanguage":"pt-PT"},{"@type":"Organization","@id":"https:\/\/gr-100.com\/#organization","name":"Gr-100","url":"https:\/\/gr-100.com\/","logo":{"@type":"ImageObject","inLanguage":"pt-PT","@id":"https:\/\/gr-100.com\/#\/schema\/logo\/image\/","url":"https:\/\/gr-100.com\/wp-content\/uploads\/2023\/08\/logo-gr-100-bikes.png","contentUrl":"https:\/\/gr-100.com\/wp-content\/uploads\/2023\/08\/logo-gr-100-bikes.png","width":707,"height":284,"caption":"Gr-100"},"image":{"@id":"https:\/\/gr-100.com\/#\/schema\/logo\/image\/"},"sameAs":["https:\/\/www.facebook.com\/Gr100Bikes","https:\/\/www.instagram.com\/gr100bikes\/","https:\/\/www.tiktok.com\/@gr100bikes","https:\/\/twitter.com\/gr100mtbteam","https:\/\/www.youtube.com\/c\/GR100Specialized"]}]}},"_links":{"self":[{"href":"https:\/\/gr-100.com\/pt-pt\/wp-json\/wp\/v2\/product\/385841","targetHints":{"allow":["GET"]}}],"collection":[{"href":"https:\/\/gr-100.com\/pt-pt\/wp-json\/wp\/v2\/product"}],"about":[{"href":"https:\/\/gr-100.com\/pt-pt\/wp-json\/wp\/v2\/types\/product"}],"replies":[{"embeddable":true,"href":"https:\/\/gr-100.com\/pt-pt\/wp-json\/wp\/v2\/comments?post=385841"}],"wp:featuredmedia":[{"embeddable":true,"href":"https:\/\/gr-100.com\/pt-pt\/wp-json\/wp\/v2\/media\/298590"}],"wp:attachment":[{"href":"https:\/\/gr-100.com\/pt-pt\/wp-json\/wp\/v2\/media?parent=385841"}],"wp:term":[{"taxonomy":"product_brand","embeddable":true,"href":"https:\/\/gr-100.com\/pt-pt\/wp-json\/wp\/v2\/product_brand?post=385841"},{"taxonomy":"product_cat","embeddable":true,"href":"https:\/\/gr-100.com\/pt-pt\/wp-json\/wp\/v2\/product_cat?post=385841"},{"taxonomy":"product_tag","embeddable":true,"href":"https:\/\/gr-100.com\/pt-pt\/wp-json\/wp\/v2\/product_tag?post=385841"}],"curies":[{"name":"wp","href":"https:\/\/api.w.org\/{rel}","templated":true}]}}