{"id":385879,"date":"2024-07-01T10:33:37","date_gmt":"2024-07-01T10:33:37","guid":{"rendered":"https:\/\/gr-100.com\/producto\/cannondale-moterra-neo-carbono-lt-2-2023\/"},"modified":"2025-11-26T16:33:07","modified_gmt":"2025-11-26T14:33:07","slug":"cannondale-moterra-neo-carbono-lt-2-2023","status":"publish","type":"product","link":"https:\/\/gr-100.com\/pt-pt\/producto\/cannondale-moterra-neo-carbono-lt-2-2023\/","title":{"rendered":"Cannondale Moterra Neo Carbono LT 2 2023"},"content":{"rendered":"<ul>\n<li>Moldura do Tri\u00e2ngulo Frontal Moterra Neo Carbon, bra\u00e7o oscilante de liga SmartForm C1, curso de 165mm, suspens\u00e3o ajustada de resposta proporcional, bateria downtube remov\u00edvel, placa de prote\u00e7\u00e3o de liga, chainline de 55mm, roteamento de cabo interno, eixo de truque de 148x12mm, gancho UDH, freio de p\u00f3s-montagem, tubo de cabe\u00e7a c\u00f4nico de 1,5&#8243; a 1,8&#8243;, suporte de kickstand de dois parafusos de 18mm<\/li>\n<li>Forquilha RockShox Zeb Select, Carregador RC, 170mm, DebonAir, 15x110mm, deslocamento de 44mm<\/li>\n<li>Rolamento selado integrado do fone de ouvido Acros, c\u00f4nico<\/li>\n<li>Amortecedor RockShox Deluxe Select+, Bobina, ajuste do modo 2-Pos, rebote ajust\u00e1vel<\/li>\n<li>SISTEMA EL\u00c9TRICO<\/li>\n<li>Unidade de acionamento Bosch Performance Line CX 250W<\/li>\n<li>Bosch PowerTube 750Wh Bateria<\/li>\n<li>Carregador Bosch 4A<\/li>\n<li>Bosch Kiox 300 w \/ LED tela remota<\/li>\n<li>TRANSMISS\u00c3O<\/li>\n<li>Shimano XT derailleur |<\/li>\n<li>Shifters Shimano SLX, 12 velocidades<\/li>\n<li>Corrente de 12 velocidades Shimano SLX<\/li>\n<li>FSA Bosch E-bike c\/ chainline de 55mm, 160mm, manivela 34T<\/li>\n<li>Shimano SLX, 10-51, 12 velocidades<\/li>\n<li>Freios a disco hidr\u00e1ulicos Magura MT5 de 4 pist\u00f5es, Magura MDR-P 220\/203mm, rotores de 6 parafusos<\/li>\n<li>Magura MT5 Trail HC alavancas hidr\u00e1ulicas de freio a disco<\/li>\n<li>RODAS<\/li>\n<li>Jantes WTB ST i30 TCS, 32h, prontas para tubos<\/li>\n<li>Raios em a\u00e7o inoxid\u00e1vel, 14g<\/li>\n<li>Pneus (F) Maxxis Assegai, 29 x 2.6&#8243;, 3C, EXO+, sem tubo, (R) Maxxis DHR II, 27.5 x 2.6&#8243;, 3C, EXO+, tubeless ready Tamanho do pneu 2.6 Tamanho da roda 29<\/li>\n<li>Cubos (F) F\u00f3rmula 15x110mm eixo thru \/ (R) Shimano MT410, 12x148mm eixo thru<\/li>\n<li>Maxxis Assegai capa frontal, 29 x 2.6&#8243;, 3C, EXO+, tubeless ready<\/li>\n<li>Maxxis DHR II tampa traseira, 27,5 x 2,6&#8243;, 3C, EXO+, pronto para tubeless<\/li>\n<li>COMPONENTES<\/li>\n<li>Cannondale 3 Riser, guiador de liga 6061, eleva\u00e7\u00e3o de 25mm, varredura de 8\u00b0, eleva\u00e7\u00e3o de 5\u00b0, eleva\u00e7\u00e3o de 800mm<\/li>\n<li>Cannondale 2 Haste, 6061 Liga, 35mm, 0\u00b0<\/li>\n<li>Tecido FunGuy Grips<\/li>\n<li>Tecido Scoop Shallow Sport Saddle, trilhos de a\u00e7o<\/li>\n<li>Cannondale DownLow Espig\u00e3o de assento conta-gotas, roteamento interno, 31,6, 125mm (S), 150mm (M), 170mm (L-XL)<\/li>\n<li>CONECTIVIDADE Sensores de roda<\/li>\n<li>Sensor de roda Cannondale<\/li>\n<li>Cabo de luz pr\u00e9-instalado EXTRA<\/li>\n<\/ul>\n","protected":false},"excerpt":{"rendered":"<p>Chegar ao topo foi a parte mais f\u00e1cil, gra\u00e7as \u00e0 nova Bosch Performance Line CX 750; Agora \u00e9 hora da parte divertida, da descida!<br \/>\nCom 170mm \/ 165mm de curso, piggyback shock e uma constru\u00e7\u00e3o resistente, est\u00e1 pronto para dar tanto quanto voc\u00ea.<br \/>\nO seu terreno Seja qual for e onde.<br \/>\nPara que \u00e9 constru\u00eddo, Condu\u00e7\u00e3o, Tra\u00e7\u00e3o, Efici\u00eancia, Durabilidade Quadro em fibra de carbono em destaque, resposta proporcional ajustada, curso de 160 mm \/ novo garfo de curso RockShox Zeb Select de 170 mm Bosch SmartSystem \u2013 bateria de 750Wh e motor CX de desempenho Transmiss\u00e3o de 12 velocidades Shimano XT\/SLX \/ trav\u00f5es Magura MT5 de 4 pist\u00f5es   <\/p>\n","protected":false},"featured_media":298473,"comment_status":"closed","ping_status":"closed","template":"","meta":{"_acf_changed":false,"_et_pb_use_builder":"","_et_pb_old_content":"","_et_gb_content_width":"","inline_featured_image":false},"product_brand":[],"product_cat":[20,378],"product_tag":[],"class_list":{"0":"post-385879","1":"product","2":"type-product","3":"status-publish","4":"has-post-thumbnail","6":"product_cat-bicicletas-de-carretera","7":"product_cat-estrada","9":"first","10":"outofstock","11":"taxable","12":"shipping-taxable","13":"product-type-variable","14":"wvs-archive-product-wrapper"},"acf":[],"yoast_head":"<!-- This site is optimized with the Yoast SEO Premium plugin v26.7 (Yoast SEO v26.7) - https:\/\/yoast.com\/wordpress\/plugins\/seo\/ -->\n<title>Cannondale Moterra Neo Carbono LT 2 2023<\/title>\n<meta name=\"description\" content=\"GR 100 Especializado. Melhores pre\u00e7os sem concorr\u00eancia. Solicite a sua oferta personalizada. Cannondale Moterra Neo Carbono LT 2 2023.\" \/>\n<meta name=\"robots\" content=\"index, follow, max-snippet:-1, max-image-preview:large, max-video-preview:-1\" \/>\n<link rel=\"canonical\" href=\"https:\/\/gr-100.com\/pt-pt\/producto\/cannondale-moterra-neo-carbono-lt-2-2023\/\" \/>\n<meta property=\"og:locale\" content=\"pt_PT\" \/>\n<meta property=\"og:type\" content=\"article\" \/>\n<meta property=\"og:title\" content=\"Cannondale Moterra Neo Carbono LT 2 2023\" \/>\n<meta property=\"og:description\" content=\"GR 100 Especializado. Melhores pre\u00e7os sem concorr\u00eancia. Solicite a sua oferta personalizada. Cannondale Moterra Neo Carbono LT 2 2023.\" \/>\n<meta property=\"og:url\" content=\"https:\/\/gr-100.com\/pt-pt\/producto\/cannondale-moterra-neo-carbono-lt-2-2023\/\" \/>\n<meta property=\"og:site_name\" content=\"Gr-100 Tienda de ciclismo Specialized\" \/>\n<meta property=\"article:publisher\" content=\"https:\/\/www.facebook.com\/Gr100Bikes\" \/>\n<meta property=\"article:modified_time\" content=\"2025-11-26T14:33:07+00:00\" \/>\n<meta property=\"og:image\" content=\"https:\/\/gr-100.com\/wp-content\/uploads\/2024\/05\/C22_C25552U_Moterra_Neo_Crb.jpg\" \/>\n\t<meta property=\"og:image:width\" content=\"1000\" \/>\n\t<meta property=\"og:image:height\" content=\"1000\" \/>\n\t<meta property=\"og:image:type\" content=\"image\/jpeg\" \/>\n<meta name=\"twitter:card\" content=\"summary_large_image\" \/>\n<meta name=\"twitter:label1\" content=\"Tempo estimado de leitura\" \/>\n\t<meta name=\"twitter:data1\" content=\"2 minutos\" \/>\n<script type=\"application\/ld+json\" class=\"yoast-schema-graph\">{\"@context\":\"https:\/\/schema.org\",\"@graph\":[{\"@type\":\"WebPage\",\"@id\":\"https:\/\/gr-100.com\/pt-pt\/producto\/cannondale-moterra-neo-carbono-lt-2-2023\/\",\"url\":\"https:\/\/gr-100.com\/pt-pt\/producto\/cannondale-moterra-neo-carbono-lt-2-2023\/\",\"name\":\"Cannondale Moterra Neo Carbono LT 2 2023\",\"isPartOf\":{\"@id\":\"https:\/\/gr-100.com\/#website\"},\"primaryImageOfPage\":{\"@id\":\"https:\/\/gr-100.com\/pt-pt\/producto\/cannondale-moterra-neo-carbono-lt-2-2023\/#primaryimage\"},\"image\":{\"@id\":\"https:\/\/gr-100.com\/pt-pt\/producto\/cannondale-moterra-neo-carbono-lt-2-2023\/#primaryimage\"},\"thumbnailUrl\":\"https:\/\/gr-100.com\/wp-content\/uploads\/2024\/05\/C22_C25552U_Moterra_Neo_Crb.jpg\",\"datePublished\":\"2024-07-01T10:33:37+00:00\",\"dateModified\":\"2025-11-26T14:33:07+00:00\",\"description\":\"GR 100 Especializado. Melhores pre\u00e7os sem concorr\u00eancia. Solicite a sua oferta personalizada. Cannondale Moterra Neo Carbono LT 2 2023.\",\"breadcrumb\":{\"@id\":\"https:\/\/gr-100.com\/pt-pt\/producto\/cannondale-moterra-neo-carbono-lt-2-2023\/#breadcrumb\"},\"inLanguage\":\"pt-PT\",\"potentialAction\":[{\"@type\":\"ReadAction\",\"target\":[\"https:\/\/gr-100.com\/pt-pt\/producto\/cannondale-moterra-neo-carbono-lt-2-2023\/\"]}]},{\"@type\":\"ImageObject\",\"inLanguage\":\"pt-PT\",\"@id\":\"https:\/\/gr-100.com\/pt-pt\/producto\/cannondale-moterra-neo-carbono-lt-2-2023\/#primaryimage\",\"url\":\"https:\/\/gr-100.com\/wp-content\/uploads\/2024\/05\/C22_C25552U_Moterra_Neo_Crb.jpg\",\"contentUrl\":\"https:\/\/gr-100.com\/wp-content\/uploads\/2024\/05\/C22_C25552U_Moterra_Neo_Crb.jpg\",\"width\":1000,\"height\":1000},{\"@type\":\"BreadcrumbList\",\"@id\":\"https:\/\/gr-100.com\/pt-pt\/producto\/cannondale-moterra-neo-carbono-lt-2-2023\/#breadcrumb\",\"itemListElement\":[{\"@type\":\"ListItem\",\"position\":1,\"name\":\"Portada\",\"item\":\"https:\/\/gr-100.com\/en\/\"},{\"@type\":\"ListItem\",\"position\":2,\"name\":\"Productos\",\"item\":\"https:\/\/gr-100.com\/?post_type=product\"},{\"@type\":\"ListItem\",\"position\":3,\"name\":\"Cannondale Moterra Neo Carbono LT 2 2023\"}]},{\"@type\":\"WebSite\",\"@id\":\"https:\/\/gr-100.com\/#website\",\"url\":\"https:\/\/gr-100.com\/\",\"name\":\"Gr-100 Tienda de ciclismo Specialized\",\"description\":\"GR-100 tenemos todas las gamas de bicicletas Specialized al mejor precio.\",\"publisher\":{\"@id\":\"https:\/\/gr-100.com\/#organization\"},\"alternateName\":\"Gr-100 Bikes\",\"potentialAction\":[{\"@type\":\"SearchAction\",\"target\":{\"@type\":\"EntryPoint\",\"urlTemplate\":\"https:\/\/gr-100.com\/?s={search_term_string}\"},\"query-input\":{\"@type\":\"PropertyValueSpecification\",\"valueRequired\":true,\"valueName\":\"search_term_string\"}}],\"inLanguage\":\"pt-PT\"},{\"@type\":\"Organization\",\"@id\":\"https:\/\/gr-100.com\/#organization\",\"name\":\"Gr-100\",\"url\":\"https:\/\/gr-100.com\/\",\"logo\":{\"@type\":\"ImageObject\",\"inLanguage\":\"pt-PT\",\"@id\":\"https:\/\/gr-100.com\/#\/schema\/logo\/image\/\",\"url\":\"https:\/\/gr-100.com\/wp-content\/uploads\/2023\/08\/logo-gr-100-bikes.png\",\"contentUrl\":\"https:\/\/gr-100.com\/wp-content\/uploads\/2023\/08\/logo-gr-100-bikes.png\",\"width\":707,\"height\":284,\"caption\":\"Gr-100\"},\"image\":{\"@id\":\"https:\/\/gr-100.com\/#\/schema\/logo\/image\/\"},\"sameAs\":[\"https:\/\/www.facebook.com\/Gr100Bikes\",\"https:\/\/www.instagram.com\/gr100bikes\/\",\"https:\/\/www.tiktok.com\/@gr100bikes\",\"https:\/\/twitter.com\/gr100mtbteam\",\"https:\/\/www.youtube.com\/c\/GR100Specialized\"]}]}<\/script>\n<!-- \/ Yoast SEO Premium plugin. -->","yoast_head_json":{"title":"Cannondale Moterra Neo Carbono LT 2 2023","description":"GR 100 Especializado. Melhores pre\u00e7os sem concorr\u00eancia. Solicite a sua oferta personalizada. Cannondale Moterra Neo Carbono LT 2 2023.","robots":{"index":"index","follow":"follow","max-snippet":"max-snippet:-1","max-image-preview":"max-image-preview:large","max-video-preview":"max-video-preview:-1"},"canonical":"https:\/\/gr-100.com\/pt-pt\/producto\/cannondale-moterra-neo-carbono-lt-2-2023\/","og_locale":"pt_PT","og_type":"article","og_title":"Cannondale Moterra Neo Carbono LT 2 2023","og_description":"GR 100 Especializado. Melhores pre\u00e7os sem concorr\u00eancia. Solicite a sua oferta personalizada. Cannondale Moterra Neo Carbono LT 2 2023.","og_url":"https:\/\/gr-100.com\/pt-pt\/producto\/cannondale-moterra-neo-carbono-lt-2-2023\/","og_site_name":"Gr-100 Tienda de ciclismo Specialized","article_publisher":"https:\/\/www.facebook.com\/Gr100Bikes","article_modified_time":"2025-11-26T14:33:07+00:00","og_image":[{"width":1000,"height":1000,"url":"https:\/\/gr-100.com\/wp-content\/uploads\/2024\/05\/C22_C25552U_Moterra_Neo_Crb.jpg","type":"image\/jpeg"}],"twitter_card":"summary_large_image","twitter_misc":{"Tempo estimado de leitura":"2 minutos"},"schema":{"@context":"https:\/\/schema.org","@graph":[{"@type":"WebPage","@id":"https:\/\/gr-100.com\/pt-pt\/producto\/cannondale-moterra-neo-carbono-lt-2-2023\/","url":"https:\/\/gr-100.com\/pt-pt\/producto\/cannondale-moterra-neo-carbono-lt-2-2023\/","name":"Cannondale Moterra Neo Carbono LT 2 2023","isPartOf":{"@id":"https:\/\/gr-100.com\/#website"},"primaryImageOfPage":{"@id":"https:\/\/gr-100.com\/pt-pt\/producto\/cannondale-moterra-neo-carbono-lt-2-2023\/#primaryimage"},"image":{"@id":"https:\/\/gr-100.com\/pt-pt\/producto\/cannondale-moterra-neo-carbono-lt-2-2023\/#primaryimage"},"thumbnailUrl":"https:\/\/gr-100.com\/wp-content\/uploads\/2024\/05\/C22_C25552U_Moterra_Neo_Crb.jpg","datePublished":"2024-07-01T10:33:37+00:00","dateModified":"2025-11-26T14:33:07+00:00","description":"GR 100 Especializado. Melhores pre\u00e7os sem concorr\u00eancia. Solicite a sua oferta personalizada. Cannondale Moterra Neo Carbono LT 2 2023.","breadcrumb":{"@id":"https:\/\/gr-100.com\/pt-pt\/producto\/cannondale-moterra-neo-carbono-lt-2-2023\/#breadcrumb"},"inLanguage":"pt-PT","potentialAction":[{"@type":"ReadAction","target":["https:\/\/gr-100.com\/pt-pt\/producto\/cannondale-moterra-neo-carbono-lt-2-2023\/"]}]},{"@type":"ImageObject","inLanguage":"pt-PT","@id":"https:\/\/gr-100.com\/pt-pt\/producto\/cannondale-moterra-neo-carbono-lt-2-2023\/#primaryimage","url":"https:\/\/gr-100.com\/wp-content\/uploads\/2024\/05\/C22_C25552U_Moterra_Neo_Crb.jpg","contentUrl":"https:\/\/gr-100.com\/wp-content\/uploads\/2024\/05\/C22_C25552U_Moterra_Neo_Crb.jpg","width":1000,"height":1000},{"@type":"BreadcrumbList","@id":"https:\/\/gr-100.com\/pt-pt\/producto\/cannondale-moterra-neo-carbono-lt-2-2023\/#breadcrumb","itemListElement":[{"@type":"ListItem","position":1,"name":"Portada","item":"https:\/\/gr-100.com\/en\/"},{"@type":"ListItem","position":2,"name":"Productos","item":"https:\/\/gr-100.com\/?post_type=product"},{"@type":"ListItem","position":3,"name":"Cannondale Moterra Neo Carbono LT 2 2023"}]},{"@type":"WebSite","@id":"https:\/\/gr-100.com\/#website","url":"https:\/\/gr-100.com\/","name":"Gr-100 Tienda de ciclismo Specialized","description":"GR-100 tenemos todas las gamas de bicicletas Specialized al mejor precio.","publisher":{"@id":"https:\/\/gr-100.com\/#organization"},"alternateName":"Gr-100 Bikes","potentialAction":[{"@type":"SearchAction","target":{"@type":"EntryPoint","urlTemplate":"https:\/\/gr-100.com\/?s={search_term_string}"},"query-input":{"@type":"PropertyValueSpecification","valueRequired":true,"valueName":"search_term_string"}}],"inLanguage":"pt-PT"},{"@type":"Organization","@id":"https:\/\/gr-100.com\/#organization","name":"Gr-100","url":"https:\/\/gr-100.com\/","logo":{"@type":"ImageObject","inLanguage":"pt-PT","@id":"https:\/\/gr-100.com\/#\/schema\/logo\/image\/","url":"https:\/\/gr-100.com\/wp-content\/uploads\/2023\/08\/logo-gr-100-bikes.png","contentUrl":"https:\/\/gr-100.com\/wp-content\/uploads\/2023\/08\/logo-gr-100-bikes.png","width":707,"height":284,"caption":"Gr-100"},"image":{"@id":"https:\/\/gr-100.com\/#\/schema\/logo\/image\/"},"sameAs":["https:\/\/www.facebook.com\/Gr100Bikes","https:\/\/www.instagram.com\/gr100bikes\/","https:\/\/www.tiktok.com\/@gr100bikes","https:\/\/twitter.com\/gr100mtbteam","https:\/\/www.youtube.com\/c\/GR100Specialized"]}]}},"_links":{"self":[{"href":"https:\/\/gr-100.com\/pt-pt\/wp-json\/wp\/v2\/product\/385879","targetHints":{"allow":["GET"]}}],"collection":[{"href":"https:\/\/gr-100.com\/pt-pt\/wp-json\/wp\/v2\/product"}],"about":[{"href":"https:\/\/gr-100.com\/pt-pt\/wp-json\/wp\/v2\/types\/product"}],"replies":[{"embeddable":true,"href":"https:\/\/gr-100.com\/pt-pt\/wp-json\/wp\/v2\/comments?post=385879"}],"wp:featuredmedia":[{"embeddable":true,"href":"https:\/\/gr-100.com\/pt-pt\/wp-json\/wp\/v2\/media\/298473"}],"wp:attachment":[{"href":"https:\/\/gr-100.com\/pt-pt\/wp-json\/wp\/v2\/media?parent=385879"}],"wp:term":[{"taxonomy":"product_brand","embeddable":true,"href":"https:\/\/gr-100.com\/pt-pt\/wp-json\/wp\/v2\/product_brand?post=385879"},{"taxonomy":"product_cat","embeddable":true,"href":"https:\/\/gr-100.com\/pt-pt\/wp-json\/wp\/v2\/product_cat?post=385879"},{"taxonomy":"product_tag","embeddable":true,"href":"https:\/\/gr-100.com\/pt-pt\/wp-json\/wp\/v2\/product_tag?post=385879"}],"curies":[{"name":"wp","href":"https:\/\/api.w.org\/{rel}","templated":true}]}}