{"id":385910,"date":"2024-07-01T10:22:07","date_gmt":"2024-07-01T08:22:07","guid":{"rendered":"https:\/\/gr-100.com\/producto\/especializado-turbo-levo-carbono-2023\/"},"modified":"2025-11-27T11:01:19","modified_gmt":"2025-11-27T09:01:19","slug":"especializado-turbo-levo-carbono-2023","status":"publish","type":"product","link":"https:\/\/gr-100.com\/pt-pt\/producto\/especializado-turbo-levo-carbono-2023\/","title":{"rendered":"Specialized Turbo Levo Carbono 2023"},"content":{"rendered":"<p>https:\/\/youtu.be\/P2WGFkRqpM4 CARACTER\u00cdSTICAS  <\/p>\n<ul>\n<li>O motor Turbo Full Power 2.2 totalmente integrado da Levo, a bateria de 700 Wh e a unidade Turbo Connect fornecem 90 Nm de bin\u00e1rio e 565 watts de pot\u00eancia l\u00edderes na sua classe para at\u00e9 cinco horas de viagem, permitindo-lhe viajar mais longe e mais r\u00e1pido do que nunca.<\/li>\n<li>A unidade Turbo Connect (ou &#8220;TCU&#8221;) da Levo \u00e9 mais do que apenas um bot\u00e3o &#8220;on-off&#8221; \u2013 \u00e9 o c\u00e9rebro da moto.<br \/>\nO TCU exibe o n\u00edvel da bateria e o modo de assist\u00eancia el\u00e9trica.<br \/>\nTamb\u00e9m comunica, via ANT+\/Bluetooth\u00ae, com o nosso guiador opcional para apresentar ainda mais informa\u00e7\u00f5es sobre o seu dia de viagem.  <\/li>\n<li>Um design exclusivo de dimens\u00f5es mistas com uma roda de 27,5&#8243; na traseira e 29&#8243; na dianteira oferece uma condu\u00e7\u00e3o \u00e1gil que circula em torno de outros e-MTB de alta pot\u00eancia.<br \/>\nUm cockpit generoso centra-o na moto, otimizando a tra\u00e7\u00e3o e o controlo nas curvas.<br \/>\nO suporte inferior baixo, o \u00e2ngulo de folga do tubo principal e o deslocamento reduzido da forquilha mant\u00eam as coisas est\u00e1veis em terrenos mais acidentados.  <\/li>\n<li>O Levo oferece duas configura\u00e7\u00f5es de geometria distintas, permitindo-lhe marcar facilmente o seu desempenho para qualquer estilo de condu\u00e7\u00e3o e qualquer terreno.<br \/>\nA altura do suporte inferior pode ser ajustada para cima ou para baixo em 7 mm. <\/li>\n<li>O curso traseiro de 150 mm da Levo \u00e9 flex\u00edvel em pequenos solavancos, devora solavancos de arestas quadradas sem carrapato, come enormes G-outs no caf\u00e9 da manh\u00e3 e ainda oferece uma resposta incr\u00edvel e entrega sua energia ao solo com total efici\u00eancia.<\/li>\n<li>O tamanho S do Levo baseia-se no que importa: o tamanho e o estilo do piloto, n\u00e3o a costura.<br \/>\nSeis tamanhos, todos com tubos de cabe\u00e7a e comprimentos de suporte semelhantes, permitem-lhe escolher o tamanho que melhor se adapta ao seu estilo individual.<br \/>\nOs n\u00fameros menores do tamanho S ser\u00e3o \u00e1geis e mais m\u00f3veis, enquanto os tamanhos S maiores proporcionar\u00e3o mais estabilidade e um passeio mais espa\u00e7oso.  <\/li>\n<li>\n \t<\/li>\n<li>ESPECIFICA\u00c7\u00d5ES<\/li>\n<li>Especifica\u00e7\u00f5es sujeitas a altera\u00e7\u00f5es sem aviso pr\u00e9vio.<\/li>\n<li>FACTO Quadro completo em carbono de 11m, roda dianteira de 29&#8243;, roda traseira de 27,5&#8243;, completa<\/li>\n<li>Roteamento de cabos interno, espa\u00e7amento de 148 mm, cartucho totalmente selado<\/li>\n<li>Rolamentos, curso de 150 mm, tubo de cabe\u00e7a geoajust\u00e1vel, Horst geoajust\u00e1vel<\/li>\n<li>piv\u00f4<\/li>\n<li>RockShox Deluxe Select R amortecedor traseiro, ajuste de ricochete, S1: 52,5&#215;210 mm,<\/li>\n<li>S2-S6: 55x210mm<\/li>\n<li>Forquilha RockShox 35 Silver 29, Choque chave na m\u00e3o, S1: curso de 150mm, S2-S6:<\/li>\n<li>160 mm de curso<\/li>\n<li>Haste Alloy Trail, 35mm de di\u00e2metro do guiador<\/li>\n<li>Guiador especializado, liga 6061, 6 graus upshift, 8 graus<\/li>\n<li>Varredura para tr\u00e1s, altura 30mm, largura 780mm<\/li>\n<li>Freio dianteiro guia SRAM RE, S1-S3: 200 mm, S4-S6: 220 mm<\/li>\n<li>Guia de freio traseiro SRAM RE, 200mm<\/li>\n<li>SRAM SX Eagle derailleur traseiro de 12 velocidades<\/li>\n<li>SRAM SL SX Eagle de 12 velocidades<\/li>\n<li>SRAM NX Eagle PG-1230 Cassette, 12 velocidades, 11-50t<\/li>\n<li>SRAM NX Eagle corrente de 12 velocidades<\/li>\n<li>Virabrequim forjado Pr\u00e1xis M30, deslocamento personalizado, 160 mm<\/li>\n<li>SRAM X-Sync Eagle Chainrings, 104 BCD, 34T, a\u00e7o<\/li>\n<li>Specialized 29 jantes, liga sem gancho, largura interior de 30mm, pronto para tubeless<\/li>\n<li>Disco de cubo dianteiro de liga especial, rolamentos de cartucho selados, 6 parafusos,<\/li>\n<li>15&#215;110 mm, eixo thru de 32 raios<\/li>\n<li>cubo traseiro em liga, rolamentos de cartucho selados, eixo thru de 12x148mm, 32 raios<\/li>\n<li>R\u00e1dios DT Ind\u00fastria Su\u00ed\u00e7a<\/li>\n<li>Talho de pneu dianteiro, carca\u00e7a GRID TRAIL, composto GRIPTON\u00ae T9, 2Bliss<\/li>\n<li>Pronto, 29&#215;2.6&#8243;<\/li>\n<li>Eliminador de pneus traseiro, carca\u00e7a GRID TRAIL, composto GRIPTON\u00ae T7, 2Bliss<\/li>\n<li>Pronto, 27,5&#215;2,6&#8243;<\/li>\n<li>C\u00e2maras de ar padr\u00e3o, v\u00e1lvula Presta<\/li>\n<li>Selim de ponte de geometria do corpo, trilhos de a\u00e7o<\/li>\n<li>Poste conta-gotas TranzX, 34,9 mm, S1: 100 mm, S2: 125 mm, S3: 150 mm.<\/li>\n<li>S4-S5: 170mm, S6-200mm<\/li>\n<li>Liga da junta do assento, 38,6 mm<\/li>\n<li>Motor 2.2 especializado, motor personalizado Rx Trail Tuned<\/li>\n<li>TCU remoto especializado \/ interface de usu\u00e1rio, 10 LED status de carregamento, 3 LED modo de condu\u00e7\u00e3o<\/li>\n<li>ecr\u00e3, ANT+\/Bluetooth\u00ae, com controlo remoto no guiador<\/li>\n<li>Bateria especializada M3-700A, bateria integrada, 700Wh<\/li>\n<li>Carregador personalizado, 42V4A com ficha Rosenberger, 100-240V<\/li>\n<li>Cablagem personalizada Cablagem especializada<\/li>\n<\/ul>\n","protected":false},"excerpt":{"rendered":"<p>O Levo oferece o incr\u00edvel poder de percorrer mais trilhas atrav\u00e9s de uma combina\u00e7\u00e3o incompar\u00e1vel de qualidade de condu\u00e7\u00e3o, pot\u00eancia utiliz\u00e1vel e autonomia em qualquer lugar.<br \/>\n\u00c9 a destila\u00e7\u00e3o, aplica\u00e7\u00e3o e amplifica\u00e7\u00e3o de uma obsess\u00e3o de 40 anos em criar o melhor quadro de mountain bike do mundo.<br \/>\nDesde a sua introdu\u00e7\u00e3o, o Levo estabeleceu a fasquia para todos os outros e-MTB e o novo Levo eleva essa fasquia novamente.  <\/p>\n","protected":false},"featured_media":278240,"comment_status":"closed","ping_status":"closed","template":"","meta":{"_acf_changed":false,"_et_pb_use_builder":"off","_et_pb_old_content":"[et_pb_section fb_built=\"1\" _builder_version=\"4.16\" custom_padding=\"0px||||false|false\" global_colors_info=\"{}\" collapsed=\"off\"][et_pb_row _builder_version=\"4.16\" background_size=\"initial\" background_position=\"top_left\" background_repeat=\"repeat\" width=\"100%\" custom_padding=\"0px||0px||false|false\" global_colors_info=\"{}\"][et_pb_column type=\"4_4\" _builder_version=\"4.16\" custom_padding=\"|||\" global_colors_info=\"{}\" custom_padding__hover=\"|||\"][et_pb_wc_breadcrumb _builder_version=\"4.16\" global_colors_info=\"{}\"][\/et_pb_wc_breadcrumb][et_pb_wc_cart_notice _builder_version=\"4.16\" global_colors_info=\"{}\"][\/et_pb_wc_cart_notice][\/et_pb_column][\/et_pb_row][et_pb_row column_structure=\"1_2,1_2\" _builder_version=\"4.16\" background_size=\"initial\" background_position=\"top_left\" background_repeat=\"repeat\" width=\"100%\" custom_padding=\"0px||||false|false\" global_colors_info=\"{}\"][et_pb_column type=\"1_2\" _builder_version=\"4.16\" custom_padding=\"|||\" global_colors_info=\"{}\" custom_padding__hover=\"|||\"][et_pb_wc_images _builder_version=\"4.16\" global_colors_info=\"{}\"][\/et_pb_wc_images][\/et_pb_column][et_pb_column type=\"1_2\" _builder_version=\"4.16\" custom_padding=\"|||\" global_colors_info=\"{}\" custom_padding__hover=\"|||\"][et_pb_wc_title _builder_version=\"4.16\" global_colors_info=\"{}\"][\/et_pb_wc_title][et_pb_wc_rating _builder_version=\"4.16\" global_colors_info=\"{}\"][\/et_pb_wc_rating][et_pb_wc_price _builder_version=\"4.16\" global_colors_info=\"{}\"][\/et_pb_wc_price][et_pb_wc_description _builder_version=\"4.16\" global_colors_info=\"{}\"][\/et_pb_wc_description][et_pb_wc_add_to_cart _builder_version=\"4.16\" global_colors_info=\"{}\"][\/et_pb_wc_add_to_cart][et_pb_wc_meta _builder_version=\"4.16\" global_colors_info=\"{}\"][\/et_pb_wc_meta][\/et_pb_column][\/et_pb_row][et_pb_row _builder_version=\"4.16\" background_size=\"initial\" background_position=\"top_left\" background_repeat=\"repeat\" width=\"100%\" global_colors_info=\"{}\"][et_pb_column type=\"4_4\" _builder_version=\"4.16\" custom_padding=\"|||\" global_colors_info=\"{}\" custom_padding__hover=\"|||\"][et_pb_wc_tabs _builder_version=\"4.16\" global_colors_info=\"{}\"] [\/et_pb_wc_tabs][et_pb_wc_upsells _builder_version=\"4.16\" global_colors_info=\"{}\"][\/et_pb_wc_upsells][et_pb_wc_related_products _builder_version=\"4.16\" global_colors_info=\"{}\"][\/et_pb_wc_related_products][\/et_pb_column][\/et_pb_row][\/et_pb_section]","_et_gb_content_width":"","inline_featured_image":false},"product_brand":[],"product_cat":[2459,391,2483,2460],"product_tag":[],"class_list":{"0":"post-385910","1":"product","2":"type-product","3":"status-publish","4":"has-post-thumbnail","6":"product_cat-bicicletas-pt-pt-2","7":"product_cat-eletricas","8":"product_cat-bicicletas-especializadas","9":"product_cat-ofertas-pt-pt","10":"product_shipping_class-bicicletas-pt-pt","12":"first","13":"outofstock","14":"taxable","15":"shipping-taxable","16":"product-type-variable","17":"wvs-archive-product-wrapper"},"acf":[],"yoast_head":"<!-- This site is optimized with the Yoast SEO Premium plugin v26.7 (Yoast SEO v26.7) - https:\/\/yoast.com\/wordpress\/plugins\/seo\/ -->\n<title>Specialized Turbo Levo Carbono 2023<\/title>\n<meta name=\"description\" content=\"GR 100 Especializado. Melhores pre\u00e7os sem concorr\u00eancia. Solicite a sua oferta personalizada. Especializado Turbo Levo Carbono 2023.\" \/>\n<meta name=\"robots\" content=\"index, follow, max-snippet:-1, max-image-preview:large, max-video-preview:-1\" \/>\n<link rel=\"canonical\" href=\"https:\/\/gr-100.com\/pt-pt\/producto\/especializado-turbo-levo-carbono-2023\/\" \/>\n<meta property=\"og:locale\" content=\"pt_PT\" \/>\n<meta property=\"og:type\" content=\"article\" \/>\n<meta property=\"og:title\" content=\"Specialized Turbo Levo Carbono 2023\" \/>\n<meta property=\"og:description\" content=\"GR 100 Especializado. Melhores pre\u00e7os sem concorr\u00eancia. Solicite a sua oferta personalizada. Especializado Turbo Levo Carbono 2023.\" \/>\n<meta property=\"og:url\" content=\"https:\/\/gr-100.com\/pt-pt\/producto\/especializado-turbo-levo-carbono-2023\/\" \/>\n<meta property=\"og:site_name\" content=\"Gr-100 Tienda de ciclismo Specialized\" \/>\n<meta property=\"article:publisher\" content=\"https:\/\/www.facebook.com\/Gr100Bikes\" \/>\n<meta property=\"article:modified_time\" content=\"2025-11-27T09:01:19+00:00\" \/>\n<meta property=\"og:image\" content=\"https:\/\/gr-100.com\/wp-content\/uploads\/2024\/05\/levo_carbon_23.jpg\" \/>\n\t<meta property=\"og:image:width\" content=\"1000\" \/>\n\t<meta property=\"og:image:height\" content=\"1000\" \/>\n\t<meta property=\"og:image:type\" content=\"image\/jpeg\" \/>\n<meta name=\"twitter:card\" content=\"summary_large_image\" \/>\n<meta name=\"twitter:label1\" content=\"Tempo estimado de leitura\" \/>\n\t<meta name=\"twitter:data1\" content=\"3 minutos\" \/>\n<script type=\"application\/ld+json\" class=\"yoast-schema-graph\">{\"@context\":\"https:\/\/schema.org\",\"@graph\":[{\"@type\":\"WebPage\",\"@id\":\"https:\/\/gr-100.com\/pt-pt\/producto\/especializado-turbo-levo-carbono-2023\/\",\"url\":\"https:\/\/gr-100.com\/pt-pt\/producto\/especializado-turbo-levo-carbono-2023\/\",\"name\":\"Specialized Turbo Levo Carbono 2023\",\"isPartOf\":{\"@id\":\"https:\/\/gr-100.com\/#website\"},\"primaryImageOfPage\":{\"@id\":\"https:\/\/gr-100.com\/pt-pt\/producto\/especializado-turbo-levo-carbono-2023\/#primaryimage\"},\"image\":{\"@id\":\"https:\/\/gr-100.com\/pt-pt\/producto\/especializado-turbo-levo-carbono-2023\/#primaryimage\"},\"thumbnailUrl\":\"https:\/\/gr-100.com\/wp-content\/uploads\/2024\/05\/levo_carbon_23.jpg\",\"datePublished\":\"2024-07-01T08:22:07+00:00\",\"dateModified\":\"2025-11-27T09:01:19+00:00\",\"description\":\"GR 100 Especializado. Melhores pre\u00e7os sem concorr\u00eancia. Solicite a sua oferta personalizada. Especializado Turbo Levo Carbono 2023.\",\"breadcrumb\":{\"@id\":\"https:\/\/gr-100.com\/pt-pt\/producto\/especializado-turbo-levo-carbono-2023\/#breadcrumb\"},\"inLanguage\":\"pt-PT\",\"potentialAction\":[{\"@type\":\"ReadAction\",\"target\":[\"https:\/\/gr-100.com\/pt-pt\/producto\/especializado-turbo-levo-carbono-2023\/\"]}]},{\"@type\":\"ImageObject\",\"inLanguage\":\"pt-PT\",\"@id\":\"https:\/\/gr-100.com\/pt-pt\/producto\/especializado-turbo-levo-carbono-2023\/#primaryimage\",\"url\":\"https:\/\/gr-100.com\/wp-content\/uploads\/2024\/05\/levo_carbon_23.jpg\",\"contentUrl\":\"https:\/\/gr-100.com\/wp-content\/uploads\/2024\/05\/levo_carbon_23.jpg\",\"width\":1000,\"height\":1000},{\"@type\":\"BreadcrumbList\",\"@id\":\"https:\/\/gr-100.com\/pt-pt\/producto\/especializado-turbo-levo-carbono-2023\/#breadcrumb\",\"itemListElement\":[{\"@type\":\"ListItem\",\"position\":1,\"name\":\"Portada\",\"item\":\"https:\/\/gr-100.com\/en\/\"},{\"@type\":\"ListItem\",\"position\":2,\"name\":\"Productos\",\"item\":\"https:\/\/gr-100.com\/?post_type=product\"},{\"@type\":\"ListItem\",\"position\":3,\"name\":\"Specialized Turbo Levo Carbono 2023\"}]},{\"@type\":\"WebSite\",\"@id\":\"https:\/\/gr-100.com\/#website\",\"url\":\"https:\/\/gr-100.com\/\",\"name\":\"Gr-100 Tienda de ciclismo Specialized\",\"description\":\"GR-100 tenemos todas las gamas de bicicletas Specialized al mejor precio.\",\"publisher\":{\"@id\":\"https:\/\/gr-100.com\/#organization\"},\"alternateName\":\"Gr-100 Bikes\",\"potentialAction\":[{\"@type\":\"SearchAction\",\"target\":{\"@type\":\"EntryPoint\",\"urlTemplate\":\"https:\/\/gr-100.com\/?s={search_term_string}\"},\"query-input\":{\"@type\":\"PropertyValueSpecification\",\"valueRequired\":true,\"valueName\":\"search_term_string\"}}],\"inLanguage\":\"pt-PT\"},{\"@type\":\"Organization\",\"@id\":\"https:\/\/gr-100.com\/#organization\",\"name\":\"Gr-100\",\"url\":\"https:\/\/gr-100.com\/\",\"logo\":{\"@type\":\"ImageObject\",\"inLanguage\":\"pt-PT\",\"@id\":\"https:\/\/gr-100.com\/#\/schema\/logo\/image\/\",\"url\":\"https:\/\/gr-100.com\/wp-content\/uploads\/2023\/08\/logo-gr-100-bikes.png\",\"contentUrl\":\"https:\/\/gr-100.com\/wp-content\/uploads\/2023\/08\/logo-gr-100-bikes.png\",\"width\":707,\"height\":284,\"caption\":\"Gr-100\"},\"image\":{\"@id\":\"https:\/\/gr-100.com\/#\/schema\/logo\/image\/\"},\"sameAs\":[\"https:\/\/www.facebook.com\/Gr100Bikes\",\"https:\/\/www.instagram.com\/gr100bikes\/\",\"https:\/\/www.tiktok.com\/@gr100bikes\",\"https:\/\/twitter.com\/gr100mtbteam\",\"https:\/\/www.youtube.com\/c\/GR100Specialized\"]}]}<\/script>\n<!-- \/ Yoast SEO Premium plugin. -->","yoast_head_json":{"title":"Specialized Turbo Levo Carbono 2023","description":"GR 100 Especializado. Melhores pre\u00e7os sem concorr\u00eancia. Solicite a sua oferta personalizada. Especializado Turbo Levo Carbono 2023.","robots":{"index":"index","follow":"follow","max-snippet":"max-snippet:-1","max-image-preview":"max-image-preview:large","max-video-preview":"max-video-preview:-1"},"canonical":"https:\/\/gr-100.com\/pt-pt\/producto\/especializado-turbo-levo-carbono-2023\/","og_locale":"pt_PT","og_type":"article","og_title":"Specialized Turbo Levo Carbono 2023","og_description":"GR 100 Especializado. Melhores pre\u00e7os sem concorr\u00eancia. Solicite a sua oferta personalizada. Especializado Turbo Levo Carbono 2023.","og_url":"https:\/\/gr-100.com\/pt-pt\/producto\/especializado-turbo-levo-carbono-2023\/","og_site_name":"Gr-100 Tienda de ciclismo Specialized","article_publisher":"https:\/\/www.facebook.com\/Gr100Bikes","article_modified_time":"2025-11-27T09:01:19+00:00","og_image":[{"width":1000,"height":1000,"url":"https:\/\/gr-100.com\/wp-content\/uploads\/2024\/05\/levo_carbon_23.jpg","type":"image\/jpeg"}],"twitter_card":"summary_large_image","twitter_misc":{"Tempo estimado de leitura":"3 minutos"},"schema":{"@context":"https:\/\/schema.org","@graph":[{"@type":"WebPage","@id":"https:\/\/gr-100.com\/pt-pt\/producto\/especializado-turbo-levo-carbono-2023\/","url":"https:\/\/gr-100.com\/pt-pt\/producto\/especializado-turbo-levo-carbono-2023\/","name":"Specialized Turbo Levo Carbono 2023","isPartOf":{"@id":"https:\/\/gr-100.com\/#website"},"primaryImageOfPage":{"@id":"https:\/\/gr-100.com\/pt-pt\/producto\/especializado-turbo-levo-carbono-2023\/#primaryimage"},"image":{"@id":"https:\/\/gr-100.com\/pt-pt\/producto\/especializado-turbo-levo-carbono-2023\/#primaryimage"},"thumbnailUrl":"https:\/\/gr-100.com\/wp-content\/uploads\/2024\/05\/levo_carbon_23.jpg","datePublished":"2024-07-01T08:22:07+00:00","dateModified":"2025-11-27T09:01:19+00:00","description":"GR 100 Especializado. Melhores pre\u00e7os sem concorr\u00eancia. Solicite a sua oferta personalizada. Especializado Turbo Levo Carbono 2023.","breadcrumb":{"@id":"https:\/\/gr-100.com\/pt-pt\/producto\/especializado-turbo-levo-carbono-2023\/#breadcrumb"},"inLanguage":"pt-PT","potentialAction":[{"@type":"ReadAction","target":["https:\/\/gr-100.com\/pt-pt\/producto\/especializado-turbo-levo-carbono-2023\/"]}]},{"@type":"ImageObject","inLanguage":"pt-PT","@id":"https:\/\/gr-100.com\/pt-pt\/producto\/especializado-turbo-levo-carbono-2023\/#primaryimage","url":"https:\/\/gr-100.com\/wp-content\/uploads\/2024\/05\/levo_carbon_23.jpg","contentUrl":"https:\/\/gr-100.com\/wp-content\/uploads\/2024\/05\/levo_carbon_23.jpg","width":1000,"height":1000},{"@type":"BreadcrumbList","@id":"https:\/\/gr-100.com\/pt-pt\/producto\/especializado-turbo-levo-carbono-2023\/#breadcrumb","itemListElement":[{"@type":"ListItem","position":1,"name":"Portada","item":"https:\/\/gr-100.com\/en\/"},{"@type":"ListItem","position":2,"name":"Productos","item":"https:\/\/gr-100.com\/?post_type=product"},{"@type":"ListItem","position":3,"name":"Specialized Turbo Levo Carbono 2023"}]},{"@type":"WebSite","@id":"https:\/\/gr-100.com\/#website","url":"https:\/\/gr-100.com\/","name":"Gr-100 Tienda de ciclismo Specialized","description":"GR-100 tenemos todas las gamas de bicicletas Specialized al mejor precio.","publisher":{"@id":"https:\/\/gr-100.com\/#organization"},"alternateName":"Gr-100 Bikes","potentialAction":[{"@type":"SearchAction","target":{"@type":"EntryPoint","urlTemplate":"https:\/\/gr-100.com\/?s={search_term_string}"},"query-input":{"@type":"PropertyValueSpecification","valueRequired":true,"valueName":"search_term_string"}}],"inLanguage":"pt-PT"},{"@type":"Organization","@id":"https:\/\/gr-100.com\/#organization","name":"Gr-100","url":"https:\/\/gr-100.com\/","logo":{"@type":"ImageObject","inLanguage":"pt-PT","@id":"https:\/\/gr-100.com\/#\/schema\/logo\/image\/","url":"https:\/\/gr-100.com\/wp-content\/uploads\/2023\/08\/logo-gr-100-bikes.png","contentUrl":"https:\/\/gr-100.com\/wp-content\/uploads\/2023\/08\/logo-gr-100-bikes.png","width":707,"height":284,"caption":"Gr-100"},"image":{"@id":"https:\/\/gr-100.com\/#\/schema\/logo\/image\/"},"sameAs":["https:\/\/www.facebook.com\/Gr100Bikes","https:\/\/www.instagram.com\/gr100bikes\/","https:\/\/www.tiktok.com\/@gr100bikes","https:\/\/twitter.com\/gr100mtbteam","https:\/\/www.youtube.com\/c\/GR100Specialized"]}]}},"_links":{"self":[{"href":"https:\/\/gr-100.com\/pt-pt\/wp-json\/wp\/v2\/product\/385910","targetHints":{"allow":["GET"]}}],"collection":[{"href":"https:\/\/gr-100.com\/pt-pt\/wp-json\/wp\/v2\/product"}],"about":[{"href":"https:\/\/gr-100.com\/pt-pt\/wp-json\/wp\/v2\/types\/product"}],"replies":[{"embeddable":true,"href":"https:\/\/gr-100.com\/pt-pt\/wp-json\/wp\/v2\/comments?post=385910"}],"wp:featuredmedia":[{"embeddable":true,"href":"https:\/\/gr-100.com\/pt-pt\/wp-json\/wp\/v2\/media\/278240"}],"wp:attachment":[{"href":"https:\/\/gr-100.com\/pt-pt\/wp-json\/wp\/v2\/media?parent=385910"}],"wp:term":[{"taxonomy":"product_brand","embeddable":true,"href":"https:\/\/gr-100.com\/pt-pt\/wp-json\/wp\/v2\/product_brand?post=385910"},{"taxonomy":"product_cat","embeddable":true,"href":"https:\/\/gr-100.com\/pt-pt\/wp-json\/wp\/v2\/product_cat?post=385910"},{"taxonomy":"product_tag","embeddable":true,"href":"https:\/\/gr-100.com\/pt-pt\/wp-json\/wp\/v2\/product_tag?post=385910"}],"curies":[{"name":"wp","href":"https:\/\/api.w.org\/{rel}","templated":true}]}}