{"id":385932,"date":"2024-07-01T10:02:36","date_gmt":"2024-07-01T08:02:36","guid":{"rendered":"https:\/\/gr-100.com\/producto\/megamo-crave-al-40-ltd-29-2022\/"},"modified":"2025-12-18T16:41:22","modified_gmt":"2025-12-18T14:41:22","slug":"megamo-crave-al-40-ltd-29-2022","status":"publish","type":"product","link":"https:\/\/gr-100.com\/pt-pt\/producto\/megamo-crave-al-40-ltd-29-2022\/","title":{"rendered":"Megamo Crave AL 40 LTD 29&#8243; 2022"},"content":{"rendered":"<ul>\n<li>Quadro de bateria totalmente integrado, Alloy Triple Butted, 12&#215;148 Boost, Horst Link 4, Curso das rodas: 150 mm, Folga dos pneus 29 x 2.6<\/li>\n<li>Forquilha Suntour XCR 34 E-Bike+, Curso 130mm, Boost 15&#215;110, Mini-Fender Inclu\u00eddo<\/li>\n<li>Rock Shox Deluxe Select R 205&#215;65 Debonair Tune Amortecedor Trunnion<\/li>\n<li>FSA Orbit 1.5 E ZS 1-1\/8&#8243; 1.5&#8243; Headset Componentes El\u00e9tricos<\/li>\n<li>Shimano EP8 250W Motor<\/li>\n<li>Bateria LI-ION integrada Bater\u00eda, 630 Wh<\/li>\n<li>Display Shimano EP8 Drivetrain<\/li>\n<li>Shimano Deore 6000 10s Descarrilador Traseiro<\/li>\n<li>Mudan\u00e7as Shimano Deore 10s<\/li>\n<li>Anel de corrente Shimano 34T<\/li>\n<li>Shimano Deore 11-42T 10s Pinh\u00e3o de freios<\/li>\n<li>Shimano MT420 disco hidr\u00e1ulico conjunto de freio de 4 pist\u00f5es, rodas de 203 mm<\/li>\n<li>Maxxis Rekon 29 x 2.60 EXO Pneus Dobr\u00e1veis<\/li>\n<li>Sistema Boost 15&#215;110 12&#215;148 Hubs, E-Bike+<\/li>\n<li>Rodas 29 assim\u00e9tricas 15&#215;110 12&#215;148 Boost Wide: 30mm Tubeless Ready Components<\/li>\n<li>Guiador de coronha de liga 31.8&#215;780 mm, Eleva\u00e7\u00e3o: 12 mm, Varredura traseira: 6\u00ba<\/li>\n<li>Haste de liga forjada 3D, Ext.: 60-70-90 mm, Subida: \u00b17\u00ba<\/li>\n<li>Megamo 30.9mm telesc\u00f3pico assento poste assento, ajuste remoto<\/li>\n<li>Sellie It\u00e1lia Modelo X Sela Superflow<\/li>\n<\/ul>\n","protected":false},"excerpt":{"rendered":"<p>\u00b7 Motor el\u00e9trico Shimano EP8 \u00b7 Built-in 630 Wh bateria \u00b7 Quadro com bateria totalmente integrada e motor central \u00b7 Forquilha Suntour XCR 34 com 130 mm de curso \u00b7 Rock Shox Deluxe Selecione R Choque \u00b7 Trem de for\u00e7a de 10 velocidades Shimano Deore \u00b7 Freios a disco hidr\u00e1ulicos de 4 pist\u00f5es Shimano MT420<\/p>\n","protected":false},"featured_media":286580,"comment_status":"closed","ping_status":"closed","template":"","meta":{"_acf_changed":false,"_et_pb_use_builder":"","_et_pb_old_content":"","_et_gb_content_width":"","inline_featured_image":false},"product_brand":[],"product_cat":[2459,391,2460],"product_tag":[],"class_list":{"0":"post-385932","1":"product","2":"type-product","3":"status-publish","4":"has-post-thumbnail","6":"product_cat-bicicletas-pt-pt-2","7":"product_cat-eletricas","8":"product_cat-ofertas-pt-pt","9":"product_shipping_class-bicicletas-pt-pt","11":"first","12":"outofstock","13":"taxable","14":"shipping-taxable","15":"product-type-variable","16":"wvs-archive-product-wrapper"},"acf":[],"yoast_head":"<!-- This site is optimized with the Yoast SEO Premium plugin v26.7 (Yoast SEO v26.7) - https:\/\/yoast.com\/wordpress\/plugins\/seo\/ -->\n<title>Megamo Crave AL 40 LTD 29&quot; 2022 GR-100 MEGAMO<\/title>\n<meta name=\"description\" content=\"CRAVE \u00c9 O EMTB ORIENTADO PARA ENDURO DA MEGAMO. UM QUADRO EFICIENTE EM SEU ECOSSISTEMA: AS TREMENDAS ZONAS DE LIGA\u00c7\u00c3O T\u00cdPICAS DE UM XC\" \/>\n<meta name=\"robots\" content=\"index, follow, max-snippet:-1, max-image-preview:large, max-video-preview:-1\" \/>\n<link rel=\"canonical\" href=\"https:\/\/gr-100.com\/pt-pt\/producto\/megamo-crave-al-40-ltd-29-2022\/\" \/>\n<meta property=\"og:locale\" content=\"pt_PT\" \/>\n<meta property=\"og:type\" content=\"article\" \/>\n<meta property=\"og:title\" content=\"Megamo Crave AL 40 LTD 29&quot; 2022\" \/>\n<meta property=\"og:description\" content=\"CRAVE \u00c9 O EMTB ORIENTADO PARA ENDURO DA MEGAMO. UM QUADRO EFICIENTE EM SEU ECOSSISTEMA: AS TREMENDAS ZONAS DE LIGA\u00c7\u00c3O T\u00cdPICAS DE UM XC\" \/>\n<meta property=\"og:url\" content=\"https:\/\/gr-100.com\/pt-pt\/producto\/megamo-crave-al-40-ltd-29-2022\/\" \/>\n<meta property=\"og:site_name\" content=\"Gr-100 Tienda de ciclismo Specialized\" \/>\n<meta property=\"article:publisher\" content=\"https:\/\/www.facebook.com\/Gr100Bikes\" \/>\n<meta property=\"article:modified_time\" content=\"2025-12-18T14:41:22+00:00\" \/>\n<meta property=\"og:image\" content=\"https:\/\/gr-100.com\/wp-content\/uploads\/2024\/05\/megamo_crave_al_40_ltd_22_red.jpeg\" \/>\n\t<meta property=\"og:image:width\" content=\"2560\" \/>\n\t<meta property=\"og:image:height\" content=\"2560\" \/>\n\t<meta property=\"og:image:type\" content=\"image\/jpeg\" \/>\n<meta name=\"twitter:card\" content=\"summary_large_image\" \/>\n<meta name=\"twitter:label1\" content=\"Tempo estimado de leitura\" \/>\n\t<meta name=\"twitter:data1\" content=\"1 minuto\" \/>\n<script type=\"application\/ld+json\" class=\"yoast-schema-graph\">{\"@context\":\"https:\/\/schema.org\",\"@graph\":[{\"@type\":\"WebPage\",\"@id\":\"https:\/\/gr-100.com\/pt-pt\/producto\/megamo-crave-al-40-ltd-29-2022\/\",\"url\":\"https:\/\/gr-100.com\/pt-pt\/producto\/megamo-crave-al-40-ltd-29-2022\/\",\"name\":\"Megamo Crave AL 40 LTD 29\\\" 2022 GR-100 MEGAMO\",\"isPartOf\":{\"@id\":\"https:\/\/gr-100.com\/#website\"},\"primaryImageOfPage\":{\"@id\":\"https:\/\/gr-100.com\/pt-pt\/producto\/megamo-crave-al-40-ltd-29-2022\/#primaryimage\"},\"image\":{\"@id\":\"https:\/\/gr-100.com\/pt-pt\/producto\/megamo-crave-al-40-ltd-29-2022\/#primaryimage\"},\"thumbnailUrl\":\"https:\/\/gr-100.com\/wp-content\/uploads\/2024\/05\/megamo_crave_al_40_ltd_22_red.jpeg\",\"datePublished\":\"2024-07-01T08:02:36+00:00\",\"dateModified\":\"2025-12-18T14:41:22+00:00\",\"description\":\"CRAVE \u00c9 O EMTB ORIENTADO PARA ENDURO DA MEGAMO. UM QUADRO EFICIENTE EM SEU ECOSSISTEMA: AS TREMENDAS ZONAS DE LIGA\u00c7\u00c3O T\u00cdPICAS DE UM XC\",\"breadcrumb\":{\"@id\":\"https:\/\/gr-100.com\/pt-pt\/producto\/megamo-crave-al-40-ltd-29-2022\/#breadcrumb\"},\"inLanguage\":\"pt-PT\",\"potentialAction\":[{\"@type\":\"ReadAction\",\"target\":[\"https:\/\/gr-100.com\/pt-pt\/producto\/megamo-crave-al-40-ltd-29-2022\/\"]}]},{\"@type\":\"ImageObject\",\"inLanguage\":\"pt-PT\",\"@id\":\"https:\/\/gr-100.com\/pt-pt\/producto\/megamo-crave-al-40-ltd-29-2022\/#primaryimage\",\"url\":\"https:\/\/gr-100.com\/wp-content\/uploads\/2024\/05\/megamo_crave_al_40_ltd_22_red.jpeg\",\"contentUrl\":\"https:\/\/gr-100.com\/wp-content\/uploads\/2024\/05\/megamo_crave_al_40_ltd_22_red.jpeg\",\"width\":2560,\"height\":2560},{\"@type\":\"BreadcrumbList\",\"@id\":\"https:\/\/gr-100.com\/pt-pt\/producto\/megamo-crave-al-40-ltd-29-2022\/#breadcrumb\",\"itemListElement\":[{\"@type\":\"ListItem\",\"position\":1,\"name\":\"Portada\",\"item\":\"https:\/\/gr-100.com\/en\/\"},{\"@type\":\"ListItem\",\"position\":2,\"name\":\"Productos\",\"item\":\"https:\/\/gr-100.com\/?post_type=product\"},{\"@type\":\"ListItem\",\"position\":3,\"name\":\"Megamo Crave AL 40 LTD 29&#8243; 2022\"}]},{\"@type\":\"WebSite\",\"@id\":\"https:\/\/gr-100.com\/#website\",\"url\":\"https:\/\/gr-100.com\/\",\"name\":\"Gr-100 Tienda de ciclismo Specialized\",\"description\":\"GR-100 tenemos todas las gamas de bicicletas Specialized al mejor precio.\",\"publisher\":{\"@id\":\"https:\/\/gr-100.com\/#organization\"},\"alternateName\":\"Gr-100 Bikes\",\"potentialAction\":[{\"@type\":\"SearchAction\",\"target\":{\"@type\":\"EntryPoint\",\"urlTemplate\":\"https:\/\/gr-100.com\/?s={search_term_string}\"},\"query-input\":{\"@type\":\"PropertyValueSpecification\",\"valueRequired\":true,\"valueName\":\"search_term_string\"}}],\"inLanguage\":\"pt-PT\"},{\"@type\":\"Organization\",\"@id\":\"https:\/\/gr-100.com\/#organization\",\"name\":\"Gr-100\",\"url\":\"https:\/\/gr-100.com\/\",\"logo\":{\"@type\":\"ImageObject\",\"inLanguage\":\"pt-PT\",\"@id\":\"https:\/\/gr-100.com\/#\/schema\/logo\/image\/\",\"url\":\"https:\/\/gr-100.com\/wp-content\/uploads\/2023\/08\/logo-gr-100-bikes.png\",\"contentUrl\":\"https:\/\/gr-100.com\/wp-content\/uploads\/2023\/08\/logo-gr-100-bikes.png\",\"width\":707,\"height\":284,\"caption\":\"Gr-100\"},\"image\":{\"@id\":\"https:\/\/gr-100.com\/#\/schema\/logo\/image\/\"},\"sameAs\":[\"https:\/\/www.facebook.com\/Gr100Bikes\",\"https:\/\/www.instagram.com\/gr100bikes\/\",\"https:\/\/www.tiktok.com\/@gr100bikes\",\"https:\/\/twitter.com\/gr100mtbteam\",\"https:\/\/www.youtube.com\/c\/GR100Specialized\"]}]}<\/script>\n<!-- \/ Yoast SEO Premium plugin. -->","yoast_head_json":{"title":"Megamo Crave AL 40 LTD 29\" 2022 GR-100 MEGAMO","description":"CRAVE \u00c9 O EMTB ORIENTADO PARA ENDURO DA MEGAMO. UM QUADRO EFICIENTE EM SEU ECOSSISTEMA: AS TREMENDAS ZONAS DE LIGA\u00c7\u00c3O T\u00cdPICAS DE UM XC","robots":{"index":"index","follow":"follow","max-snippet":"max-snippet:-1","max-image-preview":"max-image-preview:large","max-video-preview":"max-video-preview:-1"},"canonical":"https:\/\/gr-100.com\/pt-pt\/producto\/megamo-crave-al-40-ltd-29-2022\/","og_locale":"pt_PT","og_type":"article","og_title":"Megamo Crave AL 40 LTD 29\" 2022","og_description":"CRAVE \u00c9 O EMTB ORIENTADO PARA ENDURO DA MEGAMO. UM QUADRO EFICIENTE EM SEU ECOSSISTEMA: AS TREMENDAS ZONAS DE LIGA\u00c7\u00c3O T\u00cdPICAS DE UM XC","og_url":"https:\/\/gr-100.com\/pt-pt\/producto\/megamo-crave-al-40-ltd-29-2022\/","og_site_name":"Gr-100 Tienda de ciclismo Specialized","article_publisher":"https:\/\/www.facebook.com\/Gr100Bikes","article_modified_time":"2025-12-18T14:41:22+00:00","og_image":[{"width":2560,"height":2560,"url":"https:\/\/gr-100.com\/wp-content\/uploads\/2024\/05\/megamo_crave_al_40_ltd_22_red.jpeg","type":"image\/jpeg"}],"twitter_card":"summary_large_image","twitter_misc":{"Tempo estimado de leitura":"1 minuto"},"schema":{"@context":"https:\/\/schema.org","@graph":[{"@type":"WebPage","@id":"https:\/\/gr-100.com\/pt-pt\/producto\/megamo-crave-al-40-ltd-29-2022\/","url":"https:\/\/gr-100.com\/pt-pt\/producto\/megamo-crave-al-40-ltd-29-2022\/","name":"Megamo Crave AL 40 LTD 29\" 2022 GR-100 MEGAMO","isPartOf":{"@id":"https:\/\/gr-100.com\/#website"},"primaryImageOfPage":{"@id":"https:\/\/gr-100.com\/pt-pt\/producto\/megamo-crave-al-40-ltd-29-2022\/#primaryimage"},"image":{"@id":"https:\/\/gr-100.com\/pt-pt\/producto\/megamo-crave-al-40-ltd-29-2022\/#primaryimage"},"thumbnailUrl":"https:\/\/gr-100.com\/wp-content\/uploads\/2024\/05\/megamo_crave_al_40_ltd_22_red.jpeg","datePublished":"2024-07-01T08:02:36+00:00","dateModified":"2025-12-18T14:41:22+00:00","description":"CRAVE \u00c9 O EMTB ORIENTADO PARA ENDURO DA MEGAMO. UM QUADRO EFICIENTE EM SEU ECOSSISTEMA: AS TREMENDAS ZONAS DE LIGA\u00c7\u00c3O T\u00cdPICAS DE UM XC","breadcrumb":{"@id":"https:\/\/gr-100.com\/pt-pt\/producto\/megamo-crave-al-40-ltd-29-2022\/#breadcrumb"},"inLanguage":"pt-PT","potentialAction":[{"@type":"ReadAction","target":["https:\/\/gr-100.com\/pt-pt\/producto\/megamo-crave-al-40-ltd-29-2022\/"]}]},{"@type":"ImageObject","inLanguage":"pt-PT","@id":"https:\/\/gr-100.com\/pt-pt\/producto\/megamo-crave-al-40-ltd-29-2022\/#primaryimage","url":"https:\/\/gr-100.com\/wp-content\/uploads\/2024\/05\/megamo_crave_al_40_ltd_22_red.jpeg","contentUrl":"https:\/\/gr-100.com\/wp-content\/uploads\/2024\/05\/megamo_crave_al_40_ltd_22_red.jpeg","width":2560,"height":2560},{"@type":"BreadcrumbList","@id":"https:\/\/gr-100.com\/pt-pt\/producto\/megamo-crave-al-40-ltd-29-2022\/#breadcrumb","itemListElement":[{"@type":"ListItem","position":1,"name":"Portada","item":"https:\/\/gr-100.com\/en\/"},{"@type":"ListItem","position":2,"name":"Productos","item":"https:\/\/gr-100.com\/?post_type=product"},{"@type":"ListItem","position":3,"name":"Megamo Crave AL 40 LTD 29&#8243; 2022"}]},{"@type":"WebSite","@id":"https:\/\/gr-100.com\/#website","url":"https:\/\/gr-100.com\/","name":"Gr-100 Tienda de ciclismo Specialized","description":"GR-100 tenemos todas las gamas de bicicletas Specialized al mejor precio.","publisher":{"@id":"https:\/\/gr-100.com\/#organization"},"alternateName":"Gr-100 Bikes","potentialAction":[{"@type":"SearchAction","target":{"@type":"EntryPoint","urlTemplate":"https:\/\/gr-100.com\/?s={search_term_string}"},"query-input":{"@type":"PropertyValueSpecification","valueRequired":true,"valueName":"search_term_string"}}],"inLanguage":"pt-PT"},{"@type":"Organization","@id":"https:\/\/gr-100.com\/#organization","name":"Gr-100","url":"https:\/\/gr-100.com\/","logo":{"@type":"ImageObject","inLanguage":"pt-PT","@id":"https:\/\/gr-100.com\/#\/schema\/logo\/image\/","url":"https:\/\/gr-100.com\/wp-content\/uploads\/2023\/08\/logo-gr-100-bikes.png","contentUrl":"https:\/\/gr-100.com\/wp-content\/uploads\/2023\/08\/logo-gr-100-bikes.png","width":707,"height":284,"caption":"Gr-100"},"image":{"@id":"https:\/\/gr-100.com\/#\/schema\/logo\/image\/"},"sameAs":["https:\/\/www.facebook.com\/Gr100Bikes","https:\/\/www.instagram.com\/gr100bikes\/","https:\/\/www.tiktok.com\/@gr100bikes","https:\/\/twitter.com\/gr100mtbteam","https:\/\/www.youtube.com\/c\/GR100Specialized"]}]}},"_links":{"self":[{"href":"https:\/\/gr-100.com\/pt-pt\/wp-json\/wp\/v2\/product\/385932","targetHints":{"allow":["GET"]}}],"collection":[{"href":"https:\/\/gr-100.com\/pt-pt\/wp-json\/wp\/v2\/product"}],"about":[{"href":"https:\/\/gr-100.com\/pt-pt\/wp-json\/wp\/v2\/types\/product"}],"replies":[{"embeddable":true,"href":"https:\/\/gr-100.com\/pt-pt\/wp-json\/wp\/v2\/comments?post=385932"}],"wp:featuredmedia":[{"embeddable":true,"href":"https:\/\/gr-100.com\/pt-pt\/wp-json\/wp\/v2\/media\/286580"}],"wp:attachment":[{"href":"https:\/\/gr-100.com\/pt-pt\/wp-json\/wp\/v2\/media?parent=385932"}],"wp:term":[{"taxonomy":"product_brand","embeddable":true,"href":"https:\/\/gr-100.com\/pt-pt\/wp-json\/wp\/v2\/product_brand?post=385932"},{"taxonomy":"product_cat","embeddable":true,"href":"https:\/\/gr-100.com\/pt-pt\/wp-json\/wp\/v2\/product_cat?post=385932"},{"taxonomy":"product_tag","embeddable":true,"href":"https:\/\/gr-100.com\/pt-pt\/wp-json\/wp\/v2\/product_tag?post=385932"}],"curies":[{"name":"wp","href":"https:\/\/api.w.org\/{rel}","templated":true}]}}