{"id":386057,"date":"2024-07-01T09:18:35","date_gmt":"2024-07-01T07:18:35","guid":{"rendered":"https:\/\/gr-100.com\/producto\/especializado-turbo-kenevo-sl-comp-carbono-2022\/"},"modified":"2025-11-26T16:24:05","modified_gmt":"2025-11-26T14:24:05","slug":"especializado-turbo-kenevo-sl-comp-carbono-2022","status":"publish","type":"product","link":"https:\/\/gr-100.com\/pt-pt\/producto\/especializado-turbo-kenevo-sl-comp-carbono-2022\/","title":{"rendered":"Specialized Turbo Kenevo SL Comp Carbono 2022"},"content":{"rendered":"<ul>\n<li>Frame FACT 11m full carbon, 29&#8243;, roteamento de cabo interno completo, espa\u00e7amento de 148mm, rolamentos de cartucho totalmente selados, curso traseiro de 170mm, tubo de cabe\u00e7a de ajuste geogr\u00e1fico, ajuste geogr\u00e1fico horst pivot<\/li>\n<li>Choque traseiro FOX FLOAT X Performance, LSR, alavanca de 2 posi\u00e7\u00f5es, 62,5x230mm<\/li>\n<li>FOX FLOAT 36 RHYTHM 29, amortecedor GRIP, deslocamento de 44 mm, ajuste de varredura de 2 posi\u00e7\u00f5es, 15x110mm, dire\u00e7\u00e3o c\u00f4nica de 1,5&#8243;, curso de 170mm<\/li>\n<li>Stem Alloy Trail Stem, furo de barra de 35mm<\/li>\n<li>Punhos Specialized em fita<\/li>\n<li>Guiador Specialized, liga 6061, upsweep de 6 graus, backsweep de 8 graus, eleva\u00e7\u00e3o de 30mm, largura de 800mm<\/li>\n<li>Ponte de sela Comp, trilhos ocos Cr-mo, 155\/143mm<\/li>\n<li>Freio dianteiro SRAM Code R, pin\u00e7a de 4 pist\u00f5es, disco hidr\u00e1ulico, 220mm<\/li>\n<li>Freio traseiro SRAM Code R, pin\u00e7a de 4 pist\u00f5es, disco hidr\u00e1ulico, 200mmTraseira<\/li>\n<li>Derailleur SRAM GX Eagle, 12 velocidades<\/li>\n<li>Alavancas de mudan\u00e7a SRAM GX Eagle, 12 velocidades<\/li>\n<li>SRAM XG-1275 Cassette, 12 velocidades, 10-52t<\/li>\n<li>SRAM NX Eagle, 12 velocidades<\/li>\n<li>Virabrequim Praxis, M30 forjado, deslocamento personalizado<\/li>\n<li>SRAM X-Sync Eagle Chainrings, 94 BCD, 32T, liga<\/li>\n<li>Jantes Specialized 29, liga sem gancho, 30mm de largura interna, pronto para tubeless<\/li>\n<li>Liga de cubo dianteiro, rolamentos de cartucho selados, eixo thru 15x110mm, 28h<\/li>\n<li>Liga de cubo traseiro, rolamentos de cartucho selados, eixo thru 148mmx12mm, 28h<\/li>\n<li>Talho de pneu dianteiro, carca\u00e7a GRID TRAIL, composto GRIPTON\u00ae T9, 2Bliss Ready, 29&#215;2.3&#8243;<\/li>\n<li>Porta-vozes DT Swiss Industry<\/li>\n<li>Talho de pneus traseiro, carca\u00e7a GRID TRAIL, composto GRIPTON\u00ae T7, 2Bliss Ready, 29&#215;2.3&#8243; interior<\/li>\n<li>Tubos padr\u00e3o, v\u00e1lvula Presta<\/li>\n<li>Poste de assento X-Fusion Manic, infinitamente ajust\u00e1vel, cabe\u00e7a de dois parafusos, roteamento de cabo de montagem inferior, alavanca LE SLR remota, 34,9 mm, S2: 125 mm, S3\/S4: 150 mm, S5: 170 mm<\/li>\n<li>Liga de ligante de assento, 38,6 mm<\/li>\n<li>Specialized 1.1 especializado, motor leve personalizado<\/li>\n<li>UI\/Remote Specialized MasterMind TCU, ANT+\/Bluetooth\u00ae, w \/ Handlebar remoto<\/li>\n<li>Bateria Specialized SL1-320, totalmente integrada, 320Wh<\/li>\n<li>Carregador Carregador personalizado, Sistema 48V c\/ Ficha do carregador do sistema SL<\/li>\n<li>Cablagem Chicote Personalizado Specialized<\/li>\n<li>SWAT SWAT CC, ferramenta integrada e ferramenta de corrente com elo sobressalente em tubo direcional<\/li>\n<\/ul>\n","protected":false},"excerpt":{"rendered":"<p>O Turbo Kenevo SL Comp combina o quadro MTB mais capaz que voc\u00ea pode encontrar com uma combina\u00e7\u00e3o inteligente de componentes, incluindo o trem de for\u00e7a SRAM GX Eagle de 12 velocidades, suspens\u00f5es FOX e um conjunto de rodas de alum\u00ednio leves e dur\u00e1veis.<\/p>\n","protected":false},"featured_media":284970,"comment_status":"closed","ping_status":"closed","template":"","meta":{"_acf_changed":false,"_et_pb_use_builder":"","_et_pb_old_content":"","_et_gb_content_width":"","inline_featured_image":false},"product_brand":[],"product_cat":[2459,391,2483,2460],"product_tag":[],"class_list":{"0":"post-386057","1":"product","2":"type-product","3":"status-publish","4":"has-post-thumbnail","6":"product_cat-bicicletas-pt-pt-2","7":"product_cat-eletricas","8":"product_cat-bicicletas-especializadas","9":"product_cat-ofertas-pt-pt","10":"product_shipping_class-bicicletas-pt-pt","12":"first","13":"outofstock","14":"taxable","15":"shipping-taxable","16":"product-type-variable","17":"wvs-archive-product-wrapper"},"acf":[],"yoast_head":"<!-- This site is optimized with the Yoast SEO Premium plugin v26.7 (Yoast SEO v26.7) - https:\/\/yoast.com\/wordpress\/plugins\/seo\/ -->\n<title>Specialized Turbo Kenevo SL Comp Carbono 2022<\/title>\n<meta name=\"description\" content=\"SPECIALIZED 2022 TURBO KENEVO SL COMP CARBON combina o quadro MTB mais capaz com o conjunto propulsor SRAM GX Eagle de 12 velocidades.\" \/>\n<meta name=\"robots\" content=\"index, follow, max-snippet:-1, max-image-preview:large, max-video-preview:-1\" \/>\n<link rel=\"canonical\" href=\"https:\/\/gr-100.com\/pt-pt\/producto\/especializado-turbo-kenevo-sl-comp-carbono-2022\/\" \/>\n<meta property=\"og:locale\" content=\"pt_PT\" \/>\n<meta property=\"og:type\" content=\"article\" \/>\n<meta property=\"og:title\" content=\"Specialized Turbo Kenevo SL Comp Carbono 2022\" \/>\n<meta property=\"og:description\" content=\"SPECIALIZED 2022 TURBO KENEVO SL COMP CARBON combina o quadro MTB mais capaz com o conjunto propulsor SRAM GX Eagle de 12 velocidades.\" \/>\n<meta property=\"og:url\" content=\"https:\/\/gr-100.com\/pt-pt\/producto\/especializado-turbo-kenevo-sl-comp-carbono-2022\/\" \/>\n<meta property=\"og:site_name\" content=\"Gr-100 Tienda de ciclismo Specialized\" \/>\n<meta property=\"article:publisher\" content=\"https:\/\/www.facebook.com\/Gr100Bikes\" \/>\n<meta property=\"article:modified_time\" content=\"2025-11-26T14:24:05+00:00\" \/>\n<meta property=\"og:image\" content=\"https:\/\/gr-100.com\/wp-content\/uploads\/2024\/05\/KENEVO-SL-COMP-CARBON-29-naranja.jpg\" \/>\n\t<meta property=\"og:image:width\" content=\"1000\" \/>\n\t<meta property=\"og:image:height\" content=\"1000\" \/>\n\t<meta property=\"og:image:type\" content=\"image\/jpeg\" \/>\n<meta name=\"twitter:card\" content=\"summary_large_image\" \/>\n<meta name=\"twitter:label1\" content=\"Tempo estimado de leitura\" \/>\n\t<meta name=\"twitter:data1\" content=\"2 minutos\" \/>\n<script type=\"application\/ld+json\" class=\"yoast-schema-graph\">{\"@context\":\"https:\/\/schema.org\",\"@graph\":[{\"@type\":\"WebPage\",\"@id\":\"https:\/\/gr-100.com\/pt-pt\/producto\/especializado-turbo-kenevo-sl-comp-carbono-2022\/\",\"url\":\"https:\/\/gr-100.com\/pt-pt\/producto\/especializado-turbo-kenevo-sl-comp-carbono-2022\/\",\"name\":\"Specialized Turbo Kenevo SL Comp Carbono 2022\",\"isPartOf\":{\"@id\":\"https:\/\/gr-100.com\/#website\"},\"primaryImageOfPage\":{\"@id\":\"https:\/\/gr-100.com\/pt-pt\/producto\/especializado-turbo-kenevo-sl-comp-carbono-2022\/#primaryimage\"},\"image\":{\"@id\":\"https:\/\/gr-100.com\/pt-pt\/producto\/especializado-turbo-kenevo-sl-comp-carbono-2022\/#primaryimage\"},\"thumbnailUrl\":\"https:\/\/gr-100.com\/wp-content\/uploads\/2024\/05\/KENEVO-SL-COMP-CARBON-29-naranja.jpg\",\"datePublished\":\"2024-07-01T07:18:35+00:00\",\"dateModified\":\"2025-11-26T14:24:05+00:00\",\"description\":\"SPECIALIZED 2022 TURBO KENEVO SL COMP CARBON combina o quadro MTB mais capaz com o conjunto propulsor SRAM GX Eagle de 12 velocidades.\",\"breadcrumb\":{\"@id\":\"https:\/\/gr-100.com\/pt-pt\/producto\/especializado-turbo-kenevo-sl-comp-carbono-2022\/#breadcrumb\"},\"inLanguage\":\"pt-PT\",\"potentialAction\":[{\"@type\":\"ReadAction\",\"target\":[\"https:\/\/gr-100.com\/pt-pt\/producto\/especializado-turbo-kenevo-sl-comp-carbono-2022\/\"]}]},{\"@type\":\"ImageObject\",\"inLanguage\":\"pt-PT\",\"@id\":\"https:\/\/gr-100.com\/pt-pt\/producto\/especializado-turbo-kenevo-sl-comp-carbono-2022\/#primaryimage\",\"url\":\"https:\/\/gr-100.com\/wp-content\/uploads\/2024\/05\/KENEVO-SL-COMP-CARBON-29-naranja.jpg\",\"contentUrl\":\"https:\/\/gr-100.com\/wp-content\/uploads\/2024\/05\/KENEVO-SL-COMP-CARBON-29-naranja.jpg\",\"width\":1000,\"height\":1000},{\"@type\":\"BreadcrumbList\",\"@id\":\"https:\/\/gr-100.com\/pt-pt\/producto\/especializado-turbo-kenevo-sl-comp-carbono-2022\/#breadcrumb\",\"itemListElement\":[{\"@type\":\"ListItem\",\"position\":1,\"name\":\"Portada\",\"item\":\"https:\/\/gr-100.com\/en\/\"},{\"@type\":\"ListItem\",\"position\":2,\"name\":\"Productos\",\"item\":\"https:\/\/gr-100.com\/?post_type=product\"},{\"@type\":\"ListItem\",\"position\":3,\"name\":\"Specialized Turbo Kenevo SL Comp Carbono 2022\"}]},{\"@type\":\"WebSite\",\"@id\":\"https:\/\/gr-100.com\/#website\",\"url\":\"https:\/\/gr-100.com\/\",\"name\":\"Gr-100 Tienda de ciclismo Specialized\",\"description\":\"GR-100 tenemos todas las gamas de bicicletas Specialized al mejor precio.\",\"publisher\":{\"@id\":\"https:\/\/gr-100.com\/#organization\"},\"alternateName\":\"Gr-100 Bikes\",\"potentialAction\":[{\"@type\":\"SearchAction\",\"target\":{\"@type\":\"EntryPoint\",\"urlTemplate\":\"https:\/\/gr-100.com\/?s={search_term_string}\"},\"query-input\":{\"@type\":\"PropertyValueSpecification\",\"valueRequired\":true,\"valueName\":\"search_term_string\"}}],\"inLanguage\":\"pt-PT\"},{\"@type\":\"Organization\",\"@id\":\"https:\/\/gr-100.com\/#organization\",\"name\":\"Gr-100\",\"url\":\"https:\/\/gr-100.com\/\",\"logo\":{\"@type\":\"ImageObject\",\"inLanguage\":\"pt-PT\",\"@id\":\"https:\/\/gr-100.com\/#\/schema\/logo\/image\/\",\"url\":\"https:\/\/gr-100.com\/wp-content\/uploads\/2023\/08\/logo-gr-100-bikes.png\",\"contentUrl\":\"https:\/\/gr-100.com\/wp-content\/uploads\/2023\/08\/logo-gr-100-bikes.png\",\"width\":707,\"height\":284,\"caption\":\"Gr-100\"},\"image\":{\"@id\":\"https:\/\/gr-100.com\/#\/schema\/logo\/image\/\"},\"sameAs\":[\"https:\/\/www.facebook.com\/Gr100Bikes\",\"https:\/\/www.instagram.com\/gr100bikes\/\",\"https:\/\/www.tiktok.com\/@gr100bikes\",\"https:\/\/twitter.com\/gr100mtbteam\",\"https:\/\/www.youtube.com\/c\/GR100Specialized\"]}]}<\/script>\n<!-- \/ Yoast SEO Premium plugin. -->","yoast_head_json":{"title":"Specialized Turbo Kenevo SL Comp Carbono 2022","description":"SPECIALIZED 2022 TURBO KENEVO SL COMP CARBON combina o quadro MTB mais capaz com o conjunto propulsor SRAM GX Eagle de 12 velocidades.","robots":{"index":"index","follow":"follow","max-snippet":"max-snippet:-1","max-image-preview":"max-image-preview:large","max-video-preview":"max-video-preview:-1"},"canonical":"https:\/\/gr-100.com\/pt-pt\/producto\/especializado-turbo-kenevo-sl-comp-carbono-2022\/","og_locale":"pt_PT","og_type":"article","og_title":"Specialized Turbo Kenevo SL Comp Carbono 2022","og_description":"SPECIALIZED 2022 TURBO KENEVO SL COMP CARBON combina o quadro MTB mais capaz com o conjunto propulsor SRAM GX Eagle de 12 velocidades.","og_url":"https:\/\/gr-100.com\/pt-pt\/producto\/especializado-turbo-kenevo-sl-comp-carbono-2022\/","og_site_name":"Gr-100 Tienda de ciclismo Specialized","article_publisher":"https:\/\/www.facebook.com\/Gr100Bikes","article_modified_time":"2025-11-26T14:24:05+00:00","og_image":[{"width":1000,"height":1000,"url":"https:\/\/gr-100.com\/wp-content\/uploads\/2024\/05\/KENEVO-SL-COMP-CARBON-29-naranja.jpg","type":"image\/jpeg"}],"twitter_card":"summary_large_image","twitter_misc":{"Tempo estimado de leitura":"2 minutos"},"schema":{"@context":"https:\/\/schema.org","@graph":[{"@type":"WebPage","@id":"https:\/\/gr-100.com\/pt-pt\/producto\/especializado-turbo-kenevo-sl-comp-carbono-2022\/","url":"https:\/\/gr-100.com\/pt-pt\/producto\/especializado-turbo-kenevo-sl-comp-carbono-2022\/","name":"Specialized Turbo Kenevo SL Comp Carbono 2022","isPartOf":{"@id":"https:\/\/gr-100.com\/#website"},"primaryImageOfPage":{"@id":"https:\/\/gr-100.com\/pt-pt\/producto\/especializado-turbo-kenevo-sl-comp-carbono-2022\/#primaryimage"},"image":{"@id":"https:\/\/gr-100.com\/pt-pt\/producto\/especializado-turbo-kenevo-sl-comp-carbono-2022\/#primaryimage"},"thumbnailUrl":"https:\/\/gr-100.com\/wp-content\/uploads\/2024\/05\/KENEVO-SL-COMP-CARBON-29-naranja.jpg","datePublished":"2024-07-01T07:18:35+00:00","dateModified":"2025-11-26T14:24:05+00:00","description":"SPECIALIZED 2022 TURBO KENEVO SL COMP CARBON combina o quadro MTB mais capaz com o conjunto propulsor SRAM GX Eagle de 12 velocidades.","breadcrumb":{"@id":"https:\/\/gr-100.com\/pt-pt\/producto\/especializado-turbo-kenevo-sl-comp-carbono-2022\/#breadcrumb"},"inLanguage":"pt-PT","potentialAction":[{"@type":"ReadAction","target":["https:\/\/gr-100.com\/pt-pt\/producto\/especializado-turbo-kenevo-sl-comp-carbono-2022\/"]}]},{"@type":"ImageObject","inLanguage":"pt-PT","@id":"https:\/\/gr-100.com\/pt-pt\/producto\/especializado-turbo-kenevo-sl-comp-carbono-2022\/#primaryimage","url":"https:\/\/gr-100.com\/wp-content\/uploads\/2024\/05\/KENEVO-SL-COMP-CARBON-29-naranja.jpg","contentUrl":"https:\/\/gr-100.com\/wp-content\/uploads\/2024\/05\/KENEVO-SL-COMP-CARBON-29-naranja.jpg","width":1000,"height":1000},{"@type":"BreadcrumbList","@id":"https:\/\/gr-100.com\/pt-pt\/producto\/especializado-turbo-kenevo-sl-comp-carbono-2022\/#breadcrumb","itemListElement":[{"@type":"ListItem","position":1,"name":"Portada","item":"https:\/\/gr-100.com\/en\/"},{"@type":"ListItem","position":2,"name":"Productos","item":"https:\/\/gr-100.com\/?post_type=product"},{"@type":"ListItem","position":3,"name":"Specialized Turbo Kenevo SL Comp Carbono 2022"}]},{"@type":"WebSite","@id":"https:\/\/gr-100.com\/#website","url":"https:\/\/gr-100.com\/","name":"Gr-100 Tienda de ciclismo Specialized","description":"GR-100 tenemos todas las gamas de bicicletas Specialized al mejor precio.","publisher":{"@id":"https:\/\/gr-100.com\/#organization"},"alternateName":"Gr-100 Bikes","potentialAction":[{"@type":"SearchAction","target":{"@type":"EntryPoint","urlTemplate":"https:\/\/gr-100.com\/?s={search_term_string}"},"query-input":{"@type":"PropertyValueSpecification","valueRequired":true,"valueName":"search_term_string"}}],"inLanguage":"pt-PT"},{"@type":"Organization","@id":"https:\/\/gr-100.com\/#organization","name":"Gr-100","url":"https:\/\/gr-100.com\/","logo":{"@type":"ImageObject","inLanguage":"pt-PT","@id":"https:\/\/gr-100.com\/#\/schema\/logo\/image\/","url":"https:\/\/gr-100.com\/wp-content\/uploads\/2023\/08\/logo-gr-100-bikes.png","contentUrl":"https:\/\/gr-100.com\/wp-content\/uploads\/2023\/08\/logo-gr-100-bikes.png","width":707,"height":284,"caption":"Gr-100"},"image":{"@id":"https:\/\/gr-100.com\/#\/schema\/logo\/image\/"},"sameAs":["https:\/\/www.facebook.com\/Gr100Bikes","https:\/\/www.instagram.com\/gr100bikes\/","https:\/\/www.tiktok.com\/@gr100bikes","https:\/\/twitter.com\/gr100mtbteam","https:\/\/www.youtube.com\/c\/GR100Specialized"]}]}},"_links":{"self":[{"href":"https:\/\/gr-100.com\/pt-pt\/wp-json\/wp\/v2\/product\/386057","targetHints":{"allow":["GET"]}}],"collection":[{"href":"https:\/\/gr-100.com\/pt-pt\/wp-json\/wp\/v2\/product"}],"about":[{"href":"https:\/\/gr-100.com\/pt-pt\/wp-json\/wp\/v2\/types\/product"}],"replies":[{"embeddable":true,"href":"https:\/\/gr-100.com\/pt-pt\/wp-json\/wp\/v2\/comments?post=386057"}],"wp:featuredmedia":[{"embeddable":true,"href":"https:\/\/gr-100.com\/pt-pt\/wp-json\/wp\/v2\/media\/284970"}],"wp:attachment":[{"href":"https:\/\/gr-100.com\/pt-pt\/wp-json\/wp\/v2\/media?parent=386057"}],"wp:term":[{"taxonomy":"product_brand","embeddable":true,"href":"https:\/\/gr-100.com\/pt-pt\/wp-json\/wp\/v2\/product_brand?post=386057"},{"taxonomy":"product_cat","embeddable":true,"href":"https:\/\/gr-100.com\/pt-pt\/wp-json\/wp\/v2\/product_cat?post=386057"},{"taxonomy":"product_tag","embeddable":true,"href":"https:\/\/gr-100.com\/pt-pt\/wp-json\/wp\/v2\/product_tag?post=386057"}],"curies":[{"name":"wp","href":"https:\/\/api.w.org\/{rel}","templated":true}]}}