{"id":386077,"date":"2024-07-01T09:27:39","date_gmt":"2024-07-01T09:27:39","guid":{"rendered":"https:\/\/gr-100.com\/producto\/cannondale-650-u-aventura-neo-3-1-eq-2022\/"},"modified":"2025-12-18T16:46:48","modified_gmt":"2025-12-18T14:46:48","slug":"cannondale-650-u-aventura-neo-3-1-eq-2022","status":"publish","type":"product","link":"https:\/\/gr-100.com\/pt-pt\/producto\/cannondale-650-u-aventura-neo-3-1-eq-2022\/","title":{"rendered":"Cannondale 650 U Aventura Neo 3.1 EQ 2022"},"content":{"rendered":"<p><iframe title=\"CANNONDALE 650 U ADVENTURE NEO 3.1 EQ 2022 - ROJA\" width=\"500\" height=\"281\" src=\"https:\/\/www.youtube.com\/embed\/tdDyeI5zsYs?feature=oembed\"  allow=\"accelerometer; autoplay; clipboard-write; encrypted-media; gyroscope; picture-in-picture; web-share\" referrerpolicy=\"strict-origin-when-cross-origin\" allowfullscreen><\/iframe><\/p>\n<ul>\n<li>Shimano HG93 Corrente, 9 velocidades<\/li>\n<li>Manivela FSA Bosch E-Bike, 38T<\/li>\n<li>Engrenagens traseiras Shimano HG200, 11-36, 9 velocidades<\/li>\n<li>Descarrilador traseiro Shimano Altus<\/li>\n<li>Shifters Shimano Altus, 9 velocidades<\/li>\n<li>Forquilha SmartForm C3 Alloy blades, 1-1\/8&#8243; dire\u00e7\u00e3o, disco de p\u00f3s-montagem, suportes de rack\/para-lamas de l\u00e2mina m\u00e9dia, suporte para acess\u00f3rios de coroa, deslocamento de 45mm<\/li>\n<li>Quadro SmartForm C3 Alloy step-thru frame, bateria downtube remov\u00edvel, roteamento de cabo totalmente interno, disco de p\u00f3s-montagem, montagem dupla do headtube da garrafa de \u00e1gua<\/li>\n<li>Auricular semi-integrado, 1-1\/8&#8243;<\/li>\n<li>Cubos (F) F\u00f3rmula DC-51, 15x100mm eixo thru \/ (R) F\u00f3rmula DC-1422, QR<\/li>\n<li>Jantes Cannondale 2, parede dupla<\/li>\n<li>Raios A\u00e7o Inoxid\u00e1vel, 14g<\/li>\n<li>Tamanho da capa 56<\/li>\n<li>Kenda Kwick Seven.5 Pneus, 27,5 x 2,20&#8243;<\/li>\n<li>Tamanho da roda 650b<\/li>\n<li>Alavancas de freio Riderever disco hidr\u00e1ulico<\/li>\n<li>Freios Riderever disco hidr\u00e1ulico, rotores 180\/160mm<\/li>\n<li>Punhos Cannondale Comfort<\/li>\n<li>Guiador de liga Cannondale E-Series, ergo backsweep, 680mm<\/li>\n<li>Sela Cannondale Ergo Comfort<\/li>\n<li>Seatpost TranzX, poste conta-gotas de suspens\u00e3o, 31.6, curso de 50mm<\/li>\n<li>Stem Cannondale 3 com Intellimount, liga, bra\u00e7adeira de 31,8 mm<\/li>\n<li>Unidade de acionamento E-System Bosch Ative Line Plus<\/li>\n<li>Bosch PowerTube 400Wh Bateria<\/li>\n<li>Bosch 2A Carregador<\/li>\n<li>Monitorize Bosch Purion<\/li>\n<\/ul>\n","protected":false},"excerpt":{"rendered":"<ul>\n<li>Quadro aberto de alum\u00ednio leve \/ transmiss\u00e3o de 9 velocidades Shimano Altus \/ freios a disco hidr\u00e1ulicos<\/li>\n<li>Luzes, para-lamas, cremalheira traseira \/ poste conta-gotas com suspens\u00e3o<\/li>\n<li>Motor Bosch Ative Line Plus de 250W \/ bateria de 400Wh \/ autonomia at\u00e9 120km<\/li>\n<\/ul>\n","protected":false},"featured_media":285364,"comment_status":"closed","ping_status":"closed","template":"","meta":{"_acf_changed":false,"_et_pb_use_builder":"","_et_pb_old_content":"","_et_gb_content_width":"","inline_featured_image":false},"product_brand":[],"product_cat":[20,378],"product_tag":[],"class_list":{"0":"post-386077","1":"product","2":"type-product","3":"status-publish","4":"has-post-thumbnail","6":"product_cat-bicicletas-de-carretera","7":"product_cat-estrada","9":"first","10":"outofstock","11":"taxable","12":"shipping-taxable","13":"product-type-variable","14":"wvs-archive-product-wrapper"},"acf":[],"yoast_head":"<!-- This site is optimized with the Yoast SEO Premium plugin v26.7 (Yoast SEO v26.7) - https:\/\/yoast.com\/wordpress\/plugins\/seo\/ -->\n<title>Cannondale 650 U Aventura Neo 3.1 EQ 2022 GR-100 NEO 3,1<\/title>\n<meta name=\"description\" content=\"CANNONDALE 650 U AVDENTURE NEO 3.1 EQ 2022. Uma bicicleta el\u00e9trica projetada para as ruas da cidade.\" \/>\n<meta name=\"robots\" content=\"index, follow, max-snippet:-1, max-image-preview:large, max-video-preview:-1\" \/>\n<link rel=\"canonical\" href=\"https:\/\/gr-100.com\/pt-pt\/producto\/cannondale-650-u-aventura-neo-3-1-eq-2022\/\" \/>\n<meta property=\"og:locale\" content=\"pt_PT\" \/>\n<meta property=\"og:type\" content=\"article\" \/>\n<meta property=\"og:title\" content=\"Cannondale 650 U Aventura Neo 3.1 EQ 2022\" \/>\n<meta property=\"og:description\" content=\"CANNONDALE 650 U AVDENTURE NEO 3.1 EQ 2022. Uma bicicleta el\u00e9trica projetada para as ruas da cidade.\" \/>\n<meta property=\"og:url\" content=\"https:\/\/gr-100.com\/pt-pt\/producto\/cannondale-650-u-aventura-neo-3-1-eq-2022\/\" \/>\n<meta property=\"og:site_name\" content=\"Gr-100 Tienda de ciclismo Specialized\" \/>\n<meta property=\"article:publisher\" content=\"https:\/\/www.facebook.com\/Gr100Bikes\" \/>\n<meta property=\"article:modified_time\" content=\"2025-12-18T14:46:48+00:00\" \/>\n<meta property=\"og:image\" content=\"https:\/\/gr-100.com\/wp-content\/uploads\/2024\/05\/1-C21_C68321U_Adventure_Neo.jpg\" \/>\n\t<meta property=\"og:image:width\" content=\"1000\" \/>\n\t<meta property=\"og:image:height\" content=\"1000\" \/>\n\t<meta property=\"og:image:type\" content=\"image\/jpeg\" \/>\n<meta name=\"twitter:card\" content=\"summary_large_image\" \/>\n<meta name=\"twitter:label1\" content=\"Tempo estimado de leitura\" \/>\n\t<meta name=\"twitter:data1\" content=\"1 minuto\" \/>\n<script type=\"application\/ld+json\" class=\"yoast-schema-graph\">{\"@context\":\"https:\/\/schema.org\",\"@graph\":[{\"@type\":\"WebPage\",\"@id\":\"https:\/\/gr-100.com\/pt-pt\/producto\/cannondale-650-u-aventura-neo-3-1-eq-2022\/\",\"url\":\"https:\/\/gr-100.com\/pt-pt\/producto\/cannondale-650-u-aventura-neo-3-1-eq-2022\/\",\"name\":\"Cannondale 650 U Aventura Neo 3.1 EQ 2022 GR-100 NEO 3,1\",\"isPartOf\":{\"@id\":\"https:\/\/gr-100.com\/#website\"},\"primaryImageOfPage\":{\"@id\":\"https:\/\/gr-100.com\/pt-pt\/producto\/cannondale-650-u-aventura-neo-3-1-eq-2022\/#primaryimage\"},\"image\":{\"@id\":\"https:\/\/gr-100.com\/pt-pt\/producto\/cannondale-650-u-aventura-neo-3-1-eq-2022\/#primaryimage\"},\"thumbnailUrl\":\"https:\/\/gr-100.com\/wp-content\/uploads\/2024\/05\/1-C21_C68321U_Adventure_Neo.jpg\",\"datePublished\":\"2024-07-01T09:27:39+00:00\",\"dateModified\":\"2025-12-18T14:46:48+00:00\",\"description\":\"CANNONDALE 650 U AVDENTURE NEO 3.1 EQ 2022. Uma bicicleta el\u00e9trica projetada para as ruas da cidade.\",\"breadcrumb\":{\"@id\":\"https:\/\/gr-100.com\/pt-pt\/producto\/cannondale-650-u-aventura-neo-3-1-eq-2022\/#breadcrumb\"},\"inLanguage\":\"pt-PT\",\"potentialAction\":[{\"@type\":\"ReadAction\",\"target\":[\"https:\/\/gr-100.com\/pt-pt\/producto\/cannondale-650-u-aventura-neo-3-1-eq-2022\/\"]}]},{\"@type\":\"ImageObject\",\"inLanguage\":\"pt-PT\",\"@id\":\"https:\/\/gr-100.com\/pt-pt\/producto\/cannondale-650-u-aventura-neo-3-1-eq-2022\/#primaryimage\",\"url\":\"https:\/\/gr-100.com\/wp-content\/uploads\/2024\/05\/1-C21_C68321U_Adventure_Neo.jpg\",\"contentUrl\":\"https:\/\/gr-100.com\/wp-content\/uploads\/2024\/05\/1-C21_C68321U_Adventure_Neo.jpg\",\"width\":1000,\"height\":1000},{\"@type\":\"BreadcrumbList\",\"@id\":\"https:\/\/gr-100.com\/pt-pt\/producto\/cannondale-650-u-aventura-neo-3-1-eq-2022\/#breadcrumb\",\"itemListElement\":[{\"@type\":\"ListItem\",\"position\":1,\"name\":\"Portada\",\"item\":\"https:\/\/gr-100.com\/en\/\"},{\"@type\":\"ListItem\",\"position\":2,\"name\":\"Productos\",\"item\":\"https:\/\/gr-100.com\/?post_type=product\"},{\"@type\":\"ListItem\",\"position\":3,\"name\":\"Cannondale 650 U Aventura Neo 3.1 EQ 2022\"}]},{\"@type\":\"WebSite\",\"@id\":\"https:\/\/gr-100.com\/#website\",\"url\":\"https:\/\/gr-100.com\/\",\"name\":\"Gr-100 Tienda de ciclismo Specialized\",\"description\":\"GR-100 tenemos todas las gamas de bicicletas Specialized al mejor precio.\",\"publisher\":{\"@id\":\"https:\/\/gr-100.com\/#organization\"},\"alternateName\":\"Gr-100 Bikes\",\"potentialAction\":[{\"@type\":\"SearchAction\",\"target\":{\"@type\":\"EntryPoint\",\"urlTemplate\":\"https:\/\/gr-100.com\/?s={search_term_string}\"},\"query-input\":{\"@type\":\"PropertyValueSpecification\",\"valueRequired\":true,\"valueName\":\"search_term_string\"}}],\"inLanguage\":\"pt-PT\"},{\"@type\":\"Organization\",\"@id\":\"https:\/\/gr-100.com\/#organization\",\"name\":\"Gr-100\",\"url\":\"https:\/\/gr-100.com\/\",\"logo\":{\"@type\":\"ImageObject\",\"inLanguage\":\"pt-PT\",\"@id\":\"https:\/\/gr-100.com\/#\/schema\/logo\/image\/\",\"url\":\"https:\/\/gr-100.com\/wp-content\/uploads\/2023\/08\/logo-gr-100-bikes.png\",\"contentUrl\":\"https:\/\/gr-100.com\/wp-content\/uploads\/2023\/08\/logo-gr-100-bikes.png\",\"width\":707,\"height\":284,\"caption\":\"Gr-100\"},\"image\":{\"@id\":\"https:\/\/gr-100.com\/#\/schema\/logo\/image\/\"},\"sameAs\":[\"https:\/\/www.facebook.com\/Gr100Bikes\",\"https:\/\/www.instagram.com\/gr100bikes\/\",\"https:\/\/www.tiktok.com\/@gr100bikes\",\"https:\/\/twitter.com\/gr100mtbteam\",\"https:\/\/www.youtube.com\/c\/GR100Specialized\"]}]}<\/script>\n<!-- \/ Yoast SEO Premium plugin. -->","yoast_head_json":{"title":"Cannondale 650 U Aventura Neo 3.1 EQ 2022 GR-100 NEO 3,1","description":"CANNONDALE 650 U AVDENTURE NEO 3.1 EQ 2022. Uma bicicleta el\u00e9trica projetada para as ruas da cidade.","robots":{"index":"index","follow":"follow","max-snippet":"max-snippet:-1","max-image-preview":"max-image-preview:large","max-video-preview":"max-video-preview:-1"},"canonical":"https:\/\/gr-100.com\/pt-pt\/producto\/cannondale-650-u-aventura-neo-3-1-eq-2022\/","og_locale":"pt_PT","og_type":"article","og_title":"Cannondale 650 U Aventura Neo 3.1 EQ 2022","og_description":"CANNONDALE 650 U AVDENTURE NEO 3.1 EQ 2022. Uma bicicleta el\u00e9trica projetada para as ruas da cidade.","og_url":"https:\/\/gr-100.com\/pt-pt\/producto\/cannondale-650-u-aventura-neo-3-1-eq-2022\/","og_site_name":"Gr-100 Tienda de ciclismo Specialized","article_publisher":"https:\/\/www.facebook.com\/Gr100Bikes","article_modified_time":"2025-12-18T14:46:48+00:00","og_image":[{"width":1000,"height":1000,"url":"https:\/\/gr-100.com\/wp-content\/uploads\/2024\/05\/1-C21_C68321U_Adventure_Neo.jpg","type":"image\/jpeg"}],"twitter_card":"summary_large_image","twitter_misc":{"Tempo estimado de leitura":"1 minuto"},"schema":{"@context":"https:\/\/schema.org","@graph":[{"@type":"WebPage","@id":"https:\/\/gr-100.com\/pt-pt\/producto\/cannondale-650-u-aventura-neo-3-1-eq-2022\/","url":"https:\/\/gr-100.com\/pt-pt\/producto\/cannondale-650-u-aventura-neo-3-1-eq-2022\/","name":"Cannondale 650 U Aventura Neo 3.1 EQ 2022 GR-100 NEO 3,1","isPartOf":{"@id":"https:\/\/gr-100.com\/#website"},"primaryImageOfPage":{"@id":"https:\/\/gr-100.com\/pt-pt\/producto\/cannondale-650-u-aventura-neo-3-1-eq-2022\/#primaryimage"},"image":{"@id":"https:\/\/gr-100.com\/pt-pt\/producto\/cannondale-650-u-aventura-neo-3-1-eq-2022\/#primaryimage"},"thumbnailUrl":"https:\/\/gr-100.com\/wp-content\/uploads\/2024\/05\/1-C21_C68321U_Adventure_Neo.jpg","datePublished":"2024-07-01T09:27:39+00:00","dateModified":"2025-12-18T14:46:48+00:00","description":"CANNONDALE 650 U AVDENTURE NEO 3.1 EQ 2022. Uma bicicleta el\u00e9trica projetada para as ruas da cidade.","breadcrumb":{"@id":"https:\/\/gr-100.com\/pt-pt\/producto\/cannondale-650-u-aventura-neo-3-1-eq-2022\/#breadcrumb"},"inLanguage":"pt-PT","potentialAction":[{"@type":"ReadAction","target":["https:\/\/gr-100.com\/pt-pt\/producto\/cannondale-650-u-aventura-neo-3-1-eq-2022\/"]}]},{"@type":"ImageObject","inLanguage":"pt-PT","@id":"https:\/\/gr-100.com\/pt-pt\/producto\/cannondale-650-u-aventura-neo-3-1-eq-2022\/#primaryimage","url":"https:\/\/gr-100.com\/wp-content\/uploads\/2024\/05\/1-C21_C68321U_Adventure_Neo.jpg","contentUrl":"https:\/\/gr-100.com\/wp-content\/uploads\/2024\/05\/1-C21_C68321U_Adventure_Neo.jpg","width":1000,"height":1000},{"@type":"BreadcrumbList","@id":"https:\/\/gr-100.com\/pt-pt\/producto\/cannondale-650-u-aventura-neo-3-1-eq-2022\/#breadcrumb","itemListElement":[{"@type":"ListItem","position":1,"name":"Portada","item":"https:\/\/gr-100.com\/en\/"},{"@type":"ListItem","position":2,"name":"Productos","item":"https:\/\/gr-100.com\/?post_type=product"},{"@type":"ListItem","position":3,"name":"Cannondale 650 U Aventura Neo 3.1 EQ 2022"}]},{"@type":"WebSite","@id":"https:\/\/gr-100.com\/#website","url":"https:\/\/gr-100.com\/","name":"Gr-100 Tienda de ciclismo Specialized","description":"GR-100 tenemos todas las gamas de bicicletas Specialized al mejor precio.","publisher":{"@id":"https:\/\/gr-100.com\/#organization"},"alternateName":"Gr-100 Bikes","potentialAction":[{"@type":"SearchAction","target":{"@type":"EntryPoint","urlTemplate":"https:\/\/gr-100.com\/?s={search_term_string}"},"query-input":{"@type":"PropertyValueSpecification","valueRequired":true,"valueName":"search_term_string"}}],"inLanguage":"pt-PT"},{"@type":"Organization","@id":"https:\/\/gr-100.com\/#organization","name":"Gr-100","url":"https:\/\/gr-100.com\/","logo":{"@type":"ImageObject","inLanguage":"pt-PT","@id":"https:\/\/gr-100.com\/#\/schema\/logo\/image\/","url":"https:\/\/gr-100.com\/wp-content\/uploads\/2023\/08\/logo-gr-100-bikes.png","contentUrl":"https:\/\/gr-100.com\/wp-content\/uploads\/2023\/08\/logo-gr-100-bikes.png","width":707,"height":284,"caption":"Gr-100"},"image":{"@id":"https:\/\/gr-100.com\/#\/schema\/logo\/image\/"},"sameAs":["https:\/\/www.facebook.com\/Gr100Bikes","https:\/\/www.instagram.com\/gr100bikes\/","https:\/\/www.tiktok.com\/@gr100bikes","https:\/\/twitter.com\/gr100mtbteam","https:\/\/www.youtube.com\/c\/GR100Specialized"]}]}},"_links":{"self":[{"href":"https:\/\/gr-100.com\/pt-pt\/wp-json\/wp\/v2\/product\/386077","targetHints":{"allow":["GET"]}}],"collection":[{"href":"https:\/\/gr-100.com\/pt-pt\/wp-json\/wp\/v2\/product"}],"about":[{"href":"https:\/\/gr-100.com\/pt-pt\/wp-json\/wp\/v2\/types\/product"}],"replies":[{"embeddable":true,"href":"https:\/\/gr-100.com\/pt-pt\/wp-json\/wp\/v2\/comments?post=386077"}],"wp:featuredmedia":[{"embeddable":true,"href":"https:\/\/gr-100.com\/pt-pt\/wp-json\/wp\/v2\/media\/285364"}],"wp:attachment":[{"href":"https:\/\/gr-100.com\/pt-pt\/wp-json\/wp\/v2\/media?parent=386077"}],"wp:term":[{"taxonomy":"product_brand","embeddable":true,"href":"https:\/\/gr-100.com\/pt-pt\/wp-json\/wp\/v2\/product_brand?post=386077"},{"taxonomy":"product_cat","embeddable":true,"href":"https:\/\/gr-100.com\/pt-pt\/wp-json\/wp\/v2\/product_cat?post=386077"},{"taxonomy":"product_tag","embeddable":true,"href":"https:\/\/gr-100.com\/pt-pt\/wp-json\/wp\/v2\/product_tag?post=386077"}],"curies":[{"name":"wp","href":"https:\/\/api.w.org\/{rel}","templated":true}]}}