{"id":386085,"date":"2024-07-01T09:36:12","date_gmt":"2024-07-01T09:36:12","guid":{"rendered":"https:\/\/gr-100.com\/producto\/cannondale-29-u-moterra-neo-4-2022\/"},"modified":"2025-12-18T16:46:49","modified_gmt":"2025-12-18T14:46:49","slug":"cannondale-29-u-moterra-neo-4-2022","status":"publish","type":"product","link":"https:\/\/gr-100.com\/pt-pt\/producto\/cannondale-29-u-moterra-neo-4-2022\/","title":{"rendered":"Cannondale 29 U Moterra Neo 4 2022"},"content":{"rendered":"<p><iframe src=\"https:\/\/www.youtube.com\/embed\/e8mJtzZDXFo\" width=\"560\" height=\"315\" frameborder=\"0\" allowfullscreen=\"allowfullscreen\"><\/iframe>  CARATER\u00cdSTICAS:  <\/p>\n<ul>\n<li>Sensores de roda: Sensor de roda Cannondale<\/li>\n<li>Corrente: SRAM SX Eagle, 12 velocidades<\/li>\n<li>Virabrequim: FSA E-Bike, 165mm, SRAM Eagle, a\u00e7o 34T<\/li>\n<li>Descarrilador frontal:: N\/A<\/li>\n<li>Rodas dentadas: SRAM PG-1210, SX Eagle, 11-50, 12 velocidades<\/li>\n<li>Descarrilador traseiro: SRAM SX Eagle<\/li>\n<li>Engrenagens: SRAM NX Eagle, 12 velocidades<\/li>\n<li>Jante: RockShox 35 Silver R, 150mm, Solo Air, 15x110mm stealth thru-axle, dire\u00e7\u00e3o c\u00f4nica, 51mm offset<\/li>\n<li>Estrutura: curso de 150mm, liga SmartForm C2, suspens\u00e3o sintonizada Cannondale, bateria downtube remov\u00edvel, roteamento de cabo interno, eixo de truco de 148x12mm, freio p\u00f3s-montagem, tubo de cabe\u00e7a c\u00f4nico<\/li>\n<li>Fone de ouvido: rolamento selado integrado, c\u00f4nico<\/li>\n<li>Choque traseiro: RockShox Deluxe Select R, DebonAir<\/li>\n<li>Capa frontal: Maxxis Rekon, 29 x 2.6&#8243;, 60TPI Exo<\/li>\n<li>Cubo dianteiro: Shimano MT400, eixo thru 15x110mm<\/li>\n<li>Cubo de tr\u00eas rodas: Shimano MT400, eixo thru 12x148mm<\/li>\n<li>Tampa Traseira: Maxxis Rekon, 29 x 2.6&#8243;, 60TPI Exo<\/li>\n<li>Jantes: WTB STX i25 TCS, 32h, sem tubo pronto<\/li>\n<li>Raios: A\u00e7o inoxid\u00e1vel, 14g<\/li>\n<li>Medi\u00e7\u00e3o de cobertura; 2.6<\/li>\n<li>Pneus: Maxxis Rekon, 29 x 2.6&#8243;, 60TPI Exo<\/li>\n<li>Tamanho da roda: 29<\/li>\n<li>Alavancas de freio: disco hidr\u00e1ulico TRP<\/li>\n<li>Freios: TRP Slate G4 4 Piston disco hidr\u00e1ulico, rotores 200\/200mm<\/li>\n<li>Punhos: Tecido Funguy<\/li>\n<li>Guiador: Cannondale 3 Riser, liga 6061, eleva\u00e7\u00e3o de 15mm, varredura de 8\u00b0, eleva\u00e7\u00e3o de 4\u00b0, eleva\u00e7\u00e3o de 780mm<\/li>\n<li>Sela: Cannondale Ergo XC<\/li>\n<li>Poste de assento: Conta-gotas TranzX, roteamento interno, 31.6, 100mm (S), 120mm (M), 130mm (L-XL)<\/li>\n<li>Unidade de acionamento do sistema E: Shimano EP8<\/li>\n<li>Bateria: Shimano BT-E8036, 630Wh<\/li>\n<li>Carregador: Shimano Carregador de Bateria 2A<\/li>\n<li>Monitor: Shimano SC<\/li>\n<\/ul>\n","protected":false},"excerpt":{"rendered":"<p>Um enduro eMTB com SRAM SX, garfo RockShox 35 Silver R de 150mm e motor Shimano.<br \/>\nQuadro de alum\u00ednio SmartForm C2 Premium \/ RockShox 35 Silver R 150mm garfo de curso Shimano EP8 motor \/ 630Wh bateria SRAM NX\/SX Eagle 12-speed drivetrain \/ TRP Slate freios a disco de 4 pist\u00f5es <\/p>\n","protected":false},"featured_media":285430,"comment_status":"closed","ping_status":"closed","template":"","meta":{"_acf_changed":false,"_et_pb_use_builder":"","_et_pb_old_content":"","_et_gb_content_width":"","inline_featured_image":false},"product_brand":[],"product_cat":[20,378],"product_tag":[],"class_list":{"0":"post-386085","1":"product","2":"type-product","3":"status-publish","4":"has-post-thumbnail","6":"product_cat-bicicletas-de-carretera","7":"product_cat-estrada","9":"first","10":"outofstock","11":"taxable","12":"shipping-taxable","13":"product-type-variable","14":"wvs-archive-product-wrapper"},"acf":[],"yoast_head":"<!-- This site is optimized with the Yoast SEO Premium plugin v26.7 (Yoast SEO v26.7) - https:\/\/yoast.com\/wordpress\/plugins\/seo\/ -->\n<title>Cannondale 29 U Moterra Neo 4 2022 GR-100 MOTERRA<\/title>\n<meta name=\"description\" content=\"CANNONDALE 29 U MOTERRA NEO 4 2022. Um enduro eMTB com SRAM SX, garfo RockShox 35 Silver R de 150mm e motor Shimano\" \/>\n<meta name=\"robots\" content=\"index, follow, max-snippet:-1, max-image-preview:large, max-video-preview:-1\" \/>\n<link rel=\"canonical\" href=\"https:\/\/gr-100.com\/pt-pt\/producto\/cannondale-29-u-moterra-neo-4-2022\/\" \/>\n<meta property=\"og:locale\" content=\"pt_PT\" \/>\n<meta property=\"og:type\" content=\"article\" \/>\n<meta property=\"og:title\" content=\"Cannondale 29 U Moterra Neo 4 2022\" \/>\n<meta property=\"og:description\" content=\"CANNONDALE 29 U MOTERRA NEO 4 2022. Um enduro eMTB com SRAM SX, garfo RockShox 35 Silver R de 150mm e motor Shimano\" \/>\n<meta property=\"og:url\" content=\"https:\/\/gr-100.com\/pt-pt\/producto\/cannondale-29-u-moterra-neo-4-2022\/\" \/>\n<meta property=\"og:site_name\" content=\"Gr-100 Tienda de ciclismo Specialized\" \/>\n<meta property=\"article:publisher\" content=\"https:\/\/www.facebook.com\/Gr100Bikes\" \/>\n<meta property=\"article:modified_time\" content=\"2025-12-18T14:46:49+00:00\" \/>\n<meta property=\"og:image\" content=\"https:\/\/gr-100.com\/wp-content\/uploads\/2024\/05\/1-C21_C65411U_Moterra_Neo_4.jpg\" \/>\n\t<meta property=\"og:image:width\" content=\"1000\" \/>\n\t<meta property=\"og:image:height\" content=\"1000\" \/>\n\t<meta property=\"og:image:type\" content=\"image\/jpeg\" \/>\n<meta name=\"twitter:card\" content=\"summary_large_image\" \/>\n<meta name=\"twitter:label1\" content=\"Tempo estimado de leitura\" \/>\n\t<meta name=\"twitter:data1\" content=\"1 minuto\" \/>\n<script type=\"application\/ld+json\" class=\"yoast-schema-graph\">{\"@context\":\"https:\/\/schema.org\",\"@graph\":[{\"@type\":\"WebPage\",\"@id\":\"https:\/\/gr-100.com\/pt-pt\/producto\/cannondale-29-u-moterra-neo-4-2022\/\",\"url\":\"https:\/\/gr-100.com\/pt-pt\/producto\/cannondale-29-u-moterra-neo-4-2022\/\",\"name\":\"Cannondale 29 U Moterra Neo 4 2022 GR-100 MOTERRA\",\"isPartOf\":{\"@id\":\"https:\/\/gr-100.com\/#website\"},\"primaryImageOfPage\":{\"@id\":\"https:\/\/gr-100.com\/pt-pt\/producto\/cannondale-29-u-moterra-neo-4-2022\/#primaryimage\"},\"image\":{\"@id\":\"https:\/\/gr-100.com\/pt-pt\/producto\/cannondale-29-u-moterra-neo-4-2022\/#primaryimage\"},\"thumbnailUrl\":\"https:\/\/gr-100.com\/wp-content\/uploads\/2024\/05\/1-C21_C65411U_Moterra_Neo_4.jpg\",\"datePublished\":\"2024-07-01T09:36:12+00:00\",\"dateModified\":\"2025-12-18T14:46:49+00:00\",\"description\":\"CANNONDALE 29 U MOTERRA NEO 4 2022. Um enduro eMTB com SRAM SX, garfo RockShox 35 Silver R de 150mm e motor Shimano\",\"breadcrumb\":{\"@id\":\"https:\/\/gr-100.com\/pt-pt\/producto\/cannondale-29-u-moterra-neo-4-2022\/#breadcrumb\"},\"inLanguage\":\"pt-PT\",\"potentialAction\":[{\"@type\":\"ReadAction\",\"target\":[\"https:\/\/gr-100.com\/pt-pt\/producto\/cannondale-29-u-moterra-neo-4-2022\/\"]}]},{\"@type\":\"ImageObject\",\"inLanguage\":\"pt-PT\",\"@id\":\"https:\/\/gr-100.com\/pt-pt\/producto\/cannondale-29-u-moterra-neo-4-2022\/#primaryimage\",\"url\":\"https:\/\/gr-100.com\/wp-content\/uploads\/2024\/05\/1-C21_C65411U_Moterra_Neo_4.jpg\",\"contentUrl\":\"https:\/\/gr-100.com\/wp-content\/uploads\/2024\/05\/1-C21_C65411U_Moterra_Neo_4.jpg\",\"width\":1000,\"height\":1000},{\"@type\":\"BreadcrumbList\",\"@id\":\"https:\/\/gr-100.com\/pt-pt\/producto\/cannondale-29-u-moterra-neo-4-2022\/#breadcrumb\",\"itemListElement\":[{\"@type\":\"ListItem\",\"position\":1,\"name\":\"Portada\",\"item\":\"https:\/\/gr-100.com\/en\/\"},{\"@type\":\"ListItem\",\"position\":2,\"name\":\"Productos\",\"item\":\"https:\/\/gr-100.com\/?post_type=product\"},{\"@type\":\"ListItem\",\"position\":3,\"name\":\"Cannondale 29 U Moterra Neo 4 2022\"}]},{\"@type\":\"WebSite\",\"@id\":\"https:\/\/gr-100.com\/#website\",\"url\":\"https:\/\/gr-100.com\/\",\"name\":\"Gr-100 Tienda de ciclismo Specialized\",\"description\":\"GR-100 tenemos todas las gamas de bicicletas Specialized al mejor precio.\",\"publisher\":{\"@id\":\"https:\/\/gr-100.com\/#organization\"},\"alternateName\":\"Gr-100 Bikes\",\"potentialAction\":[{\"@type\":\"SearchAction\",\"target\":{\"@type\":\"EntryPoint\",\"urlTemplate\":\"https:\/\/gr-100.com\/?s={search_term_string}\"},\"query-input\":{\"@type\":\"PropertyValueSpecification\",\"valueRequired\":true,\"valueName\":\"search_term_string\"}}],\"inLanguage\":\"pt-PT\"},{\"@type\":\"Organization\",\"@id\":\"https:\/\/gr-100.com\/#organization\",\"name\":\"Gr-100\",\"url\":\"https:\/\/gr-100.com\/\",\"logo\":{\"@type\":\"ImageObject\",\"inLanguage\":\"pt-PT\",\"@id\":\"https:\/\/gr-100.com\/#\/schema\/logo\/image\/\",\"url\":\"https:\/\/gr-100.com\/wp-content\/uploads\/2023\/08\/logo-gr-100-bikes.png\",\"contentUrl\":\"https:\/\/gr-100.com\/wp-content\/uploads\/2023\/08\/logo-gr-100-bikes.png\",\"width\":707,\"height\":284,\"caption\":\"Gr-100\"},\"image\":{\"@id\":\"https:\/\/gr-100.com\/#\/schema\/logo\/image\/\"},\"sameAs\":[\"https:\/\/www.facebook.com\/Gr100Bikes\",\"https:\/\/www.instagram.com\/gr100bikes\/\",\"https:\/\/www.tiktok.com\/@gr100bikes\",\"https:\/\/twitter.com\/gr100mtbteam\",\"https:\/\/www.youtube.com\/c\/GR100Specialized\"]}]}<\/script>\n<!-- \/ Yoast SEO Premium plugin. -->","yoast_head_json":{"title":"Cannondale 29 U Moterra Neo 4 2022 GR-100 MOTERRA","description":"CANNONDALE 29 U MOTERRA NEO 4 2022. Um enduro eMTB com SRAM SX, garfo RockShox 35 Silver R de 150mm e motor Shimano","robots":{"index":"index","follow":"follow","max-snippet":"max-snippet:-1","max-image-preview":"max-image-preview:large","max-video-preview":"max-video-preview:-1"},"canonical":"https:\/\/gr-100.com\/pt-pt\/producto\/cannondale-29-u-moterra-neo-4-2022\/","og_locale":"pt_PT","og_type":"article","og_title":"Cannondale 29 U Moterra Neo 4 2022","og_description":"CANNONDALE 29 U MOTERRA NEO 4 2022. Um enduro eMTB com SRAM SX, garfo RockShox 35 Silver R de 150mm e motor Shimano","og_url":"https:\/\/gr-100.com\/pt-pt\/producto\/cannondale-29-u-moterra-neo-4-2022\/","og_site_name":"Gr-100 Tienda de ciclismo Specialized","article_publisher":"https:\/\/www.facebook.com\/Gr100Bikes","article_modified_time":"2025-12-18T14:46:49+00:00","og_image":[{"width":1000,"height":1000,"url":"https:\/\/gr-100.com\/wp-content\/uploads\/2024\/05\/1-C21_C65411U_Moterra_Neo_4.jpg","type":"image\/jpeg"}],"twitter_card":"summary_large_image","twitter_misc":{"Tempo estimado de leitura":"1 minuto"},"schema":{"@context":"https:\/\/schema.org","@graph":[{"@type":"WebPage","@id":"https:\/\/gr-100.com\/pt-pt\/producto\/cannondale-29-u-moterra-neo-4-2022\/","url":"https:\/\/gr-100.com\/pt-pt\/producto\/cannondale-29-u-moterra-neo-4-2022\/","name":"Cannondale 29 U Moterra Neo 4 2022 GR-100 MOTERRA","isPartOf":{"@id":"https:\/\/gr-100.com\/#website"},"primaryImageOfPage":{"@id":"https:\/\/gr-100.com\/pt-pt\/producto\/cannondale-29-u-moterra-neo-4-2022\/#primaryimage"},"image":{"@id":"https:\/\/gr-100.com\/pt-pt\/producto\/cannondale-29-u-moterra-neo-4-2022\/#primaryimage"},"thumbnailUrl":"https:\/\/gr-100.com\/wp-content\/uploads\/2024\/05\/1-C21_C65411U_Moterra_Neo_4.jpg","datePublished":"2024-07-01T09:36:12+00:00","dateModified":"2025-12-18T14:46:49+00:00","description":"CANNONDALE 29 U MOTERRA NEO 4 2022. Um enduro eMTB com SRAM SX, garfo RockShox 35 Silver R de 150mm e motor Shimano","breadcrumb":{"@id":"https:\/\/gr-100.com\/pt-pt\/producto\/cannondale-29-u-moterra-neo-4-2022\/#breadcrumb"},"inLanguage":"pt-PT","potentialAction":[{"@type":"ReadAction","target":["https:\/\/gr-100.com\/pt-pt\/producto\/cannondale-29-u-moterra-neo-4-2022\/"]}]},{"@type":"ImageObject","inLanguage":"pt-PT","@id":"https:\/\/gr-100.com\/pt-pt\/producto\/cannondale-29-u-moterra-neo-4-2022\/#primaryimage","url":"https:\/\/gr-100.com\/wp-content\/uploads\/2024\/05\/1-C21_C65411U_Moterra_Neo_4.jpg","contentUrl":"https:\/\/gr-100.com\/wp-content\/uploads\/2024\/05\/1-C21_C65411U_Moterra_Neo_4.jpg","width":1000,"height":1000},{"@type":"BreadcrumbList","@id":"https:\/\/gr-100.com\/pt-pt\/producto\/cannondale-29-u-moterra-neo-4-2022\/#breadcrumb","itemListElement":[{"@type":"ListItem","position":1,"name":"Portada","item":"https:\/\/gr-100.com\/en\/"},{"@type":"ListItem","position":2,"name":"Productos","item":"https:\/\/gr-100.com\/?post_type=product"},{"@type":"ListItem","position":3,"name":"Cannondale 29 U Moterra Neo 4 2022"}]},{"@type":"WebSite","@id":"https:\/\/gr-100.com\/#website","url":"https:\/\/gr-100.com\/","name":"Gr-100 Tienda de ciclismo Specialized","description":"GR-100 tenemos todas las gamas de bicicletas Specialized al mejor precio.","publisher":{"@id":"https:\/\/gr-100.com\/#organization"},"alternateName":"Gr-100 Bikes","potentialAction":[{"@type":"SearchAction","target":{"@type":"EntryPoint","urlTemplate":"https:\/\/gr-100.com\/?s={search_term_string}"},"query-input":{"@type":"PropertyValueSpecification","valueRequired":true,"valueName":"search_term_string"}}],"inLanguage":"pt-PT"},{"@type":"Organization","@id":"https:\/\/gr-100.com\/#organization","name":"Gr-100","url":"https:\/\/gr-100.com\/","logo":{"@type":"ImageObject","inLanguage":"pt-PT","@id":"https:\/\/gr-100.com\/#\/schema\/logo\/image\/","url":"https:\/\/gr-100.com\/wp-content\/uploads\/2023\/08\/logo-gr-100-bikes.png","contentUrl":"https:\/\/gr-100.com\/wp-content\/uploads\/2023\/08\/logo-gr-100-bikes.png","width":707,"height":284,"caption":"Gr-100"},"image":{"@id":"https:\/\/gr-100.com\/#\/schema\/logo\/image\/"},"sameAs":["https:\/\/www.facebook.com\/Gr100Bikes","https:\/\/www.instagram.com\/gr100bikes\/","https:\/\/www.tiktok.com\/@gr100bikes","https:\/\/twitter.com\/gr100mtbteam","https:\/\/www.youtube.com\/c\/GR100Specialized"]}]}},"_links":{"self":[{"href":"https:\/\/gr-100.com\/pt-pt\/wp-json\/wp\/v2\/product\/386085","targetHints":{"allow":["GET"]}}],"collection":[{"href":"https:\/\/gr-100.com\/pt-pt\/wp-json\/wp\/v2\/product"}],"about":[{"href":"https:\/\/gr-100.com\/pt-pt\/wp-json\/wp\/v2\/types\/product"}],"replies":[{"embeddable":true,"href":"https:\/\/gr-100.com\/pt-pt\/wp-json\/wp\/v2\/comments?post=386085"}],"wp:featuredmedia":[{"embeddable":true,"href":"https:\/\/gr-100.com\/pt-pt\/wp-json\/wp\/v2\/media\/285430"}],"wp:attachment":[{"href":"https:\/\/gr-100.com\/pt-pt\/wp-json\/wp\/v2\/media?parent=386085"}],"wp:term":[{"taxonomy":"product_brand","embeddable":true,"href":"https:\/\/gr-100.com\/pt-pt\/wp-json\/wp\/v2\/product_brand?post=386085"},{"taxonomy":"product_cat","embeddable":true,"href":"https:\/\/gr-100.com\/pt-pt\/wp-json\/wp\/v2\/product_cat?post=386085"},{"taxonomy":"product_tag","embeddable":true,"href":"https:\/\/gr-100.com\/pt-pt\/wp-json\/wp\/v2\/product_tag?post=386085"}],"curies":[{"name":"wp","href":"https:\/\/api.w.org\/{rel}","templated":true}]}}