{"id":386095,"date":"2024-07-01T09:36:39","date_gmt":"2024-07-01T07:36:39","guid":{"rendered":"https:\/\/gr-100.com\/producto\/especializado-kenevo-comp-6fattie-2022\/"},"modified":"2025-11-26T16:25:42","modified_gmt":"2025-11-26T14:25:42","slug":"especializado-kenevo-comp-6fattie-2022","status":"publish","type":"product","link":"https:\/\/gr-100.com\/pt-pt\/producto\/especializado-kenevo-comp-6fattie-2022\/","title":{"rendered":"Specialized Kenevo Comp 6Fattie 2022"},"content":{"rendered":"<p>O motor Specialized 2.1 Specialized amplifica a sua entrada de pedalada em at\u00e9 410%. E quando se trata de autonomia, a nossa bateria de 500 watts-hora d\u00e1-lhe uma vasta gama de autonomia. Al\u00e9m disso, com a nossa aplica\u00e7\u00e3o Mission Control pode controlar a gest\u00e3o da bateria automaticamente, garantindo que a bateria durar\u00e1 o tempo que precisar. Mais pot\u00eancia. Mais quil\u00f3metros por viagem. Mais impressionante. \u2022 A estrutura do bra\u00e7o lateral em alum\u00ednio M5 oferece excelente qualidade de condu\u00e7\u00e3o e controlo. \u2022 O motor mais suave e potente do mercado. \u2022 180mm de suspens\u00e3o dianteira e traseira, cortesia de Marzocchi.     <\/p>\n<ul>\n<li>O quadro de alum\u00ednio Kenevo completamente redesenhado apresenta um M5 de alum\u00ednio dianteiro e traseiro, um design assim\u00e9trico do bra\u00e7o lateral e uma nova trajet\u00f3ria do eixo e curva da alavanca que d\u00e3o \u00e0 moto n\u00edveis de controle nunca vistos antes nas trilhas mais dif\u00edceis.<\/li>\n<li>Fox Float X Performance Series oferece 180 mm de suspens\u00e3o macia, bem como compress\u00e3o ajust\u00e1vel a baixa velocidade e rebote, para ajud\u00e1-lo a ajustar a moto ao seu estilo e terreno.<\/li>\n<li>O garfo pneum\u00e1tico Marzzochi Bomber Z1 possui 180 mm de suspens\u00e3o dianteira lisa e controlada.<br \/>\nAs caracter\u00edsticas incluem FOX GRIP e tubo interno EVOL para maior progressividade.<br \/>\nSimples, confort\u00e1vel e absolutamente eficiente quando se trata de engolir qualquer pedra ou raiz que venha em seu caminho.  <\/li>\n<li>O motor Specialized 2.2 representa o auge da tecnologia de motores de e-bike.<br \/>\nO novo motor \u00e9 mais eficiente, 15% menor e 11% mais leve do que seu antecessor.<br \/>\nTem muitas outras caracter\u00edsticas, tais como ativa\u00e7\u00e3o instant\u00e2nea, fant\u00e1stica gest\u00e3o de calor, um design de roda livre dupla que desacopla a caixa de velocidades quando a moto atinge a velocidade m\u00e1xima, e uma sa\u00edda silenciosa, suave e consistente, mesmo na pot\u00eancia m\u00e1xima.  <\/li>\n<li>Este Turbo tem uma bateria Specialized da s\u00e9rie M2 que tem 500Wh de capacidade.<br \/>\nA bateria potente est\u00e1 perfeitamente integrada no interior do quadro e \u00e9 facilmente removida em segundos, com uma simples chave allen. <\/li>\n<\/ul>\n<h5><strong>Especifica\u00e7\u00f5es<\/strong><\/h5>\n<ul>\n<li>2021 FORK<br \/>\n, Bomber Z1, 27.5in, Marzocchi, 180, Grip, Sweep-Adj, Matte Blk, Logo Blk Neutro\/Mate, Kabolt 110, BLK, 1.5 T, 44mm Rake, N\/M OE.<br \/>\nABRA\u00c7O. Liga de sela<br \/>\n, 38.6mm<\/li>\n<li>FRAME<br \/>\nSpecialized M5 Premium Aluminum, 27.5 Trail Geometry, bateria de tubo descendente integrada, cabo interno fechado, roteamento de posto de comando, espa\u00e7amento de 148 mm, rolamentos de cartucho totalmente selados, 180 mm de curso<\/li>\n<li>SWAT<br \/>\nSpecialized Z-Cage, Swat CC Multi Tool em tubo direcional sem Chaintool<\/li>\n<li>Fox Float X Performance Series SHOCK, 230&#215;62,5 mil\u00edmetros\n<\/li>\n<li>Bridge Comp SADDLE,<br \/>\n Trilhos ocos Cr-mo, 155\/143mm<\/li>\n<li>STEM<br \/>\nAlloy Trail Stem, furo em barra de 35 mm<\/li>\n<li>Specialized\n<\/li>\n<li>GUID\u00c3O<br \/>\nSpecialized, liga 6061, upsweep de 6 graus, backsweep de 8 graus, eleva\u00e7\u00e3o de 30mm, largura de 780mm<\/li>\n<li>SEATPOST<br \/>\nX-Fusion Manic, infinitamente ajust\u00e1vel, cabe\u00e7a de dois parafusos, roteamento de cabo de montagem inferior, alavanca remota SRL LE, 34.9mm, S: 125mm, M\/L: 150mm, XL: 170mm<\/li>\n<li>SRAM C\u00f3digo R FREIO DIANTEIRO<br \/>\n, pin\u00e7a de 4 pist\u00f5es, disco hidr\u00e1ulico, 220mmSRAM<\/li>\n<li>Freio<br \/>\n traseiro SRAM Code R, pin\u00e7a de 4 pist\u00f5es, disco hidr\u00e1ulico, 200mmSRAM<\/li>\n<li>Praxis forjado M30 BOTTOM BRACKET<br \/>\n, deslocamento personalizado, 160mm<\/li>\n<li>SRAM GX Eagle, derailleur<br \/>\nSRAM traseiro de 12 velocidades<\/li>\n<li>SRAM GX Eagle shifters, gatilho, 12 velocidades<br \/>\n, clique \u00fanicoSRAM<\/li>\n<li>SRAM NX Eagle PG-1230 CASSETTE,<br \/>\n 12 velocidades, 11-50tSRAM<\/li>\n<li>SRAM NX Eagle CHAIN<br \/>\nSRAM de 12 velocidades<\/li>\n<li>SRAM X-Sync Eagle CHAINRINGS<br \/>\n, 104BCD, 32T, a\u00e7o<\/li>\n<li>RIMS<br \/>\nRoval 27.5&#8243; Liga DH, 28mm largura interna, 32h, pronto sem tubo<\/li>\n<li>CUBO TRASEIRO<br \/>\nLiga, rolamentos de cartucho selados, eixo thru 12x148mm, 32h<\/li>\n<li>CUBO DIANTEIRO<br \/>\nLiga, rolamentos de cartucho selados, eixo thru 15x110mm, 28h<\/li>\n<li>PNEU.<br \/>\nButcher Grid Gravidade 2Bliss Ready T9, 27,5 x 2,6&#8243;<\/li>\n<li>Tneu TRASEIRO<br \/>\n Butcher Grid Gravity 2Bliss Ready T9, 27,5 x 2,6&#8243;<\/li>\n<li>DT Ind\u00fastria Su\u00ed\u00e7a R\u00c1DIOS\n<\/li>\n<li>Presta CAMERAS,<br \/>\n v\u00e1lvula de 40mm<\/li>\n<li>CABLING<br \/>\n Specialized<\/li>\n<li>Carregador<br \/>\n personalizado, 42V4A c\/ ficha Rosenberger<\/li>\n<li>Specialized<br \/>\n especializada M2-500, bateria integrada com prote\u00e7\u00e3o de rocha, 500Wh<\/li>\n<li>UI\/REMOTE<br \/>\nSpecialized , 10-LED Estado de carga, 3-LED Ride Mode display, ANT + \/ Bluetooth\u00ae, w \/ Handlebar remoto<\/li>\n<li>MOTOR<br \/>\nSpecialized Full Power System 2.2 Motor<\/li>\n<\/ul>\n","protected":false},"excerpt":{"rendered":"<p>O Kenevo \u00e9 o eMTB de melhor desempenho que voc\u00ea pode encontrar, com 180 mm de suspens\u00e3o dianteira e traseira, o motor mais suave e potente dispon\u00edvel, e agora com mais quil\u00f4metros por carga do que nunca.<br \/>\nO nosso modelo Kenevo Comp combina toda essa tecnologia com um conjunto de componentes escolhidos de forma inteligente que ir\u00e3o suportar as condi\u00e7\u00f5es e utilizadores mais exigentes.   <strong>Promo\u00e7\u00e3o especial Specialized 500 Wh bateria presente.  <\/strong>(Promo\u00e7\u00e3o v\u00e1lida enquanto durarem os stocks).<\/p>\n","protected":false},"featured_media":273737,"comment_status":"closed","ping_status":"closed","template":"","meta":{"_acf_changed":false,"_et_pb_use_builder":"","_et_pb_old_content":"","_et_gb_content_width":"","inline_featured_image":false},"product_brand":[],"product_cat":[2459,391,2483,2460,3255],"product_tag":[],"class_list":{"0":"post-386095","1":"product","2":"type-product","3":"status-publish","4":"has-post-thumbnail","6":"product_cat-bicicletas-pt-pt-2","7":"product_cat-eletricas","8":"product_cat-bicicletas-especializadas","9":"product_cat-ofertas-pt-pt","10":"product_cat-oferta-eletrica","11":"product_shipping_class-bicicletas-pt-pt","13":"first","14":"outofstock","15":"taxable","16":"shipping-taxable","17":"product-type-variable","18":"wvs-archive-product-wrapper"},"acf":[],"yoast_head":"<!-- This site is optimized with the Yoast SEO Premium plugin v26.7 (Yoast SEO v26.7) - https:\/\/yoast.com\/wordpress\/plugins\/seo\/ -->\n<title>Specialized Kenevo Comp 6Fattie 2022 - GR-100<\/title>\n<meta name=\"description\" content=\"Specialized Kenevo Comp 6Fattie 2022. \u00c9 o eMTB de melhor desempenho que pode encontrar, com 180 mm de suspens\u00e3o dianteira e traseira.\" \/>\n<meta name=\"robots\" content=\"index, follow, max-snippet:-1, max-image-preview:large, max-video-preview:-1\" \/>\n<link rel=\"canonical\" href=\"https:\/\/gr-100.com\/pt-pt\/producto\/especializado-kenevo-comp-6fattie-2022\/\" \/>\n<meta property=\"og:locale\" content=\"pt_PT\" \/>\n<meta property=\"og:type\" content=\"article\" \/>\n<meta property=\"og:title\" content=\"Specialized Kenevo Comp 6Fattie 2022\" \/>\n<meta property=\"og:description\" content=\"Specialized Kenevo Comp 6Fattie 2022. \u00c9 o eMTB de melhor desempenho que pode encontrar, com 180 mm de suspens\u00e3o dianteira e traseira.\" \/>\n<meta property=\"og:url\" content=\"https:\/\/gr-100.com\/pt-pt\/producto\/especializado-kenevo-comp-6fattie-2022\/\" \/>\n<meta property=\"og:site_name\" content=\"Gr-100 Tienda de ciclismo Specialized\" \/>\n<meta property=\"article:publisher\" content=\"https:\/\/www.facebook.com\/Gr100Bikes\" \/>\n<meta property=\"article:modified_time\" content=\"2025-11-26T14:25:42+00:00\" \/>\n<meta property=\"og:image\" content=\"https:\/\/gr-100.com\/wp-content\/uploads\/2024\/05\/specialized-kenevo-comp-fat.jpg\" \/>\n\t<meta property=\"og:image:width\" content=\"1000\" \/>\n\t<meta property=\"og:image:height\" content=\"1000\" \/>\n\t<meta property=\"og:image:type\" content=\"image\/jpeg\" \/>\n<meta name=\"twitter:card\" content=\"summary_large_image\" \/>\n<meta name=\"twitter:label1\" content=\"Tempo estimado de leitura\" \/>\n\t<meta name=\"twitter:data1\" content=\"3 minutos\" \/>\n<script type=\"application\/ld+json\" class=\"yoast-schema-graph\">{\"@context\":\"https:\/\/schema.org\",\"@graph\":[{\"@type\":\"WebPage\",\"@id\":\"https:\/\/gr-100.com\/pt-pt\/producto\/especializado-kenevo-comp-6fattie-2022\/\",\"url\":\"https:\/\/gr-100.com\/pt-pt\/producto\/especializado-kenevo-comp-6fattie-2022\/\",\"name\":\"Specialized Kenevo Comp 6Fattie 2022 - GR-100\",\"isPartOf\":{\"@id\":\"https:\/\/gr-100.com\/#website\"},\"primaryImageOfPage\":{\"@id\":\"https:\/\/gr-100.com\/pt-pt\/producto\/especializado-kenevo-comp-6fattie-2022\/#primaryimage\"},\"image\":{\"@id\":\"https:\/\/gr-100.com\/pt-pt\/producto\/especializado-kenevo-comp-6fattie-2022\/#primaryimage\"},\"thumbnailUrl\":\"https:\/\/gr-100.com\/wp-content\/uploads\/2024\/05\/specialized-kenevo-comp-fat.jpg\",\"datePublished\":\"2024-07-01T07:36:39+00:00\",\"dateModified\":\"2025-11-26T14:25:42+00:00\",\"description\":\"Specialized Kenevo Comp 6Fattie 2022. \u00c9 o eMTB de melhor desempenho que pode encontrar, com 180 mm de suspens\u00e3o dianteira e traseira.\",\"breadcrumb\":{\"@id\":\"https:\/\/gr-100.com\/pt-pt\/producto\/especializado-kenevo-comp-6fattie-2022\/#breadcrumb\"},\"inLanguage\":\"pt-PT\",\"potentialAction\":[{\"@type\":\"ReadAction\",\"target\":[\"https:\/\/gr-100.com\/pt-pt\/producto\/especializado-kenevo-comp-6fattie-2022\/\"]}]},{\"@type\":\"ImageObject\",\"inLanguage\":\"pt-PT\",\"@id\":\"https:\/\/gr-100.com\/pt-pt\/producto\/especializado-kenevo-comp-6fattie-2022\/#primaryimage\",\"url\":\"https:\/\/gr-100.com\/wp-content\/uploads\/2024\/05\/specialized-kenevo-comp-fat.jpg\",\"contentUrl\":\"https:\/\/gr-100.com\/wp-content\/uploads\/2024\/05\/specialized-kenevo-comp-fat.jpg\",\"width\":1000,\"height\":1000},{\"@type\":\"BreadcrumbList\",\"@id\":\"https:\/\/gr-100.com\/pt-pt\/producto\/especializado-kenevo-comp-6fattie-2022\/#breadcrumb\",\"itemListElement\":[{\"@type\":\"ListItem\",\"position\":1,\"name\":\"Portada\",\"item\":\"https:\/\/gr-100.com\/en\/\"},{\"@type\":\"ListItem\",\"position\":2,\"name\":\"Productos\",\"item\":\"https:\/\/gr-100.com\/?post_type=product\"},{\"@type\":\"ListItem\",\"position\":3,\"name\":\"Specialized Kenevo Comp 6Fattie 2022\"}]},{\"@type\":\"WebSite\",\"@id\":\"https:\/\/gr-100.com\/#website\",\"url\":\"https:\/\/gr-100.com\/\",\"name\":\"Gr-100 Tienda de ciclismo Specialized\",\"description\":\"GR-100 tenemos todas las gamas de bicicletas Specialized al mejor precio.\",\"publisher\":{\"@id\":\"https:\/\/gr-100.com\/#organization\"},\"alternateName\":\"Gr-100 Bikes\",\"potentialAction\":[{\"@type\":\"SearchAction\",\"target\":{\"@type\":\"EntryPoint\",\"urlTemplate\":\"https:\/\/gr-100.com\/?s={search_term_string}\"},\"query-input\":{\"@type\":\"PropertyValueSpecification\",\"valueRequired\":true,\"valueName\":\"search_term_string\"}}],\"inLanguage\":\"pt-PT\"},{\"@type\":\"Organization\",\"@id\":\"https:\/\/gr-100.com\/#organization\",\"name\":\"Gr-100\",\"url\":\"https:\/\/gr-100.com\/\",\"logo\":{\"@type\":\"ImageObject\",\"inLanguage\":\"pt-PT\",\"@id\":\"https:\/\/gr-100.com\/#\/schema\/logo\/image\/\",\"url\":\"https:\/\/gr-100.com\/wp-content\/uploads\/2023\/08\/logo-gr-100-bikes.png\",\"contentUrl\":\"https:\/\/gr-100.com\/wp-content\/uploads\/2023\/08\/logo-gr-100-bikes.png\",\"width\":707,\"height\":284,\"caption\":\"Gr-100\"},\"image\":{\"@id\":\"https:\/\/gr-100.com\/#\/schema\/logo\/image\/\"},\"sameAs\":[\"https:\/\/www.facebook.com\/Gr100Bikes\",\"https:\/\/www.instagram.com\/gr100bikes\/\",\"https:\/\/www.tiktok.com\/@gr100bikes\",\"https:\/\/twitter.com\/gr100mtbteam\",\"https:\/\/www.youtube.com\/c\/GR100Specialized\"]}]}<\/script>\n<!-- \/ Yoast SEO Premium plugin. -->","yoast_head_json":{"title":"Specialized Kenevo Comp 6Fattie 2022 - GR-100","description":"Specialized Kenevo Comp 6Fattie 2022. \u00c9 o eMTB de melhor desempenho que pode encontrar, com 180 mm de suspens\u00e3o dianteira e traseira.","robots":{"index":"index","follow":"follow","max-snippet":"max-snippet:-1","max-image-preview":"max-image-preview:large","max-video-preview":"max-video-preview:-1"},"canonical":"https:\/\/gr-100.com\/pt-pt\/producto\/especializado-kenevo-comp-6fattie-2022\/","og_locale":"pt_PT","og_type":"article","og_title":"Specialized Kenevo Comp 6Fattie 2022","og_description":"Specialized Kenevo Comp 6Fattie 2022. \u00c9 o eMTB de melhor desempenho que pode encontrar, com 180 mm de suspens\u00e3o dianteira e traseira.","og_url":"https:\/\/gr-100.com\/pt-pt\/producto\/especializado-kenevo-comp-6fattie-2022\/","og_site_name":"Gr-100 Tienda de ciclismo Specialized","article_publisher":"https:\/\/www.facebook.com\/Gr100Bikes","article_modified_time":"2025-11-26T14:25:42+00:00","og_image":[{"width":1000,"height":1000,"url":"https:\/\/gr-100.com\/wp-content\/uploads\/2024\/05\/specialized-kenevo-comp-fat.jpg","type":"image\/jpeg"}],"twitter_card":"summary_large_image","twitter_misc":{"Tempo estimado de leitura":"3 minutos"},"schema":{"@context":"https:\/\/schema.org","@graph":[{"@type":"WebPage","@id":"https:\/\/gr-100.com\/pt-pt\/producto\/especializado-kenevo-comp-6fattie-2022\/","url":"https:\/\/gr-100.com\/pt-pt\/producto\/especializado-kenevo-comp-6fattie-2022\/","name":"Specialized Kenevo Comp 6Fattie 2022 - GR-100","isPartOf":{"@id":"https:\/\/gr-100.com\/#website"},"primaryImageOfPage":{"@id":"https:\/\/gr-100.com\/pt-pt\/producto\/especializado-kenevo-comp-6fattie-2022\/#primaryimage"},"image":{"@id":"https:\/\/gr-100.com\/pt-pt\/producto\/especializado-kenevo-comp-6fattie-2022\/#primaryimage"},"thumbnailUrl":"https:\/\/gr-100.com\/wp-content\/uploads\/2024\/05\/specialized-kenevo-comp-fat.jpg","datePublished":"2024-07-01T07:36:39+00:00","dateModified":"2025-11-26T14:25:42+00:00","description":"Specialized Kenevo Comp 6Fattie 2022. \u00c9 o eMTB de melhor desempenho que pode encontrar, com 180 mm de suspens\u00e3o dianteira e traseira.","breadcrumb":{"@id":"https:\/\/gr-100.com\/pt-pt\/producto\/especializado-kenevo-comp-6fattie-2022\/#breadcrumb"},"inLanguage":"pt-PT","potentialAction":[{"@type":"ReadAction","target":["https:\/\/gr-100.com\/pt-pt\/producto\/especializado-kenevo-comp-6fattie-2022\/"]}]},{"@type":"ImageObject","inLanguage":"pt-PT","@id":"https:\/\/gr-100.com\/pt-pt\/producto\/especializado-kenevo-comp-6fattie-2022\/#primaryimage","url":"https:\/\/gr-100.com\/wp-content\/uploads\/2024\/05\/specialized-kenevo-comp-fat.jpg","contentUrl":"https:\/\/gr-100.com\/wp-content\/uploads\/2024\/05\/specialized-kenevo-comp-fat.jpg","width":1000,"height":1000},{"@type":"BreadcrumbList","@id":"https:\/\/gr-100.com\/pt-pt\/producto\/especializado-kenevo-comp-6fattie-2022\/#breadcrumb","itemListElement":[{"@type":"ListItem","position":1,"name":"Portada","item":"https:\/\/gr-100.com\/en\/"},{"@type":"ListItem","position":2,"name":"Productos","item":"https:\/\/gr-100.com\/?post_type=product"},{"@type":"ListItem","position":3,"name":"Specialized Kenevo Comp 6Fattie 2022"}]},{"@type":"WebSite","@id":"https:\/\/gr-100.com\/#website","url":"https:\/\/gr-100.com\/","name":"Gr-100 Tienda de ciclismo Specialized","description":"GR-100 tenemos todas las gamas de bicicletas Specialized al mejor precio.","publisher":{"@id":"https:\/\/gr-100.com\/#organization"},"alternateName":"Gr-100 Bikes","potentialAction":[{"@type":"SearchAction","target":{"@type":"EntryPoint","urlTemplate":"https:\/\/gr-100.com\/?s={search_term_string}"},"query-input":{"@type":"PropertyValueSpecification","valueRequired":true,"valueName":"search_term_string"}}],"inLanguage":"pt-PT"},{"@type":"Organization","@id":"https:\/\/gr-100.com\/#organization","name":"Gr-100","url":"https:\/\/gr-100.com\/","logo":{"@type":"ImageObject","inLanguage":"pt-PT","@id":"https:\/\/gr-100.com\/#\/schema\/logo\/image\/","url":"https:\/\/gr-100.com\/wp-content\/uploads\/2023\/08\/logo-gr-100-bikes.png","contentUrl":"https:\/\/gr-100.com\/wp-content\/uploads\/2023\/08\/logo-gr-100-bikes.png","width":707,"height":284,"caption":"Gr-100"},"image":{"@id":"https:\/\/gr-100.com\/#\/schema\/logo\/image\/"},"sameAs":["https:\/\/www.facebook.com\/Gr100Bikes","https:\/\/www.instagram.com\/gr100bikes\/","https:\/\/www.tiktok.com\/@gr100bikes","https:\/\/twitter.com\/gr100mtbteam","https:\/\/www.youtube.com\/c\/GR100Specialized"]}]}},"_links":{"self":[{"href":"https:\/\/gr-100.com\/pt-pt\/wp-json\/wp\/v2\/product\/386095","targetHints":{"allow":["GET"]}}],"collection":[{"href":"https:\/\/gr-100.com\/pt-pt\/wp-json\/wp\/v2\/product"}],"about":[{"href":"https:\/\/gr-100.com\/pt-pt\/wp-json\/wp\/v2\/types\/product"}],"replies":[{"embeddable":true,"href":"https:\/\/gr-100.com\/pt-pt\/wp-json\/wp\/v2\/comments?post=386095"}],"wp:featuredmedia":[{"embeddable":true,"href":"https:\/\/gr-100.com\/pt-pt\/wp-json\/wp\/v2\/media\/273737"}],"wp:attachment":[{"href":"https:\/\/gr-100.com\/pt-pt\/wp-json\/wp\/v2\/media?parent=386095"}],"wp:term":[{"taxonomy":"product_brand","embeddable":true,"href":"https:\/\/gr-100.com\/pt-pt\/wp-json\/wp\/v2\/product_brand?post=386095"},{"taxonomy":"product_cat","embeddable":true,"href":"https:\/\/gr-100.com\/pt-pt\/wp-json\/wp\/v2\/product_cat?post=386095"},{"taxonomy":"product_tag","embeddable":true,"href":"https:\/\/gr-100.com\/pt-pt\/wp-json\/wp\/v2\/product_tag?post=386095"}],"curies":[{"name":"wp","href":"https:\/\/api.w.org\/{rel}","templated":true}]}}