{"id":386132,"date":"2024-07-01T09:04:23","date_gmt":"2024-07-01T09:04:23","guid":{"rendered":"https:\/\/gr-100.com\/producto\/cannondale-tesoro-neo-x3-remixte\/"},"modified":"2025-12-18T16:46:42","modified_gmt":"2025-12-18T14:46:42","slug":"cannondale-tesoro-neo-x3-remixte","status":"publish","type":"product","link":"https:\/\/gr-100.com\/pt-pt\/producto\/cannondale-tesoro-neo-x3-remixte\/","title":{"rendered":"Cannondale Tesoro Neo X3 Remixte"},"content":{"rendered":"<p><iframe src=\"https:\/\/www.youtube.com\/embed\/CgLa22j8SLo\" width=\"560\" height=\"315\" frameborder=\"0\" allowfullscreen=\"allowfullscreen\"><\/iframe>  CARATER\u00cdSTICAS:  <\/p>\n<ul>\n<li>Estrutura: Remixte Step-Thru, Liga SmartForm C2, bateria downtube remov\u00edvel, SAVE, headtube c\u00f4nico, roteamento de cabo interno, eixo thru 148x12mm, disco de p\u00f3s-montagem, prote\u00e7\u00e3o do motor, montagem de bloqueio<\/li>\n<li>Forquilha: SR Suntour XCM ATB, 100mm, Bobina, deslocamento de 46mm<\/li>\n<li>Jantes: WTB STX i30 TCS, 32h, tubeless ready<\/li>\n<li>Cubo dianteiro: Shimano TX55, QR<\/li>\n<li>Cubo traseiro: Shimano MT400 12x148mm thru-axle<\/li>\n<li>Pneus: Schwalbe G-One Allround Performance, 29 x 2.25&#8243;, RaceGuard, pronto sem c\u00e2mara<\/li>\n<li>Manivela: FSA Bosch E-Bike<\/li>\n<li>An\u00e9is: 38T<\/li>\n<li>Corrente: Shimano HG93, 9 velocidades<\/li>\n<li>: Shimano HG200 11-36T, 9 velocidades<\/li>\n<li>Descarrilador dianteiro: N\/A<\/li>\n<li>Descarrilador traseiro: Shimano Alivio<\/li>\n<li>Shifters: Shimano Acera, 9 velocidades<\/li>\n<li>Freios: disco hidr\u00e1ulico Shimano MT200, rotores RT10 180\/180mm<\/li>\n<li>Motor: Bosch Performance Line 250W<\/li>\n<li>Bateria: Bosch PowerTube 500Wh<\/li>\n<li>Ecr\u00e3: Bosch Purion<\/li>\n<li>Carregador: Bosch 4A<\/li>\n<li>Extras: Luz dianteira e traseira, guarda-lamas, kickstand, quadro traseiro com uma capacidade m\u00e1xima de 25Kg<\/li>\n<\/ul>\n","protected":false},"excerpt":{"rendered":"<p>Esta e-bike adequada para estradas e pistas n\u00e3o pavimentadas, \u00e9 uma caminhada totalmente equipada.<br \/>\nFuja das estradas e aventure-se no deserto desconhecido. <\/p>\n","protected":false},"featured_media":284387,"comment_status":"closed","ping_status":"closed","template":"","meta":{"_acf_changed":false,"_et_pb_use_builder":"","_et_pb_old_content":"","_et_gb_content_width":"","inline_featured_image":false},"product_brand":[],"product_cat":[20,378],"product_tag":[],"class_list":{"0":"post-386132","1":"product","2":"type-product","3":"status-publish","4":"has-post-thumbnail","6":"product_cat-bicicletas-de-carretera","7":"product_cat-estrada","9":"first","10":"outofstock","11":"taxable","12":"shipping-taxable","13":"product-type-variable","14":"wvs-archive-product-wrapper"},"acf":[],"yoast_head":"<!-- This site is optimized with the Yoast SEO Premium plugin v26.7 (Yoast SEO v26.7) - https:\/\/yoast.com\/wordpress\/plugins\/seo\/ -->\n<title>Cannondale Tesoro Neo X3 Remixte GR-100 CANH\u00c3O<\/title>\n<meta name=\"description\" content=\"CANNONDALE TESORO NEO X3 Remixte. Esta e-bike \u00e9 adequada para estradas e pistas n\u00e3o pavimentadas.\" \/>\n<meta name=\"robots\" content=\"index, follow, max-snippet:-1, max-image-preview:large, max-video-preview:-1\" \/>\n<link rel=\"canonical\" href=\"https:\/\/gr-100.com\/pt-pt\/producto\/cannondale-tesoro-neo-x3-remixte\/\" \/>\n<meta property=\"og:locale\" content=\"pt_PT\" \/>\n<meta property=\"og:type\" content=\"article\" \/>\n<meta property=\"og:title\" content=\"Cannondale Tesoro Neo X3 Remixte\" \/>\n<meta property=\"og:description\" content=\"CANNONDALE TESORO NEO X3 Remixte. Esta e-bike \u00e9 adequada para estradas e pistas n\u00e3o pavimentadas.\" \/>\n<meta property=\"og:url\" content=\"https:\/\/gr-100.com\/pt-pt\/producto\/cannondale-tesoro-neo-x3-remixte\/\" \/>\n<meta property=\"og:site_name\" content=\"Gr-100 Tienda de ciclismo Specialized\" \/>\n<meta property=\"article:publisher\" content=\"https:\/\/www.facebook.com\/Gr100Bikes\" \/>\n<meta property=\"article:modified_time\" content=\"2025-12-18T14:46:42+00:00\" \/>\n<meta property=\"og:image\" content=\"https:\/\/gr-100.com\/wp-content\/uploads\/2024\/05\/DSIcannondale-tesoro-neo-x-.jpg\" \/>\n\t<meta property=\"og:image:width\" content=\"1000\" \/>\n\t<meta property=\"og:image:height\" content=\"1000\" \/>\n\t<meta property=\"og:image:type\" content=\"image\/jpeg\" \/>\n<meta name=\"twitter:card\" content=\"summary_large_image\" \/>\n<meta name=\"twitter:label1\" content=\"Tempo estimado de leitura\" \/>\n\t<meta name=\"twitter:data1\" content=\"1 minuto\" \/>\n<script type=\"application\/ld+json\" class=\"yoast-schema-graph\">{\"@context\":\"https:\/\/schema.org\",\"@graph\":[{\"@type\":\"WebPage\",\"@id\":\"https:\/\/gr-100.com\/pt-pt\/producto\/cannondale-tesoro-neo-x3-remixte\/\",\"url\":\"https:\/\/gr-100.com\/pt-pt\/producto\/cannondale-tesoro-neo-x3-remixte\/\",\"name\":\"Cannondale Tesoro Neo X3 Remixte GR-100 CANH\u00c3O\",\"isPartOf\":{\"@id\":\"https:\/\/gr-100.com\/#website\"},\"primaryImageOfPage\":{\"@id\":\"https:\/\/gr-100.com\/pt-pt\/producto\/cannondale-tesoro-neo-x3-remixte\/#primaryimage\"},\"image\":{\"@id\":\"https:\/\/gr-100.com\/pt-pt\/producto\/cannondale-tesoro-neo-x3-remixte\/#primaryimage\"},\"thumbnailUrl\":\"https:\/\/gr-100.com\/wp-content\/uploads\/2024\/05\/DSIcannondale-tesoro-neo-x-.jpg\",\"datePublished\":\"2024-07-01T09:04:23+00:00\",\"dateModified\":\"2025-12-18T14:46:42+00:00\",\"description\":\"CANNONDALE TESORO NEO X3 Remixte. Esta e-bike \u00e9 adequada para estradas e pistas n\u00e3o pavimentadas.\",\"breadcrumb\":{\"@id\":\"https:\/\/gr-100.com\/pt-pt\/producto\/cannondale-tesoro-neo-x3-remixte\/#breadcrumb\"},\"inLanguage\":\"pt-PT\",\"potentialAction\":[{\"@type\":\"ReadAction\",\"target\":[\"https:\/\/gr-100.com\/pt-pt\/producto\/cannondale-tesoro-neo-x3-remixte\/\"]}]},{\"@type\":\"ImageObject\",\"inLanguage\":\"pt-PT\",\"@id\":\"https:\/\/gr-100.com\/pt-pt\/producto\/cannondale-tesoro-neo-x3-remixte\/#primaryimage\",\"url\":\"https:\/\/gr-100.com\/wp-content\/uploads\/2024\/05\/DSIcannondale-tesoro-neo-x-.jpg\",\"contentUrl\":\"https:\/\/gr-100.com\/wp-content\/uploads\/2024\/05\/DSIcannondale-tesoro-neo-x-.jpg\",\"width\":1000,\"height\":1000},{\"@type\":\"BreadcrumbList\",\"@id\":\"https:\/\/gr-100.com\/pt-pt\/producto\/cannondale-tesoro-neo-x3-remixte\/#breadcrumb\",\"itemListElement\":[{\"@type\":\"ListItem\",\"position\":1,\"name\":\"Portada\",\"item\":\"https:\/\/gr-100.com\/en\/\"},{\"@type\":\"ListItem\",\"position\":2,\"name\":\"Productos\",\"item\":\"https:\/\/gr-100.com\/?post_type=product\"},{\"@type\":\"ListItem\",\"position\":3,\"name\":\"Cannondale Tesoro Neo X3 Remixte\"}]},{\"@type\":\"WebSite\",\"@id\":\"https:\/\/gr-100.com\/#website\",\"url\":\"https:\/\/gr-100.com\/\",\"name\":\"Gr-100 Tienda de ciclismo Specialized\",\"description\":\"GR-100 tenemos todas las gamas de bicicletas Specialized al mejor precio.\",\"publisher\":{\"@id\":\"https:\/\/gr-100.com\/#organization\"},\"alternateName\":\"Gr-100 Bikes\",\"potentialAction\":[{\"@type\":\"SearchAction\",\"target\":{\"@type\":\"EntryPoint\",\"urlTemplate\":\"https:\/\/gr-100.com\/?s={search_term_string}\"},\"query-input\":{\"@type\":\"PropertyValueSpecification\",\"valueRequired\":true,\"valueName\":\"search_term_string\"}}],\"inLanguage\":\"pt-PT\"},{\"@type\":\"Organization\",\"@id\":\"https:\/\/gr-100.com\/#organization\",\"name\":\"Gr-100\",\"url\":\"https:\/\/gr-100.com\/\",\"logo\":{\"@type\":\"ImageObject\",\"inLanguage\":\"pt-PT\",\"@id\":\"https:\/\/gr-100.com\/#\/schema\/logo\/image\/\",\"url\":\"https:\/\/gr-100.com\/wp-content\/uploads\/2023\/08\/logo-gr-100-bikes.png\",\"contentUrl\":\"https:\/\/gr-100.com\/wp-content\/uploads\/2023\/08\/logo-gr-100-bikes.png\",\"width\":707,\"height\":284,\"caption\":\"Gr-100\"},\"image\":{\"@id\":\"https:\/\/gr-100.com\/#\/schema\/logo\/image\/\"},\"sameAs\":[\"https:\/\/www.facebook.com\/Gr100Bikes\",\"https:\/\/www.instagram.com\/gr100bikes\/\",\"https:\/\/www.tiktok.com\/@gr100bikes\",\"https:\/\/twitter.com\/gr100mtbteam\",\"https:\/\/www.youtube.com\/c\/GR100Specialized\"]}]}<\/script>\n<!-- \/ Yoast SEO Premium plugin. -->","yoast_head_json":{"title":"Cannondale Tesoro Neo X3 Remixte GR-100 CANH\u00c3O","description":"CANNONDALE TESORO NEO X3 Remixte. Esta e-bike \u00e9 adequada para estradas e pistas n\u00e3o pavimentadas.","robots":{"index":"index","follow":"follow","max-snippet":"max-snippet:-1","max-image-preview":"max-image-preview:large","max-video-preview":"max-video-preview:-1"},"canonical":"https:\/\/gr-100.com\/pt-pt\/producto\/cannondale-tesoro-neo-x3-remixte\/","og_locale":"pt_PT","og_type":"article","og_title":"Cannondale Tesoro Neo X3 Remixte","og_description":"CANNONDALE TESORO NEO X3 Remixte. Esta e-bike \u00e9 adequada para estradas e pistas n\u00e3o pavimentadas.","og_url":"https:\/\/gr-100.com\/pt-pt\/producto\/cannondale-tesoro-neo-x3-remixte\/","og_site_name":"Gr-100 Tienda de ciclismo Specialized","article_publisher":"https:\/\/www.facebook.com\/Gr100Bikes","article_modified_time":"2025-12-18T14:46:42+00:00","og_image":[{"width":1000,"height":1000,"url":"https:\/\/gr-100.com\/wp-content\/uploads\/2024\/05\/DSIcannondale-tesoro-neo-x-.jpg","type":"image\/jpeg"}],"twitter_card":"summary_large_image","twitter_misc":{"Tempo estimado de leitura":"1 minuto"},"schema":{"@context":"https:\/\/schema.org","@graph":[{"@type":"WebPage","@id":"https:\/\/gr-100.com\/pt-pt\/producto\/cannondale-tesoro-neo-x3-remixte\/","url":"https:\/\/gr-100.com\/pt-pt\/producto\/cannondale-tesoro-neo-x3-remixte\/","name":"Cannondale Tesoro Neo X3 Remixte GR-100 CANH\u00c3O","isPartOf":{"@id":"https:\/\/gr-100.com\/#website"},"primaryImageOfPage":{"@id":"https:\/\/gr-100.com\/pt-pt\/producto\/cannondale-tesoro-neo-x3-remixte\/#primaryimage"},"image":{"@id":"https:\/\/gr-100.com\/pt-pt\/producto\/cannondale-tesoro-neo-x3-remixte\/#primaryimage"},"thumbnailUrl":"https:\/\/gr-100.com\/wp-content\/uploads\/2024\/05\/DSIcannondale-tesoro-neo-x-.jpg","datePublished":"2024-07-01T09:04:23+00:00","dateModified":"2025-12-18T14:46:42+00:00","description":"CANNONDALE TESORO NEO X3 Remixte. Esta e-bike \u00e9 adequada para estradas e pistas n\u00e3o pavimentadas.","breadcrumb":{"@id":"https:\/\/gr-100.com\/pt-pt\/producto\/cannondale-tesoro-neo-x3-remixte\/#breadcrumb"},"inLanguage":"pt-PT","potentialAction":[{"@type":"ReadAction","target":["https:\/\/gr-100.com\/pt-pt\/producto\/cannondale-tesoro-neo-x3-remixte\/"]}]},{"@type":"ImageObject","inLanguage":"pt-PT","@id":"https:\/\/gr-100.com\/pt-pt\/producto\/cannondale-tesoro-neo-x3-remixte\/#primaryimage","url":"https:\/\/gr-100.com\/wp-content\/uploads\/2024\/05\/DSIcannondale-tesoro-neo-x-.jpg","contentUrl":"https:\/\/gr-100.com\/wp-content\/uploads\/2024\/05\/DSIcannondale-tesoro-neo-x-.jpg","width":1000,"height":1000},{"@type":"BreadcrumbList","@id":"https:\/\/gr-100.com\/pt-pt\/producto\/cannondale-tesoro-neo-x3-remixte\/#breadcrumb","itemListElement":[{"@type":"ListItem","position":1,"name":"Portada","item":"https:\/\/gr-100.com\/en\/"},{"@type":"ListItem","position":2,"name":"Productos","item":"https:\/\/gr-100.com\/?post_type=product"},{"@type":"ListItem","position":3,"name":"Cannondale Tesoro Neo X3 Remixte"}]},{"@type":"WebSite","@id":"https:\/\/gr-100.com\/#website","url":"https:\/\/gr-100.com\/","name":"Gr-100 Tienda de ciclismo Specialized","description":"GR-100 tenemos todas las gamas de bicicletas Specialized al mejor precio.","publisher":{"@id":"https:\/\/gr-100.com\/#organization"},"alternateName":"Gr-100 Bikes","potentialAction":[{"@type":"SearchAction","target":{"@type":"EntryPoint","urlTemplate":"https:\/\/gr-100.com\/?s={search_term_string}"},"query-input":{"@type":"PropertyValueSpecification","valueRequired":true,"valueName":"search_term_string"}}],"inLanguage":"pt-PT"},{"@type":"Organization","@id":"https:\/\/gr-100.com\/#organization","name":"Gr-100","url":"https:\/\/gr-100.com\/","logo":{"@type":"ImageObject","inLanguage":"pt-PT","@id":"https:\/\/gr-100.com\/#\/schema\/logo\/image\/","url":"https:\/\/gr-100.com\/wp-content\/uploads\/2023\/08\/logo-gr-100-bikes.png","contentUrl":"https:\/\/gr-100.com\/wp-content\/uploads\/2023\/08\/logo-gr-100-bikes.png","width":707,"height":284,"caption":"Gr-100"},"image":{"@id":"https:\/\/gr-100.com\/#\/schema\/logo\/image\/"},"sameAs":["https:\/\/www.facebook.com\/Gr100Bikes","https:\/\/www.instagram.com\/gr100bikes\/","https:\/\/www.tiktok.com\/@gr100bikes","https:\/\/twitter.com\/gr100mtbteam","https:\/\/www.youtube.com\/c\/GR100Specialized"]}]}},"_links":{"self":[{"href":"https:\/\/gr-100.com\/pt-pt\/wp-json\/wp\/v2\/product\/386132","targetHints":{"allow":["GET"]}}],"collection":[{"href":"https:\/\/gr-100.com\/pt-pt\/wp-json\/wp\/v2\/product"}],"about":[{"href":"https:\/\/gr-100.com\/pt-pt\/wp-json\/wp\/v2\/types\/product"}],"replies":[{"embeddable":true,"href":"https:\/\/gr-100.com\/pt-pt\/wp-json\/wp\/v2\/comments?post=386132"}],"wp:featuredmedia":[{"embeddable":true,"href":"https:\/\/gr-100.com\/pt-pt\/wp-json\/wp\/v2\/media\/284387"}],"wp:attachment":[{"href":"https:\/\/gr-100.com\/pt-pt\/wp-json\/wp\/v2\/media?parent=386132"}],"wp:term":[{"taxonomy":"product_brand","embeddable":true,"href":"https:\/\/gr-100.com\/pt-pt\/wp-json\/wp\/v2\/product_brand?post=386132"},{"taxonomy":"product_cat","embeddable":true,"href":"https:\/\/gr-100.com\/pt-pt\/wp-json\/wp\/v2\/product_cat?post=386132"},{"taxonomy":"product_tag","embeddable":true,"href":"https:\/\/gr-100.com\/pt-pt\/wp-json\/wp\/v2\/product_tag?post=386132"}],"curies":[{"name":"wp","href":"https:\/\/api.w.org\/{rel}","templated":true}]}}