{"id":386135,"date":"2024-07-01T09:09:41","date_gmt":"2024-07-01T08:09:41","guid":{"rendered":"https:\/\/gr-100.com\/producto\/especializado-turbo-tero-3-0-passo-a-passo-2022\/"},"modified":"2025-12-18T16:46:17","modified_gmt":"2025-12-18T14:46:17","slug":"especializado-turbo-tero-3-0-passo-a-passo-2022","status":"publish","type":"product","link":"https:\/\/gr-100.com\/pt-pt\/producto\/especializado-turbo-tero-3-0-passo-a-passo-2022\/","title":{"rendered":"Specialized Turbo Tero 3.0 Passo a passo 2022"},"content":{"rendered":"<p><iframe title=\"SPECIALIZED TURBO TERO 3 0 STEP-TROUGH 2022 - VERDE\/OSCURO\" width=\"500\" height=\"281\" src=\"https:\/\/www.youtube.com\/embed\/2mILxSUcFxA?feature=oembed\"  allow=\"accelerometer; autoplay; clipboard-write; encrypted-media; gyroscope; picture-in-picture; web-share\" referrerpolicy=\"strict-origin-when-cross-origin\" allowfullscreen><\/iframe><\/p>\n<ul>\n<li>Alum\u00ednio FrameE5, suporte inferior, bateria downtube totalmente integrada e bloque\u00e1vel, roteamento de cabos internos, travamento e montagem do quadro frontal<\/li>\n<li>Forquilha SR Suntour XCM32, curso de 110 mm, liga forjada 3D de bloqueio<\/li>\n<li>Stem Stout, 31,8 mm, 6 graus de eleva\u00e7\u00e3o<\/li>\n<li>Fita de ader\u00eancia de trilha especializada, Lock-on<\/li>\n<li>Specialized de trilha especializado, liga 6061, deslocamento de 8 graus, varredura de 6 graus, eleva\u00e7\u00e3o de 27 mm, bra\u00e7adeira de 31,8 mm, s 720 mm, m-xl 750 mm<\/li>\n<li>Shimano BR-MT200, disco hidr\u00e1ulico, 180 mm<\/li>\n<li>Shimano BR-MT200, disco hidr\u00e1ulico, 180 mm<\/li>\n<li>Shimano Alivio derailleur traseiro, SGS, 9 velocidades<\/li>\n<li>Shimano Alivio de 9 velocidades com visor \u00f3tico de velocidades<\/li>\n<li>Shimano CS-HG400, 9 velocidades, 11-36t<\/li>\n<li>Corrente de 9 velocidades KMC e9T com manivelas Missing Link \u2122<\/li>\n<li>Manivelas de liga forjadas personalizadas<\/li>\n<li>An\u00e9is Praxis, 36T,<\/li>\n<li>Pedais de plataforma de 25 mm<\/li>\n<li>Jantes de 29 mm Largura, disco espec\u00edfico<\/li>\n<li>Shimano MT400, Centerlock, 15&#215;100 mm, 32 h<\/li>\n<li>Shimano MT400-B, Centerlock, 12&#215;148 Boost, 32 h<\/li>\n<li>Pneu dianteiro de controle de solo, 2Bliss Ready, 29&#215;2.35&#8243;<\/li>\n<li>R\u00e1dios DT Ind\u00fastria Su\u00ed\u00e7a<\/li>\n<li>Pneu traseiro de controle de solo, 2Bliss Ready, tubos internos Presta de 29&#215;2,35&#8243;, v\u00e1lvula de 48mm<\/li>\n<li>Selim Rivo Sport, calhas de a\u00e7o, 155 mm<\/li>\n<li>Posto de assento Specialized, liga 6061, bra\u00e7adeira de 2 parafusos, recuo de 0mm, 30,9mm<\/li>\n<li>Assento de fixa\u00e7\u00e3o de liga, tipo parafuso, 34,9 mm<\/li>\n<li>Specialized, motor sintonizado de 50Nm, 250W nominalUI<\/li>\n<li>Remote Maste rMind TCD, com controle remoto no guid\u00e3o, fun\u00e7\u00e3o antirroubo integrada, conectividade Bluetooth\u00ae, p\u00e1ginas de tela personaliz\u00e1veis<\/li>\n<li>Bateria especializada U2-530, carca\u00e7a de liga, exibi\u00e7\u00e3o de status de carregamento, 530Wh<\/li>\n<li>Carregador personalizado, 42V4A com plugue Rosenberger,<\/li>\n<li>230V Fia\u00e7\u00e3o chicote chicote personalizado<\/li>\n<li>Sino \u00fanico<\/li>\n<\/ul>\n","protected":false},"excerpt":{"rendered":"<p>O quadro Turbo Full Power 2.0E integrado do Tero 3.0, juntamente com a bateria integrada de 530Wh, quadruplicam efetivamente a sua pr\u00f3pria pot\u00eancia<\/p>\n","protected":false},"featured_media":284682,"comment_status":"closed","ping_status":"closed","template":"","meta":{"_acf_changed":false,"_et_pb_use_builder":"","_et_pb_old_content":"","_et_gb_content_width":"","inline_featured_image":false},"product_brand":[],"product_cat":[4353,2459,5284,391,5280,5263,5282,5260,5283,5281,2483,2460,2696,403],"product_tag":[],"class_list":{"0":"post-386135","1":"product","2":"type-product","3":"status-publish","4":"has-post-thumbnail","6":"product_cat-liquidacion-specialized","7":"product_cat-bicicletas-pt-pt-2","8":"product_cat-bicicletas-urbanas-pt-pt","9":"product_cat-eletricas","10":"product_cat-bicicletas-electricas-aluminio-pt-pt","11":"product_cat-bicicletas-de-montanha-electricas","12":"product_cat-bicicletas-electricas-paseo-pt-pt","13":"product_cat-bicicletas-electricas-specialized-pt-pt","14":"product_cat-bicicletas-electricas-trekking-pt-pt","15":"product_cat-bicicletas-electricas-urbanas-pt-pt","16":"product_cat-bicicletas-especializadas","17":"product_cat-ofertas-pt-pt","18":"product_cat-ofertas-especializadas","19":"product_cat-outlet-pt-pt","20":"product_shipping_class-bicicletas-pt-pt","22":"first","23":"instock","24":"sale","25":"taxable","26":"shipping-taxable","27":"purchasable","28":"product-type-variable","29":"wvs-archive-product-wrapper"},"acf":[],"yoast_head":"<!-- This site is optimized with the Yoast SEO Premium plugin v26.7 (Yoast SEO v26.7) - https:\/\/yoast.com\/wordpress\/plugins\/seo\/ -->\n<title>Specialized Turbo Tero 3.0 Passo a passo 2022 GR-100<\/title>\n<meta name=\"description\" content=\"Specialized Turbo Tero 3.0 Passo a passo 2022. O motor Turbo Full Power 2.0E incorporado na estrutura de alum\u00ednio do Tero 3.0\" \/>\n<meta name=\"robots\" content=\"index, follow, max-snippet:-1, max-image-preview:large, max-video-preview:-1\" \/>\n<link rel=\"canonical\" href=\"https:\/\/gr-100.com\/pt-pt\/producto\/especializado-turbo-tero-3-0-passo-a-passo-2022\/\" \/>\n<meta property=\"og:locale\" content=\"pt_PT\" \/>\n<meta property=\"og:type\" content=\"article\" \/>\n<meta property=\"og:title\" content=\"Specialized Turbo Tero 3.0 Passo a passo 2022\" \/>\n<meta property=\"og:description\" content=\"Specialized Turbo Tero 3.0 Passo a passo 2022. O motor Turbo Full Power 2.0E incorporado na estrutura de alum\u00ednio do Tero 3.0\" \/>\n<meta property=\"og:url\" content=\"https:\/\/gr-100.com\/pt-pt\/producto\/especializado-turbo-tero-3-0-passo-a-passo-2022\/\" \/>\n<meta property=\"og:site_name\" content=\"Gr-100 Tienda de ciclismo Specialized\" \/>\n<meta property=\"article:publisher\" content=\"https:\/\/www.facebook.com\/Gr100Bikes\" \/>\n<meta property=\"article:modified_time\" content=\"2025-12-18T14:46:17+00:00\" \/>\n<meta property=\"og:image\" content=\"https:\/\/gr-100.com\/wp-content\/uploads\/2024\/05\/95122-73_TERO-30-ST-WHTMTN-.jpg\" \/>\n\t<meta property=\"og:image:width\" content=\"1000\" \/>\n\t<meta property=\"og:image:height\" content=\"1000\" \/>\n\t<meta property=\"og:image:type\" content=\"image\/jpeg\" \/>\n<meta name=\"twitter:card\" content=\"summary_large_image\" \/>\n<meta name=\"twitter:label1\" content=\"Tempo estimado de leitura\" \/>\n\t<meta name=\"twitter:data1\" content=\"1 minuto\" \/>\n<script type=\"application\/ld+json\" class=\"yoast-schema-graph\">{\"@context\":\"https:\/\/schema.org\",\"@graph\":[{\"@type\":\"WebPage\",\"@id\":\"https:\/\/gr-100.com\/pt-pt\/producto\/especializado-turbo-tero-3-0-passo-a-passo-2022\/\",\"url\":\"https:\/\/gr-100.com\/pt-pt\/producto\/especializado-turbo-tero-3-0-passo-a-passo-2022\/\",\"name\":\"Specialized Turbo Tero 3.0 Passo a passo 2022 GR-100\",\"isPartOf\":{\"@id\":\"https:\/\/gr-100.com\/#website\"},\"primaryImageOfPage\":{\"@id\":\"https:\/\/gr-100.com\/pt-pt\/producto\/especializado-turbo-tero-3-0-passo-a-passo-2022\/#primaryimage\"},\"image\":{\"@id\":\"https:\/\/gr-100.com\/pt-pt\/producto\/especializado-turbo-tero-3-0-passo-a-passo-2022\/#primaryimage\"},\"thumbnailUrl\":\"https:\/\/gr-100.com\/wp-content\/uploads\/2024\/05\/95122-72_TERO-30-ST-OAKGRNM.jpg\",\"datePublished\":\"2024-07-01T08:09:41+00:00\",\"dateModified\":\"2025-12-18T14:46:17+00:00\",\"description\":\"Specialized Turbo Tero 3.0 Passo a passo 2022. O motor Turbo Full Power 2.0E incorporado na estrutura de alum\u00ednio do Tero 3.0\",\"breadcrumb\":{\"@id\":\"https:\/\/gr-100.com\/pt-pt\/producto\/especializado-turbo-tero-3-0-passo-a-passo-2022\/#breadcrumb\"},\"inLanguage\":\"pt-PT\",\"potentialAction\":[{\"@type\":\"ReadAction\",\"target\":[\"https:\/\/gr-100.com\/pt-pt\/producto\/especializado-turbo-tero-3-0-passo-a-passo-2022\/\"]}]},{\"@type\":\"ImageObject\",\"inLanguage\":\"pt-PT\",\"@id\":\"https:\/\/gr-100.com\/pt-pt\/producto\/especializado-turbo-tero-3-0-passo-a-passo-2022\/#primaryimage\",\"url\":\"https:\/\/gr-100.com\/wp-content\/uploads\/2024\/05\/95122-72_TERO-30-ST-OAKGRNM.jpg\",\"contentUrl\":\"https:\/\/gr-100.com\/wp-content\/uploads\/2024\/05\/95122-72_TERO-30-ST-OAKGRNM.jpg\",\"width\":1000,\"height\":1000},{\"@type\":\"BreadcrumbList\",\"@id\":\"https:\/\/gr-100.com\/pt-pt\/producto\/especializado-turbo-tero-3-0-passo-a-passo-2022\/#breadcrumb\",\"itemListElement\":[{\"@type\":\"ListItem\",\"position\":1,\"name\":\"Portada\",\"item\":\"https:\/\/gr-100.com\/en\/\"},{\"@type\":\"ListItem\",\"position\":2,\"name\":\"Productos\",\"item\":\"https:\/\/gr-100.com\/?post_type=product\"},{\"@type\":\"ListItem\",\"position\":3,\"name\":\"Specialized Turbo Tero 3.0 Passo a passo 2022\"}]},{\"@type\":\"WebSite\",\"@id\":\"https:\/\/gr-100.com\/#website\",\"url\":\"https:\/\/gr-100.com\/\",\"name\":\"Gr-100 Tienda de ciclismo Specialized\",\"description\":\"GR-100 tenemos todas las gamas de bicicletas Specialized al mejor precio.\",\"publisher\":{\"@id\":\"https:\/\/gr-100.com\/#organization\"},\"alternateName\":\"Gr-100 Bikes\",\"potentialAction\":[{\"@type\":\"SearchAction\",\"target\":{\"@type\":\"EntryPoint\",\"urlTemplate\":\"https:\/\/gr-100.com\/?s={search_term_string}\"},\"query-input\":{\"@type\":\"PropertyValueSpecification\",\"valueRequired\":true,\"valueName\":\"search_term_string\"}}],\"inLanguage\":\"pt-PT\"},{\"@type\":\"Organization\",\"@id\":\"https:\/\/gr-100.com\/#organization\",\"name\":\"Gr-100\",\"url\":\"https:\/\/gr-100.com\/\",\"logo\":{\"@type\":\"ImageObject\",\"inLanguage\":\"pt-PT\",\"@id\":\"https:\/\/gr-100.com\/#\/schema\/logo\/image\/\",\"url\":\"https:\/\/gr-100.com\/wp-content\/uploads\/2023\/08\/logo-gr-100-bikes.png\",\"contentUrl\":\"https:\/\/gr-100.com\/wp-content\/uploads\/2023\/08\/logo-gr-100-bikes.png\",\"width\":707,\"height\":284,\"caption\":\"Gr-100\"},\"image\":{\"@id\":\"https:\/\/gr-100.com\/#\/schema\/logo\/image\/\"},\"sameAs\":[\"https:\/\/www.facebook.com\/Gr100Bikes\",\"https:\/\/www.instagram.com\/gr100bikes\/\",\"https:\/\/www.tiktok.com\/@gr100bikes\",\"https:\/\/twitter.com\/gr100mtbteam\",\"https:\/\/www.youtube.com\/c\/GR100Specialized\"]}]}<\/script>\n<!-- \/ Yoast SEO Premium plugin. -->","yoast_head_json":{"title":"Specialized Turbo Tero 3.0 Passo a passo 2022 GR-100","description":"Specialized Turbo Tero 3.0 Passo a passo 2022. O motor Turbo Full Power 2.0E incorporado na estrutura de alum\u00ednio do Tero 3.0","robots":{"index":"index","follow":"follow","max-snippet":"max-snippet:-1","max-image-preview":"max-image-preview:large","max-video-preview":"max-video-preview:-1"},"canonical":"https:\/\/gr-100.com\/pt-pt\/producto\/especializado-turbo-tero-3-0-passo-a-passo-2022\/","og_locale":"pt_PT","og_type":"article","og_title":"Specialized Turbo Tero 3.0 Passo a passo 2022","og_description":"Specialized Turbo Tero 3.0 Passo a passo 2022. O motor Turbo Full Power 2.0E incorporado na estrutura de alum\u00ednio do Tero 3.0","og_url":"https:\/\/gr-100.com\/pt-pt\/producto\/especializado-turbo-tero-3-0-passo-a-passo-2022\/","og_site_name":"Gr-100 Tienda de ciclismo Specialized","article_publisher":"https:\/\/www.facebook.com\/Gr100Bikes","article_modified_time":"2025-12-18T14:46:17+00:00","og_image":[{"width":1000,"height":1000,"url":"https:\/\/gr-100.com\/wp-content\/uploads\/2024\/05\/95122-73_TERO-30-ST-WHTMTN-.jpg","type":"image\/jpeg"}],"twitter_card":"summary_large_image","twitter_misc":{"Tempo estimado de leitura":"1 minuto"},"schema":{"@context":"https:\/\/schema.org","@graph":[{"@type":"WebPage","@id":"https:\/\/gr-100.com\/pt-pt\/producto\/especializado-turbo-tero-3-0-passo-a-passo-2022\/","url":"https:\/\/gr-100.com\/pt-pt\/producto\/especializado-turbo-tero-3-0-passo-a-passo-2022\/","name":"Specialized Turbo Tero 3.0 Passo a passo 2022 GR-100","isPartOf":{"@id":"https:\/\/gr-100.com\/#website"},"primaryImageOfPage":{"@id":"https:\/\/gr-100.com\/pt-pt\/producto\/especializado-turbo-tero-3-0-passo-a-passo-2022\/#primaryimage"},"image":{"@id":"https:\/\/gr-100.com\/pt-pt\/producto\/especializado-turbo-tero-3-0-passo-a-passo-2022\/#primaryimage"},"thumbnailUrl":"https:\/\/gr-100.com\/wp-content\/uploads\/2024\/05\/95122-72_TERO-30-ST-OAKGRNM.jpg","datePublished":"2024-07-01T08:09:41+00:00","dateModified":"2025-12-18T14:46:17+00:00","description":"Specialized Turbo Tero 3.0 Passo a passo 2022. O motor Turbo Full Power 2.0E incorporado na estrutura de alum\u00ednio do Tero 3.0","breadcrumb":{"@id":"https:\/\/gr-100.com\/pt-pt\/producto\/especializado-turbo-tero-3-0-passo-a-passo-2022\/#breadcrumb"},"inLanguage":"pt-PT","potentialAction":[{"@type":"ReadAction","target":["https:\/\/gr-100.com\/pt-pt\/producto\/especializado-turbo-tero-3-0-passo-a-passo-2022\/"]}]},{"@type":"ImageObject","inLanguage":"pt-PT","@id":"https:\/\/gr-100.com\/pt-pt\/producto\/especializado-turbo-tero-3-0-passo-a-passo-2022\/#primaryimage","url":"https:\/\/gr-100.com\/wp-content\/uploads\/2024\/05\/95122-72_TERO-30-ST-OAKGRNM.jpg","contentUrl":"https:\/\/gr-100.com\/wp-content\/uploads\/2024\/05\/95122-72_TERO-30-ST-OAKGRNM.jpg","width":1000,"height":1000},{"@type":"BreadcrumbList","@id":"https:\/\/gr-100.com\/pt-pt\/producto\/especializado-turbo-tero-3-0-passo-a-passo-2022\/#breadcrumb","itemListElement":[{"@type":"ListItem","position":1,"name":"Portada","item":"https:\/\/gr-100.com\/en\/"},{"@type":"ListItem","position":2,"name":"Productos","item":"https:\/\/gr-100.com\/?post_type=product"},{"@type":"ListItem","position":3,"name":"Specialized Turbo Tero 3.0 Passo a passo 2022"}]},{"@type":"WebSite","@id":"https:\/\/gr-100.com\/#website","url":"https:\/\/gr-100.com\/","name":"Gr-100 Tienda de ciclismo Specialized","description":"GR-100 tenemos todas las gamas de bicicletas Specialized al mejor precio.","publisher":{"@id":"https:\/\/gr-100.com\/#organization"},"alternateName":"Gr-100 Bikes","potentialAction":[{"@type":"SearchAction","target":{"@type":"EntryPoint","urlTemplate":"https:\/\/gr-100.com\/?s={search_term_string}"},"query-input":{"@type":"PropertyValueSpecification","valueRequired":true,"valueName":"search_term_string"}}],"inLanguage":"pt-PT"},{"@type":"Organization","@id":"https:\/\/gr-100.com\/#organization","name":"Gr-100","url":"https:\/\/gr-100.com\/","logo":{"@type":"ImageObject","inLanguage":"pt-PT","@id":"https:\/\/gr-100.com\/#\/schema\/logo\/image\/","url":"https:\/\/gr-100.com\/wp-content\/uploads\/2023\/08\/logo-gr-100-bikes.png","contentUrl":"https:\/\/gr-100.com\/wp-content\/uploads\/2023\/08\/logo-gr-100-bikes.png","width":707,"height":284,"caption":"Gr-100"},"image":{"@id":"https:\/\/gr-100.com\/#\/schema\/logo\/image\/"},"sameAs":["https:\/\/www.facebook.com\/Gr100Bikes","https:\/\/www.instagram.com\/gr100bikes\/","https:\/\/www.tiktok.com\/@gr100bikes","https:\/\/twitter.com\/gr100mtbteam","https:\/\/www.youtube.com\/c\/GR100Specialized"]}]}},"_links":{"self":[{"href":"https:\/\/gr-100.com\/pt-pt\/wp-json\/wp\/v2\/product\/386135","targetHints":{"allow":["GET"]}}],"collection":[{"href":"https:\/\/gr-100.com\/pt-pt\/wp-json\/wp\/v2\/product"}],"about":[{"href":"https:\/\/gr-100.com\/pt-pt\/wp-json\/wp\/v2\/types\/product"}],"replies":[{"embeddable":true,"href":"https:\/\/gr-100.com\/pt-pt\/wp-json\/wp\/v2\/comments?post=386135"}],"wp:featuredmedia":[{"embeddable":true,"href":"https:\/\/gr-100.com\/pt-pt\/wp-json\/wp\/v2\/media\/284682"}],"wp:attachment":[{"href":"https:\/\/gr-100.com\/pt-pt\/wp-json\/wp\/v2\/media?parent=386135"}],"wp:term":[{"taxonomy":"product_brand","embeddable":true,"href":"https:\/\/gr-100.com\/pt-pt\/wp-json\/wp\/v2\/product_brand?post=386135"},{"taxonomy":"product_cat","embeddable":true,"href":"https:\/\/gr-100.com\/pt-pt\/wp-json\/wp\/v2\/product_cat?post=386135"},{"taxonomy":"product_tag","embeddable":true,"href":"https:\/\/gr-100.com\/pt-pt\/wp-json\/wp\/v2\/product_tag?post=386135"}],"curies":[{"name":"wp","href":"https:\/\/api.w.org\/{rel}","templated":true}]}}