{"id":386140,"date":"2024-07-01T09:08:05","date_gmt":"2024-07-01T09:08:05","guid":{"rendered":"https:\/\/gr-100.com\/producto\/especialista-kenevo-sl-expert-carbon-29-2022\/"},"modified":"2025-11-26T16:23:02","modified_gmt":"2025-11-26T14:23:02","slug":"especialista-kenevo-sl-expert-carbon-29-2022","status":"publish","type":"product","link":"https:\/\/gr-100.com\/pt-pt\/producto\/especialista-kenevo-sl-expert-carbon-29-2022\/","title":{"rendered":"Specialized Kenevo SL Expert Carbono 29 2022"},"content":{"rendered":"<p><iframe title=\"Specialized Kenevo SL Expert\" width=\"500\" height=\"281\" src=\"https:\/\/www.youtube.com\/embed\/_abjpNuw7Zw?feature=oembed\"  allow=\"accelerometer; autoplay; clipboard-write; encrypted-media; gyroscope; picture-in-picture; web-share\" referrerpolicy=\"strict-origin-when-cross-origin\" allowfullscreen><\/iframe><\/p>\n<ul>\n<li>STEM Alloy Trail Stem, furo em barra de 35 mm<\/li>\n<li>Specialized, liga 7050, varredura traseira de 8 graus, upsweep de 6 graus, eleva\u00e7\u00e3o de 30mm, grampo de 800mm, grampo de 35mm<\/li>\n<li>Punhos De Deidade, Knuckleduster, Preto<\/li>\n<li>Bridge Comp SADDLE, Trilhos ocos Cr-mo, 155\/143mm<\/li>\n<li>SEATPOST X-Fusion Manic, infinitamente ajust\u00e1vel, cabe\u00e7a de dois parafusos, roteamento de cabo de montagem inferior, alavanca SLR LE remota, 34.9mm, S2: 125mm, S3: 150mm, S4\/S5: 170mm<\/li>\n<li>TRAV\u00d5ES<\/li>\n<li>SRAM C\u00f3digo RS, pin\u00e7a de 4 pist\u00f5es, disco hidr\u00e1ulico, 220mm<\/li>\n<li>SRAM C\u00f3digo RS, pin\u00e7a de 4 pist\u00f5es, disco hidr\u00e1ulico, 200mm<\/li>\n<li>TRANSMISS\u00c3O<\/li>\n<li>SRAM X01 Eagle, DERAILLEUR TRASEIRO de 12 velocidades<\/li>\n<li>SRAM X01 SRAM Eagle SHIFTERS, gatilho, 12 velocidades<\/li>\n<li>SRAM XG-1295 \u00c1guia CASSETTE, 10-52t<\/li>\n<li>SRAM GX Eagle CHAIN de 12 velocidades<\/li>\n<li>Praxis BOTTOM BRACKET, forjado M30, deslocamento personalizado<\/li>\n<li>SRAM X-Sync Eagle CHAINRINGS, 94 BCD, 32T, liga<\/li>\n<li>RODAS<\/li>\n<li>PNEU.<br \/>\nTalho, carca\u00e7a GRID TRAIL, composto GRIPTON\u00ae T9, 2Bliss Ready, 29&#215;2.3&#8243; <\/li>\n<li>C\u00c2MERAS Standard, v\u00e1lvula Presta<\/li>\n<li>Travessia 29 RODA DIANTEIRA<\/li>\n<li>Travessia 29 RODA TRASEIRA<\/li>\n<li>Roval Traverse 29 Alloy RIMS, 30mm de largura interna, constru\u00eddo \u00e0 m\u00e3o, 2Bliss Ready<\/li>\n<li>CUBO DIANTEIRO Roval, rolamentos de cartucho selados, espa\u00e7amento 15x110mm, 28h<\/li>\n<li>Roval DT Swiss 370, Ratchet LN, SRAM XD corpo do motorista, eixo thru de 12mm, espa\u00e7amento de 148mm, 28h<\/li>\n<li>DT Swiss Competition Race RAIOS<\/li>\n<li>Talho de pneus traseiro, carca\u00e7a GRID TRAIL, composto GRIPTON\u00ae T7, 2Bliss Ready, 29&#215;2.3&#8243;<\/li>\n<li>CONJUNTO DE QUADROS<\/li>\n<li>Liga de sela, 38.6mm<\/li>\n<li>FACT FRAME 11m full carbon, 29&#8243;, roteamento de cabo interno completo, espa\u00e7amento de 148mm, rolamentos de cartucho totalmente selados, curso traseiro de 170mm, tubo de cabe\u00e7a geo ajuste, geo ajuste horst pivot<\/li>\n<li>FOX FLOAT FOX 38 Performance Elite 29 FORK, amortecedor Grip2, deslocamento de 44mm, HSC, LSC, HSR, LSR, 110x15mm, dire\u00e7\u00e3o c\u00f3nica de 1,5&#8243;, curso de 170mm<\/li>\n<li>E-BICICLETA<\/li>\n<li>MOTOR Specialized SL 1.1, motor leve personalizado<\/li>\n<li>Specialized SL1-320, totalmente integrada, 320Wh<\/li>\n<li>Carregador personalizado, Sistema 48V c\/ ficha do carregador do sistema SL<\/li>\n<li>UI\/REMOTO Specialized , ANT+\/Bluetooth\u00ae, com controlo remoto do guiador<\/li>\n<li>Chicote de fia\u00e7\u00e3o Specialized personalizado WIRING<\/li>\n<li>Suspens\u00e3o<\/li>\n<li>FOX FLOAT X2 Performance Shock, alavanca de 2 posi\u00e7\u00f5es, 62.5x230mm<\/li>\n<\/ul>\n","protected":false},"excerpt":{"rendered":"<p>O Turbo Kenevo SL combina a capacidade de condu\u00e7\u00e3o e condu\u00e7\u00e3o em trail do lend\u00e1rio Enduro, juntamente com o nosso motor el\u00e9trico Super Light que proporciona capacidade, leveza e pot\u00eancia.<\/p>\n","protected":false},"featured_media":284545,"comment_status":"closed","ping_status":"closed","template":"","meta":{"_acf_changed":false,"_et_pb_use_builder":"","_et_pb_old_content":"","_et_gb_content_width":"","inline_featured_image":false},"product_brand":[],"product_cat":[20,378],"product_tag":[],"class_list":{"0":"post-386140","1":"product","2":"type-product","3":"status-publish","4":"has-post-thumbnail","6":"product_cat-bicicletas-de-carretera","7":"product_cat-estrada","9":"first","10":"outofstock","11":"taxable","12":"shipping-taxable","13":"product-type-variable","14":"wvs-archive-product-wrapper"},"acf":[],"yoast_head":"<!-- This site is optimized with the Yoast SEO Premium plugin v26.7 (Yoast SEO v26.7) - https:\/\/yoast.com\/wordpress\/plugins\/seo\/ -->\n<title>Specialized Kenevo SL Expert Carbono 29 2022 GR-100<\/title>\n<meta name=\"description\" content=\"SPECIALIZED KENEVO SL EXPERT CARBONO 29 2022. O Turbo Kenevo SL combina o j\u00e1 lend\u00e1rio manuseamento do Enduro e a sua grande habilidade.\" \/>\n<meta name=\"robots\" content=\"index, follow, max-snippet:-1, max-image-preview:large, max-video-preview:-1\" \/>\n<link rel=\"canonical\" href=\"https:\/\/gr-100.com\/pt-pt\/producto\/especialista-kenevo-sl-expert-carbon-29-2022\/\" \/>\n<meta property=\"og:locale\" content=\"pt_PT\" \/>\n<meta property=\"og:type\" content=\"article\" \/>\n<meta property=\"og:title\" content=\"Specialized Kenevo SL Expert Carbono 29 2022\" \/>\n<meta property=\"og:description\" content=\"SPECIALIZED KENEVO SL EXPERT CARBONO 29 2022. O Turbo Kenevo SL combina o j\u00e1 lend\u00e1rio manuseamento do Enduro e a sua grande habilidade.\" \/>\n<meta property=\"og:url\" content=\"https:\/\/gr-100.com\/pt-pt\/producto\/especialista-kenevo-sl-expert-carbon-29-2022\/\" \/>\n<meta property=\"og:site_name\" content=\"Gr-100 Tienda de ciclismo Specialized\" \/>\n<meta property=\"article:publisher\" content=\"https:\/\/www.facebook.com\/Gr100Bikes\" \/>\n<meta property=\"article:modified_time\" content=\"2025-11-26T14:23:02+00:00\" \/>\n<meta property=\"og:image\" content=\"https:\/\/gr-100.com\/wp-content\/uploads\/2024\/05\/1-Screenshot-of-98021-37_KE.jpg\" \/>\n\t<meta property=\"og:image:width\" content=\"1000\" \/>\n\t<meta property=\"og:image:height\" content=\"1000\" \/>\n\t<meta property=\"og:image:type\" content=\"image\/jpeg\" \/>\n<meta name=\"twitter:card\" content=\"summary_large_image\" \/>\n<meta name=\"twitter:label1\" content=\"Tempo estimado de leitura\" \/>\n\t<meta name=\"twitter:data1\" content=\"2 minutos\" \/>\n<script type=\"application\/ld+json\" class=\"yoast-schema-graph\">{\"@context\":\"https:\/\/schema.org\",\"@graph\":[{\"@type\":\"WebPage\",\"@id\":\"https:\/\/gr-100.com\/pt-pt\/producto\/especialista-kenevo-sl-expert-carbon-29-2022\/\",\"url\":\"https:\/\/gr-100.com\/pt-pt\/producto\/especialista-kenevo-sl-expert-carbon-29-2022\/\",\"name\":\"Specialized Kenevo SL Expert Carbono 29 2022 GR-100\",\"isPartOf\":{\"@id\":\"https:\/\/gr-100.com\/#website\"},\"primaryImageOfPage\":{\"@id\":\"https:\/\/gr-100.com\/pt-pt\/producto\/especialista-kenevo-sl-expert-carbon-29-2022\/#primaryimage\"},\"image\":{\"@id\":\"https:\/\/gr-100.com\/pt-pt\/producto\/especialista-kenevo-sl-expert-carbon-29-2022\/#primaryimage\"},\"thumbnailUrl\":\"https:\/\/gr-100.com\/wp-content\/uploads\/2024\/05\/1-Screenshot-of-98021-37_KE.jpg\",\"datePublished\":\"2024-07-01T09:08:05+00:00\",\"dateModified\":\"2025-11-26T14:23:02+00:00\",\"description\":\"SPECIALIZED KENEVO SL EXPERT CARBONO 29 2022. O Turbo Kenevo SL combina o j\u00e1 lend\u00e1rio manuseamento do Enduro e a sua grande habilidade.\",\"breadcrumb\":{\"@id\":\"https:\/\/gr-100.com\/pt-pt\/producto\/especialista-kenevo-sl-expert-carbon-29-2022\/#breadcrumb\"},\"inLanguage\":\"pt-PT\",\"potentialAction\":[{\"@type\":\"ReadAction\",\"target\":[\"https:\/\/gr-100.com\/pt-pt\/producto\/especialista-kenevo-sl-expert-carbon-29-2022\/\"]}]},{\"@type\":\"ImageObject\",\"inLanguage\":\"pt-PT\",\"@id\":\"https:\/\/gr-100.com\/pt-pt\/producto\/especialista-kenevo-sl-expert-carbon-29-2022\/#primaryimage\",\"url\":\"https:\/\/gr-100.com\/wp-content\/uploads\/2024\/05\/1-Screenshot-of-98021-37_KE.jpg\",\"contentUrl\":\"https:\/\/gr-100.com\/wp-content\/uploads\/2024\/05\/1-Screenshot-of-98021-37_KE.jpg\",\"width\":1000,\"height\":1000},{\"@type\":\"BreadcrumbList\",\"@id\":\"https:\/\/gr-100.com\/pt-pt\/producto\/especialista-kenevo-sl-expert-carbon-29-2022\/#breadcrumb\",\"itemListElement\":[{\"@type\":\"ListItem\",\"position\":1,\"name\":\"Portada\",\"item\":\"https:\/\/gr-100.com\/en\/\"},{\"@type\":\"ListItem\",\"position\":2,\"name\":\"Productos\",\"item\":\"https:\/\/gr-100.com\/?post_type=product\"},{\"@type\":\"ListItem\",\"position\":3,\"name\":\"Specialized Kenevo SL Expert Carbono 29 2022\"}]},{\"@type\":\"WebSite\",\"@id\":\"https:\/\/gr-100.com\/#website\",\"url\":\"https:\/\/gr-100.com\/\",\"name\":\"Gr-100 Tienda de ciclismo Specialized\",\"description\":\"GR-100 tenemos todas las gamas de bicicletas Specialized al mejor precio.\",\"publisher\":{\"@id\":\"https:\/\/gr-100.com\/#organization\"},\"alternateName\":\"Gr-100 Bikes\",\"potentialAction\":[{\"@type\":\"SearchAction\",\"target\":{\"@type\":\"EntryPoint\",\"urlTemplate\":\"https:\/\/gr-100.com\/?s={search_term_string}\"},\"query-input\":{\"@type\":\"PropertyValueSpecification\",\"valueRequired\":true,\"valueName\":\"search_term_string\"}}],\"inLanguage\":\"pt-PT\"},{\"@type\":\"Organization\",\"@id\":\"https:\/\/gr-100.com\/#organization\",\"name\":\"Gr-100\",\"url\":\"https:\/\/gr-100.com\/\",\"logo\":{\"@type\":\"ImageObject\",\"inLanguage\":\"pt-PT\",\"@id\":\"https:\/\/gr-100.com\/#\/schema\/logo\/image\/\",\"url\":\"https:\/\/gr-100.com\/wp-content\/uploads\/2023\/08\/logo-gr-100-bikes.png\",\"contentUrl\":\"https:\/\/gr-100.com\/wp-content\/uploads\/2023\/08\/logo-gr-100-bikes.png\",\"width\":707,\"height\":284,\"caption\":\"Gr-100\"},\"image\":{\"@id\":\"https:\/\/gr-100.com\/#\/schema\/logo\/image\/\"},\"sameAs\":[\"https:\/\/www.facebook.com\/Gr100Bikes\",\"https:\/\/www.instagram.com\/gr100bikes\/\",\"https:\/\/www.tiktok.com\/@gr100bikes\",\"https:\/\/twitter.com\/gr100mtbteam\",\"https:\/\/www.youtube.com\/c\/GR100Specialized\"]}]}<\/script>\n<!-- \/ Yoast SEO Premium plugin. -->","yoast_head_json":{"title":"Specialized Kenevo SL Expert Carbono 29 2022 GR-100","description":"SPECIALIZED KENEVO SL EXPERT CARBONO 29 2022. O Turbo Kenevo SL combina o j\u00e1 lend\u00e1rio manuseamento do Enduro e a sua grande habilidade.","robots":{"index":"index","follow":"follow","max-snippet":"max-snippet:-1","max-image-preview":"max-image-preview:large","max-video-preview":"max-video-preview:-1"},"canonical":"https:\/\/gr-100.com\/pt-pt\/producto\/especialista-kenevo-sl-expert-carbon-29-2022\/","og_locale":"pt_PT","og_type":"article","og_title":"Specialized Kenevo SL Expert Carbono 29 2022","og_description":"SPECIALIZED KENEVO SL EXPERT CARBONO 29 2022. O Turbo Kenevo SL combina o j\u00e1 lend\u00e1rio manuseamento do Enduro e a sua grande habilidade.","og_url":"https:\/\/gr-100.com\/pt-pt\/producto\/especialista-kenevo-sl-expert-carbon-29-2022\/","og_site_name":"Gr-100 Tienda de ciclismo Specialized","article_publisher":"https:\/\/www.facebook.com\/Gr100Bikes","article_modified_time":"2025-11-26T14:23:02+00:00","og_image":[{"width":1000,"height":1000,"url":"https:\/\/gr-100.com\/wp-content\/uploads\/2024\/05\/1-Screenshot-of-98021-37_KE.jpg","type":"image\/jpeg"}],"twitter_card":"summary_large_image","twitter_misc":{"Tempo estimado de leitura":"2 minutos"},"schema":{"@context":"https:\/\/schema.org","@graph":[{"@type":"WebPage","@id":"https:\/\/gr-100.com\/pt-pt\/producto\/especialista-kenevo-sl-expert-carbon-29-2022\/","url":"https:\/\/gr-100.com\/pt-pt\/producto\/especialista-kenevo-sl-expert-carbon-29-2022\/","name":"Specialized Kenevo SL Expert Carbono 29 2022 GR-100","isPartOf":{"@id":"https:\/\/gr-100.com\/#website"},"primaryImageOfPage":{"@id":"https:\/\/gr-100.com\/pt-pt\/producto\/especialista-kenevo-sl-expert-carbon-29-2022\/#primaryimage"},"image":{"@id":"https:\/\/gr-100.com\/pt-pt\/producto\/especialista-kenevo-sl-expert-carbon-29-2022\/#primaryimage"},"thumbnailUrl":"https:\/\/gr-100.com\/wp-content\/uploads\/2024\/05\/1-Screenshot-of-98021-37_KE.jpg","datePublished":"2024-07-01T09:08:05+00:00","dateModified":"2025-11-26T14:23:02+00:00","description":"SPECIALIZED KENEVO SL EXPERT CARBONO 29 2022. O Turbo Kenevo SL combina o j\u00e1 lend\u00e1rio manuseamento do Enduro e a sua grande habilidade.","breadcrumb":{"@id":"https:\/\/gr-100.com\/pt-pt\/producto\/especialista-kenevo-sl-expert-carbon-29-2022\/#breadcrumb"},"inLanguage":"pt-PT","potentialAction":[{"@type":"ReadAction","target":["https:\/\/gr-100.com\/pt-pt\/producto\/especialista-kenevo-sl-expert-carbon-29-2022\/"]}]},{"@type":"ImageObject","inLanguage":"pt-PT","@id":"https:\/\/gr-100.com\/pt-pt\/producto\/especialista-kenevo-sl-expert-carbon-29-2022\/#primaryimage","url":"https:\/\/gr-100.com\/wp-content\/uploads\/2024\/05\/1-Screenshot-of-98021-37_KE.jpg","contentUrl":"https:\/\/gr-100.com\/wp-content\/uploads\/2024\/05\/1-Screenshot-of-98021-37_KE.jpg","width":1000,"height":1000},{"@type":"BreadcrumbList","@id":"https:\/\/gr-100.com\/pt-pt\/producto\/especialista-kenevo-sl-expert-carbon-29-2022\/#breadcrumb","itemListElement":[{"@type":"ListItem","position":1,"name":"Portada","item":"https:\/\/gr-100.com\/en\/"},{"@type":"ListItem","position":2,"name":"Productos","item":"https:\/\/gr-100.com\/?post_type=product"},{"@type":"ListItem","position":3,"name":"Specialized Kenevo SL Expert Carbono 29 2022"}]},{"@type":"WebSite","@id":"https:\/\/gr-100.com\/#website","url":"https:\/\/gr-100.com\/","name":"Gr-100 Tienda de ciclismo Specialized","description":"GR-100 tenemos todas las gamas de bicicletas Specialized al mejor precio.","publisher":{"@id":"https:\/\/gr-100.com\/#organization"},"alternateName":"Gr-100 Bikes","potentialAction":[{"@type":"SearchAction","target":{"@type":"EntryPoint","urlTemplate":"https:\/\/gr-100.com\/?s={search_term_string}"},"query-input":{"@type":"PropertyValueSpecification","valueRequired":true,"valueName":"search_term_string"}}],"inLanguage":"pt-PT"},{"@type":"Organization","@id":"https:\/\/gr-100.com\/#organization","name":"Gr-100","url":"https:\/\/gr-100.com\/","logo":{"@type":"ImageObject","inLanguage":"pt-PT","@id":"https:\/\/gr-100.com\/#\/schema\/logo\/image\/","url":"https:\/\/gr-100.com\/wp-content\/uploads\/2023\/08\/logo-gr-100-bikes.png","contentUrl":"https:\/\/gr-100.com\/wp-content\/uploads\/2023\/08\/logo-gr-100-bikes.png","width":707,"height":284,"caption":"Gr-100"},"image":{"@id":"https:\/\/gr-100.com\/#\/schema\/logo\/image\/"},"sameAs":["https:\/\/www.facebook.com\/Gr100Bikes","https:\/\/www.instagram.com\/gr100bikes\/","https:\/\/www.tiktok.com\/@gr100bikes","https:\/\/twitter.com\/gr100mtbteam","https:\/\/www.youtube.com\/c\/GR100Specialized"]}]}},"_links":{"self":[{"href":"https:\/\/gr-100.com\/pt-pt\/wp-json\/wp\/v2\/product\/386140","targetHints":{"allow":["GET"]}}],"collection":[{"href":"https:\/\/gr-100.com\/pt-pt\/wp-json\/wp\/v2\/product"}],"about":[{"href":"https:\/\/gr-100.com\/pt-pt\/wp-json\/wp\/v2\/types\/product"}],"replies":[{"embeddable":true,"href":"https:\/\/gr-100.com\/pt-pt\/wp-json\/wp\/v2\/comments?post=386140"}],"wp:featuredmedia":[{"embeddable":true,"href":"https:\/\/gr-100.com\/pt-pt\/wp-json\/wp\/v2\/media\/284545"}],"wp:attachment":[{"href":"https:\/\/gr-100.com\/pt-pt\/wp-json\/wp\/v2\/media?parent=386140"}],"wp:term":[{"taxonomy":"product_brand","embeddable":true,"href":"https:\/\/gr-100.com\/pt-pt\/wp-json\/wp\/v2\/product_brand?post=386140"},{"taxonomy":"product_cat","embeddable":true,"href":"https:\/\/gr-100.com\/pt-pt\/wp-json\/wp\/v2\/product_cat?post=386140"},{"taxonomy":"product_tag","embeddable":true,"href":"https:\/\/gr-100.com\/pt-pt\/wp-json\/wp\/v2\/product_tag?post=386140"}],"curies":[{"name":"wp","href":"https:\/\/api.w.org\/{rel}","templated":true}]}}