{"id":386271,"date":"2024-07-01T08:38:40","date_gmt":"2024-07-01T08:38:40","guid":{"rendered":"https:\/\/gr-100.com\/producto\/cannondale-habito-neo-2-2021\/"},"modified":"2025-11-26T16:20:30","modified_gmt":"2025-11-26T14:20:30","slug":"cannondale-habito-neo-2-2021","status":"publish","type":"product","link":"https:\/\/gr-100.com\/pt-pt\/producto\/cannondale-habito-neo-2-2021\/","title":{"rendered":"Cannondale H\u00e1bito Neo 2 2021"},"content":{"rendered":"<p><iframe src=\"https:\/\/www.youtube.com\/embed\/vUrflXhplq0\" width=\"560\" height=\"315\" frameborder=\"0\" allowfullscreen=\"allowfullscreen\"><\/iframe>  \u2022 Quadro de curso de 130 mm, tri\u00e2ngulo frontal em carbono BallisTec, bra\u00e7o oscilante de liga SmartForm C1, skid plate de liga, transmiss\u00e3o offset Ai \u2022 Forquilha RockShox 35 Gold RL, 140mm, DebonAir, 15&#215;110, tubo de cabe\u00e7a c\u00f4nico, deslocamento de 51mm \u2022 RockShox Deluxe Select + RT amortecedor traseiro, DebonAir \u2022 Jantes WTB ST i30 TCS, 32h, prontas para tubos \u2022 F\u00f3rmula DC-51131 cubos (F),  15x110mm eixo thru \/<br \/>\n(R) Shimano FH-MT510-B, eixo thru 12x148mm \u2022 raios DT Swiss Champion \u2022 (F) Pneus Maxxis Dissector, 29 x 2.6&#8243;, casco EXO, pronto sem c\u00e2mara\/<br \/>\n(R) Maxxis Rekon, 29 x 2.6&#8243;, EXO tubeless shell pronto \u2022 Pedais n\u00e3o inclu\u00eddos \u2022 Manivela FSA Bosch E-Bike c\/ deslocamento Ai personalizado, 34T \u2022 Suporte inferior N\/A \u2022 Corrente Shimano SLX, 12 velocidades \u2022 Shimano SLX, 10-51, 12 velocidades \u2022 Derailleur dianteiro N\/A \u2022 Derailleur traseiro Shimano SLX, 12 velocidades \u2022 Shimano SLX push-links, 12 velocidades \u2022 Guiador Cannondale 3 Riser,  Liga 6061, 15mm de altura, 8\u00b0 varredura, 4\u00b0 de eleva\u00e7\u00e3o, 780mm \u2022 Bosch Performance Line CX 250W E-Bike Drive Unit \u2022 Punhos de tecido FunGuy \u2022 Bateria Bosch PowerTube 625Wh E-Bike \u2022 Cannondale 1 Power, liga forjada 3D 6061, 1-1\/8&#8243;, 31.8, 7\u00b0 \u2022 Bosch Kiox E-Bike Display \u2022 Rolamento selado integrado de dire\u00e7\u00e3o, c\u00f3nico \u2022 Carregador Bosch 4A E-Bike \u2022 Trav\u00f5es de disco hidr\u00e1ulicos (F) Magura MT Trail Sport,  4 pist\u00f5es, rotor MDR-P de 220 mm \/ disco hidr\u00e1ulico<br \/>\n(R) Magura MT Trail Sport, rotor MDR-P de 2 pist\u00f5es, 203 mm \u2022 Selim Elite raso de tecido Scoop, trilhos cromados \u2022 Cannondale DownLow Dropper seatper, roteamento interno, 31.6, Drop: 125mm (SM), 150mm (MD, LG, XL) \u2022 TAMANHOS SM, MD, LG, XL \u2022 Cabos de luz extra pr\u00e9-instalados<br \/>\ns)    <\/p>\n","protected":false},"excerpt":{"rendered":"<p>Quadro de carbono ajustado de resposta proporcional, garfo de 130mm \/ 140mm RockShox 35 Gold RL Shimano SLX 12-Speed Drivetrain \/ Magura MT Trail Sport Freios a disco hidr\u00e1ulicos Bosch Performance Line CX Drive Unit \/ 625Wh Battery \/ Kiox Color Display \/ Autonomia: At\u00e9 108km (67mi)<\/p>\n","protected":false},"featured_media":282707,"comment_status":"closed","ping_status":"closed","template":"","meta":{"_acf_changed":false,"_et_pb_use_builder":"","_et_pb_old_content":"","_et_gb_content_width":"","inline_featured_image":false},"product_brand":[],"product_cat":[20,378],"product_tag":[],"class_list":{"0":"post-386271","1":"product","2":"type-product","3":"status-publish","4":"has-post-thumbnail","6":"product_cat-bicicletas-de-carretera","7":"product_cat-estrada","9":"first","10":"outofstock","11":"taxable","12":"shipping-taxable","13":"product-type-variable","14":"wvs-archive-product-wrapper"},"acf":[],"yoast_head":"<!-- This site is optimized with the Yoast SEO Premium plugin v26.7 (Yoast SEO v26.7) - https:\/\/yoast.com\/wordpress\/plugins\/seo\/ -->\n<title>Cannondale H\u00e1bito Neo 2 2021 GR-100 CANNONDALE H\u00c1BITO NEO<\/title>\n<meta name=\"description\" content=\"CANNONDALE H\u00e1bito Neo 2 2021. Quadro de carbono ajustado de resposta proporcional, garfo de 130 mm \/ RockShox 35 Gold RL de 140 mm\" \/>\n<meta name=\"robots\" content=\"index, follow, max-snippet:-1, max-image-preview:large, max-video-preview:-1\" \/>\n<link rel=\"canonical\" href=\"https:\/\/gr-100.com\/pt-pt\/producto\/cannondale-habito-neo-2-2021\/\" \/>\n<meta property=\"og:locale\" content=\"pt_PT\" \/>\n<meta property=\"og:type\" content=\"article\" \/>\n<meta property=\"og:title\" content=\"Cannondale H\u00e1bito Neo 2 2021\" \/>\n<meta property=\"og:description\" content=\"CANNONDALE H\u00e1bito Neo 2 2021. Quadro de carbono ajustado de resposta proporcional, garfo de 130 mm \/ RockShox 35 Gold RL de 140 mm\" \/>\n<meta property=\"og:url\" content=\"https:\/\/gr-100.com\/pt-pt\/producto\/cannondale-habito-neo-2-2021\/\" \/>\n<meta property=\"og:site_name\" content=\"Gr-100 Tienda de ciclismo Specialized\" \/>\n<meta property=\"article:publisher\" content=\"https:\/\/www.facebook.com\/Gr100Bikes\" \/>\n<meta property=\"article:modified_time\" content=\"2025-11-26T14:20:30+00:00\" \/>\n<meta property=\"og:image\" content=\"https:\/\/gr-100.com\/wp-content\/uploads\/2024\/05\/1-C21_C65251M_Habit_Neo_2_S.jpg\" \/>\n\t<meta property=\"og:image:width\" content=\"1000\" \/>\n\t<meta property=\"og:image:height\" content=\"1000\" \/>\n\t<meta property=\"og:image:type\" content=\"image\/jpeg\" \/>\n<meta name=\"twitter:card\" content=\"summary_large_image\" \/>\n<meta name=\"twitter:label1\" content=\"Tempo estimado de leitura\" \/>\n\t<meta name=\"twitter:data1\" content=\"1 minuto\" \/>\n<script type=\"application\/ld+json\" class=\"yoast-schema-graph\">{\"@context\":\"https:\/\/schema.org\",\"@graph\":[{\"@type\":\"WebPage\",\"@id\":\"https:\/\/gr-100.com\/pt-pt\/producto\/cannondale-habito-neo-2-2021\/\",\"url\":\"https:\/\/gr-100.com\/pt-pt\/producto\/cannondale-habito-neo-2-2021\/\",\"name\":\"Cannondale H\u00e1bito Neo 2 2021 GR-100 CANNONDALE H\u00c1BITO NEO\",\"isPartOf\":{\"@id\":\"https:\/\/gr-100.com\/#website\"},\"primaryImageOfPage\":{\"@id\":\"https:\/\/gr-100.com\/pt-pt\/producto\/cannondale-habito-neo-2-2021\/#primaryimage\"},\"image\":{\"@id\":\"https:\/\/gr-100.com\/pt-pt\/producto\/cannondale-habito-neo-2-2021\/#primaryimage\"},\"thumbnailUrl\":\"https:\/\/gr-100.com\/wp-content\/uploads\/2024\/05\/1-C21_C65251M_Habit_Neo_2_S.jpg\",\"datePublished\":\"2024-07-01T08:38:40+00:00\",\"dateModified\":\"2025-11-26T14:20:30+00:00\",\"description\":\"CANNONDALE H\u00e1bito Neo 2 2021. Quadro de carbono ajustado de resposta proporcional, garfo de 130 mm \/ RockShox 35 Gold RL de 140 mm\",\"breadcrumb\":{\"@id\":\"https:\/\/gr-100.com\/pt-pt\/producto\/cannondale-habito-neo-2-2021\/#breadcrumb\"},\"inLanguage\":\"pt-PT\",\"potentialAction\":[{\"@type\":\"ReadAction\",\"target\":[\"https:\/\/gr-100.com\/pt-pt\/producto\/cannondale-habito-neo-2-2021\/\"]}]},{\"@type\":\"ImageObject\",\"inLanguage\":\"pt-PT\",\"@id\":\"https:\/\/gr-100.com\/pt-pt\/producto\/cannondale-habito-neo-2-2021\/#primaryimage\",\"url\":\"https:\/\/gr-100.com\/wp-content\/uploads\/2024\/05\/1-C21_C65251M_Habit_Neo_2_S.jpg\",\"contentUrl\":\"https:\/\/gr-100.com\/wp-content\/uploads\/2024\/05\/1-C21_C65251M_Habit_Neo_2_S.jpg\",\"width\":1000,\"height\":1000},{\"@type\":\"BreadcrumbList\",\"@id\":\"https:\/\/gr-100.com\/pt-pt\/producto\/cannondale-habito-neo-2-2021\/#breadcrumb\",\"itemListElement\":[{\"@type\":\"ListItem\",\"position\":1,\"name\":\"Portada\",\"item\":\"https:\/\/gr-100.com\/en\/\"},{\"@type\":\"ListItem\",\"position\":2,\"name\":\"Productos\",\"item\":\"https:\/\/gr-100.com\/?post_type=product\"},{\"@type\":\"ListItem\",\"position\":3,\"name\":\"Cannondale H\u00e1bito Neo 2 2021\"}]},{\"@type\":\"WebSite\",\"@id\":\"https:\/\/gr-100.com\/#website\",\"url\":\"https:\/\/gr-100.com\/\",\"name\":\"Gr-100 Tienda de ciclismo Specialized\",\"description\":\"GR-100 tenemos todas las gamas de bicicletas Specialized al mejor precio.\",\"publisher\":{\"@id\":\"https:\/\/gr-100.com\/#organization\"},\"alternateName\":\"Gr-100 Bikes\",\"potentialAction\":[{\"@type\":\"SearchAction\",\"target\":{\"@type\":\"EntryPoint\",\"urlTemplate\":\"https:\/\/gr-100.com\/?s={search_term_string}\"},\"query-input\":{\"@type\":\"PropertyValueSpecification\",\"valueRequired\":true,\"valueName\":\"search_term_string\"}}],\"inLanguage\":\"pt-PT\"},{\"@type\":\"Organization\",\"@id\":\"https:\/\/gr-100.com\/#organization\",\"name\":\"Gr-100\",\"url\":\"https:\/\/gr-100.com\/\",\"logo\":{\"@type\":\"ImageObject\",\"inLanguage\":\"pt-PT\",\"@id\":\"https:\/\/gr-100.com\/#\/schema\/logo\/image\/\",\"url\":\"https:\/\/gr-100.com\/wp-content\/uploads\/2023\/08\/logo-gr-100-bikes.png\",\"contentUrl\":\"https:\/\/gr-100.com\/wp-content\/uploads\/2023\/08\/logo-gr-100-bikes.png\",\"width\":707,\"height\":284,\"caption\":\"Gr-100\"},\"image\":{\"@id\":\"https:\/\/gr-100.com\/#\/schema\/logo\/image\/\"},\"sameAs\":[\"https:\/\/www.facebook.com\/Gr100Bikes\",\"https:\/\/www.instagram.com\/gr100bikes\/\",\"https:\/\/www.tiktok.com\/@gr100bikes\",\"https:\/\/twitter.com\/gr100mtbteam\",\"https:\/\/www.youtube.com\/c\/GR100Specialized\"]}]}<\/script>\n<!-- \/ Yoast SEO Premium plugin. -->","yoast_head_json":{"title":"Cannondale H\u00e1bito Neo 2 2021 GR-100 CANNONDALE H\u00c1BITO NEO","description":"CANNONDALE H\u00e1bito Neo 2 2021. Quadro de carbono ajustado de resposta proporcional, garfo de 130 mm \/ RockShox 35 Gold RL de 140 mm","robots":{"index":"index","follow":"follow","max-snippet":"max-snippet:-1","max-image-preview":"max-image-preview:large","max-video-preview":"max-video-preview:-1"},"canonical":"https:\/\/gr-100.com\/pt-pt\/producto\/cannondale-habito-neo-2-2021\/","og_locale":"pt_PT","og_type":"article","og_title":"Cannondale H\u00e1bito Neo 2 2021","og_description":"CANNONDALE H\u00e1bito Neo 2 2021. Quadro de carbono ajustado de resposta proporcional, garfo de 130 mm \/ RockShox 35 Gold RL de 140 mm","og_url":"https:\/\/gr-100.com\/pt-pt\/producto\/cannondale-habito-neo-2-2021\/","og_site_name":"Gr-100 Tienda de ciclismo Specialized","article_publisher":"https:\/\/www.facebook.com\/Gr100Bikes","article_modified_time":"2025-11-26T14:20:30+00:00","og_image":[{"width":1000,"height":1000,"url":"https:\/\/gr-100.com\/wp-content\/uploads\/2024\/05\/1-C21_C65251M_Habit_Neo_2_S.jpg","type":"image\/jpeg"}],"twitter_card":"summary_large_image","twitter_misc":{"Tempo estimado de leitura":"1 minuto"},"schema":{"@context":"https:\/\/schema.org","@graph":[{"@type":"WebPage","@id":"https:\/\/gr-100.com\/pt-pt\/producto\/cannondale-habito-neo-2-2021\/","url":"https:\/\/gr-100.com\/pt-pt\/producto\/cannondale-habito-neo-2-2021\/","name":"Cannondale H\u00e1bito Neo 2 2021 GR-100 CANNONDALE H\u00c1BITO NEO","isPartOf":{"@id":"https:\/\/gr-100.com\/#website"},"primaryImageOfPage":{"@id":"https:\/\/gr-100.com\/pt-pt\/producto\/cannondale-habito-neo-2-2021\/#primaryimage"},"image":{"@id":"https:\/\/gr-100.com\/pt-pt\/producto\/cannondale-habito-neo-2-2021\/#primaryimage"},"thumbnailUrl":"https:\/\/gr-100.com\/wp-content\/uploads\/2024\/05\/1-C21_C65251M_Habit_Neo_2_S.jpg","datePublished":"2024-07-01T08:38:40+00:00","dateModified":"2025-11-26T14:20:30+00:00","description":"CANNONDALE H\u00e1bito Neo 2 2021. Quadro de carbono ajustado de resposta proporcional, garfo de 130 mm \/ RockShox 35 Gold RL de 140 mm","breadcrumb":{"@id":"https:\/\/gr-100.com\/pt-pt\/producto\/cannondale-habito-neo-2-2021\/#breadcrumb"},"inLanguage":"pt-PT","potentialAction":[{"@type":"ReadAction","target":["https:\/\/gr-100.com\/pt-pt\/producto\/cannondale-habito-neo-2-2021\/"]}]},{"@type":"ImageObject","inLanguage":"pt-PT","@id":"https:\/\/gr-100.com\/pt-pt\/producto\/cannondale-habito-neo-2-2021\/#primaryimage","url":"https:\/\/gr-100.com\/wp-content\/uploads\/2024\/05\/1-C21_C65251M_Habit_Neo_2_S.jpg","contentUrl":"https:\/\/gr-100.com\/wp-content\/uploads\/2024\/05\/1-C21_C65251M_Habit_Neo_2_S.jpg","width":1000,"height":1000},{"@type":"BreadcrumbList","@id":"https:\/\/gr-100.com\/pt-pt\/producto\/cannondale-habito-neo-2-2021\/#breadcrumb","itemListElement":[{"@type":"ListItem","position":1,"name":"Portada","item":"https:\/\/gr-100.com\/en\/"},{"@type":"ListItem","position":2,"name":"Productos","item":"https:\/\/gr-100.com\/?post_type=product"},{"@type":"ListItem","position":3,"name":"Cannondale H\u00e1bito Neo 2 2021"}]},{"@type":"WebSite","@id":"https:\/\/gr-100.com\/#website","url":"https:\/\/gr-100.com\/","name":"Gr-100 Tienda de ciclismo Specialized","description":"GR-100 tenemos todas las gamas de bicicletas Specialized al mejor precio.","publisher":{"@id":"https:\/\/gr-100.com\/#organization"},"alternateName":"Gr-100 Bikes","potentialAction":[{"@type":"SearchAction","target":{"@type":"EntryPoint","urlTemplate":"https:\/\/gr-100.com\/?s={search_term_string}"},"query-input":{"@type":"PropertyValueSpecification","valueRequired":true,"valueName":"search_term_string"}}],"inLanguage":"pt-PT"},{"@type":"Organization","@id":"https:\/\/gr-100.com\/#organization","name":"Gr-100","url":"https:\/\/gr-100.com\/","logo":{"@type":"ImageObject","inLanguage":"pt-PT","@id":"https:\/\/gr-100.com\/#\/schema\/logo\/image\/","url":"https:\/\/gr-100.com\/wp-content\/uploads\/2023\/08\/logo-gr-100-bikes.png","contentUrl":"https:\/\/gr-100.com\/wp-content\/uploads\/2023\/08\/logo-gr-100-bikes.png","width":707,"height":284,"caption":"Gr-100"},"image":{"@id":"https:\/\/gr-100.com\/#\/schema\/logo\/image\/"},"sameAs":["https:\/\/www.facebook.com\/Gr100Bikes","https:\/\/www.instagram.com\/gr100bikes\/","https:\/\/www.tiktok.com\/@gr100bikes","https:\/\/twitter.com\/gr100mtbteam","https:\/\/www.youtube.com\/c\/GR100Specialized"]}]}},"_links":{"self":[{"href":"https:\/\/gr-100.com\/pt-pt\/wp-json\/wp\/v2\/product\/386271","targetHints":{"allow":["GET"]}}],"collection":[{"href":"https:\/\/gr-100.com\/pt-pt\/wp-json\/wp\/v2\/product"}],"about":[{"href":"https:\/\/gr-100.com\/pt-pt\/wp-json\/wp\/v2\/types\/product"}],"replies":[{"embeddable":true,"href":"https:\/\/gr-100.com\/pt-pt\/wp-json\/wp\/v2\/comments?post=386271"}],"wp:featuredmedia":[{"embeddable":true,"href":"https:\/\/gr-100.com\/pt-pt\/wp-json\/wp\/v2\/media\/282707"}],"wp:attachment":[{"href":"https:\/\/gr-100.com\/pt-pt\/wp-json\/wp\/v2\/media?parent=386271"}],"wp:term":[{"taxonomy":"product_brand","embeddable":true,"href":"https:\/\/gr-100.com\/pt-pt\/wp-json\/wp\/v2\/product_brand?post=386271"},{"taxonomy":"product_cat","embeddable":true,"href":"https:\/\/gr-100.com\/pt-pt\/wp-json\/wp\/v2\/product_cat?post=386271"},{"taxonomy":"product_tag","embeddable":true,"href":"https:\/\/gr-100.com\/pt-pt\/wp-json\/wp\/v2\/product_tag?post=386271"}],"curies":[{"name":"wp","href":"https:\/\/api.w.org\/{rel}","templated":true}]}}