{"id":386272,"date":"2024-07-01T08:36:46","date_gmt":"2024-07-01T06:36:46","guid":{"rendered":"https:\/\/gr-100.com\/producto\/especialista-kenevo-expert-6fattie-2021\/"},"modified":"2025-12-06T22:47:58","modified_gmt":"2025-12-06T20:47:58","slug":"especialista-kenevo-expert-6fattie-2021","status":"publish","type":"product","link":"https:\/\/gr-100.com\/pt-pt\/producto\/especialista-kenevo-expert-6fattie-2021\/","title":{"rendered":"Specialized Kenevo Specialized 6FATTIE 2021"},"content":{"rendered":"<p><iframe src=\"https:\/\/www.youtube.com\/embed\/1EmOS2Soizg\" width=\"560\" height=\"315\" frameborder=\"0\" allowfullscreen=\"allowfullscreen\"><\/iframe><\/p>\n<ul>\n<li>FRAME Specialized M5 Premium Aluminum, 27.5 Trail Geometry, bateria de tubo descendente integrada, cabo interno fechado, roteamento de posto de comando, espa\u00e7amento de 148 mm, rolamentos de cartucho totalmente selados, 180 mm de curso<\/li>\n<li>RockShox Boxxer Select RC FORK, 27.5, DebonAir, 20x110mm Boost, chassis\u2122 de 35mm, 180mm de curso<\/li>\n<li>Specialized tipo parafuso, liga, 38,6 mm<\/li>\n<li>Rockshox Super Deluxe Select Plus SHOCK, alavanca de 2 posi\u00e7\u00f5es, 230 x 62,5 mm<\/li>\n<li>Haste DH Specialized montagem direta especializada STEM, liga forjada de duas pe\u00e7as, 45mm<\/li>\n<li>Specialized, liga 7050, upsweep de 6 graus, backsweep de 8 graus, eleva\u00e7\u00e3o de 27mm, largura de 800mm<\/li>\n<li>Specialized, meio waffle, S \/ M: espessura regular, L \/ XL: espessura XL<\/li>\n<li>Geometria Corporal Henge Comp SADDLE, trilhos ocos Cr-Mo, 143mm<\/li>\n<li>Posto de comando IRcc SEATPOST, 16 posi\u00e7\u00f5es micro-altura ajust\u00e1vel, cabe\u00e7a de dois parafusos, roteamento de cabo de montagem inferior, alavanca SRL remota, 34.9mm, S: 130mm, M\/L\/XL: 160mm de curso<\/li>\n<li>SRAM Code R SRAM FRONT BRAKKE, pin\u00e7a de 4 pist\u00f5es, disco hidr\u00e1ulico, 200mm<\/li>\n<li>Freio traseiro SRAM Code RSRAM, pin\u00e7a de 4 pist\u00f5es, disco hidr\u00e1ulico, 200mm<\/li>\n<li>SRAM SRAM GX DERAILLEUR TRASEIRO, gaiola longa, 11 velocidades<\/li>\n<li>SRAM S700, ALAVANCA DE CLIQUE \u00daNICO<\/li>\n<li>KMC X11ET CHAIN, 11 velocidades c\/ Missing Link\u2122<\/li>\n<li>Praxis forjado M30 BOTTOM BRACKET, deslocamento personalizado<\/li>\n<li>AN\u00c9IS PRAXIS, 46T, 110BCD<\/li>\n<li>Roval 27.5&#8243; Liga DH, 28mm largura interna, 32h, pronto sem tubo<\/li>\n<li>HUB Specialized , flange de liga ou suporte de disco, rolamentos de cartucho selados, eixo thru 20x110mm, 32h<\/li>\n<li>DT SWISS 370 CUBO TRASEIRO, 6 parafusos, 12x148mm eixo thru, 32h<\/li>\n<li>R\u00c1DIOS DT Ind\u00fastria Su\u00ed\u00e7a<\/li>\n<li>PNEU. Talho, inv\u00f3lucro BLCK DMND, 2Bliss Ready, 27,5 x 2,6&#8243;<\/li>\n<li>PNEU TRASEIRO Talho, carca\u00e7a BLCK DMND, 2Bliss Ready, 27,5 x 2,6&#8243;<\/li>\n<li>Presta CAMERAS, v\u00e1lvula de 40mm<\/li>\n<li>PEDAIS<\/li>\n<li>WIRING HARNESS Arn\u00eas Specialized personalizado<\/li>\n<li>Specialized 2.1 MOTOR, motor personalizado Rx Trail-tuned, 250W avaliado<\/li>\n<li>BATERIA Specialized M2-700, bateria integrada w \/ prote\u00e7\u00e3o de rocha, 700Wh<\/li>\n<li>CARREGADOR Carregador personalizado, 42V4A c\/ ficha Rosenberger<\/li>\n<li>UI\/REMOTE Specialized , 10-LED Estado de carga, 3-LED Ride Mode display, ANT+\/Bluetooth\u00ae<\/li>\n<\/ul>\n","protected":false},"excerpt":{"rendered":"<p>Desculpe pelos telef\u00e9ricos e telef\u00e9ricos, o Kenevo Expert acaba de torn\u00e1-lo obsoleto.<br \/>\n\u00c9 a moto que lhe permite atravessar as subidas mais longas e complicadas com muita energia de sobra para que possa aplicar-se nas descidas mais longas e complicadas <\/p>\n","protected":false},"featured_media":282511,"comment_status":"closed","ping_status":"closed","template":"","meta":{"_acf_changed":false,"_et_pb_use_builder":"","_et_pb_old_content":"","_et_gb_content_width":"","inline_featured_image":false},"product_brand":[],"product_cat":[378],"product_tag":[],"class_list":{"0":"post-386272","1":"product","2":"type-product","3":"status-publish","4":"has-post-thumbnail","6":"product_cat-estrada","8":"first","9":"outofstock","10":"taxable","11":"shipping-taxable","12":"product-type-variable","13":"wvs-archive-product-wrapper"},"acf":[],"yoast_head":"<!-- This site is optimized with the Yoast SEO Premium plugin v26.7 (Yoast SEO v26.7) - https:\/\/yoast.com\/wordpress\/plugins\/seo\/ -->\n<title>Specialized Kenevo Specialized 6FATTIE 2021 GR-100 KENEVO<\/title>\n<meta name=\"description\" content=\"KENEVO EXPERT 6FATTIE. Desculpe pelos telef\u00e9ricos e telef\u00e9ricos, o Kenevo Expert acaba de torn\u00e1-lo obsoleto.\" \/>\n<meta name=\"robots\" content=\"index, follow, max-snippet:-1, max-image-preview:large, max-video-preview:-1\" \/>\n<link rel=\"canonical\" href=\"https:\/\/gr-100.com\/pt-pt\/producto\/especialista-kenevo-expert-6fattie-2021\/\" \/>\n<meta property=\"og:locale\" content=\"pt_PT\" \/>\n<meta property=\"og:type\" content=\"article\" \/>\n<meta property=\"og:title\" content=\"Specialized Kenevo Specialized 6FATTIE 2021\" \/>\n<meta property=\"og:description\" content=\"KENEVO EXPERT 6FATTIE. Desculpe pelos telef\u00e9ricos e telef\u00e9ricos, o Kenevo Expert acaba de torn\u00e1-lo obsoleto.\" \/>\n<meta property=\"og:url\" content=\"https:\/\/gr-100.com\/pt-pt\/producto\/especialista-kenevo-expert-6fattie-2021\/\" \/>\n<meta property=\"og:site_name\" content=\"Gr-100 Tienda de ciclismo Specialized\" \/>\n<meta property=\"article:publisher\" content=\"https:\/\/www.facebook.com\/Gr100Bikes\" \/>\n<meta property=\"article:modified_time\" content=\"2025-12-06T20:47:58+00:00\" \/>\n<meta property=\"og:image\" content=\"https:\/\/gr-100.com\/wp-content\/uploads\/2024\/05\/1-Screenshot-of-Kenevo-Expe.jpg\" \/>\n\t<meta property=\"og:image:width\" content=\"1000\" \/>\n\t<meta property=\"og:image:height\" content=\"1000\" \/>\n\t<meta property=\"og:image:type\" content=\"image\/jpeg\" \/>\n<meta name=\"twitter:card\" content=\"summary_large_image\" \/>\n<meta name=\"twitter:label1\" content=\"Tempo estimado de leitura\" \/>\n\t<meta name=\"twitter:data1\" content=\"2 minutos\" \/>\n<script type=\"application\/ld+json\" class=\"yoast-schema-graph\">{\"@context\":\"https:\/\/schema.org\",\"@graph\":[{\"@type\":\"WebPage\",\"@id\":\"https:\/\/gr-100.com\/pt-pt\/producto\/especialista-kenevo-expert-6fattie-2021\/\",\"url\":\"https:\/\/gr-100.com\/pt-pt\/producto\/especialista-kenevo-expert-6fattie-2021\/\",\"name\":\"Specialized Kenevo Specialized 6FATTIE 2021 GR-100 KENEVO\",\"isPartOf\":{\"@id\":\"https:\/\/gr-100.com\/#website\"},\"primaryImageOfPage\":{\"@id\":\"https:\/\/gr-100.com\/pt-pt\/producto\/especialista-kenevo-expert-6fattie-2021\/#primaryimage\"},\"image\":{\"@id\":\"https:\/\/gr-100.com\/pt-pt\/producto\/especialista-kenevo-expert-6fattie-2021\/#primaryimage\"},\"thumbnailUrl\":\"https:\/\/gr-100.com\/wp-content\/uploads\/2024\/05\/1-Screenshot-of-Kenevo-Expe.jpg\",\"datePublished\":\"2024-07-01T06:36:46+00:00\",\"dateModified\":\"2025-12-06T20:47:58+00:00\",\"description\":\"KENEVO EXPERT 6FATTIE. Desculpe pelos telef\u00e9ricos e telef\u00e9ricos, o Kenevo Expert acaba de torn\u00e1-lo obsoleto.\",\"breadcrumb\":{\"@id\":\"https:\/\/gr-100.com\/pt-pt\/producto\/especialista-kenevo-expert-6fattie-2021\/#breadcrumb\"},\"inLanguage\":\"pt-PT\",\"potentialAction\":[{\"@type\":\"ReadAction\",\"target\":[\"https:\/\/gr-100.com\/pt-pt\/producto\/especialista-kenevo-expert-6fattie-2021\/\"]}]},{\"@type\":\"ImageObject\",\"inLanguage\":\"pt-PT\",\"@id\":\"https:\/\/gr-100.com\/pt-pt\/producto\/especialista-kenevo-expert-6fattie-2021\/#primaryimage\",\"url\":\"https:\/\/gr-100.com\/wp-content\/uploads\/2024\/05\/1-Screenshot-of-Kenevo-Expe.jpg\",\"contentUrl\":\"https:\/\/gr-100.com\/wp-content\/uploads\/2024\/05\/1-Screenshot-of-Kenevo-Expe.jpg\",\"width\":1000,\"height\":1000},{\"@type\":\"BreadcrumbList\",\"@id\":\"https:\/\/gr-100.com\/pt-pt\/producto\/especialista-kenevo-expert-6fattie-2021\/#breadcrumb\",\"itemListElement\":[{\"@type\":\"ListItem\",\"position\":1,\"name\":\"Portada\",\"item\":\"https:\/\/gr-100.com\/en\/\"},{\"@type\":\"ListItem\",\"position\":2,\"name\":\"Productos\",\"item\":\"https:\/\/gr-100.com\/?post_type=product\"},{\"@type\":\"ListItem\",\"position\":3,\"name\":\"Specialized Kenevo Specialized 6FATTIE 2021\"}]},{\"@type\":\"WebSite\",\"@id\":\"https:\/\/gr-100.com\/#website\",\"url\":\"https:\/\/gr-100.com\/\",\"name\":\"Gr-100 Tienda de ciclismo Specialized\",\"description\":\"GR-100 tenemos todas las gamas de bicicletas Specialized al mejor precio.\",\"publisher\":{\"@id\":\"https:\/\/gr-100.com\/#organization\"},\"alternateName\":\"Gr-100 Bikes\",\"potentialAction\":[{\"@type\":\"SearchAction\",\"target\":{\"@type\":\"EntryPoint\",\"urlTemplate\":\"https:\/\/gr-100.com\/?s={search_term_string}\"},\"query-input\":{\"@type\":\"PropertyValueSpecification\",\"valueRequired\":true,\"valueName\":\"search_term_string\"}}],\"inLanguage\":\"pt-PT\"},{\"@type\":\"Organization\",\"@id\":\"https:\/\/gr-100.com\/#organization\",\"name\":\"Gr-100\",\"url\":\"https:\/\/gr-100.com\/\",\"logo\":{\"@type\":\"ImageObject\",\"inLanguage\":\"pt-PT\",\"@id\":\"https:\/\/gr-100.com\/#\/schema\/logo\/image\/\",\"url\":\"https:\/\/gr-100.com\/wp-content\/uploads\/2023\/08\/logo-gr-100-bikes.png\",\"contentUrl\":\"https:\/\/gr-100.com\/wp-content\/uploads\/2023\/08\/logo-gr-100-bikes.png\",\"width\":707,\"height\":284,\"caption\":\"Gr-100\"},\"image\":{\"@id\":\"https:\/\/gr-100.com\/#\/schema\/logo\/image\/\"},\"sameAs\":[\"https:\/\/www.facebook.com\/Gr100Bikes\",\"https:\/\/www.instagram.com\/gr100bikes\/\",\"https:\/\/www.tiktok.com\/@gr100bikes\",\"https:\/\/twitter.com\/gr100mtbteam\",\"https:\/\/www.youtube.com\/c\/GR100Specialized\"]}]}<\/script>\n<!-- \/ Yoast SEO Premium plugin. -->","yoast_head_json":{"title":"Specialized Kenevo Specialized 6FATTIE 2021 GR-100 KENEVO","description":"KENEVO EXPERT 6FATTIE. Desculpe pelos telef\u00e9ricos e telef\u00e9ricos, o Kenevo Expert acaba de torn\u00e1-lo obsoleto.","robots":{"index":"index","follow":"follow","max-snippet":"max-snippet:-1","max-image-preview":"max-image-preview:large","max-video-preview":"max-video-preview:-1"},"canonical":"https:\/\/gr-100.com\/pt-pt\/producto\/especialista-kenevo-expert-6fattie-2021\/","og_locale":"pt_PT","og_type":"article","og_title":"Specialized Kenevo Specialized 6FATTIE 2021","og_description":"KENEVO EXPERT 6FATTIE. Desculpe pelos telef\u00e9ricos e telef\u00e9ricos, o Kenevo Expert acaba de torn\u00e1-lo obsoleto.","og_url":"https:\/\/gr-100.com\/pt-pt\/producto\/especialista-kenevo-expert-6fattie-2021\/","og_site_name":"Gr-100 Tienda de ciclismo Specialized","article_publisher":"https:\/\/www.facebook.com\/Gr100Bikes","article_modified_time":"2025-12-06T20:47:58+00:00","og_image":[{"width":1000,"height":1000,"url":"https:\/\/gr-100.com\/wp-content\/uploads\/2024\/05\/1-Screenshot-of-Kenevo-Expe.jpg","type":"image\/jpeg"}],"twitter_card":"summary_large_image","twitter_misc":{"Tempo estimado de leitura":"2 minutos"},"schema":{"@context":"https:\/\/schema.org","@graph":[{"@type":"WebPage","@id":"https:\/\/gr-100.com\/pt-pt\/producto\/especialista-kenevo-expert-6fattie-2021\/","url":"https:\/\/gr-100.com\/pt-pt\/producto\/especialista-kenevo-expert-6fattie-2021\/","name":"Specialized Kenevo Specialized 6FATTIE 2021 GR-100 KENEVO","isPartOf":{"@id":"https:\/\/gr-100.com\/#website"},"primaryImageOfPage":{"@id":"https:\/\/gr-100.com\/pt-pt\/producto\/especialista-kenevo-expert-6fattie-2021\/#primaryimage"},"image":{"@id":"https:\/\/gr-100.com\/pt-pt\/producto\/especialista-kenevo-expert-6fattie-2021\/#primaryimage"},"thumbnailUrl":"https:\/\/gr-100.com\/wp-content\/uploads\/2024\/05\/1-Screenshot-of-Kenevo-Expe.jpg","datePublished":"2024-07-01T06:36:46+00:00","dateModified":"2025-12-06T20:47:58+00:00","description":"KENEVO EXPERT 6FATTIE. Desculpe pelos telef\u00e9ricos e telef\u00e9ricos, o Kenevo Expert acaba de torn\u00e1-lo obsoleto.","breadcrumb":{"@id":"https:\/\/gr-100.com\/pt-pt\/producto\/especialista-kenevo-expert-6fattie-2021\/#breadcrumb"},"inLanguage":"pt-PT","potentialAction":[{"@type":"ReadAction","target":["https:\/\/gr-100.com\/pt-pt\/producto\/especialista-kenevo-expert-6fattie-2021\/"]}]},{"@type":"ImageObject","inLanguage":"pt-PT","@id":"https:\/\/gr-100.com\/pt-pt\/producto\/especialista-kenevo-expert-6fattie-2021\/#primaryimage","url":"https:\/\/gr-100.com\/wp-content\/uploads\/2024\/05\/1-Screenshot-of-Kenevo-Expe.jpg","contentUrl":"https:\/\/gr-100.com\/wp-content\/uploads\/2024\/05\/1-Screenshot-of-Kenevo-Expe.jpg","width":1000,"height":1000},{"@type":"BreadcrumbList","@id":"https:\/\/gr-100.com\/pt-pt\/producto\/especialista-kenevo-expert-6fattie-2021\/#breadcrumb","itemListElement":[{"@type":"ListItem","position":1,"name":"Portada","item":"https:\/\/gr-100.com\/en\/"},{"@type":"ListItem","position":2,"name":"Productos","item":"https:\/\/gr-100.com\/?post_type=product"},{"@type":"ListItem","position":3,"name":"Specialized Kenevo Specialized 6FATTIE 2021"}]},{"@type":"WebSite","@id":"https:\/\/gr-100.com\/#website","url":"https:\/\/gr-100.com\/","name":"Gr-100 Tienda de ciclismo Specialized","description":"GR-100 tenemos todas las gamas de bicicletas Specialized al mejor precio.","publisher":{"@id":"https:\/\/gr-100.com\/#organization"},"alternateName":"Gr-100 Bikes","potentialAction":[{"@type":"SearchAction","target":{"@type":"EntryPoint","urlTemplate":"https:\/\/gr-100.com\/?s={search_term_string}"},"query-input":{"@type":"PropertyValueSpecification","valueRequired":true,"valueName":"search_term_string"}}],"inLanguage":"pt-PT"},{"@type":"Organization","@id":"https:\/\/gr-100.com\/#organization","name":"Gr-100","url":"https:\/\/gr-100.com\/","logo":{"@type":"ImageObject","inLanguage":"pt-PT","@id":"https:\/\/gr-100.com\/#\/schema\/logo\/image\/","url":"https:\/\/gr-100.com\/wp-content\/uploads\/2023\/08\/logo-gr-100-bikes.png","contentUrl":"https:\/\/gr-100.com\/wp-content\/uploads\/2023\/08\/logo-gr-100-bikes.png","width":707,"height":284,"caption":"Gr-100"},"image":{"@id":"https:\/\/gr-100.com\/#\/schema\/logo\/image\/"},"sameAs":["https:\/\/www.facebook.com\/Gr100Bikes","https:\/\/www.instagram.com\/gr100bikes\/","https:\/\/www.tiktok.com\/@gr100bikes","https:\/\/twitter.com\/gr100mtbteam","https:\/\/www.youtube.com\/c\/GR100Specialized"]}]}},"_links":{"self":[{"href":"https:\/\/gr-100.com\/pt-pt\/wp-json\/wp\/v2\/product\/386272","targetHints":{"allow":["GET"]}}],"collection":[{"href":"https:\/\/gr-100.com\/pt-pt\/wp-json\/wp\/v2\/product"}],"about":[{"href":"https:\/\/gr-100.com\/pt-pt\/wp-json\/wp\/v2\/types\/product"}],"replies":[{"embeddable":true,"href":"https:\/\/gr-100.com\/pt-pt\/wp-json\/wp\/v2\/comments?post=386272"}],"wp:featuredmedia":[{"embeddable":true,"href":"https:\/\/gr-100.com\/pt-pt\/wp-json\/wp\/v2\/media\/282511"}],"wp:attachment":[{"href":"https:\/\/gr-100.com\/pt-pt\/wp-json\/wp\/v2\/media?parent=386272"}],"wp:term":[{"taxonomy":"product_brand","embeddable":true,"href":"https:\/\/gr-100.com\/pt-pt\/wp-json\/wp\/v2\/product_brand?post=386272"},{"taxonomy":"product_cat","embeddable":true,"href":"https:\/\/gr-100.com\/pt-pt\/wp-json\/wp\/v2\/product_cat?post=386272"},{"taxonomy":"product_tag","embeddable":true,"href":"https:\/\/gr-100.com\/pt-pt\/wp-json\/wp\/v2\/product_tag?post=386272"}],"curies":[{"name":"wp","href":"https:\/\/api.w.org\/{rel}","templated":true}]}}