{"id":386320,"date":"2024-07-01T08:25:41","date_gmt":"2024-07-01T08:25:41","guid":{"rendered":"https:\/\/gr-100.com\/producto\/s-works-turbo-levo-2021\/"},"modified":"2025-11-26T16:17:37","modified_gmt":"2025-11-26T14:17:37","slug":"s-works-turbo-levo-2021","status":"publish","type":"product","link":"https:\/\/gr-100.com\/pt-pt\/producto\/s-works-turbo-levo-2021\/","title":{"rendered":"S-Works Turbo Levo 2021"},"content":{"rendered":"<ul>\n<li>S-Works FACT 11m full carbon FRAME, 29 Trail Geometry, Bateria de tubo descendente integrada, cabo interno fechado, roteamento de poste conta-gotas, espa\u00e7amento de 148 mm, rolamentos de cartucho totalmente selados, 150 mm de curso<\/li>\n<li>Fox Float 36 Garfo de f\u00e1brica, Amortecedor Grip2, 160mm, rake de 51mm, HSC, LSC, HSR, LSR, Eixo Kabolt<\/li>\n<li>Specialized tipo Ti-parafuso, liga, 38,6 mm<\/li>\n<li>Fox Float DPS Factory, Kashima, ajuste de 3 posi\u00e7\u00f5es, 52,5x210mm, revestimento Kashima, Rx Trail Tune<\/li>\n<li>Cabe\u00e7a de cobre STEM Deity, 35.0mm<\/li>\n<li>Specialized, FACT Carbon, 6 graus upsweep, 8 graus backsweep, 27mm de eleva\u00e7\u00e3o, 780mm, 35mm<\/li>\n<li>Punhos De Deidade, Knuckleduster, Preto<\/li>\n<li>Ponte SADDLE, 155\/143mm, Ti-rails ocos<\/li>\n<li>RockShox Reverb AXS, 30.9mm, S: 125, M:150, L\/XL: 170mm<\/li>\n<li>FREIO DIANTEIRO Magura MT7 com l\u00e2mina de alavanca Loic personalizada, rotor de 203mm<\/li>\n<li>FREIO TRASEIRO Magura MT7 com l\u00e2mina de alavanca Loic personalizada, rotor de 203mm<\/li>\n<li>SRAM XX1 \u00c1guia AXS DERAILLEUR<\/li>\n<li>Controlador SRAM AXS Eagle SRAM<\/li>\n<li>Sram XG-1299 CASSETTE, 12 velocidades, 10-52t<\/li>\n<li>CADEIA SRAM XX1<\/li>\n<li>Praxis Carbon M30 SUPORTE INFERIOR, offset personalizado<\/li>\n<li>SRAM X-Sync Eagle CHAINRINGS, 104BCD, 32T, a\u00e7o<\/li>\n<li>Roval Traverse SL 29, carbono sem gancho, largura interna de 30mm, 2Bliss Ready, constru\u00eddo \u00e0 m\u00e3o, 28h<\/li>\n<li>Roval Traverse SL FRONT HUB, rolamentos de cartucho selados, eixo thru de 15mm, espa\u00e7amento de 110mm<\/li>\n<li>Roval Traverse SL, DT Swiss Star Ratchet, engate 54t, corpo do condutor SRAM XD, eixo thru de 12 mm, espa\u00e7amento de 148 mm<\/li>\n<li>DT Competition Race RAIOS<\/li>\n<li>PNEU. Talho, carca\u00e7a GRID TRAIL, composto GRIPTON\u00ae, 2Bliss Ready, 29&#215;2.6&#8243;<\/li>\n<li>Eliminador de pneus traseiros, carca\u00e7a GRID TRAIL, composto GRIPTON\u00ae, 2Bliss Ready, 29&#215;2.3&#8243;<\/li>\n<li>C\u00c2MERAS Standard, v\u00e1lvula Presta<\/li>\n<li>Specialized 2.1 MOTOR, motor personalizado Rx Trail-tuned, 250W avaliado<\/li>\n<li>UI\/REMOTE Specialized , 10-LED Estado de carga, 3-LED Ride Mode display, ANT+\/Bluetooth\u00ae<\/li>\n<li>Specialized M2-700, bateria integrada w \/ prote\u00e7\u00e3o de rocha, 700Wh<\/li>\n<li>Carregador personalizado, 42V4A c\/ ficha Rosenberger<\/li>\n<li>CABLING Specialized<\/li>\n<\/ul>\n","protected":false},"excerpt":{"rendered":"<p>O novo S-Works Turbo Levo \u00e9 de longe o modelo mais provocador da gama Turbo Levo.<br \/>\nEste modelo topo de gama apresenta uma estrutura totalmente em carbono com um design assim\u00e9trico do bra\u00e7o lateral que melhora a rigidez.<br \/>\nDispon\u00edvel, financiamento gratuito e envio para toda a Espanha. <\/p>\n","protected":false},"featured_media":281772,"comment_status":"closed","ping_status":"closed","template":"","meta":{"_acf_changed":false,"_et_pb_use_builder":"","_et_pb_old_content":"","_et_gb_content_width":"","inline_featured_image":false},"product_brand":[],"product_cat":[20,378],"product_tag":[],"class_list":{"0":"post-386320","1":"product","2":"type-product","3":"status-publish","4":"has-post-thumbnail","6":"product_cat-bicicletas-de-carretera","7":"product_cat-estrada","9":"first","10":"outofstock","11":"taxable","12":"shipping-taxable","13":"product-type-variable","14":"wvs-archive-product-wrapper"},"acf":[],"yoast_head":"<!-- This site is optimized with the Yoast SEO Premium plugin v26.7 (Yoast SEO v26.7) - https:\/\/yoast.com\/wordpress\/plugins\/seo\/ -->\n<title>S-Works Turbo Levo 2021 GR-100 S-WORKS TURBO LEVO<\/title>\n<meta name=\"description\" content=\"S-Works Turbo Levo 2021. O novo S-Works Turbo Levo \u00e9 de longe o modelo mais provocador da gama Turbo Levo. Este modelo topo de gama.\" \/>\n<meta name=\"robots\" content=\"index, follow, max-snippet:-1, max-image-preview:large, max-video-preview:-1\" \/>\n<link rel=\"canonical\" href=\"https:\/\/gr-100.com\/pt-pt\/producto\/s-works-turbo-levo-2021\/\" \/>\n<meta property=\"og:locale\" content=\"pt_PT\" \/>\n<meta property=\"og:type\" content=\"article\" \/>\n<meta property=\"og:title\" content=\"S-Works Turbo Levo 2021\" \/>\n<meta property=\"og:description\" content=\"S-Works Turbo Levo 2021. O novo S-Works Turbo Levo \u00e9 de longe o modelo mais provocador da gama Turbo Levo. Este modelo topo de gama.\" \/>\n<meta property=\"og:url\" content=\"https:\/\/gr-100.com\/pt-pt\/producto\/s-works-turbo-levo-2021\/\" \/>\n<meta property=\"og:site_name\" content=\"Gr-100 Tienda de ciclismo Specialized\" \/>\n<meta property=\"article:publisher\" content=\"https:\/\/www.facebook.com\/Gr100Bikes\" \/>\n<meta property=\"article:modified_time\" content=\"2025-11-26T14:17:37+00:00\" \/>\n<meta property=\"og:image\" content=\"https:\/\/gr-100.com\/wp-content\/uploads\/2024\/05\/1-Screenshot-of-S-Works-Tur.jpg\" \/>\n\t<meta property=\"og:image:width\" content=\"1000\" \/>\n\t<meta property=\"og:image:height\" content=\"1000\" \/>\n\t<meta property=\"og:image:type\" content=\"image\/jpeg\" \/>\n<meta name=\"twitter:card\" content=\"summary_large_image\" \/>\n<meta name=\"twitter:label1\" content=\"Tempo estimado de leitura\" \/>\n\t<meta name=\"twitter:data1\" content=\"2 minutos\" \/>\n<script type=\"application\/ld+json\" class=\"yoast-schema-graph\">{\"@context\":\"https:\/\/schema.org\",\"@graph\":[{\"@type\":\"WebPage\",\"@id\":\"https:\/\/gr-100.com\/pt-pt\/producto\/s-works-turbo-levo-2021\/\",\"url\":\"https:\/\/gr-100.com\/pt-pt\/producto\/s-works-turbo-levo-2021\/\",\"name\":\"S-Works Turbo Levo 2021 GR-100 S-WORKS TURBO LEVO\",\"isPartOf\":{\"@id\":\"https:\/\/gr-100.com\/#website\"},\"primaryImageOfPage\":{\"@id\":\"https:\/\/gr-100.com\/pt-pt\/producto\/s-works-turbo-levo-2021\/#primaryimage\"},\"image\":{\"@id\":\"https:\/\/gr-100.com\/pt-pt\/producto\/s-works-turbo-levo-2021\/#primaryimage\"},\"thumbnailUrl\":\"https:\/\/gr-100.com\/wp-content\/uploads\/2024\/05\/1-Screenshot-of-S-Works-Tur.jpg\",\"datePublished\":\"2024-07-01T08:25:41+00:00\",\"dateModified\":\"2025-11-26T14:17:37+00:00\",\"description\":\"S-Works Turbo Levo 2021. O novo S-Works Turbo Levo \u00e9 de longe o modelo mais provocador da gama Turbo Levo. Este modelo topo de gama.\",\"breadcrumb\":{\"@id\":\"https:\/\/gr-100.com\/pt-pt\/producto\/s-works-turbo-levo-2021\/#breadcrumb\"},\"inLanguage\":\"pt-PT\",\"potentialAction\":[{\"@type\":\"ReadAction\",\"target\":[\"https:\/\/gr-100.com\/pt-pt\/producto\/s-works-turbo-levo-2021\/\"]}]},{\"@type\":\"ImageObject\",\"inLanguage\":\"pt-PT\",\"@id\":\"https:\/\/gr-100.com\/pt-pt\/producto\/s-works-turbo-levo-2021\/#primaryimage\",\"url\":\"https:\/\/gr-100.com\/wp-content\/uploads\/2024\/05\/1-Screenshot-of-S-Works-Tur.jpg\",\"contentUrl\":\"https:\/\/gr-100.com\/wp-content\/uploads\/2024\/05\/1-Screenshot-of-S-Works-Tur.jpg\",\"width\":1000,\"height\":1000},{\"@type\":\"BreadcrumbList\",\"@id\":\"https:\/\/gr-100.com\/pt-pt\/producto\/s-works-turbo-levo-2021\/#breadcrumb\",\"itemListElement\":[{\"@type\":\"ListItem\",\"position\":1,\"name\":\"Portada\",\"item\":\"https:\/\/gr-100.com\/en\/\"},{\"@type\":\"ListItem\",\"position\":2,\"name\":\"Productos\",\"item\":\"https:\/\/gr-100.com\/?post_type=product\"},{\"@type\":\"ListItem\",\"position\":3,\"name\":\"S-Works Turbo Levo 2021\"}]},{\"@type\":\"WebSite\",\"@id\":\"https:\/\/gr-100.com\/#website\",\"url\":\"https:\/\/gr-100.com\/\",\"name\":\"Gr-100 Tienda de ciclismo Specialized\",\"description\":\"GR-100 tenemos todas las gamas de bicicletas Specialized al mejor precio.\",\"publisher\":{\"@id\":\"https:\/\/gr-100.com\/#organization\"},\"alternateName\":\"Gr-100 Bikes\",\"potentialAction\":[{\"@type\":\"SearchAction\",\"target\":{\"@type\":\"EntryPoint\",\"urlTemplate\":\"https:\/\/gr-100.com\/?s={search_term_string}\"},\"query-input\":{\"@type\":\"PropertyValueSpecification\",\"valueRequired\":true,\"valueName\":\"search_term_string\"}}],\"inLanguage\":\"pt-PT\"},{\"@type\":\"Organization\",\"@id\":\"https:\/\/gr-100.com\/#organization\",\"name\":\"Gr-100\",\"url\":\"https:\/\/gr-100.com\/\",\"logo\":{\"@type\":\"ImageObject\",\"inLanguage\":\"pt-PT\",\"@id\":\"https:\/\/gr-100.com\/#\/schema\/logo\/image\/\",\"url\":\"https:\/\/gr-100.com\/wp-content\/uploads\/2023\/08\/logo-gr-100-bikes.png\",\"contentUrl\":\"https:\/\/gr-100.com\/wp-content\/uploads\/2023\/08\/logo-gr-100-bikes.png\",\"width\":707,\"height\":284,\"caption\":\"Gr-100\"},\"image\":{\"@id\":\"https:\/\/gr-100.com\/#\/schema\/logo\/image\/\"},\"sameAs\":[\"https:\/\/www.facebook.com\/Gr100Bikes\",\"https:\/\/www.instagram.com\/gr100bikes\/\",\"https:\/\/www.tiktok.com\/@gr100bikes\",\"https:\/\/twitter.com\/gr100mtbteam\",\"https:\/\/www.youtube.com\/c\/GR100Specialized\"]}]}<\/script>\n<!-- \/ Yoast SEO Premium plugin. -->","yoast_head_json":{"title":"S-Works Turbo Levo 2021 GR-100 S-WORKS TURBO LEVO","description":"S-Works Turbo Levo 2021. O novo S-Works Turbo Levo \u00e9 de longe o modelo mais provocador da gama Turbo Levo. Este modelo topo de gama.","robots":{"index":"index","follow":"follow","max-snippet":"max-snippet:-1","max-image-preview":"max-image-preview:large","max-video-preview":"max-video-preview:-1"},"canonical":"https:\/\/gr-100.com\/pt-pt\/producto\/s-works-turbo-levo-2021\/","og_locale":"pt_PT","og_type":"article","og_title":"S-Works Turbo Levo 2021","og_description":"S-Works Turbo Levo 2021. O novo S-Works Turbo Levo \u00e9 de longe o modelo mais provocador da gama Turbo Levo. Este modelo topo de gama.","og_url":"https:\/\/gr-100.com\/pt-pt\/producto\/s-works-turbo-levo-2021\/","og_site_name":"Gr-100 Tienda de ciclismo Specialized","article_publisher":"https:\/\/www.facebook.com\/Gr100Bikes","article_modified_time":"2025-11-26T14:17:37+00:00","og_image":[{"width":1000,"height":1000,"url":"https:\/\/gr-100.com\/wp-content\/uploads\/2024\/05\/1-Screenshot-of-S-Works-Tur.jpg","type":"image\/jpeg"}],"twitter_card":"summary_large_image","twitter_misc":{"Tempo estimado de leitura":"2 minutos"},"schema":{"@context":"https:\/\/schema.org","@graph":[{"@type":"WebPage","@id":"https:\/\/gr-100.com\/pt-pt\/producto\/s-works-turbo-levo-2021\/","url":"https:\/\/gr-100.com\/pt-pt\/producto\/s-works-turbo-levo-2021\/","name":"S-Works Turbo Levo 2021 GR-100 S-WORKS TURBO LEVO","isPartOf":{"@id":"https:\/\/gr-100.com\/#website"},"primaryImageOfPage":{"@id":"https:\/\/gr-100.com\/pt-pt\/producto\/s-works-turbo-levo-2021\/#primaryimage"},"image":{"@id":"https:\/\/gr-100.com\/pt-pt\/producto\/s-works-turbo-levo-2021\/#primaryimage"},"thumbnailUrl":"https:\/\/gr-100.com\/wp-content\/uploads\/2024\/05\/1-Screenshot-of-S-Works-Tur.jpg","datePublished":"2024-07-01T08:25:41+00:00","dateModified":"2025-11-26T14:17:37+00:00","description":"S-Works Turbo Levo 2021. O novo S-Works Turbo Levo \u00e9 de longe o modelo mais provocador da gama Turbo Levo. Este modelo topo de gama.","breadcrumb":{"@id":"https:\/\/gr-100.com\/pt-pt\/producto\/s-works-turbo-levo-2021\/#breadcrumb"},"inLanguage":"pt-PT","potentialAction":[{"@type":"ReadAction","target":["https:\/\/gr-100.com\/pt-pt\/producto\/s-works-turbo-levo-2021\/"]}]},{"@type":"ImageObject","inLanguage":"pt-PT","@id":"https:\/\/gr-100.com\/pt-pt\/producto\/s-works-turbo-levo-2021\/#primaryimage","url":"https:\/\/gr-100.com\/wp-content\/uploads\/2024\/05\/1-Screenshot-of-S-Works-Tur.jpg","contentUrl":"https:\/\/gr-100.com\/wp-content\/uploads\/2024\/05\/1-Screenshot-of-S-Works-Tur.jpg","width":1000,"height":1000},{"@type":"BreadcrumbList","@id":"https:\/\/gr-100.com\/pt-pt\/producto\/s-works-turbo-levo-2021\/#breadcrumb","itemListElement":[{"@type":"ListItem","position":1,"name":"Portada","item":"https:\/\/gr-100.com\/en\/"},{"@type":"ListItem","position":2,"name":"Productos","item":"https:\/\/gr-100.com\/?post_type=product"},{"@type":"ListItem","position":3,"name":"S-Works Turbo Levo 2021"}]},{"@type":"WebSite","@id":"https:\/\/gr-100.com\/#website","url":"https:\/\/gr-100.com\/","name":"Gr-100 Tienda de ciclismo Specialized","description":"GR-100 tenemos todas las gamas de bicicletas Specialized al mejor precio.","publisher":{"@id":"https:\/\/gr-100.com\/#organization"},"alternateName":"Gr-100 Bikes","potentialAction":[{"@type":"SearchAction","target":{"@type":"EntryPoint","urlTemplate":"https:\/\/gr-100.com\/?s={search_term_string}"},"query-input":{"@type":"PropertyValueSpecification","valueRequired":true,"valueName":"search_term_string"}}],"inLanguage":"pt-PT"},{"@type":"Organization","@id":"https:\/\/gr-100.com\/#organization","name":"Gr-100","url":"https:\/\/gr-100.com\/","logo":{"@type":"ImageObject","inLanguage":"pt-PT","@id":"https:\/\/gr-100.com\/#\/schema\/logo\/image\/","url":"https:\/\/gr-100.com\/wp-content\/uploads\/2023\/08\/logo-gr-100-bikes.png","contentUrl":"https:\/\/gr-100.com\/wp-content\/uploads\/2023\/08\/logo-gr-100-bikes.png","width":707,"height":284,"caption":"Gr-100"},"image":{"@id":"https:\/\/gr-100.com\/#\/schema\/logo\/image\/"},"sameAs":["https:\/\/www.facebook.com\/Gr100Bikes","https:\/\/www.instagram.com\/gr100bikes\/","https:\/\/www.tiktok.com\/@gr100bikes","https:\/\/twitter.com\/gr100mtbteam","https:\/\/www.youtube.com\/c\/GR100Specialized"]}]}},"_links":{"self":[{"href":"https:\/\/gr-100.com\/pt-pt\/wp-json\/wp\/v2\/product\/386320","targetHints":{"allow":["GET"]}}],"collection":[{"href":"https:\/\/gr-100.com\/pt-pt\/wp-json\/wp\/v2\/product"}],"about":[{"href":"https:\/\/gr-100.com\/pt-pt\/wp-json\/wp\/v2\/types\/product"}],"replies":[{"embeddable":true,"href":"https:\/\/gr-100.com\/pt-pt\/wp-json\/wp\/v2\/comments?post=386320"}],"wp:featuredmedia":[{"embeddable":true,"href":"https:\/\/gr-100.com\/pt-pt\/wp-json\/wp\/v2\/media\/281772"}],"wp:attachment":[{"href":"https:\/\/gr-100.com\/pt-pt\/wp-json\/wp\/v2\/media?parent=386320"}],"wp:term":[{"taxonomy":"product_brand","embeddable":true,"href":"https:\/\/gr-100.com\/pt-pt\/wp-json\/wp\/v2\/product_brand?post=386320"},{"taxonomy":"product_cat","embeddable":true,"href":"https:\/\/gr-100.com\/pt-pt\/wp-json\/wp\/v2\/product_cat?post=386320"},{"taxonomy":"product_tag","embeddable":true,"href":"https:\/\/gr-100.com\/pt-pt\/wp-json\/wp\/v2\/product_tag?post=386320"}],"curies":[{"name":"wp","href":"https:\/\/api.w.org\/{rel}","templated":true}]}}