{"id":386373,"date":"2024-08-01T15:26:04","date_gmt":"2024-08-01T14:26:04","guid":{"rendered":"https:\/\/gr-100.com\/producto\/especializado-crux-dsw-2025\/"},"modified":"2025-12-18T16:46:07","modified_gmt":"2025-12-18T14:46:07","slug":"especializado-crux-dsw-2025","status":"publish","type":"product","link":"https:\/\/gr-100.com\/pt-pt\/producto\/especializado-crux-dsw-2025\/","title":{"rendered":"Specialized Crux DSW 2025"},"content":{"rendered":"<p><strong>O peso mais<\/strong><br \/>\n leveCom apenas 1399 gramas*, o Crux DSW \u00e9 o quadro de cascalho de alum\u00ednio mais leve do mundo. Combine isso com nosso garfo de carbono Fact12r Crux e uma constru\u00e7\u00e3o projetada para desempenho, e uma DSW Crux completa pesa 9,37 kg \u2014 nenhuma bicicleta de cascalho de alum\u00ednio pode competir. *56cm na cor mais clara. Os quadros de produ\u00e7\u00e3o podem variar. <strong>Mais capacidade<\/strong><br \/>\nMais folga significa mais capacidade \u2013 \u00e9 por isso que o Crux DSW tem a mesma folga que o seu irm\u00e3o carbono \u2013 47 mm e at\u00e9 2,1&#8243; numa roda de 650b. Combine isso com a estrutura de alum\u00ednio forte e leve, e o Crux DSW pode lev\u00e1-lo a qualquer lugar que voc\u00ea possa imaginar a todo vapor. <strong>Ultra-reativo<\/strong><br \/>\nReativo nos pedais. Flex\u00edvel no selim. Utiliz\u00e1mos o D&#8217;Aluisio Smartweld para ajustar as propriedades do alum\u00ednio e proporcionar uma condu\u00e7\u00e3o que anteriormente era imposs\u00edvel sem carbono, e combin\u00e1mo-lo com a mesma geometria de gravilha de alto desempenho e ajuste influenciado pela competi\u00e7\u00e3o que o carbono Crux. Um alcance mais longo proporciona uma melhor distribui\u00e7\u00e3o de peso para uma condu\u00e7\u00e3o r\u00e1pida e segura, enquanto uma pilha mais baixa cria uma posi\u00e7\u00e3o de desempenho. Com a queda do suporte inferior de 72 mm, acertamos o prego entre agilidade e estabilidade. <strong>D&#8217;Aluisio Smartweld<\/strong><br \/>\nO D&#8217;Aluisio Smartweld \u2013 ou DSW \u2013 \u00e9 um processo de engenharia patenteado que usa hidroforma\u00e7\u00e3o para ajustar juntas tubo a tubo para soldas melhores e mais fortes e, finalmente, um quadro mais leve que pode ser duas vezes mais dur\u00e1vel do que um quadro de alum\u00ednio tradicional. A nossa t\u00e9cnica Smartweld ajuda-nos a criar um tubo descendente de pe\u00e7a \u00fanica e um suporte inferior para o Crux, reduzindo o peso e aumentando a capacidade de resposta. <\/p>\n<ul>\n<li><strong>Mais leve:<\/strong> 1399g Crux DSW Frame (cru, sem pintura).<br \/>\nPegamos tudo o que aprendemos criando o carbono Crux e usamos nosso sistema patenteado D&#8217;Aluisio Smartweld para torn\u00e1-lo uma realidade em alum\u00ednio.<br \/>\n*56 cm na cor mais clara.<br \/>\nOs quadros de produ\u00e7\u00e3o podem variar.   <\/li>\n<li><strong>Capacidade:<\/strong> 47c\/650b x 2.1&#8243; de folga.<br \/>\nMais folga significa mais capacidade.<br \/>\nCom folga de pneus no mesmo n\u00edvel do Diverge, o Crux leva voc\u00ea a qualquer lugar que voc\u00ea possa imaginar.  <\/li>\n<li><strong>Reagente:<\/strong> \u00c1gil, flex\u00edvel e reativo.<br \/>\nSens\u00edvel aos pedais.<br \/>\nFlex\u00edvel no selim.<br \/>\nCom geometria e geometria de cascalho de alto desempenho inspiradas na hist\u00f3ria ic\u00f3nica da Crux no ciclocross.   <\/li>\n<\/ul>\n<p><strong>Especifica\u00e7\u00f5es<\/strong><\/p>\n<ul>\n<li>ABRA\u00c7O. Specialized SADDLE<br \/>\n, 30.8mm<\/li>\n<li>QuadroSpecialized disco de alum\u00ednio premium E5 especializado FRAME<br \/>\n com tecnologia D&#8217;Aluisio Smartweld, tubo de alum\u00ednio hidroformado, tubo de cabe\u00e7a c\u00f4nico, suspens\u00e3o BB<br \/>\nroscada<\/li>\n<li>S-Works FACT,<br \/>\n eixo thru de 12x100mm, cockpit de disco<br \/>\nde montagem plana<\/li>\n<li>Espig\u00e3o<br \/>\n de liga leve, bra\u00e7adeira de 2 parafusos, deslocamento de 12 mm, hardware anticorros\u00e3o de 27,2 mm, hardware anticorros\u00e3o<\/li>\n<li>Body Geometry Power Sport SADDLE,<br \/>\n calhas de a\u00e7o<\/li>\n<li>Specialized<br \/>\n Specialized Adventure Gear, queda de 118,9mm x alcance de 70mm x flare de 12\u00ba<\/li>\n<li>STEM<br \/>\nSpecialized, liga forjada em 3D, 4 parafusos, eleva\u00e7\u00e3o de 7 graus<\/li>\n<li>Supacaz Super Fita Kush Pegajosa\n<\/li>\n<li>FREIO<br \/>\n DIANTEIROSRAM APEX, Disco hidr\u00e1ulico<\/li>\n<li>SRAM DO FREIO<br \/>\n TRASEIRO, transmiss\u00e3o hidr\u00e1ulica a disco\n<\/li>\n<li>CORRENTE SRAM CN APEX D1 12S 114LI<br \/>\nSRAM<\/li>\n<li>SRAM PG 1231 CASSETTE,<br \/>\n XPLR, 11-44SRAM<\/li>\n<li>SRAM DUB BSA 68 SUPORTE<br \/>\nSRAM INFERIOR LARGO<\/li>\n<li>SUPORTE INFERIOR<br \/>\n SRAM APEX XPLR, 40t<\/li>\n<li>BOT\u00d5ES DE DESLOCAMENTO<br \/>\n SRAM APEX, 12sp<\/li>\n<li>SRAM<br \/>\n APEX XPLR, Mec\u00e2nica<\/li>\n<li>PLATOS<br \/>\n40t<\/li>\n<li>C\u00c2MARAS<br \/>\n48mm Presta Valve, 700X28-38<\/li>\n<li>PNEU.<br \/>\nDesbravador Pro 2BR, 700&#215;38<\/li>\n<li>Pneu<br \/>\n TRASEIRO Pathfinder Pro 2BR, 700&#215;38<\/li>\n<li>DT G540 RODA DIANTEIRA<br \/>\n, Disco Centerlock, Tubeless Ready, largura interna de 25mm<\/li>\n<li>DT G540 RODA TRASEIRA<br \/>\n, Disco Centerlock, Tubeless Ready, 25mm de largura interna<\/li>\n<\/ul>\n","protected":false},"excerpt":{"rendered":"<p>A Crux DSW \u00e9 mais do que apenas a moto de cascalho de alum\u00ednio mais leve j\u00e1 feita.<br \/>\nPegamos tudo o que aprendemos criando o carbono Crux e usamos nosso sistema patenteado D&#8217;Aluisio Smartweld para torn\u00e1-lo uma realidade em alum\u00ednio.<br \/>\nCri\u00e1mos a bicicleta de gravilha de alum\u00ednio mais capaz, \u00e1gil, equilibrada e responsiva alguma vez concebida para uma condu\u00e7\u00e3o r\u00e1pida, divertida e de alto desempenho.<br \/>\nE sim, tamb\u00e9m \u00e9 o mais leve.<br \/>\nAlguns chamar-lhe-\u00e3o uma c\u00f3pia em carbono, mas n\u00f3s chamamos-lhe Crux DSW.    <\/p>\n","protected":false},"featured_media":379245,"comment_status":"closed","ping_status":"closed","template":"","meta":{"_acf_changed":false,"_et_pb_use_builder":"","_et_pb_old_content":"","_et_gb_content_width":"","inline_featured_image":false},"product_brand":[],"product_cat":[4353,2459,3346,5310,5308,2483,2460,3469,2696],"product_tag":[],"class_list":{"0":"post-386373","1":"product","2":"type-product","3":"status-publish","4":"has-post-thumbnail","6":"product_cat-liquidacion-specialized","7":"product_cat-bicicletas-pt-pt-2","8":"product_cat-bicicletas-de-cascalho","9":"product_cat-bicicletas-de-gravel-aero","10":"product_cat-bicicletas-de-gravel-specialized","11":"product_cat-bicicletas-especializadas","12":"product_cat-ofertas-pt-pt","13":"product_cat-oferta-cascalho","14":"product_cat-ofertas-especializadas","15":"product_shipping_class-bicicletas-pt-pt","17":"first","18":"outofstock","19":"taxable","20":"shipping-taxable","21":"product-type-variable","22":"wvs-archive-product-wrapper"},"acf":[],"yoast_head":"<!-- This site is optimized with the Yoast SEO Premium plugin v26.7 (Yoast SEO v26.7) - https:\/\/yoast.com\/wordpress\/plugins\/seo\/ -->\n<title>Specialized Crux DSW 2025 GR-100<\/title>\n<meta name=\"description\" content=\"Mais leve: 1399g Frame. Capacidade: 47c\/650b x 2.1&quot; de folga. Reativo: \u00c1gil, flex\u00edvel e reativo. Sens\u00edvel aos pedais. Flex\u00edvel no selim.\" \/>\n<meta name=\"robots\" content=\"index, follow, max-snippet:-1, max-image-preview:large, max-video-preview:-1\" \/>\n<link rel=\"canonical\" href=\"https:\/\/gr-100.com\/pt-pt\/producto\/especializado-crux-dsw-2025\/\" \/>\n<meta property=\"og:locale\" content=\"pt_PT\" \/>\n<meta property=\"og:type\" content=\"article\" \/>\n<meta property=\"og:title\" content=\"Specialized Crux DSW 2025\" \/>\n<meta property=\"og:description\" content=\"Mais leve: 1399g Frame. Capacidade: 47c\/650b x 2.1&quot; de folga. Reativo: \u00c1gil, flex\u00edvel e reativo. Sens\u00edvel aos pedais. Flex\u00edvel no selim.\" \/>\n<meta property=\"og:url\" content=\"https:\/\/gr-100.com\/pt-pt\/producto\/especializado-crux-dsw-2025\/\" \/>\n<meta property=\"og:site_name\" content=\"Gr-100 Tienda de ciclismo Specialized\" \/>\n<meta property=\"article:publisher\" content=\"https:\/\/www.facebook.com\/Gr100Bikes\" \/>\n<meta property=\"article:modified_time\" content=\"2025-12-18T14:46:07+00:00\" \/>\n<meta property=\"og:image\" content=\"https:\/\/gr-100.com\/wp-content\/uploads\/2024\/08\/Crux-DSW-2025-2.jpg\" \/>\n\t<meta property=\"og:image:width\" content=\"1000\" \/>\n\t<meta property=\"og:image:height\" content=\"1000\" \/>\n\t<meta property=\"og:image:type\" content=\"image\/jpeg\" \/>\n<meta name=\"twitter:card\" content=\"summary_large_image\" \/>\n<meta name=\"twitter:label1\" content=\"Tempo estimado de leitura\" \/>\n\t<meta name=\"twitter:data1\" content=\"3 minutos\" \/>\n<script type=\"application\/ld+json\" class=\"yoast-schema-graph\">{\"@context\":\"https:\/\/schema.org\",\"@graph\":[{\"@type\":\"WebPage\",\"@id\":\"https:\/\/gr-100.com\/pt-pt\/producto\/especializado-crux-dsw-2025\/\",\"url\":\"https:\/\/gr-100.com\/pt-pt\/producto\/especializado-crux-dsw-2025\/\",\"name\":\"Specialized Crux DSW 2025 GR-100\",\"isPartOf\":{\"@id\":\"https:\/\/gr-100.com\/#website\"},\"primaryImageOfPage\":{\"@id\":\"https:\/\/gr-100.com\/pt-pt\/producto\/especializado-crux-dsw-2025\/#primaryimage\"},\"image\":{\"@id\":\"https:\/\/gr-100.com\/pt-pt\/producto\/especializado-crux-dsw-2025\/#primaryimage\"},\"thumbnailUrl\":\"https:\/\/gr-100.com\/wp-content\/uploads\/2024\/08\/Crux-DSW-2025-2.jpg\",\"datePublished\":\"2024-08-01T14:26:04+00:00\",\"dateModified\":\"2025-12-18T14:46:07+00:00\",\"description\":\"Mais leve: 1399g Frame. Capacidade: 47c\/650b x 2.1\\\" de folga. Reativo: \u00c1gil, flex\u00edvel e reativo. Sens\u00edvel aos pedais. Flex\u00edvel no selim.\",\"breadcrumb\":{\"@id\":\"https:\/\/gr-100.com\/pt-pt\/producto\/especializado-crux-dsw-2025\/#breadcrumb\"},\"inLanguage\":\"pt-PT\",\"potentialAction\":[{\"@type\":\"ReadAction\",\"target\":[\"https:\/\/gr-100.com\/pt-pt\/producto\/especializado-crux-dsw-2025\/\"]}]},{\"@type\":\"ImageObject\",\"inLanguage\":\"pt-PT\",\"@id\":\"https:\/\/gr-100.com\/pt-pt\/producto\/especializado-crux-dsw-2025\/#primaryimage\",\"url\":\"https:\/\/gr-100.com\/wp-content\/uploads\/2024\/08\/Crux-DSW-2025-2.jpg\",\"contentUrl\":\"https:\/\/gr-100.com\/wp-content\/uploads\/2024\/08\/Crux-DSW-2025-2.jpg\",\"width\":1000,\"height\":1000},{\"@type\":\"BreadcrumbList\",\"@id\":\"https:\/\/gr-100.com\/pt-pt\/producto\/especializado-crux-dsw-2025\/#breadcrumb\",\"itemListElement\":[{\"@type\":\"ListItem\",\"position\":1,\"name\":\"Portada\",\"item\":\"https:\/\/gr-100.com\/en\/\"},{\"@type\":\"ListItem\",\"position\":2,\"name\":\"Productos\",\"item\":\"https:\/\/gr-100.com\/?post_type=product\"},{\"@type\":\"ListItem\",\"position\":3,\"name\":\"Specialized Crux DSW 2025\"}]},{\"@type\":\"WebSite\",\"@id\":\"https:\/\/gr-100.com\/#website\",\"url\":\"https:\/\/gr-100.com\/\",\"name\":\"Gr-100 Tienda de ciclismo Specialized\",\"description\":\"GR-100 tenemos todas las gamas de bicicletas Specialized al mejor precio.\",\"publisher\":{\"@id\":\"https:\/\/gr-100.com\/#organization\"},\"alternateName\":\"Gr-100 Bikes\",\"potentialAction\":[{\"@type\":\"SearchAction\",\"target\":{\"@type\":\"EntryPoint\",\"urlTemplate\":\"https:\/\/gr-100.com\/?s={search_term_string}\"},\"query-input\":{\"@type\":\"PropertyValueSpecification\",\"valueRequired\":true,\"valueName\":\"search_term_string\"}}],\"inLanguage\":\"pt-PT\"},{\"@type\":\"Organization\",\"@id\":\"https:\/\/gr-100.com\/#organization\",\"name\":\"Gr-100\",\"url\":\"https:\/\/gr-100.com\/\",\"logo\":{\"@type\":\"ImageObject\",\"inLanguage\":\"pt-PT\",\"@id\":\"https:\/\/gr-100.com\/#\/schema\/logo\/image\/\",\"url\":\"https:\/\/gr-100.com\/wp-content\/uploads\/2023\/08\/logo-gr-100-bikes.png\",\"contentUrl\":\"https:\/\/gr-100.com\/wp-content\/uploads\/2023\/08\/logo-gr-100-bikes.png\",\"width\":707,\"height\":284,\"caption\":\"Gr-100\"},\"image\":{\"@id\":\"https:\/\/gr-100.com\/#\/schema\/logo\/image\/\"},\"sameAs\":[\"https:\/\/www.facebook.com\/Gr100Bikes\",\"https:\/\/www.instagram.com\/gr100bikes\/\",\"https:\/\/www.tiktok.com\/@gr100bikes\",\"https:\/\/twitter.com\/gr100mtbteam\",\"https:\/\/www.youtube.com\/c\/GR100Specialized\"]}]}<\/script>\n<!-- \/ Yoast SEO Premium plugin. -->","yoast_head_json":{"title":"Specialized Crux DSW 2025 GR-100","description":"Mais leve: 1399g Frame. Capacidade: 47c\/650b x 2.1\" de folga. Reativo: \u00c1gil, flex\u00edvel e reativo. Sens\u00edvel aos pedais. Flex\u00edvel no selim.","robots":{"index":"index","follow":"follow","max-snippet":"max-snippet:-1","max-image-preview":"max-image-preview:large","max-video-preview":"max-video-preview:-1"},"canonical":"https:\/\/gr-100.com\/pt-pt\/producto\/especializado-crux-dsw-2025\/","og_locale":"pt_PT","og_type":"article","og_title":"Specialized Crux DSW 2025","og_description":"Mais leve: 1399g Frame. Capacidade: 47c\/650b x 2.1\" de folga. Reativo: \u00c1gil, flex\u00edvel e reativo. Sens\u00edvel aos pedais. Flex\u00edvel no selim.","og_url":"https:\/\/gr-100.com\/pt-pt\/producto\/especializado-crux-dsw-2025\/","og_site_name":"Gr-100 Tienda de ciclismo Specialized","article_publisher":"https:\/\/www.facebook.com\/Gr100Bikes","article_modified_time":"2025-12-18T14:46:07+00:00","og_image":[{"width":1000,"height":1000,"url":"https:\/\/gr-100.com\/wp-content\/uploads\/2024\/08\/Crux-DSW-2025-2.jpg","type":"image\/jpeg"}],"twitter_card":"summary_large_image","twitter_misc":{"Tempo estimado de leitura":"3 minutos"},"schema":{"@context":"https:\/\/schema.org","@graph":[{"@type":"WebPage","@id":"https:\/\/gr-100.com\/pt-pt\/producto\/especializado-crux-dsw-2025\/","url":"https:\/\/gr-100.com\/pt-pt\/producto\/especializado-crux-dsw-2025\/","name":"Specialized Crux DSW 2025 GR-100","isPartOf":{"@id":"https:\/\/gr-100.com\/#website"},"primaryImageOfPage":{"@id":"https:\/\/gr-100.com\/pt-pt\/producto\/especializado-crux-dsw-2025\/#primaryimage"},"image":{"@id":"https:\/\/gr-100.com\/pt-pt\/producto\/especializado-crux-dsw-2025\/#primaryimage"},"thumbnailUrl":"https:\/\/gr-100.com\/wp-content\/uploads\/2024\/08\/Crux-DSW-2025-2.jpg","datePublished":"2024-08-01T14:26:04+00:00","dateModified":"2025-12-18T14:46:07+00:00","description":"Mais leve: 1399g Frame. Capacidade: 47c\/650b x 2.1\" de folga. Reativo: \u00c1gil, flex\u00edvel e reativo. Sens\u00edvel aos pedais. Flex\u00edvel no selim.","breadcrumb":{"@id":"https:\/\/gr-100.com\/pt-pt\/producto\/especializado-crux-dsw-2025\/#breadcrumb"},"inLanguage":"pt-PT","potentialAction":[{"@type":"ReadAction","target":["https:\/\/gr-100.com\/pt-pt\/producto\/especializado-crux-dsw-2025\/"]}]},{"@type":"ImageObject","inLanguage":"pt-PT","@id":"https:\/\/gr-100.com\/pt-pt\/producto\/especializado-crux-dsw-2025\/#primaryimage","url":"https:\/\/gr-100.com\/wp-content\/uploads\/2024\/08\/Crux-DSW-2025-2.jpg","contentUrl":"https:\/\/gr-100.com\/wp-content\/uploads\/2024\/08\/Crux-DSW-2025-2.jpg","width":1000,"height":1000},{"@type":"BreadcrumbList","@id":"https:\/\/gr-100.com\/pt-pt\/producto\/especializado-crux-dsw-2025\/#breadcrumb","itemListElement":[{"@type":"ListItem","position":1,"name":"Portada","item":"https:\/\/gr-100.com\/en\/"},{"@type":"ListItem","position":2,"name":"Productos","item":"https:\/\/gr-100.com\/?post_type=product"},{"@type":"ListItem","position":3,"name":"Specialized Crux DSW 2025"}]},{"@type":"WebSite","@id":"https:\/\/gr-100.com\/#website","url":"https:\/\/gr-100.com\/","name":"Gr-100 Tienda de ciclismo Specialized","description":"GR-100 tenemos todas las gamas de bicicletas Specialized al mejor precio.","publisher":{"@id":"https:\/\/gr-100.com\/#organization"},"alternateName":"Gr-100 Bikes","potentialAction":[{"@type":"SearchAction","target":{"@type":"EntryPoint","urlTemplate":"https:\/\/gr-100.com\/?s={search_term_string}"},"query-input":{"@type":"PropertyValueSpecification","valueRequired":true,"valueName":"search_term_string"}}],"inLanguage":"pt-PT"},{"@type":"Organization","@id":"https:\/\/gr-100.com\/#organization","name":"Gr-100","url":"https:\/\/gr-100.com\/","logo":{"@type":"ImageObject","inLanguage":"pt-PT","@id":"https:\/\/gr-100.com\/#\/schema\/logo\/image\/","url":"https:\/\/gr-100.com\/wp-content\/uploads\/2023\/08\/logo-gr-100-bikes.png","contentUrl":"https:\/\/gr-100.com\/wp-content\/uploads\/2023\/08\/logo-gr-100-bikes.png","width":707,"height":284,"caption":"Gr-100"},"image":{"@id":"https:\/\/gr-100.com\/#\/schema\/logo\/image\/"},"sameAs":["https:\/\/www.facebook.com\/Gr100Bikes","https:\/\/www.instagram.com\/gr100bikes\/","https:\/\/www.tiktok.com\/@gr100bikes","https:\/\/twitter.com\/gr100mtbteam","https:\/\/www.youtube.com\/c\/GR100Specialized"]}]}},"_links":{"self":[{"href":"https:\/\/gr-100.com\/pt-pt\/wp-json\/wp\/v2\/product\/386373","targetHints":{"allow":["GET"]}}],"collection":[{"href":"https:\/\/gr-100.com\/pt-pt\/wp-json\/wp\/v2\/product"}],"about":[{"href":"https:\/\/gr-100.com\/pt-pt\/wp-json\/wp\/v2\/types\/product"}],"replies":[{"embeddable":true,"href":"https:\/\/gr-100.com\/pt-pt\/wp-json\/wp\/v2\/comments?post=386373"}],"wp:featuredmedia":[{"embeddable":true,"href":"https:\/\/gr-100.com\/pt-pt\/wp-json\/wp\/v2\/media\/379245"}],"wp:attachment":[{"href":"https:\/\/gr-100.com\/pt-pt\/wp-json\/wp\/v2\/media?parent=386373"}],"wp:term":[{"taxonomy":"product_brand","embeddable":true,"href":"https:\/\/gr-100.com\/pt-pt\/wp-json\/wp\/v2\/product_brand?post=386373"},{"taxonomy":"product_cat","embeddable":true,"href":"https:\/\/gr-100.com\/pt-pt\/wp-json\/wp\/v2\/product_cat?post=386373"},{"taxonomy":"product_tag","embeddable":true,"href":"https:\/\/gr-100.com\/pt-pt\/wp-json\/wp\/v2\/product_tag?post=386373"}],"curies":[{"name":"wp","href":"https:\/\/api.w.org\/{rel}","templated":true}]}}