{"id":386408,"date":"2024-08-14T11:19:12","date_gmt":"2024-08-14T10:19:12","guid":{"rendered":"https:\/\/gr-100.com\/producto\/crux-comp-especializado-2025\/"},"modified":"2026-01-16T14:01:42","modified_gmt":"2026-01-16T12:01:42","slug":"crux-comp-especializado-2025","status":"publish","type":"product","link":"https:\/\/gr-100.com\/pt-pt\/producto\/crux-comp-especializado-2025\/","title":{"rendered":"Specialized Crux Comp 2025"},"content":{"rendered":"<div class=\"SpecContainer__Container-eipXEp fMYOwB\">\n<div class=\"SpecContainer__ComponentContainer-SZNDe hoFing\">\n<p><strong>Leveza:<\/strong> S-Works 12r 725g e 10r 825g. Peg\u00e1mos nos avan\u00e7os revolucion\u00e1rios que fizeram da Aethos a moto mais leve de sempre e aplic\u00e1mo-los \u00e0 Crux. O resultado? Uma bicicleta de cascalho que sobe como um sonho, flutua sobre terrenos de pesadelo e pesa menos do que uma gaiola de garrafa cheia em sua gaiola de garrafa. <strong>Capacidade:<\/strong> Arco da roda at\u00e9 47c\/650b x 2.1&#8243;. Mais folga das rodas significa mais capacidade. Com a capacidade de um Diverge, o Crux leva voc\u00ea a qualquer lugar que voc\u00ea possa imaginar, a todo vapor. <strong>Reatividade:<\/strong> \u00c1gil, flex\u00edvel e responsivo. Sens\u00edvel aos pedais. Flex\u00edvel no selim. Com uma geometria de cascalho de alto desempenho e um ajuste inspirado no nosso ic\u00f3nico ciclocross Crux.   <\/p>\n<ul>\n<li><strong>Especifica\u00e7\u00f5es t\u00e9cnicas<\/strong><br \/>\n<strong>POT\u00caNCIA<\/strong><br \/>\nLiga forjada em 3D, 31,8 mm, aumento de 7 graus<br \/>\n<strong>SELIM<\/strong><br \/>\nGeometria da carro\u00e7aria Power Sport, calhas de a\u00e7o<br \/>\n<strong>ESPIG\u00c3O ASSENTO<\/strong><br \/>\nRoval Poste de assento Terra Carbon, 20mm Offset<br \/>\n<strong>ABRA\u00c7O.<br \/>\nSELIM <\/strong><br \/>\nSpecialized Liga, <strong>30mm GUIADOR<\/strong><br \/>\nSpecialized Adventure Gear, queda de 118,9mm x alcance de 70mm x flare de 12\u00ba<\/p>\n<p><strong>FITA FITA<\/strong><br \/>\nSupacaz Super Kush Pegajoso<br \/>\n<strong>PLATOS<\/strong><br \/>\n40T <strong>MANDOS DE CAMBIO<\/strong><br \/>\nShimano GRX RX820, 1&#215;12-speed <strong>PEDALIER<\/strong><br \/>\nShimano GRX RX820 <strong>CAMBIO<\/strong><br \/>\nShimano GRX RX822-GS, 12-speed<\/p>\n<p><strong>SUPORTE<\/strong><br \/>\n INFERIORShimano BSA BB roscado<br \/>\n<strong>CADEIA<\/strong><br \/>\nShimano XT M8100, 12 velocidades w \/ link r\u00e1pido <strong>CASSETTE<\/strong><br \/>\nShimano XT, 12 velocidades, 10-45t Tamanho do <strong>peso<\/strong><\/p>\n<p>56<br \/>\n8.53kg (18 lb, 12.9 oz)<\/p>\n<p><strong>IMAGEM<\/strong><br \/>\nCrux FACT 10r Carbon, Rider First Engineered\u2122, Threaded BB, 12x142mm thru-axle, disco de montagem plana<br \/>\n<strong>RODA DIANTEIRA<\/strong><br \/>\nJante DT Swiss G540, largura interna de 24 mm, pronto sem tubo, 24h, rolamento totalmente selado Specialized atrav\u00e9s do cubo do eixo, disco de bloqueio central, raios de a\u00e7o inoxid\u00e1vel DT Swiss Champion 14G, mamilos de lat\u00e3o <strong>DT<\/strong>RODA TRASEIRA<br \/>\nSwiss G540, 24mm de largura interna, pronto sem tubo, 24h, Specialized full sealed bearing atrav\u00e9s do cubo do eixo, disco de bloqueio central, raios de a\u00e7o inoxid\u00e1vel DT Swiss Champion 14G,  Mamilos de lat\u00e3o su\u00ed\u00e7o DT<\/p>\n<p><strong>C\u00c2MARAS<\/strong><br \/>\nV\u00e1lvula Presta 700&#215;28\/38mm, 48mm<br \/>\n<strong>PNEU.<\/strong><br \/>\nPathfinder Pro 2BR, Tan Sidewall, 700&#215;38 <strong>REAR TIRE<\/strong><br \/>\nPathfinder Pro 2BR, Tan Sidewall, 700&#215;38 <strong>FACT Carbon FORK<\/strong><br \/>\n, 12x100mm thru-axle, disco de montagem plana <strong>FREIO DIANTEIRO<\/strong><br \/>\nShimano GRX RX820 <strong>FREIO TRASEIRO<\/strong><br \/>\nShimano GRX RX820<\/p>\n<\/li>\n<\/ul>\n<p>* Os pesos baseiam-se em fotografias de produ\u00e7\u00e3o pintadas, tal como indicado na imagem. Os pesos reais variam consoante a cor, o tamanho do quadro e a varia\u00e7\u00e3o dos componentes. As especifica\u00e7\u00f5es est\u00e3o sujeitas a altera\u00e7\u00f5es sem aviso pr\u00e9vio.<\/p>\n<\/div>\n<\/div>\n","protected":false},"excerpt":{"rendered":"<p>A Crux \u00e9 a moto de cascalho mais leve do mundo.<br \/>\nCom um grande arco de roda e uma geometria perfeita para ter o seu melhor desempenho fora de estrada, esta moto ser\u00e1 o seu trampolim para o c\u00e9u do cascalho.<br \/>\nO Crux Comp possui um conjunto Shimano GRX de 12 velocidades que muda como seda, rodas de disco DT G540 robustas e pneus Pathfinder Pro de 700 x 38 mm que s\u00e3o 2Bliss Ready e prontos para enfrentar qualquer terreno, n\u00e3o importa o qu\u00e3o complicado.  <\/p>\n","protected":false},"featured_media":379891,"comment_status":"closed","ping_status":"closed","template":"","meta":{"_acf_changed":false,"_et_pb_use_builder":"","_et_pb_old_content":"","_et_gb_content_width":"","inline_featured_image":false},"product_brand":[],"product_cat":[5374,4353,2459,3346,5310,5309,5308,2483],"product_tag":[],"class_list":{"0":"post-386408","1":"product","2":"type-product","3":"status-publish","4":"has-post-thumbnail","6":"product_cat-descontos","7":"product_cat-liquidacion-specialized","8":"product_cat-bicicletas-pt-pt-2","9":"product_cat-bicicletas-de-cascalho","10":"product_cat-bicicletas-de-gravel-aero","11":"product_cat-bicicletas-de-carbono-gravel","12":"product_cat-bicicletas-de-gravel-specialized","13":"product_cat-bicicletas-especializadas","14":"product_shipping_class-bicicletas-pt-pt","16":"first","17":"instock","18":"sale","19":"taxable","20":"shipping-taxable","21":"purchasable","22":"product-type-variable","23":"wvs-archive-product-wrapper"},"acf":[],"yoast_head":"<!-- This site is optimized with the Yoast SEO Premium plugin v26.7 (Yoast SEO v26.7) - https:\/\/yoast.com\/wordpress\/plugins\/seo\/ -->\n<title>Specialized Crux Comp 2025 GR-100 Bicicletas<\/title>\n<meta name=\"description\" content=\"Quadro de carbono Crux FACT 10r. Shimano GRX de 12 velocidades, rodas de disco DT G540 fortes e pneus Pathfinder Pro 2Bliss Ready de 700x38mm.\" \/>\n<meta name=\"robots\" content=\"index, follow, max-snippet:-1, max-image-preview:large, max-video-preview:-1\" \/>\n<link rel=\"canonical\" href=\"https:\/\/gr-100.com\/pt-pt\/producto\/crux-comp-especializado-2025\/\" \/>\n<meta property=\"og:locale\" content=\"pt_PT\" \/>\n<meta property=\"og:type\" content=\"article\" \/>\n<meta property=\"og:title\" content=\"Specialized Crux Comp 2025\" \/>\n<meta property=\"og:description\" content=\"Quadro de carbono Crux FACT 10r. Shimano GRX de 12 velocidades, rodas de disco DT G540 fortes e pneus Pathfinder Pro 2Bliss Ready de 700x38mm.\" \/>\n<meta property=\"og:url\" content=\"https:\/\/gr-100.com\/pt-pt\/producto\/crux-comp-especializado-2025\/\" \/>\n<meta property=\"og:site_name\" content=\"Gr-100 Tienda de ciclismo Specialized\" \/>\n<meta property=\"article:publisher\" content=\"https:\/\/www.facebook.com\/Gr100Bikes\" \/>\n<meta property=\"article:modified_time\" content=\"2026-01-16T12:01:42+00:00\" \/>\n<meta property=\"og:image\" content=\"https:\/\/gr-100.com\/wp-content\/uploads\/2024\/08\/Crux-Comp-2025-2.jpg\" \/>\n\t<meta property=\"og:image:width\" content=\"1000\" \/>\n\t<meta property=\"og:image:height\" content=\"1000\" \/>\n\t<meta property=\"og:image:type\" content=\"image\/jpeg\" \/>\n<meta name=\"twitter:card\" content=\"summary_large_image\" \/>\n<meta name=\"twitter:label1\" content=\"Tempo estimado de leitura\" \/>\n\t<meta name=\"twitter:data1\" content=\"2 minutos\" \/>\n<script type=\"application\/ld+json\" class=\"yoast-schema-graph\">{\"@context\":\"https:\/\/schema.org\",\"@graph\":[{\"@type\":\"WebPage\",\"@id\":\"https:\/\/gr-100.com\/pt-pt\/producto\/crux-comp-especializado-2025\/\",\"url\":\"https:\/\/gr-100.com\/pt-pt\/producto\/crux-comp-especializado-2025\/\",\"name\":\"Specialized Crux Comp 2025 GR-100 Bicicletas\",\"isPartOf\":{\"@id\":\"https:\/\/gr-100.com\/#website\"},\"primaryImageOfPage\":{\"@id\":\"https:\/\/gr-100.com\/pt-pt\/producto\/crux-comp-especializado-2025\/#primaryimage\"},\"image\":{\"@id\":\"https:\/\/gr-100.com\/pt-pt\/producto\/crux-comp-especializado-2025\/#primaryimage\"},\"thumbnailUrl\":\"https:\/\/gr-100.com\/wp-content\/uploads\/2024\/08\/Crux-Comp-2025-2.jpg\",\"datePublished\":\"2024-08-14T10:19:12+00:00\",\"dateModified\":\"2026-01-16T12:01:42+00:00\",\"description\":\"Quadro de carbono Crux FACT 10r. Shimano GRX de 12 velocidades, rodas de disco DT G540 fortes e pneus Pathfinder Pro 2Bliss Ready de 700x38mm.\",\"breadcrumb\":{\"@id\":\"https:\/\/gr-100.com\/pt-pt\/producto\/crux-comp-especializado-2025\/#breadcrumb\"},\"inLanguage\":\"pt-PT\",\"potentialAction\":[{\"@type\":\"ReadAction\",\"target\":[\"https:\/\/gr-100.com\/pt-pt\/producto\/crux-comp-especializado-2025\/\"]}]},{\"@type\":\"ImageObject\",\"inLanguage\":\"pt-PT\",\"@id\":\"https:\/\/gr-100.com\/pt-pt\/producto\/crux-comp-especializado-2025\/#primaryimage\",\"url\":\"https:\/\/gr-100.com\/wp-content\/uploads\/2024\/08\/Crux-Comp-2025-2.jpg\",\"contentUrl\":\"https:\/\/gr-100.com\/wp-content\/uploads\/2024\/08\/Crux-Comp-2025-2.jpg\",\"width\":1000,\"height\":1000},{\"@type\":\"BreadcrumbList\",\"@id\":\"https:\/\/gr-100.com\/pt-pt\/producto\/crux-comp-especializado-2025\/#breadcrumb\",\"itemListElement\":[{\"@type\":\"ListItem\",\"position\":1,\"name\":\"Portada\",\"item\":\"https:\/\/gr-100.com\/en\/\"},{\"@type\":\"ListItem\",\"position\":2,\"name\":\"Productos\",\"item\":\"https:\/\/gr-100.com\/?post_type=product\"},{\"@type\":\"ListItem\",\"position\":3,\"name\":\"Specialized Crux Comp 2025\"}]},{\"@type\":\"WebSite\",\"@id\":\"https:\/\/gr-100.com\/#website\",\"url\":\"https:\/\/gr-100.com\/\",\"name\":\"Gr-100 Tienda de ciclismo Specialized\",\"description\":\"GR-100 tenemos todas las gamas de bicicletas Specialized al mejor precio.\",\"publisher\":{\"@id\":\"https:\/\/gr-100.com\/#organization\"},\"alternateName\":\"Gr-100 Bikes\",\"potentialAction\":[{\"@type\":\"SearchAction\",\"target\":{\"@type\":\"EntryPoint\",\"urlTemplate\":\"https:\/\/gr-100.com\/?s={search_term_string}\"},\"query-input\":{\"@type\":\"PropertyValueSpecification\",\"valueRequired\":true,\"valueName\":\"search_term_string\"}}],\"inLanguage\":\"pt-PT\"},{\"@type\":\"Organization\",\"@id\":\"https:\/\/gr-100.com\/#organization\",\"name\":\"Gr-100\",\"url\":\"https:\/\/gr-100.com\/\",\"logo\":{\"@type\":\"ImageObject\",\"inLanguage\":\"pt-PT\",\"@id\":\"https:\/\/gr-100.com\/#\/schema\/logo\/image\/\",\"url\":\"https:\/\/gr-100.com\/wp-content\/uploads\/2023\/08\/logo-gr-100-bikes.png\",\"contentUrl\":\"https:\/\/gr-100.com\/wp-content\/uploads\/2023\/08\/logo-gr-100-bikes.png\",\"width\":707,\"height\":284,\"caption\":\"Gr-100\"},\"image\":{\"@id\":\"https:\/\/gr-100.com\/#\/schema\/logo\/image\/\"},\"sameAs\":[\"https:\/\/www.facebook.com\/Gr100Bikes\",\"https:\/\/www.instagram.com\/gr100bikes\/\",\"https:\/\/www.tiktok.com\/@gr100bikes\",\"https:\/\/twitter.com\/gr100mtbteam\",\"https:\/\/www.youtube.com\/c\/GR100Specialized\"]}]}<\/script>\n<!-- \/ Yoast SEO Premium plugin. -->","yoast_head_json":{"title":"Specialized Crux Comp 2025 GR-100 Bicicletas","description":"Quadro de carbono Crux FACT 10r. Shimano GRX de 12 velocidades, rodas de disco DT G540 fortes e pneus Pathfinder Pro 2Bliss Ready de 700x38mm.","robots":{"index":"index","follow":"follow","max-snippet":"max-snippet:-1","max-image-preview":"max-image-preview:large","max-video-preview":"max-video-preview:-1"},"canonical":"https:\/\/gr-100.com\/pt-pt\/producto\/crux-comp-especializado-2025\/","og_locale":"pt_PT","og_type":"article","og_title":"Specialized Crux Comp 2025","og_description":"Quadro de carbono Crux FACT 10r. Shimano GRX de 12 velocidades, rodas de disco DT G540 fortes e pneus Pathfinder Pro 2Bliss Ready de 700x38mm.","og_url":"https:\/\/gr-100.com\/pt-pt\/producto\/crux-comp-especializado-2025\/","og_site_name":"Gr-100 Tienda de ciclismo Specialized","article_publisher":"https:\/\/www.facebook.com\/Gr100Bikes","article_modified_time":"2026-01-16T12:01:42+00:00","og_image":[{"width":1000,"height":1000,"url":"https:\/\/gr-100.com\/wp-content\/uploads\/2024\/08\/Crux-Comp-2025-2.jpg","type":"image\/jpeg"}],"twitter_card":"summary_large_image","twitter_misc":{"Tempo estimado de leitura":"2 minutos"},"schema":{"@context":"https:\/\/schema.org","@graph":[{"@type":"WebPage","@id":"https:\/\/gr-100.com\/pt-pt\/producto\/crux-comp-especializado-2025\/","url":"https:\/\/gr-100.com\/pt-pt\/producto\/crux-comp-especializado-2025\/","name":"Specialized Crux Comp 2025 GR-100 Bicicletas","isPartOf":{"@id":"https:\/\/gr-100.com\/#website"},"primaryImageOfPage":{"@id":"https:\/\/gr-100.com\/pt-pt\/producto\/crux-comp-especializado-2025\/#primaryimage"},"image":{"@id":"https:\/\/gr-100.com\/pt-pt\/producto\/crux-comp-especializado-2025\/#primaryimage"},"thumbnailUrl":"https:\/\/gr-100.com\/wp-content\/uploads\/2024\/08\/Crux-Comp-2025-2.jpg","datePublished":"2024-08-14T10:19:12+00:00","dateModified":"2026-01-16T12:01:42+00:00","description":"Quadro de carbono Crux FACT 10r. Shimano GRX de 12 velocidades, rodas de disco DT G540 fortes e pneus Pathfinder Pro 2Bliss Ready de 700x38mm.","breadcrumb":{"@id":"https:\/\/gr-100.com\/pt-pt\/producto\/crux-comp-especializado-2025\/#breadcrumb"},"inLanguage":"pt-PT","potentialAction":[{"@type":"ReadAction","target":["https:\/\/gr-100.com\/pt-pt\/producto\/crux-comp-especializado-2025\/"]}]},{"@type":"ImageObject","inLanguage":"pt-PT","@id":"https:\/\/gr-100.com\/pt-pt\/producto\/crux-comp-especializado-2025\/#primaryimage","url":"https:\/\/gr-100.com\/wp-content\/uploads\/2024\/08\/Crux-Comp-2025-2.jpg","contentUrl":"https:\/\/gr-100.com\/wp-content\/uploads\/2024\/08\/Crux-Comp-2025-2.jpg","width":1000,"height":1000},{"@type":"BreadcrumbList","@id":"https:\/\/gr-100.com\/pt-pt\/producto\/crux-comp-especializado-2025\/#breadcrumb","itemListElement":[{"@type":"ListItem","position":1,"name":"Portada","item":"https:\/\/gr-100.com\/en\/"},{"@type":"ListItem","position":2,"name":"Productos","item":"https:\/\/gr-100.com\/?post_type=product"},{"@type":"ListItem","position":3,"name":"Specialized Crux Comp 2025"}]},{"@type":"WebSite","@id":"https:\/\/gr-100.com\/#website","url":"https:\/\/gr-100.com\/","name":"Gr-100 Tienda de ciclismo Specialized","description":"GR-100 tenemos todas las gamas de bicicletas Specialized al mejor precio.","publisher":{"@id":"https:\/\/gr-100.com\/#organization"},"alternateName":"Gr-100 Bikes","potentialAction":[{"@type":"SearchAction","target":{"@type":"EntryPoint","urlTemplate":"https:\/\/gr-100.com\/?s={search_term_string}"},"query-input":{"@type":"PropertyValueSpecification","valueRequired":true,"valueName":"search_term_string"}}],"inLanguage":"pt-PT"},{"@type":"Organization","@id":"https:\/\/gr-100.com\/#organization","name":"Gr-100","url":"https:\/\/gr-100.com\/","logo":{"@type":"ImageObject","inLanguage":"pt-PT","@id":"https:\/\/gr-100.com\/#\/schema\/logo\/image\/","url":"https:\/\/gr-100.com\/wp-content\/uploads\/2023\/08\/logo-gr-100-bikes.png","contentUrl":"https:\/\/gr-100.com\/wp-content\/uploads\/2023\/08\/logo-gr-100-bikes.png","width":707,"height":284,"caption":"Gr-100"},"image":{"@id":"https:\/\/gr-100.com\/#\/schema\/logo\/image\/"},"sameAs":["https:\/\/www.facebook.com\/Gr100Bikes","https:\/\/www.instagram.com\/gr100bikes\/","https:\/\/www.tiktok.com\/@gr100bikes","https:\/\/twitter.com\/gr100mtbteam","https:\/\/www.youtube.com\/c\/GR100Specialized"]}]}},"_links":{"self":[{"href":"https:\/\/gr-100.com\/pt-pt\/wp-json\/wp\/v2\/product\/386408","targetHints":{"allow":["GET"]}}],"collection":[{"href":"https:\/\/gr-100.com\/pt-pt\/wp-json\/wp\/v2\/product"}],"about":[{"href":"https:\/\/gr-100.com\/pt-pt\/wp-json\/wp\/v2\/types\/product"}],"replies":[{"embeddable":true,"href":"https:\/\/gr-100.com\/pt-pt\/wp-json\/wp\/v2\/comments?post=386408"}],"wp:featuredmedia":[{"embeddable":true,"href":"https:\/\/gr-100.com\/pt-pt\/wp-json\/wp\/v2\/media\/379891"}],"wp:attachment":[{"href":"https:\/\/gr-100.com\/pt-pt\/wp-json\/wp\/v2\/media?parent=386408"}],"wp:term":[{"taxonomy":"product_brand","embeddable":true,"href":"https:\/\/gr-100.com\/pt-pt\/wp-json\/wp\/v2\/product_brand?post=386408"},{"taxonomy":"product_cat","embeddable":true,"href":"https:\/\/gr-100.com\/pt-pt\/wp-json\/wp\/v2\/product_cat?post=386408"},{"taxonomy":"product_tag","embeddable":true,"href":"https:\/\/gr-100.com\/pt-pt\/wp-json\/wp\/v2\/product_tag?post=386408"}],"curies":[{"name":"wp","href":"https:\/\/api.w.org\/{rel}","templated":true}]}}