{"id":386530,"date":"2024-07-01T14:14:26","date_gmt":"2024-07-01T12:14:26","guid":{"rendered":"https:\/\/gr-100.com\/producto\/especializada-s-obras-divergem-str-2024\/"},"modified":"2025-10-15T10:21:22","modified_gmt":"2025-10-15T08:21:22","slug":"especializada-s-obras-divergem-str-2024","status":"publish","type":"product","link":"https:\/\/gr-100.com\/pt-pt\/producto\/especializada-s-obras-divergem-str-2024\/","title":{"rendered":"Specialized S- Obras divergem STR 2024"},"content":{"rendered":"<ul>\n<li>Ao suspender o piloto com curso ajust\u00e1vel &#8211; 20mm dianteiro \/ 30mm traseiro &#8211; a tecnologia Future Shock absorve as for\u00e7as causadas por terrenos irregulares para aumentar o controlo e a capacidade na moto, mantendo a efici\u00eancia e capacidade de resposta t\u00e3o caracter\u00edsticas deste quadro, porque quando se trata de transfer\u00eancia de pot\u00eancia,  \u00c9 um quadro muito r\u00edgido.<br \/>\nPedalar em terreno irregular faz a bicicleta saltar como um gato assustado.<br \/>\nO novo Diverge STR \u00e9 eficiente, confort\u00e1vel e muito gerenci\u00e1vel.<br \/>\n\u00c9 leve, \u00e1gil e altamente responsivo.   <\/li>\n<li>O novo Diverge prospera em linhas e curvas perfeitas.<br \/>\nO amortecedor traseiro Future Shock coloca 30 mm de curso traseiro para suavizar estradas dif\u00edceis.<br \/>\nSeus controles hidr\u00e1ulicos de amortecimento viajam para eliminar o &#8220;rolamento&#8221; ao pedalar e garantem que grandes impactos nunca o catapultem para fora do selim, tudo sem comprometer a t\u00e9cnica e a efici\u00eancia da pedalada.  <\/li>\n<li>Nascida de d\u00e9cadas de inova\u00e7\u00e3o e da nossa filosofia &#8220;Smoother is Faster&#8221;, a Future Shock foi criada para desenvolver motos que vencem nos paralelep\u00edpedos, mas encontrou a sua express\u00e3o mais pura no Gravel.<br \/>\nS\u00e3o cerca de 20 mm de curso dianteiro ajust\u00e1vel e almofadado que o mant\u00e9m no controlo total, ao mesmo tempo que protege as suas m\u00e3os, bra\u00e7os e ombros de solavancos. <\/li>\n<li>Mais capacidade significa mais confian\u00e7a, mais confian\u00e7a significa mais rotas, mais rotas significa mais divers\u00e3o, e tudo come\u00e7a na \u00e1rea de contacto com o terreno.<br \/>\nN\u00e3o h\u00e1 nada que aumente mais a capacidade do que um bom arco de roda.<br \/>\n47mm numa roda de 700C e 2,1&#8243; em 650B.<br \/>\nA Diverge STR \u00e9 a moto de cascalho mais capaz que j\u00e1 fizemos, por isso \u00e9 a mais divertida.<br \/>\nN\u00e3o se preocupe, os c\u00e1lculos est\u00e3o feitos.    <\/li>\n<li>O quadro em carbono S-Works Diverge STR FACT 11r \u00e9 mais d\u00f3cil do que qualquer moto com guid\u00e3o curvo que fizemos, mas adiciona apenas 100 gramas em compara\u00e7\u00e3o com o quadro S-Works Diverge.<br \/>\nNunca t\u00e3o poucos gramas adicionaram tanta capacidade.<br \/>\nSuba, corra ou carregue-o com malas e acess\u00f3rios para viagens longas: o Diverge STR faz tudo mais r\u00e1pido e sem complica\u00e7\u00f5es com excesso de bagagem.  <\/li>\n<\/ul>\n","protected":false},"excerpt":{"rendered":"<p>Com a suspens\u00e3o dianteira e traseira Future Shock, o novo Diverge STR oferece todo o desempenho sem compromisso.<br \/>\nAo suspender o condutor, em vez da moto, a tecnologia Future Shock aumenta o controlo e a efici\u00eancia, ao mesmo tempo que diminui a fadiga, para que conduza mais longe e mais depressa em terrenos acidentados, ainda mais do que pensava ser poss\u00edvel.<br \/>\nE o Diverge STR f\u00e1-lo sem o peso, a resposta lenta do pedal e a inefici\u00eancia de outros sistemas de suspens\u00e3o.<br \/>\nO S-Works Diverge STR come\u00e7a com o nosso quadro em carbono FACT 11r com suspens\u00e3o Future Shock dianteira e traseira.<br \/>\n\u00c9 montado com o conjunto SRAM Red eTap AXS Eagle que proporciona mudan\u00e7as r\u00e1pidas e eficientes com um 10-50 para garantir que tem o equipamento perfeito para enfrentar qualquer rota e um medidor de pot\u00eancia Quarq que o ajuda a dosar o seu esfor\u00e7o perfeitamente.<br \/>\nA moto rola no novo Roval Terra CLX IIs mais leve com pneus Tracer Pro de 42 mm.<br \/>\nO guiador de carbono Terra, o espig\u00e3o de assento em carbono S-Works e o selim S-Works Power com espelho completam o pacote, tornando este Diverge STR o Diverge mais eficiente de sempre.      <\/p>\n","protected":false},"featured_media":379221,"comment_status":"closed","ping_status":"closed","template":"","meta":{"_acf_changed":false,"_et_pb_use_builder":"","_et_pb_old_content":"","_et_gb_content_width":"","inline_featured_image":false},"product_brand":[],"product_cat":[2459,3346,2696],"product_tag":[],"class_list":{"0":"post-386530","1":"product","2":"type-product","3":"status-publish","4":"has-post-thumbnail","6":"product_cat-bicicletas-pt-pt-2","7":"product_cat-bicicletas-de-cascalho","8":"product_cat-ofertas-especializadas","9":"product_shipping_class-bicicletas-pt-pt","11":"first","12":"outofstock","13":"taxable","14":"shipping-taxable","15":"product-type-variable","16":"wvs-archive-product-wrapper"},"acf":[],"yoast_head":"<!-- This site is optimized with the Yoast SEO Premium plugin v26.7 (Yoast SEO v26.7) - https:\/\/yoast.com\/wordpress\/plugins\/seo\/ -->\n<title>Specialized S- Obras divergem STR 2024 GR-100<\/title>\n<meta name=\"description\" content=\"Com a suspens\u00e3o dianteira e traseira Future Shock, o novo Diverge STR oferece todo o desempenho sem compromisso. Em vez da moto, a tecnologia Future Shock aumenta o controlo e a efici\u00eancia, ao mesmo tempo que diminui a fadiga.\" \/>\n<meta name=\"robots\" content=\"index, follow, max-snippet:-1, max-image-preview:large, max-video-preview:-1\" \/>\n<link rel=\"canonical\" href=\"https:\/\/gr-100.com\/pt-pt\/producto\/especializada-s-obras-divergem-str-2024\/\" \/>\n<meta property=\"og:locale\" content=\"pt_PT\" \/>\n<meta property=\"og:type\" content=\"article\" \/>\n<meta property=\"og:title\" content=\"Specialized S- Obras divergem STR 2024\" \/>\n<meta property=\"og:description\" content=\"Com a suspens\u00e3o dianteira e traseira Future Shock, o novo Diverge STR oferece todo o desempenho sem compromisso. Em vez da moto, a tecnologia Future Shock aumenta o controlo e a efici\u00eancia, ao mesmo tempo que diminui a fadiga.\" \/>\n<meta property=\"og:url\" content=\"https:\/\/gr-100.com\/pt-pt\/producto\/especializada-s-obras-divergem-str-2024\/\" \/>\n<meta property=\"og:site_name\" content=\"Gr-100 Tienda de ciclismo Specialized\" \/>\n<meta property=\"article:publisher\" content=\"https:\/\/www.facebook.com\/Gr100Bikes\" \/>\n<meta property=\"article:modified_time\" content=\"2025-10-15T08:21:22+00:00\" \/>\n<meta property=\"og:image\" content=\"https:\/\/gr-100.com\/wp-content\/uploads\/2024\/07\/DIVERGE_STR_SW_2024.jpg\" \/>\n\t<meta property=\"og:image:width\" content=\"1000\" \/>\n\t<meta property=\"og:image:height\" content=\"1000\" \/>\n\t<meta property=\"og:image:type\" content=\"image\/jpeg\" \/>\n<meta name=\"twitter:card\" content=\"summary_large_image\" \/>\n<meta name=\"twitter:label1\" content=\"Tempo estimado de leitura\" \/>\n\t<meta name=\"twitter:data1\" content=\"2 minutos\" \/>\n<script type=\"application\/ld+json\" class=\"yoast-schema-graph\">{\"@context\":\"https:\/\/schema.org\",\"@graph\":[{\"@type\":\"WebPage\",\"@id\":\"https:\/\/gr-100.com\/pt-pt\/producto\/especializada-s-obras-divergem-str-2024\/\",\"url\":\"https:\/\/gr-100.com\/pt-pt\/producto\/especializada-s-obras-divergem-str-2024\/\",\"name\":\"Specialized S- Obras divergem STR 2024 GR-100\",\"isPartOf\":{\"@id\":\"https:\/\/gr-100.com\/#website\"},\"primaryImageOfPage\":{\"@id\":\"https:\/\/gr-100.com\/pt-pt\/producto\/especializada-s-obras-divergem-str-2024\/#primaryimage\"},\"image\":{\"@id\":\"https:\/\/gr-100.com\/pt-pt\/producto\/especializada-s-obras-divergem-str-2024\/#primaryimage\"},\"thumbnailUrl\":\"https:\/\/gr-100.com\/wp-content\/uploads\/2024\/07\/DIVERGE_STR_SW_2024.jpg\",\"datePublished\":\"2024-07-01T12:14:26+00:00\",\"dateModified\":\"2025-10-15T08:21:22+00:00\",\"description\":\"Com a suspens\u00e3o dianteira e traseira Future Shock, o novo Diverge STR oferece todo o desempenho sem compromisso. Em vez da moto, a tecnologia Future Shock aumenta o controlo e a efici\u00eancia, ao mesmo tempo que diminui a fadiga.\",\"breadcrumb\":{\"@id\":\"https:\/\/gr-100.com\/pt-pt\/producto\/especializada-s-obras-divergem-str-2024\/#breadcrumb\"},\"inLanguage\":\"pt-PT\",\"potentialAction\":[{\"@type\":\"ReadAction\",\"target\":[\"https:\/\/gr-100.com\/pt-pt\/producto\/especializada-s-obras-divergem-str-2024\/\"]}]},{\"@type\":\"ImageObject\",\"inLanguage\":\"pt-PT\",\"@id\":\"https:\/\/gr-100.com\/pt-pt\/producto\/especializada-s-obras-divergem-str-2024\/#primaryimage\",\"url\":\"https:\/\/gr-100.com\/wp-content\/uploads\/2024\/07\/DIVERGE_STR_SW_2024.jpg\",\"contentUrl\":\"https:\/\/gr-100.com\/wp-content\/uploads\/2024\/07\/DIVERGE_STR_SW_2024.jpg\",\"width\":1000,\"height\":1000},{\"@type\":\"BreadcrumbList\",\"@id\":\"https:\/\/gr-100.com\/pt-pt\/producto\/especializada-s-obras-divergem-str-2024\/#breadcrumb\",\"itemListElement\":[{\"@type\":\"ListItem\",\"position\":1,\"name\":\"Portada\",\"item\":\"https:\/\/gr-100.com\/en\/\"},{\"@type\":\"ListItem\",\"position\":2,\"name\":\"Productos\",\"item\":\"https:\/\/gr-100.com\/?post_type=product\"},{\"@type\":\"ListItem\",\"position\":3,\"name\":\"Specialized S- Obras divergem STR 2024\"}]},{\"@type\":\"WebSite\",\"@id\":\"https:\/\/gr-100.com\/#website\",\"url\":\"https:\/\/gr-100.com\/\",\"name\":\"Gr-100 Tienda de ciclismo Specialized\",\"description\":\"GR-100 tenemos todas las gamas de bicicletas Specialized al mejor precio.\",\"publisher\":{\"@id\":\"https:\/\/gr-100.com\/#organization\"},\"alternateName\":\"Gr-100 Bikes\",\"potentialAction\":[{\"@type\":\"SearchAction\",\"target\":{\"@type\":\"EntryPoint\",\"urlTemplate\":\"https:\/\/gr-100.com\/?s={search_term_string}\"},\"query-input\":{\"@type\":\"PropertyValueSpecification\",\"valueRequired\":true,\"valueName\":\"search_term_string\"}}],\"inLanguage\":\"pt-PT\"},{\"@type\":\"Organization\",\"@id\":\"https:\/\/gr-100.com\/#organization\",\"name\":\"Gr-100\",\"url\":\"https:\/\/gr-100.com\/\",\"logo\":{\"@type\":\"ImageObject\",\"inLanguage\":\"pt-PT\",\"@id\":\"https:\/\/gr-100.com\/#\/schema\/logo\/image\/\",\"url\":\"https:\/\/gr-100.com\/wp-content\/uploads\/2023\/08\/logo-gr-100-bikes.png\",\"contentUrl\":\"https:\/\/gr-100.com\/wp-content\/uploads\/2023\/08\/logo-gr-100-bikes.png\",\"width\":707,\"height\":284,\"caption\":\"Gr-100\"},\"image\":{\"@id\":\"https:\/\/gr-100.com\/#\/schema\/logo\/image\/\"},\"sameAs\":[\"https:\/\/www.facebook.com\/Gr100Bikes\",\"https:\/\/www.instagram.com\/gr100bikes\/\",\"https:\/\/www.tiktok.com\/@gr100bikes\",\"https:\/\/twitter.com\/gr100mtbteam\",\"https:\/\/www.youtube.com\/c\/GR100Specialized\"]}]}<\/script>\n<!-- \/ Yoast SEO Premium plugin. -->","yoast_head_json":{"title":"Specialized S- Obras divergem STR 2024 GR-100","description":"Com a suspens\u00e3o dianteira e traseira Future Shock, o novo Diverge STR oferece todo o desempenho sem compromisso. Em vez da moto, a tecnologia Future Shock aumenta o controlo e a efici\u00eancia, ao mesmo tempo que diminui a fadiga.","robots":{"index":"index","follow":"follow","max-snippet":"max-snippet:-1","max-image-preview":"max-image-preview:large","max-video-preview":"max-video-preview:-1"},"canonical":"https:\/\/gr-100.com\/pt-pt\/producto\/especializada-s-obras-divergem-str-2024\/","og_locale":"pt_PT","og_type":"article","og_title":"Specialized S- Obras divergem STR 2024","og_description":"Com a suspens\u00e3o dianteira e traseira Future Shock, o novo Diverge STR oferece todo o desempenho sem compromisso. Em vez da moto, a tecnologia Future Shock aumenta o controlo e a efici\u00eancia, ao mesmo tempo que diminui a fadiga.","og_url":"https:\/\/gr-100.com\/pt-pt\/producto\/especializada-s-obras-divergem-str-2024\/","og_site_name":"Gr-100 Tienda de ciclismo Specialized","article_publisher":"https:\/\/www.facebook.com\/Gr100Bikes","article_modified_time":"2025-10-15T08:21:22+00:00","og_image":[{"width":1000,"height":1000,"url":"https:\/\/gr-100.com\/wp-content\/uploads\/2024\/07\/DIVERGE_STR_SW_2024.jpg","type":"image\/jpeg"}],"twitter_card":"summary_large_image","twitter_misc":{"Tempo estimado de leitura":"2 minutos"},"schema":{"@context":"https:\/\/schema.org","@graph":[{"@type":"WebPage","@id":"https:\/\/gr-100.com\/pt-pt\/producto\/especializada-s-obras-divergem-str-2024\/","url":"https:\/\/gr-100.com\/pt-pt\/producto\/especializada-s-obras-divergem-str-2024\/","name":"Specialized S- Obras divergem STR 2024 GR-100","isPartOf":{"@id":"https:\/\/gr-100.com\/#website"},"primaryImageOfPage":{"@id":"https:\/\/gr-100.com\/pt-pt\/producto\/especializada-s-obras-divergem-str-2024\/#primaryimage"},"image":{"@id":"https:\/\/gr-100.com\/pt-pt\/producto\/especializada-s-obras-divergem-str-2024\/#primaryimage"},"thumbnailUrl":"https:\/\/gr-100.com\/wp-content\/uploads\/2024\/07\/DIVERGE_STR_SW_2024.jpg","datePublished":"2024-07-01T12:14:26+00:00","dateModified":"2025-10-15T08:21:22+00:00","description":"Com a suspens\u00e3o dianteira e traseira Future Shock, o novo Diverge STR oferece todo o desempenho sem compromisso. Em vez da moto, a tecnologia Future Shock aumenta o controlo e a efici\u00eancia, ao mesmo tempo que diminui a fadiga.","breadcrumb":{"@id":"https:\/\/gr-100.com\/pt-pt\/producto\/especializada-s-obras-divergem-str-2024\/#breadcrumb"},"inLanguage":"pt-PT","potentialAction":[{"@type":"ReadAction","target":["https:\/\/gr-100.com\/pt-pt\/producto\/especializada-s-obras-divergem-str-2024\/"]}]},{"@type":"ImageObject","inLanguage":"pt-PT","@id":"https:\/\/gr-100.com\/pt-pt\/producto\/especializada-s-obras-divergem-str-2024\/#primaryimage","url":"https:\/\/gr-100.com\/wp-content\/uploads\/2024\/07\/DIVERGE_STR_SW_2024.jpg","contentUrl":"https:\/\/gr-100.com\/wp-content\/uploads\/2024\/07\/DIVERGE_STR_SW_2024.jpg","width":1000,"height":1000},{"@type":"BreadcrumbList","@id":"https:\/\/gr-100.com\/pt-pt\/producto\/especializada-s-obras-divergem-str-2024\/#breadcrumb","itemListElement":[{"@type":"ListItem","position":1,"name":"Portada","item":"https:\/\/gr-100.com\/en\/"},{"@type":"ListItem","position":2,"name":"Productos","item":"https:\/\/gr-100.com\/?post_type=product"},{"@type":"ListItem","position":3,"name":"Specialized S- Obras divergem STR 2024"}]},{"@type":"WebSite","@id":"https:\/\/gr-100.com\/#website","url":"https:\/\/gr-100.com\/","name":"Gr-100 Tienda de ciclismo Specialized","description":"GR-100 tenemos todas las gamas de bicicletas Specialized al mejor precio.","publisher":{"@id":"https:\/\/gr-100.com\/#organization"},"alternateName":"Gr-100 Bikes","potentialAction":[{"@type":"SearchAction","target":{"@type":"EntryPoint","urlTemplate":"https:\/\/gr-100.com\/?s={search_term_string}"},"query-input":{"@type":"PropertyValueSpecification","valueRequired":true,"valueName":"search_term_string"}}],"inLanguage":"pt-PT"},{"@type":"Organization","@id":"https:\/\/gr-100.com\/#organization","name":"Gr-100","url":"https:\/\/gr-100.com\/","logo":{"@type":"ImageObject","inLanguage":"pt-PT","@id":"https:\/\/gr-100.com\/#\/schema\/logo\/image\/","url":"https:\/\/gr-100.com\/wp-content\/uploads\/2023\/08\/logo-gr-100-bikes.png","contentUrl":"https:\/\/gr-100.com\/wp-content\/uploads\/2023\/08\/logo-gr-100-bikes.png","width":707,"height":284,"caption":"Gr-100"},"image":{"@id":"https:\/\/gr-100.com\/#\/schema\/logo\/image\/"},"sameAs":["https:\/\/www.facebook.com\/Gr100Bikes","https:\/\/www.instagram.com\/gr100bikes\/","https:\/\/www.tiktok.com\/@gr100bikes","https:\/\/twitter.com\/gr100mtbteam","https:\/\/www.youtube.com\/c\/GR100Specialized"]}]}},"_links":{"self":[{"href":"https:\/\/gr-100.com\/pt-pt\/wp-json\/wp\/v2\/product\/386530","targetHints":{"allow":["GET"]}}],"collection":[{"href":"https:\/\/gr-100.com\/pt-pt\/wp-json\/wp\/v2\/product"}],"about":[{"href":"https:\/\/gr-100.com\/pt-pt\/wp-json\/wp\/v2\/types\/product"}],"replies":[{"embeddable":true,"href":"https:\/\/gr-100.com\/pt-pt\/wp-json\/wp\/v2\/comments?post=386530"}],"wp:featuredmedia":[{"embeddable":true,"href":"https:\/\/gr-100.com\/pt-pt\/wp-json\/wp\/v2\/media\/379221"}],"wp:attachment":[{"href":"https:\/\/gr-100.com\/pt-pt\/wp-json\/wp\/v2\/media?parent=386530"}],"wp:term":[{"taxonomy":"product_brand","embeddable":true,"href":"https:\/\/gr-100.com\/pt-pt\/wp-json\/wp\/v2\/product_brand?post=386530"},{"taxonomy":"product_cat","embeddable":true,"href":"https:\/\/gr-100.com\/pt-pt\/wp-json\/wp\/v2\/product_cat?post=386530"},{"taxonomy":"product_tag","embeddable":true,"href":"https:\/\/gr-100.com\/pt-pt\/wp-json\/wp\/v2\/product_tag?post=386530"}],"curies":[{"name":"wp","href":"https:\/\/api.w.org\/{rel}","templated":true}]}}