{"id":386543,"date":"2024-07-01T14:13:44","date_gmt":"2024-07-01T12:13:44","guid":{"rendered":"https:\/\/gr-100.com\/producto\/especializada-diverge-elite-e5-2024\/"},"modified":"2025-11-26T16:44:49","modified_gmt":"2025-11-26T14:44:49","slug":"especializada-diverge-elite-e5-2024","status":"publish","type":"product","link":"https:\/\/gr-100.com\/pt-pt\/producto\/especializada-diverge-elite-e5-2024\/","title":{"rendered":"Specialized Diverge Elite E5 2024"},"content":{"rendered":"<p>Nossa estrutura de alum\u00ednio Premium E5 fornece uma plataforma r\u00edgida, leve e dur\u00e1vel. Quando emparelhada com a nossa forquilha de carbono FACT, a Diverge Elite E5 torna-se uma moto leve, animada e vers\u00e1til, pronta para atacar qualquer superf\u00edcie.<br \/>\nEstamos a afastar-nos da geometria dominante at\u00e9 agora. A nova Diverge tem uma geometria t\u00e3o progressiva como alguma vez cri\u00e1mos para uma bicicleta de guiador de estrada, oferecendo aos condutores uma moto competente e est\u00e1vel em terra batida, e que \u00e9 \u00e1gil e eficiente na estrada. Aumentamos o alcance do quadro, juntamente com o tubo de cabe\u00e7a com um \u00e2ngulo mais relaxado, bem como o deslocamento mais longo do garfo. Tudo isto lhe d\u00e1 uma confian\u00e7a incr\u00edvel com uma grande sensa\u00e7\u00e3o de equil\u00edbrio no solo, enquanto a haste curta mant\u00e9m o mesmo comprimento do cockpit e a dire\u00e7\u00e3o mais viva. Mantivemos o suporte inferior da moto baixo para maior estabilidade, mas alto o suficiente para usar com rodas 650b, se preferir. Equipamos o Diverge com muitas op\u00e7\u00f5es de acess\u00f3rios, incluindo garfo e roscas de tubo superior, para garantir que voc\u00ea possa transportar tudo o que precisa, n\u00e3o importa at\u00e9 onde voc\u00ea planeja ir ou quanto tempo voc\u00ea ir\u00e1. Nada desbloqueia a capacidade de uma moto como a folga dos pneus, por isso demos \u00e0 nova Diverge uma enorme folga de pneus de 47 mm numa roda de 700c e de 2,1&#8243; numa roda de 650b. Gra\u00e7as a uma haste de amarra\u00e7\u00e3o do lado da unidade que usa uma se\u00e7\u00e3o mais s\u00f3lida de carbono atr\u00e1s dos an\u00e9is de corrente, criamos mais folga sem usar um design de chainstay fr\u00e1gil e sem aumentar o comprimento.     <\/p>\n<ul>\n<li><strong>CARATER\u00cdSTICAS:<\/strong><\/li>\n<li>FRAME<br \/>\nSpecialized Diverge E5 Premium Alum\u00ednio, BB roscado, roteamento interno, eixo thru 12x142mm, disco de montagem plana<\/li>\n<li>Forquilha<br \/>\n em carbono FACT, dire\u00e7\u00e3o totalmente em carbono, eixo thru de 12&#215;100 mm, disco de montagem plana<\/li>\n<li>Shimano GRX RX400 groupet<br \/>\n traseiro<br \/>\n derailleur, braze-on<\/li>\n<li>Shimano GRX RX400 derailleur<br \/>\n traseiro de 10 velocidades<\/li>\n<li>Shimano de freio hidr\u00e1ulicas Shimano GRX RX400, alavancas de c\u00e2mbio mec\u00e2nico de 2&#215;10 velocidades<\/li>\n<li>Shimano<br \/>\n Shimano GRX RX600<\/li>\n<li>Platos<br \/>\n46\/30T<\/li>\n<li>Shimano<br \/>\n Shimano CS-HG50-10, 10 velocidades 11-36T<\/li>\n<li>Shimano<br \/>\n dianteiro Shimano 105, disco hidr\u00e1ulico<\/li>\n<li>Shimano<br \/>\n traseiro Shimano 105, disco hidr\u00e1ulico<\/li>\n<li>Corrente<br \/>\n KMC X10, 10 velocidades c\/ Missing Link\u2122 reutiliz\u00e1vel<\/li>\n<li>Virabrequim<br \/>\n Shimano 68mm<\/li>\n<li>Rodas<\/li>\n<li>Jantes<br \/>\n de disco Axis Elite<\/li>\n<li>Pneus<br \/>\n desportivos Specialized, 700x38c<\/li>\n<li>Componentes<\/li>\n<li>Specialized de<br \/>\n queda rasa, 6061, 70x125mm, grampo de 31,8 mm<\/li>\n<li>Haste<br \/>\n de liga forjada em 3D, 31,8 mm, eleva\u00e7\u00e3o de 7 graus<\/li>\n<li>Selim de ponte de geometria do corpo<br \/>\n, trilhos de a\u00e7o<\/li>\n<li>Espig\u00e3o<br \/>\n de alum\u00ednio, 2 bra\u00e7adeiras de parafuso, 12 mm de deslocamento, 27,2 mm, hardware anticorros\u00e3o<\/li>\n<li>Peso:<br \/>\n 10.0kg (22 lb, .7 oz)<br \/>\n Tamanho<br \/>\n56<\/li>\n<\/ul>\n<p>* Os pesos baseiam-se em fotografias de produ\u00e7\u00e3o pintadas, tal como indicado na imagem. Os pesos reais variam consoante a cor, o tamanho do quadro e a varia\u00e7\u00e3o dos componentes. As especifica\u00e7\u00f5es est\u00e3o sujeitas a altera\u00e7\u00f5es sem aviso pr\u00e9vio.<\/p>\n","protected":false},"excerpt":{"rendered":"<p>Utiliza a nossa estrutura de alum\u00ednio E5 premium e garfo FACT totalmente em carbono para uma condu\u00e7\u00e3o r\u00e1pida, segura e confort\u00e1vel em estrada, terra batida e cascalho grosso.<br \/>\nO conjunto Shimano GRX 400 2&#215;10 inspirado em cascalho garante uma condu\u00e7\u00e3o suave em qualquer terreno e as jantes em alum\u00ednio Axis Elite com pneus Pathfinder de 38 mm oferecem uma condu\u00e7\u00e3o eficiente no asfalto com a versatilidade para andar em terra batida. <\/p>\n","protected":false},"featured_media":305594,"comment_status":"closed","ping_status":"closed","template":"","meta":{"_acf_changed":false,"_et_pb_use_builder":"","_et_pb_old_content":"","_et_gb_content_width":"","inline_featured_image":false},"product_brand":[],"product_cat":[2459,3346,2483],"product_tag":[],"class_list":{"0":"post-386543","1":"product","2":"type-product","3":"status-publish","4":"has-post-thumbnail","6":"product_cat-bicicletas-pt-pt-2","7":"product_cat-bicicletas-de-cascalho","8":"product_cat-bicicletas-especializadas","9":"product_shipping_class-bicicletas-pt-pt","11":"first","12":"outofstock","13":"taxable","14":"shipping-taxable","15":"product-type-variable","16":"wvs-archive-product-wrapper"},"acf":[],"yoast_head":"<!-- This site is optimized with the Yoast SEO Premium plugin v26.7 (Yoast SEO v26.7) - https:\/\/yoast.com\/wordpress\/plugins\/seo\/ -->\n<title>Specialized Diverge Elite E5 2024 Oferta GR-100<\/title>\n<meta name=\"description\" content=\"Specialized Diverge Elite E5 2024. Quadro de alum\u00ednio Premium E5, Shimano GRX RX400 groupet de 10 velocidades, jantes Axis Elite com Pathfinder Sport, 700x38c.\" \/>\n<meta name=\"robots\" content=\"index, follow, max-snippet:-1, max-image-preview:large, max-video-preview:-1\" \/>\n<link rel=\"canonical\" href=\"https:\/\/gr-100.com\/pt-pt\/producto\/especializada-diverge-elite-e5-2024\/\" \/>\n<meta property=\"og:locale\" content=\"pt_PT\" \/>\n<meta property=\"og:type\" content=\"article\" \/>\n<meta property=\"og:title\" content=\"Specialized Diverge Elite E5 2024\" \/>\n<meta property=\"og:description\" content=\"Specialized Diverge Elite E5 2024. Quadro de alum\u00ednio Premium E5, Shimano GRX RX400 groupet de 10 velocidades, jantes Axis Elite com Pathfinder Sport, 700x38c.\" \/>\n<meta property=\"og:url\" content=\"https:\/\/gr-100.com\/pt-pt\/producto\/especializada-diverge-elite-e5-2024\/\" \/>\n<meta property=\"og:site_name\" content=\"Gr-100 Tienda de ciclismo Specialized\" \/>\n<meta property=\"article:publisher\" content=\"https:\/\/www.facebook.com\/Gr100Bikes\" \/>\n<meta property=\"article:modified_time\" content=\"2025-11-26T14:44:49+00:00\" \/>\n<meta property=\"og:image\" content=\"https:\/\/gr-100.com\/wp-content\/uploads\/2024\/05\/Specialized-Diverge-Elite-E5-2024-ghost-blue-2.jpg\" \/>\n\t<meta property=\"og:image:width\" content=\"1080\" \/>\n\t<meta property=\"og:image:height\" content=\"1080\" \/>\n\t<meta property=\"og:image:type\" content=\"image\/jpeg\" \/>\n<meta name=\"twitter:card\" content=\"summary_large_image\" \/>\n<meta name=\"twitter:label1\" content=\"Tempo estimado de leitura\" \/>\n\t<meta name=\"twitter:data1\" content=\"3 minutos\" \/>\n<script type=\"application\/ld+json\" class=\"yoast-schema-graph\">{\"@context\":\"https:\/\/schema.org\",\"@graph\":[{\"@type\":\"WebPage\",\"@id\":\"https:\/\/gr-100.com\/pt-pt\/producto\/especializada-diverge-elite-e5-2024\/\",\"url\":\"https:\/\/gr-100.com\/pt-pt\/producto\/especializada-diverge-elite-e5-2024\/\",\"name\":\"Specialized Diverge Elite E5 2024 Oferta GR-100\",\"isPartOf\":{\"@id\":\"https:\/\/gr-100.com\/#website\"},\"primaryImageOfPage\":{\"@id\":\"https:\/\/gr-100.com\/pt-pt\/producto\/especializada-diverge-elite-e5-2024\/#primaryimage\"},\"image\":{\"@id\":\"https:\/\/gr-100.com\/pt-pt\/producto\/especializada-diverge-elite-e5-2024\/#primaryimage\"},\"thumbnailUrl\":\"https:\/\/gr-100.com\/wp-content\/uploads\/2024\/05\/Specialized-Diverge-Elite-E5-2024-ghost-blue-2.jpg\",\"datePublished\":\"2024-07-01T12:13:44+00:00\",\"dateModified\":\"2025-11-26T14:44:49+00:00\",\"description\":\"Specialized Diverge Elite E5 2024. Quadro de alum\u00ednio Premium E5, Shimano GRX RX400 groupet de 10 velocidades, jantes Axis Elite com Pathfinder Sport, 700x38c.\",\"breadcrumb\":{\"@id\":\"https:\/\/gr-100.com\/pt-pt\/producto\/especializada-diverge-elite-e5-2024\/#breadcrumb\"},\"inLanguage\":\"pt-PT\",\"potentialAction\":[{\"@type\":\"ReadAction\",\"target\":[\"https:\/\/gr-100.com\/pt-pt\/producto\/especializada-diverge-elite-e5-2024\/\"]}]},{\"@type\":\"ImageObject\",\"inLanguage\":\"pt-PT\",\"@id\":\"https:\/\/gr-100.com\/pt-pt\/producto\/especializada-diverge-elite-e5-2024\/#primaryimage\",\"url\":\"https:\/\/gr-100.com\/wp-content\/uploads\/2024\/05\/Specialized-Diverge-Elite-E5-2024-ghost-blue-2.jpg\",\"contentUrl\":\"https:\/\/gr-100.com\/wp-content\/uploads\/2024\/05\/Specialized-Diverge-Elite-E5-2024-ghost-blue-2.jpg\",\"width\":1080,\"height\":1080},{\"@type\":\"BreadcrumbList\",\"@id\":\"https:\/\/gr-100.com\/pt-pt\/producto\/especializada-diverge-elite-e5-2024\/#breadcrumb\",\"itemListElement\":[{\"@type\":\"ListItem\",\"position\":1,\"name\":\"Portada\",\"item\":\"https:\/\/gr-100.com\/en\/\"},{\"@type\":\"ListItem\",\"position\":2,\"name\":\"Productos\",\"item\":\"https:\/\/gr-100.com\/?post_type=product\"},{\"@type\":\"ListItem\",\"position\":3,\"name\":\"Specialized Diverge Elite E5 2024\"}]},{\"@type\":\"WebSite\",\"@id\":\"https:\/\/gr-100.com\/#website\",\"url\":\"https:\/\/gr-100.com\/\",\"name\":\"Gr-100 Tienda de ciclismo Specialized\",\"description\":\"GR-100 tenemos todas las gamas de bicicletas Specialized al mejor precio.\",\"publisher\":{\"@id\":\"https:\/\/gr-100.com\/#organization\"},\"alternateName\":\"Gr-100 Bikes\",\"potentialAction\":[{\"@type\":\"SearchAction\",\"target\":{\"@type\":\"EntryPoint\",\"urlTemplate\":\"https:\/\/gr-100.com\/?s={search_term_string}\"},\"query-input\":{\"@type\":\"PropertyValueSpecification\",\"valueRequired\":true,\"valueName\":\"search_term_string\"}}],\"inLanguage\":\"pt-PT\"},{\"@type\":\"Organization\",\"@id\":\"https:\/\/gr-100.com\/#organization\",\"name\":\"Gr-100\",\"url\":\"https:\/\/gr-100.com\/\",\"logo\":{\"@type\":\"ImageObject\",\"inLanguage\":\"pt-PT\",\"@id\":\"https:\/\/gr-100.com\/#\/schema\/logo\/image\/\",\"url\":\"https:\/\/gr-100.com\/wp-content\/uploads\/2023\/08\/logo-gr-100-bikes.png\",\"contentUrl\":\"https:\/\/gr-100.com\/wp-content\/uploads\/2023\/08\/logo-gr-100-bikes.png\",\"width\":707,\"height\":284,\"caption\":\"Gr-100\"},\"image\":{\"@id\":\"https:\/\/gr-100.com\/#\/schema\/logo\/image\/\"},\"sameAs\":[\"https:\/\/www.facebook.com\/Gr100Bikes\",\"https:\/\/www.instagram.com\/gr100bikes\/\",\"https:\/\/www.tiktok.com\/@gr100bikes\",\"https:\/\/twitter.com\/gr100mtbteam\",\"https:\/\/www.youtube.com\/c\/GR100Specialized\"]}]}<\/script>\n<!-- \/ Yoast SEO Premium plugin. -->","yoast_head_json":{"title":"Specialized Diverge Elite E5 2024 Oferta GR-100","description":"Specialized Diverge Elite E5 2024. Quadro de alum\u00ednio Premium E5, Shimano GRX RX400 groupet de 10 velocidades, jantes Axis Elite com Pathfinder Sport, 700x38c.","robots":{"index":"index","follow":"follow","max-snippet":"max-snippet:-1","max-image-preview":"max-image-preview:large","max-video-preview":"max-video-preview:-1"},"canonical":"https:\/\/gr-100.com\/pt-pt\/producto\/especializada-diverge-elite-e5-2024\/","og_locale":"pt_PT","og_type":"article","og_title":"Specialized Diverge Elite E5 2024","og_description":"Specialized Diverge Elite E5 2024. Quadro de alum\u00ednio Premium E5, Shimano GRX RX400 groupet de 10 velocidades, jantes Axis Elite com Pathfinder Sport, 700x38c.","og_url":"https:\/\/gr-100.com\/pt-pt\/producto\/especializada-diverge-elite-e5-2024\/","og_site_name":"Gr-100 Tienda de ciclismo Specialized","article_publisher":"https:\/\/www.facebook.com\/Gr100Bikes","article_modified_time":"2025-11-26T14:44:49+00:00","og_image":[{"width":1080,"height":1080,"url":"https:\/\/gr-100.com\/wp-content\/uploads\/2024\/05\/Specialized-Diverge-Elite-E5-2024-ghost-blue-2.jpg","type":"image\/jpeg"}],"twitter_card":"summary_large_image","twitter_misc":{"Tempo estimado de leitura":"3 minutos"},"schema":{"@context":"https:\/\/schema.org","@graph":[{"@type":"WebPage","@id":"https:\/\/gr-100.com\/pt-pt\/producto\/especializada-diverge-elite-e5-2024\/","url":"https:\/\/gr-100.com\/pt-pt\/producto\/especializada-diverge-elite-e5-2024\/","name":"Specialized Diverge Elite E5 2024 Oferta GR-100","isPartOf":{"@id":"https:\/\/gr-100.com\/#website"},"primaryImageOfPage":{"@id":"https:\/\/gr-100.com\/pt-pt\/producto\/especializada-diverge-elite-e5-2024\/#primaryimage"},"image":{"@id":"https:\/\/gr-100.com\/pt-pt\/producto\/especializada-diverge-elite-e5-2024\/#primaryimage"},"thumbnailUrl":"https:\/\/gr-100.com\/wp-content\/uploads\/2024\/05\/Specialized-Diverge-Elite-E5-2024-ghost-blue-2.jpg","datePublished":"2024-07-01T12:13:44+00:00","dateModified":"2025-11-26T14:44:49+00:00","description":"Specialized Diverge Elite E5 2024. Quadro de alum\u00ednio Premium E5, Shimano GRX RX400 groupet de 10 velocidades, jantes Axis Elite com Pathfinder Sport, 700x38c.","breadcrumb":{"@id":"https:\/\/gr-100.com\/pt-pt\/producto\/especializada-diverge-elite-e5-2024\/#breadcrumb"},"inLanguage":"pt-PT","potentialAction":[{"@type":"ReadAction","target":["https:\/\/gr-100.com\/pt-pt\/producto\/especializada-diverge-elite-e5-2024\/"]}]},{"@type":"ImageObject","inLanguage":"pt-PT","@id":"https:\/\/gr-100.com\/pt-pt\/producto\/especializada-diverge-elite-e5-2024\/#primaryimage","url":"https:\/\/gr-100.com\/wp-content\/uploads\/2024\/05\/Specialized-Diverge-Elite-E5-2024-ghost-blue-2.jpg","contentUrl":"https:\/\/gr-100.com\/wp-content\/uploads\/2024\/05\/Specialized-Diverge-Elite-E5-2024-ghost-blue-2.jpg","width":1080,"height":1080},{"@type":"BreadcrumbList","@id":"https:\/\/gr-100.com\/pt-pt\/producto\/especializada-diverge-elite-e5-2024\/#breadcrumb","itemListElement":[{"@type":"ListItem","position":1,"name":"Portada","item":"https:\/\/gr-100.com\/en\/"},{"@type":"ListItem","position":2,"name":"Productos","item":"https:\/\/gr-100.com\/?post_type=product"},{"@type":"ListItem","position":3,"name":"Specialized Diverge Elite E5 2024"}]},{"@type":"WebSite","@id":"https:\/\/gr-100.com\/#website","url":"https:\/\/gr-100.com\/","name":"Gr-100 Tienda de ciclismo Specialized","description":"GR-100 tenemos todas las gamas de bicicletas Specialized al mejor precio.","publisher":{"@id":"https:\/\/gr-100.com\/#organization"},"alternateName":"Gr-100 Bikes","potentialAction":[{"@type":"SearchAction","target":{"@type":"EntryPoint","urlTemplate":"https:\/\/gr-100.com\/?s={search_term_string}"},"query-input":{"@type":"PropertyValueSpecification","valueRequired":true,"valueName":"search_term_string"}}],"inLanguage":"pt-PT"},{"@type":"Organization","@id":"https:\/\/gr-100.com\/#organization","name":"Gr-100","url":"https:\/\/gr-100.com\/","logo":{"@type":"ImageObject","inLanguage":"pt-PT","@id":"https:\/\/gr-100.com\/#\/schema\/logo\/image\/","url":"https:\/\/gr-100.com\/wp-content\/uploads\/2023\/08\/logo-gr-100-bikes.png","contentUrl":"https:\/\/gr-100.com\/wp-content\/uploads\/2023\/08\/logo-gr-100-bikes.png","width":707,"height":284,"caption":"Gr-100"},"image":{"@id":"https:\/\/gr-100.com\/#\/schema\/logo\/image\/"},"sameAs":["https:\/\/www.facebook.com\/Gr100Bikes","https:\/\/www.instagram.com\/gr100bikes\/","https:\/\/www.tiktok.com\/@gr100bikes","https:\/\/twitter.com\/gr100mtbteam","https:\/\/www.youtube.com\/c\/GR100Specialized"]}]}},"_links":{"self":[{"href":"https:\/\/gr-100.com\/pt-pt\/wp-json\/wp\/v2\/product\/386543","targetHints":{"allow":["GET"]}}],"collection":[{"href":"https:\/\/gr-100.com\/pt-pt\/wp-json\/wp\/v2\/product"}],"about":[{"href":"https:\/\/gr-100.com\/pt-pt\/wp-json\/wp\/v2\/types\/product"}],"replies":[{"embeddable":true,"href":"https:\/\/gr-100.com\/pt-pt\/wp-json\/wp\/v2\/comments?post=386543"}],"wp:featuredmedia":[{"embeddable":true,"href":"https:\/\/gr-100.com\/pt-pt\/wp-json\/wp\/v2\/media\/305594"}],"wp:attachment":[{"href":"https:\/\/gr-100.com\/pt-pt\/wp-json\/wp\/v2\/media?parent=386543"}],"wp:term":[{"taxonomy":"product_brand","embeddable":true,"href":"https:\/\/gr-100.com\/pt-pt\/wp-json\/wp\/v2\/product_brand?post=386543"},{"taxonomy":"product_cat","embeddable":true,"href":"https:\/\/gr-100.com\/pt-pt\/wp-json\/wp\/v2\/product_cat?post=386543"},{"taxonomy":"product_tag","embeddable":true,"href":"https:\/\/gr-100.com\/pt-pt\/wp-json\/wp\/v2\/product_tag?post=386543"}],"curies":[{"name":"wp","href":"https:\/\/api.w.org\/{rel}","templated":true}]}}