{"id":386562,"date":"2024-07-01T14:15:05","date_gmt":"2024-07-01T12:15:05","guid":{"rendered":"https:\/\/gr-100.com\/producto\/especialista-diverge-str-expert-2024\/"},"modified":"2025-12-18T16:48:25","modified_gmt":"2025-12-18T14:48:25","slug":"especialista-diverge-str-expert-2024","status":"publish","type":"product","link":"https:\/\/gr-100.com\/pt-pt\/producto\/especialista-diverge-str-expert-2024\/","title":{"rendered":"Specialized Diverge STR Expert 2024"},"content":{"rendered":"<p>O amortecedor traseiro Future Shock coloca 30 mm de curso traseiro para suavizar estradas dif\u00edceis. Seus controles hidr\u00e1ulicos de amortecimento viajam para eliminar o &#8220;rolamento&#8221; ao pedalar e garantem que grandes impactos nunca o catapultem para fora do selim, tudo sem comprometer a t\u00e9cnica e a efici\u00eancia da pedalada.<br \/>\nPedalar em terreno irregular faz a bicicleta saltar como um gato assustado. O novo Diverge STR \u00e9 eficiente, confort\u00e1vel e muito gerenci\u00e1vel. \u00c9 leve, \u00e1gil e altamente responsivo.<br \/>\nO conjunto propulsor Sram eTap AXS Eagle proporciona mudan\u00e7as r\u00e1pidas e eficientes com um 10-50 para garantir que voc\u00ea tenha o equipamento para enfrentar qualquer condu\u00e7\u00e3o.   <\/p>\n<ul>\n<li>Quadro: Diverge Fact 11R Carbon Frameset com suspens\u00e3o dianteira e traseira de choque futuro, integra\u00e7\u00e3o com port\u00e3o SWAT\u2122, BB roscado, roteamento de cabo interno, eixo thru 12x142mm, disco de montagem plana<\/li>\n<li>Forquilha: Future Shock 2.0 com choque, bota macia, Fact Carbon, 12x100mm thru-axle, montagem plana<\/li>\n<li>Grupo<\/li>\n<li>Descarrilador traseiro: Sram Gx Eagle Axs, com tampa da bateria<\/li>\n<li>Mudan\u00e7a: Sram Rival Etap Axs<\/li>\n<li>Pedaleira: Sram Rival 1 Wide<\/li>\n<li>An\u00e9is: 40T<\/li>\n<li>: Sram Nx Eagle Pg-1230, 12 velocidades, 11-50T<\/li>\n<li>Freio dianteiro: Sram Rival Etap Axs, disco hidr\u00e1ulico<\/li>\n<li>Freio traseiro: Sram Rival Etap Axs, disco hidr\u00e1ulico<\/li>\n<li>Corrente: Sram Gx Eagle, 12 velocidades<\/li>\n<li>Suporte inferior: Sram Dub Bsa 68<\/li>\n<li>Rodas<\/li>\n<li>Jantes: Tracer Pro 2Br, 700X42<\/li>\n<li>Pneus: Dianteiro &#8211; Roval Terra C, jante em carbono de 25mm de largura interior, profundidade de 32mm, novo cubo DT 370, 24H, raios DT Swiss<\/li>\n<li>Comp Race \/\/ Traseira &#8211; Roval Terra C, jante em carbono de 25 mm de largura interior, profundidade de 32 mm, novo cubo DT 370 Star Ratchet, 24H, raios<\/li>\n<li>DT Swiss Comp Corrida<\/li>\n<li>Componentes<\/li>\n<li>Guiador: Specialized Adventure Gear Hover, queda Specialized 103mm x alcance de 70mm x camber de 12\u00b0<\/li>\n<li>Poder: Haste do Futuro, Comp<\/li>\n<li>Sela: Especialista em Geometria Corporal<\/li>\n<li>Poste de assento: S-Works Carbon Seat Post, 20mm offset<\/li>\n<li>Peso: 9,93 kg (21 lb, 14,3 oz) Tamanho: 56<\/li>\n<\/ul>\n","protected":false},"excerpt":{"rendered":"<p>Com suspens\u00e3o dianteira e traseira Future Shock, o Diverge STR satisfaz as suas expectativas.<br \/>\nAo ajudar o condutor, a tecnologia Future Shock aumenta o controlo e a efici\u00eancia, ao mesmo tempo que diminui a fadiga, para que v\u00e1 mais longe e mais depressa em terrenos mais acidentados do que pensava ser poss\u00edvel. <\/p>\n","protected":false},"featured_media":305655,"comment_status":"closed","ping_status":"closed","template":"","meta":{"_acf_changed":false,"_et_pb_use_builder":"","_et_pb_old_content":"","_et_gb_content_width":"","inline_featured_image":false},"product_brand":[],"product_cat":[4353,2459,3346],"product_tag":[],"class_list":{"0":"post-386562","1":"product","2":"type-product","3":"status-publish","4":"has-post-thumbnail","6":"product_cat-liquidacion-specialized","7":"product_cat-bicicletas-pt-pt-2","8":"product_cat-bicicletas-de-cascalho","9":"product_shipping_class-bicicletas-pt-pt","11":"first","12":"outofstock","13":"taxable","14":"shipping-taxable","15":"product-type-variable","16":"wvs-archive-product-wrapper"},"acf":[],"yoast_head":"<!-- This site is optimized with the Yoast SEO Premium plugin v26.7 (Yoast SEO v26.7) - https:\/\/yoast.com\/wordpress\/plugins\/seo\/ -->\n<title>Specialized Diverge STR Expert 2024 GR100<\/title>\n<meta name=\"description\" content=\"O Diverge STR atende \u00e0s suas expectativas. Ao ajudar o condutor, a tecnologia Future Shock aumenta o controlo e a efici\u00eancia\" \/>\n<meta name=\"robots\" content=\"index, follow, max-snippet:-1, max-image-preview:large, max-video-preview:-1\" \/>\n<link rel=\"canonical\" href=\"https:\/\/gr-100.com\/pt-pt\/producto\/especialista-diverge-str-expert-2024\/\" \/>\n<meta property=\"og:locale\" content=\"pt_PT\" \/>\n<meta property=\"og:type\" content=\"article\" \/>\n<meta property=\"og:title\" content=\"Specialized Diverge STR Expert 2024\" \/>\n<meta property=\"og:description\" content=\"O Diverge STR atende \u00e0s suas expectativas. Ao ajudar o condutor, a tecnologia Future Shock aumenta o controlo e a efici\u00eancia\" \/>\n<meta property=\"og:url\" content=\"https:\/\/gr-100.com\/pt-pt\/producto\/especialista-diverge-str-expert-2024\/\" \/>\n<meta property=\"og:site_name\" content=\"Gr-100 Tienda de ciclismo Specialized\" \/>\n<meta property=\"article:publisher\" content=\"https:\/\/www.facebook.com\/Gr100Bikes\" \/>\n<meta property=\"article:modified_time\" content=\"2025-12-18T14:48:25+00:00\" \/>\n<meta property=\"og:image\" content=\"https:\/\/gr-100.com\/wp-content\/uploads\/2024\/05\/My-project-2024-01-02T140926.686.jpeg\" \/>\n\t<meta property=\"og:image:width\" content=\"1000\" \/>\n\t<meta property=\"og:image:height\" content=\"1000\" \/>\n\t<meta property=\"og:image:type\" content=\"image\/jpeg\" \/>\n<meta name=\"twitter:card\" content=\"summary_large_image\" \/>\n<meta name=\"twitter:label1\" content=\"Tempo estimado de leitura\" \/>\n\t<meta name=\"twitter:data1\" content=\"2 minutos\" \/>\n<script type=\"application\/ld+json\" class=\"yoast-schema-graph\">{\"@context\":\"https:\/\/schema.org\",\"@graph\":[{\"@type\":\"WebPage\",\"@id\":\"https:\/\/gr-100.com\/pt-pt\/producto\/especialista-diverge-str-expert-2024\/\",\"url\":\"https:\/\/gr-100.com\/pt-pt\/producto\/especialista-diverge-str-expert-2024\/\",\"name\":\"Specialized Diverge STR Expert 2024 GR100\",\"isPartOf\":{\"@id\":\"https:\/\/gr-100.com\/#website\"},\"primaryImageOfPage\":{\"@id\":\"https:\/\/gr-100.com\/pt-pt\/producto\/especialista-diverge-str-expert-2024\/#primaryimage\"},\"image\":{\"@id\":\"https:\/\/gr-100.com\/pt-pt\/producto\/especialista-diverge-str-expert-2024\/#primaryimage\"},\"thumbnailUrl\":\"https:\/\/gr-100.com\/wp-content\/uploads\/2024\/05\/My-project-2024-01-02T140926.686.jpeg\",\"datePublished\":\"2024-07-01T12:15:05+00:00\",\"dateModified\":\"2025-12-18T14:48:25+00:00\",\"description\":\"O Diverge STR atende \u00e0s suas expectativas. Ao ajudar o condutor, a tecnologia Future Shock aumenta o controlo e a efici\u00eancia\",\"breadcrumb\":{\"@id\":\"https:\/\/gr-100.com\/pt-pt\/producto\/especialista-diverge-str-expert-2024\/#breadcrumb\"},\"inLanguage\":\"pt-PT\",\"potentialAction\":[{\"@type\":\"ReadAction\",\"target\":[\"https:\/\/gr-100.com\/pt-pt\/producto\/especialista-diverge-str-expert-2024\/\"]}]},{\"@type\":\"ImageObject\",\"inLanguage\":\"pt-PT\",\"@id\":\"https:\/\/gr-100.com\/pt-pt\/producto\/especialista-diverge-str-expert-2024\/#primaryimage\",\"url\":\"https:\/\/gr-100.com\/wp-content\/uploads\/2024\/05\/My-project-2024-01-02T140926.686.jpeg\",\"contentUrl\":\"https:\/\/gr-100.com\/wp-content\/uploads\/2024\/05\/My-project-2024-01-02T140926.686.jpeg\",\"width\":1000,\"height\":1000},{\"@type\":\"BreadcrumbList\",\"@id\":\"https:\/\/gr-100.com\/pt-pt\/producto\/especialista-diverge-str-expert-2024\/#breadcrumb\",\"itemListElement\":[{\"@type\":\"ListItem\",\"position\":1,\"name\":\"Portada\",\"item\":\"https:\/\/gr-100.com\/en\/\"},{\"@type\":\"ListItem\",\"position\":2,\"name\":\"Productos\",\"item\":\"https:\/\/gr-100.com\/?post_type=product\"},{\"@type\":\"ListItem\",\"position\":3,\"name\":\"Specialized Diverge STR Expert 2024\"}]},{\"@type\":\"WebSite\",\"@id\":\"https:\/\/gr-100.com\/#website\",\"url\":\"https:\/\/gr-100.com\/\",\"name\":\"Gr-100 Tienda de ciclismo Specialized\",\"description\":\"GR-100 tenemos todas las gamas de bicicletas Specialized al mejor precio.\",\"publisher\":{\"@id\":\"https:\/\/gr-100.com\/#organization\"},\"alternateName\":\"Gr-100 Bikes\",\"potentialAction\":[{\"@type\":\"SearchAction\",\"target\":{\"@type\":\"EntryPoint\",\"urlTemplate\":\"https:\/\/gr-100.com\/?s={search_term_string}\"},\"query-input\":{\"@type\":\"PropertyValueSpecification\",\"valueRequired\":true,\"valueName\":\"search_term_string\"}}],\"inLanguage\":\"pt-PT\"},{\"@type\":\"Organization\",\"@id\":\"https:\/\/gr-100.com\/#organization\",\"name\":\"Gr-100\",\"url\":\"https:\/\/gr-100.com\/\",\"logo\":{\"@type\":\"ImageObject\",\"inLanguage\":\"pt-PT\",\"@id\":\"https:\/\/gr-100.com\/#\/schema\/logo\/image\/\",\"url\":\"https:\/\/gr-100.com\/wp-content\/uploads\/2023\/08\/logo-gr-100-bikes.png\",\"contentUrl\":\"https:\/\/gr-100.com\/wp-content\/uploads\/2023\/08\/logo-gr-100-bikes.png\",\"width\":707,\"height\":284,\"caption\":\"Gr-100\"},\"image\":{\"@id\":\"https:\/\/gr-100.com\/#\/schema\/logo\/image\/\"},\"sameAs\":[\"https:\/\/www.facebook.com\/Gr100Bikes\",\"https:\/\/www.instagram.com\/gr100bikes\/\",\"https:\/\/www.tiktok.com\/@gr100bikes\",\"https:\/\/twitter.com\/gr100mtbteam\",\"https:\/\/www.youtube.com\/c\/GR100Specialized\"]}]}<\/script>\n<!-- \/ Yoast SEO Premium plugin. -->","yoast_head_json":{"title":"Specialized Diverge STR Expert 2024 GR100","description":"O Diverge STR atende \u00e0s suas expectativas. Ao ajudar o condutor, a tecnologia Future Shock aumenta o controlo e a efici\u00eancia","robots":{"index":"index","follow":"follow","max-snippet":"max-snippet:-1","max-image-preview":"max-image-preview:large","max-video-preview":"max-video-preview:-1"},"canonical":"https:\/\/gr-100.com\/pt-pt\/producto\/especialista-diverge-str-expert-2024\/","og_locale":"pt_PT","og_type":"article","og_title":"Specialized Diverge STR Expert 2024","og_description":"O Diverge STR atende \u00e0s suas expectativas. Ao ajudar o condutor, a tecnologia Future Shock aumenta o controlo e a efici\u00eancia","og_url":"https:\/\/gr-100.com\/pt-pt\/producto\/especialista-diverge-str-expert-2024\/","og_site_name":"Gr-100 Tienda de ciclismo Specialized","article_publisher":"https:\/\/www.facebook.com\/Gr100Bikes","article_modified_time":"2025-12-18T14:48:25+00:00","og_image":[{"width":1000,"height":1000,"url":"https:\/\/gr-100.com\/wp-content\/uploads\/2024\/05\/My-project-2024-01-02T140926.686.jpeg","type":"image\/jpeg"}],"twitter_card":"summary_large_image","twitter_misc":{"Tempo estimado de leitura":"2 minutos"},"schema":{"@context":"https:\/\/schema.org","@graph":[{"@type":"WebPage","@id":"https:\/\/gr-100.com\/pt-pt\/producto\/especialista-diverge-str-expert-2024\/","url":"https:\/\/gr-100.com\/pt-pt\/producto\/especialista-diverge-str-expert-2024\/","name":"Specialized Diverge STR Expert 2024 GR100","isPartOf":{"@id":"https:\/\/gr-100.com\/#website"},"primaryImageOfPage":{"@id":"https:\/\/gr-100.com\/pt-pt\/producto\/especialista-diverge-str-expert-2024\/#primaryimage"},"image":{"@id":"https:\/\/gr-100.com\/pt-pt\/producto\/especialista-diverge-str-expert-2024\/#primaryimage"},"thumbnailUrl":"https:\/\/gr-100.com\/wp-content\/uploads\/2024\/05\/My-project-2024-01-02T140926.686.jpeg","datePublished":"2024-07-01T12:15:05+00:00","dateModified":"2025-12-18T14:48:25+00:00","description":"O Diverge STR atende \u00e0s suas expectativas. Ao ajudar o condutor, a tecnologia Future Shock aumenta o controlo e a efici\u00eancia","breadcrumb":{"@id":"https:\/\/gr-100.com\/pt-pt\/producto\/especialista-diverge-str-expert-2024\/#breadcrumb"},"inLanguage":"pt-PT","potentialAction":[{"@type":"ReadAction","target":["https:\/\/gr-100.com\/pt-pt\/producto\/especialista-diverge-str-expert-2024\/"]}]},{"@type":"ImageObject","inLanguage":"pt-PT","@id":"https:\/\/gr-100.com\/pt-pt\/producto\/especialista-diverge-str-expert-2024\/#primaryimage","url":"https:\/\/gr-100.com\/wp-content\/uploads\/2024\/05\/My-project-2024-01-02T140926.686.jpeg","contentUrl":"https:\/\/gr-100.com\/wp-content\/uploads\/2024\/05\/My-project-2024-01-02T140926.686.jpeg","width":1000,"height":1000},{"@type":"BreadcrumbList","@id":"https:\/\/gr-100.com\/pt-pt\/producto\/especialista-diverge-str-expert-2024\/#breadcrumb","itemListElement":[{"@type":"ListItem","position":1,"name":"Portada","item":"https:\/\/gr-100.com\/en\/"},{"@type":"ListItem","position":2,"name":"Productos","item":"https:\/\/gr-100.com\/?post_type=product"},{"@type":"ListItem","position":3,"name":"Specialized Diverge STR Expert 2024"}]},{"@type":"WebSite","@id":"https:\/\/gr-100.com\/#website","url":"https:\/\/gr-100.com\/","name":"Gr-100 Tienda de ciclismo Specialized","description":"GR-100 tenemos todas las gamas de bicicletas Specialized al mejor precio.","publisher":{"@id":"https:\/\/gr-100.com\/#organization"},"alternateName":"Gr-100 Bikes","potentialAction":[{"@type":"SearchAction","target":{"@type":"EntryPoint","urlTemplate":"https:\/\/gr-100.com\/?s={search_term_string}"},"query-input":{"@type":"PropertyValueSpecification","valueRequired":true,"valueName":"search_term_string"}}],"inLanguage":"pt-PT"},{"@type":"Organization","@id":"https:\/\/gr-100.com\/#organization","name":"Gr-100","url":"https:\/\/gr-100.com\/","logo":{"@type":"ImageObject","inLanguage":"pt-PT","@id":"https:\/\/gr-100.com\/#\/schema\/logo\/image\/","url":"https:\/\/gr-100.com\/wp-content\/uploads\/2023\/08\/logo-gr-100-bikes.png","contentUrl":"https:\/\/gr-100.com\/wp-content\/uploads\/2023\/08\/logo-gr-100-bikes.png","width":707,"height":284,"caption":"Gr-100"},"image":{"@id":"https:\/\/gr-100.com\/#\/schema\/logo\/image\/"},"sameAs":["https:\/\/www.facebook.com\/Gr100Bikes","https:\/\/www.instagram.com\/gr100bikes\/","https:\/\/www.tiktok.com\/@gr100bikes","https:\/\/twitter.com\/gr100mtbteam","https:\/\/www.youtube.com\/c\/GR100Specialized"]}]}},"_links":{"self":[{"href":"https:\/\/gr-100.com\/pt-pt\/wp-json\/wp\/v2\/product\/386562","targetHints":{"allow":["GET"]}}],"collection":[{"href":"https:\/\/gr-100.com\/pt-pt\/wp-json\/wp\/v2\/product"}],"about":[{"href":"https:\/\/gr-100.com\/pt-pt\/wp-json\/wp\/v2\/types\/product"}],"replies":[{"embeddable":true,"href":"https:\/\/gr-100.com\/pt-pt\/wp-json\/wp\/v2\/comments?post=386562"}],"wp:featuredmedia":[{"embeddable":true,"href":"https:\/\/gr-100.com\/pt-pt\/wp-json\/wp\/v2\/media\/305655"}],"wp:attachment":[{"href":"https:\/\/gr-100.com\/pt-pt\/wp-json\/wp\/v2\/media?parent=386562"}],"wp:term":[{"taxonomy":"product_brand","embeddable":true,"href":"https:\/\/gr-100.com\/pt-pt\/wp-json\/wp\/v2\/product_brand?post=386562"},{"taxonomy":"product_cat","embeddable":true,"href":"https:\/\/gr-100.com\/pt-pt\/wp-json\/wp\/v2\/product_cat?post=386562"},{"taxonomy":"product_tag","embeddable":true,"href":"https:\/\/gr-100.com\/pt-pt\/wp-json\/wp\/v2\/product_tag?post=386562"}],"curies":[{"name":"wp","href":"https:\/\/api.w.org\/{rel}","templated":true}]}}