{"id":386601,"date":"2024-07-01T14:16:16","date_gmt":"2024-07-01T13:16:16","guid":{"rendered":"https:\/\/gr-100.com\/producto\/especializada-diverge-str-comp-2024\/"},"modified":"2025-12-18T16:00:25","modified_gmt":"2025-12-18T14:00:25","slug":"especializada-diverge-str-comp-2024","status":"publish","type":"product","link":"https:\/\/gr-100.com\/pt-pt\/producto\/especializada-diverge-str-comp-2024\/","title":{"rendered":"Specialized Diverge STR Comp 2024"},"content":{"rendered":"<ul>\n<li>Transmiss\u00e3o<\/li>\n<li>An\u00e9is de corrente 40T<\/li>\n<li>Shifters: Shimano GRX RX820, 1&#215;12 velocidades<\/li>\n<li>Manivela: Shimano GRX RX820<\/li>\n<li>Derailleur traseiro: Shimano GRX RX822-SGS, 12 velocidades<\/li>\n<li>Conjunto de roda dentada: Shimano XT, 12 velocidades, 10-51t<\/li>\n<li>Suporte inferior: Shimano BSA BB roscado<\/li>\n<li>Corrente: Shimano XT M8100, 12 velocidades com liga\u00e7\u00e3o r\u00e1pida<\/li>\n<li>Cabine de pilotagem<\/li>\n<li>Selim: Body Geometry Power Sport, trilhos de a\u00e7o<\/li>\n<li>Haste do guiador: Haste do futuro, Comp<\/li>\n<li>Poste de assento: S-Works FACT carbono 27.2mm, 20mm offset<\/li>\n<li>Haste do guiador: Specialized Adventure Gear Hover, queda Specialized 103mm x alcance de 70mm x flare de 12\u00ba<\/li>\n<li>Bra\u00e7adeira de sela: Specialized , 33.3mm<\/li>\n<li>Fita de guiador: Supacaz Super Sticky Kush<\/li>\n<li>Rodas e pneus<\/li>\n<li>Roda dianteira: Jante DT Swiss G540, largura interna de 24mm, pronto sem tubo, 24h, cubo Specialized com eixo thru e rolamentos selados, disco de bloqueio central, raios de a\u00e7o inoxid\u00e1vel DT Swiss Champion 14G, mamilos de lat\u00e3o DT Swiss<\/li>\n<li>Roda traseira: DT Swiss G540 aro, 24mm largura interna, tubeless ready, 24h, cubo Specialized com rolamento selado, disco de bloqueio central, raios de a\u00e7o inoxid\u00e1vel DT Swiss Champion 14G, mamilos de lat\u00e3o DT Swiss<\/li>\n<li>Tubo interno: 700&#215;28\/38mm, 48mm Presta v\u00e1lvula<\/li>\n<li>Pneu dianteiro: Tracer Pro 2BR, 700&#215;42<\/li>\n<li>Pneu traseiro: Tracer Pro 2BR, 700&#215;42<\/li>\n<li>Suspens\u00e3o<\/li>\n<li>Forquilha: Future Shock 3.2 w \/ Amortecedor, Bota lisa, carbono FACT, eixo thru de 12&#215;100 mm, montagem plana<\/li>\n<li>Imagem<\/li>\n<li>Quadro em carbono Diverge FACT 11r com suspens\u00e3o dianteira e traseira Future Shock, integra\u00e7\u00e3o com portas SWAT\u2122, BB roscado, roteamento interno, eixo thru 12x142mm, disco de montagem plana<\/li>\n<li>Acess\u00f3rios<\/li>\n<li>SWAT: Port\u00e3o SWAT integrado, sistema de armazenamento interno<\/li>\n<li>Trav\u00f5es<\/li>\n<li>Freio dianteiro: Shimano GRX RX820<\/li>\n<li>Freio traseiro: Shimano GRX RX820<\/li>\n<li>Peso:<\/li>\n<li>(tamanho 56) 9.88 kg (21 lb, 12.5 oz)<\/li>\n<\/ul>\n","protected":false},"excerpt":{"rendered":"<p>O novo Diverge STR com suspens\u00e3o dianteira e traseira Future Shock \u00e9 confort\u00e1vel sem comprometer o desempenho.<br \/>\nAo absorver pequenos impactos, o controlo e a efici\u00eancia s\u00e3o melhorados ao mesmo tempo que reduzem a fadiga, para que possa pedalar mais tempo e mais rapidamente.<br \/>\nO Diverge STR Comp tem um quadro FACT 11r em fibra de carbono e est\u00e1 equipado com o novo conjunto Shimano GRX 820 com rodas dentadas 10-51, jantes DT G540 com pneus Specialized Tracer Pro de 42 mm, espig\u00e3o de assento S-Works Carbon, guiador Adventure Gear em liga leve e selim Power Sport.  <\/p>\n","protected":false},"featured_media":378235,"comment_status":"closed","ping_status":"closed","template":"","meta":{"_acf_changed":false,"_et_pb_use_builder":"","_et_pb_old_content":"","_et_gb_content_width":"","inline_featured_image":false},"product_brand":[],"product_cat":[5374,4353,2459,3346,5309,5308],"product_tag":[],"class_list":{"0":"post-386601","1":"product","2":"type-product","3":"status-publish","4":"has-post-thumbnail","6":"product_cat-descontos","7":"product_cat-liquidacion-specialized","8":"product_cat-bicicletas-pt-pt-2","9":"product_cat-bicicletas-de-cascalho","10":"product_cat-bicicletas-de-carbono-gravel","11":"product_cat-bicicletas-de-gravel-specialized","12":"product_shipping_class-bicicletas-pt-pt","14":"first","15":"instock","16":"sale","17":"taxable","18":"shipping-taxable","19":"purchasable","20":"product-type-variable","21":"wvs-archive-product-wrapper"},"acf":[],"yoast_head":"<!-- This site is optimized with the Yoast SEO Premium plugin v26.7 (Yoast SEO v26.7) - https:\/\/yoast.com\/wordpress\/plugins\/seo\/ -->\n<title>Specialized Diverge STR Comp 2024 GR100<\/title>\n<meta name=\"description\" content=\"O novo Diverge STR comp 2024 com suspens\u00e3o dianteira e traseira Future Shock \u00e9 confort\u00e1vel sem comprometer o desempenho.\" \/>\n<meta name=\"robots\" content=\"index, follow, max-snippet:-1, max-image-preview:large, max-video-preview:-1\" \/>\n<link rel=\"canonical\" href=\"https:\/\/gr-100.com\/producto\/specialized-diverge-str-comp-2024\/\" \/>\n<meta property=\"og:locale\" content=\"pt_PT\" \/>\n<meta property=\"og:type\" content=\"article\" \/>\n<meta property=\"og:title\" content=\"Specialized Diverge STR Comp 2024\" \/>\n<meta property=\"og:description\" content=\"O novo Diverge STR comp 2024 com suspens\u00e3o dianteira e traseira Future Shock \u00e9 confort\u00e1vel sem comprometer o desempenho.\" \/>\n<meta property=\"og:url\" content=\"https:\/\/gr-100.com\/producto\/specialized-diverge-str-comp-2024\/\" \/>\n<meta property=\"og:site_name\" content=\"Gr-100 Tienda de ciclismo Specialized\" \/>\n<meta property=\"article:publisher\" content=\"https:\/\/www.facebook.com\/Gr100Bikes\" \/>\n<meta property=\"article:modified_time\" content=\"2025-12-18T14:00:25+00:00\" \/>\n<meta property=\"og:image\" content=\"https:\/\/gr-100.com\/wp-content\/uploads\/2024\/07\/My-project-2024-01-03T130317.269-1000x1000-1.jpeg\" \/>\n\t<meta property=\"og:image:width\" content=\"1000\" \/>\n\t<meta property=\"og:image:height\" content=\"1000\" \/>\n\t<meta property=\"og:image:type\" content=\"image\/jpeg\" \/>\n<meta name=\"twitter:card\" content=\"summary_large_image\" \/>\n<meta name=\"twitter:label1\" content=\"Tempo estimado de leitura\" \/>\n\t<meta name=\"twitter:data1\" content=\"1 minuto\" \/>\n<script type=\"application\/ld+json\" class=\"yoast-schema-graph\">{\"@context\":\"https:\/\/schema.org\",\"@graph\":[{\"@type\":\"WebPage\",\"@id\":\"https:\/\/gr-100.com\/producto\/specialized-diverge-str-comp-2024\/\",\"url\":\"https:\/\/gr-100.com\/producto\/specialized-diverge-str-comp-2024\/\",\"name\":\"Specialized Diverge STR Comp 2024 GR100\",\"isPartOf\":{\"@id\":\"https:\/\/gr-100.com\/#website\"},\"primaryImageOfPage\":{\"@id\":\"https:\/\/gr-100.com\/producto\/specialized-diverge-str-comp-2024\/#primaryimage\"},\"image\":{\"@id\":\"https:\/\/gr-100.com\/producto\/specialized-diverge-str-comp-2024\/#primaryimage\"},\"thumbnailUrl\":\"https:\/\/gr-100.com\/wp-content\/uploads\/2024\/07\/My-project-2024-01-03T130317.269-1000x1000-1.jpeg\",\"datePublished\":\"2024-07-01T13:16:16+00:00\",\"dateModified\":\"2025-12-18T14:00:25+00:00\",\"description\":\"O novo Diverge STR comp 2024 com suspens\u00e3o dianteira e traseira Future Shock \u00e9 confort\u00e1vel sem comprometer o desempenho.\",\"breadcrumb\":{\"@id\":\"https:\/\/gr-100.com\/producto\/specialized-diverge-str-comp-2024\/#breadcrumb\"},\"inLanguage\":\"pt-PT\",\"potentialAction\":[{\"@type\":\"ReadAction\",\"target\":[\"https:\/\/gr-100.com\/producto\/specialized-diverge-str-comp-2024\/\"]}]},{\"@type\":\"ImageObject\",\"inLanguage\":\"pt-PT\",\"@id\":\"https:\/\/gr-100.com\/producto\/specialized-diverge-str-comp-2024\/#primaryimage\",\"url\":\"https:\/\/gr-100.com\/wp-content\/uploads\/2024\/07\/My-project-2024-01-03T130317.269-1000x1000-1.jpeg\",\"contentUrl\":\"https:\/\/gr-100.com\/wp-content\/uploads\/2024\/07\/My-project-2024-01-03T130317.269-1000x1000-1.jpeg\",\"width\":1000,\"height\":1000},{\"@type\":\"BreadcrumbList\",\"@id\":\"https:\/\/gr-100.com\/producto\/specialized-diverge-str-comp-2024\/#breadcrumb\",\"itemListElement\":[{\"@type\":\"ListItem\",\"position\":1,\"name\":\"Portada\",\"item\":\"https:\/\/gr-100.com\/en\/\"},{\"@type\":\"ListItem\",\"position\":2,\"name\":\"Productos\",\"item\":\"https:\/\/gr-100.com\/?post_type=product\"},{\"@type\":\"ListItem\",\"position\":3,\"name\":\"Specialized Diverge STR Comp 2024\"}]},{\"@type\":\"WebSite\",\"@id\":\"https:\/\/gr-100.com\/#website\",\"url\":\"https:\/\/gr-100.com\/\",\"name\":\"Gr-100 Tienda de ciclismo Specialized\",\"description\":\"GR-100 tenemos todas las gamas de bicicletas Specialized al mejor precio.\",\"publisher\":{\"@id\":\"https:\/\/gr-100.com\/#organization\"},\"alternateName\":\"Gr-100 Bikes\",\"potentialAction\":[{\"@type\":\"SearchAction\",\"target\":{\"@type\":\"EntryPoint\",\"urlTemplate\":\"https:\/\/gr-100.com\/?s={search_term_string}\"},\"query-input\":{\"@type\":\"PropertyValueSpecification\",\"valueRequired\":true,\"valueName\":\"search_term_string\"}}],\"inLanguage\":\"pt-PT\"},{\"@type\":\"Organization\",\"@id\":\"https:\/\/gr-100.com\/#organization\",\"name\":\"Gr-100\",\"url\":\"https:\/\/gr-100.com\/\",\"logo\":{\"@type\":\"ImageObject\",\"inLanguage\":\"pt-PT\",\"@id\":\"https:\/\/gr-100.com\/#\/schema\/logo\/image\/\",\"url\":\"https:\/\/gr-100.com\/wp-content\/uploads\/2023\/08\/logo-gr-100-bikes.png\",\"contentUrl\":\"https:\/\/gr-100.com\/wp-content\/uploads\/2023\/08\/logo-gr-100-bikes.png\",\"width\":707,\"height\":284,\"caption\":\"Gr-100\"},\"image\":{\"@id\":\"https:\/\/gr-100.com\/#\/schema\/logo\/image\/\"},\"sameAs\":[\"https:\/\/www.facebook.com\/Gr100Bikes\",\"https:\/\/www.instagram.com\/gr100bikes\/\",\"https:\/\/www.tiktok.com\/@gr100bikes\",\"https:\/\/twitter.com\/gr100mtbteam\",\"https:\/\/www.youtube.com\/c\/GR100Specialized\"]}]}<\/script>\n<!-- \/ Yoast SEO Premium plugin. -->","yoast_head_json":{"title":"Specialized Diverge STR Comp 2024 GR100","description":"O novo Diverge STR comp 2024 com suspens\u00e3o dianteira e traseira Future Shock \u00e9 confort\u00e1vel sem comprometer o desempenho.","robots":{"index":"index","follow":"follow","max-snippet":"max-snippet:-1","max-image-preview":"max-image-preview:large","max-video-preview":"max-video-preview:-1"},"canonical":"https:\/\/gr-100.com\/producto\/specialized-diverge-str-comp-2024\/","og_locale":"pt_PT","og_type":"article","og_title":"Specialized Diverge STR Comp 2024","og_description":"O novo Diverge STR comp 2024 com suspens\u00e3o dianteira e traseira Future Shock \u00e9 confort\u00e1vel sem comprometer o desempenho.","og_url":"https:\/\/gr-100.com\/producto\/specialized-diverge-str-comp-2024\/","og_site_name":"Gr-100 Tienda de ciclismo Specialized","article_publisher":"https:\/\/www.facebook.com\/Gr100Bikes","article_modified_time":"2025-12-18T14:00:25+00:00","og_image":[{"width":1000,"height":1000,"url":"https:\/\/gr-100.com\/wp-content\/uploads\/2024\/07\/My-project-2024-01-03T130317.269-1000x1000-1.jpeg","type":"image\/jpeg"}],"twitter_card":"summary_large_image","twitter_misc":{"Tempo estimado de leitura":"1 minuto"},"schema":{"@context":"https:\/\/schema.org","@graph":[{"@type":"WebPage","@id":"https:\/\/gr-100.com\/producto\/specialized-diverge-str-comp-2024\/","url":"https:\/\/gr-100.com\/producto\/specialized-diverge-str-comp-2024\/","name":"Specialized Diverge STR Comp 2024 GR100","isPartOf":{"@id":"https:\/\/gr-100.com\/#website"},"primaryImageOfPage":{"@id":"https:\/\/gr-100.com\/producto\/specialized-diverge-str-comp-2024\/#primaryimage"},"image":{"@id":"https:\/\/gr-100.com\/producto\/specialized-diverge-str-comp-2024\/#primaryimage"},"thumbnailUrl":"https:\/\/gr-100.com\/wp-content\/uploads\/2024\/07\/My-project-2024-01-03T130317.269-1000x1000-1.jpeg","datePublished":"2024-07-01T13:16:16+00:00","dateModified":"2025-12-18T14:00:25+00:00","description":"O novo Diverge STR comp 2024 com suspens\u00e3o dianteira e traseira Future Shock \u00e9 confort\u00e1vel sem comprometer o desempenho.","breadcrumb":{"@id":"https:\/\/gr-100.com\/producto\/specialized-diverge-str-comp-2024\/#breadcrumb"},"inLanguage":"pt-PT","potentialAction":[{"@type":"ReadAction","target":["https:\/\/gr-100.com\/producto\/specialized-diverge-str-comp-2024\/"]}]},{"@type":"ImageObject","inLanguage":"pt-PT","@id":"https:\/\/gr-100.com\/producto\/specialized-diverge-str-comp-2024\/#primaryimage","url":"https:\/\/gr-100.com\/wp-content\/uploads\/2024\/07\/My-project-2024-01-03T130317.269-1000x1000-1.jpeg","contentUrl":"https:\/\/gr-100.com\/wp-content\/uploads\/2024\/07\/My-project-2024-01-03T130317.269-1000x1000-1.jpeg","width":1000,"height":1000},{"@type":"BreadcrumbList","@id":"https:\/\/gr-100.com\/producto\/specialized-diverge-str-comp-2024\/#breadcrumb","itemListElement":[{"@type":"ListItem","position":1,"name":"Portada","item":"https:\/\/gr-100.com\/en\/"},{"@type":"ListItem","position":2,"name":"Productos","item":"https:\/\/gr-100.com\/?post_type=product"},{"@type":"ListItem","position":3,"name":"Specialized Diverge STR Comp 2024"}]},{"@type":"WebSite","@id":"https:\/\/gr-100.com\/#website","url":"https:\/\/gr-100.com\/","name":"Gr-100 Tienda de ciclismo Specialized","description":"GR-100 tenemos todas las gamas de bicicletas Specialized al mejor precio.","publisher":{"@id":"https:\/\/gr-100.com\/#organization"},"alternateName":"Gr-100 Bikes","potentialAction":[{"@type":"SearchAction","target":{"@type":"EntryPoint","urlTemplate":"https:\/\/gr-100.com\/?s={search_term_string}"},"query-input":{"@type":"PropertyValueSpecification","valueRequired":true,"valueName":"search_term_string"}}],"inLanguage":"pt-PT"},{"@type":"Organization","@id":"https:\/\/gr-100.com\/#organization","name":"Gr-100","url":"https:\/\/gr-100.com\/","logo":{"@type":"ImageObject","inLanguage":"pt-PT","@id":"https:\/\/gr-100.com\/#\/schema\/logo\/image\/","url":"https:\/\/gr-100.com\/wp-content\/uploads\/2023\/08\/logo-gr-100-bikes.png","contentUrl":"https:\/\/gr-100.com\/wp-content\/uploads\/2023\/08\/logo-gr-100-bikes.png","width":707,"height":284,"caption":"Gr-100"},"image":{"@id":"https:\/\/gr-100.com\/#\/schema\/logo\/image\/"},"sameAs":["https:\/\/www.facebook.com\/Gr100Bikes","https:\/\/www.instagram.com\/gr100bikes\/","https:\/\/www.tiktok.com\/@gr100bikes","https:\/\/twitter.com\/gr100mtbteam","https:\/\/www.youtube.com\/c\/GR100Specialized"]}]}},"_links":{"self":[{"href":"https:\/\/gr-100.com\/pt-pt\/wp-json\/wp\/v2\/product\/386601","targetHints":{"allow":["GET"]}}],"collection":[{"href":"https:\/\/gr-100.com\/pt-pt\/wp-json\/wp\/v2\/product"}],"about":[{"href":"https:\/\/gr-100.com\/pt-pt\/wp-json\/wp\/v2\/types\/product"}],"replies":[{"embeddable":true,"href":"https:\/\/gr-100.com\/pt-pt\/wp-json\/wp\/v2\/comments?post=386601"}],"wp:featuredmedia":[{"embeddable":true,"href":"https:\/\/gr-100.com\/pt-pt\/wp-json\/wp\/v2\/media\/378235"}],"wp:attachment":[{"href":"https:\/\/gr-100.com\/pt-pt\/wp-json\/wp\/v2\/media?parent=386601"}],"wp:term":[{"taxonomy":"product_brand","embeddable":true,"href":"https:\/\/gr-100.com\/pt-pt\/wp-json\/wp\/v2\/product_brand?post=386601"},{"taxonomy":"product_cat","embeddable":true,"href":"https:\/\/gr-100.com\/pt-pt\/wp-json\/wp\/v2\/product_cat?post=386601"},{"taxonomy":"product_tag","embeddable":true,"href":"https:\/\/gr-100.com\/pt-pt\/wp-json\/wp\/v2\/product_tag?post=386601"}],"curies":[{"name":"wp","href":"https:\/\/api.w.org\/{rel}","templated":true}]}}