{"id":386671,"date":"2024-07-01T14:12:35","date_gmt":"2024-07-01T13:12:35","guid":{"rendered":"https:\/\/gr-100.com\/producto\/especializada-diverge-sport-carbon-2024\/"},"modified":"2025-12-18T16:48:03","modified_gmt":"2025-12-18T14:48:03","slug":"especializada-diverge-sport-carbon-2024","status":"publish","type":"product","link":"https:\/\/gr-100.com\/pt-pt\/producto\/especializada-diverge-sport-carbon-2024\/","title":{"rendered":"Specialized Diverge Sport Carbono 2024"},"content":{"rendered":"<p><strong>CARATER\u00cdSTICAS<\/strong><\/p>\n<ul>\n<li>Com um quadro em carbono FACT 8r, o quadro Diverge Sport \u00e9 incrivelmente capaz e leve como uma moto de corrida.<br \/>\nO Diverge, leve e \u00e1gil, ir\u00e1 lev\u00e1-lo para o KOM da sua escalada favorita ou conquistar o pico mais alto de uma montanha. <\/li>\n<li>Velocidade, controlo e confian\u00e7a &#8211; o Future Shock 1.5 \u00e9 a tecnologia ideal para pilotos de gravilha.<br \/>\nCom 20 mm de curso, o Future Shock 1.5 \u00e9 progressivamente ajustado especificamente para a condu\u00e7\u00e3o em gravilha.<br \/>\nIsto mant\u00e9m-no confiante e no controlo, capaz de manter a pot\u00eancia baixa e n\u00e3o travar em estradas de terra batida e cascalho solto, mantendo as m\u00e3os, os bra\u00e7os e o pesco\u00e7o descansados.  <\/li>\n<li>Atiramos a geometria de cascalho do &#8220;status quo&#8221; pela janela.<br \/>\nA nova Diverge tem a geometria mais progressiva que alguma vez cri\u00e1mos para uma moto com guiador redondo, oferecendo aos condutores uma moto capaz e est\u00e1vel em terra batida, que se mant\u00e9m \u00e1gil e responsiva na estrada.<br \/>\nAumentamos o alcance do quadro, introduzindo um tubo de cabe\u00e7a mais \u00edngreme e um garfo mais longo.<br \/>\nTudo isso cria uma confian\u00e7a incr\u00edvel com uma sensa\u00e7\u00e3o de planta no solo, enquanto a especifica\u00e7\u00e3o da haste mais curta mant\u00e9m o comprimento total do cockpit o mesmo.<br \/>\nMantivemos o suporte inferior da moto baixo para maior estabilidade, mas alto o suficiente para usar com rodas de 650b, se \u00e9 isso que voc\u00ea gosta.    <\/li>\n<li>Equipamos o Diverge com uma infinidade de transportadores para transportar bagagem a bordo, incluindo suportes de garfo e tubo superior, para garantir que voc\u00ea possa levar o que precisa, n\u00e3o importa at\u00e9 onde voc\u00ea planeja ir ou quanto tempo voc\u00ea planeja ficar longe.<\/li>\n<li>Nada desbloqueia a capacidade de uma moto como o arco da roda para os pneus, por isso fornecemos \u00e0 nova Diverge uma enorme folga de pneus de 47 mm com uma roda de 700c e de 2,1&#8243; com uma roda de 650b.<br \/>\nGra\u00e7as a um sidepod de transmiss\u00e3o que usa um feixe de carbono s\u00f3lido atr\u00e1s dos an\u00e9is de corrente, criamos folga sem usar um design de baixa calha ou aumentar o comprimento da corrente. <\/li>\n<\/ul>\n<ul>\n<li><strong>Especifica\u00e7\u00f5es t\u00e9cnicas<\/strong><\/li>\n<li>FRAME<br \/>\nSpecialized Diverge FACT 8r carbono, suspens\u00e3o Future Shock, BB roscado, roteamento interno, eixo thru 12x142mm, disco de montagem plana.<\/li>\n<li>ABRA\u00c7O. Specialized SADDLE<br \/>\n, 30.8mm<\/li>\n<li>PLATOS<br \/>\n46\/30T<\/li>\n<li>CASSETTE<br \/>\nShimano 105 12 velocidades 11-36<\/li>\n<li>Shimano GRX RX610 SUPORTE<br \/>\n INFERIOR<\/li>\n<li>DERAILLEUR<br \/>\n DIANTEIROShimano GRX RX820<\/li>\n<li>Shimano GRX RX820, DERAILLEUR<br \/>\n TRASEIRO de 12 velocidades<\/li>\n<li>Suporte inferior<br \/>\n Shimano Threaded BSA BB<\/li>\n<li>Shimano GRX RX610 SHIFTERS,<br \/>\n 2&#215;12 velocidades<\/li>\n<li>Shimano SLX CHAIN<br \/>\n, M7100, 12 velocidades<\/li>\n<li>Body Geometry Power Sport SADDLE,<br \/>\n calhas de a\u00e7o<\/li>\n<li>Espig\u00e3o<br \/>\n de assento em carbono, de parafuso \u00fanico, 27,2 mm<\/li>\n<li>POWER<br \/>\nHaste do Futuro, Comp<\/li>\n<li>FITA<br \/>\n Roubaix S-Wrap<\/li>\n<li>Specialized Adventure Gear Hover<br \/>\n, queda de 103mm x alcance de 70mm x flare de 12\u00ba<\/li>\n<li>DT RODA DIANTEIRA<br \/>\nSwiss G540 aro, 24mm largura interna, tubeless ready, 24h, Specialized full sealed bearing through axle cub, centerlock disc, DT Swiss Champion 14G stainless steel spokes, DT Swiss brass nipples<\/li>\n<li>DT RODA TRASEIRA<br \/>\nSwiss G540 aro, 24mm largura interna, tubeless ready, 24h, Specialized full sealed bearing thru axle cub, disco de bloqueio central, raios de a\u00e7o inoxid\u00e1vel DT Swiss Champion 14G, mamilos de lat\u00e3o DT Swiss<\/li>\n<li>TUBOS<br \/>\n700&#215;28\/38mm, 48mm Presta v\u00e1lvula<\/li>\n<li>PNEU.<br \/>\nDesbravador Pro 2BR, Parede lateral Tan, 700&#215;42<\/li>\n<li>Pneu traseiro Pathfinder Pro 2BR, flanco<br \/>\n bronzeado, 700&#215;42<\/li>\n<li>Future Shock 1.5 w \/ Bota lisa, carbono FACT, eixo thru 12&#215;100 mm, garfo<br \/>\n de montagem plana<\/li>\n<li>Freio DIANTEIRO<br \/>\nShimano Shimano GRX RX400<\/li>\n<li>TRAV\u00c3O TRASEIRO<br \/>\nShimano GRX RX400<\/li>\n<li>Tamanho do peso\n<p>56<br \/>\n10,05 kg (22 lb, 2,5 oz)* Pesos com base na produ\u00e7\u00e3o pintada quadros como retratado. Os pesos reais variam consoante a cor, o tamanho do quadro e a varia\u00e7\u00e3o dos componentes. As especifica\u00e7\u00f5es est\u00e3o sujeitas a altera\u00e7\u00f5es sem aviso pr\u00e9vio.<\/li>\n<\/ul>\n","protected":false},"excerpt":{"rendered":"<p>Foi desenvolvido gra\u00e7as a mais de quatro d\u00e9cadas de experi\u00eancia.<br \/>\nTem o nosso Future Shock 1.5 e um quadro em carbono FACT 8r para uma condu\u00e7\u00e3o r\u00e1pida, segura e confort\u00e1vel na estrada, no solo e na gravilha.<br \/>\nCom os pneus Pathfinder Pro de 38 mm, a mesma borracha que vem no modelo S-Works, estar\u00e1 pronto para rolar t\u00e3o r\u00e1pido e at\u00e9 onde quiser.  <\/p>\n","protected":false},"featured_media":305551,"comment_status":"closed","ping_status":"closed","template":"","meta":{"_acf_changed":false,"_et_pb_use_builder":"","_et_pb_old_content":"","_et_gb_content_width":"","inline_featured_image":false},"product_brand":[],"product_cat":[5374,4353,2459,3346,5309,5308,2483],"product_tag":[],"class_list":{"0":"post-386671","1":"product","2":"type-product","3":"status-publish","4":"has-post-thumbnail","6":"product_cat-descontos","7":"product_cat-liquidacion-specialized","8":"product_cat-bicicletas-pt-pt-2","9":"product_cat-bicicletas-de-cascalho","10":"product_cat-bicicletas-de-carbono-gravel","11":"product_cat-bicicletas-de-gravel-specialized","12":"product_cat-bicicletas-especializadas","13":"product_shipping_class-bicicletas-pt-pt","15":"first","16":"instock","17":"sale","18":"taxable","19":"shipping-taxable","20":"purchasable","21":"product-type-variable","22":"wvs-archive-product-wrapper"},"acf":[],"yoast_head":"<!-- This site is optimized with the Yoast SEO Premium plugin v26.7 (Yoast SEO v26.7) - https:\/\/yoast.com\/wordpress\/plugins\/seo\/ -->\n<title>Specialized Diverge Sport Carbono 2024 GR-100<\/title>\n<meta name=\"description\" content=\"GR-100 Specialized. FACTO 8r quadro em carbono. Choque futuro 1.5. Solicite a sua oferta personalizada. Specialized Diverge Sport Carbono 2024.\" \/>\n<meta name=\"robots\" content=\"index, follow, max-snippet:-1, max-image-preview:large, max-video-preview:-1\" \/>\n<link rel=\"canonical\" href=\"https:\/\/gr-100.com\/pt-pt\/producto\/especializada-diverge-sport-carbon-2024\/\" \/>\n<meta property=\"og:locale\" content=\"pt_PT\" \/>\n<meta property=\"og:type\" content=\"article\" \/>\n<meta property=\"og:title\" content=\"Specialized Diverge Sport Carbono 2024\" \/>\n<meta property=\"og:description\" content=\"GR-100 Specialized. FACTO 8r quadro em carbono. Choque futuro 1.5. Solicite a sua oferta personalizada. Specialized Diverge Sport Carbono 2024.\" \/>\n<meta property=\"og:url\" content=\"https:\/\/gr-100.com\/pt-pt\/producto\/especializada-diverge-sport-carbon-2024\/\" \/>\n<meta property=\"og:site_name\" content=\"Gr-100 Tienda de ciclismo Specialized\" \/>\n<meta property=\"article:publisher\" content=\"https:\/\/www.facebook.com\/Gr100Bikes\" \/>\n<meta property=\"article:modified_time\" content=\"2025-12-18T14:48:03+00:00\" \/>\n<meta property=\"og:image\" content=\"https:\/\/gr-100.com\/wp-content\/uploads\/2024\/05\/Diverge-Sport-Carbon-24-satin-purple-indigo.jpg\" \/>\n\t<meta property=\"og:image:width\" content=\"1080\" \/>\n\t<meta property=\"og:image:height\" content=\"1080\" \/>\n\t<meta property=\"og:image:type\" content=\"image\/jpeg\" \/>\n<meta name=\"twitter:card\" content=\"summary_large_image\" \/>\n<meta name=\"twitter:label1\" content=\"Tempo estimado de leitura\" \/>\n\t<meta name=\"twitter:data1\" content=\"3 minutos\" \/>\n<script type=\"application\/ld+json\" class=\"yoast-schema-graph\">{\"@context\":\"https:\/\/schema.org\",\"@graph\":[{\"@type\":\"WebPage\",\"@id\":\"https:\/\/gr-100.com\/pt-pt\/producto\/especializada-diverge-sport-carbon-2024\/\",\"url\":\"https:\/\/gr-100.com\/pt-pt\/producto\/especializada-diverge-sport-carbon-2024\/\",\"name\":\"Specialized Diverge Sport Carbono 2024 GR-100\",\"isPartOf\":{\"@id\":\"https:\/\/gr-100.com\/#website\"},\"primaryImageOfPage\":{\"@id\":\"https:\/\/gr-100.com\/pt-pt\/producto\/especializada-diverge-sport-carbon-2024\/#primaryimage\"},\"image\":{\"@id\":\"https:\/\/gr-100.com\/pt-pt\/producto\/especializada-diverge-sport-carbon-2024\/#primaryimage\"},\"thumbnailUrl\":\"https:\/\/gr-100.com\/wp-content\/uploads\/2024\/05\/Diverge-Sport-Carbon-24-satin-purple-indigo.jpg\",\"datePublished\":\"2024-07-01T13:12:35+00:00\",\"dateModified\":\"2025-12-18T14:48:03+00:00\",\"description\":\"GR-100 Specialized. FACTO 8r quadro em carbono. Choque futuro 1.5. Solicite a sua oferta personalizada. Specialized Diverge Sport Carbono 2024.\",\"breadcrumb\":{\"@id\":\"https:\/\/gr-100.com\/pt-pt\/producto\/especializada-diverge-sport-carbon-2024\/#breadcrumb\"},\"inLanguage\":\"pt-PT\",\"potentialAction\":[{\"@type\":\"ReadAction\",\"target\":[\"https:\/\/gr-100.com\/pt-pt\/producto\/especializada-diverge-sport-carbon-2024\/\"]}]},{\"@type\":\"ImageObject\",\"inLanguage\":\"pt-PT\",\"@id\":\"https:\/\/gr-100.com\/pt-pt\/producto\/especializada-diverge-sport-carbon-2024\/#primaryimage\",\"url\":\"https:\/\/gr-100.com\/wp-content\/uploads\/2024\/05\/Diverge-Sport-Carbon-24-satin-purple-indigo.jpg\",\"contentUrl\":\"https:\/\/gr-100.com\/wp-content\/uploads\/2024\/05\/Diverge-Sport-Carbon-24-satin-purple-indigo.jpg\",\"width\":1080,\"height\":1080},{\"@type\":\"BreadcrumbList\",\"@id\":\"https:\/\/gr-100.com\/pt-pt\/producto\/especializada-diverge-sport-carbon-2024\/#breadcrumb\",\"itemListElement\":[{\"@type\":\"ListItem\",\"position\":1,\"name\":\"Portada\",\"item\":\"https:\/\/gr-100.com\/en\/\"},{\"@type\":\"ListItem\",\"position\":2,\"name\":\"Productos\",\"item\":\"https:\/\/gr-100.com\/?post_type=product\"},{\"@type\":\"ListItem\",\"position\":3,\"name\":\"Specialized Diverge Sport Carbono 2024\"}]},{\"@type\":\"WebSite\",\"@id\":\"https:\/\/gr-100.com\/#website\",\"url\":\"https:\/\/gr-100.com\/\",\"name\":\"Gr-100 Tienda de ciclismo Specialized\",\"description\":\"GR-100 tenemos todas las gamas de bicicletas Specialized al mejor precio.\",\"publisher\":{\"@id\":\"https:\/\/gr-100.com\/#organization\"},\"alternateName\":\"Gr-100 Bikes\",\"potentialAction\":[{\"@type\":\"SearchAction\",\"target\":{\"@type\":\"EntryPoint\",\"urlTemplate\":\"https:\/\/gr-100.com\/?s={search_term_string}\"},\"query-input\":{\"@type\":\"PropertyValueSpecification\",\"valueRequired\":true,\"valueName\":\"search_term_string\"}}],\"inLanguage\":\"pt-PT\"},{\"@type\":\"Organization\",\"@id\":\"https:\/\/gr-100.com\/#organization\",\"name\":\"Gr-100\",\"url\":\"https:\/\/gr-100.com\/\",\"logo\":{\"@type\":\"ImageObject\",\"inLanguage\":\"pt-PT\",\"@id\":\"https:\/\/gr-100.com\/#\/schema\/logo\/image\/\",\"url\":\"https:\/\/gr-100.com\/wp-content\/uploads\/2023\/08\/logo-gr-100-bikes.png\",\"contentUrl\":\"https:\/\/gr-100.com\/wp-content\/uploads\/2023\/08\/logo-gr-100-bikes.png\",\"width\":707,\"height\":284,\"caption\":\"Gr-100\"},\"image\":{\"@id\":\"https:\/\/gr-100.com\/#\/schema\/logo\/image\/\"},\"sameAs\":[\"https:\/\/www.facebook.com\/Gr100Bikes\",\"https:\/\/www.instagram.com\/gr100bikes\/\",\"https:\/\/www.tiktok.com\/@gr100bikes\",\"https:\/\/twitter.com\/gr100mtbteam\",\"https:\/\/www.youtube.com\/c\/GR100Specialized\"]}]}<\/script>\n<!-- \/ Yoast SEO Premium plugin. -->","yoast_head_json":{"title":"Specialized Diverge Sport Carbono 2024 GR-100","description":"GR-100 Specialized. FACTO 8r quadro em carbono. Choque futuro 1.5. Solicite a sua oferta personalizada. Specialized Diverge Sport Carbono 2024.","robots":{"index":"index","follow":"follow","max-snippet":"max-snippet:-1","max-image-preview":"max-image-preview:large","max-video-preview":"max-video-preview:-1"},"canonical":"https:\/\/gr-100.com\/pt-pt\/producto\/especializada-diverge-sport-carbon-2024\/","og_locale":"pt_PT","og_type":"article","og_title":"Specialized Diverge Sport Carbono 2024","og_description":"GR-100 Specialized. FACTO 8r quadro em carbono. Choque futuro 1.5. Solicite a sua oferta personalizada. Specialized Diverge Sport Carbono 2024.","og_url":"https:\/\/gr-100.com\/pt-pt\/producto\/especializada-diverge-sport-carbon-2024\/","og_site_name":"Gr-100 Tienda de ciclismo Specialized","article_publisher":"https:\/\/www.facebook.com\/Gr100Bikes","article_modified_time":"2025-12-18T14:48:03+00:00","og_image":[{"width":1080,"height":1080,"url":"https:\/\/gr-100.com\/wp-content\/uploads\/2024\/05\/Diverge-Sport-Carbon-24-satin-purple-indigo.jpg","type":"image\/jpeg"}],"twitter_card":"summary_large_image","twitter_misc":{"Tempo estimado de leitura":"3 minutos"},"schema":{"@context":"https:\/\/schema.org","@graph":[{"@type":"WebPage","@id":"https:\/\/gr-100.com\/pt-pt\/producto\/especializada-diverge-sport-carbon-2024\/","url":"https:\/\/gr-100.com\/pt-pt\/producto\/especializada-diverge-sport-carbon-2024\/","name":"Specialized Diverge Sport Carbono 2024 GR-100","isPartOf":{"@id":"https:\/\/gr-100.com\/#website"},"primaryImageOfPage":{"@id":"https:\/\/gr-100.com\/pt-pt\/producto\/especializada-diverge-sport-carbon-2024\/#primaryimage"},"image":{"@id":"https:\/\/gr-100.com\/pt-pt\/producto\/especializada-diverge-sport-carbon-2024\/#primaryimage"},"thumbnailUrl":"https:\/\/gr-100.com\/wp-content\/uploads\/2024\/05\/Diverge-Sport-Carbon-24-satin-purple-indigo.jpg","datePublished":"2024-07-01T13:12:35+00:00","dateModified":"2025-12-18T14:48:03+00:00","description":"GR-100 Specialized. FACTO 8r quadro em carbono. Choque futuro 1.5. Solicite a sua oferta personalizada. Specialized Diverge Sport Carbono 2024.","breadcrumb":{"@id":"https:\/\/gr-100.com\/pt-pt\/producto\/especializada-diverge-sport-carbon-2024\/#breadcrumb"},"inLanguage":"pt-PT","potentialAction":[{"@type":"ReadAction","target":["https:\/\/gr-100.com\/pt-pt\/producto\/especializada-diverge-sport-carbon-2024\/"]}]},{"@type":"ImageObject","inLanguage":"pt-PT","@id":"https:\/\/gr-100.com\/pt-pt\/producto\/especializada-diverge-sport-carbon-2024\/#primaryimage","url":"https:\/\/gr-100.com\/wp-content\/uploads\/2024\/05\/Diverge-Sport-Carbon-24-satin-purple-indigo.jpg","contentUrl":"https:\/\/gr-100.com\/wp-content\/uploads\/2024\/05\/Diverge-Sport-Carbon-24-satin-purple-indigo.jpg","width":1080,"height":1080},{"@type":"BreadcrumbList","@id":"https:\/\/gr-100.com\/pt-pt\/producto\/especializada-diverge-sport-carbon-2024\/#breadcrumb","itemListElement":[{"@type":"ListItem","position":1,"name":"Portada","item":"https:\/\/gr-100.com\/en\/"},{"@type":"ListItem","position":2,"name":"Productos","item":"https:\/\/gr-100.com\/?post_type=product"},{"@type":"ListItem","position":3,"name":"Specialized Diverge Sport Carbono 2024"}]},{"@type":"WebSite","@id":"https:\/\/gr-100.com\/#website","url":"https:\/\/gr-100.com\/","name":"Gr-100 Tienda de ciclismo Specialized","description":"GR-100 tenemos todas las gamas de bicicletas Specialized al mejor precio.","publisher":{"@id":"https:\/\/gr-100.com\/#organization"},"alternateName":"Gr-100 Bikes","potentialAction":[{"@type":"SearchAction","target":{"@type":"EntryPoint","urlTemplate":"https:\/\/gr-100.com\/?s={search_term_string}"},"query-input":{"@type":"PropertyValueSpecification","valueRequired":true,"valueName":"search_term_string"}}],"inLanguage":"pt-PT"},{"@type":"Organization","@id":"https:\/\/gr-100.com\/#organization","name":"Gr-100","url":"https:\/\/gr-100.com\/","logo":{"@type":"ImageObject","inLanguage":"pt-PT","@id":"https:\/\/gr-100.com\/#\/schema\/logo\/image\/","url":"https:\/\/gr-100.com\/wp-content\/uploads\/2023\/08\/logo-gr-100-bikes.png","contentUrl":"https:\/\/gr-100.com\/wp-content\/uploads\/2023\/08\/logo-gr-100-bikes.png","width":707,"height":284,"caption":"Gr-100"},"image":{"@id":"https:\/\/gr-100.com\/#\/schema\/logo\/image\/"},"sameAs":["https:\/\/www.facebook.com\/Gr100Bikes","https:\/\/www.instagram.com\/gr100bikes\/","https:\/\/www.tiktok.com\/@gr100bikes","https:\/\/twitter.com\/gr100mtbteam","https:\/\/www.youtube.com\/c\/GR100Specialized"]}]}},"_links":{"self":[{"href":"https:\/\/gr-100.com\/pt-pt\/wp-json\/wp\/v2\/product\/386671","targetHints":{"allow":["GET"]}}],"collection":[{"href":"https:\/\/gr-100.com\/pt-pt\/wp-json\/wp\/v2\/product"}],"about":[{"href":"https:\/\/gr-100.com\/pt-pt\/wp-json\/wp\/v2\/types\/product"}],"replies":[{"embeddable":true,"href":"https:\/\/gr-100.com\/pt-pt\/wp-json\/wp\/v2\/comments?post=386671"}],"wp:featuredmedia":[{"embeddable":true,"href":"https:\/\/gr-100.com\/pt-pt\/wp-json\/wp\/v2\/media\/305551"}],"wp:attachment":[{"href":"https:\/\/gr-100.com\/pt-pt\/wp-json\/wp\/v2\/media?parent=386671"}],"wp:term":[{"taxonomy":"product_brand","embeddable":true,"href":"https:\/\/gr-100.com\/pt-pt\/wp-json\/wp\/v2\/product_brand?post=386671"},{"taxonomy":"product_cat","embeddable":true,"href":"https:\/\/gr-100.com\/pt-pt\/wp-json\/wp\/v2\/product_cat?post=386671"},{"taxonomy":"product_tag","embeddable":true,"href":"https:\/\/gr-100.com\/pt-pt\/wp-json\/wp\/v2\/product_tag?post=386671"}],"curies":[{"name":"wp","href":"https:\/\/api.w.org\/{rel}","templated":true}]}}