{"id":386772,"date":"2024-07-01T14:12:01","date_gmt":"2024-07-01T12:12:01","guid":{"rendered":"https:\/\/gr-100.com\/producto\/megamo-seda-10-2024\/"},"modified":"2025-09-22T16:02:23","modified_gmt":"2025-09-22T14:02:23","slug":"megamo-seda-10-2024","status":"publish","type":"product","link":"https:\/\/gr-100.com\/pt-pt\/producto\/megamo-seda-10-2024\/","title":{"rendered":"Megamo Seda 10 2024"},"content":{"rendered":"<ul>\n<li><strong>FICHA T\u00c9CNICA<\/strong><\/li>\n<li>Cuadro Carbon Gravel Advanced Composite Frame, Roteamento de Cabo Interno Completo<\/li>\n<li>Garfo de carbono de cascalho de seda<\/li>\n<li>Sram Apex 12s Derailleur Traseiro Transmiss\u00e3o Sram Apex 1x12s Sram Apex 40T STL Sram Eagle 12s 11-50T<\/li>\n<li>Freios Sram Apex Conjunto hidr\u00e1ulico de freio a disco<\/li>\n<li>Pirelli 700x40c Tan Rodas Laterais Fulcrum Rapid Red 900 Rodas<\/li>\n<li>Componentes integrados Megamo Gravilha Carbono Guiador Seatpost Seda Cascalho Carbono<\/li>\n<\/ul>\n<p>  Reservamo-nos o direito de alterar as informa\u00e7\u00f5es no site sem aviso pr\u00e9vio, incluindo especifica\u00e7\u00f5es, modelos, cores e materiais.<\/p>\n","protected":false},"excerpt":{"rendered":"<p><strong>PRINCIPAIS CARACTER\u00cdSTICAS<\/strong> \u00b7 Estrutura em carbono de cascalho com roteamento de cabo totalmente interno \u00b7 Garfo de carbono espec\u00edfico para cascalho \u00b7 Trem de for\u00e7a Sram Apex 1x12s \u00b7 Fulcrum Rapid Red 900 Rodas \u00b7 Pneus compat\u00edveis at\u00e9 45mm<\/p>\n","protected":false},"featured_media":305493,"comment_status":"closed","ping_status":"closed","template":"","meta":{"_acf_changed":false,"_et_pb_use_builder":"","_et_pb_old_content":"","_et_gb_content_width":"","inline_featured_image":false},"product_brand":[],"product_cat":[2459,3346],"product_tag":[],"class_list":{"0":"post-386772","1":"product","2":"type-product","3":"status-publish","4":"has-post-thumbnail","6":"product_cat-bicicletas-pt-pt-2","7":"product_cat-bicicletas-de-cascalho","8":"product_shipping_class-bicicletas-pt-pt","10":"first","11":"outofstock","12":"taxable","13":"shipping-taxable","14":"product-type-variable","15":"wvs-archive-product-wrapper"},"acf":[],"yoast_head":"<!-- This site is optimized with the Yoast SEO Premium plugin v26.7 (Yoast SEO v26.7) - https:\/\/yoast.com\/wordpress\/plugins\/seo\/ -->\n<title>Megamo Seda 10 2024 - GR-100<\/title>\n<meta name=\"description\" content=\"Descubra a experi\u00eancia do novo Megamo Megamo Silk 10 2024. Design inovador e componentes topo de gama para o seu m\u00e1ximo desempenho em gravilha no GR-100!\" \/>\n<meta name=\"robots\" content=\"index, follow, max-snippet:-1, max-image-preview:large, max-video-preview:-1\" \/>\n<link rel=\"canonical\" href=\"https:\/\/gr-100.com\/pt-pt\/producto\/megamo-seda-10-2024\/\" \/>\n<meta property=\"og:locale\" content=\"pt_PT\" \/>\n<meta property=\"og:type\" content=\"article\" \/>\n<meta property=\"og:title\" content=\"Megamo Seda 10 2024\" \/>\n<meta property=\"og:description\" content=\"Descubra a experi\u00eancia do novo Megamo Megamo Silk 10 2024. Design inovador e componentes topo de gama para o seu m\u00e1ximo desempenho em gravilha no GR-100!\" \/>\n<meta property=\"og:url\" content=\"https:\/\/gr-100.com\/pt-pt\/producto\/megamo-seda-10-2024\/\" \/>\n<meta property=\"og:site_name\" content=\"Gr-100 Tienda de ciclismo Specialized\" \/>\n<meta property=\"article:publisher\" content=\"https:\/\/www.facebook.com\/Gr100Bikes\" \/>\n<meta property=\"article:modified_time\" content=\"2025-09-22T14:02:23+00:00\" \/>\n<meta property=\"og:image\" content=\"https:\/\/gr-100.com\/wp-content\/uploads\/2024\/05\/silk_10_black.jpeg\" \/>\n\t<meta property=\"og:image:width\" content=\"2560\" \/>\n\t<meta property=\"og:image:height\" content=\"2560\" \/>\n\t<meta property=\"og:image:type\" content=\"image\/jpeg\" \/>\n<meta name=\"twitter:card\" content=\"summary_large_image\" \/>\n<script type=\"application\/ld+json\" class=\"yoast-schema-graph\">{\"@context\":\"https:\/\/schema.org\",\"@graph\":[{\"@type\":\"WebPage\",\"@id\":\"https:\/\/gr-100.com\/pt-pt\/producto\/megamo-seda-10-2024\/\",\"url\":\"https:\/\/gr-100.com\/pt-pt\/producto\/megamo-seda-10-2024\/\",\"name\":\"Megamo Seda 10 2024 - GR-100\",\"isPartOf\":{\"@id\":\"https:\/\/gr-100.com\/#website\"},\"primaryImageOfPage\":{\"@id\":\"https:\/\/gr-100.com\/pt-pt\/producto\/megamo-seda-10-2024\/#primaryimage\"},\"image\":{\"@id\":\"https:\/\/gr-100.com\/pt-pt\/producto\/megamo-seda-10-2024\/#primaryimage\"},\"thumbnailUrl\":\"https:\/\/gr-100.com\/wp-content\/uploads\/2024\/05\/silk_10_black.jpeg\",\"datePublished\":\"2024-07-01T12:12:01+00:00\",\"dateModified\":\"2025-09-22T14:02:23+00:00\",\"description\":\"Descubra a experi\u00eancia do novo Megamo Megamo Silk 10 2024. Design inovador e componentes topo de gama para o seu m\u00e1ximo desempenho em gravilha no GR-100!\",\"breadcrumb\":{\"@id\":\"https:\/\/gr-100.com\/pt-pt\/producto\/megamo-seda-10-2024\/#breadcrumb\"},\"inLanguage\":\"pt-PT\",\"potentialAction\":[{\"@type\":\"ReadAction\",\"target\":[\"https:\/\/gr-100.com\/pt-pt\/producto\/megamo-seda-10-2024\/\"]}]},{\"@type\":\"ImageObject\",\"inLanguage\":\"pt-PT\",\"@id\":\"https:\/\/gr-100.com\/pt-pt\/producto\/megamo-seda-10-2024\/#primaryimage\",\"url\":\"https:\/\/gr-100.com\/wp-content\/uploads\/2024\/05\/silk_10_black.jpeg\",\"contentUrl\":\"https:\/\/gr-100.com\/wp-content\/uploads\/2024\/05\/silk_10_black.jpeg\",\"width\":2560,\"height\":2560},{\"@type\":\"BreadcrumbList\",\"@id\":\"https:\/\/gr-100.com\/pt-pt\/producto\/megamo-seda-10-2024\/#breadcrumb\",\"itemListElement\":[{\"@type\":\"ListItem\",\"position\":1,\"name\":\"Portada\",\"item\":\"https:\/\/gr-100.com\/en\/\"},{\"@type\":\"ListItem\",\"position\":2,\"name\":\"Productos\",\"item\":\"https:\/\/gr-100.com\/?post_type=product\"},{\"@type\":\"ListItem\",\"position\":3,\"name\":\"Megamo Seda 10 2024\"}]},{\"@type\":\"WebSite\",\"@id\":\"https:\/\/gr-100.com\/#website\",\"url\":\"https:\/\/gr-100.com\/\",\"name\":\"Gr-100 Tienda de ciclismo Specialized\",\"description\":\"GR-100 tenemos todas las gamas de bicicletas Specialized al mejor precio.\",\"publisher\":{\"@id\":\"https:\/\/gr-100.com\/#organization\"},\"alternateName\":\"Gr-100 Bikes\",\"potentialAction\":[{\"@type\":\"SearchAction\",\"target\":{\"@type\":\"EntryPoint\",\"urlTemplate\":\"https:\/\/gr-100.com\/?s={search_term_string}\"},\"query-input\":{\"@type\":\"PropertyValueSpecification\",\"valueRequired\":true,\"valueName\":\"search_term_string\"}}],\"inLanguage\":\"pt-PT\"},{\"@type\":\"Organization\",\"@id\":\"https:\/\/gr-100.com\/#organization\",\"name\":\"Gr-100\",\"url\":\"https:\/\/gr-100.com\/\",\"logo\":{\"@type\":\"ImageObject\",\"inLanguage\":\"pt-PT\",\"@id\":\"https:\/\/gr-100.com\/#\/schema\/logo\/image\/\",\"url\":\"https:\/\/gr-100.com\/wp-content\/uploads\/2023\/08\/logo-gr-100-bikes.png\",\"contentUrl\":\"https:\/\/gr-100.com\/wp-content\/uploads\/2023\/08\/logo-gr-100-bikes.png\",\"width\":707,\"height\":284,\"caption\":\"Gr-100\"},\"image\":{\"@id\":\"https:\/\/gr-100.com\/#\/schema\/logo\/image\/\"},\"sameAs\":[\"https:\/\/www.facebook.com\/Gr100Bikes\",\"https:\/\/www.instagram.com\/gr100bikes\/\",\"https:\/\/www.tiktok.com\/@gr100bikes\",\"https:\/\/twitter.com\/gr100mtbteam\",\"https:\/\/www.youtube.com\/c\/GR100Specialized\"]}]}<\/script>\n<!-- \/ Yoast SEO Premium plugin. -->","yoast_head_json":{"title":"Megamo Seda 10 2024 - GR-100","description":"Descubra a experi\u00eancia do novo Megamo Megamo Silk 10 2024. Design inovador e componentes topo de gama para o seu m\u00e1ximo desempenho em gravilha no GR-100!","robots":{"index":"index","follow":"follow","max-snippet":"max-snippet:-1","max-image-preview":"max-image-preview:large","max-video-preview":"max-video-preview:-1"},"canonical":"https:\/\/gr-100.com\/pt-pt\/producto\/megamo-seda-10-2024\/","og_locale":"pt_PT","og_type":"article","og_title":"Megamo Seda 10 2024","og_description":"Descubra a experi\u00eancia do novo Megamo Megamo Silk 10 2024. Design inovador e componentes topo de gama para o seu m\u00e1ximo desempenho em gravilha no GR-100!","og_url":"https:\/\/gr-100.com\/pt-pt\/producto\/megamo-seda-10-2024\/","og_site_name":"Gr-100 Tienda de ciclismo Specialized","article_publisher":"https:\/\/www.facebook.com\/Gr100Bikes","article_modified_time":"2025-09-22T14:02:23+00:00","og_image":[{"width":2560,"height":2560,"url":"https:\/\/gr-100.com\/wp-content\/uploads\/2024\/05\/silk_10_black.jpeg","type":"image\/jpeg"}],"twitter_card":"summary_large_image","schema":{"@context":"https:\/\/schema.org","@graph":[{"@type":"WebPage","@id":"https:\/\/gr-100.com\/pt-pt\/producto\/megamo-seda-10-2024\/","url":"https:\/\/gr-100.com\/pt-pt\/producto\/megamo-seda-10-2024\/","name":"Megamo Seda 10 2024 - GR-100","isPartOf":{"@id":"https:\/\/gr-100.com\/#website"},"primaryImageOfPage":{"@id":"https:\/\/gr-100.com\/pt-pt\/producto\/megamo-seda-10-2024\/#primaryimage"},"image":{"@id":"https:\/\/gr-100.com\/pt-pt\/producto\/megamo-seda-10-2024\/#primaryimage"},"thumbnailUrl":"https:\/\/gr-100.com\/wp-content\/uploads\/2024\/05\/silk_10_black.jpeg","datePublished":"2024-07-01T12:12:01+00:00","dateModified":"2025-09-22T14:02:23+00:00","description":"Descubra a experi\u00eancia do novo Megamo Megamo Silk 10 2024. Design inovador e componentes topo de gama para o seu m\u00e1ximo desempenho em gravilha no GR-100!","breadcrumb":{"@id":"https:\/\/gr-100.com\/pt-pt\/producto\/megamo-seda-10-2024\/#breadcrumb"},"inLanguage":"pt-PT","potentialAction":[{"@type":"ReadAction","target":["https:\/\/gr-100.com\/pt-pt\/producto\/megamo-seda-10-2024\/"]}]},{"@type":"ImageObject","inLanguage":"pt-PT","@id":"https:\/\/gr-100.com\/pt-pt\/producto\/megamo-seda-10-2024\/#primaryimage","url":"https:\/\/gr-100.com\/wp-content\/uploads\/2024\/05\/silk_10_black.jpeg","contentUrl":"https:\/\/gr-100.com\/wp-content\/uploads\/2024\/05\/silk_10_black.jpeg","width":2560,"height":2560},{"@type":"BreadcrumbList","@id":"https:\/\/gr-100.com\/pt-pt\/producto\/megamo-seda-10-2024\/#breadcrumb","itemListElement":[{"@type":"ListItem","position":1,"name":"Portada","item":"https:\/\/gr-100.com\/en\/"},{"@type":"ListItem","position":2,"name":"Productos","item":"https:\/\/gr-100.com\/?post_type=product"},{"@type":"ListItem","position":3,"name":"Megamo Seda 10 2024"}]},{"@type":"WebSite","@id":"https:\/\/gr-100.com\/#website","url":"https:\/\/gr-100.com\/","name":"Gr-100 Tienda de ciclismo Specialized","description":"GR-100 tenemos todas las gamas de bicicletas Specialized al mejor precio.","publisher":{"@id":"https:\/\/gr-100.com\/#organization"},"alternateName":"Gr-100 Bikes","potentialAction":[{"@type":"SearchAction","target":{"@type":"EntryPoint","urlTemplate":"https:\/\/gr-100.com\/?s={search_term_string}"},"query-input":{"@type":"PropertyValueSpecification","valueRequired":true,"valueName":"search_term_string"}}],"inLanguage":"pt-PT"},{"@type":"Organization","@id":"https:\/\/gr-100.com\/#organization","name":"Gr-100","url":"https:\/\/gr-100.com\/","logo":{"@type":"ImageObject","inLanguage":"pt-PT","@id":"https:\/\/gr-100.com\/#\/schema\/logo\/image\/","url":"https:\/\/gr-100.com\/wp-content\/uploads\/2023\/08\/logo-gr-100-bikes.png","contentUrl":"https:\/\/gr-100.com\/wp-content\/uploads\/2023\/08\/logo-gr-100-bikes.png","width":707,"height":284,"caption":"Gr-100"},"image":{"@id":"https:\/\/gr-100.com\/#\/schema\/logo\/image\/"},"sameAs":["https:\/\/www.facebook.com\/Gr100Bikes","https:\/\/www.instagram.com\/gr100bikes\/","https:\/\/www.tiktok.com\/@gr100bikes","https:\/\/twitter.com\/gr100mtbteam","https:\/\/www.youtube.com\/c\/GR100Specialized"]}]}},"_links":{"self":[{"href":"https:\/\/gr-100.com\/pt-pt\/wp-json\/wp\/v2\/product\/386772","targetHints":{"allow":["GET"]}}],"collection":[{"href":"https:\/\/gr-100.com\/pt-pt\/wp-json\/wp\/v2\/product"}],"about":[{"href":"https:\/\/gr-100.com\/pt-pt\/wp-json\/wp\/v2\/types\/product"}],"replies":[{"embeddable":true,"href":"https:\/\/gr-100.com\/pt-pt\/wp-json\/wp\/v2\/comments?post=386772"}],"wp:featuredmedia":[{"embeddable":true,"href":"https:\/\/gr-100.com\/pt-pt\/wp-json\/wp\/v2\/media\/305493"}],"wp:attachment":[{"href":"https:\/\/gr-100.com\/pt-pt\/wp-json\/wp\/v2\/media?parent=386772"}],"wp:term":[{"taxonomy":"product_brand","embeddable":true,"href":"https:\/\/gr-100.com\/pt-pt\/wp-json\/wp\/v2\/product_brand?post=386772"},{"taxonomy":"product_cat","embeddable":true,"href":"https:\/\/gr-100.com\/pt-pt\/wp-json\/wp\/v2\/product_cat?post=386772"},{"taxonomy":"product_tag","embeddable":true,"href":"https:\/\/gr-100.com\/pt-pt\/wp-json\/wp\/v2\/product_tag?post=386772"}],"curies":[{"name":"wp","href":"https:\/\/api.w.org\/{rel}","templated":true}]}}