{"id":386790,"date":"2024-07-01T13:38:06","date_gmt":"2024-07-01T11:38:06","guid":{"rendered":"https:\/\/gr-100.com\/producto\/especializada-s-works-crux-2023\/"},"modified":"2025-09-22T16:15:31","modified_gmt":"2025-09-22T14:15:31","slug":"especializada-s-works-crux-2023","status":"publish","type":"product","link":"https:\/\/gr-100.com\/pt-pt\/producto\/especializada-s-works-crux-2023\/","title":{"rendered":"Specialized S-Works Crux 2023"},"content":{"rendered":"<p>Este S-Works Crux vem equipado com o grupo de discos hidr\u00e1ulicos RED eTap AXS SRAM, rodas Roval Terra CLX leves e dur\u00e1veis e pneus 2Bliss Ready Pathfinder Pro de 700 x 38 mm que se envolvem em terrenos acidentados.<\/p>\n<ul>\n<li>Mais leve: 725g e 825g 10r S-Works 12r.<br \/>\nPegamos os avan\u00e7os revolucion\u00e1rios que fizeram da Aethos a moto mais leve j\u00e1 criada e os aplicamos \u00e0 Crux.<br \/>\nO resultado?<br \/>\nUma bicicleta de cascalho que sobe como um sonho, flutua sobre terrenos de pesadelo e pesa menos do que uma garrafa cheia na gaiola.   <\/li>\n<li>Capacidade: 47c\/650b x 2.1&#8243; folga do pneu.<br \/>\nMais folga significa mais capacidade.<br \/>\nCom a folga de pneus de n\u00edvel Diverge, o Crux leva voc\u00ea a qualquer lugar que voc\u00ea possa imaginar, a toda velocidade.  <\/li>\n<li>Responsivo: \u00c1gil, flex\u00edvel e reativo.<br \/>\nResponsivo nos pedais.<br \/>\nFlex\u00edvel na cadeira.<br \/>\nCom geometria de cascalho de alto desempenho e um ajuste inspirado em corridas inspirado na hist\u00f3ria ic\u00f4nica da Crux no cross-country.   <\/li>\n<li><strong>Especifica\u00e7\u00f5es t\u00e9cnicas<\/strong><\/li>\n<li>S-Works Crux FACT 12r Carboan, Rider First Engineered\u2122, Threaded BB, 12x142mm thru-axle, flat-mount disc FRAME\n<\/li>\n<li>Garfo<br \/>\n S-Works FACT, eixo thru de 12x100mm, disco de montagem plana<\/li>\n<li>TUBOS<br \/>\n700&#215;28\/38mm, 48mm Presta v\u00e1lvula<\/li>\n<li>Pneu traseiro<br \/>\nPathfinder Pro 2Bliss Ready, flanco transparente, 700x38c<\/li>\n<li>PNEU.<br \/>\nPronto para o Pathfinder Pro 2Bliss, flanco transparente, 700x38c<\/li>\n<li>RODA DIANTEIRA<br \/>\nRoval Terra CLX II, 25mm de largura interna, 32mm de profundidade, 21h, Tubeless ready, cubo Roval LFD com rolamentos SINC cer\u00e2micos, disco Centerlock, raios DT Swiss Aerolite<\/li>\n<li>RODA TRASEIRA<br \/>\nRoval Terra CLX II, 25mm de largura interna, 32mm de profundidade, 21h, Tubeless ready, cubo Roval LFD com rolamentos SINC cer\u00e2micos, disco Centerlock, raios DT Swiss Aerolite<\/li>\n<li>Body Geometry S-Works Power SADDLE,<br \/>\n trilhos de fibra de carbono, base de fibra de carbono<\/li>\n<li>Roval de assento de carbono Roval Alpinist\n<\/li>\n<li>Roval<br \/>\n Roval Terra, carv\u00e3o, queda de 103mm x alcance de 70mm x flare de 12\u00ba<\/li>\n<li>POWER<br \/>\nS-Works SL, liga, parafusos de tit\u00e2nio, eleva\u00e7\u00e3o de 6 graus<\/li>\n<li>ABRA\u00c7O. Specialized SADDLE<br \/>\n, 30.0mm, parafuso de tit\u00e2nio <\/li>\n<li>Supacaz Super Fita Kush Pegajosa\n<\/li>\n<li>CORRENTE DE 12 VELOCIDADES<br \/>\nSRAM SRAM RED<\/li>\n<li>SUPORTE INFERIOR<br \/>\n SRAM DUB BSA<\/li>\n<li>SRAM Red AXS Power Meter SUPORTE<br \/>\n INFERIOR<\/li>\n<li>SRAM Red XPLR eTap AXS DERAILLEUR<br \/>\nSRAM TRASEIRO<\/li>\n<li>SRAM Red eTap AXS SHIFTERS<br \/>\nSRAM<\/li>\n<li>SRAM XPLR CASSETTE,<br \/>\n XG-1271, 12 velocidades, 10-44t<\/li>\n<li>PLATOS<br \/>\n40T<\/li>\n<li>SRAM Red eTAP AXS freio<br \/>\n traseiro, discoSRAM hidr\u00e1ulico<\/li>\n<li>Freio dianteiro SRAM Red eTAP AXS, disco<br \/>\nSRAM hidr\u00e1ulico<\/li>\n<li>Tamanho do peso<br \/>\n56<br \/>\n7.28kg (16 lb, .8 oz)<\/li>\n<\/ul>\n<p>* Os pesos baseiam-se em fotografias de produ\u00e7\u00e3o pintadas, tal como indicado na imagem. Os pesos reais variam consoante a cor, o tamanho do quadro e a varia\u00e7\u00e3o dos componentes. As especifica\u00e7\u00f5es est\u00e3o sujeitas a altera\u00e7\u00f5es sem aviso pr\u00e9vio.<\/p>\n","protected":false},"excerpt":{"rendered":"<p>A Crux \u00e9 a moto de cascalho mais leve do mundo, com excecional capacidade de folga de pneus e geometria de cascalho de alto desempenho.<br \/>\nN\u00e3o \u00e9 apenas a express\u00e3o m\u00e1xima do desempenho de cascalho, \u00e9 o seu bilhete de ida para a ilumina\u00e7\u00e3o de cascalho. <\/p>\n","protected":false},"featured_media":303897,"comment_status":"closed","ping_status":"closed","template":"","meta":{"_acf_changed":false,"_et_pb_use_builder":"","_et_pb_old_content":"","_et_gb_content_width":"","inline_featured_image":false},"product_brand":[],"product_cat":[2459,3346,2483,2460,3469],"product_tag":[],"class_list":{"0":"post-386790","1":"product","2":"type-product","3":"status-publish","4":"has-post-thumbnail","6":"product_cat-bicicletas-pt-pt-2","7":"product_cat-bicicletas-de-cascalho","8":"product_cat-bicicletas-especializadas","9":"product_cat-ofertas-pt-pt","10":"product_cat-oferta-cascalho","11":"product_shipping_class-bicicletas-pt-pt","13":"first","14":"outofstock","15":"taxable","16":"shipping-taxable","17":"product-type-variable","18":"wvs-archive-product-wrapper"},"acf":[],"yoast_head":"<!-- This site is optimized with the Yoast SEO Premium plugin v26.7 (Yoast SEO v26.7) - https:\/\/yoast.com\/wordpress\/plugins\/seo\/ -->\n<title>Specialized S-Works Crux 2023 GR-100<\/title>\n<meta name=\"description\" content=\"S-Works Crux, o S-Works 12r 725g e o 10r 825g. Discos hidr\u00e1ulicos SRAM RED eTap AXS. Roval Terra CLX. SRAM Rede Eletr\u00f4nica AXS.\" \/>\n<meta name=\"robots\" content=\"index, follow, max-snippet:-1, max-image-preview:large, max-video-preview:-1\" \/>\n<link rel=\"canonical\" href=\"https:\/\/gr-100.com\/pt-pt\/producto\/especializada-s-works-crux-2023\/\" \/>\n<meta property=\"og:locale\" content=\"pt_PT\" \/>\n<meta property=\"og:type\" content=\"article\" \/>\n<meta property=\"og:title\" content=\"Specialized S-Works Crux 2023\" \/>\n<meta property=\"og:description\" content=\"S-Works Crux, o S-Works 12r 725g e o 10r 825g. Discos hidr\u00e1ulicos SRAM RED eTap AXS. Roval Terra CLX. SRAM Rede Eletr\u00f4nica AXS.\" \/>\n<meta property=\"og:url\" content=\"https:\/\/gr-100.com\/pt-pt\/producto\/especializada-s-works-crux-2023\/\" \/>\n<meta property=\"og:site_name\" content=\"Gr-100 Tienda de ciclismo Specialized\" \/>\n<meta property=\"article:publisher\" content=\"https:\/\/www.facebook.com\/Gr100Bikes\" \/>\n<meta property=\"article:modified_time\" content=\"2025-09-22T14:15:31+00:00\" \/>\n<meta property=\"og:image\" content=\"https:\/\/gr-100.com\/wp-content\/uploads\/2024\/05\/1-1-Screenshot-of-S-Works-C.jpg\" \/>\n\t<meta property=\"og:image:width\" content=\"1000\" \/>\n\t<meta property=\"og:image:height\" content=\"1000\" \/>\n\t<meta property=\"og:image:type\" content=\"image\/jpeg\" \/>\n<meta name=\"twitter:card\" content=\"summary_large_image\" \/>\n<meta name=\"twitter:label1\" content=\"Tempo estimado de leitura\" \/>\n\t<meta name=\"twitter:data1\" content=\"2 minutos\" \/>\n<script type=\"application\/ld+json\" class=\"yoast-schema-graph\">{\"@context\":\"https:\/\/schema.org\",\"@graph\":[{\"@type\":\"WebPage\",\"@id\":\"https:\/\/gr-100.com\/pt-pt\/producto\/especializada-s-works-crux-2023\/\",\"url\":\"https:\/\/gr-100.com\/pt-pt\/producto\/especializada-s-works-crux-2023\/\",\"name\":\"Specialized S-Works Crux 2023 GR-100\",\"isPartOf\":{\"@id\":\"https:\/\/gr-100.com\/#website\"},\"primaryImageOfPage\":{\"@id\":\"https:\/\/gr-100.com\/pt-pt\/producto\/especializada-s-works-crux-2023\/#primaryimage\"},\"image\":{\"@id\":\"https:\/\/gr-100.com\/pt-pt\/producto\/especializada-s-works-crux-2023\/#primaryimage\"},\"thumbnailUrl\":\"https:\/\/gr-100.com\/wp-content\/uploads\/2024\/05\/1-1-Screenshot-of-S-Works-C.jpg\",\"datePublished\":\"2024-07-01T11:38:06+00:00\",\"dateModified\":\"2025-09-22T14:15:31+00:00\",\"description\":\"S-Works Crux, o S-Works 12r 725g e o 10r 825g. Discos hidr\u00e1ulicos SRAM RED eTap AXS. Roval Terra CLX. SRAM Rede Eletr\u00f4nica AXS.\",\"breadcrumb\":{\"@id\":\"https:\/\/gr-100.com\/pt-pt\/producto\/especializada-s-works-crux-2023\/#breadcrumb\"},\"inLanguage\":\"pt-PT\",\"potentialAction\":[{\"@type\":\"ReadAction\",\"target\":[\"https:\/\/gr-100.com\/pt-pt\/producto\/especializada-s-works-crux-2023\/\"]}]},{\"@type\":\"ImageObject\",\"inLanguage\":\"pt-PT\",\"@id\":\"https:\/\/gr-100.com\/pt-pt\/producto\/especializada-s-works-crux-2023\/#primaryimage\",\"url\":\"https:\/\/gr-100.com\/wp-content\/uploads\/2024\/05\/1-1-Screenshot-of-S-Works-C.jpg\",\"contentUrl\":\"https:\/\/gr-100.com\/wp-content\/uploads\/2024\/05\/1-1-Screenshot-of-S-Works-C.jpg\",\"width\":1000,\"height\":1000},{\"@type\":\"BreadcrumbList\",\"@id\":\"https:\/\/gr-100.com\/pt-pt\/producto\/especializada-s-works-crux-2023\/#breadcrumb\",\"itemListElement\":[{\"@type\":\"ListItem\",\"position\":1,\"name\":\"Portada\",\"item\":\"https:\/\/gr-100.com\/en\/\"},{\"@type\":\"ListItem\",\"position\":2,\"name\":\"Productos\",\"item\":\"https:\/\/gr-100.com\/?post_type=product\"},{\"@type\":\"ListItem\",\"position\":3,\"name\":\"Specialized S-Works Crux 2023\"}]},{\"@type\":\"WebSite\",\"@id\":\"https:\/\/gr-100.com\/#website\",\"url\":\"https:\/\/gr-100.com\/\",\"name\":\"Gr-100 Tienda de ciclismo Specialized\",\"description\":\"GR-100 tenemos todas las gamas de bicicletas Specialized al mejor precio.\",\"publisher\":{\"@id\":\"https:\/\/gr-100.com\/#organization\"},\"alternateName\":\"Gr-100 Bikes\",\"potentialAction\":[{\"@type\":\"SearchAction\",\"target\":{\"@type\":\"EntryPoint\",\"urlTemplate\":\"https:\/\/gr-100.com\/?s={search_term_string}\"},\"query-input\":{\"@type\":\"PropertyValueSpecification\",\"valueRequired\":true,\"valueName\":\"search_term_string\"}}],\"inLanguage\":\"pt-PT\"},{\"@type\":\"Organization\",\"@id\":\"https:\/\/gr-100.com\/#organization\",\"name\":\"Gr-100\",\"url\":\"https:\/\/gr-100.com\/\",\"logo\":{\"@type\":\"ImageObject\",\"inLanguage\":\"pt-PT\",\"@id\":\"https:\/\/gr-100.com\/#\/schema\/logo\/image\/\",\"url\":\"https:\/\/gr-100.com\/wp-content\/uploads\/2023\/08\/logo-gr-100-bikes.png\",\"contentUrl\":\"https:\/\/gr-100.com\/wp-content\/uploads\/2023\/08\/logo-gr-100-bikes.png\",\"width\":707,\"height\":284,\"caption\":\"Gr-100\"},\"image\":{\"@id\":\"https:\/\/gr-100.com\/#\/schema\/logo\/image\/\"},\"sameAs\":[\"https:\/\/www.facebook.com\/Gr100Bikes\",\"https:\/\/www.instagram.com\/gr100bikes\/\",\"https:\/\/www.tiktok.com\/@gr100bikes\",\"https:\/\/twitter.com\/gr100mtbteam\",\"https:\/\/www.youtube.com\/c\/GR100Specialized\"]}]}<\/script>\n<!-- \/ Yoast SEO Premium plugin. -->","yoast_head_json":{"title":"Specialized S-Works Crux 2023 GR-100","description":"S-Works Crux, o S-Works 12r 725g e o 10r 825g. Discos hidr\u00e1ulicos SRAM RED eTap AXS. Roval Terra CLX. SRAM Rede Eletr\u00f4nica AXS.","robots":{"index":"index","follow":"follow","max-snippet":"max-snippet:-1","max-image-preview":"max-image-preview:large","max-video-preview":"max-video-preview:-1"},"canonical":"https:\/\/gr-100.com\/pt-pt\/producto\/especializada-s-works-crux-2023\/","og_locale":"pt_PT","og_type":"article","og_title":"Specialized S-Works Crux 2023","og_description":"S-Works Crux, o S-Works 12r 725g e o 10r 825g. Discos hidr\u00e1ulicos SRAM RED eTap AXS. Roval Terra CLX. SRAM Rede Eletr\u00f4nica AXS.","og_url":"https:\/\/gr-100.com\/pt-pt\/producto\/especializada-s-works-crux-2023\/","og_site_name":"Gr-100 Tienda de ciclismo Specialized","article_publisher":"https:\/\/www.facebook.com\/Gr100Bikes","article_modified_time":"2025-09-22T14:15:31+00:00","og_image":[{"width":1000,"height":1000,"url":"https:\/\/gr-100.com\/wp-content\/uploads\/2024\/05\/1-1-Screenshot-of-S-Works-C.jpg","type":"image\/jpeg"}],"twitter_card":"summary_large_image","twitter_misc":{"Tempo estimado de leitura":"2 minutos"},"schema":{"@context":"https:\/\/schema.org","@graph":[{"@type":"WebPage","@id":"https:\/\/gr-100.com\/pt-pt\/producto\/especializada-s-works-crux-2023\/","url":"https:\/\/gr-100.com\/pt-pt\/producto\/especializada-s-works-crux-2023\/","name":"Specialized S-Works Crux 2023 GR-100","isPartOf":{"@id":"https:\/\/gr-100.com\/#website"},"primaryImageOfPage":{"@id":"https:\/\/gr-100.com\/pt-pt\/producto\/especializada-s-works-crux-2023\/#primaryimage"},"image":{"@id":"https:\/\/gr-100.com\/pt-pt\/producto\/especializada-s-works-crux-2023\/#primaryimage"},"thumbnailUrl":"https:\/\/gr-100.com\/wp-content\/uploads\/2024\/05\/1-1-Screenshot-of-S-Works-C.jpg","datePublished":"2024-07-01T11:38:06+00:00","dateModified":"2025-09-22T14:15:31+00:00","description":"S-Works Crux, o S-Works 12r 725g e o 10r 825g. Discos hidr\u00e1ulicos SRAM RED eTap AXS. Roval Terra CLX. SRAM Rede Eletr\u00f4nica AXS.","breadcrumb":{"@id":"https:\/\/gr-100.com\/pt-pt\/producto\/especializada-s-works-crux-2023\/#breadcrumb"},"inLanguage":"pt-PT","potentialAction":[{"@type":"ReadAction","target":["https:\/\/gr-100.com\/pt-pt\/producto\/especializada-s-works-crux-2023\/"]}]},{"@type":"ImageObject","inLanguage":"pt-PT","@id":"https:\/\/gr-100.com\/pt-pt\/producto\/especializada-s-works-crux-2023\/#primaryimage","url":"https:\/\/gr-100.com\/wp-content\/uploads\/2024\/05\/1-1-Screenshot-of-S-Works-C.jpg","contentUrl":"https:\/\/gr-100.com\/wp-content\/uploads\/2024\/05\/1-1-Screenshot-of-S-Works-C.jpg","width":1000,"height":1000},{"@type":"BreadcrumbList","@id":"https:\/\/gr-100.com\/pt-pt\/producto\/especializada-s-works-crux-2023\/#breadcrumb","itemListElement":[{"@type":"ListItem","position":1,"name":"Portada","item":"https:\/\/gr-100.com\/en\/"},{"@type":"ListItem","position":2,"name":"Productos","item":"https:\/\/gr-100.com\/?post_type=product"},{"@type":"ListItem","position":3,"name":"Specialized S-Works Crux 2023"}]},{"@type":"WebSite","@id":"https:\/\/gr-100.com\/#website","url":"https:\/\/gr-100.com\/","name":"Gr-100 Tienda de ciclismo Specialized","description":"GR-100 tenemos todas las gamas de bicicletas Specialized al mejor precio.","publisher":{"@id":"https:\/\/gr-100.com\/#organization"},"alternateName":"Gr-100 Bikes","potentialAction":[{"@type":"SearchAction","target":{"@type":"EntryPoint","urlTemplate":"https:\/\/gr-100.com\/?s={search_term_string}"},"query-input":{"@type":"PropertyValueSpecification","valueRequired":true,"valueName":"search_term_string"}}],"inLanguage":"pt-PT"},{"@type":"Organization","@id":"https:\/\/gr-100.com\/#organization","name":"Gr-100","url":"https:\/\/gr-100.com\/","logo":{"@type":"ImageObject","inLanguage":"pt-PT","@id":"https:\/\/gr-100.com\/#\/schema\/logo\/image\/","url":"https:\/\/gr-100.com\/wp-content\/uploads\/2023\/08\/logo-gr-100-bikes.png","contentUrl":"https:\/\/gr-100.com\/wp-content\/uploads\/2023\/08\/logo-gr-100-bikes.png","width":707,"height":284,"caption":"Gr-100"},"image":{"@id":"https:\/\/gr-100.com\/#\/schema\/logo\/image\/"},"sameAs":["https:\/\/www.facebook.com\/Gr100Bikes","https:\/\/www.instagram.com\/gr100bikes\/","https:\/\/www.tiktok.com\/@gr100bikes","https:\/\/twitter.com\/gr100mtbteam","https:\/\/www.youtube.com\/c\/GR100Specialized"]}]}},"_links":{"self":[{"href":"https:\/\/gr-100.com\/pt-pt\/wp-json\/wp\/v2\/product\/386790","targetHints":{"allow":["GET"]}}],"collection":[{"href":"https:\/\/gr-100.com\/pt-pt\/wp-json\/wp\/v2\/product"}],"about":[{"href":"https:\/\/gr-100.com\/pt-pt\/wp-json\/wp\/v2\/types\/product"}],"replies":[{"embeddable":true,"href":"https:\/\/gr-100.com\/pt-pt\/wp-json\/wp\/v2\/comments?post=386790"}],"wp:featuredmedia":[{"embeddable":true,"href":"https:\/\/gr-100.com\/pt-pt\/wp-json\/wp\/v2\/media\/303897"}],"wp:attachment":[{"href":"https:\/\/gr-100.com\/pt-pt\/wp-json\/wp\/v2\/media?parent=386790"}],"wp:term":[{"taxonomy":"product_brand","embeddable":true,"href":"https:\/\/gr-100.com\/pt-pt\/wp-json\/wp\/v2\/product_brand?post=386790"},{"taxonomy":"product_cat","embeddable":true,"href":"https:\/\/gr-100.com\/pt-pt\/wp-json\/wp\/v2\/product_cat?post=386790"},{"taxonomy":"product_tag","embeddable":true,"href":"https:\/\/gr-100.com\/pt-pt\/wp-json\/wp\/v2\/product_tag?post=386790"}],"curies":[{"name":"wp","href":"https:\/\/api.w.org\/{rel}","templated":true}]}}