{"id":386810,"date":"2024-07-01T13:38:11","date_gmt":"2024-07-01T11:38:11","guid":{"rendered":"https:\/\/gr-100.com\/producto\/especializada-diverge-comp-carbono-2023\/"},"modified":"2025-12-18T16:41:12","modified_gmt":"2025-12-18T14:41:12","slug":"especializada-diverge-comp-carbono-2023","status":"publish","type":"product","link":"https:\/\/gr-100.com\/pt-pt\/producto\/especializada-diverge-comp-carbono-2023\/","title":{"rendered":"Specialized Diverge Comp Carbono 2023"},"content":{"rendered":"<ul>\n<li>Estrutura: specialized Diverge Fact 9R Carbon, SWAT \u2122 Door Integration, Future Shock Suspension, Threaded BB, Internal Cable Routing, 12x142mm Pin Axle, Flat Mount Disc<\/li>\n<li>Forquilha: choque futuro 2.0 com choque, bota lisa, carbono fato, eixo pino 12x100mm, montagem plana<\/li>\n<li>Derailleur dianteiro: shimano grx r810<\/li>\n<li>Descarrilador traseiro: shimano GRX R810, 11 velocidades<\/li>\n<li>Descarriladores: shimano GRX 2&#215;11 Speed, ST-R810, trav\u00f5es hidr\u00e1ulicos<\/li>\n<li>Pedais : shimano grx rx600<\/li>\n<li>Rodas dentadas: 46\/30t<\/li>\n<li>: shimano Ultegra, 11 velocidades, 11-34T<\/li>\n<li>Freio dianteiro: shimano GRX ST-R810, freio hidr\u00e1ulico, 160mm Centerlock, SM-RT70<\/li>\n<li>Freio traseiro: shimano GRX ST-R810, Freio hidr\u00e1ulico, 160mm Centerlock, SM-RT70<\/li>\n<li>Corrente: shimano Ultegra, 11 velocidades<\/li>\n<li>Hubs: shimano 68mm roscado<\/li>\n<li>rodas<\/li>\n<li>Jantes: dt swiss G540, largura interna de 24mm, pronto sem tubo, 24h, cubo do eixo, pino de rolamento totalmente selado specialized, disco de bloqueio central, raios dt swiss Champion 14g, a\u00e7o inoxid\u00e1vel, dt swiss<\/li>\n<li>Pneus: Pathfinder Pro 2br, Tan Side, 700&#215;42<\/li>\n<li>Componentes<\/li>\n<li>Guiador: engrenagem specialized pairar, queda de 103mm x alcance de 70mm x flare de 12\u00ba<\/li>\n<li>Seatpost: haste do futuro, comp<\/li>\n<li>Selim: geometria do corpo power sport, templos de a\u00e7o<\/li>\n<li>Espig\u00e3o: roval Terra Carbon Seat Post, 20mm offset<\/li>\n<\/ul>\n","protected":false},"excerpt":{"rendered":"<p>\u00c9 simplesmente a moto mais r\u00e1pida, mais capaz e talvez a mais divertida que alguma vez fizemos, com um manuseamento r\u00e1pido e \u00e1gil.<\/p>\n","protected":false},"featured_media":303912,"comment_status":"closed","ping_status":"closed","template":"","meta":{"_acf_changed":false,"_et_pb_use_builder":"","_et_pb_old_content":"","_et_gb_content_width":"","inline_featured_image":false},"product_brand":[],"product_cat":[2459,3346,2460,3469],"product_tag":[],"class_list":{"0":"post-386810","1":"product","2":"type-product","3":"status-publish","4":"has-post-thumbnail","6":"product_cat-bicicletas-pt-pt-2","7":"product_cat-bicicletas-de-cascalho","8":"product_cat-ofertas-pt-pt","9":"product_cat-oferta-cascalho","10":"product_shipping_class-bicicletas-pt-pt","12":"first","13":"outofstock","14":"taxable","15":"shipping-taxable","16":"product-type-variable","17":"wvs-archive-product-wrapper"},"acf":[],"yoast_head":"<!-- This site is optimized with the Yoast SEO Premium plugin v26.7 (Yoast SEO v26.7) - https:\/\/yoast.com\/wordpress\/plugins\/seo\/ -->\n<title>Specialized Diverge Comp Carbono 2023 GR-100<\/title>\n<meta name=\"description\" content=\"A moto mais r\u00e1pida, eficiente e talvez a mais divertida que j\u00e1 fizemos, oferecendo um passeio r\u00e1pido e animado.\" \/>\n<meta name=\"robots\" content=\"index, follow, max-snippet:-1, max-image-preview:large, max-video-preview:-1\" \/>\n<link rel=\"canonical\" href=\"https:\/\/gr-100.com\/pt-pt\/producto\/especializada-diverge-comp-carbono-2023\/\" \/>\n<meta property=\"og:locale\" content=\"pt_PT\" \/>\n<meta property=\"og:type\" content=\"article\" \/>\n<meta property=\"og:title\" content=\"Specialized Diverge Comp Carbono 2023\" \/>\n<meta property=\"og:description\" content=\"A moto mais r\u00e1pida, eficiente e talvez a mais divertida que j\u00e1 fizemos, oferecendo um passeio r\u00e1pido e animado.\" \/>\n<meta property=\"og:url\" content=\"https:\/\/gr-100.com\/pt-pt\/producto\/especializada-diverge-comp-carbono-2023\/\" \/>\n<meta property=\"og:site_name\" content=\"Gr-100 Tienda de ciclismo Specialized\" \/>\n<meta property=\"article:publisher\" content=\"https:\/\/www.facebook.com\/Gr100Bikes\" \/>\n<meta property=\"article:modified_time\" content=\"2025-12-18T14:41:12+00:00\" \/>\n<meta property=\"og:image\" content=\"https:\/\/gr-100.com\/wp-content\/uploads\/2024\/05\/My-project-2-6-3.jpeg\" \/>\n\t<meta property=\"og:image:width\" content=\"1000\" \/>\n\t<meta property=\"og:image:height\" content=\"1000\" \/>\n\t<meta property=\"og:image:type\" content=\"image\/jpeg\" \/>\n<meta name=\"twitter:card\" content=\"summary_large_image\" \/>\n<meta name=\"twitter:label1\" content=\"Tempo estimado de leitura\" \/>\n\t<meta name=\"twitter:data1\" content=\"1 minuto\" \/>\n<script type=\"application\/ld+json\" class=\"yoast-schema-graph\">{\"@context\":\"https:\/\/schema.org\",\"@graph\":[{\"@type\":\"WebPage\",\"@id\":\"https:\/\/gr-100.com\/pt-pt\/producto\/especializada-diverge-comp-carbono-2023\/\",\"url\":\"https:\/\/gr-100.com\/pt-pt\/producto\/especializada-diverge-comp-carbono-2023\/\",\"name\":\"Specialized Diverge Comp Carbono 2023 GR-100\",\"isPartOf\":{\"@id\":\"https:\/\/gr-100.com\/#website\"},\"primaryImageOfPage\":{\"@id\":\"https:\/\/gr-100.com\/pt-pt\/producto\/especializada-diverge-comp-carbono-2023\/#primaryimage\"},\"image\":{\"@id\":\"https:\/\/gr-100.com\/pt-pt\/producto\/especializada-diverge-comp-carbono-2023\/#primaryimage\"},\"thumbnailUrl\":\"https:\/\/gr-100.com\/wp-content\/uploads\/2024\/05\/My-project-2-6-3.jpeg\",\"datePublished\":\"2024-07-01T11:38:11+00:00\",\"dateModified\":\"2025-12-18T14:41:12+00:00\",\"description\":\"A moto mais r\u00e1pida, eficiente e talvez a mais divertida que j\u00e1 fizemos, oferecendo um passeio r\u00e1pido e animado.\",\"breadcrumb\":{\"@id\":\"https:\/\/gr-100.com\/pt-pt\/producto\/especializada-diverge-comp-carbono-2023\/#breadcrumb\"},\"inLanguage\":\"pt-PT\",\"potentialAction\":[{\"@type\":\"ReadAction\",\"target\":[\"https:\/\/gr-100.com\/pt-pt\/producto\/especializada-diverge-comp-carbono-2023\/\"]}]},{\"@type\":\"ImageObject\",\"inLanguage\":\"pt-PT\",\"@id\":\"https:\/\/gr-100.com\/pt-pt\/producto\/especializada-diverge-comp-carbono-2023\/#primaryimage\",\"url\":\"https:\/\/gr-100.com\/wp-content\/uploads\/2024\/05\/My-project-2-6-3.jpeg\",\"contentUrl\":\"https:\/\/gr-100.com\/wp-content\/uploads\/2024\/05\/My-project-2-6-3.jpeg\",\"width\":1000,\"height\":1000},{\"@type\":\"BreadcrumbList\",\"@id\":\"https:\/\/gr-100.com\/pt-pt\/producto\/especializada-diverge-comp-carbono-2023\/#breadcrumb\",\"itemListElement\":[{\"@type\":\"ListItem\",\"position\":1,\"name\":\"Portada\",\"item\":\"https:\/\/gr-100.com\/en\/\"},{\"@type\":\"ListItem\",\"position\":2,\"name\":\"Productos\",\"item\":\"https:\/\/gr-100.com\/?post_type=product\"},{\"@type\":\"ListItem\",\"position\":3,\"name\":\"Specialized Diverge Comp Carbono 2023\"}]},{\"@type\":\"WebSite\",\"@id\":\"https:\/\/gr-100.com\/#website\",\"url\":\"https:\/\/gr-100.com\/\",\"name\":\"Gr-100 Tienda de ciclismo Specialized\",\"description\":\"GR-100 tenemos todas las gamas de bicicletas Specialized al mejor precio.\",\"publisher\":{\"@id\":\"https:\/\/gr-100.com\/#organization\"},\"alternateName\":\"Gr-100 Bikes\",\"potentialAction\":[{\"@type\":\"SearchAction\",\"target\":{\"@type\":\"EntryPoint\",\"urlTemplate\":\"https:\/\/gr-100.com\/?s={search_term_string}\"},\"query-input\":{\"@type\":\"PropertyValueSpecification\",\"valueRequired\":true,\"valueName\":\"search_term_string\"}}],\"inLanguage\":\"pt-PT\"},{\"@type\":\"Organization\",\"@id\":\"https:\/\/gr-100.com\/#organization\",\"name\":\"Gr-100\",\"url\":\"https:\/\/gr-100.com\/\",\"logo\":{\"@type\":\"ImageObject\",\"inLanguage\":\"pt-PT\",\"@id\":\"https:\/\/gr-100.com\/#\/schema\/logo\/image\/\",\"url\":\"https:\/\/gr-100.com\/wp-content\/uploads\/2023\/08\/logo-gr-100-bikes.png\",\"contentUrl\":\"https:\/\/gr-100.com\/wp-content\/uploads\/2023\/08\/logo-gr-100-bikes.png\",\"width\":707,\"height\":284,\"caption\":\"Gr-100\"},\"image\":{\"@id\":\"https:\/\/gr-100.com\/#\/schema\/logo\/image\/\"},\"sameAs\":[\"https:\/\/www.facebook.com\/Gr100Bikes\",\"https:\/\/www.instagram.com\/gr100bikes\/\",\"https:\/\/www.tiktok.com\/@gr100bikes\",\"https:\/\/twitter.com\/gr100mtbteam\",\"https:\/\/www.youtube.com\/c\/GR100Specialized\"]}]}<\/script>\n<!-- \/ Yoast SEO Premium plugin. -->","yoast_head_json":{"title":"Specialized Diverge Comp Carbono 2023 GR-100","description":"A moto mais r\u00e1pida, eficiente e talvez a mais divertida que j\u00e1 fizemos, oferecendo um passeio r\u00e1pido e animado.","robots":{"index":"index","follow":"follow","max-snippet":"max-snippet:-1","max-image-preview":"max-image-preview:large","max-video-preview":"max-video-preview:-1"},"canonical":"https:\/\/gr-100.com\/pt-pt\/producto\/especializada-diverge-comp-carbono-2023\/","og_locale":"pt_PT","og_type":"article","og_title":"Specialized Diverge Comp Carbono 2023","og_description":"A moto mais r\u00e1pida, eficiente e talvez a mais divertida que j\u00e1 fizemos, oferecendo um passeio r\u00e1pido e animado.","og_url":"https:\/\/gr-100.com\/pt-pt\/producto\/especializada-diverge-comp-carbono-2023\/","og_site_name":"Gr-100 Tienda de ciclismo Specialized","article_publisher":"https:\/\/www.facebook.com\/Gr100Bikes","article_modified_time":"2025-12-18T14:41:12+00:00","og_image":[{"width":1000,"height":1000,"url":"https:\/\/gr-100.com\/wp-content\/uploads\/2024\/05\/My-project-2-6-3.jpeg","type":"image\/jpeg"}],"twitter_card":"summary_large_image","twitter_misc":{"Tempo estimado de leitura":"1 minuto"},"schema":{"@context":"https:\/\/schema.org","@graph":[{"@type":"WebPage","@id":"https:\/\/gr-100.com\/pt-pt\/producto\/especializada-diverge-comp-carbono-2023\/","url":"https:\/\/gr-100.com\/pt-pt\/producto\/especializada-diverge-comp-carbono-2023\/","name":"Specialized Diverge Comp Carbono 2023 GR-100","isPartOf":{"@id":"https:\/\/gr-100.com\/#website"},"primaryImageOfPage":{"@id":"https:\/\/gr-100.com\/pt-pt\/producto\/especializada-diverge-comp-carbono-2023\/#primaryimage"},"image":{"@id":"https:\/\/gr-100.com\/pt-pt\/producto\/especializada-diverge-comp-carbono-2023\/#primaryimage"},"thumbnailUrl":"https:\/\/gr-100.com\/wp-content\/uploads\/2024\/05\/My-project-2-6-3.jpeg","datePublished":"2024-07-01T11:38:11+00:00","dateModified":"2025-12-18T14:41:12+00:00","description":"A moto mais r\u00e1pida, eficiente e talvez a mais divertida que j\u00e1 fizemos, oferecendo um passeio r\u00e1pido e animado.","breadcrumb":{"@id":"https:\/\/gr-100.com\/pt-pt\/producto\/especializada-diverge-comp-carbono-2023\/#breadcrumb"},"inLanguage":"pt-PT","potentialAction":[{"@type":"ReadAction","target":["https:\/\/gr-100.com\/pt-pt\/producto\/especializada-diverge-comp-carbono-2023\/"]}]},{"@type":"ImageObject","inLanguage":"pt-PT","@id":"https:\/\/gr-100.com\/pt-pt\/producto\/especializada-diverge-comp-carbono-2023\/#primaryimage","url":"https:\/\/gr-100.com\/wp-content\/uploads\/2024\/05\/My-project-2-6-3.jpeg","contentUrl":"https:\/\/gr-100.com\/wp-content\/uploads\/2024\/05\/My-project-2-6-3.jpeg","width":1000,"height":1000},{"@type":"BreadcrumbList","@id":"https:\/\/gr-100.com\/pt-pt\/producto\/especializada-diverge-comp-carbono-2023\/#breadcrumb","itemListElement":[{"@type":"ListItem","position":1,"name":"Portada","item":"https:\/\/gr-100.com\/en\/"},{"@type":"ListItem","position":2,"name":"Productos","item":"https:\/\/gr-100.com\/?post_type=product"},{"@type":"ListItem","position":3,"name":"Specialized Diverge Comp Carbono 2023"}]},{"@type":"WebSite","@id":"https:\/\/gr-100.com\/#website","url":"https:\/\/gr-100.com\/","name":"Gr-100 Tienda de ciclismo Specialized","description":"GR-100 tenemos todas las gamas de bicicletas Specialized al mejor precio.","publisher":{"@id":"https:\/\/gr-100.com\/#organization"},"alternateName":"Gr-100 Bikes","potentialAction":[{"@type":"SearchAction","target":{"@type":"EntryPoint","urlTemplate":"https:\/\/gr-100.com\/?s={search_term_string}"},"query-input":{"@type":"PropertyValueSpecification","valueRequired":true,"valueName":"search_term_string"}}],"inLanguage":"pt-PT"},{"@type":"Organization","@id":"https:\/\/gr-100.com\/#organization","name":"Gr-100","url":"https:\/\/gr-100.com\/","logo":{"@type":"ImageObject","inLanguage":"pt-PT","@id":"https:\/\/gr-100.com\/#\/schema\/logo\/image\/","url":"https:\/\/gr-100.com\/wp-content\/uploads\/2023\/08\/logo-gr-100-bikes.png","contentUrl":"https:\/\/gr-100.com\/wp-content\/uploads\/2023\/08\/logo-gr-100-bikes.png","width":707,"height":284,"caption":"Gr-100"},"image":{"@id":"https:\/\/gr-100.com\/#\/schema\/logo\/image\/"},"sameAs":["https:\/\/www.facebook.com\/Gr100Bikes","https:\/\/www.instagram.com\/gr100bikes\/","https:\/\/www.tiktok.com\/@gr100bikes","https:\/\/twitter.com\/gr100mtbteam","https:\/\/www.youtube.com\/c\/GR100Specialized"]}]}},"_links":{"self":[{"href":"https:\/\/gr-100.com\/pt-pt\/wp-json\/wp\/v2\/product\/386810","targetHints":{"allow":["GET"]}}],"collection":[{"href":"https:\/\/gr-100.com\/pt-pt\/wp-json\/wp\/v2\/product"}],"about":[{"href":"https:\/\/gr-100.com\/pt-pt\/wp-json\/wp\/v2\/types\/product"}],"replies":[{"embeddable":true,"href":"https:\/\/gr-100.com\/pt-pt\/wp-json\/wp\/v2\/comments?post=386810"}],"wp:featuredmedia":[{"embeddable":true,"href":"https:\/\/gr-100.com\/pt-pt\/wp-json\/wp\/v2\/media\/303912"}],"wp:attachment":[{"href":"https:\/\/gr-100.com\/pt-pt\/wp-json\/wp\/v2\/media?parent=386810"}],"wp:term":[{"taxonomy":"product_brand","embeddable":true,"href":"https:\/\/gr-100.com\/pt-pt\/wp-json\/wp\/v2\/product_brand?post=386810"},{"taxonomy":"product_cat","embeddable":true,"href":"https:\/\/gr-100.com\/pt-pt\/wp-json\/wp\/v2\/product_cat?post=386810"},{"taxonomy":"product_tag","embeddable":true,"href":"https:\/\/gr-100.com\/pt-pt\/wp-json\/wp\/v2\/product_tag?post=386810"}],"curies":[{"name":"wp","href":"https:\/\/api.w.org\/{rel}","templated":true}]}}