{"id":386811,"date":"2024-07-01T13:26:08","date_gmt":"2024-07-01T11:26:08","guid":{"rendered":"https:\/\/gr-100.com\/producto\/especializada-crux-comp-2023\/"},"modified":"2025-09-22T15:37:55","modified_gmt":"2025-09-22T13:37:55","slug":"especializada-crux-comp-2023","status":"publish","type":"product","link":"https:\/\/gr-100.com\/pt-pt\/producto\/especializada-crux-comp-2023\/","title":{"rendered":"Specialized Crux Comp 2023"},"content":{"rendered":"<div class=\"SpecContainer__Container-eipXEp fMYOwB\">\n<div class=\"SpecContainer__ComponentContainer-SZNDe hoFing\">\n<ul>\n<li class=\"TypographyTheme__StyledP-sjgqh SpecContainer__ComponentName-dXuQPK dUFIzb eQccEf\">POT\u00caNCIA<\/li>\n<li class=\"TypographyTheme__StyledP-sjgqh SpecContainer__ComponentName-dXuQPK dUFIzb eQccEf\">Specialized Liga, 30mm<\/li>\n<li class=\"TypographyTheme__StyledP-sjgqh SpecContainer__ComponentName-dXuQPK dUFIzb eQccEf\">SELIM<\/li>\n<li class=\"TypographyTheme__StyledP-sjgqh SpecContainer__ComponentName-dXuQPK dUFIzb eQccEf\">Geometria da carro\u00e7aria Power Sport, calhas de a\u00e7o<\/li>\n<li class=\"TypographyTheme__StyledP-sjgqh SpecContainer__ComponentName-dXuQPK dUFIzb eQccEf\">ESPIG\u00c3O ASSENTO<\/li>\n<li class=\"TypographyTheme__StyledP-sjgqh SpecContainer__ComponentName-dXuQPK dUFIzb eQccEf\">Roval Poste de assento Terra Carbon, 20mm Offset<\/li>\n<li class=\"TypographyTheme__StyledP-sjgqh SpecContainer__ComponentName-dXuQPK dUFIzb eQccEf\">ABRA\u00c7O.<br \/>\nSELIM <\/li>\n<li class=\"TypographyTheme__StyledP-sjgqh SpecContainer__ComponentName-dXuQPK dUFIzb eQccEf\">Specialized Liga, 30mm<\/li>\n<li class=\"TypographyTheme__StyledP-sjgqh SpecContainer__ComponentName-dXuQPK dUFIzb eQccEf\">GUID\u00c3O<\/li>\n<li class=\"TypographyTheme__StyledP-sjgqh SpecContainer__ComponentName-dXuQPK dUFIzb eQccEf\">Specialized Adventure Gear, queda de 118,9mm x alcance de 70mm x flare de 12\u00ba<\/li>\n<li class=\"TypographyTheme__StyledP-sjgqh SpecContainer__ComponentName-dXuQPK dUFIzb eQccEf\">FITA FITA<\/li>\n<li class=\"TypographyTheme__StyledP-sjgqh SpecContainer__ComponentName-dXuQPK dUFIzb eQccEf\">Supacaz Super Kush Pegajoso<\/li>\n<li class=\"TypographyTheme__StyledP-sjgqh SpecContainer__ComponentName-dXuQPK dUFIzb eQccEf\">RODAS &amp; PNEUS<\/li>\n<li class=\"TypographyTheme__StyledP-sjgqh SpecContainer__ComponentName-dXuQPK dUFIzb eQccEf\">C\u00c2MARAS<\/li>\n<li class=\"TypographyTheme__StyledP-sjgqh SpecContainer__ComponentName-dXuQPK dUFIzb eQccEf\">V\u00e1lvula Presta 700&#215;28\/38mm, 48mm<\/li>\n<li class=\"TypographyTheme__StyledP-sjgqh SpecContainer__ComponentName-dXuQPK dUFIzb eQccEf\">RODA TRASEIRA<\/li>\n<li class=\"TypographyTheme__StyledP-sjgqh SpecContainer__ComponentName-dXuQPK dUFIzb eQccEf\">Jante DT Swiss G540, largura interna de 24 mm, pronto sem tubo, 24h, Specialized eixo de rolamento totalmente selado especializado, disco de bloqueio central, raios de a\u00e7o inoxid\u00e1vel DT Swiss Champion 14G, mamilos de lat\u00e3o DT Swiss<\/li>\n<li class=\"TypographyTheme__StyledP-sjgqh SpecContainer__ComponentName-dXuQPK dUFIzb eQccEf\">RODA DIANTEIRA<\/li>\n<li class=\"TypographyTheme__StyledP-sjgqh SpecContainer__ComponentName-dXuQPK dUFIzb eQccEf\">Jante DT Swiss G540, largura interna de 24 mm, pronto sem tubo, 24h, Specialized eixo de rolamento totalmente selado especializado, disco de bloqueio central, raios de a\u00e7o inoxid\u00e1vel DT Swiss Champion 14G, mamilos de lat\u00e3o DT Swiss<\/li>\n<li class=\"TypographyTheme__StyledP-sjgqh SpecContainer__ComponentName-dXuQPK dUFIzb eQccEf\">PNEU.<\/li>\n<li class=\"TypographyTheme__StyledP-sjgqh SpecContainer__ComponentName-dXuQPK dUFIzb eQccEf\">Desbravador Pro 2BR, 700&#215;38<\/li>\n<li class=\"TypographyTheme__StyledP-sjgqh SpecContainer__ComponentName-dXuQPK dUFIzb eQccEf\">PNEU TRASEIRO<\/li>\n<li class=\"TypographyTheme__StyledP-sjgqh SpecContainer__ComponentName-dXuQPK dUFIzb eQccEf\">Desbravador Pro 2BR, 700&#215;38<\/li>\n<li class=\"TypographyTheme__StyledP-sjgqh SpecContainer__ComponentName-dXuQPK dUFIzb eQccEf\">CONJUNTO DE QUADROS<\/li>\n<li class=\"TypographyTheme__StyledP-sjgqh SpecContainer__ComponentName-dXuQPK dUFIzb eQccEf\">IMAGEM<\/li>\n<li class=\"TypographyTheme__StyledP-sjgqh SpecContainer__ComponentName-dXuQPK dUFIzb eQccEf\">Crux FACT 10r Carbon, Rider First Engineered\u2122, Threaded BB, 12x142mm thru-axle, disco de montagem plana<\/li>\n<li class=\"TypographyTheme__StyledP-sjgqh SpecContainer__ComponentName-dXuQPK dUFIzb eQccEf\">TRANSMISS\u00c3O<\/li>\n<li class=\"TypographyTheme__StyledP-sjgqh SpecContainer__ComponentName-dXuQPK dUFIzb eQccEf\">CADEIA<\/li>\n<li class=\"TypographyTheme__StyledP-sjgqh SpecContainer__ComponentName-dXuQPK dUFIzb eQccEf\">KMC X11 Extra leve, 11 velocidades<\/li>\n<li class=\"TypographyTheme__StyledP-sjgqh SpecContainer__ComponentName-dXuQPK dUFIzb eQccEf\">CONTROLOS DE MUDAN\u00c7A DE VELOCIDADE<\/li>\n<li class=\"TypographyTheme__StyledP-sjgqh SpecContainer__ComponentName-dXuQPK dUFIzb eQccEf\">SRAM Rival<\/li>\n<li class=\"TypographyTheme__StyledP-sjgqh SpecContainer__ComponentName-dXuQPK dUFIzb eQccEf\">SUPORTE INFERIOR<\/li>\n<li class=\"TypographyTheme__StyledP-sjgqh SpecContainer__ComponentName-dXuQPK dUFIzb eQccEf\">SRAM GXP<\/li>\n<li class=\"TypographyTheme__StyledP-sjgqh SpecContainer__ComponentName-dXuQPK dUFIzb eQccEf\">MUDAN\u00c7A<\/li>\n<li class=\"TypographyTheme__StyledP-sjgqh SpecContainer__ComponentName-dXuQPK dUFIzb eQccEf\">SRAM Rival 1, gaiola longa<\/li>\n<li class=\"TypographyTheme__StyledP-sjgqh SpecContainer__ComponentName-dXuQPK dUFIzb eQccEf\">SUPORTE INFERIOR<\/li>\n<li class=\"TypographyTheme__StyledP-sjgqh SpecContainer__ComponentName-dXuQPK dUFIzb eQccEf\">SRAM Rival 1x<\/li>\n<li class=\"TypographyTheme__StyledP-sjgqh SpecContainer__ComponentName-dXuQPK dUFIzb eQccEf\">PRATOS<\/li>\n<li class=\"TypographyTheme__StyledP-sjgqh SpecContainer__ComponentName-dXuQPK dUFIzb eQccEf\">40T<\/li>\n<li class=\"TypographyTheme__StyledP-sjgqh SpecContainer__ComponentName-dXuQPK dUFIzb eQccEf\"><\/li>\n<li class=\"TypographyTheme__StyledP-sjgqh SpecContainer__ComponentName-dXuQPK dUFIzb eQccEf\">SunRace, 11 velocidades, 11-42t<\/li>\n<li class=\"TypographyTheme__StyledP-sjgqh SpecContainer__ComponentName-dXuQPK dUFIzb eQccEf\">GARFO<\/li>\n<li class=\"TypographyTheme__StyledP-sjgqh SpecContainer__ComponentName-dXuQPK dUFIzb eQccEf\">GARFO<\/li>\n<li class=\"TypographyTheme__StyledP-sjgqh SpecContainer__ComponentName-dXuQPK dUFIzb eQccEf\">FACTO 12R Carbono, eixo thru 12x100mm, disco de montagem plana<\/li>\n<li class=\"TypographyTheme__StyledP-sjgqh SpecContainer__ComponentName-dXuQPK dUFIzb eQccEf\">TRAV\u00d5ES<\/li>\n<li class=\"TypographyTheme__StyledP-sjgqh SpecContainer__ComponentName-dXuQPK dUFIzb eQccEf\">TRAV\u00c3O DIANTEIRO<\/li>\n<li class=\"TypographyTheme__StyledP-sjgqh SpecContainer__ComponentName-dXuQPK dUFIzb eQccEf\">SRAM Rival, disco hidr\u00e1ulico<\/li>\n<li class=\"TypographyTheme__StyledP-sjgqh SpecContainer__ComponentName-dXuQPK dUFIzb eQccEf\">TRAV\u00c3O TRASEIRO<\/li>\n<li class=\"TypographyTheme__StyledP-sjgqh SpecContainer__ComponentName-dXuQPK dUFIzb eQccEf\">SRAM Rival, disco hidr\u00e1ulico<\/li>\n<li class=\"TypographyTheme__StyledP-sjgqh SpecContainer__ComponentName-dXuQPK dUFIzb eQccEf\">ACESS\u00d3RIOS<\/li>\n<li class=\"TypographyTheme__StyledP-sjgqh SpecContainer__ComponentName-dXuQPK dUFIzb eQccEf\">PEDAIS<\/li>\n<li class=\"TypographyTheme__StyledP-sjgqh SpecContainer__ComponentName-dXuQPK dUFIzb eQccEf\">PEDAL, PEDAIS TEST RIDE FORNECIDOS PELA SPECIALIZED<\/li>\n<\/ul>\n<\/div>\n<\/div>\n","protected":false},"excerpt":{"rendered":"<p>O Crux Comp vem equipado com o grupo de discos hidr\u00e1ulicos SRAM Rival 1, com mudan\u00e7as intuitivas e suaves, rodas de disco DT G540 incrivelmente fortes e pneus Pro Pathfinder Pro de 700 x 38 mm para oferecer seguran\u00e7a em terrenos acidentados.<\/p>\n","protected":false},"featured_media":303217,"comment_status":"closed","ping_status":"closed","template":"","meta":{"_acf_changed":false,"_et_pb_use_builder":"","_et_pb_old_content":"","_et_gb_content_width":"","inline_featured_image":false},"product_brand":[],"product_cat":[2459,3346,2483],"product_tag":[],"class_list":{"0":"post-386811","1":"product","2":"type-product","3":"status-publish","4":"has-post-thumbnail","6":"product_cat-bicicletas-pt-pt-2","7":"product_cat-bicicletas-de-cascalho","8":"product_cat-bicicletas-especializadas","9":"product_shipping_class-bicicletas-pt-pt","11":"first","12":"outofstock","13":"taxable","14":"shipping-taxable","15":"product-type-variable","16":"wvs-archive-product-wrapper"},"acf":[],"yoast_head":"<!-- This site is optimized with the Yoast SEO Premium plugin v26.7 (Yoast SEO v26.7) - https:\/\/yoast.com\/wordpress\/plugins\/seo\/ -->\n<title>Specialized Crux Comp 2023 GR_100<\/title>\n<meta name=\"description\" content=\"O grupo de discos hidr\u00e1ulicos SRAM Rival 1, com mudan\u00e7as intuitivas e suaves, rodas de disco DT G540 e pneus Pathfinder Pro de 700 x 38 mm\" \/>\n<meta name=\"robots\" content=\"index, follow, max-snippet:-1, max-image-preview:large, max-video-preview:-1\" \/>\n<link rel=\"canonical\" href=\"https:\/\/gr-100.com\/pt-pt\/producto\/especializada-crux-comp-2023\/\" \/>\n<meta property=\"og:locale\" content=\"pt_PT\" \/>\n<meta property=\"og:type\" content=\"article\" \/>\n<meta property=\"og:title\" content=\"Specialized Crux Comp 2023\" \/>\n<meta property=\"og:description\" content=\"O grupo de discos hidr\u00e1ulicos SRAM Rival 1, com mudan\u00e7as intuitivas e suaves, rodas de disco DT G540 e pneus Pathfinder Pro de 700 x 38 mm\" \/>\n<meta property=\"og:url\" content=\"https:\/\/gr-100.com\/pt-pt\/producto\/especializada-crux-comp-2023\/\" \/>\n<meta property=\"og:site_name\" content=\"Gr-100 Tienda de ciclismo Specialized\" \/>\n<meta property=\"article:publisher\" content=\"https:\/\/www.facebook.com\/Gr100Bikes\" \/>\n<meta property=\"article:modified_time\" content=\"2025-09-22T13:37:55+00:00\" \/>\n<meta property=\"og:image\" content=\"https:\/\/gr-100.com\/wp-content\/uploads\/2024\/05\/My-project-1-9.jpeg\" \/>\n\t<meta property=\"og:image:width\" content=\"1200\" \/>\n\t<meta property=\"og:image:height\" content=\"1200\" \/>\n\t<meta property=\"og:image:type\" content=\"image\/jpeg\" \/>\n<meta name=\"twitter:card\" content=\"summary_large_image\" \/>\n<meta name=\"twitter:label1\" content=\"Tempo estimado de leitura\" \/>\n\t<meta name=\"twitter:data1\" content=\"1 minuto\" \/>\n<script type=\"application\/ld+json\" class=\"yoast-schema-graph\">{\"@context\":\"https:\/\/schema.org\",\"@graph\":[{\"@type\":\"WebPage\",\"@id\":\"https:\/\/gr-100.com\/pt-pt\/producto\/especializada-crux-comp-2023\/\",\"url\":\"https:\/\/gr-100.com\/pt-pt\/producto\/especializada-crux-comp-2023\/\",\"name\":\"Specialized Crux Comp 2023 GR_100\",\"isPartOf\":{\"@id\":\"https:\/\/gr-100.com\/#website\"},\"primaryImageOfPage\":{\"@id\":\"https:\/\/gr-100.com\/pt-pt\/producto\/especializada-crux-comp-2023\/#primaryimage\"},\"image\":{\"@id\":\"https:\/\/gr-100.com\/pt-pt\/producto\/especializada-crux-comp-2023\/#primaryimage\"},\"thumbnailUrl\":\"https:\/\/gr-100.com\/wp-content\/uploads\/2024\/05\/My-project-1-9.jpeg\",\"datePublished\":\"2024-07-01T11:26:08+00:00\",\"dateModified\":\"2025-09-22T13:37:55+00:00\",\"description\":\"O grupo de discos hidr\u00e1ulicos SRAM Rival 1, com mudan\u00e7as intuitivas e suaves, rodas de disco DT G540 e pneus Pathfinder Pro de 700 x 38 mm\",\"breadcrumb\":{\"@id\":\"https:\/\/gr-100.com\/pt-pt\/producto\/especializada-crux-comp-2023\/#breadcrumb\"},\"inLanguage\":\"pt-PT\",\"potentialAction\":[{\"@type\":\"ReadAction\",\"target\":[\"https:\/\/gr-100.com\/pt-pt\/producto\/especializada-crux-comp-2023\/\"]}]},{\"@type\":\"ImageObject\",\"inLanguage\":\"pt-PT\",\"@id\":\"https:\/\/gr-100.com\/pt-pt\/producto\/especializada-crux-comp-2023\/#primaryimage\",\"url\":\"https:\/\/gr-100.com\/wp-content\/uploads\/2024\/05\/My-project-1-9.jpeg\",\"contentUrl\":\"https:\/\/gr-100.com\/wp-content\/uploads\/2024\/05\/My-project-1-9.jpeg\",\"width\":1200,\"height\":1200},{\"@type\":\"BreadcrumbList\",\"@id\":\"https:\/\/gr-100.com\/pt-pt\/producto\/especializada-crux-comp-2023\/#breadcrumb\",\"itemListElement\":[{\"@type\":\"ListItem\",\"position\":1,\"name\":\"Portada\",\"item\":\"https:\/\/gr-100.com\/en\/\"},{\"@type\":\"ListItem\",\"position\":2,\"name\":\"Productos\",\"item\":\"https:\/\/gr-100.com\/?post_type=product\"},{\"@type\":\"ListItem\",\"position\":3,\"name\":\"Specialized Crux Comp 2023\"}]},{\"@type\":\"WebSite\",\"@id\":\"https:\/\/gr-100.com\/#website\",\"url\":\"https:\/\/gr-100.com\/\",\"name\":\"Gr-100 Tienda de ciclismo Specialized\",\"description\":\"GR-100 tenemos todas las gamas de bicicletas Specialized al mejor precio.\",\"publisher\":{\"@id\":\"https:\/\/gr-100.com\/#organization\"},\"alternateName\":\"Gr-100 Bikes\",\"potentialAction\":[{\"@type\":\"SearchAction\",\"target\":{\"@type\":\"EntryPoint\",\"urlTemplate\":\"https:\/\/gr-100.com\/?s={search_term_string}\"},\"query-input\":{\"@type\":\"PropertyValueSpecification\",\"valueRequired\":true,\"valueName\":\"search_term_string\"}}],\"inLanguage\":\"pt-PT\"},{\"@type\":\"Organization\",\"@id\":\"https:\/\/gr-100.com\/#organization\",\"name\":\"Gr-100\",\"url\":\"https:\/\/gr-100.com\/\",\"logo\":{\"@type\":\"ImageObject\",\"inLanguage\":\"pt-PT\",\"@id\":\"https:\/\/gr-100.com\/#\/schema\/logo\/image\/\",\"url\":\"https:\/\/gr-100.com\/wp-content\/uploads\/2023\/08\/logo-gr-100-bikes.png\",\"contentUrl\":\"https:\/\/gr-100.com\/wp-content\/uploads\/2023\/08\/logo-gr-100-bikes.png\",\"width\":707,\"height\":284,\"caption\":\"Gr-100\"},\"image\":{\"@id\":\"https:\/\/gr-100.com\/#\/schema\/logo\/image\/\"},\"sameAs\":[\"https:\/\/www.facebook.com\/Gr100Bikes\",\"https:\/\/www.instagram.com\/gr100bikes\/\",\"https:\/\/www.tiktok.com\/@gr100bikes\",\"https:\/\/twitter.com\/gr100mtbteam\",\"https:\/\/www.youtube.com\/c\/GR100Specialized\"]}]}<\/script>\n<!-- \/ Yoast SEO Premium plugin. -->","yoast_head_json":{"title":"Specialized Crux Comp 2023 GR_100","description":"O grupo de discos hidr\u00e1ulicos SRAM Rival 1, com mudan\u00e7as intuitivas e suaves, rodas de disco DT G540 e pneus Pathfinder Pro de 700 x 38 mm","robots":{"index":"index","follow":"follow","max-snippet":"max-snippet:-1","max-image-preview":"max-image-preview:large","max-video-preview":"max-video-preview:-1"},"canonical":"https:\/\/gr-100.com\/pt-pt\/producto\/especializada-crux-comp-2023\/","og_locale":"pt_PT","og_type":"article","og_title":"Specialized Crux Comp 2023","og_description":"O grupo de discos hidr\u00e1ulicos SRAM Rival 1, com mudan\u00e7as intuitivas e suaves, rodas de disco DT G540 e pneus Pathfinder Pro de 700 x 38 mm","og_url":"https:\/\/gr-100.com\/pt-pt\/producto\/especializada-crux-comp-2023\/","og_site_name":"Gr-100 Tienda de ciclismo Specialized","article_publisher":"https:\/\/www.facebook.com\/Gr100Bikes","article_modified_time":"2025-09-22T13:37:55+00:00","og_image":[{"width":1200,"height":1200,"url":"https:\/\/gr-100.com\/wp-content\/uploads\/2024\/05\/My-project-1-9.jpeg","type":"image\/jpeg"}],"twitter_card":"summary_large_image","twitter_misc":{"Tempo estimado de leitura":"1 minuto"},"schema":{"@context":"https:\/\/schema.org","@graph":[{"@type":"WebPage","@id":"https:\/\/gr-100.com\/pt-pt\/producto\/especializada-crux-comp-2023\/","url":"https:\/\/gr-100.com\/pt-pt\/producto\/especializada-crux-comp-2023\/","name":"Specialized Crux Comp 2023 GR_100","isPartOf":{"@id":"https:\/\/gr-100.com\/#website"},"primaryImageOfPage":{"@id":"https:\/\/gr-100.com\/pt-pt\/producto\/especializada-crux-comp-2023\/#primaryimage"},"image":{"@id":"https:\/\/gr-100.com\/pt-pt\/producto\/especializada-crux-comp-2023\/#primaryimage"},"thumbnailUrl":"https:\/\/gr-100.com\/wp-content\/uploads\/2024\/05\/My-project-1-9.jpeg","datePublished":"2024-07-01T11:26:08+00:00","dateModified":"2025-09-22T13:37:55+00:00","description":"O grupo de discos hidr\u00e1ulicos SRAM Rival 1, com mudan\u00e7as intuitivas e suaves, rodas de disco DT G540 e pneus Pathfinder Pro de 700 x 38 mm","breadcrumb":{"@id":"https:\/\/gr-100.com\/pt-pt\/producto\/especializada-crux-comp-2023\/#breadcrumb"},"inLanguage":"pt-PT","potentialAction":[{"@type":"ReadAction","target":["https:\/\/gr-100.com\/pt-pt\/producto\/especializada-crux-comp-2023\/"]}]},{"@type":"ImageObject","inLanguage":"pt-PT","@id":"https:\/\/gr-100.com\/pt-pt\/producto\/especializada-crux-comp-2023\/#primaryimage","url":"https:\/\/gr-100.com\/wp-content\/uploads\/2024\/05\/My-project-1-9.jpeg","contentUrl":"https:\/\/gr-100.com\/wp-content\/uploads\/2024\/05\/My-project-1-9.jpeg","width":1200,"height":1200},{"@type":"BreadcrumbList","@id":"https:\/\/gr-100.com\/pt-pt\/producto\/especializada-crux-comp-2023\/#breadcrumb","itemListElement":[{"@type":"ListItem","position":1,"name":"Portada","item":"https:\/\/gr-100.com\/en\/"},{"@type":"ListItem","position":2,"name":"Productos","item":"https:\/\/gr-100.com\/?post_type=product"},{"@type":"ListItem","position":3,"name":"Specialized Crux Comp 2023"}]},{"@type":"WebSite","@id":"https:\/\/gr-100.com\/#website","url":"https:\/\/gr-100.com\/","name":"Gr-100 Tienda de ciclismo Specialized","description":"GR-100 tenemos todas las gamas de bicicletas Specialized al mejor precio.","publisher":{"@id":"https:\/\/gr-100.com\/#organization"},"alternateName":"Gr-100 Bikes","potentialAction":[{"@type":"SearchAction","target":{"@type":"EntryPoint","urlTemplate":"https:\/\/gr-100.com\/?s={search_term_string}"},"query-input":{"@type":"PropertyValueSpecification","valueRequired":true,"valueName":"search_term_string"}}],"inLanguage":"pt-PT"},{"@type":"Organization","@id":"https:\/\/gr-100.com\/#organization","name":"Gr-100","url":"https:\/\/gr-100.com\/","logo":{"@type":"ImageObject","inLanguage":"pt-PT","@id":"https:\/\/gr-100.com\/#\/schema\/logo\/image\/","url":"https:\/\/gr-100.com\/wp-content\/uploads\/2023\/08\/logo-gr-100-bikes.png","contentUrl":"https:\/\/gr-100.com\/wp-content\/uploads\/2023\/08\/logo-gr-100-bikes.png","width":707,"height":284,"caption":"Gr-100"},"image":{"@id":"https:\/\/gr-100.com\/#\/schema\/logo\/image\/"},"sameAs":["https:\/\/www.facebook.com\/Gr100Bikes","https:\/\/www.instagram.com\/gr100bikes\/","https:\/\/www.tiktok.com\/@gr100bikes","https:\/\/twitter.com\/gr100mtbteam","https:\/\/www.youtube.com\/c\/GR100Specialized"]}]}},"_links":{"self":[{"href":"https:\/\/gr-100.com\/pt-pt\/wp-json\/wp\/v2\/product\/386811","targetHints":{"allow":["GET"]}}],"collection":[{"href":"https:\/\/gr-100.com\/pt-pt\/wp-json\/wp\/v2\/product"}],"about":[{"href":"https:\/\/gr-100.com\/pt-pt\/wp-json\/wp\/v2\/types\/product"}],"replies":[{"embeddable":true,"href":"https:\/\/gr-100.com\/pt-pt\/wp-json\/wp\/v2\/comments?post=386811"}],"wp:featuredmedia":[{"embeddable":true,"href":"https:\/\/gr-100.com\/pt-pt\/wp-json\/wp\/v2\/media\/303217"}],"wp:attachment":[{"href":"https:\/\/gr-100.com\/pt-pt\/wp-json\/wp\/v2\/media?parent=386811"}],"wp:term":[{"taxonomy":"product_brand","embeddable":true,"href":"https:\/\/gr-100.com\/pt-pt\/wp-json\/wp\/v2\/product_brand?post=386811"},{"taxonomy":"product_cat","embeddable":true,"href":"https:\/\/gr-100.com\/pt-pt\/wp-json\/wp\/v2\/product_cat?post=386811"},{"taxonomy":"product_tag","embeddable":true,"href":"https:\/\/gr-100.com\/pt-pt\/wp-json\/wp\/v2\/product_tag?post=386811"}],"curies":[{"name":"wp","href":"https:\/\/api.w.org\/{rel}","templated":true}]}}