{"id":386884,"date":"2024-07-01T13:21:46","date_gmt":"2024-07-01T11:21:46","guid":{"rendered":"https:\/\/gr-100.com\/producto\/especialista-diverge-e5-evo-2023\/"},"modified":"2025-12-06T22:47:04","modified_gmt":"2025-12-06T20:47:04","slug":"especialista-diverge-e5-evo-2023","status":"publish","type":"product","link":"https:\/\/gr-100.com\/pt-pt\/producto\/especialista-diverge-e5-evo-2023\/","title":{"rendered":"Specialized Diverge E5 EVO 2023"},"content":{"rendered":"<p>Aumentamos significativamente o alcance, afrouxamos o tubo da cabe\u00e7a e baixamos o suporte inferior, para coloc\u00e1-lo na moto para uma sensa\u00e7\u00e3o super plantada. De enviar trilhas t\u00e9cnicas exclusivas a descidas por caminhos de fogo fluindo e rasgando, se voc\u00ea est\u00e1 procurando um companheiro para levar sua pilotagem de cascalho a novos n\u00edveis, nada \u00e9 mais r\u00e1pido, mais divertido ou mais alto do que o Diverge EVO. Com uma estrutura de alum\u00ednio Premium E5 e o nosso mais recente Future Shock 2.0 com um choque hidr\u00e1ulico ajust\u00e1vel que proporciona 20 mm de curso, o Diverge Expert E5 est\u00e1 especialmente classificado para enfrentar trilhos agressivos a alta velocidade. A constru\u00e7\u00e3o da moto \u00e9 MTB, com mudan\u00e7as SRAM GX Eagle 1&#215;12 e poder de parada adicional gra\u00e7as aos freios SRAM Level TLM. Um poste conta-gotas TranzX \u00e9 de s\u00e9rie, bem como o nosso mais recente pneu de gravilha concebido para uma tra\u00e7\u00e3o incr\u00edvel, o novo Rhombus Pro de 42 mm, nas jantes de liga leve DT Swiss G540.<\/p>\n<ul>\n<li>Estrutura: Specialized E5 Premium, Suspens\u00e3o de Choque Futuro, Geometria EVO espec\u00edfica de 1x, BB roscado, roteamento interno, eixo thru de 12x142mm, disco de suporte plano<br \/>\nForquilha: Future Shock 1.5 com correia lisa, carbono FACT, eixo thru de 12x100mm, montagem plana<\/li>\n<li>Grupo<\/li>\n<li>Descarrilador traseiro: SRAM GX Eagle, 12 velocidades<\/li>\n<li>Shifters: SRAM GX Eagle, 12 velocidades<\/li>\n<li>Pedaleira: SRAM Rival 1 Wide<\/li>\n<li>An\u00e9is: 38T<\/li>\n<li>: SRAM NX Eagle PG 1230, 12 velocidades, 11-50t<\/li>\n<li>Freio dianteiro: SRAM n\u00edvel TLM, disco hidr\u00e1ulico, rotor CenterLine de 160 mm<\/li>\n<li>Freio traseiro: SRAM N\u00edvel TLM, Disco hidr\u00e1ulico, Disco CenterLine de 160mm<\/li>\n<li>Corrente: SRAM GX Eagle, 12 velocidades<\/li>\n<li>Suporte inferior: SRAM DUB BSA 68 wide<\/li>\n<li>Rodas<\/li>\n<li>Jantes: Jante DT Swiss G540, largura interna de 24mm, pronto sem tubo, 24 raios, cubo de rolamento totalmente selado Specialized, disco de bloqueio central, raios de a\u00e7o inoxid\u00e1vel DT Swiss Champion 14G, mamilos de lat\u00e3o DT Swiss<\/li>\n<li>Pneus: Rhombus Pro, 2Bliss Ready, 700&#215;42 mm<\/li>\n<li>Componentes<\/li>\n<li>Guiador: Minirise de liga especializada, eleva\u00e7\u00e3o de 6,5 mm, 750 mm, bra\u00e7adeira de 31,8 mm<\/li>\n<li>Kindred: Futuro Kindred, Comp<\/li>\n<li>Selim: Body Geometry Power Sport, trilhos de a\u00e7o<\/li>\n<li>Poste de assento: TranzX Dropper, 27.2mm, 90mm de curso<\/li>\n<\/ul>\n","protected":false},"excerpt":{"rendered":"<p>Entre no novo Diverge Expert EVO 2023 e conte-nos.<br \/>\nFoi concebido para ser agressivo, para ultrapassar os limites do que pens\u00e1vamos ser poss\u00edvel numa moto de gravilha.<br \/>\nCom barras planas e uma geometria ainda mais progressiva do que a nova barra suspensa Diverge.<\/p>\n","protected":false},"featured_media":302946,"comment_status":"closed","ping_status":"closed","template":"","meta":{"_acf_changed":false,"_et_pb_use_builder":"","_et_pb_old_content":"","_et_gb_content_width":"","inline_featured_image":false},"product_brand":[],"product_cat":[2459,3346,2460,3469,2696],"product_tag":[],"class_list":{"0":"post-386884","1":"product","2":"type-product","3":"status-publish","4":"has-post-thumbnail","6":"product_cat-bicicletas-pt-pt-2","7":"product_cat-bicicletas-de-cascalho","8":"product_cat-ofertas-pt-pt","9":"product_cat-oferta-cascalho","10":"product_cat-ofertas-especializadas","11":"product_shipping_class-bicicletas-pt-pt","13":"first","14":"outofstock","15":"taxable","16":"shipping-taxable","17":"product-type-variable","18":"wvs-archive-product-wrapper"},"acf":[],"yoast_head":"<!-- This site is optimized with the Yoast SEO Premium plugin v26.7 (Yoast SEO v26.7) - https:\/\/yoast.com\/wordpress\/plugins\/seo\/ -->\n<title>Specialized Diverge E5 EVO 2023 GR-100 Ofertas<\/title>\n<meta name=\"description\" content=\"Diver Expert EVO 2023. Quadro de alum\u00ednio Premium E5 e nosso mais recente choque hidr\u00e1ulico Future Shock 2.0 ajust\u00e1vel que oferece 20 mm de curso.\" \/>\n<meta name=\"robots\" content=\"index, follow, max-snippet:-1, max-image-preview:large, max-video-preview:-1\" \/>\n<link rel=\"canonical\" href=\"https:\/\/gr-100.com\/pt-pt\/producto\/especialista-diverge-e5-evo-2023\/\" \/>\n<meta property=\"og:locale\" content=\"pt_PT\" \/>\n<meta property=\"og:type\" content=\"article\" \/>\n<meta property=\"og:title\" content=\"Specialized Diverge E5 EVO 2023\" \/>\n<meta property=\"og:description\" content=\"Diver Expert EVO 2023. Quadro de alum\u00ednio Premium E5 e nosso mais recente choque hidr\u00e1ulico Future Shock 2.0 ajust\u00e1vel que oferece 20 mm de curso.\" \/>\n<meta property=\"og:url\" content=\"https:\/\/gr-100.com\/pt-pt\/producto\/especialista-diverge-e5-evo-2023\/\" \/>\n<meta property=\"og:site_name\" content=\"Gr-100 Tienda de ciclismo Specialized\" \/>\n<meta property=\"article:publisher\" content=\"https:\/\/www.facebook.com\/Gr100Bikes\" \/>\n<meta property=\"article:modified_time\" content=\"2025-12-06T20:47:04+00:00\" \/>\n<meta property=\"og:image\" content=\"https:\/\/gr-100.com\/wp-content\/uploads\/2024\/05\/My-project-3-5.jpeg\" \/>\n\t<meta property=\"og:image:width\" content=\"1200\" \/>\n\t<meta property=\"og:image:height\" content=\"1200\" \/>\n\t<meta property=\"og:image:type\" content=\"image\/jpeg\" \/>\n<meta name=\"twitter:card\" content=\"summary_large_image\" \/>\n<meta name=\"twitter:label1\" content=\"Tempo estimado de leitura\" \/>\n\t<meta name=\"twitter:data1\" content=\"2 minutos\" \/>\n<script type=\"application\/ld+json\" class=\"yoast-schema-graph\">{\"@context\":\"https:\/\/schema.org\",\"@graph\":[{\"@type\":\"WebPage\",\"@id\":\"https:\/\/gr-100.com\/pt-pt\/producto\/especialista-diverge-e5-evo-2023\/\",\"url\":\"https:\/\/gr-100.com\/pt-pt\/producto\/especialista-diverge-e5-evo-2023\/\",\"name\":\"Specialized Diverge E5 EVO 2023 GR-100 Ofertas\",\"isPartOf\":{\"@id\":\"https:\/\/gr-100.com\/#website\"},\"primaryImageOfPage\":{\"@id\":\"https:\/\/gr-100.com\/pt-pt\/producto\/especialista-diverge-e5-evo-2023\/#primaryimage\"},\"image\":{\"@id\":\"https:\/\/gr-100.com\/pt-pt\/producto\/especialista-diverge-e5-evo-2023\/#primaryimage\"},\"thumbnailUrl\":\"https:\/\/gr-100.com\/wp-content\/uploads\/2024\/05\/My-project-3-5.jpeg\",\"datePublished\":\"2024-07-01T11:21:46+00:00\",\"dateModified\":\"2025-12-06T20:47:04+00:00\",\"description\":\"Diver Expert EVO 2023. Quadro de alum\u00ednio Premium E5 e nosso mais recente choque hidr\u00e1ulico Future Shock 2.0 ajust\u00e1vel que oferece 20 mm de curso.\",\"breadcrumb\":{\"@id\":\"https:\/\/gr-100.com\/pt-pt\/producto\/especialista-diverge-e5-evo-2023\/#breadcrumb\"},\"inLanguage\":\"pt-PT\",\"potentialAction\":[{\"@type\":\"ReadAction\",\"target\":[\"https:\/\/gr-100.com\/pt-pt\/producto\/especialista-diverge-e5-evo-2023\/\"]}]},{\"@type\":\"ImageObject\",\"inLanguage\":\"pt-PT\",\"@id\":\"https:\/\/gr-100.com\/pt-pt\/producto\/especialista-diverge-e5-evo-2023\/#primaryimage\",\"url\":\"https:\/\/gr-100.com\/wp-content\/uploads\/2024\/05\/My-project-3-5.jpeg\",\"contentUrl\":\"https:\/\/gr-100.com\/wp-content\/uploads\/2024\/05\/My-project-3-5.jpeg\",\"width\":1200,\"height\":1200},{\"@type\":\"BreadcrumbList\",\"@id\":\"https:\/\/gr-100.com\/pt-pt\/producto\/especialista-diverge-e5-evo-2023\/#breadcrumb\",\"itemListElement\":[{\"@type\":\"ListItem\",\"position\":1,\"name\":\"Portada\",\"item\":\"https:\/\/gr-100.com\/en\/\"},{\"@type\":\"ListItem\",\"position\":2,\"name\":\"Productos\",\"item\":\"https:\/\/gr-100.com\/?post_type=product\"},{\"@type\":\"ListItem\",\"position\":3,\"name\":\"Specialized Diverge E5 EVO 2023\"}]},{\"@type\":\"WebSite\",\"@id\":\"https:\/\/gr-100.com\/#website\",\"url\":\"https:\/\/gr-100.com\/\",\"name\":\"Gr-100 Tienda de ciclismo Specialized\",\"description\":\"GR-100 tenemos todas las gamas de bicicletas Specialized al mejor precio.\",\"publisher\":{\"@id\":\"https:\/\/gr-100.com\/#organization\"},\"alternateName\":\"Gr-100 Bikes\",\"potentialAction\":[{\"@type\":\"SearchAction\",\"target\":{\"@type\":\"EntryPoint\",\"urlTemplate\":\"https:\/\/gr-100.com\/?s={search_term_string}\"},\"query-input\":{\"@type\":\"PropertyValueSpecification\",\"valueRequired\":true,\"valueName\":\"search_term_string\"}}],\"inLanguage\":\"pt-PT\"},{\"@type\":\"Organization\",\"@id\":\"https:\/\/gr-100.com\/#organization\",\"name\":\"Gr-100\",\"url\":\"https:\/\/gr-100.com\/\",\"logo\":{\"@type\":\"ImageObject\",\"inLanguage\":\"pt-PT\",\"@id\":\"https:\/\/gr-100.com\/#\/schema\/logo\/image\/\",\"url\":\"https:\/\/gr-100.com\/wp-content\/uploads\/2023\/08\/logo-gr-100-bikes.png\",\"contentUrl\":\"https:\/\/gr-100.com\/wp-content\/uploads\/2023\/08\/logo-gr-100-bikes.png\",\"width\":707,\"height\":284,\"caption\":\"Gr-100\"},\"image\":{\"@id\":\"https:\/\/gr-100.com\/#\/schema\/logo\/image\/\"},\"sameAs\":[\"https:\/\/www.facebook.com\/Gr100Bikes\",\"https:\/\/www.instagram.com\/gr100bikes\/\",\"https:\/\/www.tiktok.com\/@gr100bikes\",\"https:\/\/twitter.com\/gr100mtbteam\",\"https:\/\/www.youtube.com\/c\/GR100Specialized\"]}]}<\/script>\n<!-- \/ Yoast SEO Premium plugin. -->","yoast_head_json":{"title":"Specialized Diverge E5 EVO 2023 GR-100 Ofertas","description":"Diver Expert EVO 2023. Quadro de alum\u00ednio Premium E5 e nosso mais recente choque hidr\u00e1ulico Future Shock 2.0 ajust\u00e1vel que oferece 20 mm de curso.","robots":{"index":"index","follow":"follow","max-snippet":"max-snippet:-1","max-image-preview":"max-image-preview:large","max-video-preview":"max-video-preview:-1"},"canonical":"https:\/\/gr-100.com\/pt-pt\/producto\/especialista-diverge-e5-evo-2023\/","og_locale":"pt_PT","og_type":"article","og_title":"Specialized Diverge E5 EVO 2023","og_description":"Diver Expert EVO 2023. Quadro de alum\u00ednio Premium E5 e nosso mais recente choque hidr\u00e1ulico Future Shock 2.0 ajust\u00e1vel que oferece 20 mm de curso.","og_url":"https:\/\/gr-100.com\/pt-pt\/producto\/especialista-diverge-e5-evo-2023\/","og_site_name":"Gr-100 Tienda de ciclismo Specialized","article_publisher":"https:\/\/www.facebook.com\/Gr100Bikes","article_modified_time":"2025-12-06T20:47:04+00:00","og_image":[{"width":1200,"height":1200,"url":"https:\/\/gr-100.com\/wp-content\/uploads\/2024\/05\/My-project-3-5.jpeg","type":"image\/jpeg"}],"twitter_card":"summary_large_image","twitter_misc":{"Tempo estimado de leitura":"2 minutos"},"schema":{"@context":"https:\/\/schema.org","@graph":[{"@type":"WebPage","@id":"https:\/\/gr-100.com\/pt-pt\/producto\/especialista-diverge-e5-evo-2023\/","url":"https:\/\/gr-100.com\/pt-pt\/producto\/especialista-diverge-e5-evo-2023\/","name":"Specialized Diverge E5 EVO 2023 GR-100 Ofertas","isPartOf":{"@id":"https:\/\/gr-100.com\/#website"},"primaryImageOfPage":{"@id":"https:\/\/gr-100.com\/pt-pt\/producto\/especialista-diverge-e5-evo-2023\/#primaryimage"},"image":{"@id":"https:\/\/gr-100.com\/pt-pt\/producto\/especialista-diverge-e5-evo-2023\/#primaryimage"},"thumbnailUrl":"https:\/\/gr-100.com\/wp-content\/uploads\/2024\/05\/My-project-3-5.jpeg","datePublished":"2024-07-01T11:21:46+00:00","dateModified":"2025-12-06T20:47:04+00:00","description":"Diver Expert EVO 2023. Quadro de alum\u00ednio Premium E5 e nosso mais recente choque hidr\u00e1ulico Future Shock 2.0 ajust\u00e1vel que oferece 20 mm de curso.","breadcrumb":{"@id":"https:\/\/gr-100.com\/pt-pt\/producto\/especialista-diverge-e5-evo-2023\/#breadcrumb"},"inLanguage":"pt-PT","potentialAction":[{"@type":"ReadAction","target":["https:\/\/gr-100.com\/pt-pt\/producto\/especialista-diverge-e5-evo-2023\/"]}]},{"@type":"ImageObject","inLanguage":"pt-PT","@id":"https:\/\/gr-100.com\/pt-pt\/producto\/especialista-diverge-e5-evo-2023\/#primaryimage","url":"https:\/\/gr-100.com\/wp-content\/uploads\/2024\/05\/My-project-3-5.jpeg","contentUrl":"https:\/\/gr-100.com\/wp-content\/uploads\/2024\/05\/My-project-3-5.jpeg","width":1200,"height":1200},{"@type":"BreadcrumbList","@id":"https:\/\/gr-100.com\/pt-pt\/producto\/especialista-diverge-e5-evo-2023\/#breadcrumb","itemListElement":[{"@type":"ListItem","position":1,"name":"Portada","item":"https:\/\/gr-100.com\/en\/"},{"@type":"ListItem","position":2,"name":"Productos","item":"https:\/\/gr-100.com\/?post_type=product"},{"@type":"ListItem","position":3,"name":"Specialized Diverge E5 EVO 2023"}]},{"@type":"WebSite","@id":"https:\/\/gr-100.com\/#website","url":"https:\/\/gr-100.com\/","name":"Gr-100 Tienda de ciclismo Specialized","description":"GR-100 tenemos todas las gamas de bicicletas Specialized al mejor precio.","publisher":{"@id":"https:\/\/gr-100.com\/#organization"},"alternateName":"Gr-100 Bikes","potentialAction":[{"@type":"SearchAction","target":{"@type":"EntryPoint","urlTemplate":"https:\/\/gr-100.com\/?s={search_term_string}"},"query-input":{"@type":"PropertyValueSpecification","valueRequired":true,"valueName":"search_term_string"}}],"inLanguage":"pt-PT"},{"@type":"Organization","@id":"https:\/\/gr-100.com\/#organization","name":"Gr-100","url":"https:\/\/gr-100.com\/","logo":{"@type":"ImageObject","inLanguage":"pt-PT","@id":"https:\/\/gr-100.com\/#\/schema\/logo\/image\/","url":"https:\/\/gr-100.com\/wp-content\/uploads\/2023\/08\/logo-gr-100-bikes.png","contentUrl":"https:\/\/gr-100.com\/wp-content\/uploads\/2023\/08\/logo-gr-100-bikes.png","width":707,"height":284,"caption":"Gr-100"},"image":{"@id":"https:\/\/gr-100.com\/#\/schema\/logo\/image\/"},"sameAs":["https:\/\/www.facebook.com\/Gr100Bikes","https:\/\/www.instagram.com\/gr100bikes\/","https:\/\/www.tiktok.com\/@gr100bikes","https:\/\/twitter.com\/gr100mtbteam","https:\/\/www.youtube.com\/c\/GR100Specialized"]}]}},"_links":{"self":[{"href":"https:\/\/gr-100.com\/pt-pt\/wp-json\/wp\/v2\/product\/386884","targetHints":{"allow":["GET"]}}],"collection":[{"href":"https:\/\/gr-100.com\/pt-pt\/wp-json\/wp\/v2\/product"}],"about":[{"href":"https:\/\/gr-100.com\/pt-pt\/wp-json\/wp\/v2\/types\/product"}],"replies":[{"embeddable":true,"href":"https:\/\/gr-100.com\/pt-pt\/wp-json\/wp\/v2\/comments?post=386884"}],"wp:featuredmedia":[{"embeddable":true,"href":"https:\/\/gr-100.com\/pt-pt\/wp-json\/wp\/v2\/media\/302946"}],"wp:attachment":[{"href":"https:\/\/gr-100.com\/pt-pt\/wp-json\/wp\/v2\/media?parent=386884"}],"wp:term":[{"taxonomy":"product_brand","embeddable":true,"href":"https:\/\/gr-100.com\/pt-pt\/wp-json\/wp\/v2\/product_brand?post=386884"},{"taxonomy":"product_cat","embeddable":true,"href":"https:\/\/gr-100.com\/pt-pt\/wp-json\/wp\/v2\/product_cat?post=386884"},{"taxonomy":"product_tag","embeddable":true,"href":"https:\/\/gr-100.com\/pt-pt\/wp-json\/wp\/v2\/product_tag?post=386884"}],"curies":[{"name":"wp","href":"https:\/\/api.w.org\/{rel}","templated":true}]}}