{"id":386943,"date":"2024-07-01T13:18:54","date_gmt":"2024-07-01T11:18:54","guid":{"rendered":"https:\/\/gr-100.com\/producto\/divergencia-especializada-e5-2024\/"},"modified":"2025-11-26T16:49:10","modified_gmt":"2025-11-26T14:49:10","slug":"divergencia-especializada-e5-2024","status":"publish","type":"product","link":"https:\/\/gr-100.com\/pt-pt\/producto\/divergencia-especializada-e5-2024\/","title":{"rendered":"Specialized Diverge E5 2024"},"content":{"rendered":"<p>CARATER\u00cdSTICAS:<\/p>\n<ul>\n<li>Liga forjada STEM<br \/>\n3D, 31,8 mm, aumento de 7 graus<\/li>\n<li>Espig\u00e3o<br \/>\n de liga leve, bra\u00e7adeira de 2 parafusos, deslocamento de 12 mm, hardware anticorros\u00e3o de 27,2 mm, hardware anticorros\u00e3o<\/li>\n<li>\nSelim de ponte de geometria do corpo, trilhos de a\u00e7o<\/li>\n<li>Specialized\n<\/li>\n<li>Specialized<br \/>\n de queda rasa especializado, 6061, 70x125mm, grampo de 31,8 mm<\/li>\n<li>PLATOS<br \/>\n50\/34T<\/li>\n<li>CADEIA KMC X8 c<br \/>\n\/ Missing Link\u2122<\/li>\n<li>Suporte inferior<br \/>\nShimano roscado Shimano 68mm<\/li>\n<li>Shimano Claris 2000 SHIFTERS<br \/>\n de 8 velocidades<\/li>\n<li>Shimano Claris R200 SUPORTE<br \/>\n INFERIOR<\/li>\n<li>Shimano Claris 8 velocidades REAR DERAILLEUR\n<\/li>\n<li>Shimano Claris DERAILLEUR<br \/>\n, 8 velocidades, brasagem<\/li>\n<li>\n SunRace, 8 velocidades, 11-34t<\/li>\n<li>TUBOS<br \/>\n700&#215;28\/38mm, 48mm Presta v\u00e1lvula<\/li>\n<li>RODA TRASEIRA<br \/>\nAXIS ELITE DISC<\/li>\n<li>RODA DIANTEIRA<br \/>\nAXIS ELITE DISC<\/li>\n<li>PNEU.<br \/>\nSpecialized Desbravador desportivo, 700x38c<\/li>\n<li>Specialized Pathfinder Sport<br \/>\n, 700x38c<\/li>\n<li>ABRA\u00c7O. Liga de sela<br \/>\n, 30.8mm<\/li>\n<li>FRAME<br \/>\nSpecialized Diverge E5 Premium Alum\u00ednio, BB roscado, roteamento interno, eixo thru 12x142mm, disco de montagem plana<\/li>\n<li>FREIO DIANTEIRO<br \/>\nTektro Mira, de montagem plana, disco mec\u00e2nico<\/li>\n<li>TRAV\u00c3O TRASEIRO<br \/>\nTektro Mira, de montagem plana, disco mec\u00e2nico<\/li>\n<li>Forquilha<br \/>\n de carbono FACT, dire\u00e7\u00e3o totalmente em carbono, eixo de 12&#215;100 mm, disco de montagem plana* Pesos baseados em molduras pintadas de produ\u00e7\u00e3o como mostrado na imagem. Os pesos reais variam consoante a cor, o tamanho do quadro e a varia\u00e7\u00e3o dos componentes. As especifica\u00e7\u00f5es est\u00e3o sujeitas a altera\u00e7\u00f5es sem aviso pr\u00e9vio.<\/li>\n<\/ul>\n","protected":false},"excerpt":{"rendered":"<p>Nossa estrutura de alum\u00ednio Premium E5 fornece uma plataforma r\u00edgida, leve e dur\u00e1vel.<br \/>\nQuando emparelhada com a nossa forquilha de carbono FACT, a Diverge Base E5 torna-se uma moto leve, animada e vers\u00e1til, pronta para atacar qualquer superf\u00edcie. <\/p>\n","protected":false},"featured_media":302737,"comment_status":"closed","ping_status":"closed","template":"","meta":{"_acf_changed":false,"_et_pb_use_builder":"","_et_pb_old_content":"","_et_gb_content_width":"","inline_featured_image":false},"product_brand":[],"product_cat":[2459,3346,2483,2460],"product_tag":[],"class_list":{"0":"post-386943","1":"product","2":"type-product","3":"status-publish","4":"has-post-thumbnail","6":"product_cat-bicicletas-pt-pt-2","7":"product_cat-bicicletas-de-cascalho","8":"product_cat-bicicletas-especializadas","9":"product_cat-ofertas-pt-pt","10":"product_shipping_class-bicicletas-pt-pt","12":"first","13":"outofstock","14":"taxable","15":"shipping-taxable","16":"product-type-variable","17":"wvs-archive-product-wrapper"},"acf":[],"yoast_head":"<!-- This site is optimized with the Yoast SEO Premium plugin v26.7 (Yoast SEO v26.7) - https:\/\/yoast.com\/wordpress\/plugins\/seo\/ -->\n<title>Specialized Diverge E5 2024 Oferta GR-100<\/title>\n<meta name=\"description\" content=\"SPECIALIZED DIVERGE E5 2024. Nossa estrutura de alum\u00ednio Premium E5 fornece uma plataforma r\u00edgida, leve e dur\u00e1vel.\" \/>\n<meta name=\"robots\" content=\"index, follow, max-snippet:-1, max-image-preview:large, max-video-preview:-1\" \/>\n<link rel=\"canonical\" href=\"https:\/\/gr-100.com\/pt-pt\/producto\/divergencia-especializada-e5-2024\/\" \/>\n<meta property=\"og:locale\" content=\"pt_PT\" \/>\n<meta property=\"og:type\" content=\"article\" \/>\n<meta property=\"og:title\" content=\"Specialized Diverge E5 2024\" \/>\n<meta property=\"og:description\" content=\"SPECIALIZED DIVERGE E5 2024. Nossa estrutura de alum\u00ednio Premium E5 fornece uma plataforma r\u00edgida, leve e dur\u00e1vel.\" \/>\n<meta property=\"og:url\" content=\"https:\/\/gr-100.com\/pt-pt\/producto\/divergencia-especializada-e5-2024\/\" \/>\n<meta property=\"og:site_name\" content=\"Gr-100 Tienda de ciclismo Specialized\" \/>\n<meta property=\"article:publisher\" content=\"https:\/\/www.facebook.com\/Gr100Bikes\" \/>\n<meta property=\"article:modified_time\" content=\"2025-11-26T14:49:10+00:00\" \/>\n<meta property=\"og:image\" content=\"https:\/\/gr-100.com\/wp-content\/uploads\/2024\/05\/Diverge-E5-1-23.jpg\" \/>\n\t<meta property=\"og:image:width\" content=\"1000\" \/>\n\t<meta property=\"og:image:height\" content=\"1000\" \/>\n\t<meta property=\"og:image:type\" content=\"image\/jpeg\" \/>\n<meta name=\"twitter:card\" content=\"summary_large_image\" \/>\n<meta name=\"twitter:label1\" content=\"Tempo estimado de leitura\" \/>\n\t<meta name=\"twitter:data1\" content=\"1 minuto\" \/>\n<script type=\"application\/ld+json\" class=\"yoast-schema-graph\">{\"@context\":\"https:\/\/schema.org\",\"@graph\":[{\"@type\":\"WebPage\",\"@id\":\"https:\/\/gr-100.com\/pt-pt\/producto\/divergencia-especializada-e5-2024\/\",\"url\":\"https:\/\/gr-100.com\/pt-pt\/producto\/divergencia-especializada-e5-2024\/\",\"name\":\"Specialized Diverge E5 2024 Oferta GR-100\",\"isPartOf\":{\"@id\":\"https:\/\/gr-100.com\/#website\"},\"primaryImageOfPage\":{\"@id\":\"https:\/\/gr-100.com\/pt-pt\/producto\/divergencia-especializada-e5-2024\/#primaryimage\"},\"image\":{\"@id\":\"https:\/\/gr-100.com\/pt-pt\/producto\/divergencia-especializada-e5-2024\/#primaryimage\"},\"thumbnailUrl\":\"https:\/\/gr-100.com\/wp-content\/uploads\/2024\/05\/Diverge-E5-1-23.jpg\",\"datePublished\":\"2024-07-01T11:18:54+00:00\",\"dateModified\":\"2025-11-26T14:49:10+00:00\",\"description\":\"SPECIALIZED DIVERGE E5 2024. Nossa estrutura de alum\u00ednio Premium E5 fornece uma plataforma r\u00edgida, leve e dur\u00e1vel.\",\"breadcrumb\":{\"@id\":\"https:\/\/gr-100.com\/pt-pt\/producto\/divergencia-especializada-e5-2024\/#breadcrumb\"},\"inLanguage\":\"pt-PT\",\"potentialAction\":[{\"@type\":\"ReadAction\",\"target\":[\"https:\/\/gr-100.com\/pt-pt\/producto\/divergencia-especializada-e5-2024\/\"]}]},{\"@type\":\"ImageObject\",\"inLanguage\":\"pt-PT\",\"@id\":\"https:\/\/gr-100.com\/pt-pt\/producto\/divergencia-especializada-e5-2024\/#primaryimage\",\"url\":\"https:\/\/gr-100.com\/wp-content\/uploads\/2024\/05\/Diverge-E5-1-23.jpg\",\"contentUrl\":\"https:\/\/gr-100.com\/wp-content\/uploads\/2024\/05\/Diverge-E5-1-23.jpg\",\"width\":1000,\"height\":1000},{\"@type\":\"BreadcrumbList\",\"@id\":\"https:\/\/gr-100.com\/pt-pt\/producto\/divergencia-especializada-e5-2024\/#breadcrumb\",\"itemListElement\":[{\"@type\":\"ListItem\",\"position\":1,\"name\":\"Portada\",\"item\":\"https:\/\/gr-100.com\/en\/\"},{\"@type\":\"ListItem\",\"position\":2,\"name\":\"Productos\",\"item\":\"https:\/\/gr-100.com\/?post_type=product\"},{\"@type\":\"ListItem\",\"position\":3,\"name\":\"Specialized Diverge E5 2024\"}]},{\"@type\":\"WebSite\",\"@id\":\"https:\/\/gr-100.com\/#website\",\"url\":\"https:\/\/gr-100.com\/\",\"name\":\"Gr-100 Tienda de ciclismo Specialized\",\"description\":\"GR-100 tenemos todas las gamas de bicicletas Specialized al mejor precio.\",\"publisher\":{\"@id\":\"https:\/\/gr-100.com\/#organization\"},\"alternateName\":\"Gr-100 Bikes\",\"potentialAction\":[{\"@type\":\"SearchAction\",\"target\":{\"@type\":\"EntryPoint\",\"urlTemplate\":\"https:\/\/gr-100.com\/?s={search_term_string}\"},\"query-input\":{\"@type\":\"PropertyValueSpecification\",\"valueRequired\":true,\"valueName\":\"search_term_string\"}}],\"inLanguage\":\"pt-PT\"},{\"@type\":\"Organization\",\"@id\":\"https:\/\/gr-100.com\/#organization\",\"name\":\"Gr-100\",\"url\":\"https:\/\/gr-100.com\/\",\"logo\":{\"@type\":\"ImageObject\",\"inLanguage\":\"pt-PT\",\"@id\":\"https:\/\/gr-100.com\/#\/schema\/logo\/image\/\",\"url\":\"https:\/\/gr-100.com\/wp-content\/uploads\/2023\/08\/logo-gr-100-bikes.png\",\"contentUrl\":\"https:\/\/gr-100.com\/wp-content\/uploads\/2023\/08\/logo-gr-100-bikes.png\",\"width\":707,\"height\":284,\"caption\":\"Gr-100\"},\"image\":{\"@id\":\"https:\/\/gr-100.com\/#\/schema\/logo\/image\/\"},\"sameAs\":[\"https:\/\/www.facebook.com\/Gr100Bikes\",\"https:\/\/www.instagram.com\/gr100bikes\/\",\"https:\/\/www.tiktok.com\/@gr100bikes\",\"https:\/\/twitter.com\/gr100mtbteam\",\"https:\/\/www.youtube.com\/c\/GR100Specialized\"]}]}<\/script>\n<!-- \/ Yoast SEO Premium plugin. -->","yoast_head_json":{"title":"Specialized Diverge E5 2024 Oferta GR-100","description":"SPECIALIZED DIVERGE E5 2024. Nossa estrutura de alum\u00ednio Premium E5 fornece uma plataforma r\u00edgida, leve e dur\u00e1vel.","robots":{"index":"index","follow":"follow","max-snippet":"max-snippet:-1","max-image-preview":"max-image-preview:large","max-video-preview":"max-video-preview:-1"},"canonical":"https:\/\/gr-100.com\/pt-pt\/producto\/divergencia-especializada-e5-2024\/","og_locale":"pt_PT","og_type":"article","og_title":"Specialized Diverge E5 2024","og_description":"SPECIALIZED DIVERGE E5 2024. Nossa estrutura de alum\u00ednio Premium E5 fornece uma plataforma r\u00edgida, leve e dur\u00e1vel.","og_url":"https:\/\/gr-100.com\/pt-pt\/producto\/divergencia-especializada-e5-2024\/","og_site_name":"Gr-100 Tienda de ciclismo Specialized","article_publisher":"https:\/\/www.facebook.com\/Gr100Bikes","article_modified_time":"2025-11-26T14:49:10+00:00","og_image":[{"width":1000,"height":1000,"url":"https:\/\/gr-100.com\/wp-content\/uploads\/2024\/05\/Diverge-E5-1-23.jpg","type":"image\/jpeg"}],"twitter_card":"summary_large_image","twitter_misc":{"Tempo estimado de leitura":"1 minuto"},"schema":{"@context":"https:\/\/schema.org","@graph":[{"@type":"WebPage","@id":"https:\/\/gr-100.com\/pt-pt\/producto\/divergencia-especializada-e5-2024\/","url":"https:\/\/gr-100.com\/pt-pt\/producto\/divergencia-especializada-e5-2024\/","name":"Specialized Diverge E5 2024 Oferta GR-100","isPartOf":{"@id":"https:\/\/gr-100.com\/#website"},"primaryImageOfPage":{"@id":"https:\/\/gr-100.com\/pt-pt\/producto\/divergencia-especializada-e5-2024\/#primaryimage"},"image":{"@id":"https:\/\/gr-100.com\/pt-pt\/producto\/divergencia-especializada-e5-2024\/#primaryimage"},"thumbnailUrl":"https:\/\/gr-100.com\/wp-content\/uploads\/2024\/05\/Diverge-E5-1-23.jpg","datePublished":"2024-07-01T11:18:54+00:00","dateModified":"2025-11-26T14:49:10+00:00","description":"SPECIALIZED DIVERGE E5 2024. Nossa estrutura de alum\u00ednio Premium E5 fornece uma plataforma r\u00edgida, leve e dur\u00e1vel.","breadcrumb":{"@id":"https:\/\/gr-100.com\/pt-pt\/producto\/divergencia-especializada-e5-2024\/#breadcrumb"},"inLanguage":"pt-PT","potentialAction":[{"@type":"ReadAction","target":["https:\/\/gr-100.com\/pt-pt\/producto\/divergencia-especializada-e5-2024\/"]}]},{"@type":"ImageObject","inLanguage":"pt-PT","@id":"https:\/\/gr-100.com\/pt-pt\/producto\/divergencia-especializada-e5-2024\/#primaryimage","url":"https:\/\/gr-100.com\/wp-content\/uploads\/2024\/05\/Diverge-E5-1-23.jpg","contentUrl":"https:\/\/gr-100.com\/wp-content\/uploads\/2024\/05\/Diverge-E5-1-23.jpg","width":1000,"height":1000},{"@type":"BreadcrumbList","@id":"https:\/\/gr-100.com\/pt-pt\/producto\/divergencia-especializada-e5-2024\/#breadcrumb","itemListElement":[{"@type":"ListItem","position":1,"name":"Portada","item":"https:\/\/gr-100.com\/en\/"},{"@type":"ListItem","position":2,"name":"Productos","item":"https:\/\/gr-100.com\/?post_type=product"},{"@type":"ListItem","position":3,"name":"Specialized Diverge E5 2024"}]},{"@type":"WebSite","@id":"https:\/\/gr-100.com\/#website","url":"https:\/\/gr-100.com\/","name":"Gr-100 Tienda de ciclismo Specialized","description":"GR-100 tenemos todas las gamas de bicicletas Specialized al mejor precio.","publisher":{"@id":"https:\/\/gr-100.com\/#organization"},"alternateName":"Gr-100 Bikes","potentialAction":[{"@type":"SearchAction","target":{"@type":"EntryPoint","urlTemplate":"https:\/\/gr-100.com\/?s={search_term_string}"},"query-input":{"@type":"PropertyValueSpecification","valueRequired":true,"valueName":"search_term_string"}}],"inLanguage":"pt-PT"},{"@type":"Organization","@id":"https:\/\/gr-100.com\/#organization","name":"Gr-100","url":"https:\/\/gr-100.com\/","logo":{"@type":"ImageObject","inLanguage":"pt-PT","@id":"https:\/\/gr-100.com\/#\/schema\/logo\/image\/","url":"https:\/\/gr-100.com\/wp-content\/uploads\/2023\/08\/logo-gr-100-bikes.png","contentUrl":"https:\/\/gr-100.com\/wp-content\/uploads\/2023\/08\/logo-gr-100-bikes.png","width":707,"height":284,"caption":"Gr-100"},"image":{"@id":"https:\/\/gr-100.com\/#\/schema\/logo\/image\/"},"sameAs":["https:\/\/www.facebook.com\/Gr100Bikes","https:\/\/www.instagram.com\/gr100bikes\/","https:\/\/www.tiktok.com\/@gr100bikes","https:\/\/twitter.com\/gr100mtbteam","https:\/\/www.youtube.com\/c\/GR100Specialized"]}]}},"_links":{"self":[{"href":"https:\/\/gr-100.com\/pt-pt\/wp-json\/wp\/v2\/product\/386943","targetHints":{"allow":["GET"]}}],"collection":[{"href":"https:\/\/gr-100.com\/pt-pt\/wp-json\/wp\/v2\/product"}],"about":[{"href":"https:\/\/gr-100.com\/pt-pt\/wp-json\/wp\/v2\/types\/product"}],"replies":[{"embeddable":true,"href":"https:\/\/gr-100.com\/pt-pt\/wp-json\/wp\/v2\/comments?post=386943"}],"wp:featuredmedia":[{"embeddable":true,"href":"https:\/\/gr-100.com\/pt-pt\/wp-json\/wp\/v2\/media\/302737"}],"wp:attachment":[{"href":"https:\/\/gr-100.com\/pt-pt\/wp-json\/wp\/v2\/media?parent=386943"}],"wp:term":[{"taxonomy":"product_brand","embeddable":true,"href":"https:\/\/gr-100.com\/pt-pt\/wp-json\/wp\/v2\/product_brand?post=386943"},{"taxonomy":"product_cat","embeddable":true,"href":"https:\/\/gr-100.com\/pt-pt\/wp-json\/wp\/v2\/product_cat?post=386943"},{"taxonomy":"product_tag","embeddable":true,"href":"https:\/\/gr-100.com\/pt-pt\/wp-json\/wp\/v2\/product_tag?post=386943"}],"curies":[{"name":"wp","href":"https:\/\/api.w.org\/{rel}","templated":true}]}}