{"id":387008,"date":"2024-07-01T11:22:54","date_gmt":"2024-07-01T11:22:54","guid":{"rendered":"https:\/\/gr-100.com\/producto\/especializada-diverge-e5-elite\/"},"modified":"2025-11-26T16:34:16","modified_gmt":"2025-11-26T14:34:16","slug":"especializada-diverge-e5-elite","status":"publish","type":"product","link":"https:\/\/gr-100.com\/pt-pt\/producto\/especializada-diverge-e5-elite\/","title":{"rendered":"Specialized Diverge E5 Elite"},"content":{"rendered":"<ul>\n<li>Specialized Diverge E5 Premium Alum\u00ednio, BB roscado, roteamento interno, eixo thru 12x142mm, disco de montagem plana<\/li>\n<li>Forquilha em carbono FACT, dire\u00e7\u00e3o totalmente em carbono, eixo thru de 12&#215;100 mm, montagem plana<\/li>\n<li>Shimano GRX RX400, disco hidr\u00e1ulico<\/li>\n<li>Shimano GRX RX400 DERAILLEUR TRASEIRO de 10 velocidades<\/li>\n<li>KMC X10 CHAIN, 10 velocidades com Missing Link\u2122 reutiliz\u00e1vel<\/li>\n<li>Shimano GRX RX400 DERAILLEUR DIANTEIRO, BRAZE-ON<\/li>\n<li>Specialized RoadSport, Prote\u00e7\u00e3o Flak Jacket, 700x35mm<\/li>\n<li>Specialized, alum\u00ednio forjado 3D, 4 parafusos, 7\u00ba rise<\/li>\n<li>RODA TRASEIRA Axis Elite Disc, jante em liga leve de 21mm de largura interna, profundidade de 23mm, raios de 14g, 28h<\/li>\n<li>Specialized especializado de gota rasa, 6061, 70x125mm, grampo de 31,8 mm<\/li>\n<li>AN\u00c9IS DE CORRENTE 46\/30T<\/li>\n<li>TEMPORADA 2022<\/li>\n<li>Specialized DE GUIADOR ESPECIALIZADA S-WRAP<\/li>\n<li>Shimano GRX RX600 SUPORTE INFERIOR<\/li>\n<li>SUPORTE INFERIOR roscado Shimano<\/li>\n<li>Shimano GRX RX400 alavancas de freio hidr\u00e1ulicas, 2&#215;10 velocidade de c\u00e2mbio mec\u00e2nico<\/li>\n<li>RODA DIANTEIRA Axis Elite Disc, jante em liga leve de 21mm de largura interna, profundidade de 23mm, raios de 14g, 24h<\/li>\n<li>Liga SEATPOST, Bra\u00e7adeira de 2 parafusos, deslocamento de 12mm, hardware anticorros\u00e3o de 27,2 mm, anticorros\u00e3o<\/li>\n<li>Selim de ponte de geometria do corpo, trilhos de a\u00e7o<\/li>\n<li>MATERIAL Alum\u00ednio<\/li>\n<li>MODO ESTRADA DE CASCALHO<\/li>\n<li>Disco BRAKE<\/li>\n<li>DI\u00c2METRO 700<\/li>\n<li>N\u00ba RODASTES 10V<\/li>\n<li>TIPO DE TRANSMISS\u00c3O Mec\u00e2nica<\/li>\n<li>N\u00ba PRATOS 2<\/li>\n<li>TIPO DE DISCO CL<\/li>\n<li>DI\u00c2METRO DO GUIADOR 31<\/li>\n<li>CONTA-gotas POST N\u00ba<\/li>\n<li>LARGURA DO CUBO DA RODA: 12x142mm<\/li>\n<li>DI\u00c2METRO DO DISCO 160mm<\/li>\n<li>NATAL Ver ofertas<\/li>\n<\/ul>\n","protected":false},"excerpt":{"rendered":"<p>Quer o seu objetivo seja perder-se em estradas de gravilha, longe de carros e multid\u00f5es, ou ser visto na sua corrida de gravilha favorita, nenhuma moto o faz melhor do que a nova Diverge Elite E5.<br \/>\n\u00c9 simplesmente a moto mais r\u00e1pida, eficiente e talvez a mais divertida que alguma vez fizemos, oferecendo uma condu\u00e7\u00e3o r\u00e1pida e animada, mas est\u00e1vel e inspiradora de confian\u00e7a quando o terreno se torna dif\u00edcil.<br \/>\nCom uma nova geometria de gravilha e uma folga de pneus l\u00edder na sua classe, o novo Diverge representa tudo o que aprendemos em mais de 40 anos de condu\u00e7\u00e3o em estrada, gravilha e gravilha.<br \/>\nA Diverge escreve um novo cap\u00edtulo na categoria de bicicletas de cascalho, para que possa sonhar com passeios completamente novos.<br \/>\n\u00c9 o melhor ve\u00edculo para as suas escapadinhas.    <\/p>\n","protected":false},"featured_media":299117,"comment_status":"closed","ping_status":"closed","template":"","meta":{"_acf_changed":false,"_et_pb_use_builder":"","_et_pb_old_content":"","_et_gb_content_width":"","inline_featured_image":false},"product_brand":[],"product_cat":[20,378],"product_tag":[],"class_list":{"0":"post-387008","1":"product","2":"type-product","3":"status-publish","4":"has-post-thumbnail","6":"product_cat-bicicletas-de-carretera","7":"product_cat-estrada","9":"first","10":"outofstock","11":"taxable","12":"shipping-taxable","13":"product-type-variable","14":"wvs-archive-product-wrapper"},"acf":[],"yoast_head":"<!-- This site is optimized with the Yoast SEO Premium plugin v26.7 (Yoast SEO v26.7) - https:\/\/yoast.com\/wordpress\/plugins\/seo\/ -->\n<title>Specialized Diverge E5 Elite<\/title>\n<meta name=\"description\" content=\"Descubra a bicicleta de gravilha perfeita com a Specialized Diverge E5 Elite na gr-100, a loja online para os amantes da bicicleta.\" \/>\n<meta name=\"robots\" content=\"index, follow, max-snippet:-1, max-image-preview:large, max-video-preview:-1\" \/>\n<link rel=\"canonical\" href=\"https:\/\/gr-100.com\/pt-pt\/producto\/especializada-diverge-e5-elite\/\" \/>\n<meta property=\"og:locale\" content=\"pt_PT\" \/>\n<meta property=\"og:type\" content=\"article\" \/>\n<meta property=\"og:title\" content=\"Specialized Diverge E5 Elite\" \/>\n<meta property=\"og:description\" content=\"Descubra a bicicleta de gravilha perfeita com a Specialized Diverge E5 Elite na gr-100, a loja online para os amantes da bicicleta.\" \/>\n<meta property=\"og:url\" content=\"https:\/\/gr-100.com\/pt-pt\/producto\/especializada-diverge-e5-elite\/\" \/>\n<meta property=\"og:site_name\" content=\"Gr-100 Tienda de ciclismo Specialized\" \/>\n<meta property=\"article:publisher\" content=\"https:\/\/www.facebook.com\/Gr100Bikes\" \/>\n<meta property=\"article:modified_time\" content=\"2025-11-26T14:34:16+00:00\" \/>\n<meta property=\"og:image\" content=\"https:\/\/gr-100.com\/wp-content\/uploads\/2024\/05\/specialized-diverge-e-elite.jpg\" \/>\n\t<meta property=\"og:image:width\" content=\"1000\" \/>\n\t<meta property=\"og:image:height\" content=\"1000\" \/>\n\t<meta property=\"og:image:type\" content=\"image\/jpeg\" \/>\n<meta name=\"twitter:card\" content=\"summary_large_image\" \/>\n<meta name=\"twitter:label1\" content=\"Tempo estimado de leitura\" \/>\n\t<meta name=\"twitter:data1\" content=\"1 minuto\" \/>\n<script type=\"application\/ld+json\" class=\"yoast-schema-graph\">{\"@context\":\"https:\/\/schema.org\",\"@graph\":[{\"@type\":\"WebPage\",\"@id\":\"https:\/\/gr-100.com\/pt-pt\/producto\/especializada-diverge-e5-elite\/\",\"url\":\"https:\/\/gr-100.com\/pt-pt\/producto\/especializada-diverge-e5-elite\/\",\"name\":\"Specialized Diverge E5 Elite\",\"isPartOf\":{\"@id\":\"https:\/\/gr-100.com\/#website\"},\"primaryImageOfPage\":{\"@id\":\"https:\/\/gr-100.com\/pt-pt\/producto\/especializada-diverge-e5-elite\/#primaryimage\"},\"image\":{\"@id\":\"https:\/\/gr-100.com\/pt-pt\/producto\/especializada-diverge-e5-elite\/#primaryimage\"},\"thumbnailUrl\":\"https:\/\/gr-100.com\/wp-content\/uploads\/2024\/05\/specialized-diverge-e-elite.jpg\",\"datePublished\":\"2024-07-01T11:22:54+00:00\",\"dateModified\":\"2025-11-26T14:34:16+00:00\",\"description\":\"Descubra a bicicleta de gravilha perfeita com a Specialized Diverge E5 Elite na gr-100, a loja online para os amantes da bicicleta.\",\"breadcrumb\":{\"@id\":\"https:\/\/gr-100.com\/pt-pt\/producto\/especializada-diverge-e5-elite\/#breadcrumb\"},\"inLanguage\":\"pt-PT\",\"potentialAction\":[{\"@type\":\"ReadAction\",\"target\":[\"https:\/\/gr-100.com\/pt-pt\/producto\/especializada-diverge-e5-elite\/\"]}]},{\"@type\":\"ImageObject\",\"inLanguage\":\"pt-PT\",\"@id\":\"https:\/\/gr-100.com\/pt-pt\/producto\/especializada-diverge-e5-elite\/#primaryimage\",\"url\":\"https:\/\/gr-100.com\/wp-content\/uploads\/2024\/05\/specialized-diverge-e-elite.jpg\",\"contentUrl\":\"https:\/\/gr-100.com\/wp-content\/uploads\/2024\/05\/specialized-diverge-e-elite.jpg\",\"width\":1000,\"height\":1000},{\"@type\":\"BreadcrumbList\",\"@id\":\"https:\/\/gr-100.com\/pt-pt\/producto\/especializada-diverge-e5-elite\/#breadcrumb\",\"itemListElement\":[{\"@type\":\"ListItem\",\"position\":1,\"name\":\"Portada\",\"item\":\"https:\/\/gr-100.com\/en\/\"},{\"@type\":\"ListItem\",\"position\":2,\"name\":\"Productos\",\"item\":\"https:\/\/gr-100.com\/?post_type=product\"},{\"@type\":\"ListItem\",\"position\":3,\"name\":\"Specialized Diverge E5 Elite\"}]},{\"@type\":\"WebSite\",\"@id\":\"https:\/\/gr-100.com\/#website\",\"url\":\"https:\/\/gr-100.com\/\",\"name\":\"Gr-100 Tienda de ciclismo Specialized\",\"description\":\"GR-100 tenemos todas las gamas de bicicletas Specialized al mejor precio.\",\"publisher\":{\"@id\":\"https:\/\/gr-100.com\/#organization\"},\"alternateName\":\"Gr-100 Bikes\",\"potentialAction\":[{\"@type\":\"SearchAction\",\"target\":{\"@type\":\"EntryPoint\",\"urlTemplate\":\"https:\/\/gr-100.com\/?s={search_term_string}\"},\"query-input\":{\"@type\":\"PropertyValueSpecification\",\"valueRequired\":true,\"valueName\":\"search_term_string\"}}],\"inLanguage\":\"pt-PT\"},{\"@type\":\"Organization\",\"@id\":\"https:\/\/gr-100.com\/#organization\",\"name\":\"Gr-100\",\"url\":\"https:\/\/gr-100.com\/\",\"logo\":{\"@type\":\"ImageObject\",\"inLanguage\":\"pt-PT\",\"@id\":\"https:\/\/gr-100.com\/#\/schema\/logo\/image\/\",\"url\":\"https:\/\/gr-100.com\/wp-content\/uploads\/2023\/08\/logo-gr-100-bikes.png\",\"contentUrl\":\"https:\/\/gr-100.com\/wp-content\/uploads\/2023\/08\/logo-gr-100-bikes.png\",\"width\":707,\"height\":284,\"caption\":\"Gr-100\"},\"image\":{\"@id\":\"https:\/\/gr-100.com\/#\/schema\/logo\/image\/\"},\"sameAs\":[\"https:\/\/www.facebook.com\/Gr100Bikes\",\"https:\/\/www.instagram.com\/gr100bikes\/\",\"https:\/\/www.tiktok.com\/@gr100bikes\",\"https:\/\/twitter.com\/gr100mtbteam\",\"https:\/\/www.youtube.com\/c\/GR100Specialized\"]}]}<\/script>\n<!-- \/ Yoast SEO Premium plugin. -->","yoast_head_json":{"title":"Specialized Diverge E5 Elite","description":"Descubra a bicicleta de gravilha perfeita com a Specialized Diverge E5 Elite na gr-100, a loja online para os amantes da bicicleta.","robots":{"index":"index","follow":"follow","max-snippet":"max-snippet:-1","max-image-preview":"max-image-preview:large","max-video-preview":"max-video-preview:-1"},"canonical":"https:\/\/gr-100.com\/pt-pt\/producto\/especializada-diverge-e5-elite\/","og_locale":"pt_PT","og_type":"article","og_title":"Specialized Diverge E5 Elite","og_description":"Descubra a bicicleta de gravilha perfeita com a Specialized Diverge E5 Elite na gr-100, a loja online para os amantes da bicicleta.","og_url":"https:\/\/gr-100.com\/pt-pt\/producto\/especializada-diverge-e5-elite\/","og_site_name":"Gr-100 Tienda de ciclismo Specialized","article_publisher":"https:\/\/www.facebook.com\/Gr100Bikes","article_modified_time":"2025-11-26T14:34:16+00:00","og_image":[{"width":1000,"height":1000,"url":"https:\/\/gr-100.com\/wp-content\/uploads\/2024\/05\/specialized-diverge-e-elite.jpg","type":"image\/jpeg"}],"twitter_card":"summary_large_image","twitter_misc":{"Tempo estimado de leitura":"1 minuto"},"schema":{"@context":"https:\/\/schema.org","@graph":[{"@type":"WebPage","@id":"https:\/\/gr-100.com\/pt-pt\/producto\/especializada-diverge-e5-elite\/","url":"https:\/\/gr-100.com\/pt-pt\/producto\/especializada-diverge-e5-elite\/","name":"Specialized Diverge E5 Elite","isPartOf":{"@id":"https:\/\/gr-100.com\/#website"},"primaryImageOfPage":{"@id":"https:\/\/gr-100.com\/pt-pt\/producto\/especializada-diverge-e5-elite\/#primaryimage"},"image":{"@id":"https:\/\/gr-100.com\/pt-pt\/producto\/especializada-diverge-e5-elite\/#primaryimage"},"thumbnailUrl":"https:\/\/gr-100.com\/wp-content\/uploads\/2024\/05\/specialized-diverge-e-elite.jpg","datePublished":"2024-07-01T11:22:54+00:00","dateModified":"2025-11-26T14:34:16+00:00","description":"Descubra a bicicleta de gravilha perfeita com a Specialized Diverge E5 Elite na gr-100, a loja online para os amantes da bicicleta.","breadcrumb":{"@id":"https:\/\/gr-100.com\/pt-pt\/producto\/especializada-diverge-e5-elite\/#breadcrumb"},"inLanguage":"pt-PT","potentialAction":[{"@type":"ReadAction","target":["https:\/\/gr-100.com\/pt-pt\/producto\/especializada-diverge-e5-elite\/"]}]},{"@type":"ImageObject","inLanguage":"pt-PT","@id":"https:\/\/gr-100.com\/pt-pt\/producto\/especializada-diverge-e5-elite\/#primaryimage","url":"https:\/\/gr-100.com\/wp-content\/uploads\/2024\/05\/specialized-diverge-e-elite.jpg","contentUrl":"https:\/\/gr-100.com\/wp-content\/uploads\/2024\/05\/specialized-diverge-e-elite.jpg","width":1000,"height":1000},{"@type":"BreadcrumbList","@id":"https:\/\/gr-100.com\/pt-pt\/producto\/especializada-diverge-e5-elite\/#breadcrumb","itemListElement":[{"@type":"ListItem","position":1,"name":"Portada","item":"https:\/\/gr-100.com\/en\/"},{"@type":"ListItem","position":2,"name":"Productos","item":"https:\/\/gr-100.com\/?post_type=product"},{"@type":"ListItem","position":3,"name":"Specialized Diverge E5 Elite"}]},{"@type":"WebSite","@id":"https:\/\/gr-100.com\/#website","url":"https:\/\/gr-100.com\/","name":"Gr-100 Tienda de ciclismo Specialized","description":"GR-100 tenemos todas las gamas de bicicletas Specialized al mejor precio.","publisher":{"@id":"https:\/\/gr-100.com\/#organization"},"alternateName":"Gr-100 Bikes","potentialAction":[{"@type":"SearchAction","target":{"@type":"EntryPoint","urlTemplate":"https:\/\/gr-100.com\/?s={search_term_string}"},"query-input":{"@type":"PropertyValueSpecification","valueRequired":true,"valueName":"search_term_string"}}],"inLanguage":"pt-PT"},{"@type":"Organization","@id":"https:\/\/gr-100.com\/#organization","name":"Gr-100","url":"https:\/\/gr-100.com\/","logo":{"@type":"ImageObject","inLanguage":"pt-PT","@id":"https:\/\/gr-100.com\/#\/schema\/logo\/image\/","url":"https:\/\/gr-100.com\/wp-content\/uploads\/2023\/08\/logo-gr-100-bikes.png","contentUrl":"https:\/\/gr-100.com\/wp-content\/uploads\/2023\/08\/logo-gr-100-bikes.png","width":707,"height":284,"caption":"Gr-100"},"image":{"@id":"https:\/\/gr-100.com\/#\/schema\/logo\/image\/"},"sameAs":["https:\/\/www.facebook.com\/Gr100Bikes","https:\/\/www.instagram.com\/gr100bikes\/","https:\/\/www.tiktok.com\/@gr100bikes","https:\/\/twitter.com\/gr100mtbteam","https:\/\/www.youtube.com\/c\/GR100Specialized"]}]}},"_links":{"self":[{"href":"https:\/\/gr-100.com\/pt-pt\/wp-json\/wp\/v2\/product\/387008","targetHints":{"allow":["GET"]}}],"collection":[{"href":"https:\/\/gr-100.com\/pt-pt\/wp-json\/wp\/v2\/product"}],"about":[{"href":"https:\/\/gr-100.com\/pt-pt\/wp-json\/wp\/v2\/types\/product"}],"replies":[{"embeddable":true,"href":"https:\/\/gr-100.com\/pt-pt\/wp-json\/wp\/v2\/comments?post=387008"}],"wp:featuredmedia":[{"embeddable":true,"href":"https:\/\/gr-100.com\/pt-pt\/wp-json\/wp\/v2\/media\/299117"}],"wp:attachment":[{"href":"https:\/\/gr-100.com\/pt-pt\/wp-json\/wp\/v2\/media?parent=387008"}],"wp:term":[{"taxonomy":"product_brand","embeddable":true,"href":"https:\/\/gr-100.com\/pt-pt\/wp-json\/wp\/v2\/product_brand?post=387008"},{"taxonomy":"product_cat","embeddable":true,"href":"https:\/\/gr-100.com\/pt-pt\/wp-json\/wp\/v2\/product_cat?post=387008"},{"taxonomy":"product_tag","embeddable":true,"href":"https:\/\/gr-100.com\/pt-pt\/wp-json\/wp\/v2\/product_tag?post=387008"}],"curies":[{"name":"wp","href":"https:\/\/api.w.org\/{rel}","templated":true}]}}