{"id":387101,"date":"2024-07-01T10:28:41","date_gmt":"2024-07-01T10:28:41","guid":{"rendered":"https:\/\/gr-100.com\/producto\/topstone-cannondale-4-700u-2022\/"},"modified":"2025-11-26T16:32:28","modified_gmt":"2025-11-26T14:32:28","slug":"topstone-cannondale-4-700u-2022","status":"publish","type":"product","link":"https:\/\/gr-100.com\/pt-pt\/producto\/topstone-cannondale-4-700u-2022\/","title":{"rendered":"Topstone Cannondale 4 700U 2022"},"content":{"rendered":"<p><iframe src=\"https:\/\/www.youtube.com\/embed\/qIL3hTsA5cM\" width=\"560\" height=\"315\" frameborder=\"0\" allowfullscreen=\"allowfullscreen\"><\/iframe><\/p>\n<ul>\n<li>Quadro leve de liga SmartForm C2, eixo de 12&#215;142, tubo de cabe\u00e7a c\u00f4nico, disco de montagem plana BBm roscado BSA, roteamento de cabos internos StraightShot, v\u00e1rios suportes de engrenagens\/garrafas<\/li>\n<li>Forquilha de carbono Topstone, dire\u00e7\u00e3o de 1-1\/8&#8243; a 1,5&#8243;, deslocamento OutFront de 55 mm, disco de montagem plana, roteamento interno, eixo de 12&#215;100, para-lamas\/engrenagens<\/li>\n<li>Fone de ouvido integrado, 1-1\/8&#8243; &#8211; 1-1\/2&#8243;<\/li>\n<li>TRANSMISS\u00c3O<\/li>\n<li>microSHIFT Advento X derailleur<\/li>\n<li>Shifters microSHIFT Advent X, 10 velocidades<\/li>\n<li>Corrente KMC X10, 10 velocidades<\/li>\n<li>Virabrequim Prowheel, Charm 40T<\/li>\n<li>microSHIFT, 11-48, 10 velocidades<\/li>\n<li>Cartucho de suporte inferior, cone quadrado<\/li>\n<li>Trav\u00f5es de disco mec\u00e2nicos PROMAX Render R, rotores de 160\/160mm<\/li>\n<li>Alavancas de freio microSHIFT Advent X<\/li>\n<li>RODAS<\/li>\n<li>GXD 1.0 jantes, 28h<\/li>\n<li>Raios em a\u00e7o inoxid\u00e1vel, 14g<\/li>\n<li>Pneus WTB Riddler Comp, 700 x 37c<\/li>\n<li>Tamanho da capa 37<\/li>\n<li>Tamanho da roda 700c<\/li>\n<li>Cubos (F) Liga de f\u00f3rmula, 12x100mm \/ (R) Liga de f\u00f3rmula, 12x142mm<\/li>\n<li>WTB Riddler Comp Capa Frontal, 700 x 37c<\/li>\n<li>WTB Charada Comp Tampa Traseira, 700 x 37c<\/li>\n<li>COMPONENTES<\/li>\n<li>Guiador Cannondale 3, butted 6061 Alloy, queda flare de 16 graus<\/li>\n<li>Cannondale 3 Haste, Liga 6061, 31.8, 7\u00b0<\/li>\n<li>Punhos de fita Cannondale Bar, 3,5 mm<\/li>\n<li>Cannondale Stage CX Sela<\/li>\n<li>Cannondale 4 espig\u00e3o, liga 6061, 27,2 x 350mm<\/li>\n<\/ul>\n","protected":false},"excerpt":{"rendered":"<p>Uma bicicleta de cascalho vers\u00e1til e capaz.<br \/>\nCriado para explorar novas rotas al\u00e9m do horizonte ou tornar as suas pequenas desloca\u00e7\u00f5es di\u00e1rias mais r\u00e1pidas.<br \/>\nO seu terreno Pistas, rotas no meio da natureza Para que foi constru\u00eddo Tra\u00e7\u00e3o, manuseio, conforto Destaque Quadro de alum\u00ednio leve SmartForm C2 com garfo de fibra de carbono completo Grupo microSHIFT Advent X, ampla gama de 10 velocidades Pneus WTB Riddler Comp em 700 x 37c  <\/p>\n","protected":false},"featured_media":298210,"comment_status":"closed","ping_status":"closed","template":"","meta":{"_acf_changed":false,"_et_pb_use_builder":"","_et_pb_old_content":"","_et_gb_content_width":"","inline_featured_image":false},"product_brand":[],"product_cat":[20,378],"product_tag":[],"class_list":{"0":"post-387101","1":"product","2":"type-product","3":"status-publish","4":"has-post-thumbnail","6":"product_cat-bicicletas-de-carretera","7":"product_cat-estrada","9":"first","10":"outofstock","11":"taxable","12":"shipping-taxable","13":"product-type-variable","14":"wvs-archive-product-wrapper"},"acf":[],"yoast_head":"<!-- This site is optimized with the Yoast SEO Premium plugin v26.7 (Yoast SEO v26.7) - https:\/\/yoast.com\/wordpress\/plugins\/seo\/ -->\n<title>Topstone Cannondale 4 700U 2022<\/title>\n<meta name=\"description\" content=\"GR 100 Especializado. Melhores pre\u00e7os sem concorr\u00eancia. Solicite a sua oferta personalizada. Produto: Cannondale Topstone 4 700U 2022.\" \/>\n<meta name=\"robots\" content=\"index, follow, max-snippet:-1, max-image-preview:large, max-video-preview:-1\" \/>\n<link rel=\"canonical\" href=\"https:\/\/gr-100.com\/pt-pt\/producto\/topstone-cannondale-4-700u-2022\/\" \/>\n<meta property=\"og:locale\" content=\"pt_PT\" \/>\n<meta property=\"og:type\" content=\"article\" \/>\n<meta property=\"og:title\" content=\"Topstone Cannondale 4 700U 2022\" \/>\n<meta property=\"og:description\" content=\"GR 100 Especializado. Melhores pre\u00e7os sem concorr\u00eancia. Solicite a sua oferta personalizada. Produto: Cannondale Topstone 4 700U 2022.\" \/>\n<meta property=\"og:url\" content=\"https:\/\/gr-100.com\/pt-pt\/producto\/topstone-cannondale-4-700u-2022\/\" \/>\n<meta property=\"og:site_name\" content=\"Gr-100 Tienda de ciclismo Specialized\" \/>\n<meta property=\"article:publisher\" content=\"https:\/\/www.facebook.com\/Gr100Bikes\" \/>\n<meta property=\"article:modified_time\" content=\"2025-11-26T14:32:28+00:00\" \/>\n<meta property=\"og:image\" content=\"https:\/\/gr-100.com\/wp-content\/uploads\/2024\/05\/1-C22_C15902U_Topstone_4_MG.jpg\" \/>\n\t<meta property=\"og:image:width\" content=\"1000\" \/>\n\t<meta property=\"og:image:height\" content=\"1000\" \/>\n\t<meta property=\"og:image:type\" content=\"image\/jpeg\" \/>\n<meta name=\"twitter:card\" content=\"summary_large_image\" \/>\n<meta name=\"twitter:label1\" content=\"Tempo estimado de leitura\" \/>\n\t<meta name=\"twitter:data1\" content=\"1 minuto\" \/>\n<script type=\"application\/ld+json\" class=\"yoast-schema-graph\">{\"@context\":\"https:\/\/schema.org\",\"@graph\":[{\"@type\":\"WebPage\",\"@id\":\"https:\/\/gr-100.com\/pt-pt\/producto\/topstone-cannondale-4-700u-2022\/\",\"url\":\"https:\/\/gr-100.com\/pt-pt\/producto\/topstone-cannondale-4-700u-2022\/\",\"name\":\"Topstone Cannondale 4 700U 2022\",\"isPartOf\":{\"@id\":\"https:\/\/gr-100.com\/#website\"},\"primaryImageOfPage\":{\"@id\":\"https:\/\/gr-100.com\/pt-pt\/producto\/topstone-cannondale-4-700u-2022\/#primaryimage\"},\"image\":{\"@id\":\"https:\/\/gr-100.com\/pt-pt\/producto\/topstone-cannondale-4-700u-2022\/#primaryimage\"},\"thumbnailUrl\":\"https:\/\/gr-100.com\/wp-content\/uploads\/2024\/05\/1-C22_C15902U_Topstone_4_MG.jpg\",\"datePublished\":\"2024-07-01T10:28:41+00:00\",\"dateModified\":\"2025-11-26T14:32:28+00:00\",\"description\":\"GR 100 Especializado. Melhores pre\u00e7os sem concorr\u00eancia. Solicite a sua oferta personalizada. Produto: Cannondale Topstone 4 700U 2022.\",\"breadcrumb\":{\"@id\":\"https:\/\/gr-100.com\/pt-pt\/producto\/topstone-cannondale-4-700u-2022\/#breadcrumb\"},\"inLanguage\":\"pt-PT\",\"potentialAction\":[{\"@type\":\"ReadAction\",\"target\":[\"https:\/\/gr-100.com\/pt-pt\/producto\/topstone-cannondale-4-700u-2022\/\"]}]},{\"@type\":\"ImageObject\",\"inLanguage\":\"pt-PT\",\"@id\":\"https:\/\/gr-100.com\/pt-pt\/producto\/topstone-cannondale-4-700u-2022\/#primaryimage\",\"url\":\"https:\/\/gr-100.com\/wp-content\/uploads\/2024\/05\/1-C22_C15902U_Topstone_4_MG.jpg\",\"contentUrl\":\"https:\/\/gr-100.com\/wp-content\/uploads\/2024\/05\/1-C22_C15902U_Topstone_4_MG.jpg\",\"width\":1000,\"height\":1000},{\"@type\":\"BreadcrumbList\",\"@id\":\"https:\/\/gr-100.com\/pt-pt\/producto\/topstone-cannondale-4-700u-2022\/#breadcrumb\",\"itemListElement\":[{\"@type\":\"ListItem\",\"position\":1,\"name\":\"Portada\",\"item\":\"https:\/\/gr-100.com\/en\/\"},{\"@type\":\"ListItem\",\"position\":2,\"name\":\"Productos\",\"item\":\"https:\/\/gr-100.com\/?post_type=product\"},{\"@type\":\"ListItem\",\"position\":3,\"name\":\"Topstone Cannondale 4 700U 2022\"}]},{\"@type\":\"WebSite\",\"@id\":\"https:\/\/gr-100.com\/#website\",\"url\":\"https:\/\/gr-100.com\/\",\"name\":\"Gr-100 Tienda de ciclismo Specialized\",\"description\":\"GR-100 tenemos todas las gamas de bicicletas Specialized al mejor precio.\",\"publisher\":{\"@id\":\"https:\/\/gr-100.com\/#organization\"},\"alternateName\":\"Gr-100 Bikes\",\"potentialAction\":[{\"@type\":\"SearchAction\",\"target\":{\"@type\":\"EntryPoint\",\"urlTemplate\":\"https:\/\/gr-100.com\/?s={search_term_string}\"},\"query-input\":{\"@type\":\"PropertyValueSpecification\",\"valueRequired\":true,\"valueName\":\"search_term_string\"}}],\"inLanguage\":\"pt-PT\"},{\"@type\":\"Organization\",\"@id\":\"https:\/\/gr-100.com\/#organization\",\"name\":\"Gr-100\",\"url\":\"https:\/\/gr-100.com\/\",\"logo\":{\"@type\":\"ImageObject\",\"inLanguage\":\"pt-PT\",\"@id\":\"https:\/\/gr-100.com\/#\/schema\/logo\/image\/\",\"url\":\"https:\/\/gr-100.com\/wp-content\/uploads\/2023\/08\/logo-gr-100-bikes.png\",\"contentUrl\":\"https:\/\/gr-100.com\/wp-content\/uploads\/2023\/08\/logo-gr-100-bikes.png\",\"width\":707,\"height\":284,\"caption\":\"Gr-100\"},\"image\":{\"@id\":\"https:\/\/gr-100.com\/#\/schema\/logo\/image\/\"},\"sameAs\":[\"https:\/\/www.facebook.com\/Gr100Bikes\",\"https:\/\/www.instagram.com\/gr100bikes\/\",\"https:\/\/www.tiktok.com\/@gr100bikes\",\"https:\/\/twitter.com\/gr100mtbteam\",\"https:\/\/www.youtube.com\/c\/GR100Specialized\"]}]}<\/script>\n<!-- \/ Yoast SEO Premium plugin. -->","yoast_head_json":{"title":"Topstone Cannondale 4 700U 2022","description":"GR 100 Especializado. Melhores pre\u00e7os sem concorr\u00eancia. Solicite a sua oferta personalizada. Produto: Cannondale Topstone 4 700U 2022.","robots":{"index":"index","follow":"follow","max-snippet":"max-snippet:-1","max-image-preview":"max-image-preview:large","max-video-preview":"max-video-preview:-1"},"canonical":"https:\/\/gr-100.com\/pt-pt\/producto\/topstone-cannondale-4-700u-2022\/","og_locale":"pt_PT","og_type":"article","og_title":"Topstone Cannondale 4 700U 2022","og_description":"GR 100 Especializado. Melhores pre\u00e7os sem concorr\u00eancia. Solicite a sua oferta personalizada. Produto: Cannondale Topstone 4 700U 2022.","og_url":"https:\/\/gr-100.com\/pt-pt\/producto\/topstone-cannondale-4-700u-2022\/","og_site_name":"Gr-100 Tienda de ciclismo Specialized","article_publisher":"https:\/\/www.facebook.com\/Gr100Bikes","article_modified_time":"2025-11-26T14:32:28+00:00","og_image":[{"width":1000,"height":1000,"url":"https:\/\/gr-100.com\/wp-content\/uploads\/2024\/05\/1-C22_C15902U_Topstone_4_MG.jpg","type":"image\/jpeg"}],"twitter_card":"summary_large_image","twitter_misc":{"Tempo estimado de leitura":"1 minuto"},"schema":{"@context":"https:\/\/schema.org","@graph":[{"@type":"WebPage","@id":"https:\/\/gr-100.com\/pt-pt\/producto\/topstone-cannondale-4-700u-2022\/","url":"https:\/\/gr-100.com\/pt-pt\/producto\/topstone-cannondale-4-700u-2022\/","name":"Topstone Cannondale 4 700U 2022","isPartOf":{"@id":"https:\/\/gr-100.com\/#website"},"primaryImageOfPage":{"@id":"https:\/\/gr-100.com\/pt-pt\/producto\/topstone-cannondale-4-700u-2022\/#primaryimage"},"image":{"@id":"https:\/\/gr-100.com\/pt-pt\/producto\/topstone-cannondale-4-700u-2022\/#primaryimage"},"thumbnailUrl":"https:\/\/gr-100.com\/wp-content\/uploads\/2024\/05\/1-C22_C15902U_Topstone_4_MG.jpg","datePublished":"2024-07-01T10:28:41+00:00","dateModified":"2025-11-26T14:32:28+00:00","description":"GR 100 Especializado. Melhores pre\u00e7os sem concorr\u00eancia. Solicite a sua oferta personalizada. Produto: Cannondale Topstone 4 700U 2022.","breadcrumb":{"@id":"https:\/\/gr-100.com\/pt-pt\/producto\/topstone-cannondale-4-700u-2022\/#breadcrumb"},"inLanguage":"pt-PT","potentialAction":[{"@type":"ReadAction","target":["https:\/\/gr-100.com\/pt-pt\/producto\/topstone-cannondale-4-700u-2022\/"]}]},{"@type":"ImageObject","inLanguage":"pt-PT","@id":"https:\/\/gr-100.com\/pt-pt\/producto\/topstone-cannondale-4-700u-2022\/#primaryimage","url":"https:\/\/gr-100.com\/wp-content\/uploads\/2024\/05\/1-C22_C15902U_Topstone_4_MG.jpg","contentUrl":"https:\/\/gr-100.com\/wp-content\/uploads\/2024\/05\/1-C22_C15902U_Topstone_4_MG.jpg","width":1000,"height":1000},{"@type":"BreadcrumbList","@id":"https:\/\/gr-100.com\/pt-pt\/producto\/topstone-cannondale-4-700u-2022\/#breadcrumb","itemListElement":[{"@type":"ListItem","position":1,"name":"Portada","item":"https:\/\/gr-100.com\/en\/"},{"@type":"ListItem","position":2,"name":"Productos","item":"https:\/\/gr-100.com\/?post_type=product"},{"@type":"ListItem","position":3,"name":"Topstone Cannondale 4 700U 2022"}]},{"@type":"WebSite","@id":"https:\/\/gr-100.com\/#website","url":"https:\/\/gr-100.com\/","name":"Gr-100 Tienda de ciclismo Specialized","description":"GR-100 tenemos todas las gamas de bicicletas Specialized al mejor precio.","publisher":{"@id":"https:\/\/gr-100.com\/#organization"},"alternateName":"Gr-100 Bikes","potentialAction":[{"@type":"SearchAction","target":{"@type":"EntryPoint","urlTemplate":"https:\/\/gr-100.com\/?s={search_term_string}"},"query-input":{"@type":"PropertyValueSpecification","valueRequired":true,"valueName":"search_term_string"}}],"inLanguage":"pt-PT"},{"@type":"Organization","@id":"https:\/\/gr-100.com\/#organization","name":"Gr-100","url":"https:\/\/gr-100.com\/","logo":{"@type":"ImageObject","inLanguage":"pt-PT","@id":"https:\/\/gr-100.com\/#\/schema\/logo\/image\/","url":"https:\/\/gr-100.com\/wp-content\/uploads\/2023\/08\/logo-gr-100-bikes.png","contentUrl":"https:\/\/gr-100.com\/wp-content\/uploads\/2023\/08\/logo-gr-100-bikes.png","width":707,"height":284,"caption":"Gr-100"},"image":{"@id":"https:\/\/gr-100.com\/#\/schema\/logo\/image\/"},"sameAs":["https:\/\/www.facebook.com\/Gr100Bikes","https:\/\/www.instagram.com\/gr100bikes\/","https:\/\/www.tiktok.com\/@gr100bikes","https:\/\/twitter.com\/gr100mtbteam","https:\/\/www.youtube.com\/c\/GR100Specialized"]}]}},"_links":{"self":[{"href":"https:\/\/gr-100.com\/pt-pt\/wp-json\/wp\/v2\/product\/387101","targetHints":{"allow":["GET"]}}],"collection":[{"href":"https:\/\/gr-100.com\/pt-pt\/wp-json\/wp\/v2\/product"}],"about":[{"href":"https:\/\/gr-100.com\/pt-pt\/wp-json\/wp\/v2\/types\/product"}],"replies":[{"embeddable":true,"href":"https:\/\/gr-100.com\/pt-pt\/wp-json\/wp\/v2\/comments?post=387101"}],"wp:featuredmedia":[{"embeddable":true,"href":"https:\/\/gr-100.com\/pt-pt\/wp-json\/wp\/v2\/media\/298210"}],"wp:attachment":[{"href":"https:\/\/gr-100.com\/pt-pt\/wp-json\/wp\/v2\/media?parent=387101"}],"wp:term":[{"taxonomy":"product_brand","embeddable":true,"href":"https:\/\/gr-100.com\/pt-pt\/wp-json\/wp\/v2\/product_brand?post=387101"},{"taxonomy":"product_cat","embeddable":true,"href":"https:\/\/gr-100.com\/pt-pt\/wp-json\/wp\/v2\/product_cat?post=387101"},{"taxonomy":"product_tag","embeddable":true,"href":"https:\/\/gr-100.com\/pt-pt\/wp-json\/wp\/v2\/product_tag?post=387101"}],"curies":[{"name":"wp","href":"https:\/\/api.w.org\/{rel}","templated":true}]}}