{"id":387151,"date":"2024-07-01T10:35:30","date_gmt":"2024-07-01T08:35:30","guid":{"rendered":"https:\/\/gr-100.com\/producto\/especialista-diverge-str-expert-2023\/"},"modified":"2025-12-18T15:22:06","modified_gmt":"2025-12-18T13:22:06","slug":"especialista-diverge-str-expert-2023","status":"publish","type":"product","link":"https:\/\/gr-100.com\/pt-pt\/producto\/especialista-diverge-str-expert-2023\/","title":{"rendered":"Specialized Diverge STR Expert 2023"},"content":{"rendered":"<ul>\n<li>Body Geometry Power Expert SADDLE, trilhos de tit\u00e2nio<\/li>\n<li>POWER Haste do Futuro, Comp<\/li>\n<li>Poste de assento de carbono S-Works , espig\u00e3o de assento offse de 20 mm<\/li>\n<li>ABRA\u00c7O.<br \/>\n Specialized SELIM, 33.3mm <\/li>\n<li>Specialized Adventure Gear Hover, queda de 103mm x alcance de 70mm x flare de 12\u00ba<\/li>\n<li>Supacaz Super Fita Kush Pegajosa<\/li>\n<li>Future Shock 2.0 c\/ amortecedor, Bota lisa, carbono FACT, eixo thru de 12&#215;100 mm, garfo de montagem plana<\/li>\n<li>FRAME Diverge FACT 11r frame set em carbono com suspens\u00e3o Future Shock dianteira e traseira, integra\u00e7\u00e3o SWAT\u2122 Door, BB roscado, roteamento interno, eixo thru 12x142mm, disco de montagem plana<\/li>\n<li>Porta SWAT integrada, sistema de armazenamento interno SWAT<\/li>\n<li>Presta v\u00e1lvula C\u00c2MERAS, 48mm<\/li>\n<li>Pneu traseiro Tracer Pro 2BR, 700&#215;42<\/li>\n<li>PNEU. Tra\u00e7ador Pro 2BR, 700&#215;42<\/li>\n<li>RODA DIANTEIRA Roval Terra C, aro em carbono de 25mm de largura interna, profundidade de 32mm, cubo NOVO DT 370, 24h, raios DT Swiss Comp Race<\/li>\n<li>RODA TRASEIRA Roval Terra C, aro em carbono de 25mm de largura interna, profundidade de 32mm, cubo de catraca NOVO DT 370 Star, 24h, raios DT Swiss Comp Race<\/li>\n<li>SRAM DUB BSA 68 SUPORTE INFERIOR<\/li>\n<li>SRAM SRAM GX Eagle AXS DERAILLEUR TRASEIRO, C\/ TAMPA DA BATERIA<\/li>\n<li>SRAM GX Eagle CHAIN de 12 velocidades<\/li>\n<li>SRAM NX Eagle PG-1230 CASSETTE, 12 velocidades, 11-50t<\/li>\n<li>SRAM Rival 1 Suporte INFERIOR LARGO<\/li>\n<li>SRAM Rival eTap SRAM AXS SHIFTERS<\/li>\n<li>40t AN\u00c9IS CORRENTES<\/li>\n<li>SRAM Rival eTAP AXS, disco hidr\u00e1ulico<\/li>\n<li>TRAV\u00c3O TRASEIRO<\/li>\n<li>SRAM Rival eTAP AXS, disco hidr\u00e1ulico<\/li>\n<\/ul>\n","protected":false},"excerpt":{"rendered":"<ul>\n<li>Ao suspender o piloto com curso ajust\u00e1vel &#8211; 20mm dianteiro \/ 30mm traseiro &#8211; a tecnologia Future Shock absorve as for\u00e7as causadas por terrenos irregulares para aumentar o controlo e a capacidade na moto, mantendo a efici\u00eancia e capacidade de resposta t\u00e3o caracter\u00edsticas deste quadro, porque quando se trata de transfer\u00eancia de pot\u00eancia,  \u00c9 um quadro muito r\u00edgido.<br \/>\nPedalar em terreno irregular faz a bicicleta saltar como um gato assustado.<br \/>\nO novo Diverge STR \u00e9 eficiente, confort\u00e1vel e muito gerenci\u00e1vel.<br \/>\n\u00c9 leve, \u00e1gil e altamente responsivo.   <\/li>\n<li>O novo Diverge prospera em linhas e curvas perfeitas.<br \/>\nO amortecedor traseiro Future Shock coloca 30 mm de curso traseiro para suavizar estradas dif\u00edceis.<br \/>\nSeus controles hidr\u00e1ulicos de amortecimento viajam para eliminar o &#8220;rolamento&#8221; ao pedalar e garantem que grandes impactos nunca o catapultem para fora do selim, tudo sem comprometer a t\u00e9cnica e a efici\u00eancia da pedalada.  <\/li>\n<li>Nascida de d\u00e9cadas de inova\u00e7\u00e3o e da nossa filosofia &#8220;Smoother is Faster&#8221;, a Future Shock foi criada para desenvolver motos que vencem nos paralelep\u00edpedos, mas encontrou a sua express\u00e3o mais pura no Gravel.<br \/>\nS\u00e3o cerca de 20 mm de curso dianteiro ajust\u00e1vel e almofadado que o mant\u00e9m no controlo total, ao mesmo tempo que protege as suas m\u00e3os, bra\u00e7os e ombros de solavancos. <\/li>\n<li>Mais capacidade significa mais confian\u00e7a, mais confian\u00e7a significa mais rotas, mais rotas significa mais divers\u00e3o, e tudo come\u00e7a na \u00e1rea de contacto com o terreno.<br \/>\nN\u00e3o h\u00e1 nada que aumente mais a capacidade do que um bom arco de roda.<br \/>\n47mm numa roda de 700C e 2,1&#8243; em 650B.<br \/>\nA Diverge STR \u00e9 a moto de cascalho mais capaz que j\u00e1 fizemos, por isso \u00e9 a mais divertida.<br \/>\nN\u00e3o se preocupe, os c\u00e1lculos est\u00e3o feitos.    <\/li>\n<\/ul>\n","protected":false},"featured_media":379225,"comment_status":"closed","ping_status":"closed","template":"","meta":{"_acf_changed":false,"_et_pb_use_builder":"","_et_pb_old_content":"","_et_gb_content_width":"","inline_featured_image":false},"product_brand":[],"product_cat":[4353,2459,3346,2483],"product_tag":[],"class_list":{"0":"post-387151","1":"product","2":"type-product","3":"status-publish","4":"has-post-thumbnail","6":"product_cat-liquidacion-specialized","7":"product_cat-bicicletas-pt-pt-2","8":"product_cat-bicicletas-de-cascalho","9":"product_cat-bicicletas-especializadas","10":"product_shipping_class-bicicletas-pt-pt","12":"first","13":"outofstock","14":"sale","15":"taxable","16":"shipping-taxable","17":"product-type-variable","18":"wvs-archive-product-wrapper"},"acf":[],"yoast_head":"<!-- This site is optimized with the Yoast SEO Premium plugin v26.7 (Yoast SEO v26.7) - https:\/\/yoast.com\/wordpress\/plugins\/seo\/ -->\n<title>Specialized Diverge STR Expert 2023<\/title>\n<meta name=\"description\" content=\"GR 100 Specialized. Melhores pre\u00e7os sem concorr\u00eancia. Solicite a sua oferta personalizada. Modelo da bicicleta: Specialized Diverge STR Expert 2023.\" \/>\n<meta name=\"robots\" content=\"index, follow, max-snippet:-1, max-image-preview:large, max-video-preview:-1\" \/>\n<link rel=\"canonical\" href=\"https:\/\/gr-100.com\/pt-pt\/producto\/especialista-diverge-str-expert-2023\/\" \/>\n<meta property=\"og:locale\" content=\"pt_PT\" \/>\n<meta property=\"og:type\" content=\"article\" \/>\n<meta property=\"og:title\" content=\"Specialized Diverge STR Expert 2023\" \/>\n<meta property=\"og:description\" content=\"GR 100 Specialized. Melhores pre\u00e7os sem concorr\u00eancia. Solicite a sua oferta personalizada. Modelo da bicicleta: Specialized Diverge STR Expert 2023.\" \/>\n<meta property=\"og:url\" content=\"https:\/\/gr-100.com\/pt-pt\/producto\/especialista-diverge-str-expert-2023\/\" \/>\n<meta property=\"og:site_name\" content=\"Gr-100 Tienda de ciclismo Specialized\" \/>\n<meta property=\"article:publisher\" content=\"https:\/\/www.facebook.com\/Gr100Bikes\" \/>\n<meta property=\"article:modified_time\" content=\"2025-12-18T13:22:06+00:00\" \/>\n<meta property=\"og:image\" content=\"https:\/\/gr-100.com\/wp-content\/uploads\/2024\/07\/Diverge_STR_Expert_2023.jpg\" \/>\n\t<meta property=\"og:image:width\" content=\"1000\" \/>\n\t<meta property=\"og:image:height\" content=\"1000\" \/>\n\t<meta property=\"og:image:type\" content=\"image\/jpeg\" \/>\n<meta name=\"twitter:card\" content=\"summary_large_image\" \/>\n<meta name=\"twitter:label1\" content=\"Tempo estimado de leitura\" \/>\n\t<meta name=\"twitter:data1\" content=\"1 minuto\" \/>\n<script type=\"application\/ld+json\" class=\"yoast-schema-graph\">{\"@context\":\"https:\/\/schema.org\",\"@graph\":[{\"@type\":\"WebPage\",\"@id\":\"https:\/\/gr-100.com\/pt-pt\/producto\/especialista-diverge-str-expert-2023\/\",\"url\":\"https:\/\/gr-100.com\/pt-pt\/producto\/especialista-diverge-str-expert-2023\/\",\"name\":\"Specialized Diverge STR Expert 2023\",\"isPartOf\":{\"@id\":\"https:\/\/gr-100.com\/#website\"},\"primaryImageOfPage\":{\"@id\":\"https:\/\/gr-100.com\/pt-pt\/producto\/especialista-diverge-str-expert-2023\/#primaryimage\"},\"image\":{\"@id\":\"https:\/\/gr-100.com\/pt-pt\/producto\/especialista-diverge-str-expert-2023\/#primaryimage\"},\"thumbnailUrl\":\"https:\/\/gr-100.com\/wp-content\/uploads\/2024\/07\/Diverge_STR_Expert_2023.jpg\",\"datePublished\":\"2024-07-01T08:35:30+00:00\",\"dateModified\":\"2025-12-18T13:22:06+00:00\",\"description\":\"GR 100 Specialized. Melhores pre\u00e7os sem concorr\u00eancia. Solicite a sua oferta personalizada. Modelo da bicicleta: Specialized Diverge STR Expert 2023.\",\"breadcrumb\":{\"@id\":\"https:\/\/gr-100.com\/pt-pt\/producto\/especialista-diverge-str-expert-2023\/#breadcrumb\"},\"inLanguage\":\"pt-PT\",\"potentialAction\":[{\"@type\":\"ReadAction\",\"target\":[\"https:\/\/gr-100.com\/pt-pt\/producto\/especialista-diverge-str-expert-2023\/\"]}]},{\"@type\":\"ImageObject\",\"inLanguage\":\"pt-PT\",\"@id\":\"https:\/\/gr-100.com\/pt-pt\/producto\/especialista-diverge-str-expert-2023\/#primaryimage\",\"url\":\"https:\/\/gr-100.com\/wp-content\/uploads\/2024\/07\/Diverge_STR_Expert_2023.jpg\",\"contentUrl\":\"https:\/\/gr-100.com\/wp-content\/uploads\/2024\/07\/Diverge_STR_Expert_2023.jpg\",\"width\":1000,\"height\":1000},{\"@type\":\"BreadcrumbList\",\"@id\":\"https:\/\/gr-100.com\/pt-pt\/producto\/especialista-diverge-str-expert-2023\/#breadcrumb\",\"itemListElement\":[{\"@type\":\"ListItem\",\"position\":1,\"name\":\"Portada\",\"item\":\"https:\/\/gr-100.com\/en\/\"},{\"@type\":\"ListItem\",\"position\":2,\"name\":\"Productos\",\"item\":\"https:\/\/gr-100.com\/?post_type=product\"},{\"@type\":\"ListItem\",\"position\":3,\"name\":\"Specialized Diverge STR Expert 2023\"}]},{\"@type\":\"WebSite\",\"@id\":\"https:\/\/gr-100.com\/#website\",\"url\":\"https:\/\/gr-100.com\/\",\"name\":\"Gr-100 Tienda de ciclismo Specialized\",\"description\":\"GR-100 tenemos todas las gamas de bicicletas Specialized al mejor precio.\",\"publisher\":{\"@id\":\"https:\/\/gr-100.com\/#organization\"},\"alternateName\":\"Gr-100 Bikes\",\"potentialAction\":[{\"@type\":\"SearchAction\",\"target\":{\"@type\":\"EntryPoint\",\"urlTemplate\":\"https:\/\/gr-100.com\/?s={search_term_string}\"},\"query-input\":{\"@type\":\"PropertyValueSpecification\",\"valueRequired\":true,\"valueName\":\"search_term_string\"}}],\"inLanguage\":\"pt-PT\"},{\"@type\":\"Organization\",\"@id\":\"https:\/\/gr-100.com\/#organization\",\"name\":\"Gr-100\",\"url\":\"https:\/\/gr-100.com\/\",\"logo\":{\"@type\":\"ImageObject\",\"inLanguage\":\"pt-PT\",\"@id\":\"https:\/\/gr-100.com\/#\/schema\/logo\/image\/\",\"url\":\"https:\/\/gr-100.com\/wp-content\/uploads\/2023\/08\/logo-gr-100-bikes.png\",\"contentUrl\":\"https:\/\/gr-100.com\/wp-content\/uploads\/2023\/08\/logo-gr-100-bikes.png\",\"width\":707,\"height\":284,\"caption\":\"Gr-100\"},\"image\":{\"@id\":\"https:\/\/gr-100.com\/#\/schema\/logo\/image\/\"},\"sameAs\":[\"https:\/\/www.facebook.com\/Gr100Bikes\",\"https:\/\/www.instagram.com\/gr100bikes\/\",\"https:\/\/www.tiktok.com\/@gr100bikes\",\"https:\/\/twitter.com\/gr100mtbteam\",\"https:\/\/www.youtube.com\/c\/GR100Specialized\"]}]}<\/script>\n<!-- \/ Yoast SEO Premium plugin. -->","yoast_head_json":{"title":"Specialized Diverge STR Expert 2023","description":"GR 100 Specialized. Melhores pre\u00e7os sem concorr\u00eancia. Solicite a sua oferta personalizada. Modelo da bicicleta: Specialized Diverge STR Expert 2023.","robots":{"index":"index","follow":"follow","max-snippet":"max-snippet:-1","max-image-preview":"max-image-preview:large","max-video-preview":"max-video-preview:-1"},"canonical":"https:\/\/gr-100.com\/pt-pt\/producto\/especialista-diverge-str-expert-2023\/","og_locale":"pt_PT","og_type":"article","og_title":"Specialized Diverge STR Expert 2023","og_description":"GR 100 Specialized. Melhores pre\u00e7os sem concorr\u00eancia. Solicite a sua oferta personalizada. Modelo da bicicleta: Specialized Diverge STR Expert 2023.","og_url":"https:\/\/gr-100.com\/pt-pt\/producto\/especialista-diverge-str-expert-2023\/","og_site_name":"Gr-100 Tienda de ciclismo Specialized","article_publisher":"https:\/\/www.facebook.com\/Gr100Bikes","article_modified_time":"2025-12-18T13:22:06+00:00","og_image":[{"width":1000,"height":1000,"url":"https:\/\/gr-100.com\/wp-content\/uploads\/2024\/07\/Diverge_STR_Expert_2023.jpg","type":"image\/jpeg"}],"twitter_card":"summary_large_image","twitter_misc":{"Tempo estimado de leitura":"1 minuto"},"schema":{"@context":"https:\/\/schema.org","@graph":[{"@type":"WebPage","@id":"https:\/\/gr-100.com\/pt-pt\/producto\/especialista-diverge-str-expert-2023\/","url":"https:\/\/gr-100.com\/pt-pt\/producto\/especialista-diverge-str-expert-2023\/","name":"Specialized Diverge STR Expert 2023","isPartOf":{"@id":"https:\/\/gr-100.com\/#website"},"primaryImageOfPage":{"@id":"https:\/\/gr-100.com\/pt-pt\/producto\/especialista-diverge-str-expert-2023\/#primaryimage"},"image":{"@id":"https:\/\/gr-100.com\/pt-pt\/producto\/especialista-diverge-str-expert-2023\/#primaryimage"},"thumbnailUrl":"https:\/\/gr-100.com\/wp-content\/uploads\/2024\/07\/Diverge_STR_Expert_2023.jpg","datePublished":"2024-07-01T08:35:30+00:00","dateModified":"2025-12-18T13:22:06+00:00","description":"GR 100 Specialized. Melhores pre\u00e7os sem concorr\u00eancia. Solicite a sua oferta personalizada. Modelo da bicicleta: Specialized Diverge STR Expert 2023.","breadcrumb":{"@id":"https:\/\/gr-100.com\/pt-pt\/producto\/especialista-diverge-str-expert-2023\/#breadcrumb"},"inLanguage":"pt-PT","potentialAction":[{"@type":"ReadAction","target":["https:\/\/gr-100.com\/pt-pt\/producto\/especialista-diverge-str-expert-2023\/"]}]},{"@type":"ImageObject","inLanguage":"pt-PT","@id":"https:\/\/gr-100.com\/pt-pt\/producto\/especialista-diverge-str-expert-2023\/#primaryimage","url":"https:\/\/gr-100.com\/wp-content\/uploads\/2024\/07\/Diverge_STR_Expert_2023.jpg","contentUrl":"https:\/\/gr-100.com\/wp-content\/uploads\/2024\/07\/Diverge_STR_Expert_2023.jpg","width":1000,"height":1000},{"@type":"BreadcrumbList","@id":"https:\/\/gr-100.com\/pt-pt\/producto\/especialista-diverge-str-expert-2023\/#breadcrumb","itemListElement":[{"@type":"ListItem","position":1,"name":"Portada","item":"https:\/\/gr-100.com\/en\/"},{"@type":"ListItem","position":2,"name":"Productos","item":"https:\/\/gr-100.com\/?post_type=product"},{"@type":"ListItem","position":3,"name":"Specialized Diverge STR Expert 2023"}]},{"@type":"WebSite","@id":"https:\/\/gr-100.com\/#website","url":"https:\/\/gr-100.com\/","name":"Gr-100 Tienda de ciclismo Specialized","description":"GR-100 tenemos todas las gamas de bicicletas Specialized al mejor precio.","publisher":{"@id":"https:\/\/gr-100.com\/#organization"},"alternateName":"Gr-100 Bikes","potentialAction":[{"@type":"SearchAction","target":{"@type":"EntryPoint","urlTemplate":"https:\/\/gr-100.com\/?s={search_term_string}"},"query-input":{"@type":"PropertyValueSpecification","valueRequired":true,"valueName":"search_term_string"}}],"inLanguage":"pt-PT"},{"@type":"Organization","@id":"https:\/\/gr-100.com\/#organization","name":"Gr-100","url":"https:\/\/gr-100.com\/","logo":{"@type":"ImageObject","inLanguage":"pt-PT","@id":"https:\/\/gr-100.com\/#\/schema\/logo\/image\/","url":"https:\/\/gr-100.com\/wp-content\/uploads\/2023\/08\/logo-gr-100-bikes.png","contentUrl":"https:\/\/gr-100.com\/wp-content\/uploads\/2023\/08\/logo-gr-100-bikes.png","width":707,"height":284,"caption":"Gr-100"},"image":{"@id":"https:\/\/gr-100.com\/#\/schema\/logo\/image\/"},"sameAs":["https:\/\/www.facebook.com\/Gr100Bikes","https:\/\/www.instagram.com\/gr100bikes\/","https:\/\/www.tiktok.com\/@gr100bikes","https:\/\/twitter.com\/gr100mtbteam","https:\/\/www.youtube.com\/c\/GR100Specialized"]}]}},"_links":{"self":[{"href":"https:\/\/gr-100.com\/pt-pt\/wp-json\/wp\/v2\/product\/387151","targetHints":{"allow":["GET"]}}],"collection":[{"href":"https:\/\/gr-100.com\/pt-pt\/wp-json\/wp\/v2\/product"}],"about":[{"href":"https:\/\/gr-100.com\/pt-pt\/wp-json\/wp\/v2\/types\/product"}],"replies":[{"embeddable":true,"href":"https:\/\/gr-100.com\/pt-pt\/wp-json\/wp\/v2\/comments?post=387151"}],"wp:featuredmedia":[{"embeddable":true,"href":"https:\/\/gr-100.com\/pt-pt\/wp-json\/wp\/v2\/media\/379225"}],"wp:attachment":[{"href":"https:\/\/gr-100.com\/pt-pt\/wp-json\/wp\/v2\/media?parent=387151"}],"wp:term":[{"taxonomy":"product_brand","embeddable":true,"href":"https:\/\/gr-100.com\/pt-pt\/wp-json\/wp\/v2\/product_brand?post=387151"},{"taxonomy":"product_cat","embeddable":true,"href":"https:\/\/gr-100.com\/pt-pt\/wp-json\/wp\/v2\/product_cat?post=387151"},{"taxonomy":"product_tag","embeddable":true,"href":"https:\/\/gr-100.com\/pt-pt\/wp-json\/wp\/v2\/product_tag?post=387151"}],"curies":[{"name":"wp","href":"https:\/\/api.w.org\/{rel}","templated":true}]}}