{"id":387403,"date":"2024-07-01T10:07:46","date_gmt":"2024-07-01T10:07:46","guid":{"rendered":"https:\/\/gr-100.com\/producto\/especializada-diverge-comp-carbono-2022\/"},"modified":"2025-12-18T16:47:01","modified_gmt":"2025-12-18T14:47:01","slug":"especializada-diverge-comp-carbono-2022","status":"publish","type":"product","link":"https:\/\/gr-100.com\/pt-pt\/producto\/especializada-diverge-comp-carbono-2022\/","title":{"rendered":"Specialized Diverge Comp Carbono 2022"},"content":{"rendered":"<p>As rodas de alum\u00ednio DT Swiss G540 mant\u00eam voc\u00ea rodando de forma eficiente, enquanto os pneus Pathfinder Pro de 42 mm vencedores da Kanza oferecem desempenho em asfalto liso, estradas de terra e trilhas de cascalho.<br \/>\nPara dar ao Diverge Comp uma condu\u00e7\u00e3o perfeitamente equilibrada, mont\u00e1mos o espig\u00e3o Terra da Roval. <\/p>\n<p>CARATER\u00cdSTICAS:<\/p>\n<ul>\n<li>Estrutura: Specialized Diverge FACT 9r carbon, SWAT\u2122 Door integration, Future Shock suspension, threaded BB, roteamento interno, 12x142mm thru-axle, flat-mount disc<\/li>\n<li>Forquilha: Future Shock 2.0 c\/ amortecedor, Bota lisa, carbono FACT, eixo thru de 12&#215;100 mm, montagem plana<\/li>\n<li>Guiador: Specialized Adventure Gear Hover, queda Specialized 103mm x alcance de 70mm x flare de 12\u00ba<\/li>\n<li>Haste: Haste do Futuro, Comp<\/li>\n<li>Fita: Supacaz Super Sticky Kush<\/li>\n<li>Selim: Body Geometry Power Sport, trilhos de a\u00e7o<\/li>\n<li>Freio dianteiro: SRAM Rival, disco hidr\u00e1ulico, rotor CenterLine de 160 mm<\/li>\n<li>Freio traseiro: SRAM Rival, disco hidr\u00e1ulico, rotor CenterLine de 160 mm<\/li>\n<li>Shifters: SRAM Rival 1, hidr\u00e1ulico<\/li>\n<li>Derailleur traseiro: SRAM Rival 1, gaiola longa<\/li>\n<li>: SunRace, 11 velocidades, 11-42t<\/li>\n<li>Pedaleira: SRAM Rival 1<\/li>\n<li>Anel de corrente: 40T<\/li>\n<li>Suporte inferior: Sram GXP<\/li>\n<li>Corrente: KMC X11 Extra leve, 11 velocidades<\/li>\n<li>Roda dianteira: Jante DT Swiss G540, largura interna de 24mm, pronto sem tubo, 24h, rolamento totalmente selado Specialized atrav\u00e9s do cubo do eixo, disco de bloqueio central, raios de a\u00e7o inoxid\u00e1vel DT Swiss Champion 14G, mamilos de lat\u00e3o DT Swiss<\/li>\n<li>Roda traseira: Jante DT Swiss G540, largura interna de 24mm, pronto sem tubo, 24h, rolamento totalmente selado Specialized atrav\u00e9s do cubo do eixo, disco de bloqueio central, raios de a\u00e7o inoxid\u00e1vel DT Swiss Champion 14G, mamilos de lat\u00e3o DT Swiss<\/li>\n<li>Capa: Pathfinder Pro 2BR, Parede lateral Tan, 700&#215;42<\/li>\n<li>Tampa traseira: Pathfinder Pro 2BR, Parede lateral Tan, 700&#215;42<\/li>\n<li>C\u00e2maras: 700&#215;28\/38mm, 48mm Presta v\u00e1lvula<\/li>\n<li>Roval Terra Carbon Seat Post, 20mm Offset<\/li>\n<li>SWAT: Porta SWAT integrada, sistema de armazenamento interno<\/li>\n<\/ul>\n","protected":false},"excerpt":{"rendered":"<p>O Diverge Comp Carbon apresenta o mesmo quadro de carbono FACT 9r e Future Shock 2.0 do Pro, mas com o grupo de cascalho SRAM Rival 1 1&#215;11 mecanicamente deslocado.<\/p>\n","protected":false},"featured_media":274803,"comment_status":"closed","ping_status":"closed","template":"","meta":{"_acf_changed":false,"_et_pb_use_builder":"","_et_pb_old_content":"","_et_gb_content_width":"","inline_featured_image":false},"product_brand":[],"product_cat":[20,378],"product_tag":[],"class_list":{"0":"post-387403","1":"product","2":"type-product","3":"status-publish","4":"has-post-thumbnail","6":"product_cat-bicicletas-de-carretera","7":"product_cat-estrada","9":"first","10":"outofstock","11":"taxable","12":"shipping-taxable","13":"product-type-variable","14":"wvs-archive-product-wrapper"},"acf":[],"yoast_head":"<!-- This site is optimized with the Yoast SEO Premium plugin v26.7 (Yoast SEO v26.7) - https:\/\/yoast.com\/wordpress\/plugins\/seo\/ -->\n<title>Specialized Diverge Comp Carbono 2022 - GR-100<\/title>\n<meta name=\"description\" content=\"A Diverge escreve um novo cap\u00edtulo na categoria de bicicletas de cascalho, para que possa sonhar com viagens completamente novas\" \/>\n<meta name=\"robots\" content=\"index, follow, max-snippet:-1, max-image-preview:large, max-video-preview:-1\" \/>\n<link rel=\"canonical\" href=\"https:\/\/gr-100.com\/pt-pt\/producto\/especializada-diverge-comp-carbono-2022\/\" \/>\n<meta property=\"og:locale\" content=\"pt_PT\" \/>\n<meta property=\"og:type\" content=\"article\" \/>\n<meta property=\"og:title\" content=\"Specialized Diverge Comp Carbono 2022\" \/>\n<meta property=\"og:description\" content=\"A Diverge escreve um novo cap\u00edtulo na categoria de bicicletas de cascalho, para que possa sonhar com viagens completamente novas\" \/>\n<meta property=\"og:url\" content=\"https:\/\/gr-100.com\/pt-pt\/producto\/especializada-diverge-comp-carbono-2022\/\" \/>\n<meta property=\"og:site_name\" content=\"Gr-100 Tienda de ciclismo Specialized\" \/>\n<meta property=\"article:publisher\" content=\"https:\/\/www.facebook.com\/Gr100Bikes\" \/>\n<meta property=\"article:modified_time\" content=\"2025-12-18T14:47:01+00:00\" \/>\n<meta property=\"og:image\" content=\"https:\/\/gr-100.com\/wp-content\/uploads\/2024\/05\/DIVERGE-COMP-CARBON-SATIN-G.jpg\" \/>\n\t<meta property=\"og:image:width\" content=\"1000\" \/>\n\t<meta property=\"og:image:height\" content=\"1000\" \/>\n\t<meta property=\"og:image:type\" content=\"image\/jpeg\" \/>\n<meta name=\"twitter:card\" content=\"summary_large_image\" \/>\n<meta name=\"twitter:label1\" content=\"Tempo estimado de leitura\" \/>\n\t<meta name=\"twitter:data1\" content=\"2 minutos\" \/>\n<script type=\"application\/ld+json\" class=\"yoast-schema-graph\">{\"@context\":\"https:\/\/schema.org\",\"@graph\":[{\"@type\":\"WebPage\",\"@id\":\"https:\/\/gr-100.com\/pt-pt\/producto\/especializada-diverge-comp-carbono-2022\/\",\"url\":\"https:\/\/gr-100.com\/pt-pt\/producto\/especializada-diverge-comp-carbono-2022\/\",\"name\":\"Specialized Diverge Comp Carbono 2022 - GR-100\",\"isPartOf\":{\"@id\":\"https:\/\/gr-100.com\/#website\"},\"primaryImageOfPage\":{\"@id\":\"https:\/\/gr-100.com\/pt-pt\/producto\/especializada-diverge-comp-carbono-2022\/#primaryimage\"},\"image\":{\"@id\":\"https:\/\/gr-100.com\/pt-pt\/producto\/especializada-diverge-comp-carbono-2022\/#primaryimage\"},\"thumbnailUrl\":\"https:\/\/gr-100.com\/wp-content\/uploads\/2024\/05\/DIVERGE-COMP-CARBON-SATIN-G.jpg\",\"datePublished\":\"2024-07-01T10:07:46+00:00\",\"dateModified\":\"2025-12-18T14:47:01+00:00\",\"description\":\"A Diverge escreve um novo cap\u00edtulo na categoria de bicicletas de cascalho, para que possa sonhar com viagens completamente novas\",\"breadcrumb\":{\"@id\":\"https:\/\/gr-100.com\/pt-pt\/producto\/especializada-diverge-comp-carbono-2022\/#breadcrumb\"},\"inLanguage\":\"pt-PT\",\"potentialAction\":[{\"@type\":\"ReadAction\",\"target\":[\"https:\/\/gr-100.com\/pt-pt\/producto\/especializada-diverge-comp-carbono-2022\/\"]}]},{\"@type\":\"ImageObject\",\"inLanguage\":\"pt-PT\",\"@id\":\"https:\/\/gr-100.com\/pt-pt\/producto\/especializada-diverge-comp-carbono-2022\/#primaryimage\",\"url\":\"https:\/\/gr-100.com\/wp-content\/uploads\/2024\/05\/DIVERGE-COMP-CARBON-SATIN-G.jpg\",\"contentUrl\":\"https:\/\/gr-100.com\/wp-content\/uploads\/2024\/05\/DIVERGE-COMP-CARBON-SATIN-G.jpg\",\"width\":1000,\"height\":1000},{\"@type\":\"BreadcrumbList\",\"@id\":\"https:\/\/gr-100.com\/pt-pt\/producto\/especializada-diverge-comp-carbono-2022\/#breadcrumb\",\"itemListElement\":[{\"@type\":\"ListItem\",\"position\":1,\"name\":\"Portada\",\"item\":\"https:\/\/gr-100.com\/en\/\"},{\"@type\":\"ListItem\",\"position\":2,\"name\":\"Productos\",\"item\":\"https:\/\/gr-100.com\/?post_type=product\"},{\"@type\":\"ListItem\",\"position\":3,\"name\":\"Specialized Diverge Comp Carbono 2022\"}]},{\"@type\":\"WebSite\",\"@id\":\"https:\/\/gr-100.com\/#website\",\"url\":\"https:\/\/gr-100.com\/\",\"name\":\"Gr-100 Tienda de ciclismo Specialized\",\"description\":\"GR-100 tenemos todas las gamas de bicicletas Specialized al mejor precio.\",\"publisher\":{\"@id\":\"https:\/\/gr-100.com\/#organization\"},\"alternateName\":\"Gr-100 Bikes\",\"potentialAction\":[{\"@type\":\"SearchAction\",\"target\":{\"@type\":\"EntryPoint\",\"urlTemplate\":\"https:\/\/gr-100.com\/?s={search_term_string}\"},\"query-input\":{\"@type\":\"PropertyValueSpecification\",\"valueRequired\":true,\"valueName\":\"search_term_string\"}}],\"inLanguage\":\"pt-PT\"},{\"@type\":\"Organization\",\"@id\":\"https:\/\/gr-100.com\/#organization\",\"name\":\"Gr-100\",\"url\":\"https:\/\/gr-100.com\/\",\"logo\":{\"@type\":\"ImageObject\",\"inLanguage\":\"pt-PT\",\"@id\":\"https:\/\/gr-100.com\/#\/schema\/logo\/image\/\",\"url\":\"https:\/\/gr-100.com\/wp-content\/uploads\/2023\/08\/logo-gr-100-bikes.png\",\"contentUrl\":\"https:\/\/gr-100.com\/wp-content\/uploads\/2023\/08\/logo-gr-100-bikes.png\",\"width\":707,\"height\":284,\"caption\":\"Gr-100\"},\"image\":{\"@id\":\"https:\/\/gr-100.com\/#\/schema\/logo\/image\/\"},\"sameAs\":[\"https:\/\/www.facebook.com\/Gr100Bikes\",\"https:\/\/www.instagram.com\/gr100bikes\/\",\"https:\/\/www.tiktok.com\/@gr100bikes\",\"https:\/\/twitter.com\/gr100mtbteam\",\"https:\/\/www.youtube.com\/c\/GR100Specialized\"]}]}<\/script>\n<!-- \/ Yoast SEO Premium plugin. -->","yoast_head_json":{"title":"Specialized Diverge Comp Carbono 2022 - GR-100","description":"A Diverge escreve um novo cap\u00edtulo na categoria de bicicletas de cascalho, para que possa sonhar com viagens completamente novas","robots":{"index":"index","follow":"follow","max-snippet":"max-snippet:-1","max-image-preview":"max-image-preview:large","max-video-preview":"max-video-preview:-1"},"canonical":"https:\/\/gr-100.com\/pt-pt\/producto\/especializada-diverge-comp-carbono-2022\/","og_locale":"pt_PT","og_type":"article","og_title":"Specialized Diverge Comp Carbono 2022","og_description":"A Diverge escreve um novo cap\u00edtulo na categoria de bicicletas de cascalho, para que possa sonhar com viagens completamente novas","og_url":"https:\/\/gr-100.com\/pt-pt\/producto\/especializada-diverge-comp-carbono-2022\/","og_site_name":"Gr-100 Tienda de ciclismo Specialized","article_publisher":"https:\/\/www.facebook.com\/Gr100Bikes","article_modified_time":"2025-12-18T14:47:01+00:00","og_image":[{"width":1000,"height":1000,"url":"https:\/\/gr-100.com\/wp-content\/uploads\/2024\/05\/DIVERGE-COMP-CARBON-SATIN-G.jpg","type":"image\/jpeg"}],"twitter_card":"summary_large_image","twitter_misc":{"Tempo estimado de leitura":"2 minutos"},"schema":{"@context":"https:\/\/schema.org","@graph":[{"@type":"WebPage","@id":"https:\/\/gr-100.com\/pt-pt\/producto\/especializada-diverge-comp-carbono-2022\/","url":"https:\/\/gr-100.com\/pt-pt\/producto\/especializada-diverge-comp-carbono-2022\/","name":"Specialized Diverge Comp Carbono 2022 - GR-100","isPartOf":{"@id":"https:\/\/gr-100.com\/#website"},"primaryImageOfPage":{"@id":"https:\/\/gr-100.com\/pt-pt\/producto\/especializada-diverge-comp-carbono-2022\/#primaryimage"},"image":{"@id":"https:\/\/gr-100.com\/pt-pt\/producto\/especializada-diverge-comp-carbono-2022\/#primaryimage"},"thumbnailUrl":"https:\/\/gr-100.com\/wp-content\/uploads\/2024\/05\/DIVERGE-COMP-CARBON-SATIN-G.jpg","datePublished":"2024-07-01T10:07:46+00:00","dateModified":"2025-12-18T14:47:01+00:00","description":"A Diverge escreve um novo cap\u00edtulo na categoria de bicicletas de cascalho, para que possa sonhar com viagens completamente novas","breadcrumb":{"@id":"https:\/\/gr-100.com\/pt-pt\/producto\/especializada-diverge-comp-carbono-2022\/#breadcrumb"},"inLanguage":"pt-PT","potentialAction":[{"@type":"ReadAction","target":["https:\/\/gr-100.com\/pt-pt\/producto\/especializada-diverge-comp-carbono-2022\/"]}]},{"@type":"ImageObject","inLanguage":"pt-PT","@id":"https:\/\/gr-100.com\/pt-pt\/producto\/especializada-diverge-comp-carbono-2022\/#primaryimage","url":"https:\/\/gr-100.com\/wp-content\/uploads\/2024\/05\/DIVERGE-COMP-CARBON-SATIN-G.jpg","contentUrl":"https:\/\/gr-100.com\/wp-content\/uploads\/2024\/05\/DIVERGE-COMP-CARBON-SATIN-G.jpg","width":1000,"height":1000},{"@type":"BreadcrumbList","@id":"https:\/\/gr-100.com\/pt-pt\/producto\/especializada-diverge-comp-carbono-2022\/#breadcrumb","itemListElement":[{"@type":"ListItem","position":1,"name":"Portada","item":"https:\/\/gr-100.com\/en\/"},{"@type":"ListItem","position":2,"name":"Productos","item":"https:\/\/gr-100.com\/?post_type=product"},{"@type":"ListItem","position":3,"name":"Specialized Diverge Comp Carbono 2022"}]},{"@type":"WebSite","@id":"https:\/\/gr-100.com\/#website","url":"https:\/\/gr-100.com\/","name":"Gr-100 Tienda de ciclismo Specialized","description":"GR-100 tenemos todas las gamas de bicicletas Specialized al mejor precio.","publisher":{"@id":"https:\/\/gr-100.com\/#organization"},"alternateName":"Gr-100 Bikes","potentialAction":[{"@type":"SearchAction","target":{"@type":"EntryPoint","urlTemplate":"https:\/\/gr-100.com\/?s={search_term_string}"},"query-input":{"@type":"PropertyValueSpecification","valueRequired":true,"valueName":"search_term_string"}}],"inLanguage":"pt-PT"},{"@type":"Organization","@id":"https:\/\/gr-100.com\/#organization","name":"Gr-100","url":"https:\/\/gr-100.com\/","logo":{"@type":"ImageObject","inLanguage":"pt-PT","@id":"https:\/\/gr-100.com\/#\/schema\/logo\/image\/","url":"https:\/\/gr-100.com\/wp-content\/uploads\/2023\/08\/logo-gr-100-bikes.png","contentUrl":"https:\/\/gr-100.com\/wp-content\/uploads\/2023\/08\/logo-gr-100-bikes.png","width":707,"height":284,"caption":"Gr-100"},"image":{"@id":"https:\/\/gr-100.com\/#\/schema\/logo\/image\/"},"sameAs":["https:\/\/www.facebook.com\/Gr100Bikes","https:\/\/www.instagram.com\/gr100bikes\/","https:\/\/www.tiktok.com\/@gr100bikes","https:\/\/twitter.com\/gr100mtbteam","https:\/\/www.youtube.com\/c\/GR100Specialized"]}]}},"_links":{"self":[{"href":"https:\/\/gr-100.com\/pt-pt\/wp-json\/wp\/v2\/product\/387403","targetHints":{"allow":["GET"]}}],"collection":[{"href":"https:\/\/gr-100.com\/pt-pt\/wp-json\/wp\/v2\/product"}],"about":[{"href":"https:\/\/gr-100.com\/pt-pt\/wp-json\/wp\/v2\/types\/product"}],"replies":[{"embeddable":true,"href":"https:\/\/gr-100.com\/pt-pt\/wp-json\/wp\/v2\/comments?post=387403"}],"wp:featuredmedia":[{"embeddable":true,"href":"https:\/\/gr-100.com\/pt-pt\/wp-json\/wp\/v2\/media\/274803"}],"wp:attachment":[{"href":"https:\/\/gr-100.com\/pt-pt\/wp-json\/wp\/v2\/media?parent=387403"}],"wp:term":[{"taxonomy":"product_brand","embeddable":true,"href":"https:\/\/gr-100.com\/pt-pt\/wp-json\/wp\/v2\/product_brand?post=387403"},{"taxonomy":"product_cat","embeddable":true,"href":"https:\/\/gr-100.com\/pt-pt\/wp-json\/wp\/v2\/product_cat?post=387403"},{"taxonomy":"product_tag","embeddable":true,"href":"https:\/\/gr-100.com\/pt-pt\/wp-json\/wp\/v2\/product_tag?post=387403"}],"curies":[{"name":"wp","href":"https:\/\/api.w.org\/{rel}","templated":true}]}}