{"id":387457,"date":"2024-08-21T09:35:55","date_gmt":"2024-08-21T07:35:55","guid":{"rendered":"https:\/\/gr-100.com\/producto\/riprock-especializado-24-%cc%88-2024\/"},"modified":"2025-09-22T16:21:23","modified_gmt":"2025-09-22T14:21:23","slug":"riprock-especializado-24-%cc%88-2024","status":"publish","type":"product","link":"https:\/\/gr-100.com\/pt-pt\/producto\/riprock-especializado-24-%cc%88-2024\/","title":{"rendered":"Specialized Riprock 24 \u0308 2024"},"content":{"rendered":"<ul>\n<li>As crian\u00e7as, se n\u00e3o pedalam confortavelmente, n\u00e3o podem andar com confian\u00e7a.<br \/>\nCom o Riprock, o fit vem em primeiro lugar, o que significa usar dados para nos reinventarmos, desde como eles seguram o guid\u00e3o at\u00e9 como eles se sentam no selim, tudo para criar uma bicicleta que seja espec\u00edfica e proporcional \u00e0s crian\u00e7as. <\/li>\n<li>Cri\u00e1mos um selim Bridge de 130 mm e um fator Q mais estreito para oferecer um melhor alinhamento entre a anca, joelho e tornozelo, reduzindo as hip\u00f3teses de les\u00f5es e dores enquanto aumenta a pot\u00eancia de pedalar.<br \/>\nPossui pegas de di\u00e2metro mais estreito para melhor manuseio, manobrabilidade e controlo. <\/li>\n<li>Um pacote leve, com um quadro totalmente atualizado e uma cadeia cinem\u00e1tica de grande alcance, cria a moto perfeita para os pequenos pilotos enfrentarem facilmente subidas.<\/li>\n<li>O passeio em trilha come\u00e7a aqui.<br \/>\nInspirado pela experi\u00eancia Specialized na fabrica\u00e7\u00e3o de mountain bikes, o Riprock oferece recursos modernos MTB, como um \u00e2ngulo de tubo de cabe\u00e7a relaxado, cabos guiados internamente, freios a disco hidr\u00e1ulicos ou pneus de controle de solo. <\/li>\n<\/ul>\n<p><strong>Especifica\u00e7\u00f5es<\/strong><\/p>\n<ul>\n<li>Haste<br \/>\n de liga forjada 3D Stout, 31,8 mm, eleva\u00e7\u00e3o de 6 graus<\/li>\n<li>Guiador<br \/>\n de liga de ponta dupla, varredura traseira de 9 graus, 31,8 mm<\/li>\n<li>\nSpecialized, lock-on<\/li>\n<li>Ponte Kids<br \/>\nSela, 130mm<\/li>\n<li>\nSpecialized, liga 6061, bra\u00e7adeira de 2 parafusos, recuo de 0mm, 30,9mm<\/li>\n<li>Quadro A1 Premium Butted Alloy<br \/>\n, estrutura unissex, roteamento de cabos internos, eixo thru de 148 mm, poste conta-gotas de 30,9 mm pronto, cabide derailleur substitu\u00edvel compat\u00edvel<\/li>\n<li>Garfo<br \/>\n de liga a1 premium, dire\u00e7\u00e3o de liga, 15&#215;110 mm, W\/Mini Fender<\/li>\n<li>Bra\u00e7adeira de sela<br \/>\ntipo parafuso, 34,9 mm<\/li>\n<li>Promax DSK-926 Freio dianteiro<br \/>\n, freio a disco hidr\u00e1ulico, rotor de 160mm, alcance ajust\u00e1vel<\/li>\n<li>Promax DSK-926 dianteiro<br \/>\ntraseiro, freio a disco hidr\u00e1ulico, rotor de 160 mm, alcance ajust\u00e1vel<\/li>\n<li>microSHIFT Advent derailleur traseiro,<br \/>\nRD-M6195M, w \/ embreagem<\/li>\n<li>\nMicroSHIFT Advent Quick Trigger SL-M6190, 9 velocidades, gatilhos de curto alcance para f\u00e1cil opera\u00e7\u00e3o<\/li>\n<li>Advent CS-H094 microSHIFT Cassette<br \/>\n, 11-42T, 9 velocidades<\/li>\n<li>Corrente<br \/>\n KMC X9EPT, 9 velocidades, revestimento anticorros\u00e3o c\/ Missing Link\u2122 reutiliz\u00e1vel<\/li>\n<li>Guinchos<br \/>\n de liga forjada, comprimento de 115mm, fator Q estreito, c\/ protetor de corrente<\/li>\n<li>Platos<br \/>\n40T<\/li>\n<li>Suporte<br \/>\n inferior c\u00f3nico quadrado, 68mm<\/li>\n<li>Jantes<br \/>\n em liga, profundidade de 16mm, largura interna de 25mm, 28H<\/li>\n<li>Cubo dianteiro<br \/>\nem liga, 6-parafuso, 28H, 15&#215;110 Boost<\/li>\n<li>cubo traseiro<br \/>\nem liga, 6-Bolt, 28H, 12&#215;148 Boost, compat\u00edvel com 11 velocidades<\/li>\n<li>raios inoxid\u00e1veis<br \/>\n, 14g<\/li>\n<li>Roda dianteira<br \/>\ndesportiva com controlo de solo, 24&#215;2.35&#8243;<\/li>\n<li>Roda traseira desportiva<br \/>\nde controlo de solo, 24&#215;2.35&#8243;<\/li>\n<li>OE Standard 32mm PV 24&#215;2.0-2.4 C\u00e2mara\n<\/li>\n<li>Acess\u00f3rios<br \/>\nPedais de plataforma de nylon c\/ refletores<\/li>\n<li>Peso<br \/>\n10,75 kg (23 lb, 11,2 oz)<\/li>\n<\/ul>\n<p>&nbsp;<\/p>\n","protected":false},"excerpt":{"rendered":"<p>A liberdade \u00e9 a aus\u00eancia de medo.<br \/>\nE para andar sem medo, as crian\u00e7as precisam de uma bicicleta com a qual possam usar a imagina\u00e7\u00e3o.<br \/>\n\u00c9 por isso que projetamos a Riprock, para ser uma mountain bike desde o in\u00edcio.<br \/>\nIsso significa se concentrar em todos os recursos necess\u00e1rios para poder descer e saltar, como geometria moderna, pneus de controle de solo, freios hidr\u00e1ulicos e roteamento de cabos internos.<br \/>\nAl\u00e9m disso, incorporamos um conjunto propulsor que torna a Riprock a moto perfeita para inspir\u00e1-lo a subir mais alto e descer com total liberdade.    <\/p>\n","protected":false},"featured_media":380224,"comment_status":"closed","ping_status":"closed","template":"","meta":{"_acf_changed":false,"_et_pb_use_builder":"","_et_pb_old_content":"","_et_gb_content_width":"","inline_featured_image":false},"product_brand":[],"product_cat":[2522,2483,2696],"product_tag":[],"class_list":{"0":"post-387457","1":"product","2":"type-product","3":"status-publish","4":"has-post-thumbnail","6":"product_cat-bicicletas-para-criancas","7":"product_cat-bicicletas-especializadas","8":"product_cat-ofertas-especializadas","9":"product_shipping_class-bicicletas-pt-pt","11":"first","12":"outofstock","13":"taxable","14":"shipping-taxable","15":"product-type-variable","16":"wvs-archive-product-wrapper"},"acf":[],"yoast_head":"<!-- This site is optimized with the Yoast SEO Premium plugin v26.7 (Yoast SEO v26.7) - https:\/\/yoast.com\/wordpress\/plugins\/seo\/ -->\n<title>Specialized Riprock 24 \u0308 2024 GR-100 Bicicletas<\/title>\n<meta name=\"description\" content=\"GR 100 Specialized. Melhores pre\u00e7os sem concorr\u00eancia. Solicite a sua oferta personalizada. Specialized Riprock 24 \u0308 2024.\" \/>\n<meta name=\"robots\" content=\"index, follow, max-snippet:-1, max-image-preview:large, max-video-preview:-1\" \/>\n<link rel=\"canonical\" href=\"https:\/\/gr-100.com\/pt-pt\/producto\/riprock-especializado-24-\u0308-2024\/\" \/>\n<meta property=\"og:locale\" content=\"pt_PT\" \/>\n<meta property=\"og:type\" content=\"article\" \/>\n<meta property=\"og:title\" content=\"Specialized Riprock 24 \u0308 2024\" \/>\n<meta property=\"og:description\" content=\"GR 100 Specialized. Melhores pre\u00e7os sem concorr\u00eancia. Solicite a sua oferta personalizada. Specialized Riprock 24 \u0308 2024.\" \/>\n<meta property=\"og:url\" content=\"https:\/\/gr-100.com\/pt-pt\/producto\/riprock-especializado-24-\u0308-2024\/\" \/>\n<meta property=\"og:site_name\" content=\"Gr-100 Tienda de ciclismo Specialized\" \/>\n<meta property=\"article:publisher\" content=\"https:\/\/www.facebook.com\/Gr100Bikes\" \/>\n<meta property=\"article:modified_time\" content=\"2025-09-22T14:21:23+00:00\" \/>\n<meta property=\"og:image\" content=\"https:\/\/gr-100.com\/wp-content\/uploads\/2024\/08\/riprock-24-2024.jpg\" \/>\n\t<meta property=\"og:image:width\" content=\"1000\" \/>\n\t<meta property=\"og:image:height\" content=\"1000\" \/>\n\t<meta property=\"og:image:type\" content=\"image\/jpeg\" \/>\n<meta name=\"twitter:card\" content=\"summary_large_image\" \/>\n<meta name=\"twitter:label1\" content=\"Tempo estimado de leitura\" \/>\n\t<meta name=\"twitter:data1\" content=\"2 minutos\" \/>\n<script type=\"application\/ld+json\" class=\"yoast-schema-graph\">{\"@context\":\"https:\/\/schema.org\",\"@graph\":[{\"@type\":\"WebPage\",\"@id\":\"https:\/\/gr-100.com\/pt-pt\/producto\/riprock-especializado-24-%cc%88-2024\/\",\"url\":\"https:\/\/gr-100.com\/pt-pt\/producto\/riprock-especializado-24-%cc%88-2024\/\",\"name\":\"Specialized Riprock 24 \u0308 2024 GR-100 Bicicletas\",\"isPartOf\":{\"@id\":\"https:\/\/gr-100.com\/#website\"},\"primaryImageOfPage\":{\"@id\":\"https:\/\/gr-100.com\/pt-pt\/producto\/riprock-especializado-24-%cc%88-2024\/#primaryimage\"},\"image\":{\"@id\":\"https:\/\/gr-100.com\/pt-pt\/producto\/riprock-especializado-24-%cc%88-2024\/#primaryimage\"},\"thumbnailUrl\":\"https:\/\/gr-100.com\/wp-content\/uploads\/2024\/08\/riprock-24-2024.jpg\",\"datePublished\":\"2024-08-21T07:35:55+00:00\",\"dateModified\":\"2025-09-22T14:21:23+00:00\",\"description\":\"GR 100 Specialized. Melhores pre\u00e7os sem concorr\u00eancia. Solicite a sua oferta personalizada. Specialized Riprock 24 \u0308 2024.\",\"breadcrumb\":{\"@id\":\"https:\/\/gr-100.com\/pt-pt\/producto\/riprock-especializado-24-%cc%88-2024\/#breadcrumb\"},\"inLanguage\":\"pt-PT\",\"potentialAction\":[{\"@type\":\"ReadAction\",\"target\":[\"https:\/\/gr-100.com\/pt-pt\/producto\/riprock-especializado-24-%cc%88-2024\/\"]}]},{\"@type\":\"ImageObject\",\"inLanguage\":\"pt-PT\",\"@id\":\"https:\/\/gr-100.com\/pt-pt\/producto\/riprock-especializado-24-%cc%88-2024\/#primaryimage\",\"url\":\"https:\/\/gr-100.com\/wp-content\/uploads\/2024\/08\/riprock-24-2024.jpg\",\"contentUrl\":\"https:\/\/gr-100.com\/wp-content\/uploads\/2024\/08\/riprock-24-2024.jpg\",\"width\":1000,\"height\":1000},{\"@type\":\"BreadcrumbList\",\"@id\":\"https:\/\/gr-100.com\/pt-pt\/producto\/riprock-especializado-24-%cc%88-2024\/#breadcrumb\",\"itemListElement\":[{\"@type\":\"ListItem\",\"position\":1,\"name\":\"Portada\",\"item\":\"https:\/\/gr-100.com\/en\/\"},{\"@type\":\"ListItem\",\"position\":2,\"name\":\"Productos\",\"item\":\"https:\/\/gr-100.com\/?post_type=product\"},{\"@type\":\"ListItem\",\"position\":3,\"name\":\"Specialized Riprock 24 \u0308 2024\"}]},{\"@type\":\"WebSite\",\"@id\":\"https:\/\/gr-100.com\/#website\",\"url\":\"https:\/\/gr-100.com\/\",\"name\":\"Gr-100 Tienda de ciclismo Specialized\",\"description\":\"GR-100 tenemos todas las gamas de bicicletas Specialized al mejor precio.\",\"publisher\":{\"@id\":\"https:\/\/gr-100.com\/#organization\"},\"alternateName\":\"Gr-100 Bikes\",\"potentialAction\":[{\"@type\":\"SearchAction\",\"target\":{\"@type\":\"EntryPoint\",\"urlTemplate\":\"https:\/\/gr-100.com\/?s={search_term_string}\"},\"query-input\":{\"@type\":\"PropertyValueSpecification\",\"valueRequired\":true,\"valueName\":\"search_term_string\"}}],\"inLanguage\":\"pt-PT\"},{\"@type\":\"Organization\",\"@id\":\"https:\/\/gr-100.com\/#organization\",\"name\":\"Gr-100\",\"url\":\"https:\/\/gr-100.com\/\",\"logo\":{\"@type\":\"ImageObject\",\"inLanguage\":\"pt-PT\",\"@id\":\"https:\/\/gr-100.com\/#\/schema\/logo\/image\/\",\"url\":\"https:\/\/gr-100.com\/wp-content\/uploads\/2023\/08\/logo-gr-100-bikes.png\",\"contentUrl\":\"https:\/\/gr-100.com\/wp-content\/uploads\/2023\/08\/logo-gr-100-bikes.png\",\"width\":707,\"height\":284,\"caption\":\"Gr-100\"},\"image\":{\"@id\":\"https:\/\/gr-100.com\/#\/schema\/logo\/image\/\"},\"sameAs\":[\"https:\/\/www.facebook.com\/Gr100Bikes\",\"https:\/\/www.instagram.com\/gr100bikes\/\",\"https:\/\/www.tiktok.com\/@gr100bikes\",\"https:\/\/twitter.com\/gr100mtbteam\",\"https:\/\/www.youtube.com\/c\/GR100Specialized\"]}]}<\/script>\n<!-- \/ Yoast SEO Premium plugin. -->","yoast_head_json":{"title":"Specialized Riprock 24 \u0308 2024 GR-100 Bicicletas","description":"GR 100 Specialized. Melhores pre\u00e7os sem concorr\u00eancia. Solicite a sua oferta personalizada. Specialized Riprock 24 \u0308 2024.","robots":{"index":"index","follow":"follow","max-snippet":"max-snippet:-1","max-image-preview":"max-image-preview:large","max-video-preview":"max-video-preview:-1"},"canonical":"https:\/\/gr-100.com\/pt-pt\/producto\/riprock-especializado-24-\u0308-2024\/","og_locale":"pt_PT","og_type":"article","og_title":"Specialized Riprock 24 \u0308 2024","og_description":"GR 100 Specialized. Melhores pre\u00e7os sem concorr\u00eancia. Solicite a sua oferta personalizada. Specialized Riprock 24 \u0308 2024.","og_url":"https:\/\/gr-100.com\/pt-pt\/producto\/riprock-especializado-24-\u0308-2024\/","og_site_name":"Gr-100 Tienda de ciclismo Specialized","article_publisher":"https:\/\/www.facebook.com\/Gr100Bikes","article_modified_time":"2025-09-22T14:21:23+00:00","og_image":[{"width":1000,"height":1000,"url":"https:\/\/gr-100.com\/wp-content\/uploads\/2024\/08\/riprock-24-2024.jpg","type":"image\/jpeg"}],"twitter_card":"summary_large_image","twitter_misc":{"Tempo estimado de leitura":"2 minutos"},"schema":{"@context":"https:\/\/schema.org","@graph":[{"@type":"WebPage","@id":"https:\/\/gr-100.com\/pt-pt\/producto\/riprock-especializado-24-%cc%88-2024\/","url":"https:\/\/gr-100.com\/pt-pt\/producto\/riprock-especializado-24-%cc%88-2024\/","name":"Specialized Riprock 24 \u0308 2024 GR-100 Bicicletas","isPartOf":{"@id":"https:\/\/gr-100.com\/#website"},"primaryImageOfPage":{"@id":"https:\/\/gr-100.com\/pt-pt\/producto\/riprock-especializado-24-%cc%88-2024\/#primaryimage"},"image":{"@id":"https:\/\/gr-100.com\/pt-pt\/producto\/riprock-especializado-24-%cc%88-2024\/#primaryimage"},"thumbnailUrl":"https:\/\/gr-100.com\/wp-content\/uploads\/2024\/08\/riprock-24-2024.jpg","datePublished":"2024-08-21T07:35:55+00:00","dateModified":"2025-09-22T14:21:23+00:00","description":"GR 100 Specialized. Melhores pre\u00e7os sem concorr\u00eancia. Solicite a sua oferta personalizada. Specialized Riprock 24 \u0308 2024.","breadcrumb":{"@id":"https:\/\/gr-100.com\/pt-pt\/producto\/riprock-especializado-24-%cc%88-2024\/#breadcrumb"},"inLanguage":"pt-PT","potentialAction":[{"@type":"ReadAction","target":["https:\/\/gr-100.com\/pt-pt\/producto\/riprock-especializado-24-%cc%88-2024\/"]}]},{"@type":"ImageObject","inLanguage":"pt-PT","@id":"https:\/\/gr-100.com\/pt-pt\/producto\/riprock-especializado-24-%cc%88-2024\/#primaryimage","url":"https:\/\/gr-100.com\/wp-content\/uploads\/2024\/08\/riprock-24-2024.jpg","contentUrl":"https:\/\/gr-100.com\/wp-content\/uploads\/2024\/08\/riprock-24-2024.jpg","width":1000,"height":1000},{"@type":"BreadcrumbList","@id":"https:\/\/gr-100.com\/pt-pt\/producto\/riprock-especializado-24-%cc%88-2024\/#breadcrumb","itemListElement":[{"@type":"ListItem","position":1,"name":"Portada","item":"https:\/\/gr-100.com\/en\/"},{"@type":"ListItem","position":2,"name":"Productos","item":"https:\/\/gr-100.com\/?post_type=product"},{"@type":"ListItem","position":3,"name":"Specialized Riprock 24 \u0308 2024"}]},{"@type":"WebSite","@id":"https:\/\/gr-100.com\/#website","url":"https:\/\/gr-100.com\/","name":"Gr-100 Tienda de ciclismo Specialized","description":"GR-100 tenemos todas las gamas de bicicletas Specialized al mejor precio.","publisher":{"@id":"https:\/\/gr-100.com\/#organization"},"alternateName":"Gr-100 Bikes","potentialAction":[{"@type":"SearchAction","target":{"@type":"EntryPoint","urlTemplate":"https:\/\/gr-100.com\/?s={search_term_string}"},"query-input":{"@type":"PropertyValueSpecification","valueRequired":true,"valueName":"search_term_string"}}],"inLanguage":"pt-PT"},{"@type":"Organization","@id":"https:\/\/gr-100.com\/#organization","name":"Gr-100","url":"https:\/\/gr-100.com\/","logo":{"@type":"ImageObject","inLanguage":"pt-PT","@id":"https:\/\/gr-100.com\/#\/schema\/logo\/image\/","url":"https:\/\/gr-100.com\/wp-content\/uploads\/2023\/08\/logo-gr-100-bikes.png","contentUrl":"https:\/\/gr-100.com\/wp-content\/uploads\/2023\/08\/logo-gr-100-bikes.png","width":707,"height":284,"caption":"Gr-100"},"image":{"@id":"https:\/\/gr-100.com\/#\/schema\/logo\/image\/"},"sameAs":["https:\/\/www.facebook.com\/Gr100Bikes","https:\/\/www.instagram.com\/gr100bikes\/","https:\/\/www.tiktok.com\/@gr100bikes","https:\/\/twitter.com\/gr100mtbteam","https:\/\/www.youtube.com\/c\/GR100Specialized"]}]}},"_links":{"self":[{"href":"https:\/\/gr-100.com\/pt-pt\/wp-json\/wp\/v2\/product\/387457","targetHints":{"allow":["GET"]}}],"collection":[{"href":"https:\/\/gr-100.com\/pt-pt\/wp-json\/wp\/v2\/product"}],"about":[{"href":"https:\/\/gr-100.com\/pt-pt\/wp-json\/wp\/v2\/types\/product"}],"replies":[{"embeddable":true,"href":"https:\/\/gr-100.com\/pt-pt\/wp-json\/wp\/v2\/comments?post=387457"}],"wp:featuredmedia":[{"embeddable":true,"href":"https:\/\/gr-100.com\/pt-pt\/wp-json\/wp\/v2\/media\/380224"}],"wp:attachment":[{"href":"https:\/\/gr-100.com\/pt-pt\/wp-json\/wp\/v2\/media?parent=387457"}],"wp:term":[{"taxonomy":"product_brand","embeddable":true,"href":"https:\/\/gr-100.com\/pt-pt\/wp-json\/wp\/v2\/product_brand?post=387457"},{"taxonomy":"product_cat","embeddable":true,"href":"https:\/\/gr-100.com\/pt-pt\/wp-json\/wp\/v2\/product_cat?post=387457"},{"taxonomy":"product_tag","embeddable":true,"href":"https:\/\/gr-100.com\/pt-pt\/wp-json\/wp\/v2\/product_tag?post=387457"}],"curies":[{"name":"wp","href":"https:\/\/api.w.org\/{rel}","templated":true}]}}