{"id":387502,"date":"2024-07-01T10:13:41","date_gmt":"2024-07-01T08:13:41","guid":{"rendered":"https:\/\/gr-100.com\/producto\/riprock-especializado-24-%cc%88-2023\/"},"modified":"2025-09-22T15:30:04","modified_gmt":"2025-09-22T13:30:04","slug":"riprock-especializado-24-%cc%88-2023","status":"publish","type":"product","link":"https:\/\/gr-100.com\/pt-pt\/producto\/riprock-especializado-24-%cc%88-2023\/","title":{"rendered":"Specialized Riprock 24 \u0308 2023"},"content":{"rendered":"<ul>\n<li>Cri\u00e1mos um selim Bridge de 130 mm e um fator Q mais estreito para oferecer um melhor alinhamento entre a anca, joelho e tornozelo, reduzindo as hip\u00f3teses de les\u00f5es e dores enquanto aumenta a pot\u00eancia de pedalar.<br \/>\nPossui pegas de di\u00e2metro mais estreito para melhor manuseio, manobrabilidade e controlo. <\/li>\n<li>Um pacote leve, com um quadro totalmente atualizado e uma cadeia cinem\u00e1tica de grande alcance, cria a moto perfeita para os pequenos pilotos enfrentarem facilmente subidas.<\/li>\n<li>O passeio em trilha come\u00e7a aqui.<br \/>\nInspirado pela experi\u00eancia Specialized na fabrica\u00e7\u00e3o de mountain bikes, o Riprock oferece recursos modernos MTB, como um \u00e2ngulo de tubo de cabe\u00e7a relaxado, cabos guiados internamente, freios a disco hidr\u00e1ulicos ou pneus de controle de solo. <\/li>\n<\/ul>\n<p>Especifica\u00e7\u00f5es<\/p>\n<ul>\n<li>A1 Premium Butted Alloy FORK<br \/>\n, Dire\u00e7\u00e3o de liga, 15&#215;110 mm, W\/Mini Fender<\/li>\n<li>ABRA\u00c7O. SELIM tipo parafuso,<br \/>\n 34,9 mm<\/li>\n<li>A1 Premium Butted Alloy FRAME<br \/>\n, estrutura unissex, roteamento de cabo interno, eixo thru de 148 mm, poste conta-gotas de 30,9 mm pronto para poste, cabide derailleur substitu\u00edvel compat\u00edvel<\/li>\n<li>Liga forjada STEM<br \/>\nStout 3D, 31,8 mm, aumento de 6 graus<\/li>\n<li>Espig\u00e3o<br \/>\n de assento Specialized, liga 6061, bra\u00e7adeira de 2 parafusos, recuo de 0mm, 30,9mm<\/li>\n<li>\nSpecialized, lock-on<\/li>\n<li>\nPonte Kids Sela, 130mm<\/li>\n<li>Guiador<br \/>\n de liga de ponta dupla, varredura traseira de 9 graus, 31,8 mm<\/li>\n<li>C-STAR FREIO TRASEIRO<br \/>\nFreio de disco hidr\u00e1ulico, rotor de 160mm, alcance ajust\u00e1vel<\/li>\n<li>C-STAR FREIO DIANTEIRO<br \/>\nFreio de disco hidr\u00e1ulico, rotor de 160mm, alcance ajust\u00e1vel<\/li>\n<li>30T CHAINRINGS,<br \/>\n protetor de corrente<\/li>\n<li>KMC X9EPT CHAIN<br \/>\n, 9 velocidades, revestimento anti-corros\u00e3o c\/ Missing Link\u2122 reutiliz\u00e1vel<\/li>\n<li>microSHIFT Advent SHIFTER<br \/>\n, 1&#215;9 c\/ embraiagem<\/li>\n<li>SHIFT CONTROLS<br \/>\nmicroSHIFT Advent SL-M6190, 9 velocidades, gatilhos de curto alcance para f\u00e1cil opera\u00e7\u00e3o<\/li>\n<li>SUPORTE<br \/>\n INFERIOR c\u00f3nico quadrado, 68mm<\/li>\n<li>Liga forjada BOTTOM BRACKET<br \/>\n, comprimento de 140mm, fator Q estreito, c\/ chainguard<\/li>\n<li>\n MicroSHIFT Advent, 9 velocidades, 11-42t<\/li>\n<li>Presta CAMERAS<br \/>\n, v\u00e1lvula de 32mm<\/li>\n<li>PNEU.<br \/>\nDesporto de Controlo de Terra, 24&#215;2.35&#8243;<\/li>\n<li>Pneu<br \/>\n TRASEIRO Sport Ground Control, 24&#215;2.35&#8243;<\/li>\n<li>Liga FRONT HUB<br \/>\n, 6-Parafusos, 28H, 15&#215;110 Boost<\/li>\n<li>CUBO TRASEIRO<br \/>\nAlloy, 6-Bolt, 28H, 12&#215;148 Boost, compat\u00edvel com 11 velocidades<\/li>\n<li>Liga RIMS, profundidade de<br \/>\n16mm, largura interna de 25mm, 28H<\/li>\n<li>raios inoxid\u00e1veis,<br \/>\n 14g<\/li>\n<li>PEDAIS<br \/>\nPlataforma de nylon c\/ refletores<\/li>\n<li>PESO<br \/>\n10.7kg (23 lb, 9.4 oz)<\/li>\n<\/ul>\n","protected":false},"excerpt":{"rendered":"<p>A liberdade \u00e9 a aus\u00eancia de medo.<br \/>\nE para andar sem medo, as crian\u00e7as precisam de uma bicicleta com a qual possam usar a imagina\u00e7\u00e3o.<br \/>\n\u00c9 por isso que projetamos a Riprock, para ser uma mountain bike desde o in\u00edcio.<br \/>\nIsso significa se concentrar em todos os recursos necess\u00e1rios para poder descer e saltar, como geometria moderna, pneus de controle de solo, freios hidr\u00e1ulicos e roteamento de cabos internos.<br \/>\nAl\u00e9m disso, incorporamos um conjunto propulsor que torna a Riprock a moto perfeita para inspir\u00e1-lo a subir mais alto e descer com total liberdade.    <\/p>\n<p>As crian\u00e7as, se n\u00e3o pedalam confortavelmente, n\u00e3o podem andar com confian\u00e7a.<br \/>\nCom o Riprock, o fit vem em primeiro lugar, o que significa usar dados para nos reinventarmos, desde como eles seguram o guid\u00e3o at\u00e9 como eles se sentam no selim, tudo para criar uma bicicleta que seja espec\u00edfica e proporcional \u00e0s crian\u00e7as. <\/p>\n","protected":false},"featured_media":380237,"comment_status":"closed","ping_status":"closed","template":"","meta":{"_acf_changed":false,"_et_pb_use_builder":"","_et_pb_old_content":"","_et_gb_content_width":"","inline_featured_image":false},"product_brand":[],"product_cat":[2522,2483],"product_tag":[],"class_list":{"0":"post-387502","1":"product","2":"type-product","3":"status-publish","4":"has-post-thumbnail","6":"product_cat-bicicletas-para-criancas","7":"product_cat-bicicletas-especializadas","8":"product_shipping_class-bicicletas-pt-pt","10":"first","11":"outofstock","12":"taxable","13":"shipping-taxable","14":"product-type-variable","15":"wvs-archive-product-wrapper"},"acf":[],"yoast_head":"<!-- This site is optimized with the Yoast SEO Premium plugin v26.7 (Yoast SEO v26.7) - https:\/\/yoast.com\/wordpress\/plugins\/seo\/ -->\n<title>Specialized Riprock 24 \u0308 2023<\/title>\n<meta name=\"description\" content=\"GR 100 Specialized. Melhores pre\u00e7os sem concorr\u00eancia. Solicite a sua oferta personalizada. Produto: Specialized 24 \u0308 2022.\" \/>\n<meta name=\"robots\" content=\"index, follow, max-snippet:-1, max-image-preview:large, max-video-preview:-1\" \/>\n<link rel=\"canonical\" href=\"https:\/\/gr-100.com\/pt-pt\/producto\/riprock-especializado-24-\u0308-2023\/\" \/>\n<meta property=\"og:locale\" content=\"pt_PT\" \/>\n<meta property=\"og:type\" content=\"article\" \/>\n<meta property=\"og:title\" content=\"Specialized Riprock 24 \u0308 2023\" \/>\n<meta property=\"og:description\" content=\"GR 100 Specialized. Melhores pre\u00e7os sem concorr\u00eancia. Solicite a sua oferta personalizada. Produto: Specialized 24 \u0308 2022.\" \/>\n<meta property=\"og:url\" content=\"https:\/\/gr-100.com\/pt-pt\/producto\/riprock-especializado-24-\u0308-2023\/\" \/>\n<meta property=\"og:site_name\" content=\"Gr-100 Tienda de ciclismo Specialized\" \/>\n<meta property=\"article:publisher\" content=\"https:\/\/www.facebook.com\/Gr100Bikes\" \/>\n<meta property=\"article:modified_time\" content=\"2025-09-22T13:30:04+00:00\" \/>\n<meta property=\"og:image\" content=\"https:\/\/gr-100.com\/wp-content\/uploads\/2024\/07\/riprock-24-2023.jpg\" \/>\n\t<meta property=\"og:image:width\" content=\"1000\" \/>\n\t<meta property=\"og:image:height\" content=\"1000\" \/>\n\t<meta property=\"og:image:type\" content=\"image\/jpeg\" \/>\n<meta name=\"twitter:card\" content=\"summary_large_image\" \/>\n<meta name=\"twitter:label1\" content=\"Tempo estimado de leitura\" \/>\n\t<meta name=\"twitter:data1\" content=\"2 minutos\" \/>\n<script type=\"application\/ld+json\" class=\"yoast-schema-graph\">{\"@context\":\"https:\/\/schema.org\",\"@graph\":[{\"@type\":\"WebPage\",\"@id\":\"https:\/\/gr-100.com\/pt-pt\/producto\/riprock-especializado-24-%cc%88-2023\/\",\"url\":\"https:\/\/gr-100.com\/pt-pt\/producto\/riprock-especializado-24-%cc%88-2023\/\",\"name\":\"Specialized Riprock 24 \u0308 2023\",\"isPartOf\":{\"@id\":\"https:\/\/gr-100.com\/#website\"},\"primaryImageOfPage\":{\"@id\":\"https:\/\/gr-100.com\/pt-pt\/producto\/riprock-especializado-24-%cc%88-2023\/#primaryimage\"},\"image\":{\"@id\":\"https:\/\/gr-100.com\/pt-pt\/producto\/riprock-especializado-24-%cc%88-2023\/#primaryimage\"},\"thumbnailUrl\":\"https:\/\/gr-100.com\/wp-content\/uploads\/2024\/07\/riprock-24-2023.jpg\",\"datePublished\":\"2024-07-01T08:13:41+00:00\",\"dateModified\":\"2025-09-22T13:30:04+00:00\",\"description\":\"GR 100 Specialized. Melhores pre\u00e7os sem concorr\u00eancia. Solicite a sua oferta personalizada. Produto: Specialized 24 \u0308 2022.\",\"breadcrumb\":{\"@id\":\"https:\/\/gr-100.com\/pt-pt\/producto\/riprock-especializado-24-%cc%88-2023\/#breadcrumb\"},\"inLanguage\":\"pt-PT\",\"potentialAction\":[{\"@type\":\"ReadAction\",\"target\":[\"https:\/\/gr-100.com\/pt-pt\/producto\/riprock-especializado-24-%cc%88-2023\/\"]}]},{\"@type\":\"ImageObject\",\"inLanguage\":\"pt-PT\",\"@id\":\"https:\/\/gr-100.com\/pt-pt\/producto\/riprock-especializado-24-%cc%88-2023\/#primaryimage\",\"url\":\"https:\/\/gr-100.com\/wp-content\/uploads\/2024\/07\/riprock-24-2023.jpg\",\"contentUrl\":\"https:\/\/gr-100.com\/wp-content\/uploads\/2024\/07\/riprock-24-2023.jpg\",\"width\":1000,\"height\":1000},{\"@type\":\"BreadcrumbList\",\"@id\":\"https:\/\/gr-100.com\/pt-pt\/producto\/riprock-especializado-24-%cc%88-2023\/#breadcrumb\",\"itemListElement\":[{\"@type\":\"ListItem\",\"position\":1,\"name\":\"Portada\",\"item\":\"https:\/\/gr-100.com\/en\/\"},{\"@type\":\"ListItem\",\"position\":2,\"name\":\"Productos\",\"item\":\"https:\/\/gr-100.com\/?post_type=product\"},{\"@type\":\"ListItem\",\"position\":3,\"name\":\"Specialized Riprock 24 \u0308 2023\"}]},{\"@type\":\"WebSite\",\"@id\":\"https:\/\/gr-100.com\/#website\",\"url\":\"https:\/\/gr-100.com\/\",\"name\":\"Gr-100 Tienda de ciclismo Specialized\",\"description\":\"GR-100 tenemos todas las gamas de bicicletas Specialized al mejor precio.\",\"publisher\":{\"@id\":\"https:\/\/gr-100.com\/#organization\"},\"alternateName\":\"Gr-100 Bikes\",\"potentialAction\":[{\"@type\":\"SearchAction\",\"target\":{\"@type\":\"EntryPoint\",\"urlTemplate\":\"https:\/\/gr-100.com\/?s={search_term_string}\"},\"query-input\":{\"@type\":\"PropertyValueSpecification\",\"valueRequired\":true,\"valueName\":\"search_term_string\"}}],\"inLanguage\":\"pt-PT\"},{\"@type\":\"Organization\",\"@id\":\"https:\/\/gr-100.com\/#organization\",\"name\":\"Gr-100\",\"url\":\"https:\/\/gr-100.com\/\",\"logo\":{\"@type\":\"ImageObject\",\"inLanguage\":\"pt-PT\",\"@id\":\"https:\/\/gr-100.com\/#\/schema\/logo\/image\/\",\"url\":\"https:\/\/gr-100.com\/wp-content\/uploads\/2023\/08\/logo-gr-100-bikes.png\",\"contentUrl\":\"https:\/\/gr-100.com\/wp-content\/uploads\/2023\/08\/logo-gr-100-bikes.png\",\"width\":707,\"height\":284,\"caption\":\"Gr-100\"},\"image\":{\"@id\":\"https:\/\/gr-100.com\/#\/schema\/logo\/image\/\"},\"sameAs\":[\"https:\/\/www.facebook.com\/Gr100Bikes\",\"https:\/\/www.instagram.com\/gr100bikes\/\",\"https:\/\/www.tiktok.com\/@gr100bikes\",\"https:\/\/twitter.com\/gr100mtbteam\",\"https:\/\/www.youtube.com\/c\/GR100Specialized\"]}]}<\/script>\n<!-- \/ Yoast SEO Premium plugin. -->","yoast_head_json":{"title":"Specialized Riprock 24 \u0308 2023","description":"GR 100 Specialized. Melhores pre\u00e7os sem concorr\u00eancia. Solicite a sua oferta personalizada. Produto: Specialized 24 \u0308 2022.","robots":{"index":"index","follow":"follow","max-snippet":"max-snippet:-1","max-image-preview":"max-image-preview:large","max-video-preview":"max-video-preview:-1"},"canonical":"https:\/\/gr-100.com\/pt-pt\/producto\/riprock-especializado-24-\u0308-2023\/","og_locale":"pt_PT","og_type":"article","og_title":"Specialized Riprock 24 \u0308 2023","og_description":"GR 100 Specialized. Melhores pre\u00e7os sem concorr\u00eancia. Solicite a sua oferta personalizada. Produto: Specialized 24 \u0308 2022.","og_url":"https:\/\/gr-100.com\/pt-pt\/producto\/riprock-especializado-24-\u0308-2023\/","og_site_name":"Gr-100 Tienda de ciclismo Specialized","article_publisher":"https:\/\/www.facebook.com\/Gr100Bikes","article_modified_time":"2025-09-22T13:30:04+00:00","og_image":[{"width":1000,"height":1000,"url":"https:\/\/gr-100.com\/wp-content\/uploads\/2024\/07\/riprock-24-2023.jpg","type":"image\/jpeg"}],"twitter_card":"summary_large_image","twitter_misc":{"Tempo estimado de leitura":"2 minutos"},"schema":{"@context":"https:\/\/schema.org","@graph":[{"@type":"WebPage","@id":"https:\/\/gr-100.com\/pt-pt\/producto\/riprock-especializado-24-%cc%88-2023\/","url":"https:\/\/gr-100.com\/pt-pt\/producto\/riprock-especializado-24-%cc%88-2023\/","name":"Specialized Riprock 24 \u0308 2023","isPartOf":{"@id":"https:\/\/gr-100.com\/#website"},"primaryImageOfPage":{"@id":"https:\/\/gr-100.com\/pt-pt\/producto\/riprock-especializado-24-%cc%88-2023\/#primaryimage"},"image":{"@id":"https:\/\/gr-100.com\/pt-pt\/producto\/riprock-especializado-24-%cc%88-2023\/#primaryimage"},"thumbnailUrl":"https:\/\/gr-100.com\/wp-content\/uploads\/2024\/07\/riprock-24-2023.jpg","datePublished":"2024-07-01T08:13:41+00:00","dateModified":"2025-09-22T13:30:04+00:00","description":"GR 100 Specialized. Melhores pre\u00e7os sem concorr\u00eancia. Solicite a sua oferta personalizada. Produto: Specialized 24 \u0308 2022.","breadcrumb":{"@id":"https:\/\/gr-100.com\/pt-pt\/producto\/riprock-especializado-24-%cc%88-2023\/#breadcrumb"},"inLanguage":"pt-PT","potentialAction":[{"@type":"ReadAction","target":["https:\/\/gr-100.com\/pt-pt\/producto\/riprock-especializado-24-%cc%88-2023\/"]}]},{"@type":"ImageObject","inLanguage":"pt-PT","@id":"https:\/\/gr-100.com\/pt-pt\/producto\/riprock-especializado-24-%cc%88-2023\/#primaryimage","url":"https:\/\/gr-100.com\/wp-content\/uploads\/2024\/07\/riprock-24-2023.jpg","contentUrl":"https:\/\/gr-100.com\/wp-content\/uploads\/2024\/07\/riprock-24-2023.jpg","width":1000,"height":1000},{"@type":"BreadcrumbList","@id":"https:\/\/gr-100.com\/pt-pt\/producto\/riprock-especializado-24-%cc%88-2023\/#breadcrumb","itemListElement":[{"@type":"ListItem","position":1,"name":"Portada","item":"https:\/\/gr-100.com\/en\/"},{"@type":"ListItem","position":2,"name":"Productos","item":"https:\/\/gr-100.com\/?post_type=product"},{"@type":"ListItem","position":3,"name":"Specialized Riprock 24 \u0308 2023"}]},{"@type":"WebSite","@id":"https:\/\/gr-100.com\/#website","url":"https:\/\/gr-100.com\/","name":"Gr-100 Tienda de ciclismo Specialized","description":"GR-100 tenemos todas las gamas de bicicletas Specialized al mejor precio.","publisher":{"@id":"https:\/\/gr-100.com\/#organization"},"alternateName":"Gr-100 Bikes","potentialAction":[{"@type":"SearchAction","target":{"@type":"EntryPoint","urlTemplate":"https:\/\/gr-100.com\/?s={search_term_string}"},"query-input":{"@type":"PropertyValueSpecification","valueRequired":true,"valueName":"search_term_string"}}],"inLanguage":"pt-PT"},{"@type":"Organization","@id":"https:\/\/gr-100.com\/#organization","name":"Gr-100","url":"https:\/\/gr-100.com\/","logo":{"@type":"ImageObject","inLanguage":"pt-PT","@id":"https:\/\/gr-100.com\/#\/schema\/logo\/image\/","url":"https:\/\/gr-100.com\/wp-content\/uploads\/2023\/08\/logo-gr-100-bikes.png","contentUrl":"https:\/\/gr-100.com\/wp-content\/uploads\/2023\/08\/logo-gr-100-bikes.png","width":707,"height":284,"caption":"Gr-100"},"image":{"@id":"https:\/\/gr-100.com\/#\/schema\/logo\/image\/"},"sameAs":["https:\/\/www.facebook.com\/Gr100Bikes","https:\/\/www.instagram.com\/gr100bikes\/","https:\/\/www.tiktok.com\/@gr100bikes","https:\/\/twitter.com\/gr100mtbteam","https:\/\/www.youtube.com\/c\/GR100Specialized"]}]}},"_links":{"self":[{"href":"https:\/\/gr-100.com\/pt-pt\/wp-json\/wp\/v2\/product\/387502","targetHints":{"allow":["GET"]}}],"collection":[{"href":"https:\/\/gr-100.com\/pt-pt\/wp-json\/wp\/v2\/product"}],"about":[{"href":"https:\/\/gr-100.com\/pt-pt\/wp-json\/wp\/v2\/types\/product"}],"replies":[{"embeddable":true,"href":"https:\/\/gr-100.com\/pt-pt\/wp-json\/wp\/v2\/comments?post=387502"}],"wp:featuredmedia":[{"embeddable":true,"href":"https:\/\/gr-100.com\/pt-pt\/wp-json\/wp\/v2\/media\/380237"}],"wp:attachment":[{"href":"https:\/\/gr-100.com\/pt-pt\/wp-json\/wp\/v2\/media?parent=387502"}],"wp:term":[{"taxonomy":"product_brand","embeddable":true,"href":"https:\/\/gr-100.com\/pt-pt\/wp-json\/wp\/v2\/product_brand?post=387502"},{"taxonomy":"product_cat","embeddable":true,"href":"https:\/\/gr-100.com\/pt-pt\/wp-json\/wp\/v2\/product_cat?post=387502"},{"taxonomy":"product_tag","embeddable":true,"href":"https:\/\/gr-100.com\/pt-pt\/wp-json\/wp\/v2\/product_tag?post=387502"}],"curies":[{"name":"wp","href":"https:\/\/api.w.org\/{rel}","templated":true}]}}