{"id":387512,"date":"2024-08-02T16:12:46","date_gmt":"2024-08-02T14:12:46","guid":{"rendered":"https:\/\/gr-100.com\/producto\/riprock-especializado-20-2024\/"},"modified":"2025-09-22T16:38:18","modified_gmt":"2025-09-22T14:38:18","slug":"riprock-especializado-20-2024","status":"publish","type":"product","link":"https:\/\/gr-100.com\/pt-pt\/producto\/riprock-especializado-20-2024\/","title":{"rendered":"Specialized Riprock 20&#8243; 2024"},"content":{"rendered":"<ul>\n<li>Cri\u00e1mos um selim Bridge de 130 mm e um fator Q mais estreito para oferecer um melhor alinhamento entre a anca, joelho e tornozelo, reduzindo as hip\u00f3teses de les\u00f5es e dores enquanto aumenta a pot\u00eancia de pedalar.<br \/>\nPossui pegas de di\u00e2metro mais estreito para melhor manuseio, manobrabilidade e controlo. <\/li>\n<li>Um pacote leve, com um quadro totalmente atualizado e uma cadeia cinem\u00e1tica de grande alcance, cria a moto perfeita para os pequenos pilotos enfrentarem facilmente subidas.<\/li>\n<li>O passeio em trilha come\u00e7a aqui.<br \/>\nInspirado pela experi\u00eancia Specialized na fabrica\u00e7\u00e3o de mountain bikes, o Riprock oferece recursos modernos MTB, como um \u00e2ngulo de tubo de cabe\u00e7a relaxado, cabos guiados internamente, freios a disco hidr\u00e1ulicos ou pneus de controle de solo. <\/li>\n<\/ul>\n<p>&nbsp;<\/p>\n<ul>\n<li>40T CHAINRINGS<br \/>\n, protetor de corrente<\/li>\n<li>Liga forjada BOTTOM BRACKET<br \/>\n, comprimento de 115mm, fator Q estreito, c\/ chainguard<\/li>\n<li>CADEIA KMC X8 c<br \/>\n\/ Missing Link\u2122<\/li>\n<li>C\u00c2MBIO DE 8 VELOCIDADES MICROSHIFT\n<\/li>\n<li>SUPORTE<br \/>\n INFERIOR c\u00f3nico quadrado, 68mm<\/li>\n<li>microSHIFT Acolyte<br \/>\nQuick Trigger SL-M6280, 8 velocidades, gatilhos de curto alcance para f\u00e1cil opera\u00e7\u00e3o<\/li>\n<li>microSHIFT CS-H083 CASSETTE,<br \/>\n 11-38T, 8 velocidades<\/li>\n<li>A1 Premium Butted Alloy FORK<br \/>\n, Dire\u00e7\u00e3o de liga, 15&#215;110 mm, W\/Mini Fender<\/li>\n<li>A1 Premium Butted Alloy FRAME<br \/>\n, estrutura unissex, roteamento de cabo interno, eixo thru de 148 mm, poste conta-gotas de 30,9 mm pronto para poste, cabide derailleur substitu\u00edvel compat\u00edvel<\/li>\n<li>ABRA\u00c7O. SELIM tipo parafuso,<br \/>\n 34,9 mm<\/li>\n<li>Liga RIMS, profundidade de<br \/>\n16mm, largura interna de 25mm, 28H<\/li>\n<li>CUBO TRASEIRO<br \/>\nAlloy, 6-Bolt, 28H, 12&#215;148 Boost, compat\u00edvel com 11 velocidades<\/li>\n<li>Liga FRONT HUB<br \/>\n, 6-Parafusos, 28H, 15&#215;110 Boost<\/li>\n<li>Controlo de terra Sport REAR TIRE<br \/>\n, 20&#215;2.35&#8243;<\/li>\n<li>PNEU.<br \/>\nDesporto de Controlo de Terra, 20&#215;2.35&#8243;<\/li>\n<li>C\u00c2MARAS<br \/>\nV\u00e1lvula Schrader<\/li>\n<li>FREIO DIANTEIRO<br \/>\nPromax DSK-926, Freio de disco hidr\u00e1ulico, rotor de 160mm, alcance ajust\u00e1vel<\/li>\n<li>FREIO TRASEIRO<br \/>\nPromax DSK-926, Freio de disco hidr\u00e1ulico, rotor de 160mm, alcance ajust\u00e1vel<\/li>\n<li>\nPonte Kids Sela, 130mm<\/li>\n<li>Mini guid\u00e3o<br \/>\n de eleva\u00e7\u00e3o, liga de bumbo duplo, varredura traseira de 6 graus, largura de 600mm, 31,8 mm, di\u00e2metro da extremidade da barra de 19 mm<\/li>\n<li>\nSpecialized, di\u00e2metro da extremidade da barra de 19 mm, bloqueio<\/li>\n<li>Espig\u00e3o<br \/>\n de assento Specialized, liga 6061, bra\u00e7adeira de 2 parafusos, recuo de 0mm, 30,9mm<\/li>\n<li>Liga forjada STEM<br \/>\nStout 3D, 31,8 mm, aumento de 6 graus<\/li>\n<li>PEDAIS<br \/>\nPlataforma de nylon c\/ refletores<\/li>\n<li>raios inoxid\u00e1veis,<br \/>\n 14g<\/li>\n<li>PESO<br \/>\n9.79kg (21 lb, 9.3 oz)<\/li>\n<li>* Os pesos baseiam-se em fotografias de produ\u00e7\u00e3o pintadas, tal como indicado na imagem. Os pesos reais variam consoante a cor, o tamanho do quadro e a varia\u00e7\u00e3o dos componentes. As especifica\u00e7\u00f5es est\u00e3o sujeitas a altera\u00e7\u00f5es sem aviso pr\u00e9vio.<\/li>\n<\/ul>\n","protected":false},"excerpt":{"rendered":"<p>Tra\u00e7\u00e3o, controlo, confian\u00e7a e divers\u00e3o: a Riprock 20 \u00e9 a bicicleta perfeita para o seu filho come\u00e7ar a dominar os trilhos.<\/p>\n","protected":false},"featured_media":379459,"comment_status":"closed","ping_status":"closed","template":"","meta":{"_acf_changed":false,"_et_pb_use_builder":"","_et_pb_old_content":"","_et_gb_content_width":"","inline_featured_image":false},"product_brand":[],"product_cat":[2522,2696],"product_tag":[],"class_list":{"0":"post-387512","1":"product","2":"type-product","3":"status-publish","4":"has-post-thumbnail","6":"product_cat-bicicletas-para-criancas","7":"product_cat-ofertas-especializadas","8":"product_shipping_class-bicicletas-pt-pt","10":"first","11":"outofstock","12":"taxable","13":"shipping-taxable","14":"product-type-variable","15":"wvs-archive-product-wrapper"},"acf":[],"yoast_head":"<!-- This site is optimized with the Yoast SEO Premium plugin v26.7 (Yoast SEO v26.7) - https:\/\/yoast.com\/wordpress\/plugins\/seo\/ -->\n<title>Specialized Riprock 20&quot; 2024 GR-100 RIPROCK<\/title>\n<meta name=\"description\" content=\"SPECIALIZED RIPROCK 20. Tra\u00e7\u00e3o, controlo, confian\u00e7a e divers\u00e3o, a moto perfeita para come\u00e7ar a dominar os trilhos.\" \/>\n<meta name=\"robots\" content=\"index, follow, max-snippet:-1, max-image-preview:large, max-video-preview:-1\" \/>\n<link rel=\"canonical\" href=\"https:\/\/gr-100.com\/pt-pt\/producto\/riprock-especializado-20-2024\/\" \/>\n<meta property=\"og:locale\" content=\"pt_PT\" \/>\n<meta property=\"og:type\" content=\"article\" \/>\n<meta property=\"og:title\" content=\"Specialized Riprock 20&quot; 2024\" \/>\n<meta property=\"og:description\" content=\"SPECIALIZED RIPROCK 20. Tra\u00e7\u00e3o, controlo, confian\u00e7a e divers\u00e3o, a moto perfeita para come\u00e7ar a dominar os trilhos.\" \/>\n<meta property=\"og:url\" content=\"https:\/\/gr-100.com\/pt-pt\/producto\/riprock-especializado-20-2024\/\" \/>\n<meta property=\"og:site_name\" content=\"Gr-100 Tienda de ciclismo Specialized\" \/>\n<meta property=\"article:publisher\" content=\"https:\/\/www.facebook.com\/Gr100Bikes\" \/>\n<meta property=\"article:modified_time\" content=\"2025-09-22T14:38:18+00:00\" \/>\n<meta property=\"og:image\" content=\"https:\/\/gr-100.com\/wp-content\/uploads\/2024\/08\/Riprock-20-24-1-GLOSS-AMBRGLW-REDWD.jpg\" \/>\n\t<meta property=\"og:image:width\" content=\"1000\" \/>\n\t<meta property=\"og:image:height\" content=\"1000\" \/>\n\t<meta property=\"og:image:type\" content=\"image\/jpeg\" \/>\n<meta name=\"twitter:card\" content=\"summary_large_image\" \/>\n<meta name=\"twitter:label1\" content=\"Tempo estimado de leitura\" \/>\n\t<meta name=\"twitter:data1\" content=\"2 minutos\" \/>\n<script type=\"application\/ld+json\" class=\"yoast-schema-graph\">{\"@context\":\"https:\/\/schema.org\",\"@graph\":[{\"@type\":\"WebPage\",\"@id\":\"https:\/\/gr-100.com\/pt-pt\/producto\/riprock-especializado-20-2024\/\",\"url\":\"https:\/\/gr-100.com\/pt-pt\/producto\/riprock-especializado-20-2024\/\",\"name\":\"Specialized Riprock 20\\\" 2024 GR-100 RIPROCK\",\"isPartOf\":{\"@id\":\"https:\/\/gr-100.com\/#website\"},\"primaryImageOfPage\":{\"@id\":\"https:\/\/gr-100.com\/pt-pt\/producto\/riprock-especializado-20-2024\/#primaryimage\"},\"image\":{\"@id\":\"https:\/\/gr-100.com\/pt-pt\/producto\/riprock-especializado-20-2024\/#primaryimage\"},\"thumbnailUrl\":\"https:\/\/gr-100.com\/wp-content\/uploads\/2024\/08\/Riprock-20-24-1-GLOSS-AMBRGLW-REDWD.jpg\",\"datePublished\":\"2024-08-02T14:12:46+00:00\",\"dateModified\":\"2025-09-22T14:38:18+00:00\",\"description\":\"SPECIALIZED RIPROCK 20. Tra\u00e7\u00e3o, controlo, confian\u00e7a e divers\u00e3o, a moto perfeita para come\u00e7ar a dominar os trilhos.\",\"breadcrumb\":{\"@id\":\"https:\/\/gr-100.com\/pt-pt\/producto\/riprock-especializado-20-2024\/#breadcrumb\"},\"inLanguage\":\"pt-PT\",\"potentialAction\":[{\"@type\":\"ReadAction\",\"target\":[\"https:\/\/gr-100.com\/pt-pt\/producto\/riprock-especializado-20-2024\/\"]}]},{\"@type\":\"ImageObject\",\"inLanguage\":\"pt-PT\",\"@id\":\"https:\/\/gr-100.com\/pt-pt\/producto\/riprock-especializado-20-2024\/#primaryimage\",\"url\":\"https:\/\/gr-100.com\/wp-content\/uploads\/2024\/08\/Riprock-20-24-1-GLOSS-AMBRGLW-REDWD.jpg\",\"contentUrl\":\"https:\/\/gr-100.com\/wp-content\/uploads\/2024\/08\/Riprock-20-24-1-GLOSS-AMBRGLW-REDWD.jpg\",\"width\":1000,\"height\":1000},{\"@type\":\"BreadcrumbList\",\"@id\":\"https:\/\/gr-100.com\/pt-pt\/producto\/riprock-especializado-20-2024\/#breadcrumb\",\"itemListElement\":[{\"@type\":\"ListItem\",\"position\":1,\"name\":\"Portada\",\"item\":\"https:\/\/gr-100.com\/en\/\"},{\"@type\":\"ListItem\",\"position\":2,\"name\":\"Productos\",\"item\":\"https:\/\/gr-100.com\/?post_type=product\"},{\"@type\":\"ListItem\",\"position\":3,\"name\":\"Specialized Riprock 20&#8243; 2024\"}]},{\"@type\":\"WebSite\",\"@id\":\"https:\/\/gr-100.com\/#website\",\"url\":\"https:\/\/gr-100.com\/\",\"name\":\"Gr-100 Tienda de ciclismo Specialized\",\"description\":\"GR-100 tenemos todas las gamas de bicicletas Specialized al mejor precio.\",\"publisher\":{\"@id\":\"https:\/\/gr-100.com\/#organization\"},\"alternateName\":\"Gr-100 Bikes\",\"potentialAction\":[{\"@type\":\"SearchAction\",\"target\":{\"@type\":\"EntryPoint\",\"urlTemplate\":\"https:\/\/gr-100.com\/?s={search_term_string}\"},\"query-input\":{\"@type\":\"PropertyValueSpecification\",\"valueRequired\":true,\"valueName\":\"search_term_string\"}}],\"inLanguage\":\"pt-PT\"},{\"@type\":\"Organization\",\"@id\":\"https:\/\/gr-100.com\/#organization\",\"name\":\"Gr-100\",\"url\":\"https:\/\/gr-100.com\/\",\"logo\":{\"@type\":\"ImageObject\",\"inLanguage\":\"pt-PT\",\"@id\":\"https:\/\/gr-100.com\/#\/schema\/logo\/image\/\",\"url\":\"https:\/\/gr-100.com\/wp-content\/uploads\/2023\/08\/logo-gr-100-bikes.png\",\"contentUrl\":\"https:\/\/gr-100.com\/wp-content\/uploads\/2023\/08\/logo-gr-100-bikes.png\",\"width\":707,\"height\":284,\"caption\":\"Gr-100\"},\"image\":{\"@id\":\"https:\/\/gr-100.com\/#\/schema\/logo\/image\/\"},\"sameAs\":[\"https:\/\/www.facebook.com\/Gr100Bikes\",\"https:\/\/www.instagram.com\/gr100bikes\/\",\"https:\/\/www.tiktok.com\/@gr100bikes\",\"https:\/\/twitter.com\/gr100mtbteam\",\"https:\/\/www.youtube.com\/c\/GR100Specialized\"]}]}<\/script>\n<!-- \/ Yoast SEO Premium plugin. -->","yoast_head_json":{"title":"Specialized Riprock 20\" 2024 GR-100 RIPROCK","description":"SPECIALIZED RIPROCK 20. Tra\u00e7\u00e3o, controlo, confian\u00e7a e divers\u00e3o, a moto perfeita para come\u00e7ar a dominar os trilhos.","robots":{"index":"index","follow":"follow","max-snippet":"max-snippet:-1","max-image-preview":"max-image-preview:large","max-video-preview":"max-video-preview:-1"},"canonical":"https:\/\/gr-100.com\/pt-pt\/producto\/riprock-especializado-20-2024\/","og_locale":"pt_PT","og_type":"article","og_title":"Specialized Riprock 20\" 2024","og_description":"SPECIALIZED RIPROCK 20. Tra\u00e7\u00e3o, controlo, confian\u00e7a e divers\u00e3o, a moto perfeita para come\u00e7ar a dominar os trilhos.","og_url":"https:\/\/gr-100.com\/pt-pt\/producto\/riprock-especializado-20-2024\/","og_site_name":"Gr-100 Tienda de ciclismo Specialized","article_publisher":"https:\/\/www.facebook.com\/Gr100Bikes","article_modified_time":"2025-09-22T14:38:18+00:00","og_image":[{"width":1000,"height":1000,"url":"https:\/\/gr-100.com\/wp-content\/uploads\/2024\/08\/Riprock-20-24-1-GLOSS-AMBRGLW-REDWD.jpg","type":"image\/jpeg"}],"twitter_card":"summary_large_image","twitter_misc":{"Tempo estimado de leitura":"2 minutos"},"schema":{"@context":"https:\/\/schema.org","@graph":[{"@type":"WebPage","@id":"https:\/\/gr-100.com\/pt-pt\/producto\/riprock-especializado-20-2024\/","url":"https:\/\/gr-100.com\/pt-pt\/producto\/riprock-especializado-20-2024\/","name":"Specialized Riprock 20\" 2024 GR-100 RIPROCK","isPartOf":{"@id":"https:\/\/gr-100.com\/#website"},"primaryImageOfPage":{"@id":"https:\/\/gr-100.com\/pt-pt\/producto\/riprock-especializado-20-2024\/#primaryimage"},"image":{"@id":"https:\/\/gr-100.com\/pt-pt\/producto\/riprock-especializado-20-2024\/#primaryimage"},"thumbnailUrl":"https:\/\/gr-100.com\/wp-content\/uploads\/2024\/08\/Riprock-20-24-1-GLOSS-AMBRGLW-REDWD.jpg","datePublished":"2024-08-02T14:12:46+00:00","dateModified":"2025-09-22T14:38:18+00:00","description":"SPECIALIZED RIPROCK 20. Tra\u00e7\u00e3o, controlo, confian\u00e7a e divers\u00e3o, a moto perfeita para come\u00e7ar a dominar os trilhos.","breadcrumb":{"@id":"https:\/\/gr-100.com\/pt-pt\/producto\/riprock-especializado-20-2024\/#breadcrumb"},"inLanguage":"pt-PT","potentialAction":[{"@type":"ReadAction","target":["https:\/\/gr-100.com\/pt-pt\/producto\/riprock-especializado-20-2024\/"]}]},{"@type":"ImageObject","inLanguage":"pt-PT","@id":"https:\/\/gr-100.com\/pt-pt\/producto\/riprock-especializado-20-2024\/#primaryimage","url":"https:\/\/gr-100.com\/wp-content\/uploads\/2024\/08\/Riprock-20-24-1-GLOSS-AMBRGLW-REDWD.jpg","contentUrl":"https:\/\/gr-100.com\/wp-content\/uploads\/2024\/08\/Riprock-20-24-1-GLOSS-AMBRGLW-REDWD.jpg","width":1000,"height":1000},{"@type":"BreadcrumbList","@id":"https:\/\/gr-100.com\/pt-pt\/producto\/riprock-especializado-20-2024\/#breadcrumb","itemListElement":[{"@type":"ListItem","position":1,"name":"Portada","item":"https:\/\/gr-100.com\/en\/"},{"@type":"ListItem","position":2,"name":"Productos","item":"https:\/\/gr-100.com\/?post_type=product"},{"@type":"ListItem","position":3,"name":"Specialized Riprock 20&#8243; 2024"}]},{"@type":"WebSite","@id":"https:\/\/gr-100.com\/#website","url":"https:\/\/gr-100.com\/","name":"Gr-100 Tienda de ciclismo Specialized","description":"GR-100 tenemos todas las gamas de bicicletas Specialized al mejor precio.","publisher":{"@id":"https:\/\/gr-100.com\/#organization"},"alternateName":"Gr-100 Bikes","potentialAction":[{"@type":"SearchAction","target":{"@type":"EntryPoint","urlTemplate":"https:\/\/gr-100.com\/?s={search_term_string}"},"query-input":{"@type":"PropertyValueSpecification","valueRequired":true,"valueName":"search_term_string"}}],"inLanguage":"pt-PT"},{"@type":"Organization","@id":"https:\/\/gr-100.com\/#organization","name":"Gr-100","url":"https:\/\/gr-100.com\/","logo":{"@type":"ImageObject","inLanguage":"pt-PT","@id":"https:\/\/gr-100.com\/#\/schema\/logo\/image\/","url":"https:\/\/gr-100.com\/wp-content\/uploads\/2023\/08\/logo-gr-100-bikes.png","contentUrl":"https:\/\/gr-100.com\/wp-content\/uploads\/2023\/08\/logo-gr-100-bikes.png","width":707,"height":284,"caption":"Gr-100"},"image":{"@id":"https:\/\/gr-100.com\/#\/schema\/logo\/image\/"},"sameAs":["https:\/\/www.facebook.com\/Gr100Bikes","https:\/\/www.instagram.com\/gr100bikes\/","https:\/\/www.tiktok.com\/@gr100bikes","https:\/\/twitter.com\/gr100mtbteam","https:\/\/www.youtube.com\/c\/GR100Specialized"]}]}},"_links":{"self":[{"href":"https:\/\/gr-100.com\/pt-pt\/wp-json\/wp\/v2\/product\/387512","targetHints":{"allow":["GET"]}}],"collection":[{"href":"https:\/\/gr-100.com\/pt-pt\/wp-json\/wp\/v2\/product"}],"about":[{"href":"https:\/\/gr-100.com\/pt-pt\/wp-json\/wp\/v2\/types\/product"}],"replies":[{"embeddable":true,"href":"https:\/\/gr-100.com\/pt-pt\/wp-json\/wp\/v2\/comments?post=387512"}],"wp:featuredmedia":[{"embeddable":true,"href":"https:\/\/gr-100.com\/pt-pt\/wp-json\/wp\/v2\/media\/379459"}],"wp:attachment":[{"href":"https:\/\/gr-100.com\/pt-pt\/wp-json\/wp\/v2\/media?parent=387512"}],"wp:term":[{"taxonomy":"product_brand","embeddable":true,"href":"https:\/\/gr-100.com\/pt-pt\/wp-json\/wp\/v2\/product_brand?post=387512"},{"taxonomy":"product_cat","embeddable":true,"href":"https:\/\/gr-100.com\/pt-pt\/wp-json\/wp\/v2\/product_cat?post=387512"},{"taxonomy":"product_tag","embeddable":true,"href":"https:\/\/gr-100.com\/pt-pt\/wp-json\/wp\/v2\/product_tag?post=387512"}],"curies":[{"name":"wp","href":"https:\/\/api.w.org\/{rel}","templated":true}]}}