{"id":387577,"date":"2024-07-01T14:00:29","date_gmt":"2024-07-01T12:00:29","guid":{"rendered":"https:\/\/gr-100.com\/producto\/jett-16-%cc%88-velocidade-unica-2023\/"},"modified":"2025-11-26T16:42:56","modified_gmt":"2025-11-26T14:42:56","slug":"jett-16-%cc%88-velocidade-unica-2023","status":"publish","type":"product","link":"https:\/\/gr-100.com\/pt-pt\/producto\/jett-16-%cc%88-velocidade-unica-2023\/","title":{"rendered":"Jett 16 \u0308 Velocidade \u00danica 2023"},"content":{"rendered":"<ul>\n<li>Concebemos o Jett Single Speed para ser exclusivamente ajust\u00e1vel, com espig\u00f5es mais longos e guiadores ajust\u00e1veis para que as crian\u00e7as possam marcar na posi\u00e7\u00e3o de condu\u00e7\u00e3o perfeita \u00e0 medida que envelhecem.<\/li>\n<li>Cada detalhe do Jett Single Speed \u2013 incluindo o selim Bridge de 130 mm, punhos de di\u00e2metro mais estreito e alavancas de freio ajust\u00e1veis sem ferramentas e de curto alcance \u2013 foi baseado nos dados de Ret\u00fcl de um grupo de pesquisa infantil para ser perfeitamente proporcional aos jovens pilotos.<\/li>\n<li>Uma moto leve \u00e9 simplesmente mais divertida, e o novo quadro de alum\u00ednio A1 da Jett Single Speed, garfo de liga, pneus Pathfinder e trem de for\u00e7a de velocidade \u00fanica a tornam uma das bicicletas infantis mais leves do mercado.<br \/>\nComponentes &gt; <\/li>\n<\/ul>\n","protected":false},"excerpt":{"rendered":"<p>As crian\u00e7as movem-se mais depressa e crescem mais depressa.<br \/>\n\u00c0s vezes, pode parecer que h\u00e1 uma pequena janela para o ajuste perfeito da moto.<br \/>\nA moto certa para um jovem piloto \u00e9 um equil\u00edbrio delicado entre uma moto que \u00e9 muito pequena ou muito grande e uma moto justa que \u00e9 de curta dura\u00e7\u00e3o.<br \/>\nSe queremos inspirar a pr\u00f3xima gera\u00e7\u00e3o de ciclistas, temos de fazer com que as crian\u00e7as se sintam confort\u00e1veis durante mais tempo.<br \/>\nO Jett foi projetado para que eles n\u00e3o tenham medo de surtos de crescimento.<br \/>\nFizemos o dever de casa para entender como as crian\u00e7as crescem \u2013 os bra\u00e7os e as pernas das crian\u00e7as crescem mais r\u00e1pido do que o tronco.<br \/>\nCome\u00e7\u00e1mos a trabalhar e concebemos uma bicicleta com pontos de contacto espec\u00edficos para crian\u00e7as que apoiam o desenvolvimento de jovens ciclistas.<br \/>\nO Jett \u00e9 exclusivamente ajust\u00e1vel, perfeitamente proporcionado e elev\u00e1vel por crian\u00e7as: voc\u00ea estar\u00e1 sempre pronto para o Jett.<br \/>\nO Jett Single Speed possui um guiador ajust\u00e1vel que permite \u00e0s crian\u00e7as afinar o seu alcance \u00e0 medida que os bra\u00e7os crescem.<br \/>\nO selim e os punhos mais estreitos foram baseados em um estudo de Ret\u00fcl com crian\u00e7as para torn\u00e1-las do tamanho certo, com freios de m\u00e3o nas vers\u00f5es de 16&#8243; e 20&#8243;.<br \/>\nAl\u00e9m disso, projetamos o quadro e revisamos todos os componentes para tornar a Jett uma das motos mais leves do mercado.<br \/>\nVoc\u00ea vai ter que implorar para que eles des\u00e7am dessa moto.           <\/p>\n","protected":false},"featured_media":304914,"comment_status":"closed","ping_status":"closed","template":"","meta":{"_acf_changed":false,"_et_pb_use_builder":"","_et_pb_old_content":"","_et_gb_content_width":"","inline_featured_image":false},"product_brand":[],"product_cat":[2522],"product_tag":[],"class_list":{"0":"post-387577","1":"product","2":"type-product","3":"status-publish","4":"has-post-thumbnail","6":"product_cat-bicicletas-para-criancas","7":"product_shipping_class-bicicletas-pt-pt","9":"first","10":"outofstock","11":"taxable","12":"shipping-taxable","13":"product-type-variable","14":"wvs-archive-product-wrapper"},"acf":[],"yoast_head":"<!-- This site is optimized with the Yoast SEO Premium plugin v26.7 (Yoast SEO v26.7) - https:\/\/yoast.com\/wordpress\/plugins\/seo\/ -->\n<title>Jett 16 \u0308 Velocidade \u00danica 2023 GR-100<\/title>\n<meta name=\"description\" content=\"O Jett foi projetado para que eles n\u00e3o tenham medo de surtos de crescimento. Fizemos o dever de casa para entender como as crian\u00e7as crescem.\" \/>\n<meta name=\"robots\" content=\"index, follow, max-snippet:-1, max-image-preview:large, max-video-preview:-1\" \/>\n<link rel=\"canonical\" href=\"https:\/\/gr-100.com\/pt-pt\/producto\/jett-16-\u0308-velocidade-unica-2023\/\" \/>\n<meta property=\"og:locale\" content=\"pt_PT\" \/>\n<meta property=\"og:type\" content=\"article\" \/>\n<meta property=\"og:title\" content=\"Jett 16 \u0308 Velocidade \u00danica 2023\" \/>\n<meta property=\"og:description\" content=\"O Jett foi projetado para que eles n\u00e3o tenham medo de surtos de crescimento. Fizemos o dever de casa para entender como as crian\u00e7as crescem.\" \/>\n<meta property=\"og:url\" content=\"https:\/\/gr-100.com\/pt-pt\/producto\/jett-16-\u0308-velocidade-unica-2023\/\" \/>\n<meta property=\"og:site_name\" content=\"Gr-100 Tienda de ciclismo Specialized\" \/>\n<meta property=\"article:publisher\" content=\"https:\/\/www.facebook.com\/Gr100Bikes\" \/>\n<meta property=\"article:modified_time\" content=\"2025-11-26T14:42:56+00:00\" \/>\n<meta property=\"og:image\" content=\"https:\/\/gr-100.com\/wp-content\/uploads\/2024\/05\/My-project-2023-11-28T141812.181.jpeg\" \/>\n\t<meta property=\"og:image:width\" content=\"1000\" \/>\n\t<meta property=\"og:image:height\" content=\"1000\" \/>\n\t<meta property=\"og:image:type\" content=\"image\/jpeg\" \/>\n<meta name=\"twitter:card\" content=\"summary_large_image\" \/>\n<meta name=\"twitter:label1\" content=\"Tempo estimado de leitura\" \/>\n\t<meta name=\"twitter:data1\" content=\"1 minuto\" \/>\n<script type=\"application\/ld+json\" class=\"yoast-schema-graph\">{\"@context\":\"https:\/\/schema.org\",\"@graph\":[{\"@type\":\"WebPage\",\"@id\":\"https:\/\/gr-100.com\/pt-pt\/producto\/jett-16-%cc%88-velocidade-unica-2023\/\",\"url\":\"https:\/\/gr-100.com\/pt-pt\/producto\/jett-16-%cc%88-velocidade-unica-2023\/\",\"name\":\"Jett 16 \u0308 Velocidade \u00danica 2023 GR-100\",\"isPartOf\":{\"@id\":\"https:\/\/gr-100.com\/#website\"},\"primaryImageOfPage\":{\"@id\":\"https:\/\/gr-100.com\/pt-pt\/producto\/jett-16-%cc%88-velocidade-unica-2023\/#primaryimage\"},\"image\":{\"@id\":\"https:\/\/gr-100.com\/pt-pt\/producto\/jett-16-%cc%88-velocidade-unica-2023\/#primaryimage\"},\"thumbnailUrl\":\"https:\/\/gr-100.com\/wp-content\/uploads\/2024\/05\/My-project-2023-11-28T141812.181.jpeg\",\"datePublished\":\"2024-07-01T12:00:29+00:00\",\"dateModified\":\"2025-11-26T14:42:56+00:00\",\"description\":\"O Jett foi projetado para que eles n\u00e3o tenham medo de surtos de crescimento. Fizemos o dever de casa para entender como as crian\u00e7as crescem.\",\"breadcrumb\":{\"@id\":\"https:\/\/gr-100.com\/pt-pt\/producto\/jett-16-%cc%88-velocidade-unica-2023\/#breadcrumb\"},\"inLanguage\":\"pt-PT\",\"potentialAction\":[{\"@type\":\"ReadAction\",\"target\":[\"https:\/\/gr-100.com\/pt-pt\/producto\/jett-16-%cc%88-velocidade-unica-2023\/\"]}]},{\"@type\":\"ImageObject\",\"inLanguage\":\"pt-PT\",\"@id\":\"https:\/\/gr-100.com\/pt-pt\/producto\/jett-16-%cc%88-velocidade-unica-2023\/#primaryimage\",\"url\":\"https:\/\/gr-100.com\/wp-content\/uploads\/2024\/05\/My-project-2023-11-28T141812.181.jpeg\",\"contentUrl\":\"https:\/\/gr-100.com\/wp-content\/uploads\/2024\/05\/My-project-2023-11-28T141812.181.jpeg\",\"width\":1000,\"height\":1000},{\"@type\":\"BreadcrumbList\",\"@id\":\"https:\/\/gr-100.com\/pt-pt\/producto\/jett-16-%cc%88-velocidade-unica-2023\/#breadcrumb\",\"itemListElement\":[{\"@type\":\"ListItem\",\"position\":1,\"name\":\"Portada\",\"item\":\"https:\/\/gr-100.com\/en\/\"},{\"@type\":\"ListItem\",\"position\":2,\"name\":\"Productos\",\"item\":\"https:\/\/gr-100.com\/?post_type=product\"},{\"@type\":\"ListItem\",\"position\":3,\"name\":\"Jett 16 \u0308 Velocidade \u00danica 2023\"}]},{\"@type\":\"WebSite\",\"@id\":\"https:\/\/gr-100.com\/#website\",\"url\":\"https:\/\/gr-100.com\/\",\"name\":\"Gr-100 Tienda de ciclismo Specialized\",\"description\":\"GR-100 tenemos todas las gamas de bicicletas Specialized al mejor precio.\",\"publisher\":{\"@id\":\"https:\/\/gr-100.com\/#organization\"},\"alternateName\":\"Gr-100 Bikes\",\"potentialAction\":[{\"@type\":\"SearchAction\",\"target\":{\"@type\":\"EntryPoint\",\"urlTemplate\":\"https:\/\/gr-100.com\/?s={search_term_string}\"},\"query-input\":{\"@type\":\"PropertyValueSpecification\",\"valueRequired\":true,\"valueName\":\"search_term_string\"}}],\"inLanguage\":\"pt-PT\"},{\"@type\":\"Organization\",\"@id\":\"https:\/\/gr-100.com\/#organization\",\"name\":\"Gr-100\",\"url\":\"https:\/\/gr-100.com\/\",\"logo\":{\"@type\":\"ImageObject\",\"inLanguage\":\"pt-PT\",\"@id\":\"https:\/\/gr-100.com\/#\/schema\/logo\/image\/\",\"url\":\"https:\/\/gr-100.com\/wp-content\/uploads\/2023\/08\/logo-gr-100-bikes.png\",\"contentUrl\":\"https:\/\/gr-100.com\/wp-content\/uploads\/2023\/08\/logo-gr-100-bikes.png\",\"width\":707,\"height\":284,\"caption\":\"Gr-100\"},\"image\":{\"@id\":\"https:\/\/gr-100.com\/#\/schema\/logo\/image\/\"},\"sameAs\":[\"https:\/\/www.facebook.com\/Gr100Bikes\",\"https:\/\/www.instagram.com\/gr100bikes\/\",\"https:\/\/www.tiktok.com\/@gr100bikes\",\"https:\/\/twitter.com\/gr100mtbteam\",\"https:\/\/www.youtube.com\/c\/GR100Specialized\"]}]}<\/script>\n<!-- \/ Yoast SEO Premium plugin. -->","yoast_head_json":{"title":"Jett 16 \u0308 Velocidade \u00danica 2023 GR-100","description":"O Jett foi projetado para que eles n\u00e3o tenham medo de surtos de crescimento. Fizemos o dever de casa para entender como as crian\u00e7as crescem.","robots":{"index":"index","follow":"follow","max-snippet":"max-snippet:-1","max-image-preview":"max-image-preview:large","max-video-preview":"max-video-preview:-1"},"canonical":"https:\/\/gr-100.com\/pt-pt\/producto\/jett-16-\u0308-velocidade-unica-2023\/","og_locale":"pt_PT","og_type":"article","og_title":"Jett 16 \u0308 Velocidade \u00danica 2023","og_description":"O Jett foi projetado para que eles n\u00e3o tenham medo de surtos de crescimento. Fizemos o dever de casa para entender como as crian\u00e7as crescem.","og_url":"https:\/\/gr-100.com\/pt-pt\/producto\/jett-16-\u0308-velocidade-unica-2023\/","og_site_name":"Gr-100 Tienda de ciclismo Specialized","article_publisher":"https:\/\/www.facebook.com\/Gr100Bikes","article_modified_time":"2025-11-26T14:42:56+00:00","og_image":[{"width":1000,"height":1000,"url":"https:\/\/gr-100.com\/wp-content\/uploads\/2024\/05\/My-project-2023-11-28T141812.181.jpeg","type":"image\/jpeg"}],"twitter_card":"summary_large_image","twitter_misc":{"Tempo estimado de leitura":"1 minuto"},"schema":{"@context":"https:\/\/schema.org","@graph":[{"@type":"WebPage","@id":"https:\/\/gr-100.com\/pt-pt\/producto\/jett-16-%cc%88-velocidade-unica-2023\/","url":"https:\/\/gr-100.com\/pt-pt\/producto\/jett-16-%cc%88-velocidade-unica-2023\/","name":"Jett 16 \u0308 Velocidade \u00danica 2023 GR-100","isPartOf":{"@id":"https:\/\/gr-100.com\/#website"},"primaryImageOfPage":{"@id":"https:\/\/gr-100.com\/pt-pt\/producto\/jett-16-%cc%88-velocidade-unica-2023\/#primaryimage"},"image":{"@id":"https:\/\/gr-100.com\/pt-pt\/producto\/jett-16-%cc%88-velocidade-unica-2023\/#primaryimage"},"thumbnailUrl":"https:\/\/gr-100.com\/wp-content\/uploads\/2024\/05\/My-project-2023-11-28T141812.181.jpeg","datePublished":"2024-07-01T12:00:29+00:00","dateModified":"2025-11-26T14:42:56+00:00","description":"O Jett foi projetado para que eles n\u00e3o tenham medo de surtos de crescimento. Fizemos o dever de casa para entender como as crian\u00e7as crescem.","breadcrumb":{"@id":"https:\/\/gr-100.com\/pt-pt\/producto\/jett-16-%cc%88-velocidade-unica-2023\/#breadcrumb"},"inLanguage":"pt-PT","potentialAction":[{"@type":"ReadAction","target":["https:\/\/gr-100.com\/pt-pt\/producto\/jett-16-%cc%88-velocidade-unica-2023\/"]}]},{"@type":"ImageObject","inLanguage":"pt-PT","@id":"https:\/\/gr-100.com\/pt-pt\/producto\/jett-16-%cc%88-velocidade-unica-2023\/#primaryimage","url":"https:\/\/gr-100.com\/wp-content\/uploads\/2024\/05\/My-project-2023-11-28T141812.181.jpeg","contentUrl":"https:\/\/gr-100.com\/wp-content\/uploads\/2024\/05\/My-project-2023-11-28T141812.181.jpeg","width":1000,"height":1000},{"@type":"BreadcrumbList","@id":"https:\/\/gr-100.com\/pt-pt\/producto\/jett-16-%cc%88-velocidade-unica-2023\/#breadcrumb","itemListElement":[{"@type":"ListItem","position":1,"name":"Portada","item":"https:\/\/gr-100.com\/en\/"},{"@type":"ListItem","position":2,"name":"Productos","item":"https:\/\/gr-100.com\/?post_type=product"},{"@type":"ListItem","position":3,"name":"Jett 16 \u0308 Velocidade \u00danica 2023"}]},{"@type":"WebSite","@id":"https:\/\/gr-100.com\/#website","url":"https:\/\/gr-100.com\/","name":"Gr-100 Tienda de ciclismo Specialized","description":"GR-100 tenemos todas las gamas de bicicletas Specialized al mejor precio.","publisher":{"@id":"https:\/\/gr-100.com\/#organization"},"alternateName":"Gr-100 Bikes","potentialAction":[{"@type":"SearchAction","target":{"@type":"EntryPoint","urlTemplate":"https:\/\/gr-100.com\/?s={search_term_string}"},"query-input":{"@type":"PropertyValueSpecification","valueRequired":true,"valueName":"search_term_string"}}],"inLanguage":"pt-PT"},{"@type":"Organization","@id":"https:\/\/gr-100.com\/#organization","name":"Gr-100","url":"https:\/\/gr-100.com\/","logo":{"@type":"ImageObject","inLanguage":"pt-PT","@id":"https:\/\/gr-100.com\/#\/schema\/logo\/image\/","url":"https:\/\/gr-100.com\/wp-content\/uploads\/2023\/08\/logo-gr-100-bikes.png","contentUrl":"https:\/\/gr-100.com\/wp-content\/uploads\/2023\/08\/logo-gr-100-bikes.png","width":707,"height":284,"caption":"Gr-100"},"image":{"@id":"https:\/\/gr-100.com\/#\/schema\/logo\/image\/"},"sameAs":["https:\/\/www.facebook.com\/Gr100Bikes","https:\/\/www.instagram.com\/gr100bikes\/","https:\/\/www.tiktok.com\/@gr100bikes","https:\/\/twitter.com\/gr100mtbteam","https:\/\/www.youtube.com\/c\/GR100Specialized"]}]}},"_links":{"self":[{"href":"https:\/\/gr-100.com\/pt-pt\/wp-json\/wp\/v2\/product\/387577","targetHints":{"allow":["GET"]}}],"collection":[{"href":"https:\/\/gr-100.com\/pt-pt\/wp-json\/wp\/v2\/product"}],"about":[{"href":"https:\/\/gr-100.com\/pt-pt\/wp-json\/wp\/v2\/types\/product"}],"replies":[{"embeddable":true,"href":"https:\/\/gr-100.com\/pt-pt\/wp-json\/wp\/v2\/comments?post=387577"}],"wp:featuredmedia":[{"embeddable":true,"href":"https:\/\/gr-100.com\/pt-pt\/wp-json\/wp\/v2\/media\/304914"}],"wp:attachment":[{"href":"https:\/\/gr-100.com\/pt-pt\/wp-json\/wp\/v2\/media?parent=387577"}],"wp:term":[{"taxonomy":"product_brand","embeddable":true,"href":"https:\/\/gr-100.com\/pt-pt\/wp-json\/wp\/v2\/product_brand?post=387577"},{"taxonomy":"product_cat","embeddable":true,"href":"https:\/\/gr-100.com\/pt-pt\/wp-json\/wp\/v2\/product_cat?post=387577"},{"taxonomy":"product_tag","embeddable":true,"href":"https:\/\/gr-100.com\/pt-pt\/wp-json\/wp\/v2\/product_tag?post=387577"}],"curies":[{"name":"wp","href":"https:\/\/api.w.org\/{rel}","templated":true}]}}