{"id":387706,"date":"2024-07-01T08:30:40","date_gmt":"2024-07-01T06:30:40","guid":{"rendered":"https:\/\/gr-100.com\/producto\/riprock-especializado-20-2023\/"},"modified":"2025-09-22T15:30:18","modified_gmt":"2025-09-22T13:30:18","slug":"riprock-especializado-20-2023","status":"publish","type":"product","link":"https:\/\/gr-100.com\/pt-pt\/producto\/riprock-especializado-20-2023\/","title":{"rendered":"Riprock Especializado 20&#8243; 2023"},"content":{"rendered":"<ul>\n<li>Cri\u00e1mos um selim Bridge de 130 mm e um fator Q mais estreito para oferecer um melhor alinhamento entre a anca, joelho e tornozelo, reduzindo as hip\u00f3teses de les\u00f5es e dores enquanto aumenta a pot\u00eancia de pedalar.<br \/>\nPossui pegas de di\u00e2metro mais estreito para melhor manuseio, manobrabilidade e controlo. <\/li>\n<li>Um pacote leve, com um quadro totalmente atualizado e uma cadeia cinem\u00e1tica de grande alcance, cria a moto perfeita para os pequenos pilotos enfrentarem facilmente subidas.<\/li>\n<li>O passeio em trilha come\u00e7a aqui.<br \/>\nInspirado pela experi\u00eancia da Specialized na fabrica\u00e7\u00e3o de mountain bikes, o Riprock oferece recursos modernos de MTB, como um \u00e2ngulo de tubo de cabe\u00e7a relaxado, cabos guiados internamente, freios a disco hidr\u00e1ulicos ou pneus de controle de solo. <\/li>\n<\/ul>\n<p>  30T CHAINRINGS, chainguard Forged Alloy BOTTOM BRACKET, 115mm comprimento, estreito Q-factor, w \/ chainguard KMC X9EPT CHAIN, 9 velocidades, revestimento anti-corros\u00e3o w \/ reutiliz\u00e1vel Missing Link\u2122 MicroSHIFT Advent 9 Speed Shifter, W\/O Embreagem Square-tapered BOTTOM BRACKET, 68mm SHIFTERS microSHIFT Advent SL-M6190, 9 velocidades, gatilhos de curto alcance para f\u00e1cil opera\u00e7\u00e3o CASSETTE microSHIFT Advento, 9 velocidades, 11-42t A1 Premium Butted Alloy FORK,  Dire\u00e7\u00e3o de liga, 15&#215;110 mm, W\/Mini Fender CUADRO A1 Premium Butted Alloy, estrutura unissexo, roteamento de cabos internos, eixo thru de 148mm, poste conta-gotas de 30,9 mm pronto, gancho derailleur substitu\u00edvel compat\u00edvel com ABRAZ.<br \/>\nSELIM tipo PARAFUSO, LIGA MET\u00c1LICA DE 34,9 mm, profundidade de 16 mm, largura interna de 25 mm, liga de cubo traseiro de 28 horas, 6 parafusos, 28H, 12&#215;148 Boost, liga de cubo dianteiro compat\u00edvel com 11 velocidades, 6 parafusos, 28H, 15&#215;110 Boost REAR TIRE Ground Control Sport, pneu dianteiro de 20&#215;2,35&#8243;. Desporto de Controlo de Terra, 20&#215;2.35&#8243; TUBOS V\u00e1lvula Schrader FREIO DIANTEIRO C-STAR Freio de disco hidr\u00e1ulico, rotor de 160mm, alcance ajust\u00e1vel FREIO TRASEIRO C-STAR Freio a disco hidr\u00e1ulico, rotor de 160mm, alcance ajust\u00e1vel SELIM SADDLE Kids Bridge, 130mm GUID\u00c3O Mini Rise, liga de bumbum duplo, 6 graus Backsweep, 600mm Largura, 31.8mm, 19mm Di\u00e2metro da extremidade da barra Punhos de trilha especializados, 19mm di\u00e2metro da extremidade da barra,  Lock-on Specialized SEATPOST, liga 6061, bra\u00e7adeira de 2 parafusos, recuo de 0mm, liga forjada 30.9mm STEM Stout 3D, 31.8mm, eleva\u00e7\u00e3o de 6 graus PEDALS Plataforma de nylon w \/ refletores SPOKES Stainless, 14g Peso 9.9kg (21 lb, 13.2 oz) * Pesos baseados na produ\u00e7\u00e3o quadros pintados como retratado.  Os pesos reais variam consoante a cor, o tamanho do quadro e a varia\u00e7\u00e3o dos componentes. As especifica\u00e7\u00f5es est\u00e3o sujeitas a altera\u00e7\u00f5es sem aviso pr\u00e9vio.<\/p>\n","protected":false},"excerpt":{"rendered":"<p>Tra\u00e7\u00e3o, controlo, confian\u00e7a e divers\u00e3o: a Riprock 20 \u00e9 a bicicleta perfeita para o seu filho come\u00e7ar a dominar os trilhos.<\/p>\n","protected":false},"featured_media":282140,"comment_status":"closed","ping_status":"closed","template":"","meta":{"_acf_changed":false,"_et_pb_use_builder":"","_et_pb_old_content":"","_et_gb_content_width":"","inline_featured_image":false},"product_brand":[],"product_cat":[2522,2460],"product_tag":[],"class_list":{"0":"post-387706","1":"product","2":"type-product","3":"status-publish","4":"has-post-thumbnail","6":"product_cat-bicicletas-para-criancas","7":"product_cat-ofertas-pt-pt","8":"product_shipping_class-bicicletas-pt-pt","10":"first","11":"outofstock","12":"taxable","13":"shipping-taxable","14":"product-type-variable","15":"wvs-archive-product-wrapper"},"acf":[],"yoast_head":"<!-- This site is optimized with the Yoast SEO Premium plugin v26.7 (Yoast SEO v26.7) - https:\/\/yoast.com\/wordpress\/plugins\/seo\/ -->\n<title>Riprock Especializado 20&quot; 2023 GR-100 RIPROCK<\/title>\n<meta name=\"description\" content=\"RIPROCK ESPECIALIZADO 20. Tra\u00e7\u00e3o, controlo, confian\u00e7a e divers\u00e3o, a moto perfeita para come\u00e7ar a dominar os trilhos.\" \/>\n<meta name=\"robots\" content=\"index, follow, max-snippet:-1, max-image-preview:large, max-video-preview:-1\" \/>\n<link rel=\"canonical\" href=\"https:\/\/gr-100.com\/pt-pt\/producto\/riprock-especializado-20-2023\/\" \/>\n<meta property=\"og:locale\" content=\"pt_PT\" \/>\n<meta property=\"og:type\" content=\"article\" \/>\n<meta property=\"og:title\" content=\"Riprock Especializado 20&quot; 2023\" \/>\n<meta property=\"og:description\" content=\"RIPROCK ESPECIALIZADO 20. Tra\u00e7\u00e3o, controlo, confian\u00e7a e divers\u00e3o, a moto perfeita para come\u00e7ar a dominar os trilhos.\" \/>\n<meta property=\"og:url\" content=\"https:\/\/gr-100.com\/pt-pt\/producto\/riprock-especializado-20-2023\/\" \/>\n<meta property=\"og:site_name\" content=\"Gr-100 Tienda de ciclismo Specialized\" \/>\n<meta property=\"article:publisher\" content=\"https:\/\/www.facebook.com\/Gr100Bikes\" \/>\n<meta property=\"article:modified_time\" content=\"2025-09-22T13:30:18+00:00\" \/>\n<meta property=\"og:image\" content=\"https:\/\/gr-100.com\/wp-content\/uploads\/2024\/05\/RIP96522-73-riprock-20-hero.jpg\" \/>\n\t<meta property=\"og:image:width\" content=\"1000\" \/>\n\t<meta property=\"og:image:height\" content=\"1000\" \/>\n\t<meta property=\"og:image:type\" content=\"image\/jpeg\" \/>\n<meta name=\"twitter:card\" content=\"summary_large_image\" \/>\n<meta name=\"twitter:label1\" content=\"Tempo estimado de leitura\" \/>\n\t<meta name=\"twitter:data1\" content=\"2 minutos\" \/>\n<script type=\"application\/ld+json\" class=\"yoast-schema-graph\">{\"@context\":\"https:\/\/schema.org\",\"@graph\":[{\"@type\":\"WebPage\",\"@id\":\"https:\/\/gr-100.com\/pt-pt\/producto\/riprock-especializado-20-2023\/\",\"url\":\"https:\/\/gr-100.com\/pt-pt\/producto\/riprock-especializado-20-2023\/\",\"name\":\"Riprock Especializado 20\\\" 2023 GR-100 RIPROCK\",\"isPartOf\":{\"@id\":\"https:\/\/gr-100.com\/#website\"},\"primaryImageOfPage\":{\"@id\":\"https:\/\/gr-100.com\/pt-pt\/producto\/riprock-especializado-20-2023\/#primaryimage\"},\"image\":{\"@id\":\"https:\/\/gr-100.com\/pt-pt\/producto\/riprock-especializado-20-2023\/#primaryimage\"},\"thumbnailUrl\":\"https:\/\/gr-100.com\/wp-content\/uploads\/2024\/05\/RIP96522-73-riprock-20-hero.jpg\",\"datePublished\":\"2024-07-01T06:30:40+00:00\",\"dateModified\":\"2025-09-22T13:30:18+00:00\",\"description\":\"RIPROCK ESPECIALIZADO 20. Tra\u00e7\u00e3o, controlo, confian\u00e7a e divers\u00e3o, a moto perfeita para come\u00e7ar a dominar os trilhos.\",\"breadcrumb\":{\"@id\":\"https:\/\/gr-100.com\/pt-pt\/producto\/riprock-especializado-20-2023\/#breadcrumb\"},\"inLanguage\":\"pt-PT\",\"potentialAction\":[{\"@type\":\"ReadAction\",\"target\":[\"https:\/\/gr-100.com\/pt-pt\/producto\/riprock-especializado-20-2023\/\"]}]},{\"@type\":\"ImageObject\",\"inLanguage\":\"pt-PT\",\"@id\":\"https:\/\/gr-100.com\/pt-pt\/producto\/riprock-especializado-20-2023\/#primaryimage\",\"url\":\"https:\/\/gr-100.com\/wp-content\/uploads\/2024\/05\/RIP96522-73-riprock-20-hero.jpg\",\"contentUrl\":\"https:\/\/gr-100.com\/wp-content\/uploads\/2024\/05\/RIP96522-73-riprock-20-hero.jpg\",\"width\":1000,\"height\":1000},{\"@type\":\"BreadcrumbList\",\"@id\":\"https:\/\/gr-100.com\/pt-pt\/producto\/riprock-especializado-20-2023\/#breadcrumb\",\"itemListElement\":[{\"@type\":\"ListItem\",\"position\":1,\"name\":\"Portada\",\"item\":\"https:\/\/gr-100.com\/en\/\"},{\"@type\":\"ListItem\",\"position\":2,\"name\":\"Productos\",\"item\":\"https:\/\/gr-100.com\/?post_type=product\"},{\"@type\":\"ListItem\",\"position\":3,\"name\":\"Riprock Especializado 20&#8243; 2023\"}]},{\"@type\":\"WebSite\",\"@id\":\"https:\/\/gr-100.com\/#website\",\"url\":\"https:\/\/gr-100.com\/\",\"name\":\"Gr-100 Tienda de ciclismo Specialized\",\"description\":\"GR-100 tenemos todas las gamas de bicicletas Specialized al mejor precio.\",\"publisher\":{\"@id\":\"https:\/\/gr-100.com\/#organization\"},\"alternateName\":\"Gr-100 Bikes\",\"potentialAction\":[{\"@type\":\"SearchAction\",\"target\":{\"@type\":\"EntryPoint\",\"urlTemplate\":\"https:\/\/gr-100.com\/?s={search_term_string}\"},\"query-input\":{\"@type\":\"PropertyValueSpecification\",\"valueRequired\":true,\"valueName\":\"search_term_string\"}}],\"inLanguage\":\"pt-PT\"},{\"@type\":\"Organization\",\"@id\":\"https:\/\/gr-100.com\/#organization\",\"name\":\"Gr-100\",\"url\":\"https:\/\/gr-100.com\/\",\"logo\":{\"@type\":\"ImageObject\",\"inLanguage\":\"pt-PT\",\"@id\":\"https:\/\/gr-100.com\/#\/schema\/logo\/image\/\",\"url\":\"https:\/\/gr-100.com\/wp-content\/uploads\/2023\/08\/logo-gr-100-bikes.png\",\"contentUrl\":\"https:\/\/gr-100.com\/wp-content\/uploads\/2023\/08\/logo-gr-100-bikes.png\",\"width\":707,\"height\":284,\"caption\":\"Gr-100\"},\"image\":{\"@id\":\"https:\/\/gr-100.com\/#\/schema\/logo\/image\/\"},\"sameAs\":[\"https:\/\/www.facebook.com\/Gr100Bikes\",\"https:\/\/www.instagram.com\/gr100bikes\/\",\"https:\/\/www.tiktok.com\/@gr100bikes\",\"https:\/\/twitter.com\/gr100mtbteam\",\"https:\/\/www.youtube.com\/c\/GR100Specialized\"]}]}<\/script>\n<!-- \/ Yoast SEO Premium plugin. -->","yoast_head_json":{"title":"Riprock Especializado 20\" 2023 GR-100 RIPROCK","description":"RIPROCK ESPECIALIZADO 20. Tra\u00e7\u00e3o, controlo, confian\u00e7a e divers\u00e3o, a moto perfeita para come\u00e7ar a dominar os trilhos.","robots":{"index":"index","follow":"follow","max-snippet":"max-snippet:-1","max-image-preview":"max-image-preview:large","max-video-preview":"max-video-preview:-1"},"canonical":"https:\/\/gr-100.com\/pt-pt\/producto\/riprock-especializado-20-2023\/","og_locale":"pt_PT","og_type":"article","og_title":"Riprock Especializado 20\" 2023","og_description":"RIPROCK ESPECIALIZADO 20. Tra\u00e7\u00e3o, controlo, confian\u00e7a e divers\u00e3o, a moto perfeita para come\u00e7ar a dominar os trilhos.","og_url":"https:\/\/gr-100.com\/pt-pt\/producto\/riprock-especializado-20-2023\/","og_site_name":"Gr-100 Tienda de ciclismo Specialized","article_publisher":"https:\/\/www.facebook.com\/Gr100Bikes","article_modified_time":"2025-09-22T13:30:18+00:00","og_image":[{"width":1000,"height":1000,"url":"https:\/\/gr-100.com\/wp-content\/uploads\/2024\/05\/RIP96522-73-riprock-20-hero.jpg","type":"image\/jpeg"}],"twitter_card":"summary_large_image","twitter_misc":{"Tempo estimado de leitura":"2 minutos"},"schema":{"@context":"https:\/\/schema.org","@graph":[{"@type":"WebPage","@id":"https:\/\/gr-100.com\/pt-pt\/producto\/riprock-especializado-20-2023\/","url":"https:\/\/gr-100.com\/pt-pt\/producto\/riprock-especializado-20-2023\/","name":"Riprock Especializado 20\" 2023 GR-100 RIPROCK","isPartOf":{"@id":"https:\/\/gr-100.com\/#website"},"primaryImageOfPage":{"@id":"https:\/\/gr-100.com\/pt-pt\/producto\/riprock-especializado-20-2023\/#primaryimage"},"image":{"@id":"https:\/\/gr-100.com\/pt-pt\/producto\/riprock-especializado-20-2023\/#primaryimage"},"thumbnailUrl":"https:\/\/gr-100.com\/wp-content\/uploads\/2024\/05\/RIP96522-73-riprock-20-hero.jpg","datePublished":"2024-07-01T06:30:40+00:00","dateModified":"2025-09-22T13:30:18+00:00","description":"RIPROCK ESPECIALIZADO 20. Tra\u00e7\u00e3o, controlo, confian\u00e7a e divers\u00e3o, a moto perfeita para come\u00e7ar a dominar os trilhos.","breadcrumb":{"@id":"https:\/\/gr-100.com\/pt-pt\/producto\/riprock-especializado-20-2023\/#breadcrumb"},"inLanguage":"pt-PT","potentialAction":[{"@type":"ReadAction","target":["https:\/\/gr-100.com\/pt-pt\/producto\/riprock-especializado-20-2023\/"]}]},{"@type":"ImageObject","inLanguage":"pt-PT","@id":"https:\/\/gr-100.com\/pt-pt\/producto\/riprock-especializado-20-2023\/#primaryimage","url":"https:\/\/gr-100.com\/wp-content\/uploads\/2024\/05\/RIP96522-73-riprock-20-hero.jpg","contentUrl":"https:\/\/gr-100.com\/wp-content\/uploads\/2024\/05\/RIP96522-73-riprock-20-hero.jpg","width":1000,"height":1000},{"@type":"BreadcrumbList","@id":"https:\/\/gr-100.com\/pt-pt\/producto\/riprock-especializado-20-2023\/#breadcrumb","itemListElement":[{"@type":"ListItem","position":1,"name":"Portada","item":"https:\/\/gr-100.com\/en\/"},{"@type":"ListItem","position":2,"name":"Productos","item":"https:\/\/gr-100.com\/?post_type=product"},{"@type":"ListItem","position":3,"name":"Riprock Especializado 20&#8243; 2023"}]},{"@type":"WebSite","@id":"https:\/\/gr-100.com\/#website","url":"https:\/\/gr-100.com\/","name":"Gr-100 Tienda de ciclismo Specialized","description":"GR-100 tenemos todas las gamas de bicicletas Specialized al mejor precio.","publisher":{"@id":"https:\/\/gr-100.com\/#organization"},"alternateName":"Gr-100 Bikes","potentialAction":[{"@type":"SearchAction","target":{"@type":"EntryPoint","urlTemplate":"https:\/\/gr-100.com\/?s={search_term_string}"},"query-input":{"@type":"PropertyValueSpecification","valueRequired":true,"valueName":"search_term_string"}}],"inLanguage":"pt-PT"},{"@type":"Organization","@id":"https:\/\/gr-100.com\/#organization","name":"Gr-100","url":"https:\/\/gr-100.com\/","logo":{"@type":"ImageObject","inLanguage":"pt-PT","@id":"https:\/\/gr-100.com\/#\/schema\/logo\/image\/","url":"https:\/\/gr-100.com\/wp-content\/uploads\/2023\/08\/logo-gr-100-bikes.png","contentUrl":"https:\/\/gr-100.com\/wp-content\/uploads\/2023\/08\/logo-gr-100-bikes.png","width":707,"height":284,"caption":"Gr-100"},"image":{"@id":"https:\/\/gr-100.com\/#\/schema\/logo\/image\/"},"sameAs":["https:\/\/www.facebook.com\/Gr100Bikes","https:\/\/www.instagram.com\/gr100bikes\/","https:\/\/www.tiktok.com\/@gr100bikes","https:\/\/twitter.com\/gr100mtbteam","https:\/\/www.youtube.com\/c\/GR100Specialized"]}]}},"_links":{"self":[{"href":"https:\/\/gr-100.com\/pt-pt\/wp-json\/wp\/v2\/product\/387706","targetHints":{"allow":["GET"]}}],"collection":[{"href":"https:\/\/gr-100.com\/pt-pt\/wp-json\/wp\/v2\/product"}],"about":[{"href":"https:\/\/gr-100.com\/pt-pt\/wp-json\/wp\/v2\/types\/product"}],"replies":[{"embeddable":true,"href":"https:\/\/gr-100.com\/pt-pt\/wp-json\/wp\/v2\/comments?post=387706"}],"wp:featuredmedia":[{"embeddable":true,"href":"https:\/\/gr-100.com\/pt-pt\/wp-json\/wp\/v2\/media\/282140"}],"wp:attachment":[{"href":"https:\/\/gr-100.com\/pt-pt\/wp-json\/wp\/v2\/media?parent=387706"}],"wp:term":[{"taxonomy":"product_brand","embeddable":true,"href":"https:\/\/gr-100.com\/pt-pt\/wp-json\/wp\/v2\/product_brand?post=387706"},{"taxonomy":"product_cat","embeddable":true,"href":"https:\/\/gr-100.com\/pt-pt\/wp-json\/wp\/v2\/product_cat?post=387706"},{"taxonomy":"product_tag","embeddable":true,"href":"https:\/\/gr-100.com\/pt-pt\/wp-json\/wp\/v2\/product_tag?post=387706"}],"curies":[{"name":"wp","href":"https:\/\/api.w.org\/{rel}","templated":true}]}}