{"id":387877,"date":"2024-08-27T10:39:44","date_gmt":"2024-08-27T09:39:44","guid":{"rendered":"https:\/\/gr-100.com\/?post_type=product&#038;p=387877"},"modified":"2025-12-18T16:48:21","modified_gmt":"2025-12-18T14:48:21","slug":"specialized-s-works-crux-2025","status":"publish","type":"product","link":"https:\/\/gr-100.com\/pt-pt\/producto\/specialized-s-works-crux-2025\/","title":{"rendered":"Specialized S-Works Crux 2025"},"content":{"rendered":"<p><strong>Gra\u00e7as ao templo UDH e ao novo SRAM RED XPLR, o S-Works Crux pesa menos 102 SRAM.<\/strong>  Equipada com jantes Roval Terra CLX II, guiador Terra, espig\u00e3o Alpinist, selim S-Works Power com tecnologia Mirror e pneus Pathfinder Pro, a nova S-Works Crux com SRAM RED XPLR \u00e9 a nossa moto mais premium. <strong>Mais leve:<\/strong> O quadro de carbono 12r pesa 725g. Peg\u00e1mos nos avan\u00e7os revolucion\u00e1rios que fizeram da Aethos a moto mais leve de sempre e aplic\u00e1mo-los \u00e0 Crux. O resultado? Uma bicicleta de cascalho que sobe que \u00e9 um prazer, voa sobre terrenos dif\u00edceis e pesa menos do que a garrafa que voc\u00ea carrega cheia na gaiola da garrafa. <strong>Desempenho:<\/strong> A folga da roda \u00e9 47c\/650b x 2.1&#8243;. Mais espa\u00e7o significa maior desempenho. Com o mesmo espa\u00e7o que o Diverge, o Crux leva-o a qualquer lugar a toda a velocidade. <strong>Uma bicicleta que responde:<\/strong> r\u00e1pida, flex\u00edvel e responsiva. Sens\u00edvel nos pedais. Confort\u00e1vel no selim. Com uma geometria adaptada ao desempenho que o cascalho precisa e um design influenciado pela corrida inspirado na hist\u00f3ria ic\u00f3nica do Crux em ciclocross.<\/p>\n<p><strong>Especifica\u00e7\u00f5es t\u00e9cnicas<\/strong><\/p>\n<ul>\n<li>S-Works Power com selim<br \/>\n espelhado<\/li>\n<li>Roval de assento de carbono Roval Alpinist\n<\/li>\n<li>Roval<br \/>\n Roval Terra, carv\u00e3o, queda de 103mm x alcance de 70mm x flare de 12\u00ba<\/li>\n<li>POWER<br \/>\nS-Works SL, liga, parafusos de tit\u00e2nio, eleva\u00e7\u00e3o de 6 graus<\/li>\n<li>ABRA\u00c7O. Specialized SADDLE<br \/>\n, 30.0mm, parafuso de tit\u00e2nio <\/li>\n<li>Supacaz Super Fita Kush Pegajosa\n<\/li>\n<li>NOVA<br \/>\n CADEIA SRAM Red XPLR, 13sp<\/li>\n<li>\nNOVA SRAM Red XPLR, 13sp, 10-46T<\/li>\n<li>SUPORTE INFERIOR<br \/>\n SRAM DUB BSA<\/li>\n<li>SRAM EIXOS VERMELHOS SHIFTERS<br \/>\nSRAM<\/li>\n<li>SRAM Red AXS Power Meter SUPORTE<br \/>\n INFERIOR<\/li>\n<li>NOVA SRAM RED XPLR 13SP\n<\/li>\n<li>PLATOS<br \/>\n40T<\/li>\n<li>S-Works Crux FACT 12r Carbon FRAME<br \/>\n, Rider First Engineered\u2122, Threaded BB, 12x142mm thru-axle, disco de montagem plana, UDH dropout<\/li>\n<li>Garfo<br \/>\n S-Works FACT, eixo thru de 12x100mm, disco de montagem plana<\/li>\n<li>NOVO SRAM DIANTEIRO<br \/>\nSRAM Red XPLR, Disco Hidr\u00e1ulico<\/li>\n<li>FREIO TRASEIRO<br \/>\nNOVO SRAM Red XPLR, Disco Hidr\u00e1ulico<\/li>\n<li>TUBOS<br \/>\n700&#215;28\/38mm, 48mm Presta v\u00e1lvula<\/li>\n<li>PNEU.<br \/>\nPronto para o Pathfinder Pro 2Bliss, flanco transparente, 700x38c<\/li>\n<li>Pneu traseiro<br \/>\nPathfinder Pro 2Bliss Ready, flanco transparente, 700x38c<\/li>\n<li>RODA DIANTEIRA<br \/>\nRoval Terra CLX II, 25mm de largura interna, Tubeless ready, 32mm de profundidade, 21h, Roval AFD1, Centerlock, raios DT Swiss Aerolite<\/li>\n<li>RODA TRASEIRA<br \/>\nRoval Terra CLX II, 25mm de largura interna, Tubeless Ready, 32mm de profundidade, 24h, Roval AFD2, Centerlock, DT Swiss EXP internals, SRAM XDR, DT Swiss Aerolite raios<\/li>\n<\/ul>\n","protected":false},"excerpt":{"rendered":"<p>Torn\u00e1mos a Crux, a moto de gravilha mais leve do mundo, ainda mais leve. Com um grande arco de roda e uma geometria perfeita para ter o seu melhor desempenho fora de estrada, esta moto ser\u00e1 o seu trampolim para o c\u00e9u do cascalho. <\/p>\n","protected":false},"featured_media":387889,"comment_status":"closed","ping_status":"closed","template":"","meta":{"_acf_changed":false,"_et_pb_use_builder":"on","_et_pb_old_content":"","_et_gb_content_width":"","inline_featured_image":false},"product_brand":[],"product_cat":[2459,3346,5310,5309,5308,2483,2460,3469],"product_tag":[],"class_list":{"0":"post-387877","1":"product","2":"type-product","3":"status-publish","4":"has-post-thumbnail","6":"product_cat-bicicletas-pt-pt-2","7":"product_cat-bicicletas-de-cascalho","8":"product_cat-bicicletas-de-gravel-aero","9":"product_cat-bicicletas-de-carbono-gravel","10":"product_cat-bicicletas-de-gravel-specialized","11":"product_cat-bicicletas-especializadas","12":"product_cat-ofertas-pt-pt","13":"product_cat-oferta-cascalho","14":"product_shipping_class-bicicletas-pt-pt","16":"first","17":"instock","18":"taxable","19":"shipping-taxable","20":"purchasable","21":"product-type-variable","22":"wvs-archive-product-wrapper"},"acf":[],"yoast_head":"<!-- This site is optimized with the Yoast SEO Premium plugin v26.7 (Yoast SEO v26.7) - https:\/\/yoast.com\/wordpress\/plugins\/seo\/ -->\n<title>Specialized S-Works Crux 2025 GR-100 Bicicletas<\/title>\n<meta name=\"description\" content=\"S-Works Crux, o S-Works 12r 725g e o 10r 825g. SRAM Red XPLR 13s groupet. Roval Terra CLX II Rodas de disco S-Works Power com selim de espelho.\" \/>\n<meta name=\"robots\" content=\"index, follow, max-snippet:-1, max-image-preview:large, max-video-preview:-1\" \/>\n<link rel=\"canonical\" href=\"https:\/\/gr-100.com\/pt-pt\/producto\/specialized-s-works-crux-2025\/\" \/>\n<meta property=\"og:locale\" content=\"pt_PT\" \/>\n<meta property=\"og:type\" content=\"article\" \/>\n<meta property=\"og:title\" content=\"Specialized S-Works Crux 2025\" \/>\n<meta property=\"og:description\" content=\"S-Works Crux, o S-Works 12r 725g e o 10r 825g. SRAM Red XPLR 13s groupet. Roval Terra CLX II Rodas de disco S-Works Power com selim de espelho.\" \/>\n<meta property=\"og:url\" content=\"https:\/\/gr-100.com\/pt-pt\/producto\/specialized-s-works-crux-2025\/\" \/>\n<meta property=\"og:site_name\" content=\"Gr-100 Tienda de ciclismo Specialized\" \/>\n<meta property=\"article:publisher\" content=\"https:\/\/www.facebook.com\/Gr100Bikes\" \/>\n<meta property=\"article:modified_time\" content=\"2025-12-18T14:48:21+00:00\" \/>\n<meta property=\"og:image\" content=\"https:\/\/gr-100.com\/wp-content\/uploads\/2024\/08\/sw-crux-2.jpg\" \/>\n\t<meta property=\"og:image:width\" content=\"1000\" \/>\n\t<meta property=\"og:image:height\" content=\"1000\" \/>\n\t<meta property=\"og:image:type\" content=\"image\/jpeg\" \/>\n<meta name=\"twitter:card\" content=\"summary_large_image\" \/>\n<meta name=\"twitter:label1\" content=\"Tempo estimado de leitura\" \/>\n\t<meta name=\"twitter:data1\" content=\"2 minutos\" \/>\n<script type=\"application\/ld+json\" class=\"yoast-schema-graph\">{\"@context\":\"https:\/\/schema.org\",\"@graph\":[{\"@type\":\"WebPage\",\"@id\":\"https:\/\/gr-100.com\/pt-pt\/producto\/specialized-s-works-crux-2025\/\",\"url\":\"https:\/\/gr-100.com\/pt-pt\/producto\/specialized-s-works-crux-2025\/\",\"name\":\"Specialized S-Works Crux 2025 GR-100 Bicicletas\",\"isPartOf\":{\"@id\":\"https:\/\/gr-100.com\/#website\"},\"primaryImageOfPage\":{\"@id\":\"https:\/\/gr-100.com\/pt-pt\/producto\/specialized-s-works-crux-2025\/#primaryimage\"},\"image\":{\"@id\":\"https:\/\/gr-100.com\/pt-pt\/producto\/specialized-s-works-crux-2025\/#primaryimage\"},\"thumbnailUrl\":\"https:\/\/gr-100.com\/wp-content\/uploads\/2024\/08\/sw-crux-1.jpg\",\"datePublished\":\"2024-08-27T09:39:44+00:00\",\"dateModified\":\"2025-12-18T14:48:21+00:00\",\"description\":\"S-Works Crux, o S-Works 12r 725g e o 10r 825g. SRAM Red XPLR 13s groupet. Roval Terra CLX II Rodas de disco S-Works Power com selim de espelho.\",\"breadcrumb\":{\"@id\":\"https:\/\/gr-100.com\/pt-pt\/producto\/specialized-s-works-crux-2025\/#breadcrumb\"},\"inLanguage\":\"pt-PT\",\"potentialAction\":[{\"@type\":\"ReadAction\",\"target\":[\"https:\/\/gr-100.com\/pt-pt\/producto\/specialized-s-works-crux-2025\/\"]}]},{\"@type\":\"ImageObject\",\"inLanguage\":\"pt-PT\",\"@id\":\"https:\/\/gr-100.com\/pt-pt\/producto\/specialized-s-works-crux-2025\/#primaryimage\",\"url\":\"https:\/\/gr-100.com\/wp-content\/uploads\/2024\/08\/sw-crux-1.jpg\",\"contentUrl\":\"https:\/\/gr-100.com\/wp-content\/uploads\/2024\/08\/sw-crux-1.jpg\",\"width\":1000,\"height\":1000},{\"@type\":\"BreadcrumbList\",\"@id\":\"https:\/\/gr-100.com\/pt-pt\/producto\/specialized-s-works-crux-2025\/#breadcrumb\",\"itemListElement\":[{\"@type\":\"ListItem\",\"position\":1,\"name\":\"Portada\",\"item\":\"https:\/\/gr-100.com\/en\/\"},{\"@type\":\"ListItem\",\"position\":2,\"name\":\"Productos\",\"item\":\"https:\/\/gr-100.com\/?post_type=product\"},{\"@type\":\"ListItem\",\"position\":3,\"name\":\"Specialized S-Works Crux 2025\"}]},{\"@type\":\"WebSite\",\"@id\":\"https:\/\/gr-100.com\/#website\",\"url\":\"https:\/\/gr-100.com\/\",\"name\":\"Gr-100 Tienda de ciclismo Specialized\",\"description\":\"GR-100 tenemos todas las gamas de bicicletas Specialized al mejor precio.\",\"publisher\":{\"@id\":\"https:\/\/gr-100.com\/#organization\"},\"alternateName\":\"Gr-100 Bikes\",\"potentialAction\":[{\"@type\":\"SearchAction\",\"target\":{\"@type\":\"EntryPoint\",\"urlTemplate\":\"https:\/\/gr-100.com\/?s={search_term_string}\"},\"query-input\":{\"@type\":\"PropertyValueSpecification\",\"valueRequired\":true,\"valueName\":\"search_term_string\"}}],\"inLanguage\":\"pt-PT\"},{\"@type\":\"Organization\",\"@id\":\"https:\/\/gr-100.com\/#organization\",\"name\":\"Gr-100\",\"url\":\"https:\/\/gr-100.com\/\",\"logo\":{\"@type\":\"ImageObject\",\"inLanguage\":\"pt-PT\",\"@id\":\"https:\/\/gr-100.com\/#\/schema\/logo\/image\/\",\"url\":\"https:\/\/gr-100.com\/wp-content\/uploads\/2023\/08\/logo-gr-100-bikes.png\",\"contentUrl\":\"https:\/\/gr-100.com\/wp-content\/uploads\/2023\/08\/logo-gr-100-bikes.png\",\"width\":707,\"height\":284,\"caption\":\"Gr-100\"},\"image\":{\"@id\":\"https:\/\/gr-100.com\/#\/schema\/logo\/image\/\"},\"sameAs\":[\"https:\/\/www.facebook.com\/Gr100Bikes\",\"https:\/\/www.instagram.com\/gr100bikes\/\",\"https:\/\/www.tiktok.com\/@gr100bikes\",\"https:\/\/twitter.com\/gr100mtbteam\",\"https:\/\/www.youtube.com\/c\/GR100Specialized\"]}]}<\/script>\n<!-- \/ Yoast SEO Premium plugin. -->","yoast_head_json":{"title":"Specialized S-Works Crux 2025 GR-100 Bicicletas","description":"S-Works Crux, o S-Works 12r 725g e o 10r 825g. SRAM Red XPLR 13s groupet. Roval Terra CLX II Rodas de disco S-Works Power com selim de espelho.","robots":{"index":"index","follow":"follow","max-snippet":"max-snippet:-1","max-image-preview":"max-image-preview:large","max-video-preview":"max-video-preview:-1"},"canonical":"https:\/\/gr-100.com\/pt-pt\/producto\/specialized-s-works-crux-2025\/","og_locale":"pt_PT","og_type":"article","og_title":"Specialized S-Works Crux 2025","og_description":"S-Works Crux, o S-Works 12r 725g e o 10r 825g. SRAM Red XPLR 13s groupet. Roval Terra CLX II Rodas de disco S-Works Power com selim de espelho.","og_url":"https:\/\/gr-100.com\/pt-pt\/producto\/specialized-s-works-crux-2025\/","og_site_name":"Gr-100 Tienda de ciclismo Specialized","article_publisher":"https:\/\/www.facebook.com\/Gr100Bikes","article_modified_time":"2025-12-18T14:48:21+00:00","og_image":[{"width":1000,"height":1000,"url":"https:\/\/gr-100.com\/wp-content\/uploads\/2024\/08\/sw-crux-2.jpg","type":"image\/jpeg"}],"twitter_card":"summary_large_image","twitter_misc":{"Tempo estimado de leitura":"2 minutos"},"schema":{"@context":"https:\/\/schema.org","@graph":[{"@type":"WebPage","@id":"https:\/\/gr-100.com\/pt-pt\/producto\/specialized-s-works-crux-2025\/","url":"https:\/\/gr-100.com\/pt-pt\/producto\/specialized-s-works-crux-2025\/","name":"Specialized S-Works Crux 2025 GR-100 Bicicletas","isPartOf":{"@id":"https:\/\/gr-100.com\/#website"},"primaryImageOfPage":{"@id":"https:\/\/gr-100.com\/pt-pt\/producto\/specialized-s-works-crux-2025\/#primaryimage"},"image":{"@id":"https:\/\/gr-100.com\/pt-pt\/producto\/specialized-s-works-crux-2025\/#primaryimage"},"thumbnailUrl":"https:\/\/gr-100.com\/wp-content\/uploads\/2024\/08\/sw-crux-1.jpg","datePublished":"2024-08-27T09:39:44+00:00","dateModified":"2025-12-18T14:48:21+00:00","description":"S-Works Crux, o S-Works 12r 725g e o 10r 825g. SRAM Red XPLR 13s groupet. Roval Terra CLX II Rodas de disco S-Works Power com selim de espelho.","breadcrumb":{"@id":"https:\/\/gr-100.com\/pt-pt\/producto\/specialized-s-works-crux-2025\/#breadcrumb"},"inLanguage":"pt-PT","potentialAction":[{"@type":"ReadAction","target":["https:\/\/gr-100.com\/pt-pt\/producto\/specialized-s-works-crux-2025\/"]}]},{"@type":"ImageObject","inLanguage":"pt-PT","@id":"https:\/\/gr-100.com\/pt-pt\/producto\/specialized-s-works-crux-2025\/#primaryimage","url":"https:\/\/gr-100.com\/wp-content\/uploads\/2024\/08\/sw-crux-1.jpg","contentUrl":"https:\/\/gr-100.com\/wp-content\/uploads\/2024\/08\/sw-crux-1.jpg","width":1000,"height":1000},{"@type":"BreadcrumbList","@id":"https:\/\/gr-100.com\/pt-pt\/producto\/specialized-s-works-crux-2025\/#breadcrumb","itemListElement":[{"@type":"ListItem","position":1,"name":"Portada","item":"https:\/\/gr-100.com\/en\/"},{"@type":"ListItem","position":2,"name":"Productos","item":"https:\/\/gr-100.com\/?post_type=product"},{"@type":"ListItem","position":3,"name":"Specialized S-Works Crux 2025"}]},{"@type":"WebSite","@id":"https:\/\/gr-100.com\/#website","url":"https:\/\/gr-100.com\/","name":"Gr-100 Tienda de ciclismo Specialized","description":"GR-100 tenemos todas las gamas de bicicletas Specialized al mejor precio.","publisher":{"@id":"https:\/\/gr-100.com\/#organization"},"alternateName":"Gr-100 Bikes","potentialAction":[{"@type":"SearchAction","target":{"@type":"EntryPoint","urlTemplate":"https:\/\/gr-100.com\/?s={search_term_string}"},"query-input":{"@type":"PropertyValueSpecification","valueRequired":true,"valueName":"search_term_string"}}],"inLanguage":"pt-PT"},{"@type":"Organization","@id":"https:\/\/gr-100.com\/#organization","name":"Gr-100","url":"https:\/\/gr-100.com\/","logo":{"@type":"ImageObject","inLanguage":"pt-PT","@id":"https:\/\/gr-100.com\/#\/schema\/logo\/image\/","url":"https:\/\/gr-100.com\/wp-content\/uploads\/2023\/08\/logo-gr-100-bikes.png","contentUrl":"https:\/\/gr-100.com\/wp-content\/uploads\/2023\/08\/logo-gr-100-bikes.png","width":707,"height":284,"caption":"Gr-100"},"image":{"@id":"https:\/\/gr-100.com\/#\/schema\/logo\/image\/"},"sameAs":["https:\/\/www.facebook.com\/Gr100Bikes","https:\/\/www.instagram.com\/gr100bikes\/","https:\/\/www.tiktok.com\/@gr100bikes","https:\/\/twitter.com\/gr100mtbteam","https:\/\/www.youtube.com\/c\/GR100Specialized"]}]}},"_links":{"self":[{"href":"https:\/\/gr-100.com\/pt-pt\/wp-json\/wp\/v2\/product\/387877","targetHints":{"allow":["GET"]}}],"collection":[{"href":"https:\/\/gr-100.com\/pt-pt\/wp-json\/wp\/v2\/product"}],"about":[{"href":"https:\/\/gr-100.com\/pt-pt\/wp-json\/wp\/v2\/types\/product"}],"replies":[{"embeddable":true,"href":"https:\/\/gr-100.com\/pt-pt\/wp-json\/wp\/v2\/comments?post=387877"}],"wp:featuredmedia":[{"embeddable":true,"href":"https:\/\/gr-100.com\/pt-pt\/wp-json\/wp\/v2\/media\/387889"}],"wp:attachment":[{"href":"https:\/\/gr-100.com\/pt-pt\/wp-json\/wp\/v2\/media?parent=387877"}],"wp:term":[{"taxonomy":"product_brand","embeddable":true,"href":"https:\/\/gr-100.com\/pt-pt\/wp-json\/wp\/v2\/product_brand?post=387877"},{"taxonomy":"product_cat","embeddable":true,"href":"https:\/\/gr-100.com\/pt-pt\/wp-json\/wp\/v2\/product_cat?post=387877"},{"taxonomy":"product_tag","embeddable":true,"href":"https:\/\/gr-100.com\/pt-pt\/wp-json\/wp\/v2\/product_tag?post=387877"}],"curies":[{"name":"wp","href":"https:\/\/api.w.org\/{rel}","templated":true}]}}