{"id":387933,"date":"2024-08-27T12:28:09","date_gmt":"2024-08-27T12:28:09","guid":{"rendered":"https:\/\/gr-100.com\/?post_type=product&#038;p=387933"},"modified":"2025-12-19T12:08:55","modified_gmt":"2025-12-19T10:08:55","slug":"specialized-crux-pro-2025","status":"publish","type":"product","link":"https:\/\/gr-100.com\/pt-pt\/producto\/specialized-crux-pro-2025\/","title":{"rendered":"Specialized Crux Pro 2025"},"content":{"rendered":"<ul>\n<li>M\u00e1s ligera: el cuadro de carbono 12r pesa 725 g y el de carbono 10r, 825 g. Hemos cogido los revolucionarios avances que hicieron de la Aethos la bicicleta m\u00e1s ligera de la historia y los hemos aplicado a la Crux. \u00bfEl resultado? Una bicicleta de gravel que sube que da gusto, vuela sobre terrenos dif\u00edciles y pesa menos que la botella que llevas llena en el portabidones.<\/li>\n<li>Rendimiento: el paso de rueda es de hasta 47c\/650b x 2,1\u201d. M\u00e1s espacio es sin\u00f3nimo de mayor rendimiento. Con el mismo espacio que la Diverge, la Crux te lleva a cualquier lugar a toda velocidad.<\/li>\n<li>Una bici que responde: r\u00e1pida, flexible y reactiva. Sensible en los pedales. C\u00f3moda en el sill\u00edn. Con una geometr\u00eda adaptada al rendimiento que el gravel necesita y un dise\u00f1o influenciado por las carreras e inspirado en la ic\u00f3nica historia de la Crux en ciclocross.<\/li>\n<li>\n<div class=\"product-specification\">\n<p>Especificaciones<\/p>\n<div class=\"product-specification\">\n<dl>\n<dt>TIJA DE SILL\u00cdN<\/dt>\n<dd>Roval Terra Carbon Seat Post, 20mm Offset<\/dd>\n<\/dl>\n<dl>\n<dt>MANILLAR<\/dt>\n<dd>Roval Terra, carbon, 103mm drop x 70mm reach x 12\u00ba flare<\/dd>\n<\/dl>\n<dl>\n<dt>SILL\u00cdN<\/dt>\n<dd>Power Pro with Mirror<\/dd>\n<\/dl>\n<dl>\n<dt>ABRAZ. SILL\u00cdN<\/dt>\n<dd>Specialized Alloy, 30mm<\/dd>\n<\/dl>\n<dl>\n<dt>POTENCIA<\/dt>\n<dd>Specialized Pro SL, alloy, 4-bolt, 6-degree rise<\/dd>\n<\/dl>\n<dl>\n<dt>CINTA<\/dt>\n<dd>Supacaz Super Sticky Kush<\/dd>\n<\/dl>\n<\/div>\n<div class=\"product-specification\">\n<p>Drivetrain<\/p>\n<dl>\n<dt>CADENA<\/dt>\n<dd>SRAM Force 12-speed<\/dd>\n<\/dl>\n<dl>\n<dt>CASETE<\/dt>\n<dd>SRAM XPLR, XG-1251, 12-speed, 10-44t<\/dd>\n<\/dl>\n<dl>\n<dt>CAJA PEDALIER<\/dt>\n<dd>SRAM DUB BSA 68<\/dd>\n<\/dl>\n<dl>\n<dt>MANDOS DE CAMBIO<\/dt>\n<dd>SRAM Force eTap AXS<\/dd>\n<\/dl>\n<dl>\n<dt>PEDALIER<\/dt>\n<dd>SRAM Force 1x<\/dd>\n<\/dl>\n<dl>\n<dt>CAMBIO<\/dt>\n<dd>SRAM Force XPLR eTap AXS<\/dd>\n<\/dl>\n<dl>\n<dt>PLATOS<\/dt>\n<dd>40t<\/dd>\n<\/dl>\n<\/div>\n<div class=\"product-specification\">\n<p>Frameset<\/p>\n<dl>\n<dt>CUADRO<\/dt>\n<dd>Crux FACT 10r Carbon, Rider First Engineered\u2122, Threaded BB, 12x142mm thru-axle, flat-mount disc, UDH dropout<\/dd>\n<\/dl>\n<\/div>\n<div class=\"product-specification\">\n<p>Suspension<\/p>\n<dl>\n<dt>HORQUILLA<\/dt>\n<dd>S-Works FACT Carbon, 12x100mm thru-axle, flat-mount disc<\/dd>\n<\/dl>\n<\/div>\n<div class=\"product-specification\">\n<p>Brakes<\/p>\n<dl>\n<dt>FRENO DELANTERO<\/dt>\n<dd>SRAM Force eTap AXS<\/dd>\n<\/dl>\n<dl>\n<dt>FRENO TRASERO<\/dt>\n<dd>SRAM Force eTap AXS<\/dd>\n<\/dl>\n<\/div>\n<div class=\"product-specification\">\n<p>Wheels &amp; tires<\/p>\n<dl>\n<dt>C\u00c1MARAS<\/dt>\n<dd>700&#215;28\/38mm, 48mm Presta valve<\/dd>\n<\/dl>\n<dl>\n<dt>NEUM\u00c1TICO DEL.<\/dt>\n<dd>Pathfinder Pro 2BR, Tan Sidewall, 700&#215;38<\/dd>\n<\/dl>\n<dl>\n<dt>NEUM\u00c1TICO TRASERO<\/dt>\n<dd>Pathfinder Pro 2BR, Tan Sidewall, 700&#215;38<\/dd>\n<\/dl>\n<dl>\n<dt>RUEDA DELANTERA<\/dt>\n<dd>Roval Terra CL, 25mm internal width, 32mm depth, 24h, Tubeless ready, DT for Roval 350 hub, Centerlock disc, DT Swiss Competition Race spokes<\/dd>\n<\/dl>\n<dl>\n<dt>RUEDA TRASERA<\/dt>\n<dd>Roval Terra CL, 25mm internal width, 32mm depth, 24h, Tubeless ready, DT for Roval 350 hub, Centerlock disc, DT Swiss Competition Race spokes<\/dd>\n<\/dl>\n<\/div>\n<\/div>\n<\/li>\n<\/ul>\n","protected":false},"excerpt":{"rendered":"<p>La Crux es la bici de gravel m\u00e1s ligera del mundo. Con un gran paso de rueda y una geometr\u00eda perfecta para rendir al m\u00e1ximo fuera del asfalto.<\/p>\n","protected":false},"featured_media":387935,"comment_status":"open","ping_status":"closed","template":"","meta":{"_acf_changed":false,"_et_pb_use_builder":"","_et_pb_old_content":"","_et_gb_content_width":"","inline_featured_image":false},"product_brand":[],"product_cat":[4330,2407],"product_tag":[],"class_list":{"0":"post-387933","1":"product","2":"type-product","3":"status-publish","4":"has-post-thumbnail","6":"product_cat-black-friday-2","7":"product_cat-bicicletas-gravel","8":"product_shipping_class-bicicletas","10":"first","11":"outofstock","12":"taxable","13":"shipping-taxable","14":"product-type-variable","15":"has-default-attributes","16":"wvs-archive-product-wrapper"},"acf":[],"yoast_head":"<!-- This site is optimized with the Yoast SEO Premium plugin v26.7 (Yoast SEO v26.7) - https:\/\/yoast.com\/wordpress\/plugins\/seo\/ -->\n<title>Specialized Crux Pro 2025 GR-100 Bikes<\/title>\n<meta name=\"description\" content=\"La Crux es la bici de gravel m\u00e1s ligera del mundo. Con un gran paso de rueda y una geometr\u00eda perfecta para rendir al m\u00e1ximo fuera del asfalto.\" \/>\n<meta name=\"robots\" content=\"index, follow, max-snippet:-1, max-image-preview:large, max-video-preview:-1\" \/>\n<link rel=\"canonical\" href=\"https:\/\/gr-100.com\/producto\/specialized-crux-pro-2025\/\" \/>\n<meta property=\"og:locale\" content=\"pt_PT\" \/>\n<meta property=\"og:type\" content=\"article\" \/>\n<meta property=\"og:title\" content=\"Specialized Crux Pro 2025\" \/>\n<meta property=\"og:description\" content=\"La Crux es la bici de gravel m\u00e1s ligera del mundo. Con un gran paso de rueda y una geometr\u00eda perfecta para rendir al m\u00e1ximo fuera del asfalto.\" \/>\n<meta property=\"og:url\" content=\"https:\/\/gr-100.com\/producto\/specialized-crux-pro-2025\/\" \/>\n<meta property=\"og:site_name\" content=\"Gr-100 Tienda de ciclismo Specialized\" \/>\n<meta property=\"article:publisher\" content=\"https:\/\/www.facebook.com\/Gr100Bikes\" \/>\n<meta property=\"article:modified_time\" content=\"2025-12-19T10:08:55+00:00\" \/>\n<meta property=\"og:image\" content=\"https:\/\/gr-100.com\/wp-content\/uploads\/2024\/08\/My-project-2024-08-27T140540.004.jpeg\" \/>\n\t<meta property=\"og:image:width\" content=\"1000\" \/>\n\t<meta property=\"og:image:height\" content=\"1000\" \/>\n\t<meta property=\"og:image:type\" content=\"image\/jpeg\" \/>\n<meta name=\"twitter:card\" content=\"summary_large_image\" \/>\n<meta name=\"twitter:label1\" content=\"Tempo estimado de leitura\" \/>\n\t<meta name=\"twitter:data1\" content=\"2 minutos\" \/>\n<script type=\"application\/ld+json\" class=\"yoast-schema-graph\">{\"@context\":\"https:\/\/schema.org\",\"@graph\":[{\"@type\":\"WebPage\",\"@id\":\"https:\/\/gr-100.com\/producto\/specialized-crux-pro-2025\/\",\"url\":\"https:\/\/gr-100.com\/producto\/specialized-crux-pro-2025\/\",\"name\":\"Specialized Crux Pro 2025 GR-100 Bikes\",\"isPartOf\":{\"@id\":\"https:\/\/gr-100.com\/#website\"},\"primaryImageOfPage\":{\"@id\":\"https:\/\/gr-100.com\/producto\/specialized-crux-pro-2025\/#primaryimage\"},\"image\":{\"@id\":\"https:\/\/gr-100.com\/producto\/specialized-crux-pro-2025\/#primaryimage\"},\"thumbnailUrl\":\"https:\/\/gr-100.com\/wp-content\/uploads\/2024\/08\/My-project-2024-08-27T140540.004.jpeg\",\"datePublished\":\"2024-08-27T12:28:09+00:00\",\"dateModified\":\"2025-12-19T10:08:55+00:00\",\"description\":\"La Crux es la bici de gravel m\u00e1s ligera del mundo. Con un gran paso de rueda y una geometr\u00eda perfecta para rendir al m\u00e1ximo fuera del asfalto.\",\"breadcrumb\":{\"@id\":\"https:\/\/gr-100.com\/producto\/specialized-crux-pro-2025\/#breadcrumb\"},\"inLanguage\":\"pt-PT\",\"potentialAction\":[{\"@type\":\"ReadAction\",\"target\":[\"https:\/\/gr-100.com\/producto\/specialized-crux-pro-2025\/\"]}]},{\"@type\":\"ImageObject\",\"inLanguage\":\"pt-PT\",\"@id\":\"https:\/\/gr-100.com\/producto\/specialized-crux-pro-2025\/#primaryimage\",\"url\":\"https:\/\/gr-100.com\/wp-content\/uploads\/2024\/08\/My-project-2024-08-27T140540.004.jpeg\",\"contentUrl\":\"https:\/\/gr-100.com\/wp-content\/uploads\/2024\/08\/My-project-2024-08-27T140540.004.jpeg\",\"width\":1000,\"height\":1000},{\"@type\":\"BreadcrumbList\",\"@id\":\"https:\/\/gr-100.com\/producto\/specialized-crux-pro-2025\/#breadcrumb\",\"itemListElement\":[{\"@type\":\"ListItem\",\"position\":1,\"name\":\"Portada\",\"item\":\"https:\/\/gr-100.com\/en\/\"},{\"@type\":\"ListItem\",\"position\":2,\"name\":\"Productos\",\"item\":\"https:\/\/gr-100.com\/?post_type=product\"},{\"@type\":\"ListItem\",\"position\":3,\"name\":\"Specialized Crux Pro 2025\"}]},{\"@type\":\"WebSite\",\"@id\":\"https:\/\/gr-100.com\/#website\",\"url\":\"https:\/\/gr-100.com\/\",\"name\":\"Gr-100 Tienda de ciclismo Specialized\",\"description\":\"GR-100 tenemos todas las gamas de bicicletas Specialized al mejor precio.\",\"publisher\":{\"@id\":\"https:\/\/gr-100.com\/#organization\"},\"alternateName\":\"Gr-100 Bikes\",\"potentialAction\":[{\"@type\":\"SearchAction\",\"target\":{\"@type\":\"EntryPoint\",\"urlTemplate\":\"https:\/\/gr-100.com\/?s={search_term_string}\"},\"query-input\":{\"@type\":\"PropertyValueSpecification\",\"valueRequired\":true,\"valueName\":\"search_term_string\"}}],\"inLanguage\":\"pt-PT\"},{\"@type\":\"Organization\",\"@id\":\"https:\/\/gr-100.com\/#organization\",\"name\":\"Gr-100\",\"url\":\"https:\/\/gr-100.com\/\",\"logo\":{\"@type\":\"ImageObject\",\"inLanguage\":\"pt-PT\",\"@id\":\"https:\/\/gr-100.com\/#\/schema\/logo\/image\/\",\"url\":\"https:\/\/gr-100.com\/wp-content\/uploads\/2023\/08\/logo-gr-100-bikes.png\",\"contentUrl\":\"https:\/\/gr-100.com\/wp-content\/uploads\/2023\/08\/logo-gr-100-bikes.png\",\"width\":707,\"height\":284,\"caption\":\"Gr-100\"},\"image\":{\"@id\":\"https:\/\/gr-100.com\/#\/schema\/logo\/image\/\"},\"sameAs\":[\"https:\/\/www.facebook.com\/Gr100Bikes\",\"https:\/\/www.instagram.com\/gr100bikes\/\",\"https:\/\/www.tiktok.com\/@gr100bikes\",\"https:\/\/twitter.com\/gr100mtbteam\",\"https:\/\/www.youtube.com\/c\/GR100Specialized\"]}]}<\/script>\n<!-- \/ Yoast SEO Premium plugin. -->","yoast_head_json":{"title":"Specialized Crux Pro 2025 GR-100 Bikes","description":"La Crux es la bici de gravel m\u00e1s ligera del mundo. Con un gran paso de rueda y una geometr\u00eda perfecta para rendir al m\u00e1ximo fuera del asfalto.","robots":{"index":"index","follow":"follow","max-snippet":"max-snippet:-1","max-image-preview":"max-image-preview:large","max-video-preview":"max-video-preview:-1"},"canonical":"https:\/\/gr-100.com\/producto\/specialized-crux-pro-2025\/","og_locale":"pt_PT","og_type":"article","og_title":"Specialized Crux Pro 2025","og_description":"La Crux es la bici de gravel m\u00e1s ligera del mundo. Con un gran paso de rueda y una geometr\u00eda perfecta para rendir al m\u00e1ximo fuera del asfalto.","og_url":"https:\/\/gr-100.com\/producto\/specialized-crux-pro-2025\/","og_site_name":"Gr-100 Tienda de ciclismo Specialized","article_publisher":"https:\/\/www.facebook.com\/Gr100Bikes","article_modified_time":"2025-12-19T10:08:55+00:00","og_image":[{"width":1000,"height":1000,"url":"https:\/\/gr-100.com\/wp-content\/uploads\/2024\/08\/My-project-2024-08-27T140540.004.jpeg","type":"image\/jpeg"}],"twitter_card":"summary_large_image","twitter_misc":{"Tempo estimado de leitura":"2 minutos"},"schema":{"@context":"https:\/\/schema.org","@graph":[{"@type":"WebPage","@id":"https:\/\/gr-100.com\/producto\/specialized-crux-pro-2025\/","url":"https:\/\/gr-100.com\/producto\/specialized-crux-pro-2025\/","name":"Specialized Crux Pro 2025 GR-100 Bikes","isPartOf":{"@id":"https:\/\/gr-100.com\/#website"},"primaryImageOfPage":{"@id":"https:\/\/gr-100.com\/producto\/specialized-crux-pro-2025\/#primaryimage"},"image":{"@id":"https:\/\/gr-100.com\/producto\/specialized-crux-pro-2025\/#primaryimage"},"thumbnailUrl":"https:\/\/gr-100.com\/wp-content\/uploads\/2024\/08\/My-project-2024-08-27T140540.004.jpeg","datePublished":"2024-08-27T12:28:09+00:00","dateModified":"2025-12-19T10:08:55+00:00","description":"La Crux es la bici de gravel m\u00e1s ligera del mundo. Con un gran paso de rueda y una geometr\u00eda perfecta para rendir al m\u00e1ximo fuera del asfalto.","breadcrumb":{"@id":"https:\/\/gr-100.com\/producto\/specialized-crux-pro-2025\/#breadcrumb"},"inLanguage":"pt-PT","potentialAction":[{"@type":"ReadAction","target":["https:\/\/gr-100.com\/producto\/specialized-crux-pro-2025\/"]}]},{"@type":"ImageObject","inLanguage":"pt-PT","@id":"https:\/\/gr-100.com\/producto\/specialized-crux-pro-2025\/#primaryimage","url":"https:\/\/gr-100.com\/wp-content\/uploads\/2024\/08\/My-project-2024-08-27T140540.004.jpeg","contentUrl":"https:\/\/gr-100.com\/wp-content\/uploads\/2024\/08\/My-project-2024-08-27T140540.004.jpeg","width":1000,"height":1000},{"@type":"BreadcrumbList","@id":"https:\/\/gr-100.com\/producto\/specialized-crux-pro-2025\/#breadcrumb","itemListElement":[{"@type":"ListItem","position":1,"name":"Portada","item":"https:\/\/gr-100.com\/en\/"},{"@type":"ListItem","position":2,"name":"Productos","item":"https:\/\/gr-100.com\/?post_type=product"},{"@type":"ListItem","position":3,"name":"Specialized Crux Pro 2025"}]},{"@type":"WebSite","@id":"https:\/\/gr-100.com\/#website","url":"https:\/\/gr-100.com\/","name":"Gr-100 Tienda de ciclismo Specialized","description":"GR-100 tenemos todas las gamas de bicicletas Specialized al mejor precio.","publisher":{"@id":"https:\/\/gr-100.com\/#organization"},"alternateName":"Gr-100 Bikes","potentialAction":[{"@type":"SearchAction","target":{"@type":"EntryPoint","urlTemplate":"https:\/\/gr-100.com\/?s={search_term_string}"},"query-input":{"@type":"PropertyValueSpecification","valueRequired":true,"valueName":"search_term_string"}}],"inLanguage":"pt-PT"},{"@type":"Organization","@id":"https:\/\/gr-100.com\/#organization","name":"Gr-100","url":"https:\/\/gr-100.com\/","logo":{"@type":"ImageObject","inLanguage":"pt-PT","@id":"https:\/\/gr-100.com\/#\/schema\/logo\/image\/","url":"https:\/\/gr-100.com\/wp-content\/uploads\/2023\/08\/logo-gr-100-bikes.png","contentUrl":"https:\/\/gr-100.com\/wp-content\/uploads\/2023\/08\/logo-gr-100-bikes.png","width":707,"height":284,"caption":"Gr-100"},"image":{"@id":"https:\/\/gr-100.com\/#\/schema\/logo\/image\/"},"sameAs":["https:\/\/www.facebook.com\/Gr100Bikes","https:\/\/www.instagram.com\/gr100bikes\/","https:\/\/www.tiktok.com\/@gr100bikes","https:\/\/twitter.com\/gr100mtbteam","https:\/\/www.youtube.com\/c\/GR100Specialized"]}]}},"_links":{"self":[{"href":"https:\/\/gr-100.com\/pt-pt\/wp-json\/wp\/v2\/product\/387933","targetHints":{"allow":["GET"]}}],"collection":[{"href":"https:\/\/gr-100.com\/pt-pt\/wp-json\/wp\/v2\/product"}],"about":[{"href":"https:\/\/gr-100.com\/pt-pt\/wp-json\/wp\/v2\/types\/product"}],"replies":[{"embeddable":true,"href":"https:\/\/gr-100.com\/pt-pt\/wp-json\/wp\/v2\/comments?post=387933"}],"wp:featuredmedia":[{"embeddable":true,"href":"https:\/\/gr-100.com\/pt-pt\/wp-json\/wp\/v2\/media\/387935"}],"wp:attachment":[{"href":"https:\/\/gr-100.com\/pt-pt\/wp-json\/wp\/v2\/media?parent=387933"}],"wp:term":[{"taxonomy":"product_brand","embeddable":true,"href":"https:\/\/gr-100.com\/pt-pt\/wp-json\/wp\/v2\/product_brand?post=387933"},{"taxonomy":"product_cat","embeddable":true,"href":"https:\/\/gr-100.com\/pt-pt\/wp-json\/wp\/v2\/product_cat?post=387933"},{"taxonomy":"product_tag","embeddable":true,"href":"https:\/\/gr-100.com\/pt-pt\/wp-json\/wp\/v2\/product_tag?post=387933"}],"curies":[{"name":"wp","href":"https:\/\/api.w.org\/{rel}","templated":true}]}}