{"id":388339,"date":"2024-09-02T11:32:19","date_gmt":"2024-09-02T11:32:19","guid":{"rendered":"https:\/\/gr-100.com\/?post_type=product&#038;p=388339"},"modified":"2025-12-19T12:08:53","modified_gmt":"2025-12-19T10:08:53","slug":"specialized-sirrus1-0-2023","status":"publish","type":"product","link":"https:\/\/gr-100.com\/pt-pt\/producto\/specialized-sirrus1-0-2023\/","title":{"rendered":"Specialized Sirrus1.0 2023"},"content":{"rendered":"<p>Tienes lugares a los que ir, gente a la que ver y objetivos que alcanzar. Lo entendemos: la vida se mueve bastante r\u00e1pido, por lo que es bueno que hayamos creado la Sirrus para ayudarte con todo. Vayas donde vayas, Sirrus te llevar\u00e1 all\u00ed. Sirrus presenta una construcci\u00f3n de fibra de carbono y aluminio s\u00faper ligera, as\u00ed como componentes Shimano confiables que est\u00e1n dise\u00f1ados para soportar a\u00f1os de uso diario. Los potentes frenos de disco hidr\u00e1ulicos brindan una potencia de frenado confiable en cualquier condici\u00f3n, y los puntos de contacto de Body Geometry, c\u00f3modos y dise\u00f1ados ergon\u00f3micamente, est\u00e1n ah\u00ed para aliviar las molestias de los viajes m\u00e1s largos. Entonces, a medida que te esfuerce por alcanzar tus objetivos, te sentir\u00e1s m\u00e1s conectado con tu bicicleta y sabr\u00e1s que tienes al socio perfecto, tu Sirrus.<\/p>\n<ul>\n<li>Cuadro ligero de aluminio A1 con guiado de cable interno, hasta 1.7 kg m\u00e1s ligero que otras bicicletas de su clase.<\/li>\n<li>Posici\u00f3n vertical con puntos de contacto Body Geometry para mayor comodidad y control.<\/li>\n<li>Gr\u00e1ficos reflectantes en el cuadro y los neum\u00e1ticos para una m\u00e1xima visibilidad.<\/li>\n<li>Posici\u00f3n vertical con puntos de contacto Body Geometry para mayor comodidad y control.<\/li>\n<\/ul>\n","protected":false},"excerpt":{"rendered":"<p>Tienes lugares a los que ir, gente a la que ver y objetivos que alcanzar. Lo entendemos: la vida se mueve bastante r\u00e1pido, por lo que es bueno que hayamos creado la Sirrus para ayudarte con todo. Vayas donde vayas, Sirrus te llevar\u00e1 all\u00ed<\/p>\n","protected":false},"featured_media":388388,"comment_status":"open","ping_status":"closed","template":"","meta":{"_acf_changed":false,"_et_pb_use_builder":"","_et_pb_old_content":"","_et_gb_content_width":"","inline_featured_image":false},"product_brand":[],"product_cat":[420,20],"product_tag":[],"class_list":{"0":"post-388339","1":"product","2":"type-product","3":"status-publish","4":"has-post-thumbnail","6":"product_cat-bicicletas","7":"product_cat-bicicletas-de-carretera","8":"product_shipping_class-bicicletas","10":"first","11":"outofstock","12":"taxable","13":"shipping-taxable","14":"product-type-variable","15":"wvs-archive-product-wrapper"},"acf":[],"yoast_head":"<!-- This site is optimized with the Yoast SEO Premium plugin v26.7 (Yoast SEO v26.7) - https:\/\/yoast.com\/wordpress\/plugins\/seo\/ -->\n<title>Specialized Sirrus1.0 2023 GR-100 Specialized Sirrus1.0 2023<\/title>\n<meta name=\"description\" content=\"Tienes lugares a los que ir, gente a la que ver y objetivos que alcanzar. Lo entendemos: la vida se mueve bastante r\u00e1pido, por lo que es bueno que hayamos creado la Sirrus para ayudarte con todo.\" \/>\n<meta name=\"robots\" content=\"index, follow, max-snippet:-1, max-image-preview:large, max-video-preview:-1\" \/>\n<link rel=\"canonical\" href=\"https:\/\/gr-100.com\/producto\/specialized-sirrus1-0-2023\/\" \/>\n<meta property=\"og:locale\" content=\"pt_PT\" \/>\n<meta property=\"og:type\" content=\"article\" \/>\n<meta property=\"og:title\" content=\"Specialized Sirrus1.0 2023\" \/>\n<meta property=\"og:description\" content=\"Tienes lugares a los que ir, gente a la que ver y objetivos que alcanzar. Lo entendemos: la vida se mueve bastante r\u00e1pido, por lo que es bueno que hayamos creado la Sirrus para ayudarte con todo.\" \/>\n<meta property=\"og:url\" content=\"https:\/\/gr-100.com\/producto\/specialized-sirrus1-0-2023\/\" \/>\n<meta property=\"og:site_name\" content=\"Gr-100 Tienda de ciclismo Specialized\" \/>\n<meta property=\"article:publisher\" content=\"https:\/\/www.facebook.com\/Gr100Bikes\" \/>\n<meta property=\"article:modified_time\" content=\"2025-12-19T10:08:53+00:00\" \/>\n<meta property=\"og:image\" content=\"https:\/\/gr-100.com\/wp-content\/uploads\/2024\/09\/Screenshot-of-Sirrus-1.0-1.jpg\" \/>\n\t<meta property=\"og:image:width\" content=\"1000\" \/>\n\t<meta property=\"og:image:height\" content=\"1000\" \/>\n\t<meta property=\"og:image:type\" content=\"image\/jpeg\" \/>\n<meta name=\"twitter:card\" content=\"summary_large_image\" \/>\n<meta name=\"twitter:label1\" content=\"Tempo estimado de leitura\" \/>\n\t<meta name=\"twitter:data1\" content=\"2 minutos\" \/>\n<script type=\"application\/ld+json\" class=\"yoast-schema-graph\">{\"@context\":\"https:\/\/schema.org\",\"@graph\":[{\"@type\":\"WebPage\",\"@id\":\"https:\/\/gr-100.com\/producto\/specialized-sirrus1-0-2023\/\",\"url\":\"https:\/\/gr-100.com\/producto\/specialized-sirrus1-0-2023\/\",\"name\":\"Specialized Sirrus1.0 2023 GR-100 Specialized Sirrus1.0 2023\",\"isPartOf\":{\"@id\":\"https:\/\/gr-100.com\/#website\"},\"primaryImageOfPage\":{\"@id\":\"https:\/\/gr-100.com\/producto\/specialized-sirrus1-0-2023\/#primaryimage\"},\"image\":{\"@id\":\"https:\/\/gr-100.com\/producto\/specialized-sirrus1-0-2023\/#primaryimage\"},\"thumbnailUrl\":\"https:\/\/gr-100.com\/wp-content\/uploads\/2024\/09\/Screenshot-of-Sirrus-1.0-1.jpg\",\"datePublished\":\"2024-09-02T11:32:19+00:00\",\"dateModified\":\"2025-12-19T10:08:53+00:00\",\"description\":\"Tienes lugares a los que ir, gente a la que ver y objetivos que alcanzar. Lo entendemos: la vida se mueve bastante r\u00e1pido, por lo que es bueno que hayamos creado la Sirrus para ayudarte con todo.\",\"breadcrumb\":{\"@id\":\"https:\/\/gr-100.com\/producto\/specialized-sirrus1-0-2023\/#breadcrumb\"},\"inLanguage\":\"pt-PT\",\"potentialAction\":[{\"@type\":\"ReadAction\",\"target\":[\"https:\/\/gr-100.com\/producto\/specialized-sirrus1-0-2023\/\"]}]},{\"@type\":\"ImageObject\",\"inLanguage\":\"pt-PT\",\"@id\":\"https:\/\/gr-100.com\/producto\/specialized-sirrus1-0-2023\/#primaryimage\",\"url\":\"https:\/\/gr-100.com\/wp-content\/uploads\/2024\/09\/Screenshot-of-Sirrus-1.0-1.jpg\",\"contentUrl\":\"https:\/\/gr-100.com\/wp-content\/uploads\/2024\/09\/Screenshot-of-Sirrus-1.0-1.jpg\",\"width\":1000,\"height\":1000},{\"@type\":\"BreadcrumbList\",\"@id\":\"https:\/\/gr-100.com\/producto\/specialized-sirrus1-0-2023\/#breadcrumb\",\"itemListElement\":[{\"@type\":\"ListItem\",\"position\":1,\"name\":\"Portada\",\"item\":\"https:\/\/gr-100.com\/en\/\"},{\"@type\":\"ListItem\",\"position\":2,\"name\":\"Productos\",\"item\":\"https:\/\/gr-100.com\/?post_type=product\"},{\"@type\":\"ListItem\",\"position\":3,\"name\":\"Specialized Sirrus1.0 2023\"}]},{\"@type\":\"WebSite\",\"@id\":\"https:\/\/gr-100.com\/#website\",\"url\":\"https:\/\/gr-100.com\/\",\"name\":\"Gr-100 Tienda de ciclismo Specialized\",\"description\":\"GR-100 tenemos todas las gamas de bicicletas Specialized al mejor precio.\",\"publisher\":{\"@id\":\"https:\/\/gr-100.com\/#organization\"},\"alternateName\":\"Gr-100 Bikes\",\"potentialAction\":[{\"@type\":\"SearchAction\",\"target\":{\"@type\":\"EntryPoint\",\"urlTemplate\":\"https:\/\/gr-100.com\/?s={search_term_string}\"},\"query-input\":{\"@type\":\"PropertyValueSpecification\",\"valueRequired\":true,\"valueName\":\"search_term_string\"}}],\"inLanguage\":\"pt-PT\"},{\"@type\":\"Organization\",\"@id\":\"https:\/\/gr-100.com\/#organization\",\"name\":\"Gr-100\",\"url\":\"https:\/\/gr-100.com\/\",\"logo\":{\"@type\":\"ImageObject\",\"inLanguage\":\"pt-PT\",\"@id\":\"https:\/\/gr-100.com\/#\/schema\/logo\/image\/\",\"url\":\"https:\/\/gr-100.com\/wp-content\/uploads\/2023\/08\/logo-gr-100-bikes.png\",\"contentUrl\":\"https:\/\/gr-100.com\/wp-content\/uploads\/2023\/08\/logo-gr-100-bikes.png\",\"width\":707,\"height\":284,\"caption\":\"Gr-100\"},\"image\":{\"@id\":\"https:\/\/gr-100.com\/#\/schema\/logo\/image\/\"},\"sameAs\":[\"https:\/\/www.facebook.com\/Gr100Bikes\",\"https:\/\/www.instagram.com\/gr100bikes\/\",\"https:\/\/www.tiktok.com\/@gr100bikes\",\"https:\/\/twitter.com\/gr100mtbteam\",\"https:\/\/www.youtube.com\/c\/GR100Specialized\"]}]}<\/script>\n<!-- \/ Yoast SEO Premium plugin. -->","yoast_head_json":{"title":"Specialized Sirrus1.0 2023 GR-100 Specialized Sirrus1.0 2023","description":"Tienes lugares a los que ir, gente a la que ver y objetivos que alcanzar. Lo entendemos: la vida se mueve bastante r\u00e1pido, por lo que es bueno que hayamos creado la Sirrus para ayudarte con todo.","robots":{"index":"index","follow":"follow","max-snippet":"max-snippet:-1","max-image-preview":"max-image-preview:large","max-video-preview":"max-video-preview:-1"},"canonical":"https:\/\/gr-100.com\/producto\/specialized-sirrus1-0-2023\/","og_locale":"pt_PT","og_type":"article","og_title":"Specialized Sirrus1.0 2023","og_description":"Tienes lugares a los que ir, gente a la que ver y objetivos que alcanzar. Lo entendemos: la vida se mueve bastante r\u00e1pido, por lo que es bueno que hayamos creado la Sirrus para ayudarte con todo.","og_url":"https:\/\/gr-100.com\/producto\/specialized-sirrus1-0-2023\/","og_site_name":"Gr-100 Tienda de ciclismo Specialized","article_publisher":"https:\/\/www.facebook.com\/Gr100Bikes","article_modified_time":"2025-12-19T10:08:53+00:00","og_image":[{"width":1000,"height":1000,"url":"https:\/\/gr-100.com\/wp-content\/uploads\/2024\/09\/Screenshot-of-Sirrus-1.0-1.jpg","type":"image\/jpeg"}],"twitter_card":"summary_large_image","twitter_misc":{"Tempo estimado de leitura":"2 minutos"},"schema":{"@context":"https:\/\/schema.org","@graph":[{"@type":"WebPage","@id":"https:\/\/gr-100.com\/producto\/specialized-sirrus1-0-2023\/","url":"https:\/\/gr-100.com\/producto\/specialized-sirrus1-0-2023\/","name":"Specialized Sirrus1.0 2023 GR-100 Specialized Sirrus1.0 2023","isPartOf":{"@id":"https:\/\/gr-100.com\/#website"},"primaryImageOfPage":{"@id":"https:\/\/gr-100.com\/producto\/specialized-sirrus1-0-2023\/#primaryimage"},"image":{"@id":"https:\/\/gr-100.com\/producto\/specialized-sirrus1-0-2023\/#primaryimage"},"thumbnailUrl":"https:\/\/gr-100.com\/wp-content\/uploads\/2024\/09\/Screenshot-of-Sirrus-1.0-1.jpg","datePublished":"2024-09-02T11:32:19+00:00","dateModified":"2025-12-19T10:08:53+00:00","description":"Tienes lugares a los que ir, gente a la que ver y objetivos que alcanzar. Lo entendemos: la vida se mueve bastante r\u00e1pido, por lo que es bueno que hayamos creado la Sirrus para ayudarte con todo.","breadcrumb":{"@id":"https:\/\/gr-100.com\/producto\/specialized-sirrus1-0-2023\/#breadcrumb"},"inLanguage":"pt-PT","potentialAction":[{"@type":"ReadAction","target":["https:\/\/gr-100.com\/producto\/specialized-sirrus1-0-2023\/"]}]},{"@type":"ImageObject","inLanguage":"pt-PT","@id":"https:\/\/gr-100.com\/producto\/specialized-sirrus1-0-2023\/#primaryimage","url":"https:\/\/gr-100.com\/wp-content\/uploads\/2024\/09\/Screenshot-of-Sirrus-1.0-1.jpg","contentUrl":"https:\/\/gr-100.com\/wp-content\/uploads\/2024\/09\/Screenshot-of-Sirrus-1.0-1.jpg","width":1000,"height":1000},{"@type":"BreadcrumbList","@id":"https:\/\/gr-100.com\/producto\/specialized-sirrus1-0-2023\/#breadcrumb","itemListElement":[{"@type":"ListItem","position":1,"name":"Portada","item":"https:\/\/gr-100.com\/en\/"},{"@type":"ListItem","position":2,"name":"Productos","item":"https:\/\/gr-100.com\/?post_type=product"},{"@type":"ListItem","position":3,"name":"Specialized Sirrus1.0 2023"}]},{"@type":"WebSite","@id":"https:\/\/gr-100.com\/#website","url":"https:\/\/gr-100.com\/","name":"Gr-100 Tienda de ciclismo Specialized","description":"GR-100 tenemos todas las gamas de bicicletas Specialized al mejor precio.","publisher":{"@id":"https:\/\/gr-100.com\/#organization"},"alternateName":"Gr-100 Bikes","potentialAction":[{"@type":"SearchAction","target":{"@type":"EntryPoint","urlTemplate":"https:\/\/gr-100.com\/?s={search_term_string}"},"query-input":{"@type":"PropertyValueSpecification","valueRequired":true,"valueName":"search_term_string"}}],"inLanguage":"pt-PT"},{"@type":"Organization","@id":"https:\/\/gr-100.com\/#organization","name":"Gr-100","url":"https:\/\/gr-100.com\/","logo":{"@type":"ImageObject","inLanguage":"pt-PT","@id":"https:\/\/gr-100.com\/#\/schema\/logo\/image\/","url":"https:\/\/gr-100.com\/wp-content\/uploads\/2023\/08\/logo-gr-100-bikes.png","contentUrl":"https:\/\/gr-100.com\/wp-content\/uploads\/2023\/08\/logo-gr-100-bikes.png","width":707,"height":284,"caption":"Gr-100"},"image":{"@id":"https:\/\/gr-100.com\/#\/schema\/logo\/image\/"},"sameAs":["https:\/\/www.facebook.com\/Gr100Bikes","https:\/\/www.instagram.com\/gr100bikes\/","https:\/\/www.tiktok.com\/@gr100bikes","https:\/\/twitter.com\/gr100mtbteam","https:\/\/www.youtube.com\/c\/GR100Specialized"]}]}},"_links":{"self":[{"href":"https:\/\/gr-100.com\/pt-pt\/wp-json\/wp\/v2\/product\/388339","targetHints":{"allow":["GET"]}}],"collection":[{"href":"https:\/\/gr-100.com\/pt-pt\/wp-json\/wp\/v2\/product"}],"about":[{"href":"https:\/\/gr-100.com\/pt-pt\/wp-json\/wp\/v2\/types\/product"}],"replies":[{"embeddable":true,"href":"https:\/\/gr-100.com\/pt-pt\/wp-json\/wp\/v2\/comments?post=388339"}],"wp:featuredmedia":[{"embeddable":true,"href":"https:\/\/gr-100.com\/pt-pt\/wp-json\/wp\/v2\/media\/388388"}],"wp:attachment":[{"href":"https:\/\/gr-100.com\/pt-pt\/wp-json\/wp\/v2\/media?parent=388339"}],"wp:term":[{"taxonomy":"product_brand","embeddable":true,"href":"https:\/\/gr-100.com\/pt-pt\/wp-json\/wp\/v2\/product_brand?post=388339"},{"taxonomy":"product_cat","embeddable":true,"href":"https:\/\/gr-100.com\/pt-pt\/wp-json\/wp\/v2\/product_cat?post=388339"},{"taxonomy":"product_tag","embeddable":true,"href":"https:\/\/gr-100.com\/pt-pt\/wp-json\/wp\/v2\/product_tag?post=388339"}],"curies":[{"name":"wp","href":"https:\/\/api.w.org\/{rel}","templated":true}]}}