{"id":388930,"date":"2024-09-03T15:30:12","date_gmt":"2024-09-03T13:30:12","guid":{"rendered":"https:\/\/gr-100.com\/?post_type=product&#038;p=388930"},"modified":"2026-05-05T07:38:31","modified_gmt":"2026-05-05T05:38:31","slug":"specialized-tarmac-sl8-frameset-2025","status":"publish","type":"product","link":"https:\/\/gr-100.com\/pt-pt\/producto\/specialized-tarmac-sl8-frameset-2025\/","title":{"rendered":"Specialized Tarmac SL8 Conjunto de quadros 2025"},"content":{"rendered":"<p>Especifica\u00e7\u00f5es principais<\/p>\n<ul>\n<li>Quadro:<br \/>\n Tarmac Sl8 Fact 10R Carbon, Rider First Engineered\u2122, Win Tunnel Engineered, Roteamento Limpo, Bb Roscado, 12X142Mm Thru-Axle, Flat-Mount. Disco 780G Frame.  <\/li>\n<li>Forquilha:<br \/>\n Fato 10R Carbon, 12X100Mm Thru-Axle, Flat-Mount Disc<br \/>\nComponents<\/li>\n<li>Haste:<br \/>\n Haste integrada da pista, 6 graus<\/li>\n<li>Poste de assento:<br \/>\n S-Works Tarmac Sl8 Carbon Seat Post, Fact Carbon, 15Mm Offset<\/li>\n<li>ABRA\u00c7O. Cunha integrada na pista SADDLE\n <\/li>\n<li>SWAT<br \/>\nCVR,DS,HDLBR,AERO,0RISE,125D,75R,CMPD RAD,DI2,CRBN<\/li>\n<\/ul>\n","protected":false},"excerpt":{"rendered":"<p>Nada \u00e9 mais r\u00e1pido do que o Tarmac SL8 gra\u00e7as a uma combina\u00e7\u00e3o de aerodin\u00e2mica, leveza e qualidade de condu\u00e7\u00e3o que anteriormente se pensava ser imposs\u00edvel. Ap\u00f3s oito gera\u00e7\u00f5es e mais de duas d\u00e9cadas de desenvolvimento, \u00e9 mais do que apenas a Tarmac mais r\u00e1pida de sempre: \u00e9 a moto de corrida mais r\u00e1pida do mundo.<\/p>\n","protected":false},"featured_media":388960,"comment_status":"closed","ping_status":"closed","template":"","meta":{"_acf_changed":false,"_et_pb_use_builder":"","_et_pb_old_content":"","_et_gb_content_width":"","inline_featured_image":false},"product_brand":[],"product_cat":[4353,2459,378,5315,5314,5316,5313,2483],"product_tag":[],"class_list":{"0":"post-388930","1":"product","2":"type-product","3":"status-publish","4":"has-post-thumbnail","6":"product_cat-liquidacion-specialized","7":"product_cat-bicicletas-pt-pt-2","8":"product_cat-estrada","9":"product_cat-bicicletas-carretera-aero-pt-pt","10":"product_cat-bicicletas-carretera-carbono-pt-pt","11":"product_cat-bicicletas-carretera-cuadros-pt-pt","12":"product_cat-bicicletas-carretera-specialized-pt-pt","13":"product_cat-bicicletas-especializadas","14":"product_shipping_class-bicicletas-pt-pt","16":"first","17":"instock","18":"sale","19":"taxable","20":"shipping-taxable","21":"purchasable","22":"product-type-variable","23":"wvs-archive-product-wrapper"},"acf":[],"yoast_head":"<!-- This site is optimized with the Yoast SEO Premium plugin v26.7 (Yoast SEO v26.7) - https:\/\/yoast.com\/wordpress\/plugins\/seo\/ -->\n<title>Specialized Tarmac SL8 Conjunto de quadros 2025 GR-100 Bicicletas<\/title>\n<meta name=\"description\" content=\"A Tarmac SL8 2025 gra\u00e7as \u00e0 aerodin\u00e2mica, leveza e qualidade \u00e9 a Tarmac mais r\u00e1pida do mundo. 780grs de peso do quadro.\" \/>\n<meta name=\"robots\" content=\"index, follow, max-snippet:-1, max-image-preview:large, max-video-preview:-1\" \/>\n<link rel=\"canonical\" href=\"https:\/\/gr-100.com\/pt-pt\/producto\/specialized-tarmac-sl8-frameset-2025\/\" \/>\n<meta property=\"og:locale\" content=\"pt_PT\" \/>\n<meta property=\"og:type\" content=\"article\" \/>\n<meta property=\"og:title\" content=\"Specialized Tarmac SL8 Conjunto de quadros 2025\" \/>\n<meta property=\"og:description\" content=\"A Tarmac SL8 2025 gra\u00e7as \u00e0 aerodin\u00e2mica, leveza e qualidade \u00e9 a Tarmac mais r\u00e1pida do mundo. 780grs de peso do quadro.\" \/>\n<meta property=\"og:url\" content=\"https:\/\/gr-100.com\/pt-pt\/producto\/specialized-tarmac-sl8-frameset-2025\/\" \/>\n<meta property=\"og:site_name\" content=\"Gr-100 Tienda de ciclismo Specialized\" \/>\n<meta property=\"article:publisher\" content=\"https:\/\/www.facebook.com\/Gr100Bikes\" \/>\n<meta property=\"article:modified_time\" content=\"2026-05-05T05:38:31+00:00\" \/>\n<meta property=\"og:image\" content=\"https:\/\/gr-100.com\/wp-content\/uploads\/2024\/09\/Frameset-Tarmac-SL8-25-1-74925-7044.jpg\" \/>\n\t<meta property=\"og:image:width\" content=\"1000\" \/>\n\t<meta property=\"og:image:height\" content=\"1000\" \/>\n\t<meta property=\"og:image:type\" content=\"image\/jpeg\" \/>\n<meta name=\"twitter:card\" content=\"summary_large_image\" \/>\n<meta name=\"twitter:label1\" content=\"Tempo estimado de leitura\" \/>\n\t<meta name=\"twitter:data1\" content=\"1 minuto\" \/>\n<script type=\"application\/ld+json\" class=\"yoast-schema-graph\">{\"@context\":\"https:\/\/schema.org\",\"@graph\":[{\"@type\":\"WebPage\",\"@id\":\"https:\/\/gr-100.com\/pt-pt\/producto\/specialized-tarmac-sl8-frameset-2025\/\",\"url\":\"https:\/\/gr-100.com\/pt-pt\/producto\/specialized-tarmac-sl8-frameset-2025\/\",\"name\":\"Specialized Tarmac SL8 Conjunto de quadros 2025 GR-100 Bicicletas\",\"isPartOf\":{\"@id\":\"https:\/\/gr-100.com\/#website\"},\"primaryImageOfPage\":{\"@id\":\"https:\/\/gr-100.com\/pt-pt\/producto\/specialized-tarmac-sl8-frameset-2025\/#primaryimage\"},\"image\":{\"@id\":\"https:\/\/gr-100.com\/pt-pt\/producto\/specialized-tarmac-sl8-frameset-2025\/#primaryimage\"},\"thumbnailUrl\":\"https:\/\/gr-100.com\/wp-content\/uploads\/2024\/09\/Frameset-Tarmac-SL8-25-1-74925-7044.jpg\",\"datePublished\":\"2024-09-03T13:30:12+00:00\",\"dateModified\":\"2026-05-05T05:38:31+00:00\",\"description\":\"A Tarmac SL8 2025 gra\u00e7as \u00e0 aerodin\u00e2mica, leveza e qualidade \u00e9 a Tarmac mais r\u00e1pida do mundo. 780grs de peso do quadro.\",\"breadcrumb\":{\"@id\":\"https:\/\/gr-100.com\/pt-pt\/producto\/specialized-tarmac-sl8-frameset-2025\/#breadcrumb\"},\"inLanguage\":\"pt-PT\",\"potentialAction\":[{\"@type\":\"ReadAction\",\"target\":[\"https:\/\/gr-100.com\/pt-pt\/producto\/specialized-tarmac-sl8-frameset-2025\/\"]}]},{\"@type\":\"ImageObject\",\"inLanguage\":\"pt-PT\",\"@id\":\"https:\/\/gr-100.com\/pt-pt\/producto\/specialized-tarmac-sl8-frameset-2025\/#primaryimage\",\"url\":\"https:\/\/gr-100.com\/wp-content\/uploads\/2024\/09\/Frameset-Tarmac-SL8-25-1-74925-7044.jpg\",\"contentUrl\":\"https:\/\/gr-100.com\/wp-content\/uploads\/2024\/09\/Frameset-Tarmac-SL8-25-1-74925-7044.jpg\",\"width\":1000,\"height\":1000},{\"@type\":\"BreadcrumbList\",\"@id\":\"https:\/\/gr-100.com\/pt-pt\/producto\/specialized-tarmac-sl8-frameset-2025\/#breadcrumb\",\"itemListElement\":[{\"@type\":\"ListItem\",\"position\":1,\"name\":\"Portada\",\"item\":\"https:\/\/gr-100.com\/en\/\"},{\"@type\":\"ListItem\",\"position\":2,\"name\":\"Productos\",\"item\":\"https:\/\/gr-100.com\/?post_type=product\"},{\"@type\":\"ListItem\",\"position\":3,\"name\":\"Specialized Tarmac SL8 Conjunto de quadros 2025\"}]},{\"@type\":\"WebSite\",\"@id\":\"https:\/\/gr-100.com\/#website\",\"url\":\"https:\/\/gr-100.com\/\",\"name\":\"Gr-100 Tienda de ciclismo Specialized\",\"description\":\"GR-100 tenemos todas las gamas de bicicletas Specialized al mejor precio.\",\"publisher\":{\"@id\":\"https:\/\/gr-100.com\/#organization\"},\"alternateName\":\"Gr-100 Bikes\",\"potentialAction\":[{\"@type\":\"SearchAction\",\"target\":{\"@type\":\"EntryPoint\",\"urlTemplate\":\"https:\/\/gr-100.com\/?s={search_term_string}\"},\"query-input\":{\"@type\":\"PropertyValueSpecification\",\"valueRequired\":true,\"valueName\":\"search_term_string\"}}],\"inLanguage\":\"pt-PT\"},{\"@type\":\"Organization\",\"@id\":\"https:\/\/gr-100.com\/#organization\",\"name\":\"Gr-100\",\"url\":\"https:\/\/gr-100.com\/\",\"logo\":{\"@type\":\"ImageObject\",\"inLanguage\":\"pt-PT\",\"@id\":\"https:\/\/gr-100.com\/#\/schema\/logo\/image\/\",\"url\":\"https:\/\/gr-100.com\/wp-content\/uploads\/2023\/08\/logo-gr-100-bikes.png\",\"contentUrl\":\"https:\/\/gr-100.com\/wp-content\/uploads\/2023\/08\/logo-gr-100-bikes.png\",\"width\":707,\"height\":284,\"caption\":\"Gr-100\"},\"image\":{\"@id\":\"https:\/\/gr-100.com\/#\/schema\/logo\/image\/\"},\"sameAs\":[\"https:\/\/www.facebook.com\/Gr100Bikes\",\"https:\/\/www.instagram.com\/gr100bikes\/\",\"https:\/\/www.tiktok.com\/@gr100bikes\",\"https:\/\/twitter.com\/gr100mtbteam\",\"https:\/\/www.youtube.com\/c\/GR100Specialized\"]}]}<\/script>\n<!-- \/ Yoast SEO Premium plugin. -->","yoast_head_json":{"title":"Specialized Tarmac SL8 Conjunto de quadros 2025 GR-100 Bicicletas","description":"A Tarmac SL8 2025 gra\u00e7as \u00e0 aerodin\u00e2mica, leveza e qualidade \u00e9 a Tarmac mais r\u00e1pida do mundo. 780grs de peso do quadro.","robots":{"index":"index","follow":"follow","max-snippet":"max-snippet:-1","max-image-preview":"max-image-preview:large","max-video-preview":"max-video-preview:-1"},"canonical":"https:\/\/gr-100.com\/pt-pt\/producto\/specialized-tarmac-sl8-frameset-2025\/","og_locale":"pt_PT","og_type":"article","og_title":"Specialized Tarmac SL8 Conjunto de quadros 2025","og_description":"A Tarmac SL8 2025 gra\u00e7as \u00e0 aerodin\u00e2mica, leveza e qualidade \u00e9 a Tarmac mais r\u00e1pida do mundo. 780grs de peso do quadro.","og_url":"https:\/\/gr-100.com\/pt-pt\/producto\/specialized-tarmac-sl8-frameset-2025\/","og_site_name":"Gr-100 Tienda de ciclismo Specialized","article_publisher":"https:\/\/www.facebook.com\/Gr100Bikes","article_modified_time":"2026-05-05T05:38:31+00:00","og_image":[{"width":1000,"height":1000,"url":"https:\/\/gr-100.com\/wp-content\/uploads\/2024\/09\/Frameset-Tarmac-SL8-25-1-74925-7044.jpg","type":"image\/jpeg"}],"twitter_card":"summary_large_image","twitter_misc":{"Tempo estimado de leitura":"1 minuto"},"schema":{"@context":"https:\/\/schema.org","@graph":[{"@type":"WebPage","@id":"https:\/\/gr-100.com\/pt-pt\/producto\/specialized-tarmac-sl8-frameset-2025\/","url":"https:\/\/gr-100.com\/pt-pt\/producto\/specialized-tarmac-sl8-frameset-2025\/","name":"Specialized Tarmac SL8 Conjunto de quadros 2025 GR-100 Bicicletas","isPartOf":{"@id":"https:\/\/gr-100.com\/#website"},"primaryImageOfPage":{"@id":"https:\/\/gr-100.com\/pt-pt\/producto\/specialized-tarmac-sl8-frameset-2025\/#primaryimage"},"image":{"@id":"https:\/\/gr-100.com\/pt-pt\/producto\/specialized-tarmac-sl8-frameset-2025\/#primaryimage"},"thumbnailUrl":"https:\/\/gr-100.com\/wp-content\/uploads\/2024\/09\/Frameset-Tarmac-SL8-25-1-74925-7044.jpg","datePublished":"2024-09-03T13:30:12+00:00","dateModified":"2026-05-05T05:38:31+00:00","description":"A Tarmac SL8 2025 gra\u00e7as \u00e0 aerodin\u00e2mica, leveza e qualidade \u00e9 a Tarmac mais r\u00e1pida do mundo. 780grs de peso do quadro.","breadcrumb":{"@id":"https:\/\/gr-100.com\/pt-pt\/producto\/specialized-tarmac-sl8-frameset-2025\/#breadcrumb"},"inLanguage":"pt-PT","potentialAction":[{"@type":"ReadAction","target":["https:\/\/gr-100.com\/pt-pt\/producto\/specialized-tarmac-sl8-frameset-2025\/"]}]},{"@type":"ImageObject","inLanguage":"pt-PT","@id":"https:\/\/gr-100.com\/pt-pt\/producto\/specialized-tarmac-sl8-frameset-2025\/#primaryimage","url":"https:\/\/gr-100.com\/wp-content\/uploads\/2024\/09\/Frameset-Tarmac-SL8-25-1-74925-7044.jpg","contentUrl":"https:\/\/gr-100.com\/wp-content\/uploads\/2024\/09\/Frameset-Tarmac-SL8-25-1-74925-7044.jpg","width":1000,"height":1000},{"@type":"BreadcrumbList","@id":"https:\/\/gr-100.com\/pt-pt\/producto\/specialized-tarmac-sl8-frameset-2025\/#breadcrumb","itemListElement":[{"@type":"ListItem","position":1,"name":"Portada","item":"https:\/\/gr-100.com\/en\/"},{"@type":"ListItem","position":2,"name":"Productos","item":"https:\/\/gr-100.com\/?post_type=product"},{"@type":"ListItem","position":3,"name":"Specialized Tarmac SL8 Conjunto de quadros 2025"}]},{"@type":"WebSite","@id":"https:\/\/gr-100.com\/#website","url":"https:\/\/gr-100.com\/","name":"Gr-100 Tienda de ciclismo Specialized","description":"GR-100 tenemos todas las gamas de bicicletas Specialized al mejor precio.","publisher":{"@id":"https:\/\/gr-100.com\/#organization"},"alternateName":"Gr-100 Bikes","potentialAction":[{"@type":"SearchAction","target":{"@type":"EntryPoint","urlTemplate":"https:\/\/gr-100.com\/?s={search_term_string}"},"query-input":{"@type":"PropertyValueSpecification","valueRequired":true,"valueName":"search_term_string"}}],"inLanguage":"pt-PT"},{"@type":"Organization","@id":"https:\/\/gr-100.com\/#organization","name":"Gr-100","url":"https:\/\/gr-100.com\/","logo":{"@type":"ImageObject","inLanguage":"pt-PT","@id":"https:\/\/gr-100.com\/#\/schema\/logo\/image\/","url":"https:\/\/gr-100.com\/wp-content\/uploads\/2023\/08\/logo-gr-100-bikes.png","contentUrl":"https:\/\/gr-100.com\/wp-content\/uploads\/2023\/08\/logo-gr-100-bikes.png","width":707,"height":284,"caption":"Gr-100"},"image":{"@id":"https:\/\/gr-100.com\/#\/schema\/logo\/image\/"},"sameAs":["https:\/\/www.facebook.com\/Gr100Bikes","https:\/\/www.instagram.com\/gr100bikes\/","https:\/\/www.tiktok.com\/@gr100bikes","https:\/\/twitter.com\/gr100mtbteam","https:\/\/www.youtube.com\/c\/GR100Specialized"]}]}},"_links":{"self":[{"href":"https:\/\/gr-100.com\/pt-pt\/wp-json\/wp\/v2\/product\/388930","targetHints":{"allow":["GET"]}}],"collection":[{"href":"https:\/\/gr-100.com\/pt-pt\/wp-json\/wp\/v2\/product"}],"about":[{"href":"https:\/\/gr-100.com\/pt-pt\/wp-json\/wp\/v2\/types\/product"}],"replies":[{"embeddable":true,"href":"https:\/\/gr-100.com\/pt-pt\/wp-json\/wp\/v2\/comments?post=388930"}],"wp:featuredmedia":[{"embeddable":true,"href":"https:\/\/gr-100.com\/pt-pt\/wp-json\/wp\/v2\/media\/388960"}],"wp:attachment":[{"href":"https:\/\/gr-100.com\/pt-pt\/wp-json\/wp\/v2\/media?parent=388930"}],"wp:term":[{"taxonomy":"product_brand","embeddable":true,"href":"https:\/\/gr-100.com\/pt-pt\/wp-json\/wp\/v2\/product_brand?post=388930"},{"taxonomy":"product_cat","embeddable":true,"href":"https:\/\/gr-100.com\/pt-pt\/wp-json\/wp\/v2\/product_cat?post=388930"},{"taxonomy":"product_tag","embeddable":true,"href":"https:\/\/gr-100.com\/pt-pt\/wp-json\/wp\/v2\/product_tag?post=388930"}],"curies":[{"name":"wp","href":"https:\/\/api.w.org\/{rel}","templated":true}]}}