{"id":389512,"date":"2024-09-06T10:56:09","date_gmt":"2024-09-06T10:56:09","guid":{"rendered":"https:\/\/gr-100.com\/?post_type=product&#038;p=389512"},"modified":"2025-12-19T12:00:44","modified_gmt":"2025-12-19T10:00:44","slug":"specialized-aethos-sport-2025","status":"publish","type":"product","link":"https:\/\/gr-100.com\/pt-pt\/producto\/specialized-aethos-sport-2025\/","title":{"rendered":"Specialized Aethos Sport 2025"},"content":{"rendered":"<ul>\n<li>El cuadro Aethos ha sido dise\u00f1ado con la combinaci\u00f3n perfecta de m\u00e1xima sensaci\u00f3n de conducci\u00f3n, peso ligero y estilo: desde acelerar en pendientes pronunciadas y descender descensos t\u00e9cnicos, hasta comodidad durante todo el d\u00eda, incluso en los recorridos cafeteros m\u00e1s largos, el Aethos da en el blanco. \u00bfPero c\u00f3mo, preguntas? Al reinventar la forma tradicional de la carretera que se encontraba en las bicicletas del pasado, hemos alterado sutilmente estas formas para ofrecer enormes ganancias en rigidez y equilibrio, todo sin afectar el peso o la durabilidad. Si a eso le sumamos una disposici\u00f3n y un proceso completamente nuevos que hemos perfeccionado a lo largo de varias d\u00e9cadas, obtendr\u00e1 el cuadro m\u00e1s liviano que existe (585 gramos, S-Works, tama\u00f1o 56 cm). La Aethos es m\u00e1s que una simple bicicleta nueva: es la primera de una nueva generaci\u00f3n.<\/li>\n<li>Un cuadro de peso pluma es in\u00fatil sin caracter\u00edsticas de marcha que inspiren confianza, por eso hemos desarrollado el Aethos para tener el equilibrio perfecto entre rigidez delantera y trasera combinado con una calidad de marcha excepcional. Al estudiar la flexi\u00f3n y la respiraci\u00f3n de la fibra de carbono, pudimos descubrir hallazgos innovadores sobre c\u00f3mo fluyen las fuerzas a trav\u00e9s de los marcos. Con solo unas cuantas pedaladas te dar\u00e1s cuenta de que este viaje sublime establece un nuevo est\u00e1ndar.<\/li>\n<li>Cada detalle, desde las patillas de cambio hasta el tap\u00f3n expansor de la horquilla, se ha dise\u00f1ado teniendo en cuenta el estilo, el peso y la durabilidad. Tambi\u00e9n lo hemos equipado con la nueva tija de sill\u00edn de carbono Alpinist de Roval, lo que ahorra a\u00fan m\u00e1s peso y mejora las caracter\u00edsticas de marcha. Todo en pos del viaje perfecto.<\/li>\n<li>ESPECIFICACIONES<br \/>\nCockpit<br \/>\nSILL\u00cdN<br \/>\nBody Geometry Power Sport, steel rails<br \/>\nCINTA<br \/>\nSupacaz Super Sticky Kush<br \/>\nTIJA DE SILL\u00cdN<br \/>\nRoval Alpinist Carbon Seatpost<br \/>\nABRAZ. SILL\u00cdN<br \/>\nSpecialized Alloy, 30mm<br \/>\nPOTENCIA<br \/>\nSpecialized Pro SL, alloy, 4-bolt<br \/>\nMANILLAR<br \/>\nSpecialized Shallow Drop, 6061, 70x125mm, 31.8mm clamp<br \/>\nFrameset<br \/>\nCUADRO<br \/>\nAethos FACT 9R Carbon, Rider First Engineered\u2122, Threaded BB, 12x142mm thru-axle, flat-mount disc<br \/>\nSuspension<br \/>\nHORQUILLA<br \/>\nFACT Carbon, 12x100mm thru-axle, flat-mount disc<br \/>\nBrakes<br \/>\nFRENO DELANTERO<br \/>\nShimano 105, Hydraulic disc<br \/>\nFRENO TRASERO<br \/>\nShimano 105, Hydraulic disc<br \/>\nDrivetrain<br \/>\nPLATOS<br \/>\n50\/34T<br \/>\nMANDOS DE CAMBIO<br \/>\nShimano 105, 12 speed Mechanical<br \/>\nCASETE<br \/>\nShimano 105, 12-speed, 11-34t<br \/>\nPEDALIER<br \/>\nFC-R7100, 105, 12-Speed, Holllowtech 2<br \/>\nDESVIADOR<br \/>\nShimano 105, Braze-on<br \/>\nCAMBIO<br \/>\nShimano 105, 12 speed Mechanical<br \/>\nCADENA<br \/>\nShimano SLX, M7100, 12-speed<br \/>\nCAJA PEDALIER<br \/>\nShimano Threaded BSA BB<br \/>\nWheels &amp; tires<br \/>\nC\u00c1MARAS<br \/>\nPresta Valve Standard, 48mm valves<br \/>\nNEUM\u00c1TICO DEL.<br \/>\nTurbo Pro, 700&#215;28<br \/>\nNEUM\u00c1TICO TRASERO<br \/>\nTurbo Pro, 700&#215;28<\/li>\n<\/ul>\n","protected":false},"excerpt":{"rendered":"<p>El modelo Aethos Sport no es una excepci\u00f3n.Con cambios mec\u00e1nicos Shimano 105 de bajo mantenimiento y frenos de disco hidr\u00e1ulicos combinados con ruedas de disco DT Swiss R470<\/p>\n","protected":false},"featured_media":389668,"comment_status":"open","ping_status":"closed","template":"","meta":{"_acf_changed":false,"_et_pb_use_builder":"","_et_pb_old_content":"","_et_gb_content_width":"","inline_featured_image":false},"product_brand":[],"product_cat":[420,20,2409],"product_tag":[],"class_list":{"0":"post-389512","1":"product","2":"type-product","3":"status-publish","4":"has-post-thumbnail","6":"product_cat-bicicletas","7":"product_cat-bicicletas-de-carretera","8":"product_cat-ofertas-specialized","9":"product_shipping_class-bicicletas","11":"first","12":"outofstock","13":"taxable","14":"shipping-taxable","15":"product-type-variable","16":"wvs-archive-product-wrapper"},"acf":[],"yoast_head":"<!-- This site is optimized with the Yoast SEO Premium plugin v26.7 (Yoast SEO v26.7) - https:\/\/yoast.com\/wordpress\/plugins\/seo\/ -->\n<title>Specialized Aethos Sport 2025 GR-100<\/title>\n<meta name=\"description\" content=\"El modelo Aethos Sport no es una excepci\u00f3n.Con cambios mec\u00e1nicos Shimano 105 de bajo mantenimiento y frenos de disco hidr\u00e1ulicos combinados con ruedas de disco DT Swiss R470\" \/>\n<meta name=\"robots\" content=\"index, follow, max-snippet:-1, max-image-preview:large, max-video-preview:-1\" \/>\n<link rel=\"canonical\" href=\"https:\/\/gr-100.com\/producto\/specialized-aethos-sport-2025\/\" \/>\n<meta property=\"og:locale\" content=\"pt_PT\" \/>\n<meta property=\"og:type\" content=\"article\" \/>\n<meta property=\"og:title\" content=\"Specialized Aethos Sport 2025\" \/>\n<meta property=\"og:description\" content=\"El modelo Aethos Sport no es una excepci\u00f3n.Con cambios mec\u00e1nicos Shimano 105 de bajo mantenimiento y frenos de disco hidr\u00e1ulicos combinados con ruedas de disco DT Swiss R470\" \/>\n<meta property=\"og:url\" content=\"https:\/\/gr-100.com\/producto\/specialized-aethos-sport-2025\/\" \/>\n<meta property=\"og:site_name\" content=\"Gr-100 Tienda de ciclismo Specialized\" \/>\n<meta property=\"article:publisher\" content=\"https:\/\/www.facebook.com\/Gr100Bikes\" \/>\n<meta property=\"article:modified_time\" content=\"2025-12-19T10:00:44+00:00\" \/>\n<meta property=\"og:image\" content=\"https:\/\/gr-100.com\/wp-content\/uploads\/2024\/09\/My-project-1-45.jpeg\" \/>\n\t<meta property=\"og:image:width\" content=\"1000\" \/>\n\t<meta property=\"og:image:height\" content=\"1000\" \/>\n\t<meta property=\"og:image:type\" content=\"image\/jpeg\" \/>\n<meta name=\"twitter:card\" content=\"summary_large_image\" \/>\n<meta name=\"twitter:label1\" content=\"Tempo estimado de leitura\" \/>\n\t<meta name=\"twitter:data1\" content=\"3 minutos\" \/>\n<script type=\"application\/ld+json\" class=\"yoast-schema-graph\">{\"@context\":\"https:\/\/schema.org\",\"@graph\":[{\"@type\":\"WebPage\",\"@id\":\"https:\/\/gr-100.com\/producto\/specialized-aethos-sport-2025\/\",\"url\":\"https:\/\/gr-100.com\/producto\/specialized-aethos-sport-2025\/\",\"name\":\"Specialized Aethos Sport 2025 GR-100\",\"isPartOf\":{\"@id\":\"https:\/\/gr-100.com\/#website\"},\"primaryImageOfPage\":{\"@id\":\"https:\/\/gr-100.com\/producto\/specialized-aethos-sport-2025\/#primaryimage\"},\"image\":{\"@id\":\"https:\/\/gr-100.com\/producto\/specialized-aethos-sport-2025\/#primaryimage\"},\"thumbnailUrl\":\"https:\/\/gr-100.com\/wp-content\/uploads\/2024\/09\/My-project-1-45.jpeg\",\"datePublished\":\"2024-09-06T10:56:09+00:00\",\"dateModified\":\"2025-12-19T10:00:44+00:00\",\"description\":\"El modelo Aethos Sport no es una excepci\u00f3n.Con cambios mec\u00e1nicos Shimano 105 de bajo mantenimiento y frenos de disco hidr\u00e1ulicos combinados con ruedas de disco DT Swiss R470\",\"breadcrumb\":{\"@id\":\"https:\/\/gr-100.com\/producto\/specialized-aethos-sport-2025\/#breadcrumb\"},\"inLanguage\":\"pt-PT\",\"potentialAction\":[{\"@type\":\"ReadAction\",\"target\":[\"https:\/\/gr-100.com\/producto\/specialized-aethos-sport-2025\/\"]}]},{\"@type\":\"ImageObject\",\"inLanguage\":\"pt-PT\",\"@id\":\"https:\/\/gr-100.com\/producto\/specialized-aethos-sport-2025\/#primaryimage\",\"url\":\"https:\/\/gr-100.com\/wp-content\/uploads\/2024\/09\/My-project-1-45.jpeg\",\"contentUrl\":\"https:\/\/gr-100.com\/wp-content\/uploads\/2024\/09\/My-project-1-45.jpeg\",\"width\":1000,\"height\":1000},{\"@type\":\"BreadcrumbList\",\"@id\":\"https:\/\/gr-100.com\/producto\/specialized-aethos-sport-2025\/#breadcrumb\",\"itemListElement\":[{\"@type\":\"ListItem\",\"position\":1,\"name\":\"Portada\",\"item\":\"https:\/\/gr-100.com\/en\/\"},{\"@type\":\"ListItem\",\"position\":2,\"name\":\"Productos\",\"item\":\"https:\/\/gr-100.com\/?post_type=product\"},{\"@type\":\"ListItem\",\"position\":3,\"name\":\"Specialized Aethos Sport 2025\"}]},{\"@type\":\"WebSite\",\"@id\":\"https:\/\/gr-100.com\/#website\",\"url\":\"https:\/\/gr-100.com\/\",\"name\":\"Gr-100 Tienda de ciclismo Specialized\",\"description\":\"GR-100 tenemos todas las gamas de bicicletas Specialized al mejor precio.\",\"publisher\":{\"@id\":\"https:\/\/gr-100.com\/#organization\"},\"alternateName\":\"Gr-100 Bikes\",\"potentialAction\":[{\"@type\":\"SearchAction\",\"target\":{\"@type\":\"EntryPoint\",\"urlTemplate\":\"https:\/\/gr-100.com\/?s={search_term_string}\"},\"query-input\":{\"@type\":\"PropertyValueSpecification\",\"valueRequired\":true,\"valueName\":\"search_term_string\"}}],\"inLanguage\":\"pt-PT\"},{\"@type\":\"Organization\",\"@id\":\"https:\/\/gr-100.com\/#organization\",\"name\":\"Gr-100\",\"url\":\"https:\/\/gr-100.com\/\",\"logo\":{\"@type\":\"ImageObject\",\"inLanguage\":\"pt-PT\",\"@id\":\"https:\/\/gr-100.com\/#\/schema\/logo\/image\/\",\"url\":\"https:\/\/gr-100.com\/wp-content\/uploads\/2023\/08\/logo-gr-100-bikes.png\",\"contentUrl\":\"https:\/\/gr-100.com\/wp-content\/uploads\/2023\/08\/logo-gr-100-bikes.png\",\"width\":707,\"height\":284,\"caption\":\"Gr-100\"},\"image\":{\"@id\":\"https:\/\/gr-100.com\/#\/schema\/logo\/image\/\"},\"sameAs\":[\"https:\/\/www.facebook.com\/Gr100Bikes\",\"https:\/\/www.instagram.com\/gr100bikes\/\",\"https:\/\/www.tiktok.com\/@gr100bikes\",\"https:\/\/twitter.com\/gr100mtbteam\",\"https:\/\/www.youtube.com\/c\/GR100Specialized\"]}]}<\/script>\n<!-- \/ Yoast SEO Premium plugin. -->","yoast_head_json":{"title":"Specialized Aethos Sport 2025 GR-100","description":"El modelo Aethos Sport no es una excepci\u00f3n.Con cambios mec\u00e1nicos Shimano 105 de bajo mantenimiento y frenos de disco hidr\u00e1ulicos combinados con ruedas de disco DT Swiss R470","robots":{"index":"index","follow":"follow","max-snippet":"max-snippet:-1","max-image-preview":"max-image-preview:large","max-video-preview":"max-video-preview:-1"},"canonical":"https:\/\/gr-100.com\/producto\/specialized-aethos-sport-2025\/","og_locale":"pt_PT","og_type":"article","og_title":"Specialized Aethos Sport 2025","og_description":"El modelo Aethos Sport no es una excepci\u00f3n.Con cambios mec\u00e1nicos Shimano 105 de bajo mantenimiento y frenos de disco hidr\u00e1ulicos combinados con ruedas de disco DT Swiss R470","og_url":"https:\/\/gr-100.com\/producto\/specialized-aethos-sport-2025\/","og_site_name":"Gr-100 Tienda de ciclismo Specialized","article_publisher":"https:\/\/www.facebook.com\/Gr100Bikes","article_modified_time":"2025-12-19T10:00:44+00:00","og_image":[{"width":1000,"height":1000,"url":"https:\/\/gr-100.com\/wp-content\/uploads\/2024\/09\/My-project-1-45.jpeg","type":"image\/jpeg"}],"twitter_card":"summary_large_image","twitter_misc":{"Tempo estimado de leitura":"3 minutos"},"schema":{"@context":"https:\/\/schema.org","@graph":[{"@type":"WebPage","@id":"https:\/\/gr-100.com\/producto\/specialized-aethos-sport-2025\/","url":"https:\/\/gr-100.com\/producto\/specialized-aethos-sport-2025\/","name":"Specialized Aethos Sport 2025 GR-100","isPartOf":{"@id":"https:\/\/gr-100.com\/#website"},"primaryImageOfPage":{"@id":"https:\/\/gr-100.com\/producto\/specialized-aethos-sport-2025\/#primaryimage"},"image":{"@id":"https:\/\/gr-100.com\/producto\/specialized-aethos-sport-2025\/#primaryimage"},"thumbnailUrl":"https:\/\/gr-100.com\/wp-content\/uploads\/2024\/09\/My-project-1-45.jpeg","datePublished":"2024-09-06T10:56:09+00:00","dateModified":"2025-12-19T10:00:44+00:00","description":"El modelo Aethos Sport no es una excepci\u00f3n.Con cambios mec\u00e1nicos Shimano 105 de bajo mantenimiento y frenos de disco hidr\u00e1ulicos combinados con ruedas de disco DT Swiss R470","breadcrumb":{"@id":"https:\/\/gr-100.com\/producto\/specialized-aethos-sport-2025\/#breadcrumb"},"inLanguage":"pt-PT","potentialAction":[{"@type":"ReadAction","target":["https:\/\/gr-100.com\/producto\/specialized-aethos-sport-2025\/"]}]},{"@type":"ImageObject","inLanguage":"pt-PT","@id":"https:\/\/gr-100.com\/producto\/specialized-aethos-sport-2025\/#primaryimage","url":"https:\/\/gr-100.com\/wp-content\/uploads\/2024\/09\/My-project-1-45.jpeg","contentUrl":"https:\/\/gr-100.com\/wp-content\/uploads\/2024\/09\/My-project-1-45.jpeg","width":1000,"height":1000},{"@type":"BreadcrumbList","@id":"https:\/\/gr-100.com\/producto\/specialized-aethos-sport-2025\/#breadcrumb","itemListElement":[{"@type":"ListItem","position":1,"name":"Portada","item":"https:\/\/gr-100.com\/en\/"},{"@type":"ListItem","position":2,"name":"Productos","item":"https:\/\/gr-100.com\/?post_type=product"},{"@type":"ListItem","position":3,"name":"Specialized Aethos Sport 2025"}]},{"@type":"WebSite","@id":"https:\/\/gr-100.com\/#website","url":"https:\/\/gr-100.com\/","name":"Gr-100 Tienda de ciclismo Specialized","description":"GR-100 tenemos todas las gamas de bicicletas Specialized al mejor precio.","publisher":{"@id":"https:\/\/gr-100.com\/#organization"},"alternateName":"Gr-100 Bikes","potentialAction":[{"@type":"SearchAction","target":{"@type":"EntryPoint","urlTemplate":"https:\/\/gr-100.com\/?s={search_term_string}"},"query-input":{"@type":"PropertyValueSpecification","valueRequired":true,"valueName":"search_term_string"}}],"inLanguage":"pt-PT"},{"@type":"Organization","@id":"https:\/\/gr-100.com\/#organization","name":"Gr-100","url":"https:\/\/gr-100.com\/","logo":{"@type":"ImageObject","inLanguage":"pt-PT","@id":"https:\/\/gr-100.com\/#\/schema\/logo\/image\/","url":"https:\/\/gr-100.com\/wp-content\/uploads\/2023\/08\/logo-gr-100-bikes.png","contentUrl":"https:\/\/gr-100.com\/wp-content\/uploads\/2023\/08\/logo-gr-100-bikes.png","width":707,"height":284,"caption":"Gr-100"},"image":{"@id":"https:\/\/gr-100.com\/#\/schema\/logo\/image\/"},"sameAs":["https:\/\/www.facebook.com\/Gr100Bikes","https:\/\/www.instagram.com\/gr100bikes\/","https:\/\/www.tiktok.com\/@gr100bikes","https:\/\/twitter.com\/gr100mtbteam","https:\/\/www.youtube.com\/c\/GR100Specialized"]}]}},"_links":{"self":[{"href":"https:\/\/gr-100.com\/pt-pt\/wp-json\/wp\/v2\/product\/389512","targetHints":{"allow":["GET"]}}],"collection":[{"href":"https:\/\/gr-100.com\/pt-pt\/wp-json\/wp\/v2\/product"}],"about":[{"href":"https:\/\/gr-100.com\/pt-pt\/wp-json\/wp\/v2\/types\/product"}],"replies":[{"embeddable":true,"href":"https:\/\/gr-100.com\/pt-pt\/wp-json\/wp\/v2\/comments?post=389512"}],"wp:featuredmedia":[{"embeddable":true,"href":"https:\/\/gr-100.com\/pt-pt\/wp-json\/wp\/v2\/media\/389668"}],"wp:attachment":[{"href":"https:\/\/gr-100.com\/pt-pt\/wp-json\/wp\/v2\/media?parent=389512"}],"wp:term":[{"taxonomy":"product_brand","embeddable":true,"href":"https:\/\/gr-100.com\/pt-pt\/wp-json\/wp\/v2\/product_brand?post=389512"},{"taxonomy":"product_cat","embeddable":true,"href":"https:\/\/gr-100.com\/pt-pt\/wp-json\/wp\/v2\/product_cat?post=389512"},{"taxonomy":"product_tag","embeddable":true,"href":"https:\/\/gr-100.com\/pt-pt\/wp-json\/wp\/v2\/product_tag?post=389512"}],"curies":[{"name":"wp","href":"https:\/\/api.w.org\/{rel}","templated":true}]}}