{"id":389704,"date":"2024-09-06T10:26:01","date_gmt":"2024-09-06T08:26:01","guid":{"rendered":"https:\/\/gr-100.com\/?post_type=product&#038;p=389704"},"modified":"2025-12-18T16:48:22","modified_gmt":"2025-12-18T14:48:22","slug":"specialized-s-works-epic-world-cup-2025","status":"publish","type":"product","link":"https:\/\/gr-100.com\/pt-pt\/producto\/specialized-s-works-epic-world-cup-2025\/","title":{"rendered":"Specialized S-Works Epic World Cup 2025"},"content":{"rendered":"<p><strong>TABELA DE REFER\u00caNCIA:<\/strong> Para proporcionar a m\u00e1xima velocidade atrav\u00e9s de transfer\u00eancia de pot\u00eancia impiedosamente eficiente e manuseamento preciso, a nossa equipa de engenharia definiu e alcan\u00e7ou novos padr\u00f5es de rigidez torcional e rigidez BB. Esta proeza exigiu uma abordagem de desenvolvimento integrado que fundiu um design de diamante duplo estruturalmente superior com o seu encaixe de choque dentro do tubo superior e acabou com o arranjo composto mais sofisticado Specialized.<br \/>\n<strong>IMPRESSIVAMENTE R\u00c1PIDO:<\/strong>  A equipa da Specialized Ride Dynamics concebeu e inventou uma tecnologia de amortecimento revolucion\u00e1ria para a Epic World Cup que d\u00e1 ao piloto a efici\u00eancia e resposta r\u00e1pida de um hardtail MAIS o controlo, capacidade e din\u00e2mica da suspens\u00e3o total, tudo com uma configura\u00e7\u00e3o simples Codesenvolvida com a RockShox, o SID Deluxe WCID shock usa c\u00e2maras de ar positivas e negativas exclusivas e ajust\u00e1veis de forma independente para proporcionar o cobi\u00e7ado &#8220;snap&#8221; r\u00edgido, combinado com o perd\u00e3o de comer terreno e a capacidade de personalizar facilmente as configura\u00e7\u00f5es para um curso espec\u00edfico ou sintonia para prefer\u00eancia e sensa\u00e7\u00e3o do piloto. Aperte-o firmemente e ele muda como um r\u00edgido ou abra-o e voc\u00ea ter\u00e1 um ripper que esmaga peda\u00e7os. Mas n\u00e3o se limita apenas a &#8220;aberto e fechado&#8221;, a natureza simples da sua configura\u00e7\u00e3o permite ao condutor definir um espectro de firme a suave. <strong>INDO ACIMA DE SUA CATEGORIA:<\/strong> Os 75 mm de curso traseiro da Epic World Cup proporcionam o controlo e a capacidade de uma moto de viagem muito mais longa. Por ser projetada para ser usada a todo vapor ou quase a todo vapor, ela produz o mesmo curso positivo de uma moto de curso de 100 mm definida para 25% de queda. Para otimizar ainda mais o desempenho da suspens\u00e3o, a Specialized Ride Dynamics ajustou a taxa de mola para ficar relativamente plana no meio do curso para lidar com a maioria das for\u00e7as de colis\u00e3o, como uma moto de curso mais longo. Devido ao seu grande tamanho, o Mega Jounce Bumper personalizado \u00e9 uma &#8220;estreia na ind\u00fastria&#8221; e desempenha um papel crucial na gest\u00e3o suave dos maiores impactos.  <\/p>\n<p><strong>ENLOUQUECEMOS? NUMA CLASSE DE: <\/strong>  Enquanto o novo e inovador SID Deluxe WCID shock fornece a combina\u00e7\u00e3o \u00fanica de suporte e conformidade na traseira, o BRAIN ainda est\u00e1 vivo e bem na forquilha. A sua tecnologia sens\u00edvel \u00e0 posi\u00e7\u00e3o permite que os pilotos se afundem na forquilha em 15 mm para uma condu\u00e7\u00e3o equilibrada, proporcionando uma conformidade flex\u00edvel com pequenos solavancos e uma plataforma de pedalada firme sem a necessidade de um bloqueio remoto ou alavancas para virar. <strong>O PESO ACABOU: Com<\/strong> um peso de quadro de apenas 1765 gramas (pintado com choque e todas as ferragens), a Epic World Cup supera a competi\u00e7\u00e3o mais leve. Isto traduz-se numa acelera\u00e7\u00e3o mais r\u00e1pida, numa subida mais eficiente e num manuseamento mais \u00e1gil. E tudo isso aumenta a velocidade. Obtivemos o peso pena e a rigidez monstruosa do Epic WC aplicando o que aprendemos no desenvolvimento do nosso Aethos, o quadro de estrada de produ\u00e7\u00e3o mais leve j\u00e1 feito, especificamente o arranjo avan\u00e7ado de materiais comp\u00f3sitos e formas de tubo. <strong>O MAIOR FLEX N\u00c3O \u00c9 FLEX\u00cdVEL:<\/strong> O Epic World Cup ostenta o conjunto completo de componentes Roval Control SL: rodado de 1240 gramas, espig\u00e3o de 180 gramas e cockpit integrado de 250 gramas (70 mm x 780 mm). Cada um com leveza, rigidez e controle incompar\u00e1veis na Copa do Mundo de hoje.<br \/>\nO novo quadro Epic World Cup inclui tecnologia de suspens\u00e3o desenvolvida pela Ride Dynamics e 75 mm de curso otimizado das rodas traseiras. <\/p>\n<p>  Gra\u00e7as \u00e0 sua tecnologia de choque, a Epic World Cup oferece uma efici\u00eancia de pedalagem incompar\u00e1vel e est\u00e1 pronta para as descidas mais dif\u00edceis que pode lan\u00e7ar, sem a necessidade de interruptores de bloqueio.<br \/>\nA cadeia cinem\u00e1tica SRAM XX1 SL baseia-se no que os melhores pilotos precisam em termos de desempenho e robustez, pelo que se adequa perfeitamente \u00e0s exig\u00eancias brutais das corridas todo-o-terreno.<br \/>\nUma forquilha SID SL BRAIN totalmente nova proporciona 110 mm de desempenho de silenciamento de colis\u00f5es enquanto percebe as a\u00e7\u00f5es do solo ou do condutor para a m\u00e1xima efici\u00eancia.<br \/>\nCriada especificamente para corresponder \u00e0s capacidades acrescidas do Epic World Cup, a jante Roval Control SL apresenta um novo perfil de jante offset que apresenta uma largura interna de 29 mm que n\u00e3o s\u00f3 aumenta a for\u00e7a e reduz o peso, mas tamb\u00e9m melhora a resist\u00eancia a furos em 22%.<\/p>\n<p><strong>Especifica\u00e7\u00f5es<\/strong><\/p>\n<ul>\n<li>SRAM CS-1299 10-52T CASSETTE<br \/>\nSRAM<\/li>\n<li>SRAM DUB, BSA<br \/>\n 73mm, Roscado<\/li>\n<li>SRAM<br \/>\n POD Ultimate AXS<\/li>\n<li>Manivela do medidor de pot\u00eancia Quarq<br \/>\nXX SL, Carbono, 168 Q-Factor, DUB, 170\/175mm, 34T<\/li>\n<li>Corrente<br \/>\n SRAM XX SL Eagle<\/li>\n<li>SRAM XX SL Eagle Caixa de velocidades\n<\/li>\n<li>PLATOS<br \/>\n34t<\/li>\n<li>S-Works FACT 12m Carbon FRAME<br \/>\n, design de suspens\u00e3o WCID, Geometria de Corrida XC Progressiva, Rider-First Engineered\u2122, BB roscado, espa\u00e7amento traseiro compat\u00edvel com UDH 12x148mm, roteamento de cabos internos, 75mm de curso<\/li>\n<li>SWAT<br \/>\nSWAT EMT Ferramenta de montagem em gaiola<\/li>\n<li>ABRA\u00c7O. Specialized 34.9 SADDLE,<br \/>\n Parafuso de tit\u00e2nio <\/li>\n<li>RockShox SID SL Ultimate FORK<br \/>\n, amortecedor Raceday de 3 posi\u00e7\u00f5es, Debon Air, 15x110mm, 44mm offset, 110mm Travel<\/li>\n<li>RockShox SIDLuxe WCID Ultimate SHOCKSpecialized<br \/>\n, Ride Dynamics Desenvolvido, Mola negativa independente, Rebound Adjust, 215x40mm<\/li>\n<li>Freio<br \/>\n traseiro SRAM Level Ultimate, pin\u00e7a de 4 pist\u00f5es, disco hidr\u00e1ulico, stealth, rotorSRAM de 160 mm<\/li>\n<li>SRAM Level Ultimate FRONT<br \/>\n BRAKE, pin\u00e7a de 4 pist\u00f5es, disco hidr\u00e1ulico, stealth, rotorSRAM de 180\/160mm<\/li>\n<li>RIMSRoval Control SL, Design offset de carbono, largura interna de<br \/>\n 29mm, largura do gancho de 4mm, pronto para tubeless, 24h<\/li>\n<li>CUBO DIANTEIRO<br \/>\nRoval Control SL, DT Swiss Internals, Rolamentos cer\u00e2micos, 6 parafusos, eixo thru de 15mm, espa\u00e7amento de 110mm, tampas de torque, cabe\u00e7a t de tra\u00e7\u00e3o reta 24h<\/li>\n<li>CUBO TRASEIRO<br \/>\nRoval Control SL, DT Swiss 180 Internals, DT Swiss Ratchet EXP, Rolamentos cer\u00e2micos, eixo thru de 12mm, espa\u00e7amento de 148mm, cabe\u00e7a t de tra\u00e7\u00e3o reta de 24h<\/li>\n<li>PNEU TRASEIRO<br \/>\nSpecialized , Caixa de Controle, Composto T5, 29&#215;2.35<\/li>\n<li>PNEU.<br \/>\nSpecialized S-Works Fast Trak, S-Works , Composto T5\/T7, 29&#215;2.35<\/li>\n<li>Specialized<br \/>\n Turbo Tubo Especializado 40mm PV 29&#215;1.75-2.4<\/li>\n<li>DT Swiss Aerolite Cabe\u00e7a de tra\u00e7\u00e3o reta SPOKES\n<\/li>\n<li>Body Geometry S-Works Power SADDLE,<br \/>\n trilhos de fibra de carbono, base de fibra de carbono<\/li>\n<li>\nRoval Control SL, haste integrada de 60mm\/70mm X- 12 graus, backsweep de 8 graus, upsweep de 1 grau, 760mm de largura<\/li>\n<li>Espig\u00e3o de assento em carbono Roval Control<br \/>\n SL, bra\u00e7adeira de dois parafusos, deslocamento de 0mm, 415\/370mm x 30,9<\/li>\n<li>SRAM Slip on com punhos<br \/>\n Twist-Loc<\/li>\n<li>Peso<br \/>\n9.22kg (20 lb, 5.2 oz)<\/li>\n<\/ul>\n","protected":false},"excerpt":{"rendered":"<ul>\n<li>PENSE MAIS R\u00c1PIDO: A <strong>Epic World Cup \u00e9 a moto de corrida XC mais r\u00e1pida do mundo em passeios suaves<\/strong> a moderadamente t\u00e9cnicos, gra\u00e7as \u00e0 sua combina\u00e7\u00e3o incompar\u00e1vel de efici\u00eancia, controle e leveza.<br \/>\nO campe\u00e3o mundial Christopher Blevins disse melhor: &#8220;Isso me d\u00e1 tudo o que eu poderia querer de um hardtail, al\u00e9m do controle e capacidade de suspens\u00e3o total.&#8221;<br \/>\nTudo o que foi necess\u00e1rio para criar esta m\u00e1quina de velocidade foi uma abordagem de desenvolvimento totalmente integrada, a inven\u00e7\u00e3o de um novo amortecedor radical e quatro d\u00e9cadas de experi\u00eancia vencedora fora de estrada.  <\/li>\n<\/ul>\n","protected":false},"featured_media":389657,"comment_status":"closed","ping_status":"closed","template":"","meta":{"_acf_changed":false,"_et_pb_use_builder":"","_et_pb_old_content":"","_et_gb_content_width":"","inline_featured_image":false},"product_brand":[],"product_cat":[4353,2459,402,2483],"product_tag":[],"class_list":{"0":"post-389704","1":"product","2":"type-product","3":"status-publish","4":"has-post-thumbnail","6":"product_cat-liquidacion-specialized","7":"product_cat-bicicletas-pt-pt-2","8":"product_cat-montanha","9":"product_cat-bicicletas-especializadas","10":"product_shipping_class-bicicletas-pt-pt","12":"first","13":"outofstock","14":"taxable","15":"shipping-taxable","16":"purchasable","17":"product-type-variable","18":"wvs-archive-product-wrapper"},"acf":[],"yoast_head":"<!-- This site is optimized with the Yoast SEO Premium plugin v26.7 (Yoast SEO v26.7) - https:\/\/yoast.com\/wordpress\/plugins\/seo\/ -->\n<title>Specialized S-Works Epic World Cup 2025 GR-100 Ofertas<\/title>\n<meta name=\"description\" content=\"GR-100 Specialized. Melhores pre\u00e7os sem concorr\u00eancia. Solicite a sua oferta personalizada. Specialized S-Works Epic World Cup.\" \/>\n<meta name=\"robots\" content=\"index, follow, max-snippet:-1, max-image-preview:large, max-video-preview:-1\" \/>\n<link rel=\"canonical\" href=\"https:\/\/gr-100.com\/pt-pt\/producto\/specialized-s-works-epic-world-cup-2025\/\" \/>\n<meta property=\"og:locale\" content=\"pt_PT\" \/>\n<meta property=\"og:type\" content=\"article\" \/>\n<meta property=\"og:title\" content=\"Specialized S-Works Epic World Cup 2025\" \/>\n<meta property=\"og:description\" content=\"GR-100 Specialized. Melhores pre\u00e7os sem concorr\u00eancia. Solicite a sua oferta personalizada. Specialized S-Works Epic World Cup.\" \/>\n<meta property=\"og:url\" content=\"https:\/\/gr-100.com\/pt-pt\/producto\/specialized-s-works-epic-world-cup-2025\/\" \/>\n<meta property=\"og:site_name\" content=\"Gr-100 Tienda de ciclismo Specialized\" \/>\n<meta property=\"article:publisher\" content=\"https:\/\/www.facebook.com\/Gr100Bikes\" \/>\n<meta property=\"article:modified_time\" content=\"2025-12-18T14:48:22+00:00\" \/>\n<meta property=\"og:image\" content=\"https:\/\/gr-100.com\/wp-content\/uploads\/2024\/09\/epic-wc-2025-SW-1.jpg\" \/>\n\t<meta property=\"og:image:width\" content=\"1080\" \/>\n\t<meta property=\"og:image:height\" content=\"1080\" \/>\n\t<meta property=\"og:image:type\" content=\"image\/jpeg\" \/>\n<meta name=\"twitter:card\" content=\"summary_large_image\" \/>\n<meta name=\"twitter:label1\" content=\"Tempo estimado de leitura\" \/>\n\t<meta name=\"twitter:data1\" content=\"6 minutos\" \/>\n<script type=\"application\/ld+json\" class=\"yoast-schema-graph\">{\"@context\":\"https:\/\/schema.org\",\"@graph\":[{\"@type\":\"WebPage\",\"@id\":\"https:\/\/gr-100.com\/pt-pt\/producto\/specialized-s-works-epic-world-cup-2025\/\",\"url\":\"https:\/\/gr-100.com\/pt-pt\/producto\/specialized-s-works-epic-world-cup-2025\/\",\"name\":\"Specialized S-Works Epic World Cup 2025 GR-100 Ofertas\",\"isPartOf\":{\"@id\":\"https:\/\/gr-100.com\/#website\"},\"primaryImageOfPage\":{\"@id\":\"https:\/\/gr-100.com\/pt-pt\/producto\/specialized-s-works-epic-world-cup-2025\/#primaryimage\"},\"image\":{\"@id\":\"https:\/\/gr-100.com\/pt-pt\/producto\/specialized-s-works-epic-world-cup-2025\/#primaryimage\"},\"thumbnailUrl\":\"https:\/\/gr-100.com\/wp-content\/uploads\/2024\/09\/epic-wc-2025-SW-1.jpg\",\"datePublished\":\"2024-09-06T08:26:01+00:00\",\"dateModified\":\"2025-12-18T14:48:22+00:00\",\"description\":\"GR-100 Specialized. Melhores pre\u00e7os sem concorr\u00eancia. Solicite a sua oferta personalizada. Specialized S-Works Epic World Cup.\",\"breadcrumb\":{\"@id\":\"https:\/\/gr-100.com\/pt-pt\/producto\/specialized-s-works-epic-world-cup-2025\/#breadcrumb\"},\"inLanguage\":\"pt-PT\",\"potentialAction\":[{\"@type\":\"ReadAction\",\"target\":[\"https:\/\/gr-100.com\/pt-pt\/producto\/specialized-s-works-epic-world-cup-2025\/\"]}]},{\"@type\":\"ImageObject\",\"inLanguage\":\"pt-PT\",\"@id\":\"https:\/\/gr-100.com\/pt-pt\/producto\/specialized-s-works-epic-world-cup-2025\/#primaryimage\",\"url\":\"https:\/\/gr-100.com\/wp-content\/uploads\/2024\/09\/epic-wc-2025-SW-1.jpg\",\"contentUrl\":\"https:\/\/gr-100.com\/wp-content\/uploads\/2024\/09\/epic-wc-2025-SW-1.jpg\",\"width\":1080,\"height\":1080},{\"@type\":\"BreadcrumbList\",\"@id\":\"https:\/\/gr-100.com\/pt-pt\/producto\/specialized-s-works-epic-world-cup-2025\/#breadcrumb\",\"itemListElement\":[{\"@type\":\"ListItem\",\"position\":1,\"name\":\"Portada\",\"item\":\"https:\/\/gr-100.com\/en\/\"},{\"@type\":\"ListItem\",\"position\":2,\"name\":\"Productos\",\"item\":\"https:\/\/gr-100.com\/?post_type=product\"},{\"@type\":\"ListItem\",\"position\":3,\"name\":\"Specialized S-Works Epic World Cup 2025\"}]},{\"@type\":\"WebSite\",\"@id\":\"https:\/\/gr-100.com\/#website\",\"url\":\"https:\/\/gr-100.com\/\",\"name\":\"Gr-100 Tienda de ciclismo Specialized\",\"description\":\"GR-100 tenemos todas las gamas de bicicletas Specialized al mejor precio.\",\"publisher\":{\"@id\":\"https:\/\/gr-100.com\/#organization\"},\"alternateName\":\"Gr-100 Bikes\",\"potentialAction\":[{\"@type\":\"SearchAction\",\"target\":{\"@type\":\"EntryPoint\",\"urlTemplate\":\"https:\/\/gr-100.com\/?s={search_term_string}\"},\"query-input\":{\"@type\":\"PropertyValueSpecification\",\"valueRequired\":true,\"valueName\":\"search_term_string\"}}],\"inLanguage\":\"pt-PT\"},{\"@type\":\"Organization\",\"@id\":\"https:\/\/gr-100.com\/#organization\",\"name\":\"Gr-100\",\"url\":\"https:\/\/gr-100.com\/\",\"logo\":{\"@type\":\"ImageObject\",\"inLanguage\":\"pt-PT\",\"@id\":\"https:\/\/gr-100.com\/#\/schema\/logo\/image\/\",\"url\":\"https:\/\/gr-100.com\/wp-content\/uploads\/2023\/08\/logo-gr-100-bikes.png\",\"contentUrl\":\"https:\/\/gr-100.com\/wp-content\/uploads\/2023\/08\/logo-gr-100-bikes.png\",\"width\":707,\"height\":284,\"caption\":\"Gr-100\"},\"image\":{\"@id\":\"https:\/\/gr-100.com\/#\/schema\/logo\/image\/\"},\"sameAs\":[\"https:\/\/www.facebook.com\/Gr100Bikes\",\"https:\/\/www.instagram.com\/gr100bikes\/\",\"https:\/\/www.tiktok.com\/@gr100bikes\",\"https:\/\/twitter.com\/gr100mtbteam\",\"https:\/\/www.youtube.com\/c\/GR100Specialized\"]}]}<\/script>\n<!-- \/ Yoast SEO Premium plugin. -->","yoast_head_json":{"title":"Specialized S-Works Epic World Cup 2025 GR-100 Ofertas","description":"GR-100 Specialized. Melhores pre\u00e7os sem concorr\u00eancia. Solicite a sua oferta personalizada. Specialized S-Works Epic World Cup.","robots":{"index":"index","follow":"follow","max-snippet":"max-snippet:-1","max-image-preview":"max-image-preview:large","max-video-preview":"max-video-preview:-1"},"canonical":"https:\/\/gr-100.com\/pt-pt\/producto\/specialized-s-works-epic-world-cup-2025\/","og_locale":"pt_PT","og_type":"article","og_title":"Specialized S-Works Epic World Cup 2025","og_description":"GR-100 Specialized. Melhores pre\u00e7os sem concorr\u00eancia. Solicite a sua oferta personalizada. Specialized S-Works Epic World Cup.","og_url":"https:\/\/gr-100.com\/pt-pt\/producto\/specialized-s-works-epic-world-cup-2025\/","og_site_name":"Gr-100 Tienda de ciclismo Specialized","article_publisher":"https:\/\/www.facebook.com\/Gr100Bikes","article_modified_time":"2025-12-18T14:48:22+00:00","og_image":[{"width":1080,"height":1080,"url":"https:\/\/gr-100.com\/wp-content\/uploads\/2024\/09\/epic-wc-2025-SW-1.jpg","type":"image\/jpeg"}],"twitter_card":"summary_large_image","twitter_misc":{"Tempo estimado de leitura":"6 minutos"},"schema":{"@context":"https:\/\/schema.org","@graph":[{"@type":"WebPage","@id":"https:\/\/gr-100.com\/pt-pt\/producto\/specialized-s-works-epic-world-cup-2025\/","url":"https:\/\/gr-100.com\/pt-pt\/producto\/specialized-s-works-epic-world-cup-2025\/","name":"Specialized S-Works Epic World Cup 2025 GR-100 Ofertas","isPartOf":{"@id":"https:\/\/gr-100.com\/#website"},"primaryImageOfPage":{"@id":"https:\/\/gr-100.com\/pt-pt\/producto\/specialized-s-works-epic-world-cup-2025\/#primaryimage"},"image":{"@id":"https:\/\/gr-100.com\/pt-pt\/producto\/specialized-s-works-epic-world-cup-2025\/#primaryimage"},"thumbnailUrl":"https:\/\/gr-100.com\/wp-content\/uploads\/2024\/09\/epic-wc-2025-SW-1.jpg","datePublished":"2024-09-06T08:26:01+00:00","dateModified":"2025-12-18T14:48:22+00:00","description":"GR-100 Specialized. Melhores pre\u00e7os sem concorr\u00eancia. Solicite a sua oferta personalizada. Specialized S-Works Epic World Cup.","breadcrumb":{"@id":"https:\/\/gr-100.com\/pt-pt\/producto\/specialized-s-works-epic-world-cup-2025\/#breadcrumb"},"inLanguage":"pt-PT","potentialAction":[{"@type":"ReadAction","target":["https:\/\/gr-100.com\/pt-pt\/producto\/specialized-s-works-epic-world-cup-2025\/"]}]},{"@type":"ImageObject","inLanguage":"pt-PT","@id":"https:\/\/gr-100.com\/pt-pt\/producto\/specialized-s-works-epic-world-cup-2025\/#primaryimage","url":"https:\/\/gr-100.com\/wp-content\/uploads\/2024\/09\/epic-wc-2025-SW-1.jpg","contentUrl":"https:\/\/gr-100.com\/wp-content\/uploads\/2024\/09\/epic-wc-2025-SW-1.jpg","width":1080,"height":1080},{"@type":"BreadcrumbList","@id":"https:\/\/gr-100.com\/pt-pt\/producto\/specialized-s-works-epic-world-cup-2025\/#breadcrumb","itemListElement":[{"@type":"ListItem","position":1,"name":"Portada","item":"https:\/\/gr-100.com\/en\/"},{"@type":"ListItem","position":2,"name":"Productos","item":"https:\/\/gr-100.com\/?post_type=product"},{"@type":"ListItem","position":3,"name":"Specialized S-Works Epic World Cup 2025"}]},{"@type":"WebSite","@id":"https:\/\/gr-100.com\/#website","url":"https:\/\/gr-100.com\/","name":"Gr-100 Tienda de ciclismo Specialized","description":"GR-100 tenemos todas las gamas de bicicletas Specialized al mejor precio.","publisher":{"@id":"https:\/\/gr-100.com\/#organization"},"alternateName":"Gr-100 Bikes","potentialAction":[{"@type":"SearchAction","target":{"@type":"EntryPoint","urlTemplate":"https:\/\/gr-100.com\/?s={search_term_string}"},"query-input":{"@type":"PropertyValueSpecification","valueRequired":true,"valueName":"search_term_string"}}],"inLanguage":"pt-PT"},{"@type":"Organization","@id":"https:\/\/gr-100.com\/#organization","name":"Gr-100","url":"https:\/\/gr-100.com\/","logo":{"@type":"ImageObject","inLanguage":"pt-PT","@id":"https:\/\/gr-100.com\/#\/schema\/logo\/image\/","url":"https:\/\/gr-100.com\/wp-content\/uploads\/2023\/08\/logo-gr-100-bikes.png","contentUrl":"https:\/\/gr-100.com\/wp-content\/uploads\/2023\/08\/logo-gr-100-bikes.png","width":707,"height":284,"caption":"Gr-100"},"image":{"@id":"https:\/\/gr-100.com\/#\/schema\/logo\/image\/"},"sameAs":["https:\/\/www.facebook.com\/Gr100Bikes","https:\/\/www.instagram.com\/gr100bikes\/","https:\/\/www.tiktok.com\/@gr100bikes","https:\/\/twitter.com\/gr100mtbteam","https:\/\/www.youtube.com\/c\/GR100Specialized"]}]}},"_links":{"self":[{"href":"https:\/\/gr-100.com\/pt-pt\/wp-json\/wp\/v2\/product\/389704","targetHints":{"allow":["GET"]}}],"collection":[{"href":"https:\/\/gr-100.com\/pt-pt\/wp-json\/wp\/v2\/product"}],"about":[{"href":"https:\/\/gr-100.com\/pt-pt\/wp-json\/wp\/v2\/types\/product"}],"replies":[{"embeddable":true,"href":"https:\/\/gr-100.com\/pt-pt\/wp-json\/wp\/v2\/comments?post=389704"}],"wp:featuredmedia":[{"embeddable":true,"href":"https:\/\/gr-100.com\/pt-pt\/wp-json\/wp\/v2\/media\/389657"}],"wp:attachment":[{"href":"https:\/\/gr-100.com\/pt-pt\/wp-json\/wp\/v2\/media?parent=389704"}],"wp:term":[{"taxonomy":"product_brand","embeddable":true,"href":"https:\/\/gr-100.com\/pt-pt\/wp-json\/wp\/v2\/product_brand?post=389704"},{"taxonomy":"product_cat","embeddable":true,"href":"https:\/\/gr-100.com\/pt-pt\/wp-json\/wp\/v2\/product_cat?post=389704"},{"taxonomy":"product_tag","embeddable":true,"href":"https:\/\/gr-100.com\/pt-pt\/wp-json\/wp\/v2\/product_tag?post=389704"}],"curies":[{"name":"wp","href":"https:\/\/api.w.org\/{rel}","templated":true}]}}