{"id":389773,"date":"2024-09-06T12:43:13","date_gmt":"2024-09-06T10:43:13","guid":{"rendered":"https:\/\/gr-100.com\/?post_type=product&#038;p=389773"},"modified":"2025-11-26T14:24:11","modified_gmt":"2025-11-26T12:24:11","slug":"specialized-epic-world-cup-pro-2025","status":"publish","type":"product","link":"https:\/\/gr-100.com\/pt-pt\/producto\/specialized-epic-world-cup-pro-2025\/","title":{"rendered":"Specialized Copa do Mundo \u00c9pica Pro 2025"},"content":{"rendered":"<p><strong>TABELA DE REFER\u00caNCIA:<\/strong> Para proporcionar a m\u00e1xima velocidade atrav\u00e9s de uma transfer\u00eancia de pot\u00eancia sem precedentes e um manuseamento altamente preciso, a nossa equipa de engenharia definiu e alcan\u00e7ou novos padr\u00f5es de rigidez torcional e rigidez do suporte inferior. Este objetivo exigiu uma abordagem de desenvolvimento integrado que fundiu um design de diamante duplo estruturalmente superior com seu amortecedor encaixado dentro do tubo superior e complementado com o laminado de carbono mais sofisticado Specialized. <strong>NASCE UMA NOVA FORMA DE SUSPENS\u00c3O:<\/strong> A equipa da Specialized Ride Dynamics concebeu e inventou uma tecnologia de choque revolucion\u00e1ria para a Epic World Cup que proporciona ao piloto a efici\u00eancia e resposta r\u00e1pida de um hardtail MAIS o controlo, capacidade e din\u00e2mica de uma suspens\u00e3o completa, tudo com uma configura\u00e7\u00e3o simples. Desenvolvido em conjunto com a RockShox, o SID Deluxe WCID shock utiliza c\u00e2maras de ar positivas e negativas ajust\u00e1veis de forma independente para proporcionar o t\u00e3o desejado &#8220;efeito&#8221; de uma cauda dura, combinado com amortecimento que come terreno, e a capacidade de personalizar facilmente as defini\u00e7\u00f5es para uma condu\u00e7\u00e3o espec\u00edfica ou ajust\u00e1-las \u00e0s prefer\u00eancias e sensa\u00e7\u00f5es do condutor. Use a configura\u00e7\u00e3o firme e ela rolar\u00e1 como uma hardtail, ou use a configura\u00e7\u00e3o mais ativa e absorver\u00e1 cada solavanco sem perder efici\u00eancia ou acelera\u00e7\u00e3o. Mas n\u00e3o se limita apenas a &#8220;abrir e fechar&#8221;, a natureza simples da sua configura\u00e7\u00e3o permite ao condutor ajust\u00e1-la em todo o espectro entre firme e suave. <strong>INDO ACIMA DE SUA PR\u00d3PRIA CATEGORIA:<\/strong> Os 75 mm de curso traseiro da Epic World Cup proporcionam o controlo e a capacidade de uma moto de curso mais longo. Por ser projetada para rodar com uma queda muito reduzida, ela oferece o mesmo curso efetivo de uma moto de 100 mm com 25% de queda. Para otimizar ainda mais o desempenho da suspens\u00e3o, a equipe Specialized Ride Dynamics ajustou a configura\u00e7\u00e3o da c\u00e2mara de ar para ser relativamente linear no meio da suspens\u00e3o para absorver grandes choques, como uma moto de curso mais longo. Devido ao seu grande tamanho, o Mega Jounce Bumper \u00e9 uma &#8220;estreia na ind\u00fastria&#8221; e desempenha um papel crucial na absor\u00e7\u00e3o quando voc\u00ea enfrenta fortes impactos. <\/p>\n<p><strong>PERDEMOS &#8220;A CABE\u00c7A&#8221;? Uma esp\u00e9cie de:<\/strong>  Enquanto o novo e revolucion\u00e1rio amortecedor SID Deluxe WCID proporciona a combina\u00e7\u00e3o \u00fanica de suspens\u00e3o e rigidez na traseira, o BRAIN ainda est\u00e1 vivo e a chutar na forquilha. Sua tecnologia sens\u00edvel \u00e0 posi\u00e7\u00e3o torna os primeiros 15 mm de curso muito suaves para n\u00e3o perder tra\u00e7\u00e3o em pequenos solavancos, enquanto o resto da suspens\u00e3o tem um comportamento mais firme para n\u00e3o contaminar as pedaladas. Tudo isso sem a necessidade de um bloqueio remoto ou alavanca. <strong>O PESO EST\u00c1 ACIMA:<\/strong> Com um peso de quadro de apenas 1.765 gramas (pintado, com amortecedor e todo o hardware), o Epic World Cup supera o mais leve de seus concorrentes. Ele acelera mais r\u00e1pido, escala de forma eficiente e \u00e9 melhor controlado em qualquer circunst\u00e2ncia. Tudo isso se traduz em velocidade. Atingimos o peso pena e a rigidez monstruosa do WC Epic aplicando o que aprendemos no desenvolvimento do nosso Aethos, o quadro de estrada de produ\u00e7\u00e3o em s\u00e9rie mais leve alguma vez feito, tudo gra\u00e7as \u00e0 distribui\u00e7\u00e3o das folhas de carbono e formas de tubo. <strong>A MELHOR FLEX\u00c3O \u00c9 A N\u00c3O FLEX\u00c3O:<\/strong> O quadro da Epic World Cup est\u00e1 equipado com o espig\u00e3o de assento Roval Control SL de 180 gramas, que apresenta leveza, rigidez e controlo inigual\u00e1veis no Campeonato do Mundo.  <\/p>\n<ul>\n<li>O novo quadro Epic World Cup apresenta tecnologia de suspens\u00e3o Ride Dynamics Developed e 75 mm de curso otimizado na traseira.<br \/>\nGra\u00e7as ao seu sistema de amortecimento, o Epic World Cup oferece uma efici\u00eancia de pedalagem inigual\u00e1vel e est\u00e1 pronto para as descidas mais exigentes, sem a necessidade de qualquer controlo remoto para abrir e bloquear o choque. <\/li>\n<li>A cadeia cinem\u00e1tica SRAM XO foi desenvolvida com base no que os melhores pilotos precisam em termos de desempenho e firmeza de uma mudan\u00e7a, por isso est\u00e1 perfeitamente adaptada \u00e0s exig\u00eancias das corridas de Cross Country.<\/li>\n<li>Uma forquilha SID SL BRAIN totalmente nova proporciona 110 mm de desempenho de silenciamento de solavancos, ao mesmo tempo que discerne as entradas do solo ou do condutor para proporcionar a m\u00e1xima efici\u00eancia.<\/li>\n<li>Descendentes de uma longa linhagem da Copa do Mundo, as rodas Roval Control feitas \u00e0 m\u00e3o apresentam um moderno aro sem gancho de 29 mm de largura interna que maximiza a for\u00e7a, a qualidade de condu\u00e7\u00e3o e a durabilidade, mantendo o peso ao m\u00ednimo.<\/li>\n<\/ul>\n<div class=\"product-specification\">\n<p><strong>Especifica\u00e7\u00f5es<\/strong><\/p>\n<ul>\n<li>Geometria Corporal Power Expert SADDLE\n<\/li>\n<li>Guiador<br \/>\n S-Works Carbon XC Mini Rise, upsweep de 6 graus, backsweep de 8 graus, eleva\u00e7\u00e3o de 10mm, 760mm, 31,8mm<\/li>\n<li>Espig\u00e3o de assento em carbono Roval Control<br \/>\n SL, bra\u00e7adeira de dois parafusos, deslocamento de 0mm, 415\/370mm x 30,9<\/li>\n<li>SRAM Slip on com punhos<br \/>\n Twist-Loc<\/li>\n<li>STEM<br \/>\nSpecialized Pro SL, liga, 4 parafusos<\/li>\n<li>SRAM<br \/>\n POD AXS<\/li>\n<li>SRAM DUB Suporte inferior<br \/>\nSRAM largo roscado<\/li>\n<li>SRAM XO Eagle CHAIN<br \/>\nSRAM<\/li>\n<li>SRAM XO Eagle<br \/>\n Transmiss\u00e3oSRAM<\/li>\n<li>Manivela do medidor de pot\u00eancia SRAMQuarq XO, DUB, 170\/175mm, suporte<br \/>\n inferior 34T<\/li>\n<li>SRAM XS 1295 CASSETTE,<br \/>\n 12 velocidades, 10-52SRAM<\/li>\n<li>PLATOS<br \/>\n34t<\/li>\n<li>S-Works FACT 11m Carbon FRAME<br \/>\n, design de suspens\u00e3o WCID, Geometria de Corrida XC Progressiva, Rider-First Engineered\u2122, BB roscado, espa\u00e7amento traseiro compat\u00edvel com UDH 12x148mm, roteamento de cabos internos, 75mm de curso<\/li>\n<li>SWAT<br \/>\nSWAT EMT Ferramenta de montagem em gaiola<\/li>\n<li>ABRA\u00c7O. Specialized 34.9 SADDLE,<br \/>\n Parafuso de a\u00e7o <\/li>\n<li>RockShox SID SL Ultimate FORK<br \/>\n, amortecedor Raceday de 3 posi\u00e7\u00f5es, Debon Air, 15x110mm, 44mm offset, 110mm Travel<\/li>\n<li>RockShox SIDLuxe WCID Ultimate SHOCKSpecialized<br \/>\n, Ride Dynamics Desenvolvido, Mola negativa independente, Rebound Adjust, 215x40mm<\/li>\n<li>Freio<br \/>\n traseiro SRAM Level Silver, pin\u00e7a de 4 pist\u00f5es, disco hidr\u00e1ulico, stealth, rotorSRAM de 160mm<\/li>\n<li>SRAM N\u00edvel Prata FREIO DIANTEIRO<br \/>\n, pin\u00e7a de 4 pist\u00f5es, disco hidr\u00e1ulico, furtividade, rotorSRAM 180\/160mm<\/li>\n<li>Roval<br \/>\n de controle Roval, design de compensa\u00e7\u00e3o de carbono, largura interna de 29mm, largura do gancho de 4mm, pronto para tubeless, 28h<\/li>\n<li>CUBO DIANTEIRO<br \/>\nDT SWISS 350, 6 parafusos, eixo Thru de 15 mm, espa\u00e7amento de 110 mm, tra\u00e7\u00e3o reta de 28 horas<\/li>\n<li>DT SWISS 350 cubo traseiro<br \/>\nde tra\u00e7\u00e3o reta, 6 parafusos, catraca DT Su\u00ed\u00e7a, eixo de 12&#215;148 mm, corpo de cubo livre XD, tra\u00e7\u00e3o reta de 28h<\/li>\n<li>PNEU.<br \/>\nSpecialized Trak r\u00e1pido, caixa de controle, composto T7, 29&#215;2.35<\/li>\n<li>PNEU TRASEIRO<br \/>\nSpecialized , Caixa de Controle, Composto T5, 29&#215;2.35<\/li>\n<li>Specialized<br \/>\n Turbo Tubo Especializado 40mm PV 29&#215;1.75-2.4<\/li>\n<li>SPOKES<br \/>\nDT Swiss Competition Race Puxar em linha reta<\/li>\n<li>Peso<br \/>\n10.11kg (22 lb, 4.6 oz)<\/li>\n<\/ul>\n<\/div>\n","protected":false},"excerpt":{"rendered":"<p><strong>PENSE MAIS R\u00c1PIDO:<\/strong> A Epic World Cup \u00e9 a moto de corrida XC mais r\u00e1pida do mundo em viagens suaves a t\u00e9cnicas, gra\u00e7as \u00e0 sua combina\u00e7\u00e3o incompar\u00e1vel de efici\u00eancia, controlo e leveza. O campe\u00e3o mundial Christopher Blevins disse o seguinte: &#8220;Esta moto d\u00e1-me tudo o que eu poderia querer de um hardtail, al\u00e9m do controlo e capacidade da suspens\u00e3o total.&#8221; Tudo o que foi necess\u00e1rio para criar esta m\u00e1quina de corrida foi uma abordagem de desenvolvimento totalmente integrada, a cria\u00e7\u00e3o de um novo conceito de choque e quatro d\u00e9cadas de experi\u00eancia em vit\u00f3rias cross-country. <\/p>\n","protected":false},"featured_media":389618,"comment_status":"closed","ping_status":"closed","template":"","meta":{"_acf_changed":false,"_et_pb_use_builder":"","_et_pb_old_content":"","_et_gb_content_width":"","inline_featured_image":false},"product_brand":[],"product_cat":[4353,2459,402,2483],"product_tag":[],"class_list":{"0":"post-389773","1":"product","2":"type-product","3":"status-publish","4":"has-post-thumbnail","6":"product_cat-liquidacion-specialized","7":"product_cat-bicicletas-pt-pt-2","8":"product_cat-montanha","9":"product_cat-bicicletas-especializadas","10":"product_shipping_class-bicicletas-pt-pt","12":"first","13":"outofstock","14":"taxable","15":"shipping-taxable","16":"product-type-variable","17":"wvs-archive-product-wrapper"},"acf":[],"yoast_head":"<!-- This site is optimized with the Yoast SEO Premium plugin v26.7 (Yoast SEO v26.7) - https:\/\/yoast.com\/wordpress\/plugins\/seo\/ -->\n<title>Specialized Copa do Mundo \u00c9pica Pro 2025 GR-100 Ofertas<\/title>\n<meta name=\"description\" content=\"GR-100 Specialized. Melhores pre\u00e7os sem concorr\u00eancia. Solicite a sua oferta personalizada. Specialized Copa do Mundo \u00c9pica Pro 2025.\" \/>\n<meta name=\"robots\" content=\"index, follow, max-snippet:-1, max-image-preview:large, max-video-preview:-1\" \/>\n<link rel=\"canonical\" href=\"https:\/\/gr-100.com\/pt-pt\/producto\/specialized-epic-world-cup-pro-2025\/\" \/>\n<meta property=\"og:locale\" content=\"pt_PT\" \/>\n<meta property=\"og:type\" content=\"article\" \/>\n<meta property=\"og:title\" content=\"Specialized Copa do Mundo \u00c9pica Pro 2025\" \/>\n<meta property=\"og:description\" content=\"GR-100 Specialized. Melhores pre\u00e7os sem concorr\u00eancia. Solicite a sua oferta personalizada. Specialized Copa do Mundo \u00c9pica Pro 2025.\" \/>\n<meta property=\"og:url\" content=\"https:\/\/gr-100.com\/pt-pt\/producto\/specialized-epic-world-cup-pro-2025\/\" \/>\n<meta property=\"og:site_name\" content=\"Gr-100 Tienda de ciclismo Specialized\" \/>\n<meta property=\"article:publisher\" content=\"https:\/\/www.facebook.com\/Gr100Bikes\" \/>\n<meta property=\"article:modified_time\" content=\"2025-11-26T12:24:11+00:00\" \/>\n<meta property=\"og:image\" content=\"https:\/\/gr-100.com\/wp-content\/uploads\/2024\/09\/epic-wc-2025-Pro-1.jpg\" \/>\n\t<meta property=\"og:image:width\" content=\"1080\" \/>\n\t<meta property=\"og:image:height\" content=\"1080\" \/>\n\t<meta property=\"og:image:type\" content=\"image\/jpeg\" \/>\n<meta name=\"twitter:card\" content=\"summary_large_image\" \/>\n<meta name=\"twitter:label1\" content=\"Tempo estimado de leitura\" \/>\n\t<meta name=\"twitter:data1\" content=\"5 minutos\" \/>\n<script type=\"application\/ld+json\" class=\"yoast-schema-graph\">{\"@context\":\"https:\/\/schema.org\",\"@graph\":[{\"@type\":\"WebPage\",\"@id\":\"https:\/\/gr-100.com\/pt-pt\/producto\/specialized-epic-world-cup-pro-2025\/\",\"url\":\"https:\/\/gr-100.com\/pt-pt\/producto\/specialized-epic-world-cup-pro-2025\/\",\"name\":\"Specialized Copa do Mundo \u00c9pica Pro 2025 GR-100 Ofertas\",\"isPartOf\":{\"@id\":\"https:\/\/gr-100.com\/#website\"},\"primaryImageOfPage\":{\"@id\":\"https:\/\/gr-100.com\/pt-pt\/producto\/specialized-epic-world-cup-pro-2025\/#primaryimage\"},\"image\":{\"@id\":\"https:\/\/gr-100.com\/pt-pt\/producto\/specialized-epic-world-cup-pro-2025\/#primaryimage\"},\"thumbnailUrl\":\"https:\/\/gr-100.com\/wp-content\/uploads\/2024\/09\/epic-wc-2025-Pro-1.jpg\",\"datePublished\":\"2024-09-06T10:43:13+00:00\",\"dateModified\":\"2025-11-26T12:24:11+00:00\",\"description\":\"GR-100 Specialized. Melhores pre\u00e7os sem concorr\u00eancia. Solicite a sua oferta personalizada. Specialized Copa do Mundo \u00c9pica Pro 2025.\",\"breadcrumb\":{\"@id\":\"https:\/\/gr-100.com\/pt-pt\/producto\/specialized-epic-world-cup-pro-2025\/#breadcrumb\"},\"inLanguage\":\"pt-PT\",\"potentialAction\":[{\"@type\":\"ReadAction\",\"target\":[\"https:\/\/gr-100.com\/pt-pt\/producto\/specialized-epic-world-cup-pro-2025\/\"]}]},{\"@type\":\"ImageObject\",\"inLanguage\":\"pt-PT\",\"@id\":\"https:\/\/gr-100.com\/pt-pt\/producto\/specialized-epic-world-cup-pro-2025\/#primaryimage\",\"url\":\"https:\/\/gr-100.com\/wp-content\/uploads\/2024\/09\/epic-wc-2025-Pro-1.jpg\",\"contentUrl\":\"https:\/\/gr-100.com\/wp-content\/uploads\/2024\/09\/epic-wc-2025-Pro-1.jpg\",\"width\":1080,\"height\":1080},{\"@type\":\"BreadcrumbList\",\"@id\":\"https:\/\/gr-100.com\/pt-pt\/producto\/specialized-epic-world-cup-pro-2025\/#breadcrumb\",\"itemListElement\":[{\"@type\":\"ListItem\",\"position\":1,\"name\":\"Portada\",\"item\":\"https:\/\/gr-100.com\/en\/\"},{\"@type\":\"ListItem\",\"position\":2,\"name\":\"Productos\",\"item\":\"https:\/\/gr-100.com\/?post_type=product\"},{\"@type\":\"ListItem\",\"position\":3,\"name\":\"Specialized Copa do Mundo \u00c9pica Pro 2025\"}]},{\"@type\":\"WebSite\",\"@id\":\"https:\/\/gr-100.com\/#website\",\"url\":\"https:\/\/gr-100.com\/\",\"name\":\"Gr-100 Tienda de ciclismo Specialized\",\"description\":\"GR-100 tenemos todas las gamas de bicicletas Specialized al mejor precio.\",\"publisher\":{\"@id\":\"https:\/\/gr-100.com\/#organization\"},\"alternateName\":\"Gr-100 Bikes\",\"potentialAction\":[{\"@type\":\"SearchAction\",\"target\":{\"@type\":\"EntryPoint\",\"urlTemplate\":\"https:\/\/gr-100.com\/?s={search_term_string}\"},\"query-input\":{\"@type\":\"PropertyValueSpecification\",\"valueRequired\":true,\"valueName\":\"search_term_string\"}}],\"inLanguage\":\"pt-PT\"},{\"@type\":\"Organization\",\"@id\":\"https:\/\/gr-100.com\/#organization\",\"name\":\"Gr-100\",\"url\":\"https:\/\/gr-100.com\/\",\"logo\":{\"@type\":\"ImageObject\",\"inLanguage\":\"pt-PT\",\"@id\":\"https:\/\/gr-100.com\/#\/schema\/logo\/image\/\",\"url\":\"https:\/\/gr-100.com\/wp-content\/uploads\/2023\/08\/logo-gr-100-bikes.png\",\"contentUrl\":\"https:\/\/gr-100.com\/wp-content\/uploads\/2023\/08\/logo-gr-100-bikes.png\",\"width\":707,\"height\":284,\"caption\":\"Gr-100\"},\"image\":{\"@id\":\"https:\/\/gr-100.com\/#\/schema\/logo\/image\/\"},\"sameAs\":[\"https:\/\/www.facebook.com\/Gr100Bikes\",\"https:\/\/www.instagram.com\/gr100bikes\/\",\"https:\/\/www.tiktok.com\/@gr100bikes\",\"https:\/\/twitter.com\/gr100mtbteam\",\"https:\/\/www.youtube.com\/c\/GR100Specialized\"]}]}<\/script>\n<!-- \/ Yoast SEO Premium plugin. -->","yoast_head_json":{"title":"Specialized Copa do Mundo \u00c9pica Pro 2025 GR-100 Ofertas","description":"GR-100 Specialized. Melhores pre\u00e7os sem concorr\u00eancia. Solicite a sua oferta personalizada. Specialized Copa do Mundo \u00c9pica Pro 2025.","robots":{"index":"index","follow":"follow","max-snippet":"max-snippet:-1","max-image-preview":"max-image-preview:large","max-video-preview":"max-video-preview:-1"},"canonical":"https:\/\/gr-100.com\/pt-pt\/producto\/specialized-epic-world-cup-pro-2025\/","og_locale":"pt_PT","og_type":"article","og_title":"Specialized Copa do Mundo \u00c9pica Pro 2025","og_description":"GR-100 Specialized. Melhores pre\u00e7os sem concorr\u00eancia. Solicite a sua oferta personalizada. Specialized Copa do Mundo \u00c9pica Pro 2025.","og_url":"https:\/\/gr-100.com\/pt-pt\/producto\/specialized-epic-world-cup-pro-2025\/","og_site_name":"Gr-100 Tienda de ciclismo Specialized","article_publisher":"https:\/\/www.facebook.com\/Gr100Bikes","article_modified_time":"2025-11-26T12:24:11+00:00","og_image":[{"width":1080,"height":1080,"url":"https:\/\/gr-100.com\/wp-content\/uploads\/2024\/09\/epic-wc-2025-Pro-1.jpg","type":"image\/jpeg"}],"twitter_card":"summary_large_image","twitter_misc":{"Tempo estimado de leitura":"5 minutos"},"schema":{"@context":"https:\/\/schema.org","@graph":[{"@type":"WebPage","@id":"https:\/\/gr-100.com\/pt-pt\/producto\/specialized-epic-world-cup-pro-2025\/","url":"https:\/\/gr-100.com\/pt-pt\/producto\/specialized-epic-world-cup-pro-2025\/","name":"Specialized Copa do Mundo \u00c9pica Pro 2025 GR-100 Ofertas","isPartOf":{"@id":"https:\/\/gr-100.com\/#website"},"primaryImageOfPage":{"@id":"https:\/\/gr-100.com\/pt-pt\/producto\/specialized-epic-world-cup-pro-2025\/#primaryimage"},"image":{"@id":"https:\/\/gr-100.com\/pt-pt\/producto\/specialized-epic-world-cup-pro-2025\/#primaryimage"},"thumbnailUrl":"https:\/\/gr-100.com\/wp-content\/uploads\/2024\/09\/epic-wc-2025-Pro-1.jpg","datePublished":"2024-09-06T10:43:13+00:00","dateModified":"2025-11-26T12:24:11+00:00","description":"GR-100 Specialized. Melhores pre\u00e7os sem concorr\u00eancia. Solicite a sua oferta personalizada. Specialized Copa do Mundo \u00c9pica Pro 2025.","breadcrumb":{"@id":"https:\/\/gr-100.com\/pt-pt\/producto\/specialized-epic-world-cup-pro-2025\/#breadcrumb"},"inLanguage":"pt-PT","potentialAction":[{"@type":"ReadAction","target":["https:\/\/gr-100.com\/pt-pt\/producto\/specialized-epic-world-cup-pro-2025\/"]}]},{"@type":"ImageObject","inLanguage":"pt-PT","@id":"https:\/\/gr-100.com\/pt-pt\/producto\/specialized-epic-world-cup-pro-2025\/#primaryimage","url":"https:\/\/gr-100.com\/wp-content\/uploads\/2024\/09\/epic-wc-2025-Pro-1.jpg","contentUrl":"https:\/\/gr-100.com\/wp-content\/uploads\/2024\/09\/epic-wc-2025-Pro-1.jpg","width":1080,"height":1080},{"@type":"BreadcrumbList","@id":"https:\/\/gr-100.com\/pt-pt\/producto\/specialized-epic-world-cup-pro-2025\/#breadcrumb","itemListElement":[{"@type":"ListItem","position":1,"name":"Portada","item":"https:\/\/gr-100.com\/en\/"},{"@type":"ListItem","position":2,"name":"Productos","item":"https:\/\/gr-100.com\/?post_type=product"},{"@type":"ListItem","position":3,"name":"Specialized Copa do Mundo \u00c9pica Pro 2025"}]},{"@type":"WebSite","@id":"https:\/\/gr-100.com\/#website","url":"https:\/\/gr-100.com\/","name":"Gr-100 Tienda de ciclismo Specialized","description":"GR-100 tenemos todas las gamas de bicicletas Specialized al mejor precio.","publisher":{"@id":"https:\/\/gr-100.com\/#organization"},"alternateName":"Gr-100 Bikes","potentialAction":[{"@type":"SearchAction","target":{"@type":"EntryPoint","urlTemplate":"https:\/\/gr-100.com\/?s={search_term_string}"},"query-input":{"@type":"PropertyValueSpecification","valueRequired":true,"valueName":"search_term_string"}}],"inLanguage":"pt-PT"},{"@type":"Organization","@id":"https:\/\/gr-100.com\/#organization","name":"Gr-100","url":"https:\/\/gr-100.com\/","logo":{"@type":"ImageObject","inLanguage":"pt-PT","@id":"https:\/\/gr-100.com\/#\/schema\/logo\/image\/","url":"https:\/\/gr-100.com\/wp-content\/uploads\/2023\/08\/logo-gr-100-bikes.png","contentUrl":"https:\/\/gr-100.com\/wp-content\/uploads\/2023\/08\/logo-gr-100-bikes.png","width":707,"height":284,"caption":"Gr-100"},"image":{"@id":"https:\/\/gr-100.com\/#\/schema\/logo\/image\/"},"sameAs":["https:\/\/www.facebook.com\/Gr100Bikes","https:\/\/www.instagram.com\/gr100bikes\/","https:\/\/www.tiktok.com\/@gr100bikes","https:\/\/twitter.com\/gr100mtbteam","https:\/\/www.youtube.com\/c\/GR100Specialized"]}]}},"_links":{"self":[{"href":"https:\/\/gr-100.com\/pt-pt\/wp-json\/wp\/v2\/product\/389773","targetHints":{"allow":["GET"]}}],"collection":[{"href":"https:\/\/gr-100.com\/pt-pt\/wp-json\/wp\/v2\/product"}],"about":[{"href":"https:\/\/gr-100.com\/pt-pt\/wp-json\/wp\/v2\/types\/product"}],"replies":[{"embeddable":true,"href":"https:\/\/gr-100.com\/pt-pt\/wp-json\/wp\/v2\/comments?post=389773"}],"wp:featuredmedia":[{"embeddable":true,"href":"https:\/\/gr-100.com\/pt-pt\/wp-json\/wp\/v2\/media\/389618"}],"wp:attachment":[{"href":"https:\/\/gr-100.com\/pt-pt\/wp-json\/wp\/v2\/media?parent=389773"}],"wp:term":[{"taxonomy":"product_brand","embeddable":true,"href":"https:\/\/gr-100.com\/pt-pt\/wp-json\/wp\/v2\/product_brand?post=389773"},{"taxonomy":"product_cat","embeddable":true,"href":"https:\/\/gr-100.com\/pt-pt\/wp-json\/wp\/v2\/product_cat?post=389773"},{"taxonomy":"product_tag","embeddable":true,"href":"https:\/\/gr-100.com\/pt-pt\/wp-json\/wp\/v2\/product_tag?post=389773"}],"curies":[{"name":"wp","href":"https:\/\/api.w.org\/{rel}","templated":true}]}}