{"id":390254,"date":"2024-09-11T16:28:38","date_gmt":"2024-09-11T14:28:38","guid":{"rendered":"https:\/\/gr-100.com\/?post_type=product&#038;p=390254"},"modified":"2025-11-27T11:09:05","modified_gmt":"2025-11-27T09:09:05","slug":"specialized-epic-8-pro-2025","status":"publish","type":"product","link":"https:\/\/gr-100.com\/pt-pt\/producto\/specialized-epic-8-pro-2025\/","title":{"rendered":"Specialized \u00c9pico 8 Pro 2025"},"content":{"rendered":"<p>Se voc\u00ea \u00e9 um piloto de XC ou prioriza a velocidade absoluta em sua condu\u00e7\u00e3o, a Epic 8 \u00e9 a moto para voc\u00ea.<br \/>\n<strong>CAPACIDADE INCOMPAR\u00c1VEL:<\/strong> A moto de 120mm mais capaz do planeta. Voc\u00ea ficar\u00e1 surpreso com a forma como a geometria progressiva do Epic 8 oferece capacidade t\u00e9cnica de terreno, juntamente com desempenho r\u00e1pido e eficiente em subidas e acelera\u00e7\u00f5es.<br \/>\nQUE SOLAVANCO?: Em compara\u00e7\u00e3o com a gera\u00e7\u00e3o anterior, o novo Epic 8 absorve 12% mais for\u00e7as de choque e vibra\u00e7\u00e3o do que a gera\u00e7\u00e3o anterior, deixando-o menos cansado e mais potente ao longo do tempo para que possa continuar a avan\u00e7ar enquanto outros sofrem. <strong>AJUSTANDO A DIN\u00c2MICA DE CONDU\u00c7\u00c3O:<\/strong> A equipa da Specialized Driving Dynamics desenvolveu uma afina\u00e7\u00e3o personalizada para o novo amortecedor do Epic 8. As nossas caracter\u00edsticas \u00fanicas de amortecimento, prescritas pela Ride Dynamics, elevam holisticamente a experi\u00eancia de condu\u00e7\u00e3o. Ao ajustar os choques juntamente com as taxas de alavanca do chassis e a nova cinem\u00e1tica, podemos entregar uma moto que vai al\u00e9m da soma das suas partes. <strong>EFICI\u00caNCIA BIOMEC\u00c2NICA:<\/strong> Ao otimizar a cinem\u00e1tica da suspens\u00e3o, a equipa Ride Dynamics Specialized 20% o rolamento ineficiente causado pela pedalada, mantendo a suspens\u00e3o ativa para uma gest\u00e3o eficaz da for\u00e7a de choque, garantindo que se mant\u00e9m na posi\u00e7\u00e3o de pedalada mais eficiente. \u00c9 a bicicleta de suspens\u00e3o de pedal mais eficiente que test\u00e1mos. <strong>MAIS COM MENOS:<\/strong> Com o Epic 8, n\u00e3o gastamos um \u00fanico grama extra para obter a capacidade m\u00e1xima de quadros. Todos os modelos agora possuem SWAT 4.0 para transportar todos os seus itens essenciais de trilha e um headstop integrado para evitar a cicatriz onipresente do tubo superior na primeira vez que voc\u00ea bater e seu guid\u00e3o girar. Na verdade, o novo quadro do Epic 8 S-Works perdeu peso (76 gramas para ser exato) ao receber essas novas adi\u00e7\u00f5es. <\/p>\n<ul>\n<li>A moto de 120mm mais capaz do planeta.<br \/>\n12% mais absor\u00e7\u00e3o de solavancos e 20% menos rolagem do pedal. <\/li>\n<li>RockShox SIDLuxe ULTIMATE choque e garfo SID ULTIMATE desenvolvido pela Ride Dynamics<\/li>\n<li>Choque personalizado com 3 configura\u00e7\u00f5es exclusivas de amortecimento<\/li>\n<li>As jantes de carbono Roval Control destacam-se em todo o lado, desde as corridas xc do campeonato do mundo at\u00e9 ao seu trilho favorito de fim de semana.<\/li>\n<li>Pronto para dados com o medidor de pot\u00eancia do eixo Quarq<\/li>\n<li>Os freios de 4 pist\u00f5es SRAM Level Silver trazem pot\u00eancia de frenagem para motos de trail em uma categoria leve para corridas de XC.<\/li>\n<li>Conduza com confian\u00e7a com a cadeia cinem\u00e1tica superresistente e fi\u00e1vel XO Eagle AXS.<\/li>\n<\/ul>\n<p><strong>Especifica\u00e7\u00f5es t\u00e9cnicas<\/strong><\/p>\n<ul>\n<li>Armazenamento interno SWAT<br \/>\nSWAT<\/li>\n<li>FACTO 11m Carbon FRAME<br \/>\n, Geometria Progressiva de Corrida XC, Rider-First Engineered\u2122, armazenamento SWAT downtube, BB roscado, sa\u00edda traseira compat\u00edvel com UDH 12x148mm, roteamento de cabos internos, 120mm de curso<\/li>\n<li>ABRA\u00c7O. Specialized SADDLE,<br \/>\n 34.9, Parafuso de a\u00e7o <\/li>\n<li>Guiador<br \/>\n S-Works Carbon XC Mini Rise, upsweep de 6 graus, backsweep de 8 graus, eleva\u00e7\u00e3o de 10mm, 760mm, 31,8mm<\/li>\n<li>STEM<br \/>\nSpecialized Pro SL, liga, 4 parafusos<\/li>\n<li>SRAM Slip on com punhos<br \/>\n Twist-Loc<\/li>\n<li>Geometria Corporal Power Expert SADDLE\n<\/li>\n<li>Bicicleta Yoke Divine SL SEATPOST<br \/>\n, 30.9mm, SM: 100\/ MD-XL: 125mm,<\/li>\n<li>RockShox SIDLuxe ULTIMATE SHOCK<br \/>\n, Ride Dynamics desenvolveu 3 posi\u00e7\u00f5es, ajuste remoto TwistLoc, Solo Air, 190x45mm<\/li>\n<li>RockShox SID ULTIMATE FORK<br \/>\n, Ride Dynamics desenvolveu 3 posi\u00e7\u00f5es, ajuste remoto TwistLoc, Debon Air, 15x110mm, 44mm offset, 120mm Travel<\/li>\n<li>FREIO DIANTEIRO<br \/>\nSRAM N\u00edvel Prata, pin\u00e7a de 4 pist\u00f5es, disco hidr\u00e1ulico, furtividade, rotor de 180mm<\/li>\n<li>Freio<br \/>\n traseiro SRAM Level Silver, pin\u00e7a de 4 pist\u00f5es, disco hidr\u00e1ulico, furtividade, rotorSRAM 160<\/li>\n<li>SRAM<br \/>\n AXS POD<\/li>\n<li>SRAM X0 Eagle Transmiss\u00e3o TRASEIRA DERAILLEUR\n<\/li>\n<li>SRAM XS 1295 CASSETTE,<br \/>\n 12 velocidades, 10-52SRAM<\/li>\n<li>SRAM X0 Eagle CHAIN\n<\/li>\n<li>SRAM X0 Eagle BOTTOM BRACKET<br \/>\n, medidor de pot\u00eancia do eixo Quarq, DUB, 170\/175mm, 34t<\/li>\n<li>Liga 34t CHAINRINGS\n<\/li>\n<li>SRAM DUB Suporte inferior<br \/>\nSRAM largo roscado<\/li>\n<li>Roval<br \/>\n de controle Roval, design de compensa\u00e7\u00e3o de carbono, largura interna de 29mm, largura do gancho de 4mm, pronto para tubeless, 28h<\/li>\n<li>CUBO DIANTEIRO<br \/>\nDT SWISS 350, 6 parafusos, eixo Thru de 15 mm, espa\u00e7amento de 110 mm, tra\u00e7\u00e3o reta de 28 horas<\/li>\n<li>DT SWISS 350 cubo traseiro<br \/>\nde tra\u00e7\u00e3o reta, 6 parafusos, catraca DT Su\u00ed\u00e7a, eixo de 12&#215;148 mm, corpo de cubo livre XD, tra\u00e7\u00e3o reta de 28h<\/li>\n<li>DT Swiss Comp Race RAIOS\n<\/li>\n<li>PNEU.<br \/>\nSpecialized Trak r\u00e1pido, caixa de controle, composto T7, 29&#215;2.35<\/li>\n<li>PNEU TRASEIRO<br \/>\nSpecialized , Caixa de Controle, Composto T5, 29&#215;2.35<\/li>\n<li>C\u00c2MARAS<br \/>\nSpecialized<\/li>\n<li>Peso<br \/>\n10.87kg (23 lb, 15.4 oz)<\/li>\n<\/ul>\n<p>* Os pesos baseiam-se em fotografias de produ\u00e7\u00e3o pintadas, tal como indicado na imagem. Os pesos reais variam consoante a cor, o tamanho do quadro e a varia\u00e7\u00e3o dos componentes. As especifica\u00e7\u00f5es est\u00e3o sujeitas a altera\u00e7\u00f5es sem aviso pr\u00e9vio.<\/p>\n","protected":false},"excerpt":{"rendered":"<p>O novo Epic 8 evolui a f\u00f3rmula da velocidade atrav\u00e9s da capacidade, efici\u00eancia e integra\u00e7\u00e3o leve.<br \/>\nAs modernas pistas XC exigem cada vez mais capacidade dia ap\u00f3s dia.<br \/>\nEntre no Epic 8.<br \/>\nA sua cinem\u00e1tica melhorada torna-a na bicicleta de pedalada mais eficiente que test\u00e1mos, enquanto os amortecedores personalizados (e afinados) absorvem cada solavanco.<br \/>\nEle \u00e9 um lobo em roupas de lobo.    <\/p>\n","protected":false},"featured_media":390296,"comment_status":"closed","ping_status":"closed","template":"","meta":{"_acf_changed":false,"_et_pb_use_builder":"","_et_pb_old_content":"","_et_gb_content_width":"","inline_featured_image":false},"product_brand":[],"product_cat":[2459,402],"product_tag":[],"class_list":{"0":"post-390254","1":"product","2":"type-product","3":"status-publish","4":"has-post-thumbnail","6":"product_cat-bicicletas-pt-pt-2","7":"product_cat-montanha","8":"product_shipping_class-bicicletas-pt-pt","10":"first","11":"outofstock","12":"taxable","13":"shipping-taxable","14":"product-type-variable","15":"wvs-archive-product-wrapper"},"acf":[],"yoast_head":"<!-- This site is optimized with the Yoast SEO Premium plugin v26.7 (Yoast SEO v26.7) - https:\/\/yoast.com\/wordpress\/plugins\/seo\/ -->\n<title>Specialized \u00c9pico 8 Pro 2025 GR100 S-Works Specialized<\/title>\n<meta name=\"description\" content=\"Specialized O Epic 8 Pro 2025 evolui a f\u00f3rmula de mais r\u00e1pido atrav\u00e9s da capacidade, efici\u00eancia e integra\u00e7\u00e3o leve. Ele \u00e9 um lobo em roupas de lobo.\" \/>\n<meta name=\"robots\" content=\"index, follow, max-snippet:-1, max-image-preview:large, max-video-preview:-1\" \/>\n<link rel=\"canonical\" href=\"https:\/\/gr-100.com\/pt-pt\/producto\/specialized-epic-8-pro-2025\/\" \/>\n<meta property=\"og:locale\" content=\"pt_PT\" \/>\n<meta property=\"og:type\" content=\"article\" \/>\n<meta property=\"og:title\" content=\"Specialized \u00c9pico 8 Pro 2025\" \/>\n<meta property=\"og:description\" content=\"Specialized O Epic 8 Pro 2025 evolui a f\u00f3rmula de mais r\u00e1pido atrav\u00e9s da capacidade, efici\u00eancia e integra\u00e7\u00e3o leve. Ele \u00e9 um lobo em roupas de lobo.\" \/>\n<meta property=\"og:url\" content=\"https:\/\/gr-100.com\/pt-pt\/producto\/specialized-epic-8-pro-2025\/\" \/>\n<meta property=\"og:site_name\" content=\"Gr-100 Tienda de ciclismo Specialized\" \/>\n<meta property=\"article:publisher\" content=\"https:\/\/www.facebook.com\/Gr100Bikes\" \/>\n<meta property=\"article:modified_time\" content=\"2025-11-27T09:09:05+00:00\" \/>\n<meta property=\"og:image\" content=\"https:\/\/gr-100.com\/wp-content\/uploads\/2024\/09\/epic_8_pro_2025-1.jpg\" \/>\n\t<meta property=\"og:image:width\" content=\"1000\" \/>\n\t<meta property=\"og:image:height\" content=\"1000\" \/>\n\t<meta property=\"og:image:type\" content=\"image\/jpeg\" \/>\n<meta name=\"twitter:card\" content=\"summary_large_image\" \/>\n<meta name=\"twitter:label1\" content=\"Tempo estimado de leitura\" \/>\n\t<meta name=\"twitter:data1\" content=\"4 minutos\" \/>\n<script type=\"application\/ld+json\" class=\"yoast-schema-graph\">{\"@context\":\"https:\/\/schema.org\",\"@graph\":[{\"@type\":\"WebPage\",\"@id\":\"https:\/\/gr-100.com\/pt-pt\/producto\/specialized-epic-8-pro-2025\/\",\"url\":\"https:\/\/gr-100.com\/pt-pt\/producto\/specialized-epic-8-pro-2025\/\",\"name\":\"Specialized \u00c9pico 8 Pro 2025 GR100 S-Works Specialized\",\"isPartOf\":{\"@id\":\"https:\/\/gr-100.com\/#website\"},\"primaryImageOfPage\":{\"@id\":\"https:\/\/gr-100.com\/pt-pt\/producto\/specialized-epic-8-pro-2025\/#primaryimage\"},\"image\":{\"@id\":\"https:\/\/gr-100.com\/pt-pt\/producto\/specialized-epic-8-pro-2025\/#primaryimage\"},\"thumbnailUrl\":\"https:\/\/gr-100.com\/wp-content\/uploads\/2024\/09\/epic_8_pro_2025-1.jpg\",\"datePublished\":\"2024-09-11T14:28:38+00:00\",\"dateModified\":\"2025-11-27T09:09:05+00:00\",\"description\":\"Specialized O Epic 8 Pro 2025 evolui a f\u00f3rmula de mais r\u00e1pido atrav\u00e9s da capacidade, efici\u00eancia e integra\u00e7\u00e3o leve. Ele \u00e9 um lobo em roupas de lobo.\",\"breadcrumb\":{\"@id\":\"https:\/\/gr-100.com\/pt-pt\/producto\/specialized-epic-8-pro-2025\/#breadcrumb\"},\"inLanguage\":\"pt-PT\",\"potentialAction\":[{\"@type\":\"ReadAction\",\"target\":[\"https:\/\/gr-100.com\/pt-pt\/producto\/specialized-epic-8-pro-2025\/\"]}]},{\"@type\":\"ImageObject\",\"inLanguage\":\"pt-PT\",\"@id\":\"https:\/\/gr-100.com\/pt-pt\/producto\/specialized-epic-8-pro-2025\/#primaryimage\",\"url\":\"https:\/\/gr-100.com\/wp-content\/uploads\/2024\/09\/epic_8_pro_2025-1.jpg\",\"contentUrl\":\"https:\/\/gr-100.com\/wp-content\/uploads\/2024\/09\/epic_8_pro_2025-1.jpg\",\"width\":1000,\"height\":1000},{\"@type\":\"BreadcrumbList\",\"@id\":\"https:\/\/gr-100.com\/pt-pt\/producto\/specialized-epic-8-pro-2025\/#breadcrumb\",\"itemListElement\":[{\"@type\":\"ListItem\",\"position\":1,\"name\":\"Portada\",\"item\":\"https:\/\/gr-100.com\/en\/\"},{\"@type\":\"ListItem\",\"position\":2,\"name\":\"Productos\",\"item\":\"https:\/\/gr-100.com\/?post_type=product\"},{\"@type\":\"ListItem\",\"position\":3,\"name\":\"Specialized \u00c9pico 8 Pro 2025\"}]},{\"@type\":\"WebSite\",\"@id\":\"https:\/\/gr-100.com\/#website\",\"url\":\"https:\/\/gr-100.com\/\",\"name\":\"Gr-100 Tienda de ciclismo Specialized\",\"description\":\"GR-100 tenemos todas las gamas de bicicletas Specialized al mejor precio.\",\"publisher\":{\"@id\":\"https:\/\/gr-100.com\/#organization\"},\"alternateName\":\"Gr-100 Bikes\",\"potentialAction\":[{\"@type\":\"SearchAction\",\"target\":{\"@type\":\"EntryPoint\",\"urlTemplate\":\"https:\/\/gr-100.com\/?s={search_term_string}\"},\"query-input\":{\"@type\":\"PropertyValueSpecification\",\"valueRequired\":true,\"valueName\":\"search_term_string\"}}],\"inLanguage\":\"pt-PT\"},{\"@type\":\"Organization\",\"@id\":\"https:\/\/gr-100.com\/#organization\",\"name\":\"Gr-100\",\"url\":\"https:\/\/gr-100.com\/\",\"logo\":{\"@type\":\"ImageObject\",\"inLanguage\":\"pt-PT\",\"@id\":\"https:\/\/gr-100.com\/#\/schema\/logo\/image\/\",\"url\":\"https:\/\/gr-100.com\/wp-content\/uploads\/2023\/08\/logo-gr-100-bikes.png\",\"contentUrl\":\"https:\/\/gr-100.com\/wp-content\/uploads\/2023\/08\/logo-gr-100-bikes.png\",\"width\":707,\"height\":284,\"caption\":\"Gr-100\"},\"image\":{\"@id\":\"https:\/\/gr-100.com\/#\/schema\/logo\/image\/\"},\"sameAs\":[\"https:\/\/www.facebook.com\/Gr100Bikes\",\"https:\/\/www.instagram.com\/gr100bikes\/\",\"https:\/\/www.tiktok.com\/@gr100bikes\",\"https:\/\/twitter.com\/gr100mtbteam\",\"https:\/\/www.youtube.com\/c\/GR100Specialized\"]}]}<\/script>\n<!-- \/ Yoast SEO Premium plugin. -->","yoast_head_json":{"title":"Specialized \u00c9pico 8 Pro 2025 GR100 S-Works Specialized","description":"Specialized O Epic 8 Pro 2025 evolui a f\u00f3rmula de mais r\u00e1pido atrav\u00e9s da capacidade, efici\u00eancia e integra\u00e7\u00e3o leve. Ele \u00e9 um lobo em roupas de lobo.","robots":{"index":"index","follow":"follow","max-snippet":"max-snippet:-1","max-image-preview":"max-image-preview:large","max-video-preview":"max-video-preview:-1"},"canonical":"https:\/\/gr-100.com\/pt-pt\/producto\/specialized-epic-8-pro-2025\/","og_locale":"pt_PT","og_type":"article","og_title":"Specialized \u00c9pico 8 Pro 2025","og_description":"Specialized O Epic 8 Pro 2025 evolui a f\u00f3rmula de mais r\u00e1pido atrav\u00e9s da capacidade, efici\u00eancia e integra\u00e7\u00e3o leve. Ele \u00e9 um lobo em roupas de lobo.","og_url":"https:\/\/gr-100.com\/pt-pt\/producto\/specialized-epic-8-pro-2025\/","og_site_name":"Gr-100 Tienda de ciclismo Specialized","article_publisher":"https:\/\/www.facebook.com\/Gr100Bikes","article_modified_time":"2025-11-27T09:09:05+00:00","og_image":[{"width":1000,"height":1000,"url":"https:\/\/gr-100.com\/wp-content\/uploads\/2024\/09\/epic_8_pro_2025-1.jpg","type":"image\/jpeg"}],"twitter_card":"summary_large_image","twitter_misc":{"Tempo estimado de leitura":"4 minutos"},"schema":{"@context":"https:\/\/schema.org","@graph":[{"@type":"WebPage","@id":"https:\/\/gr-100.com\/pt-pt\/producto\/specialized-epic-8-pro-2025\/","url":"https:\/\/gr-100.com\/pt-pt\/producto\/specialized-epic-8-pro-2025\/","name":"Specialized \u00c9pico 8 Pro 2025 GR100 S-Works Specialized","isPartOf":{"@id":"https:\/\/gr-100.com\/#website"},"primaryImageOfPage":{"@id":"https:\/\/gr-100.com\/pt-pt\/producto\/specialized-epic-8-pro-2025\/#primaryimage"},"image":{"@id":"https:\/\/gr-100.com\/pt-pt\/producto\/specialized-epic-8-pro-2025\/#primaryimage"},"thumbnailUrl":"https:\/\/gr-100.com\/wp-content\/uploads\/2024\/09\/epic_8_pro_2025-1.jpg","datePublished":"2024-09-11T14:28:38+00:00","dateModified":"2025-11-27T09:09:05+00:00","description":"Specialized O Epic 8 Pro 2025 evolui a f\u00f3rmula de mais r\u00e1pido atrav\u00e9s da capacidade, efici\u00eancia e integra\u00e7\u00e3o leve. Ele \u00e9 um lobo em roupas de lobo.","breadcrumb":{"@id":"https:\/\/gr-100.com\/pt-pt\/producto\/specialized-epic-8-pro-2025\/#breadcrumb"},"inLanguage":"pt-PT","potentialAction":[{"@type":"ReadAction","target":["https:\/\/gr-100.com\/pt-pt\/producto\/specialized-epic-8-pro-2025\/"]}]},{"@type":"ImageObject","inLanguage":"pt-PT","@id":"https:\/\/gr-100.com\/pt-pt\/producto\/specialized-epic-8-pro-2025\/#primaryimage","url":"https:\/\/gr-100.com\/wp-content\/uploads\/2024\/09\/epic_8_pro_2025-1.jpg","contentUrl":"https:\/\/gr-100.com\/wp-content\/uploads\/2024\/09\/epic_8_pro_2025-1.jpg","width":1000,"height":1000},{"@type":"BreadcrumbList","@id":"https:\/\/gr-100.com\/pt-pt\/producto\/specialized-epic-8-pro-2025\/#breadcrumb","itemListElement":[{"@type":"ListItem","position":1,"name":"Portada","item":"https:\/\/gr-100.com\/en\/"},{"@type":"ListItem","position":2,"name":"Productos","item":"https:\/\/gr-100.com\/?post_type=product"},{"@type":"ListItem","position":3,"name":"Specialized \u00c9pico 8 Pro 2025"}]},{"@type":"WebSite","@id":"https:\/\/gr-100.com\/#website","url":"https:\/\/gr-100.com\/","name":"Gr-100 Tienda de ciclismo Specialized","description":"GR-100 tenemos todas las gamas de bicicletas Specialized al mejor precio.","publisher":{"@id":"https:\/\/gr-100.com\/#organization"},"alternateName":"Gr-100 Bikes","potentialAction":[{"@type":"SearchAction","target":{"@type":"EntryPoint","urlTemplate":"https:\/\/gr-100.com\/?s={search_term_string}"},"query-input":{"@type":"PropertyValueSpecification","valueRequired":true,"valueName":"search_term_string"}}],"inLanguage":"pt-PT"},{"@type":"Organization","@id":"https:\/\/gr-100.com\/#organization","name":"Gr-100","url":"https:\/\/gr-100.com\/","logo":{"@type":"ImageObject","inLanguage":"pt-PT","@id":"https:\/\/gr-100.com\/#\/schema\/logo\/image\/","url":"https:\/\/gr-100.com\/wp-content\/uploads\/2023\/08\/logo-gr-100-bikes.png","contentUrl":"https:\/\/gr-100.com\/wp-content\/uploads\/2023\/08\/logo-gr-100-bikes.png","width":707,"height":284,"caption":"Gr-100"},"image":{"@id":"https:\/\/gr-100.com\/#\/schema\/logo\/image\/"},"sameAs":["https:\/\/www.facebook.com\/Gr100Bikes","https:\/\/www.instagram.com\/gr100bikes\/","https:\/\/www.tiktok.com\/@gr100bikes","https:\/\/twitter.com\/gr100mtbteam","https:\/\/www.youtube.com\/c\/GR100Specialized"]}]}},"_links":{"self":[{"href":"https:\/\/gr-100.com\/pt-pt\/wp-json\/wp\/v2\/product\/390254","targetHints":{"allow":["GET"]}}],"collection":[{"href":"https:\/\/gr-100.com\/pt-pt\/wp-json\/wp\/v2\/product"}],"about":[{"href":"https:\/\/gr-100.com\/pt-pt\/wp-json\/wp\/v2\/types\/product"}],"replies":[{"embeddable":true,"href":"https:\/\/gr-100.com\/pt-pt\/wp-json\/wp\/v2\/comments?post=390254"}],"wp:featuredmedia":[{"embeddable":true,"href":"https:\/\/gr-100.com\/pt-pt\/wp-json\/wp\/v2\/media\/390296"}],"wp:attachment":[{"href":"https:\/\/gr-100.com\/pt-pt\/wp-json\/wp\/v2\/media?parent=390254"}],"wp:term":[{"taxonomy":"product_brand","embeddable":true,"href":"https:\/\/gr-100.com\/pt-pt\/wp-json\/wp\/v2\/product_brand?post=390254"},{"taxonomy":"product_cat","embeddable":true,"href":"https:\/\/gr-100.com\/pt-pt\/wp-json\/wp\/v2\/product_cat?post=390254"},{"taxonomy":"product_tag","embeddable":true,"href":"https:\/\/gr-100.com\/pt-pt\/wp-json\/wp\/v2\/product_tag?post=390254"}],"curies":[{"name":"wp","href":"https:\/\/api.w.org\/{rel}","templated":true}]}}