{"id":390464,"date":"2024-09-13T11:39:18","date_gmt":"2024-09-13T10:39:18","guid":{"rendered":"https:\/\/gr-100.com\/?post_type=product&#038;p=390464"},"modified":"2025-09-22T16:54:38","modified_gmt":"2025-09-22T14:54:38","slug":"specialized-tarmac-sl8-105-di2-montaje-gr-100-2025","status":"publish","type":"product","link":"https:\/\/gr-100.com\/pt-pt\/producto\/specialized-tarmac-sl8-105-di2-montaje-gr-100-2025\/","title":{"rendered":"Specialized Tarmac SL8 105 Di2 Monte GR-100 2025"},"content":{"rendered":"<div>\n<p>A aerodin\u00e2mica ou a leveza por si s\u00f3 n\u00e3o ganham competi\u00e7\u00f5es: a velocidade \u00e9 o que importa. Para atingir essa velocidade, precisa de criar uma combina\u00e7\u00e3o intransigente de aerodin\u00e2mica, leveza, rigidez e conformidade. Atrav\u00e9s de simula\u00e7\u00f5es de corrida do mundo real, a nossa equipa Ride Science sabe que a Tarmac SL8 \u00e9 a moto de corrida mais r\u00e1pida alguma vez feita nas rotas que importam: 16,6 segundos mais r\u00e1pido em 40km, 128 segundos mais r\u00e1pido em Mil\u00e3o San Remo, 20 segundos mais r\u00e1pido na lend\u00e1ria subida Tourmalet.  <\/p>\n<\/div>\n<p><strong>Especifica\u00e7\u00f5es t\u00e9cnicas<\/strong><\/p>\n<ul>\n<li>Geometria Corporal Power Expert SADDLE\n<\/li>\n<li>S-WORKS TARMAC SL8 Poste de assento em carbono<br \/>\n, FACT Carbon, 15mm offset<\/li>\n<li>Guiador<br \/>\n de carbono PRO Vibe Aero &#8211; 42cm\/ 31.8mm<\/li>\n<li>CINTA<br \/>\nPro<\/li>\n<li>Haste integrada STEM<br \/>\nTarmac, 6 graus<\/li>\n<li>ABRA\u00c7O. Cunha integrada na pista SADDLE\n <\/li>\n<li>Garfo<br \/>\n de carbono Tarmac SL8 FACT 10r, eixo thru de 12x100mm, disco de montagem plana<\/li>\n<li>FRAME<br \/>\nTarmac SL8 FACT 10r Carbon, Rider First Engineered\u2122, Win Tunnel Engineered, Clean Routing, Threaded BB, 12x142mm thru-axle, disco de montagem plana<\/li>\n<li>C\u00c2MARAS<br \/>\nTurbo Ultralight, v\u00e1lvula Presta de 48mm<\/li>\n<li>RODA DIANTEIRA<br \/>\nShimano WH-RS710 C32 DISCO DE CARBONO TUBELESS<\/li>\n<li>RODA TRASEIRA<br \/>\nShimano WH-RS710 C32 DISCO DE CARBONO TUBELESS<\/li>\n<li>PNEU.<br \/>\nSpecialized Turbo, tal\u00e3o dobr\u00e1vel, 700x26mm<\/li>\n<li>PNEU TRASEIRO<br \/>\nSpecialized , tal\u00e3o dobr\u00e1vel, 700x26mm<\/li>\n<li>Shimano SLX M7100 CHAIN<br \/>\n, 12 velocidades w \/ link r\u00e1pido<\/li>\n<li>Shimano 105 CASSETTE,<br \/>\n 12 velocidades, 11-34t<\/li>\n<li>Suporte inferior<br \/>\n Shimano Threaded BSA BB<\/li>\n<li>SHIFTERS<br \/>\n Shimano 105 Di2 7170<\/li>\n<li>Shimano 105 Di2 7150 DERAILLEUR<br \/>\n TRASEIRO<\/li>\n<li>FC-R7100 SUPORTE INFERIOR,<br \/>\n 105, 12 velocidades, Holllowtech 2<\/li>\n<li>DERAILLEUR<br \/>\nFRONTAL Shimano 105 Di2 7150, brasagem em<\/li>\n<li>PLATOS<br \/>\n50\/34T<\/li>\n<li>FREIO DIANTEIRO<br \/>\nShimano 105 R7170, disco hidr\u00e1ulico<\/li>\n<li>FREIO TRASEIRO<br \/>\nShimano 105 R7170, disco hidr\u00e1ulico<\/li>\n<li>ROVAL C38 RODAS OP\u00c7\u00c3O + 300\u20ac<\/li>\n<\/ul>\n","protected":false},"excerpt":{"rendered":"<p>Specialized Montagem Tarmac SL8 105 Di2 GR-100 2025, guiador PRO Vibe Aero Carbon &#8211; 42cm\/ 31.8mm, engrenagem Shimano 105 Di2 7150, rodas Shimano WH-RS710 C32 CARBON DISC TUBELESS.<\/p>\n<p>ROVAL C38 RODAS OP\u00c7\u00c3O + 300\u20ac<\/p>\n","protected":false},"featured_media":390485,"comment_status":"closed","ping_status":"closed","template":"","meta":{"_acf_changed":false,"_et_pb_use_builder":"","_et_pb_old_content":"","_et_gb_content_width":"","inline_featured_image":false},"product_brand":[],"product_cat":[4353,2459,378,5315,5314,5313,4352,2483,2696],"product_tag":[],"class_list":{"0":"post-390464","1":"product","2":"type-product","3":"status-publish","4":"has-post-thumbnail","6":"product_cat-liquidacion-specialized","7":"product_cat-bicicletas-pt-pt-2","8":"product_cat-estrada","9":"product_cat-bicicletas-carretera-aero-pt-pt","10":"product_cat-bicicletas-carretera-carbono-pt-pt","11":"product_cat-bicicletas-carretera-specialized-pt-pt","12":"product_cat-montajes-a-la-carta-pt-pt","13":"product_cat-bicicletas-especializadas","14":"product_cat-ofertas-especializadas","15":"product_shipping_class-bicicletas-pt-pt","17":"first","18":"instock","19":"sale","20":"taxable","21":"shipping-taxable","22":"purchasable","23":"product-type-variable","24":"wvs-archive-product-wrapper"},"acf":[],"yoast_head":"<!-- This site is optimized with the Yoast SEO Premium plugin v26.7 (Yoast SEO v26.7) - https:\/\/yoast.com\/wordpress\/plugins\/seo\/ -->\n<title>Specialized Tarmac SL8 105 Di2 Monte GR-100 2025 GR-100<\/title>\n<meta name=\"description\" content=\"Nada \u00e9 mais r\u00e1pido do que o Tarmac SL8 gra\u00e7as a uma combina\u00e7\u00e3o de aerodin\u00e2mica, leveza e qualidade de condu\u00e7\u00e3o que anteriormente se pensava ser imposs\u00edvel.\" \/>\n<meta name=\"robots\" content=\"index, follow, max-snippet:-1, max-image-preview:large, max-video-preview:-1\" \/>\n<link rel=\"canonical\" href=\"https:\/\/gr-100.com\/pt-pt\/producto\/specialized-tarmac-sl8-105-di2-montaje-gr-100-2025\/\" \/>\n<meta property=\"og:locale\" content=\"pt_PT\" \/>\n<meta property=\"og:type\" content=\"article\" \/>\n<meta property=\"og:title\" content=\"Specialized Tarmac SL8 105 Di2 Monte GR-100 2025\" \/>\n<meta property=\"og:description\" content=\"Nada \u00e9 mais r\u00e1pido do que o Tarmac SL8 gra\u00e7as a uma combina\u00e7\u00e3o de aerodin\u00e2mica, leveza e qualidade de condu\u00e7\u00e3o que anteriormente se pensava ser imposs\u00edvel.\" \/>\n<meta property=\"og:url\" content=\"https:\/\/gr-100.com\/pt-pt\/producto\/specialized-tarmac-sl8-105-di2-montaje-gr-100-2025\/\" \/>\n<meta property=\"og:site_name\" content=\"Gr-100 Tienda de ciclismo Specialized\" \/>\n<meta property=\"article:publisher\" content=\"https:\/\/www.facebook.com\/Gr100Bikes\" \/>\n<meta property=\"article:modified_time\" content=\"2025-09-22T14:54:38+00:00\" \/>\n<meta property=\"og:image\" content=\"https:\/\/gr-100.com\/wp-content\/uploads\/2024\/09\/tarmac_sl8_montaje.jpg\" \/>\n\t<meta property=\"og:image:width\" content=\"1000\" \/>\n\t<meta property=\"og:image:height\" content=\"1000\" \/>\n\t<meta property=\"og:image:type\" content=\"image\/jpeg\" \/>\n<meta name=\"twitter:card\" content=\"summary_large_image\" \/>\n<meta name=\"twitter:label1\" content=\"Tempo estimado de leitura\" \/>\n\t<meta name=\"twitter:data1\" content=\"2 minutos\" \/>\n<script type=\"application\/ld+json\" class=\"yoast-schema-graph\">{\"@context\":\"https:\/\/schema.org\",\"@graph\":[{\"@type\":\"WebPage\",\"@id\":\"https:\/\/gr-100.com\/pt-pt\/producto\/specialized-tarmac-sl8-105-di2-montaje-gr-100-2025\/\",\"url\":\"https:\/\/gr-100.com\/pt-pt\/producto\/specialized-tarmac-sl8-105-di2-montaje-gr-100-2025\/\",\"name\":\"Specialized Tarmac SL8 105 Di2 Monte GR-100 2025 GR-100\",\"isPartOf\":{\"@id\":\"https:\/\/gr-100.com\/#website\"},\"primaryImageOfPage\":{\"@id\":\"https:\/\/gr-100.com\/pt-pt\/producto\/specialized-tarmac-sl8-105-di2-montaje-gr-100-2025\/#primaryimage\"},\"image\":{\"@id\":\"https:\/\/gr-100.com\/pt-pt\/producto\/specialized-tarmac-sl8-105-di2-montaje-gr-100-2025\/#primaryimage\"},\"thumbnailUrl\":\"https:\/\/gr-100.com\/wp-content\/uploads\/2024\/09\/tarmac_sl8_montaje.jpg\",\"datePublished\":\"2024-09-13T10:39:18+00:00\",\"dateModified\":\"2025-09-22T14:54:38+00:00\",\"description\":\"Nada \u00e9 mais r\u00e1pido do que o Tarmac SL8 gra\u00e7as a uma combina\u00e7\u00e3o de aerodin\u00e2mica, leveza e qualidade de condu\u00e7\u00e3o que anteriormente se pensava ser imposs\u00edvel.\",\"breadcrumb\":{\"@id\":\"https:\/\/gr-100.com\/pt-pt\/producto\/specialized-tarmac-sl8-105-di2-montaje-gr-100-2025\/#breadcrumb\"},\"inLanguage\":\"pt-PT\",\"potentialAction\":[{\"@type\":\"ReadAction\",\"target\":[\"https:\/\/gr-100.com\/pt-pt\/producto\/specialized-tarmac-sl8-105-di2-montaje-gr-100-2025\/\"]}]},{\"@type\":\"ImageObject\",\"inLanguage\":\"pt-PT\",\"@id\":\"https:\/\/gr-100.com\/pt-pt\/producto\/specialized-tarmac-sl8-105-di2-montaje-gr-100-2025\/#primaryimage\",\"url\":\"https:\/\/gr-100.com\/wp-content\/uploads\/2024\/09\/tarmac_sl8_montaje.jpg\",\"contentUrl\":\"https:\/\/gr-100.com\/wp-content\/uploads\/2024\/09\/tarmac_sl8_montaje.jpg\",\"width\":1000,\"height\":1000},{\"@type\":\"BreadcrumbList\",\"@id\":\"https:\/\/gr-100.com\/pt-pt\/producto\/specialized-tarmac-sl8-105-di2-montaje-gr-100-2025\/#breadcrumb\",\"itemListElement\":[{\"@type\":\"ListItem\",\"position\":1,\"name\":\"Portada\",\"item\":\"https:\/\/gr-100.com\/en\/\"},{\"@type\":\"ListItem\",\"position\":2,\"name\":\"Productos\",\"item\":\"https:\/\/gr-100.com\/?post_type=product\"},{\"@type\":\"ListItem\",\"position\":3,\"name\":\"Specialized Tarmac SL8 105 Di2 Monte GR-100 2025\"}]},{\"@type\":\"WebSite\",\"@id\":\"https:\/\/gr-100.com\/#website\",\"url\":\"https:\/\/gr-100.com\/\",\"name\":\"Gr-100 Tienda de ciclismo Specialized\",\"description\":\"GR-100 tenemos todas las gamas de bicicletas Specialized al mejor precio.\",\"publisher\":{\"@id\":\"https:\/\/gr-100.com\/#organization\"},\"alternateName\":\"Gr-100 Bikes\",\"potentialAction\":[{\"@type\":\"SearchAction\",\"target\":{\"@type\":\"EntryPoint\",\"urlTemplate\":\"https:\/\/gr-100.com\/?s={search_term_string}\"},\"query-input\":{\"@type\":\"PropertyValueSpecification\",\"valueRequired\":true,\"valueName\":\"search_term_string\"}}],\"inLanguage\":\"pt-PT\"},{\"@type\":\"Organization\",\"@id\":\"https:\/\/gr-100.com\/#organization\",\"name\":\"Gr-100\",\"url\":\"https:\/\/gr-100.com\/\",\"logo\":{\"@type\":\"ImageObject\",\"inLanguage\":\"pt-PT\",\"@id\":\"https:\/\/gr-100.com\/#\/schema\/logo\/image\/\",\"url\":\"https:\/\/gr-100.com\/wp-content\/uploads\/2023\/08\/logo-gr-100-bikes.png\",\"contentUrl\":\"https:\/\/gr-100.com\/wp-content\/uploads\/2023\/08\/logo-gr-100-bikes.png\",\"width\":707,\"height\":284,\"caption\":\"Gr-100\"},\"image\":{\"@id\":\"https:\/\/gr-100.com\/#\/schema\/logo\/image\/\"},\"sameAs\":[\"https:\/\/www.facebook.com\/Gr100Bikes\",\"https:\/\/www.instagram.com\/gr100bikes\/\",\"https:\/\/www.tiktok.com\/@gr100bikes\",\"https:\/\/twitter.com\/gr100mtbteam\",\"https:\/\/www.youtube.com\/c\/GR100Specialized\"]}]}<\/script>\n<!-- \/ Yoast SEO Premium plugin. -->","yoast_head_json":{"title":"Specialized Tarmac SL8 105 Di2 Monte GR-100 2025 GR-100","description":"Nada \u00e9 mais r\u00e1pido do que o Tarmac SL8 gra\u00e7as a uma combina\u00e7\u00e3o de aerodin\u00e2mica, leveza e qualidade de condu\u00e7\u00e3o que anteriormente se pensava ser imposs\u00edvel.","robots":{"index":"index","follow":"follow","max-snippet":"max-snippet:-1","max-image-preview":"max-image-preview:large","max-video-preview":"max-video-preview:-1"},"canonical":"https:\/\/gr-100.com\/pt-pt\/producto\/specialized-tarmac-sl8-105-di2-montaje-gr-100-2025\/","og_locale":"pt_PT","og_type":"article","og_title":"Specialized Tarmac SL8 105 Di2 Monte GR-100 2025","og_description":"Nada \u00e9 mais r\u00e1pido do que o Tarmac SL8 gra\u00e7as a uma combina\u00e7\u00e3o de aerodin\u00e2mica, leveza e qualidade de condu\u00e7\u00e3o que anteriormente se pensava ser imposs\u00edvel.","og_url":"https:\/\/gr-100.com\/pt-pt\/producto\/specialized-tarmac-sl8-105-di2-montaje-gr-100-2025\/","og_site_name":"Gr-100 Tienda de ciclismo Specialized","article_publisher":"https:\/\/www.facebook.com\/Gr100Bikes","article_modified_time":"2025-09-22T14:54:38+00:00","og_image":[{"width":1000,"height":1000,"url":"https:\/\/gr-100.com\/wp-content\/uploads\/2024\/09\/tarmac_sl8_montaje.jpg","type":"image\/jpeg"}],"twitter_card":"summary_large_image","twitter_misc":{"Tempo estimado de leitura":"2 minutos"},"schema":{"@context":"https:\/\/schema.org","@graph":[{"@type":"WebPage","@id":"https:\/\/gr-100.com\/pt-pt\/producto\/specialized-tarmac-sl8-105-di2-montaje-gr-100-2025\/","url":"https:\/\/gr-100.com\/pt-pt\/producto\/specialized-tarmac-sl8-105-di2-montaje-gr-100-2025\/","name":"Specialized Tarmac SL8 105 Di2 Monte GR-100 2025 GR-100","isPartOf":{"@id":"https:\/\/gr-100.com\/#website"},"primaryImageOfPage":{"@id":"https:\/\/gr-100.com\/pt-pt\/producto\/specialized-tarmac-sl8-105-di2-montaje-gr-100-2025\/#primaryimage"},"image":{"@id":"https:\/\/gr-100.com\/pt-pt\/producto\/specialized-tarmac-sl8-105-di2-montaje-gr-100-2025\/#primaryimage"},"thumbnailUrl":"https:\/\/gr-100.com\/wp-content\/uploads\/2024\/09\/tarmac_sl8_montaje.jpg","datePublished":"2024-09-13T10:39:18+00:00","dateModified":"2025-09-22T14:54:38+00:00","description":"Nada \u00e9 mais r\u00e1pido do que o Tarmac SL8 gra\u00e7as a uma combina\u00e7\u00e3o de aerodin\u00e2mica, leveza e qualidade de condu\u00e7\u00e3o que anteriormente se pensava ser imposs\u00edvel.","breadcrumb":{"@id":"https:\/\/gr-100.com\/pt-pt\/producto\/specialized-tarmac-sl8-105-di2-montaje-gr-100-2025\/#breadcrumb"},"inLanguage":"pt-PT","potentialAction":[{"@type":"ReadAction","target":["https:\/\/gr-100.com\/pt-pt\/producto\/specialized-tarmac-sl8-105-di2-montaje-gr-100-2025\/"]}]},{"@type":"ImageObject","inLanguage":"pt-PT","@id":"https:\/\/gr-100.com\/pt-pt\/producto\/specialized-tarmac-sl8-105-di2-montaje-gr-100-2025\/#primaryimage","url":"https:\/\/gr-100.com\/wp-content\/uploads\/2024\/09\/tarmac_sl8_montaje.jpg","contentUrl":"https:\/\/gr-100.com\/wp-content\/uploads\/2024\/09\/tarmac_sl8_montaje.jpg","width":1000,"height":1000},{"@type":"BreadcrumbList","@id":"https:\/\/gr-100.com\/pt-pt\/producto\/specialized-tarmac-sl8-105-di2-montaje-gr-100-2025\/#breadcrumb","itemListElement":[{"@type":"ListItem","position":1,"name":"Portada","item":"https:\/\/gr-100.com\/en\/"},{"@type":"ListItem","position":2,"name":"Productos","item":"https:\/\/gr-100.com\/?post_type=product"},{"@type":"ListItem","position":3,"name":"Specialized Tarmac SL8 105 Di2 Monte GR-100 2025"}]},{"@type":"WebSite","@id":"https:\/\/gr-100.com\/#website","url":"https:\/\/gr-100.com\/","name":"Gr-100 Tienda de ciclismo Specialized","description":"GR-100 tenemos todas las gamas de bicicletas Specialized al mejor precio.","publisher":{"@id":"https:\/\/gr-100.com\/#organization"},"alternateName":"Gr-100 Bikes","potentialAction":[{"@type":"SearchAction","target":{"@type":"EntryPoint","urlTemplate":"https:\/\/gr-100.com\/?s={search_term_string}"},"query-input":{"@type":"PropertyValueSpecification","valueRequired":true,"valueName":"search_term_string"}}],"inLanguage":"pt-PT"},{"@type":"Organization","@id":"https:\/\/gr-100.com\/#organization","name":"Gr-100","url":"https:\/\/gr-100.com\/","logo":{"@type":"ImageObject","inLanguage":"pt-PT","@id":"https:\/\/gr-100.com\/#\/schema\/logo\/image\/","url":"https:\/\/gr-100.com\/wp-content\/uploads\/2023\/08\/logo-gr-100-bikes.png","contentUrl":"https:\/\/gr-100.com\/wp-content\/uploads\/2023\/08\/logo-gr-100-bikes.png","width":707,"height":284,"caption":"Gr-100"},"image":{"@id":"https:\/\/gr-100.com\/#\/schema\/logo\/image\/"},"sameAs":["https:\/\/www.facebook.com\/Gr100Bikes","https:\/\/www.instagram.com\/gr100bikes\/","https:\/\/www.tiktok.com\/@gr100bikes","https:\/\/twitter.com\/gr100mtbteam","https:\/\/www.youtube.com\/c\/GR100Specialized"]}]}},"_links":{"self":[{"href":"https:\/\/gr-100.com\/pt-pt\/wp-json\/wp\/v2\/product\/390464","targetHints":{"allow":["GET"]}}],"collection":[{"href":"https:\/\/gr-100.com\/pt-pt\/wp-json\/wp\/v2\/product"}],"about":[{"href":"https:\/\/gr-100.com\/pt-pt\/wp-json\/wp\/v2\/types\/product"}],"replies":[{"embeddable":true,"href":"https:\/\/gr-100.com\/pt-pt\/wp-json\/wp\/v2\/comments?post=390464"}],"wp:featuredmedia":[{"embeddable":true,"href":"https:\/\/gr-100.com\/pt-pt\/wp-json\/wp\/v2\/media\/390485"}],"wp:attachment":[{"href":"https:\/\/gr-100.com\/pt-pt\/wp-json\/wp\/v2\/media?parent=390464"}],"wp:term":[{"taxonomy":"product_brand","embeddable":true,"href":"https:\/\/gr-100.com\/pt-pt\/wp-json\/wp\/v2\/product_brand?post=390464"},{"taxonomy":"product_cat","embeddable":true,"href":"https:\/\/gr-100.com\/pt-pt\/wp-json\/wp\/v2\/product_cat?post=390464"},{"taxonomy":"product_tag","embeddable":true,"href":"https:\/\/gr-100.com\/pt-pt\/wp-json\/wp\/v2\/product_tag?post=390464"}],"curies":[{"name":"wp","href":"https:\/\/api.w.org\/{rel}","templated":true}]}}