{"id":390655,"date":"2024-09-19T16:18:36","date_gmt":"2024-09-19T16:18:36","guid":{"rendered":"https:\/\/gr-100.com\/?post_type=product&#038;p=390655"},"modified":"2026-03-23T11:14:03","modified_gmt":"2026-03-23T10:14:03","slug":"specialized-s-works-roubaix-sl8-sram-red-axs-2025","status":"publish","type":"product","link":"https:\/\/gr-100.com\/pt-pt\/producto\/specialized-s-works-roubaix-sl8-sram-red-axs-2025\/","title":{"rendered":"Specialized S-Works Roubaix SL8 \u2013 SRAM RED AXS 2025"},"content":{"rendered":"<ul>\n<li><strong>COMODIDAD:<\/strong> El Future Shock 3.0 es la estrella del espect\u00e1culo, m\u00e1s ajustable y duradero que nunca. Ahora, independientemente de la posici\u00f3n en la bicicleta, cada ciclista experimenta 20 mm de recorrido suave y sin adherencias entre la potencia y el tubo de direcci\u00f3n. Future Shock ayuda a mantener las manos y el manillar firmes para una conducci\u00f3n m\u00e1s suave y con m\u00e1s control para rodar r\u00e1pido, seguro y con confianza.<\/li>\n<li>Nuestro dise\u00f1o con la abrazadera de la tija m\u00e1s baja expone m\u00e1s tija de sill\u00edn para aumentar la flexi\u00f3n, pero &#8220;m\u00e1s&#8221; no es simplemente mejor. La tija de sill\u00edn Pav\u00e9 controla esa flexi\u00f3n para obtener una comodidad vertical \u00f3ptima. Juntos crean la tecnolog\u00eda AfterShock, y cuando se combinan con el tri\u00e1ngulo trasero r\u00edgido de la Roubaix, proporcionan una conducci\u00f3n suave sin p\u00e9rdida de eficiencia.<\/li>\n<li>La Roubaix SL8 es la bicicleta de carretera m\u00e1s c\u00f3moda que nuestro equipo de Ride Science ha probado jam\u00e1s, reduciendo los impactos en el manillar y el sill\u00edn en un 53% frente a la competencia m\u00e1s cercana. Con el Future Shock 3.0 de Roubaix, la rueda se desplaza r\u00e1pidamente sobre el bache, mientras que la masa del ciclista permanece estable, manteniendo el impulso en terrenos abruptos. Las horquillas tradicionales flexan hacia atr\u00e1s ante un impacto, causando una p\u00e9rdida medible de velocidad. Es un hecho cient\u00edfico, m\u00e1s c\u00f3modo es m\u00e1s r\u00e1pido.<\/li>\n<li><strong>CAPACIDAD:<\/strong> La Roubaix fue pionera en la geometr\u00eda de la categor\u00eda endurance, por lo que se conduce &#8220;EN&#8221; la bicicleta, no &#8220;SOBRE&#8221; la bicicleta para aliviar la presi\u00f3n sobre las manos, los brazos y los hombros para ofrecer confianza en cualquier carretera, y est\u00e1 preparada para afrontar un descenso en monta\u00f1a a toda velocidad. \u00a1Ac\u00f3plate!<\/li>\n<li>Con una capacidad para neum\u00e1ticos de hasta 38c\/40mm, esta m\u00e1quina de carretera Gran Fondo ofrece mejor tracci\u00f3n que nunca en caminos abruptos e incluso gravel ligero. Gracias a su ligera y eficiencia, los neum\u00e1ticos Specialized ofrecen un volumen extra y mayor tracci\u00f3n sin comprometer el rendimiento.<\/li>\n<li>La Roubaix nos inspira para planear d\u00edas realmente GRANDES sobre la bicicleta, por lo que le hemos dado todos los soportes que tus aventuras podr\u00edan necesitar: tres soportes para portabidones, soportes para el tubo superior e incluso est\u00e1 preparada para guardabarros. As\u00ed que, adelante, ll\u00e9valo todo contigo.<br \/>\n<strong>RENDIMIENTO:<\/strong> La nueva Roubaix SL8 es la m\u00e1s aerodin\u00e1mica hasta la fecha, con nuevas formas aerodin\u00e1micas extraidas de nuestra biblioteca Free Foil y tirantes bajos. Con s\u00f3lo 825 gramos, el cuadro es 50 gramos m\u00e1s ligero gracias a las lecciones aprendidas del Aethos -el cuadro de producci\u00f3n m\u00e1s ligero del mundo- y nuestra fibra de carbono Fact 12r de primera calidad. Nada en su categor\u00eda es m\u00e1s r\u00e1pido o ligero que la Roubaix.<\/li>\n<\/ul>\n<p>ESPECIFICACIONES<\/p>\n<ul>\n<li>PU\u00d1OS<br \/>\nSupacaz Super Sticky Kush<\/li>\n<li>ABRAZ. SILL\u00cdN<br \/>\nHidden drop clamp<\/li>\n<li>SILL\u00cdN<br \/>\nS-Works Power with Mirror<\/li>\n<li>MANILLAR<br \/>\nS-Works Carbon Hover Drop 125mm, Reach 75mm, w\/Di2 hole<\/li>\n<li>POTENCIA<br \/>\nS-Works Future Stem, w\/ Integrated Computer Mount<\/li>\n<li>TIJA DE SILL\u00cdN<br \/>\nS-Works Pave Seat post<\/li>\n<li>CADENA<br \/>\nNEW SRAM RED 12-speed<\/li>\n<li>CASETE<br \/>\nNEW SRAM RED XG-1290, 12-speed, 10-36t<\/li>\n<li>CAJA PEDALIER<br \/>\nSRAM DUB BSA 68<\/li>\n<li>PEDALIER<br \/>\nNEW SRAM RED AXS Power Meter<\/li>\n<li>DESVIADOR<br \/>\nNEW SRAM RED AXS, braze-on<\/li>\n<li>MANDOS DE CAMBIO<br \/>\nNEW SRAM RED AXS, 12-speed<\/li>\n<li>CAMBIO<br \/>\nNEW SRAM RED AXS, 12-speed<\/li>\n<li>PLATOS<br \/>\n46\/33<\/li>\n<li>CUADRO<br \/>\nFACT 12R, Rider First Engineered\u2122 (RFE), FreeFoil Shape Library tubes, threaded BB, 12x142mm thru-axle, flat-mount disc<\/li>\n<li>HORQUILLA<br \/>\nFuture Shock 3.3 w\/ Smooth Boot, FACT Carbon 12x100mm, thru-axle, flat-mount disc<\/li>\n<li>FRENO DELANTERO<br \/>\nNEW SRAM RED AXS, hydraulic disc<\/li>\n<li>FRENO TRASERO<br \/>\nNEW SRAM RED AXS, hydraulic disc<\/li>\n<li>C\u00c1MARAS<br \/>\n700&#215;28\/38mm, 60mm Presta valve<\/li>\n<li>NEUM\u00c1TICO DEL.<br \/>\nS-Works Mondo 2BR, 700x32c<\/li>\n<li>NEUM\u00c1TICO TRASERO<br \/>\nS-Works Mondo 2BR, 700x32c<\/li>\n<li>RUEDA DELANTERA<br \/>\nRoval Terra CLX II, 25mm internal width, 32mm depth, 21h, Tubeless ready, Roval LFD hub with ceramic SINC bearings, Centerlock disc, DT Swiss Aerolite spokes<\/li>\n<li>RUEDA TRASERA<br \/>\nRoval Terra CLX II, 25mm internal width, 32mm depth, 24h, Tubeless ready, Roval LFD hub with ceramic SINC bearings, Centerlock disc, DT Swiss Aerolite spokes<\/li>\n<li>SWAT<\/li>\n<\/ul>\n","protected":false},"excerpt":{"rendered":"<p>La nueva Roubaix SL8 con Future Shock 3.0 es m\u00e1s ligera, r\u00e1pida y c\u00f3moda que cualquier bicicleta de carretera jam\u00e1s fabricada.<\/p>\n","protected":false},"featured_media":390856,"comment_status":"open","ping_status":"closed","template":"","meta":{"_acf_changed":false,"_et_pb_use_builder":"","_et_pb_old_content":"","_et_gb_content_width":"","inline_featured_image":false},"product_brand":[],"product_cat":[20,5188,5192,5185,5186],"product_tag":[],"class_list":{"0":"post-390655","1":"product","2":"type-product","3":"status-publish","4":"has-post-thumbnail","6":"product_cat-bicicletas-de-carretera","7":"product_cat-bicicletas-carretera-carbono","8":"product_cat-bicicletas-carretera-gran-fondo","9":"product_cat-bicicletas-carretera-s-works","10":"product_cat-bicicletas-carretera-specialized","11":"product_shipping_class-bicicletas","13":"first","14":"instock","15":"sale","16":"taxable","17":"shipping-taxable","18":"purchasable","19":"product-type-variable","20":"wvs-archive-product-wrapper"},"acf":[],"yoast_head":"<!-- This site is optimized with the Yoast SEO Premium plugin v26.7 (Yoast SEO v26.7) - https:\/\/yoast.com\/wordpress\/plugins\/seo\/ -->\n<title>Specialized S-Works Roubaix SL8 \u2013 SRAM RED AXS 2025<\/title>\n<meta name=\"description\" content=\"La nueva Roubaix SL8 con Future Shock 3.0 es m\u00e1s ligera, r\u00e1pida y c\u00f3moda que cualquier bicicleta de carretera jam\u00e1s fabricada.\" \/>\n<meta name=\"robots\" content=\"index, follow, max-snippet:-1, max-image-preview:large, max-video-preview:-1\" \/>\n<link rel=\"canonical\" href=\"https:\/\/gr-100.com\/producto\/specialized-s-works-roubaix-sl8-sram-red-axs-2025\/\" \/>\n<meta property=\"og:locale\" content=\"pt_PT\" \/>\n<meta property=\"og:type\" content=\"article\" \/>\n<meta property=\"og:title\" content=\"Specialized S-Works Roubaix SL8 \u2013 SRAM RED AXS 2025\" \/>\n<meta property=\"og:description\" content=\"La nueva Roubaix SL8 con Future Shock 3.0 es m\u00e1s ligera, r\u00e1pida y c\u00f3moda que cualquier bicicleta de carretera jam\u00e1s fabricada.\" \/>\n<meta property=\"og:url\" content=\"https:\/\/gr-100.com\/producto\/specialized-s-works-roubaix-sl8-sram-red-axs-2025\/\" \/>\n<meta property=\"og:site_name\" content=\"Gr-100 Tienda de ciclismo Specialized\" \/>\n<meta property=\"article:publisher\" content=\"https:\/\/www.facebook.com\/Gr100Bikes\" \/>\n<meta property=\"article:modified_time\" content=\"2026-03-23T10:14:03+00:00\" \/>\n<meta property=\"og:image\" content=\"https:\/\/gr-100.com\/wp-content\/uploads\/2024\/09\/S-Works-Roubaix-SL8-SRAM-1.jpg\" \/>\n\t<meta property=\"og:image:width\" content=\"1080\" \/>\n\t<meta property=\"og:image:height\" content=\"1080\" \/>\n\t<meta property=\"og:image:type\" content=\"image\/jpeg\" \/>\n<meta name=\"twitter:card\" content=\"summary_large_image\" \/>\n<meta name=\"twitter:label1\" content=\"Tempo estimado de leitura\" \/>\n\t<meta name=\"twitter:data1\" content=\"4 minutos\" \/>\n<script type=\"application\/ld+json\" class=\"yoast-schema-graph\">{\"@context\":\"https:\/\/schema.org\",\"@graph\":[{\"@type\":\"WebPage\",\"@id\":\"https:\/\/gr-100.com\/producto\/specialized-s-works-roubaix-sl8-sram-red-axs-2025\/\",\"url\":\"https:\/\/gr-100.com\/producto\/specialized-s-works-roubaix-sl8-sram-red-axs-2025\/\",\"name\":\"Specialized S-Works Roubaix SL8 \u2013 SRAM RED AXS 2025\",\"isPartOf\":{\"@id\":\"https:\/\/gr-100.com\/#website\"},\"primaryImageOfPage\":{\"@id\":\"https:\/\/gr-100.com\/producto\/specialized-s-works-roubaix-sl8-sram-red-axs-2025\/#primaryimage\"},\"image\":{\"@id\":\"https:\/\/gr-100.com\/producto\/specialized-s-works-roubaix-sl8-sram-red-axs-2025\/#primaryimage\"},\"thumbnailUrl\":\"https:\/\/gr-100.com\/wp-content\/uploads\/2024\/09\/S-Works-Roubaix-SL8-SRAM-1.jpg\",\"datePublished\":\"2024-09-19T16:18:36+00:00\",\"dateModified\":\"2026-03-23T10:14:03+00:00\",\"description\":\"La nueva Roubaix SL8 con Future Shock 3.0 es m\u00e1s ligera, r\u00e1pida y c\u00f3moda que cualquier bicicleta de carretera jam\u00e1s fabricada.\",\"breadcrumb\":{\"@id\":\"https:\/\/gr-100.com\/producto\/specialized-s-works-roubaix-sl8-sram-red-axs-2025\/#breadcrumb\"},\"inLanguage\":\"pt-PT\",\"potentialAction\":[{\"@type\":\"ReadAction\",\"target\":[\"https:\/\/gr-100.com\/producto\/specialized-s-works-roubaix-sl8-sram-red-axs-2025\/\"]}]},{\"@type\":\"ImageObject\",\"inLanguage\":\"pt-PT\",\"@id\":\"https:\/\/gr-100.com\/producto\/specialized-s-works-roubaix-sl8-sram-red-axs-2025\/#primaryimage\",\"url\":\"https:\/\/gr-100.com\/wp-content\/uploads\/2024\/09\/S-Works-Roubaix-SL8-SRAM-1.jpg\",\"contentUrl\":\"https:\/\/gr-100.com\/wp-content\/uploads\/2024\/09\/S-Works-Roubaix-SL8-SRAM-1.jpg\",\"width\":1080,\"height\":1080},{\"@type\":\"BreadcrumbList\",\"@id\":\"https:\/\/gr-100.com\/producto\/specialized-s-works-roubaix-sl8-sram-red-axs-2025\/#breadcrumb\",\"itemListElement\":[{\"@type\":\"ListItem\",\"position\":1,\"name\":\"Portada\",\"item\":\"https:\/\/gr-100.com\/en\/\"},{\"@type\":\"ListItem\",\"position\":2,\"name\":\"Productos\",\"item\":\"https:\/\/gr-100.com\/?post_type=product\"},{\"@type\":\"ListItem\",\"position\":3,\"name\":\"Specialized S-Works Roubaix SL8 \u2013 SRAM RED AXS 2025\"}]},{\"@type\":\"WebSite\",\"@id\":\"https:\/\/gr-100.com\/#website\",\"url\":\"https:\/\/gr-100.com\/\",\"name\":\"Gr-100 Tienda de ciclismo Specialized\",\"description\":\"GR-100 tenemos todas las gamas de bicicletas Specialized al mejor precio.\",\"publisher\":{\"@id\":\"https:\/\/gr-100.com\/#organization\"},\"alternateName\":\"Gr-100 Bikes\",\"potentialAction\":[{\"@type\":\"SearchAction\",\"target\":{\"@type\":\"EntryPoint\",\"urlTemplate\":\"https:\/\/gr-100.com\/?s={search_term_string}\"},\"query-input\":{\"@type\":\"PropertyValueSpecification\",\"valueRequired\":true,\"valueName\":\"search_term_string\"}}],\"inLanguage\":\"pt-PT\"},{\"@type\":\"Organization\",\"@id\":\"https:\/\/gr-100.com\/#organization\",\"name\":\"Gr-100\",\"url\":\"https:\/\/gr-100.com\/\",\"logo\":{\"@type\":\"ImageObject\",\"inLanguage\":\"pt-PT\",\"@id\":\"https:\/\/gr-100.com\/#\/schema\/logo\/image\/\",\"url\":\"https:\/\/gr-100.com\/wp-content\/uploads\/2023\/08\/logo-gr-100-bikes.png\",\"contentUrl\":\"https:\/\/gr-100.com\/wp-content\/uploads\/2023\/08\/logo-gr-100-bikes.png\",\"width\":707,\"height\":284,\"caption\":\"Gr-100\"},\"image\":{\"@id\":\"https:\/\/gr-100.com\/#\/schema\/logo\/image\/\"},\"sameAs\":[\"https:\/\/www.facebook.com\/Gr100Bikes\",\"https:\/\/www.instagram.com\/gr100bikes\/\",\"https:\/\/www.tiktok.com\/@gr100bikes\",\"https:\/\/twitter.com\/gr100mtbteam\",\"https:\/\/www.youtube.com\/c\/GR100Specialized\"]}]}<\/script>\n<!-- \/ Yoast SEO Premium plugin. -->","yoast_head_json":{"title":"Specialized S-Works Roubaix SL8 \u2013 SRAM RED AXS 2025","description":"La nueva Roubaix SL8 con Future Shock 3.0 es m\u00e1s ligera, r\u00e1pida y c\u00f3moda que cualquier bicicleta de carretera jam\u00e1s fabricada.","robots":{"index":"index","follow":"follow","max-snippet":"max-snippet:-1","max-image-preview":"max-image-preview:large","max-video-preview":"max-video-preview:-1"},"canonical":"https:\/\/gr-100.com\/producto\/specialized-s-works-roubaix-sl8-sram-red-axs-2025\/","og_locale":"pt_PT","og_type":"article","og_title":"Specialized S-Works Roubaix SL8 \u2013 SRAM RED AXS 2025","og_description":"La nueva Roubaix SL8 con Future Shock 3.0 es m\u00e1s ligera, r\u00e1pida y c\u00f3moda que cualquier bicicleta de carretera jam\u00e1s fabricada.","og_url":"https:\/\/gr-100.com\/producto\/specialized-s-works-roubaix-sl8-sram-red-axs-2025\/","og_site_name":"Gr-100 Tienda de ciclismo Specialized","article_publisher":"https:\/\/www.facebook.com\/Gr100Bikes","article_modified_time":"2026-03-23T10:14:03+00:00","og_image":[{"width":1080,"height":1080,"url":"https:\/\/gr-100.com\/wp-content\/uploads\/2024\/09\/S-Works-Roubaix-SL8-SRAM-1.jpg","type":"image\/jpeg"}],"twitter_card":"summary_large_image","twitter_misc":{"Tempo estimado de leitura":"4 minutos"},"schema":{"@context":"https:\/\/schema.org","@graph":[{"@type":"WebPage","@id":"https:\/\/gr-100.com\/producto\/specialized-s-works-roubaix-sl8-sram-red-axs-2025\/","url":"https:\/\/gr-100.com\/producto\/specialized-s-works-roubaix-sl8-sram-red-axs-2025\/","name":"Specialized S-Works Roubaix SL8 \u2013 SRAM RED AXS 2025","isPartOf":{"@id":"https:\/\/gr-100.com\/#website"},"primaryImageOfPage":{"@id":"https:\/\/gr-100.com\/producto\/specialized-s-works-roubaix-sl8-sram-red-axs-2025\/#primaryimage"},"image":{"@id":"https:\/\/gr-100.com\/producto\/specialized-s-works-roubaix-sl8-sram-red-axs-2025\/#primaryimage"},"thumbnailUrl":"https:\/\/gr-100.com\/wp-content\/uploads\/2024\/09\/S-Works-Roubaix-SL8-SRAM-1.jpg","datePublished":"2024-09-19T16:18:36+00:00","dateModified":"2026-03-23T10:14:03+00:00","description":"La nueva Roubaix SL8 con Future Shock 3.0 es m\u00e1s ligera, r\u00e1pida y c\u00f3moda que cualquier bicicleta de carretera jam\u00e1s fabricada.","breadcrumb":{"@id":"https:\/\/gr-100.com\/producto\/specialized-s-works-roubaix-sl8-sram-red-axs-2025\/#breadcrumb"},"inLanguage":"pt-PT","potentialAction":[{"@type":"ReadAction","target":["https:\/\/gr-100.com\/producto\/specialized-s-works-roubaix-sl8-sram-red-axs-2025\/"]}]},{"@type":"ImageObject","inLanguage":"pt-PT","@id":"https:\/\/gr-100.com\/producto\/specialized-s-works-roubaix-sl8-sram-red-axs-2025\/#primaryimage","url":"https:\/\/gr-100.com\/wp-content\/uploads\/2024\/09\/S-Works-Roubaix-SL8-SRAM-1.jpg","contentUrl":"https:\/\/gr-100.com\/wp-content\/uploads\/2024\/09\/S-Works-Roubaix-SL8-SRAM-1.jpg","width":1080,"height":1080},{"@type":"BreadcrumbList","@id":"https:\/\/gr-100.com\/producto\/specialized-s-works-roubaix-sl8-sram-red-axs-2025\/#breadcrumb","itemListElement":[{"@type":"ListItem","position":1,"name":"Portada","item":"https:\/\/gr-100.com\/en\/"},{"@type":"ListItem","position":2,"name":"Productos","item":"https:\/\/gr-100.com\/?post_type=product"},{"@type":"ListItem","position":3,"name":"Specialized S-Works Roubaix SL8 \u2013 SRAM RED AXS 2025"}]},{"@type":"WebSite","@id":"https:\/\/gr-100.com\/#website","url":"https:\/\/gr-100.com\/","name":"Gr-100 Tienda de ciclismo Specialized","description":"GR-100 tenemos todas las gamas de bicicletas Specialized al mejor precio.","publisher":{"@id":"https:\/\/gr-100.com\/#organization"},"alternateName":"Gr-100 Bikes","potentialAction":[{"@type":"SearchAction","target":{"@type":"EntryPoint","urlTemplate":"https:\/\/gr-100.com\/?s={search_term_string}"},"query-input":{"@type":"PropertyValueSpecification","valueRequired":true,"valueName":"search_term_string"}}],"inLanguage":"pt-PT"},{"@type":"Organization","@id":"https:\/\/gr-100.com\/#organization","name":"Gr-100","url":"https:\/\/gr-100.com\/","logo":{"@type":"ImageObject","inLanguage":"pt-PT","@id":"https:\/\/gr-100.com\/#\/schema\/logo\/image\/","url":"https:\/\/gr-100.com\/wp-content\/uploads\/2023\/08\/logo-gr-100-bikes.png","contentUrl":"https:\/\/gr-100.com\/wp-content\/uploads\/2023\/08\/logo-gr-100-bikes.png","width":707,"height":284,"caption":"Gr-100"},"image":{"@id":"https:\/\/gr-100.com\/#\/schema\/logo\/image\/"},"sameAs":["https:\/\/www.facebook.com\/Gr100Bikes","https:\/\/www.instagram.com\/gr100bikes\/","https:\/\/www.tiktok.com\/@gr100bikes","https:\/\/twitter.com\/gr100mtbteam","https:\/\/www.youtube.com\/c\/GR100Specialized"]}]}},"_links":{"self":[{"href":"https:\/\/gr-100.com\/pt-pt\/wp-json\/wp\/v2\/product\/390655","targetHints":{"allow":["GET"]}}],"collection":[{"href":"https:\/\/gr-100.com\/pt-pt\/wp-json\/wp\/v2\/product"}],"about":[{"href":"https:\/\/gr-100.com\/pt-pt\/wp-json\/wp\/v2\/types\/product"}],"replies":[{"embeddable":true,"href":"https:\/\/gr-100.com\/pt-pt\/wp-json\/wp\/v2\/comments?post=390655"}],"wp:featuredmedia":[{"embeddable":true,"href":"https:\/\/gr-100.com\/pt-pt\/wp-json\/wp\/v2\/media\/390856"}],"wp:attachment":[{"href":"https:\/\/gr-100.com\/pt-pt\/wp-json\/wp\/v2\/media?parent=390655"}],"wp:term":[{"taxonomy":"product_brand","embeddable":true,"href":"https:\/\/gr-100.com\/pt-pt\/wp-json\/wp\/v2\/product_brand?post=390655"},{"taxonomy":"product_cat","embeddable":true,"href":"https:\/\/gr-100.com\/pt-pt\/wp-json\/wp\/v2\/product_cat?post=390655"},{"taxonomy":"product_tag","embeddable":true,"href":"https:\/\/gr-100.com\/pt-pt\/wp-json\/wp\/v2\/product_tag?post=390655"}],"curies":[{"name":"wp","href":"https:\/\/api.w.org\/{rel}","templated":true}]}}