{"id":390900,"date":"2024-09-23T11:13:22","date_gmt":"2024-09-23T11:13:22","guid":{"rendered":"https:\/\/gr-100.com\/?post_type=product&#038;p=390900"},"modified":"2026-02-20T13:40:29","modified_gmt":"2026-02-20T11:40:29","slug":"oakley-encoder-strike","status":"publish","type":"product","link":"https:\/\/gr-100.com\/pt-pt\/producto\/oakley-encoder-strike\/","title":{"rendered":"Oakley Encoder Strike"},"content":{"rendered":"<div class=\"pdpBottom-productInfo-description o21_text-color2 o21_text7 o21_text-medium\">\n<p>Usando como base lo aprendido de los deportistas del equipo de Oakley, los dise\u00f1adores han combinado las necesidades funcionales con algunos elementos del legado para crear una montura que ofrece una soluci\u00f3n exclusiva a los deportistas que buscan el m\u00e1ximo rendimiento. La combinaci\u00f3n de la forma de lente, hecha posible por PhysioMorphic Geometry\u2122, con un corte inspirado en uno de los modelos del legado, Razor Blades, ofrece cobertura y estilo. A la vez, el dise\u00f1o de ventilaci\u00f3n de las gafas de sol permite que fluya el aire de manera \u00f3ptima. La montura est\u00e1 fabricada de O Matter\u2122 para ofrecer fuerza, comodidad y durabilidad.<\/p>\n<\/div>\n<div class=\"pdpBottom-productInfo-feature o21_text-color1 o21_text7 o21_bg5\">\u2022 DISE\u00d1O MULTIDEPORTIVO &#8211; Dise\u00f1o deportivo funcional con cobertura optimizada, un campo visual m\u00e1s amplio, retenci\u00f3n de montura y protecci\u00f3n contra los impactos.<br \/>\n\u2022 TRANSFORMADOR DISE\u00d1O DE LENTES &#8211; Los avances en el dise\u00f1o \u00f3ptico han permitido dise\u00f1ar la lente con una forma m\u00e1s envolvente y con rigidez en las zonas claves, para imitar las propiedades estructurales de una montura.<br \/>\n\u2022 FORMA DE LENTE M\u00c1S AMPLIA &#8211; La forma de lente m\u00e1s grande est\u00e1 inspirada en las Razor Blades de Oakley<br \/>\n\u2022 VARILLAS CON AJUSTE ESPECIAL PARA GORROS Y CASCOS &#8211; Las varillas de O-Matter\u2122 tienen un dise\u00f1o de bajo perfil que se adapta a los gorros y los cascos.<br \/>\n\u2022 AGARRE ANTIDESLIZANTE &#8211; Las fundas de varillas y plaquetas nasales de Unobtainium\u00ae ayudan a ofrecer una retenci\u00f3n de nivel deportivo, con agarre antideslizante y comodidad durante todo el d\u00eda.<\/div>\n","protected":false},"excerpt":{"rendered":"<p>Los mejores deportistas del mundo buscan constantemente un punto de ventaja. Ese criterio es el que ha ayudado a inspirar la creaci\u00f3n de la Encoder Strike de Oakley\u00ae.<\/p>\n","protected":false},"featured_media":390963,"comment_status":"closed","ping_status":"closed","template":"","meta":{"_acf_changed":false,"_et_pb_use_builder":"","_et_pb_old_content":"","_et_gb_content_width":"","inline_featured_image":false},"product_brand":[],"product_cat":[26,47,2371],"product_tag":[],"class_list":{"0":"post-390900","1":"product","2":"type-product","3":"status-publish","4":"has-post-thumbnail","6":"product_cat-accesorios","7":"product_cat-gafas","8":"product_cat-accesorios-novedad","9":"product_shipping_class-accesorios","11":"first","12":"instock","13":"sale","14":"taxable","15":"shipping-taxable","16":"purchasable","17":"product-type-simple"},"acf":[],"yoast_head":"<!-- This site is optimized with the Yoast SEO Premium plugin v26.7 (Yoast SEO v26.7) - https:\/\/yoast.com\/wordpress\/plugins\/seo\/ -->\n<title>Oakley Encoder Strike - GR-100<\/title>\n<meta name=\"description\" content=\"GR-100 Specialized. Mejores precios sin competencia. Solicita tu oferta personalizada. Producto: Oakley Encoder Strike en oferta.\" \/>\n<meta name=\"robots\" content=\"index, follow, max-snippet:-1, max-image-preview:large, max-video-preview:-1\" \/>\n<link rel=\"canonical\" href=\"https:\/\/gr-100.com\/producto\/oakley-encoder-strike\/\" \/>\n<meta property=\"og:locale\" content=\"pt_PT\" \/>\n<meta property=\"og:type\" content=\"article\" \/>\n<meta property=\"og:title\" content=\"Oakley Encoder Strike\" \/>\n<meta property=\"og:description\" content=\"GR-100 Specialized. Mejores precios sin competencia. Solicita tu oferta personalizada. Producto: Oakley Encoder Strike en oferta.\" \/>\n<meta property=\"og:url\" content=\"https:\/\/gr-100.com\/producto\/oakley-encoder-strike\/\" \/>\n<meta property=\"og:site_name\" content=\"Gr-100 Tienda de ciclismo Specialized\" \/>\n<meta property=\"article:publisher\" content=\"https:\/\/www.facebook.com\/Gr100Bikes\" \/>\n<meta property=\"article:modified_time\" content=\"2026-02-20T11:40:29+00:00\" \/>\n<meta property=\"og:image\" content=\"https:\/\/gr-100.com\/wp-content\/uploads\/2024\/09\/OakleyEncoder-Strike-matte-grey-ink-1.jpg\" \/>\n\t<meta property=\"og:image:width\" content=\"1080\" \/>\n\t<meta property=\"og:image:height\" content=\"1080\" \/>\n\t<meta property=\"og:image:type\" content=\"image\/jpeg\" \/>\n<meta name=\"twitter:card\" content=\"summary_large_image\" \/>\n<meta name=\"twitter:label1\" content=\"Tempo estimado de leitura\" \/>\n\t<meta name=\"twitter:data1\" content=\"2 minutos\" \/>\n<script type=\"application\/ld+json\" class=\"yoast-schema-graph\">{\"@context\":\"https:\/\/schema.org\",\"@graph\":[{\"@type\":\"WebPage\",\"@id\":\"https:\/\/gr-100.com\/producto\/oakley-encoder-strike\/\",\"url\":\"https:\/\/gr-100.com\/producto\/oakley-encoder-strike\/\",\"name\":\"Oakley Encoder Strike - GR-100\",\"isPartOf\":{\"@id\":\"https:\/\/gr-100.com\/#website\"},\"primaryImageOfPage\":{\"@id\":\"https:\/\/gr-100.com\/producto\/oakley-encoder-strike\/#primaryimage\"},\"image\":{\"@id\":\"https:\/\/gr-100.com\/producto\/oakley-encoder-strike\/#primaryimage\"},\"thumbnailUrl\":\"https:\/\/gr-100.com\/wp-content\/uploads\/2024\/09\/OakleyEncoder-Strike-matte-grey-ink-1.jpg\",\"datePublished\":\"2024-09-23T11:13:22+00:00\",\"dateModified\":\"2026-02-20T11:40:29+00:00\",\"description\":\"GR-100 Specialized. Mejores precios sin competencia. Solicita tu oferta personalizada. Producto: Oakley Encoder Strike en oferta.\",\"breadcrumb\":{\"@id\":\"https:\/\/gr-100.com\/producto\/oakley-encoder-strike\/#breadcrumb\"},\"inLanguage\":\"pt-PT\",\"potentialAction\":[{\"@type\":\"ReadAction\",\"target\":[\"https:\/\/gr-100.com\/producto\/oakley-encoder-strike\/\"]}]},{\"@type\":\"ImageObject\",\"inLanguage\":\"pt-PT\",\"@id\":\"https:\/\/gr-100.com\/producto\/oakley-encoder-strike\/#primaryimage\",\"url\":\"https:\/\/gr-100.com\/wp-content\/uploads\/2024\/09\/OakleyEncoder-Strike-matte-grey-ink-1.jpg\",\"contentUrl\":\"https:\/\/gr-100.com\/wp-content\/uploads\/2024\/09\/OakleyEncoder-Strike-matte-grey-ink-1.jpg\",\"width\":1080,\"height\":1080},{\"@type\":\"BreadcrumbList\",\"@id\":\"https:\/\/gr-100.com\/producto\/oakley-encoder-strike\/#breadcrumb\",\"itemListElement\":[{\"@type\":\"ListItem\",\"position\":1,\"name\":\"Portada\",\"item\":\"https:\/\/gr-100.com\/en\/\"},{\"@type\":\"ListItem\",\"position\":2,\"name\":\"Productos\",\"item\":\"https:\/\/gr-100.com\/?post_type=product\"},{\"@type\":\"ListItem\",\"position\":3,\"name\":\"Oakley Encoder Strike\"}]},{\"@type\":\"WebSite\",\"@id\":\"https:\/\/gr-100.com\/#website\",\"url\":\"https:\/\/gr-100.com\/\",\"name\":\"Gr-100 Tienda de ciclismo Specialized\",\"description\":\"GR-100 tenemos todas las gamas de bicicletas Specialized al mejor precio.\",\"publisher\":{\"@id\":\"https:\/\/gr-100.com\/#organization\"},\"alternateName\":\"Gr-100 Bikes\",\"potentialAction\":[{\"@type\":\"SearchAction\",\"target\":{\"@type\":\"EntryPoint\",\"urlTemplate\":\"https:\/\/gr-100.com\/?s={search_term_string}\"},\"query-input\":{\"@type\":\"PropertyValueSpecification\",\"valueRequired\":true,\"valueName\":\"search_term_string\"}}],\"inLanguage\":\"pt-PT\"},{\"@type\":\"Organization\",\"@id\":\"https:\/\/gr-100.com\/#organization\",\"name\":\"Gr-100\",\"url\":\"https:\/\/gr-100.com\/\",\"logo\":{\"@type\":\"ImageObject\",\"inLanguage\":\"pt-PT\",\"@id\":\"https:\/\/gr-100.com\/#\/schema\/logo\/image\/\",\"url\":\"https:\/\/gr-100.com\/wp-content\/uploads\/2023\/08\/logo-gr-100-bikes.png\",\"contentUrl\":\"https:\/\/gr-100.com\/wp-content\/uploads\/2023\/08\/logo-gr-100-bikes.png\",\"width\":707,\"height\":284,\"caption\":\"Gr-100\"},\"image\":{\"@id\":\"https:\/\/gr-100.com\/#\/schema\/logo\/image\/\"},\"sameAs\":[\"https:\/\/www.facebook.com\/Gr100Bikes\",\"https:\/\/www.instagram.com\/gr100bikes\/\",\"https:\/\/www.tiktok.com\/@gr100bikes\",\"https:\/\/twitter.com\/gr100mtbteam\",\"https:\/\/www.youtube.com\/c\/GR100Specialized\"]}]}<\/script>\n<!-- \/ Yoast SEO Premium plugin. -->","yoast_head_json":{"title":"Oakley Encoder Strike - GR-100","description":"GR-100 Specialized. Mejores precios sin competencia. Solicita tu oferta personalizada. Producto: Oakley Encoder Strike en oferta.","robots":{"index":"index","follow":"follow","max-snippet":"max-snippet:-1","max-image-preview":"max-image-preview:large","max-video-preview":"max-video-preview:-1"},"canonical":"https:\/\/gr-100.com\/producto\/oakley-encoder-strike\/","og_locale":"pt_PT","og_type":"article","og_title":"Oakley Encoder Strike","og_description":"GR-100 Specialized. Mejores precios sin competencia. Solicita tu oferta personalizada. Producto: Oakley Encoder Strike en oferta.","og_url":"https:\/\/gr-100.com\/producto\/oakley-encoder-strike\/","og_site_name":"Gr-100 Tienda de ciclismo Specialized","article_publisher":"https:\/\/www.facebook.com\/Gr100Bikes","article_modified_time":"2026-02-20T11:40:29+00:00","og_image":[{"width":1080,"height":1080,"url":"https:\/\/gr-100.com\/wp-content\/uploads\/2024\/09\/OakleyEncoder-Strike-matte-grey-ink-1.jpg","type":"image\/jpeg"}],"twitter_card":"summary_large_image","twitter_misc":{"Tempo estimado de leitura":"2 minutos"},"schema":{"@context":"https:\/\/schema.org","@graph":[{"@type":"WebPage","@id":"https:\/\/gr-100.com\/producto\/oakley-encoder-strike\/","url":"https:\/\/gr-100.com\/producto\/oakley-encoder-strike\/","name":"Oakley Encoder Strike - GR-100","isPartOf":{"@id":"https:\/\/gr-100.com\/#website"},"primaryImageOfPage":{"@id":"https:\/\/gr-100.com\/producto\/oakley-encoder-strike\/#primaryimage"},"image":{"@id":"https:\/\/gr-100.com\/producto\/oakley-encoder-strike\/#primaryimage"},"thumbnailUrl":"https:\/\/gr-100.com\/wp-content\/uploads\/2024\/09\/OakleyEncoder-Strike-matte-grey-ink-1.jpg","datePublished":"2024-09-23T11:13:22+00:00","dateModified":"2026-02-20T11:40:29+00:00","description":"GR-100 Specialized. Mejores precios sin competencia. Solicita tu oferta personalizada. Producto: Oakley Encoder Strike en oferta.","breadcrumb":{"@id":"https:\/\/gr-100.com\/producto\/oakley-encoder-strike\/#breadcrumb"},"inLanguage":"pt-PT","potentialAction":[{"@type":"ReadAction","target":["https:\/\/gr-100.com\/producto\/oakley-encoder-strike\/"]}]},{"@type":"ImageObject","inLanguage":"pt-PT","@id":"https:\/\/gr-100.com\/producto\/oakley-encoder-strike\/#primaryimage","url":"https:\/\/gr-100.com\/wp-content\/uploads\/2024\/09\/OakleyEncoder-Strike-matte-grey-ink-1.jpg","contentUrl":"https:\/\/gr-100.com\/wp-content\/uploads\/2024\/09\/OakleyEncoder-Strike-matte-grey-ink-1.jpg","width":1080,"height":1080},{"@type":"BreadcrumbList","@id":"https:\/\/gr-100.com\/producto\/oakley-encoder-strike\/#breadcrumb","itemListElement":[{"@type":"ListItem","position":1,"name":"Portada","item":"https:\/\/gr-100.com\/en\/"},{"@type":"ListItem","position":2,"name":"Productos","item":"https:\/\/gr-100.com\/?post_type=product"},{"@type":"ListItem","position":3,"name":"Oakley Encoder Strike"}]},{"@type":"WebSite","@id":"https:\/\/gr-100.com\/#website","url":"https:\/\/gr-100.com\/","name":"Gr-100 Tienda de ciclismo Specialized","description":"GR-100 tenemos todas las gamas de bicicletas Specialized al mejor precio.","publisher":{"@id":"https:\/\/gr-100.com\/#organization"},"alternateName":"Gr-100 Bikes","potentialAction":[{"@type":"SearchAction","target":{"@type":"EntryPoint","urlTemplate":"https:\/\/gr-100.com\/?s={search_term_string}"},"query-input":{"@type":"PropertyValueSpecification","valueRequired":true,"valueName":"search_term_string"}}],"inLanguage":"pt-PT"},{"@type":"Organization","@id":"https:\/\/gr-100.com\/#organization","name":"Gr-100","url":"https:\/\/gr-100.com\/","logo":{"@type":"ImageObject","inLanguage":"pt-PT","@id":"https:\/\/gr-100.com\/#\/schema\/logo\/image\/","url":"https:\/\/gr-100.com\/wp-content\/uploads\/2023\/08\/logo-gr-100-bikes.png","contentUrl":"https:\/\/gr-100.com\/wp-content\/uploads\/2023\/08\/logo-gr-100-bikes.png","width":707,"height":284,"caption":"Gr-100"},"image":{"@id":"https:\/\/gr-100.com\/#\/schema\/logo\/image\/"},"sameAs":["https:\/\/www.facebook.com\/Gr100Bikes","https:\/\/www.instagram.com\/gr100bikes\/","https:\/\/www.tiktok.com\/@gr100bikes","https:\/\/twitter.com\/gr100mtbteam","https:\/\/www.youtube.com\/c\/GR100Specialized"]}]}},"_links":{"self":[{"href":"https:\/\/gr-100.com\/pt-pt\/wp-json\/wp\/v2\/product\/390900","targetHints":{"allow":["GET"]}}],"collection":[{"href":"https:\/\/gr-100.com\/pt-pt\/wp-json\/wp\/v2\/product"}],"about":[{"href":"https:\/\/gr-100.com\/pt-pt\/wp-json\/wp\/v2\/types\/product"}],"replies":[{"embeddable":true,"href":"https:\/\/gr-100.com\/pt-pt\/wp-json\/wp\/v2\/comments?post=390900"}],"wp:featuredmedia":[{"embeddable":true,"href":"https:\/\/gr-100.com\/pt-pt\/wp-json\/wp\/v2\/media\/390963"}],"wp:attachment":[{"href":"https:\/\/gr-100.com\/pt-pt\/wp-json\/wp\/v2\/media?parent=390900"}],"wp:term":[{"taxonomy":"product_brand","embeddable":true,"href":"https:\/\/gr-100.com\/pt-pt\/wp-json\/wp\/v2\/product_brand?post=390900"},{"taxonomy":"product_cat","embeddable":true,"href":"https:\/\/gr-100.com\/pt-pt\/wp-json\/wp\/v2\/product_cat?post=390900"},{"taxonomy":"product_tag","embeddable":true,"href":"https:\/\/gr-100.com\/pt-pt\/wp-json\/wp\/v2\/product_tag?post=390900"}],"curies":[{"name":"wp","href":"https:\/\/api.w.org\/{rel}","templated":true}]}}