{"id":391395,"date":"2024-09-26T09:20:45","date_gmt":"2024-09-26T07:20:45","guid":{"rendered":"https:\/\/gr-100.com\/?post_type=product&#038;p=391395"},"modified":"2025-12-18T16:44:34","modified_gmt":"2025-12-18T14:44:34","slug":"megamo-west-15-2025","status":"publish","type":"product","link":"https:\/\/gr-100.com\/pt-pt\/producto\/megamo-west-15-2025\/","title":{"rendered":"Megamo Oeste 15 2025"},"content":{"rendered":"<ul>\n<li><strong>FICHA T\u00c9CNICA<\/strong><\/li>\n<li>Montagem do quadro<br \/>\nCascalho de carbono<br \/>\nQuadro composto avan\u00e7ado, Roteamento de cabo interno completo, Disco de montagem plana 12&#215;142<br \/>\nForquilha de disco de carbono<br \/>\n, Roteamento de cabo interno, Disco de montagem plana 12&#215;100<br \/>\nFSA 1-1\/8 1-1\/2*1.5 Fone de ouvido<br \/>\n c\u00f4nico<\/li>\n<li>Descarrilador traseiro Transmiss\u00e3o\n<p>Shimano RX-400 10s<br \/>\nDescarrilador<br \/>\ndianteiro Shimano<br \/>\nRX-400 2x10s<br \/>\nAlavancas de mudan\u00e7a<br \/>\nShimano RX-400 Disco<br \/>\nhidr\u00e1ulico de montagem plana Shimano<br \/>\nGRX 46-30T<br \/>\nShimano HG50 11-36T 10s\n<\/li>\n<li>Freios Shimano RX-400 Conjunto de freio\n<p>a disco hidr\u00e1ulico de montagem plana<\/li>\n<li>\nWTB Charada 700 x 45c Tan Rodas<\/p>\n<p>Laterais<br \/>\nMegamo Gravel GR 700 &#8211; TLR<\/li>\n<li>Componentes<br \/>\nMegamo Gravilha Espec\u00edfica HB FOV Guiador Compacto<\/p>\n<p>Megamo FOV<br \/>\nStem<br \/>\nMegamo 27.2mm<\/p>\n<p>Seatpost<br \/>\nSellie Italia Modelo X<\/li>\n<\/ul>\n<p>Reservamo-nos o direito de alterar as informa\u00e7\u00f5es no site sem aviso pr\u00e9vio, incluindo especifica\u00e7\u00f5es, modelos, cores e materiais.<\/p>\n","protected":false},"excerpt":{"rendered":"<p><strong>PRINCIPAIS CARACTER\u00cdSTICAS<\/strong><br \/>\n\u00b7 Quadro espec\u00edfico para cascalho de carbono<br \/>\n\u00b7 Garfo de carbono espec\u00edfico para cascalho<br \/>\n\u00b7 Trem de for\u00e7a Shimano GRX de 2&#215;10 velocidades\u00b7<br \/>\n GR 700 Rodas de Cascalho &#8211; Rodas TLR<\/p>\n","protected":false},"featured_media":391414,"comment_status":"closed","ping_status":"closed","template":"","meta":{"_acf_changed":false,"_et_pb_use_builder":"","_et_pb_old_content":"","_et_gb_content_width":"","inline_featured_image":false},"product_brand":[],"product_cat":[2459,3346],"product_tag":[],"class_list":{"0":"post-391395","1":"product","2":"type-product","3":"status-publish","4":"has-post-thumbnail","6":"product_cat-bicicletas-pt-pt-2","7":"product_cat-bicicletas-de-cascalho","8":"product_shipping_class-bicicletas-pt-pt","10":"first","11":"outofstock","12":"taxable","13":"shipping-taxable","14":"product-type-variable","15":"wvs-archive-product-wrapper"},"acf":[],"yoast_head":"<!-- This site is optimized with the Yoast SEO Premium plugin v26.7 (Yoast SEO v26.7) - https:\/\/yoast.com\/wordpress\/plugins\/seo\/ -->\n<title>Megamo Oeste 15 2025 GR-100<\/title>\n<meta name=\"description\" content=\"Quadro espec\u00edfico para cascalho de carbono. Garfo de carbono. Grupos de velocidade Shimano GRX 2x10. Megamo Gravel GR 700 Rodas - TLR\" \/>\n<meta name=\"robots\" content=\"index, follow, max-snippet:-1, max-image-preview:large, max-video-preview:-1\" \/>\n<link rel=\"canonical\" href=\"https:\/\/gr-100.com\/pt-pt\/producto\/megamo-west-15-2025\/\" \/>\n<meta property=\"og:locale\" content=\"pt_PT\" \/>\n<meta property=\"og:type\" content=\"article\" \/>\n<meta property=\"og:title\" content=\"Megamo Oeste 15 2025\" \/>\n<meta property=\"og:description\" content=\"Quadro espec\u00edfico para cascalho de carbono. Garfo de carbono. Grupos de velocidade Shimano GRX 2x10. Megamo Gravel GR 700 Rodas - TLR\" \/>\n<meta property=\"og:url\" content=\"https:\/\/gr-100.com\/pt-pt\/producto\/megamo-west-15-2025\/\" \/>\n<meta property=\"og:site_name\" content=\"Gr-100 Tienda de ciclismo Specialized\" \/>\n<meta property=\"article:publisher\" content=\"https:\/\/www.facebook.com\/Gr100Bikes\" \/>\n<meta property=\"article:modified_time\" content=\"2025-12-18T14:44:34+00:00\" \/>\n<meta property=\"og:image\" content=\"https:\/\/gr-100.com\/wp-content\/uploads\/2024\/09\/megamo_west_15_25_beige.jpg\" \/>\n\t<meta property=\"og:image:width\" content=\"1000\" \/>\n\t<meta property=\"og:image:height\" content=\"1000\" \/>\n\t<meta property=\"og:image:type\" content=\"image\/jpeg\" \/>\n<meta name=\"twitter:card\" content=\"summary_large_image\" \/>\n<meta name=\"twitter:label1\" content=\"Tempo estimado de leitura\" \/>\n\t<meta name=\"twitter:data1\" content=\"1 minuto\" \/>\n<script type=\"application\/ld+json\" class=\"yoast-schema-graph\">{\"@context\":\"https:\/\/schema.org\",\"@graph\":[{\"@type\":\"WebPage\",\"@id\":\"https:\/\/gr-100.com\/pt-pt\/producto\/megamo-west-15-2025\/\",\"url\":\"https:\/\/gr-100.com\/pt-pt\/producto\/megamo-west-15-2025\/\",\"name\":\"Megamo Oeste 15 2025 GR-100\",\"isPartOf\":{\"@id\":\"https:\/\/gr-100.com\/#website\"},\"primaryImageOfPage\":{\"@id\":\"https:\/\/gr-100.com\/pt-pt\/producto\/megamo-west-15-2025\/#primaryimage\"},\"image\":{\"@id\":\"https:\/\/gr-100.com\/pt-pt\/producto\/megamo-west-15-2025\/#primaryimage\"},\"thumbnailUrl\":\"https:\/\/gr-100.com\/wp-content\/uploads\/2024\/09\/megamo_west_15_25_beige.jpg\",\"datePublished\":\"2024-09-26T07:20:45+00:00\",\"dateModified\":\"2025-12-18T14:44:34+00:00\",\"description\":\"Quadro espec\u00edfico para cascalho de carbono. Garfo de carbono. Grupos de velocidade Shimano GRX 2x10. Megamo Gravel GR 700 Rodas - TLR\",\"breadcrumb\":{\"@id\":\"https:\/\/gr-100.com\/pt-pt\/producto\/megamo-west-15-2025\/#breadcrumb\"},\"inLanguage\":\"pt-PT\",\"potentialAction\":[{\"@type\":\"ReadAction\",\"target\":[\"https:\/\/gr-100.com\/pt-pt\/producto\/megamo-west-15-2025\/\"]}]},{\"@type\":\"ImageObject\",\"inLanguage\":\"pt-PT\",\"@id\":\"https:\/\/gr-100.com\/pt-pt\/producto\/megamo-west-15-2025\/#primaryimage\",\"url\":\"https:\/\/gr-100.com\/wp-content\/uploads\/2024\/09\/megamo_west_15_25_beige.jpg\",\"contentUrl\":\"https:\/\/gr-100.com\/wp-content\/uploads\/2024\/09\/megamo_west_15_25_beige.jpg\",\"width\":1000,\"height\":1000},{\"@type\":\"BreadcrumbList\",\"@id\":\"https:\/\/gr-100.com\/pt-pt\/producto\/megamo-west-15-2025\/#breadcrumb\",\"itemListElement\":[{\"@type\":\"ListItem\",\"position\":1,\"name\":\"Portada\",\"item\":\"https:\/\/gr-100.com\/en\/\"},{\"@type\":\"ListItem\",\"position\":2,\"name\":\"Productos\",\"item\":\"https:\/\/gr-100.com\/?post_type=product\"},{\"@type\":\"ListItem\",\"position\":3,\"name\":\"Megamo Oeste 15 2025\"}]},{\"@type\":\"WebSite\",\"@id\":\"https:\/\/gr-100.com\/#website\",\"url\":\"https:\/\/gr-100.com\/\",\"name\":\"Gr-100 Tienda de ciclismo Specialized\",\"description\":\"GR-100 tenemos todas las gamas de bicicletas Specialized al mejor precio.\",\"publisher\":{\"@id\":\"https:\/\/gr-100.com\/#organization\"},\"alternateName\":\"Gr-100 Bikes\",\"potentialAction\":[{\"@type\":\"SearchAction\",\"target\":{\"@type\":\"EntryPoint\",\"urlTemplate\":\"https:\/\/gr-100.com\/?s={search_term_string}\"},\"query-input\":{\"@type\":\"PropertyValueSpecification\",\"valueRequired\":true,\"valueName\":\"search_term_string\"}}],\"inLanguage\":\"pt-PT\"},{\"@type\":\"Organization\",\"@id\":\"https:\/\/gr-100.com\/#organization\",\"name\":\"Gr-100\",\"url\":\"https:\/\/gr-100.com\/\",\"logo\":{\"@type\":\"ImageObject\",\"inLanguage\":\"pt-PT\",\"@id\":\"https:\/\/gr-100.com\/#\/schema\/logo\/image\/\",\"url\":\"https:\/\/gr-100.com\/wp-content\/uploads\/2023\/08\/logo-gr-100-bikes.png\",\"contentUrl\":\"https:\/\/gr-100.com\/wp-content\/uploads\/2023\/08\/logo-gr-100-bikes.png\",\"width\":707,\"height\":284,\"caption\":\"Gr-100\"},\"image\":{\"@id\":\"https:\/\/gr-100.com\/#\/schema\/logo\/image\/\"},\"sameAs\":[\"https:\/\/www.facebook.com\/Gr100Bikes\",\"https:\/\/www.instagram.com\/gr100bikes\/\",\"https:\/\/www.tiktok.com\/@gr100bikes\",\"https:\/\/twitter.com\/gr100mtbteam\",\"https:\/\/www.youtube.com\/c\/GR100Specialized\"]}]}<\/script>\n<!-- \/ Yoast SEO Premium plugin. -->","yoast_head_json":{"title":"Megamo Oeste 15 2025 GR-100","description":"Quadro espec\u00edfico para cascalho de carbono. Garfo de carbono. Grupos de velocidade Shimano GRX 2x10. Megamo Gravel GR 700 Rodas - TLR","robots":{"index":"index","follow":"follow","max-snippet":"max-snippet:-1","max-image-preview":"max-image-preview:large","max-video-preview":"max-video-preview:-1"},"canonical":"https:\/\/gr-100.com\/pt-pt\/producto\/megamo-west-15-2025\/","og_locale":"pt_PT","og_type":"article","og_title":"Megamo Oeste 15 2025","og_description":"Quadro espec\u00edfico para cascalho de carbono. Garfo de carbono. Grupos de velocidade Shimano GRX 2x10. Megamo Gravel GR 700 Rodas - TLR","og_url":"https:\/\/gr-100.com\/pt-pt\/producto\/megamo-west-15-2025\/","og_site_name":"Gr-100 Tienda de ciclismo Specialized","article_publisher":"https:\/\/www.facebook.com\/Gr100Bikes","article_modified_time":"2025-12-18T14:44:34+00:00","og_image":[{"width":1000,"height":1000,"url":"https:\/\/gr-100.com\/wp-content\/uploads\/2024\/09\/megamo_west_15_25_beige.jpg","type":"image\/jpeg"}],"twitter_card":"summary_large_image","twitter_misc":{"Tempo estimado de leitura":"1 minuto"},"schema":{"@context":"https:\/\/schema.org","@graph":[{"@type":"WebPage","@id":"https:\/\/gr-100.com\/pt-pt\/producto\/megamo-west-15-2025\/","url":"https:\/\/gr-100.com\/pt-pt\/producto\/megamo-west-15-2025\/","name":"Megamo Oeste 15 2025 GR-100","isPartOf":{"@id":"https:\/\/gr-100.com\/#website"},"primaryImageOfPage":{"@id":"https:\/\/gr-100.com\/pt-pt\/producto\/megamo-west-15-2025\/#primaryimage"},"image":{"@id":"https:\/\/gr-100.com\/pt-pt\/producto\/megamo-west-15-2025\/#primaryimage"},"thumbnailUrl":"https:\/\/gr-100.com\/wp-content\/uploads\/2024\/09\/megamo_west_15_25_beige.jpg","datePublished":"2024-09-26T07:20:45+00:00","dateModified":"2025-12-18T14:44:34+00:00","description":"Quadro espec\u00edfico para cascalho de carbono. Garfo de carbono. Grupos de velocidade Shimano GRX 2x10. Megamo Gravel GR 700 Rodas - TLR","breadcrumb":{"@id":"https:\/\/gr-100.com\/pt-pt\/producto\/megamo-west-15-2025\/#breadcrumb"},"inLanguage":"pt-PT","potentialAction":[{"@type":"ReadAction","target":["https:\/\/gr-100.com\/pt-pt\/producto\/megamo-west-15-2025\/"]}]},{"@type":"ImageObject","inLanguage":"pt-PT","@id":"https:\/\/gr-100.com\/pt-pt\/producto\/megamo-west-15-2025\/#primaryimage","url":"https:\/\/gr-100.com\/wp-content\/uploads\/2024\/09\/megamo_west_15_25_beige.jpg","contentUrl":"https:\/\/gr-100.com\/wp-content\/uploads\/2024\/09\/megamo_west_15_25_beige.jpg","width":1000,"height":1000},{"@type":"BreadcrumbList","@id":"https:\/\/gr-100.com\/pt-pt\/producto\/megamo-west-15-2025\/#breadcrumb","itemListElement":[{"@type":"ListItem","position":1,"name":"Portada","item":"https:\/\/gr-100.com\/en\/"},{"@type":"ListItem","position":2,"name":"Productos","item":"https:\/\/gr-100.com\/?post_type=product"},{"@type":"ListItem","position":3,"name":"Megamo Oeste 15 2025"}]},{"@type":"WebSite","@id":"https:\/\/gr-100.com\/#website","url":"https:\/\/gr-100.com\/","name":"Gr-100 Tienda de ciclismo Specialized","description":"GR-100 tenemos todas las gamas de bicicletas Specialized al mejor precio.","publisher":{"@id":"https:\/\/gr-100.com\/#organization"},"alternateName":"Gr-100 Bikes","potentialAction":[{"@type":"SearchAction","target":{"@type":"EntryPoint","urlTemplate":"https:\/\/gr-100.com\/?s={search_term_string}"},"query-input":{"@type":"PropertyValueSpecification","valueRequired":true,"valueName":"search_term_string"}}],"inLanguage":"pt-PT"},{"@type":"Organization","@id":"https:\/\/gr-100.com\/#organization","name":"Gr-100","url":"https:\/\/gr-100.com\/","logo":{"@type":"ImageObject","inLanguage":"pt-PT","@id":"https:\/\/gr-100.com\/#\/schema\/logo\/image\/","url":"https:\/\/gr-100.com\/wp-content\/uploads\/2023\/08\/logo-gr-100-bikes.png","contentUrl":"https:\/\/gr-100.com\/wp-content\/uploads\/2023\/08\/logo-gr-100-bikes.png","width":707,"height":284,"caption":"Gr-100"},"image":{"@id":"https:\/\/gr-100.com\/#\/schema\/logo\/image\/"},"sameAs":["https:\/\/www.facebook.com\/Gr100Bikes","https:\/\/www.instagram.com\/gr100bikes\/","https:\/\/www.tiktok.com\/@gr100bikes","https:\/\/twitter.com\/gr100mtbteam","https:\/\/www.youtube.com\/c\/GR100Specialized"]}]}},"_links":{"self":[{"href":"https:\/\/gr-100.com\/pt-pt\/wp-json\/wp\/v2\/product\/391395","targetHints":{"allow":["GET"]}}],"collection":[{"href":"https:\/\/gr-100.com\/pt-pt\/wp-json\/wp\/v2\/product"}],"about":[{"href":"https:\/\/gr-100.com\/pt-pt\/wp-json\/wp\/v2\/types\/product"}],"replies":[{"embeddable":true,"href":"https:\/\/gr-100.com\/pt-pt\/wp-json\/wp\/v2\/comments?post=391395"}],"wp:featuredmedia":[{"embeddable":true,"href":"https:\/\/gr-100.com\/pt-pt\/wp-json\/wp\/v2\/media\/391414"}],"wp:attachment":[{"href":"https:\/\/gr-100.com\/pt-pt\/wp-json\/wp\/v2\/media?parent=391395"}],"wp:term":[{"taxonomy":"product_brand","embeddable":true,"href":"https:\/\/gr-100.com\/pt-pt\/wp-json\/wp\/v2\/product_brand?post=391395"},{"taxonomy":"product_cat","embeddable":true,"href":"https:\/\/gr-100.com\/pt-pt\/wp-json\/wp\/v2\/product_cat?post=391395"},{"taxonomy":"product_tag","embeddable":true,"href":"https:\/\/gr-100.com\/pt-pt\/wp-json\/wp\/v2\/product_tag?post=391395"}],"curies":[{"name":"wp","href":"https:\/\/api.w.org\/{rel}","templated":true}]}}