{"id":391743,"date":"2024-10-01T13:55:07","date_gmt":"2024-10-01T11:55:07","guid":{"rendered":"https:\/\/gr-100.com\/?post_type=product&#038;p=391743"},"modified":"2025-11-27T11:06:16","modified_gmt":"2025-11-27T09:06:16","slug":"specialized-s-works-epic-world-cup-ltd-50-aniversario","status":"publish","type":"product","link":"https:\/\/gr-100.com\/pt-pt\/producto\/specialized-s-works-epic-world-cup-ltd-50-aniversario\/","title":{"rendered":"Specialized S-Works Epic World Cup LTD 50\u00ba anivers\u00e1rio 2025"},"content":{"rendered":"<p>Estas motos \u00fanicas s\u00e3o constru\u00eddas com o melhor dos melhores: Specialized traseiro WCID Specialized\/RockShox SIDLuxe, garfo RockShox SID SL Ultimate 3P, conjunto de rodas Roval Control SL Team, cockpit integrado Roval Control SL, espig\u00e3o de assento Roval Control SL, S-Works Power com selim de espelho e suporte inferior CeramicSpeed DUB \u2013 garantindo que estas motos v\u00e3o t\u00e3o r\u00e1pido quanto parecem.<br \/>\n\u00c9 hora de pendurar o rabo duro. A Epic World Cup \u00e9 uma m\u00e1quina constru\u00edda com um prop\u00f3sito, e seu prop\u00f3sito \u00e9 vencer. Desafiamo-nos a evitar a compreens\u00e3o convencional do que \u00e9 preciso para ser o mais r\u00e1pido. Estamos \u00e0 altura do desafio com uma abordagem de sistema integrado sem precedentes \u00e0 engenharia de quadros, design revolucion\u00e1rio de amortecedores e din\u00e2mica de condu\u00e7\u00e3o inigual\u00e1vel. O resultado? Uma combina\u00e7\u00e3o inigual\u00e1vel de efici\u00eancia, controlo e leveza. O todo \u00e9 mais r\u00e1pido do que a soma das partes. <strong>PENSE MAIS R\u00c1PIDO:<\/strong> A Epic World Cup \u00e9 a moto de corrida XC mais r\u00e1pida do mundo em percursos suaves a moderadamente t\u00e9cnicos, gra\u00e7as \u00e0 sua combina\u00e7\u00e3o incompar\u00e1vel de efici\u00eancia, controlo e leveza. O campe\u00e3o mundial Christopher Blevins disse melhor: &#8220;Esta moto d\u00e1-me tudo o que eu poderia querer de um hardtail, al\u00e9m do controlo e capacidade da suspens\u00e3o total.&#8221; INCRIVELMENTE R\u00c1PIDO: A Specialized Ride Dynamics concebeu e inventou uma tecnologia de choque revolucion\u00e1ria para a Epic World Cup que lhe d\u00e1 a efici\u00eancia e resposta \u00e1gil de um hardtail MAIS o controlo, capacidade e din\u00e2mica da suspens\u00e3o total, tudo com uma configura\u00e7\u00e3o simples. Desenvolvido em conjunto com a RockShox, o SID Deluxe WCID shock utiliza molas pneum\u00e1ticas positivas e negativas exclusivas e ajust\u00e1veis de forma independente para proporcionar o cobi\u00e7ado &#8220;snap&#8221; de um hardtail, combinado com o perd\u00e3o de comer terreno e a capacidade de personalizar facilmente as defini\u00e7\u00f5es para uma viagem espec\u00edfica ou ajust\u00e1-las \u00e0s prefer\u00eancias e sensa\u00e7\u00f5es do piloto. <strong>DESEMPENHO ACIMA E AL\u00c9M:<\/strong> Os 75 mm de curso traseiro da Epic World Cup oferecem o controlo e a capacidade de uma moto de curso muito mais longo. Por ser projetada para ser montada no topo ou perto dele, ela produz o mesmo curso positivo de uma moto de curso de 100 mm com 25% de queda. Para otimizar ainda mais o desempenho da suspens\u00e3o, a Specialized Ride Dynamics ajustou a mola para ser relativamente plana no meio da viagem, de modo que possa lidar com a maioria das for\u00e7as acidentadas, como uma moto de curso mais longo. Devido ao seu grande tamanho, o Mega Jounce Bumper personalizado \u00e9 uma &#8220;estreia na ind\u00fastria&#8221; e \u00e9 crucial para gerenciar suavemente o para-choque contra grandes impactos. <strong>LEVEZA:<\/strong> Com um peso de quadro de apenas 1.765 gramas (pintado com amortecedor e todo o hardware), a Epic World Cup supera os concorrentes mais leves. Isto traduz-se numa acelera\u00e7\u00e3o mais r\u00e1pida, numa capacidade de subida mais eficiente e num manuseamento mais \u00e1gil, que se traduzem em velocidade.      <\/p>\n<p>  Conseguimos o peso pena e a rigidez monstruosa do WC Epic aplicando o que aprendemos no desenvolvimento do nosso Aethos, o quadro de estrada de produ\u00e7\u00e3o mais leve alguma vez feito, especificamente a composi\u00e7\u00e3o composta avan\u00e7ada e as formas dos tubos.<\/p>\n<ul>\n<li>O quadro Epic World Cup incorpora tecnologia de suspens\u00e3o desenvolvida pela Ride Dynamics e 75 mm de curso otimizado da roda traseira. Com esta tecnologia de amortecimento, a Epic World Cup oferece uma efici\u00eancia de pedalada inigual\u00e1vel e est\u00e1 pronta para as descidas mais dif\u00edceis que voc\u00ea pode lan\u00e7ar, sem a necessidade de bot\u00f5es de bloqueio. <\/li>\n<li>A cadeia cinem\u00e1tica SRAM XX SL com suporte inferior CeramicSpeed DUB baseia-se no que os melhores pilotos precisam em termos de desempenho e robustez, pelo que se adequa perfeitamente \u00e0s exig\u00eancias brutais das corridas de XC.<\/li>\n<li>Um choque RockShox SID SL com Race Day 2 de 3 posi\u00e7\u00f5es com a configura\u00e7\u00e3o &#8220;Magic Middle&#8221; da Epic 8 fornece suporte durante a pedalada e 110 mm de suspens\u00e3o ativa e amortecimento de solavancos em terrenos acidentados para proporcionar a m\u00e1xima efici\u00eancia.<\/li>\n<li>Pesando 1190 gramas, a Control SL Team \u00e9 a roda XC de produ\u00e7\u00e3o mais leve do planeta e ainda est\u00e1 pronta para as exig\u00eancias das corridas modernas da Copa do Mundo. A maior economia de peso deve-se aos nossos revolucion\u00e1rios raios de carbono: Ap\u00f3s um processo de tr\u00eas anos que incluiu extensa pesquisa de materiais e extensos testes de campo e laborat\u00f3rio, chegamos a 20 raios de fibra de carbono otimizados que n\u00e3o s\u00e3o apenas 29% mais leves do que seus hom\u00f3logos de a\u00e7o,  mas tamb\u00e9m mais forte e mais dur\u00e1vel. <\/li>\n<\/ul>\n<p><strong>Especifica\u00e7\u00f5es<\/strong><\/p>\n<ul>\n<li>Ceramicspeed DUB BSA 73mm SUPORTE<br \/>\n INFERIOR<\/li>\n<li>SRAM CS-1299 10-52T CASSETTE<br \/>\nSRAM<\/li>\n<li>SRAM<br \/>\n POD Ultimate AXS<\/li>\n<li>Manivela do medidor de pot\u00eancia Quarq<br \/>\nXX SL, Carbono, 168 Q-Factor, DUB, 170\/175mm, 34T<\/li>\n<li>SRAM XX Cadeia Eagle<br \/>\nSRAM<\/li>\n<li>SRAM XX SL Eagle Caixa de velocidades\n<\/li>\n<li>PLATOS<br \/>\n34t<\/li>\n<li>S-Works FACT 12m Carbon FRAME<br \/>\n, design de suspens\u00e3o WCID, Geometria de Corrida XC Progressiva, Rider-First Engineered\u2122, BB roscado, espa\u00e7amento traseiro compat\u00edvel com UDH 12x148mm, roteamento de cabos internos, 75mm de<\/li>\n<li>SWAT<br \/>\nSWAT EMT Ferramenta de montagem em gaiola<\/li>\n<li>ABRA\u00c7O. Specialized 34.9 SADDLE,<br \/>\n Parafuso de tit\u00e2nio <\/li>\n<li>RockShox SID SL Ultimate FORK<br \/>\n, amortecedor Raceday de 3 posi\u00e7\u00f5es, Debon Air, 15x110mm, 44mm offset, 110mm Travel<\/li>\n<li>RockShox SIDLuxe WCID Ultimate SHOCKSpecialized<br \/>\n, Ride Dynamics Desenvolvido, Mola negativa independente, Rebound Adjust, 215x40mm<\/li>\n<li>Freio<br \/>\n traseiro SRAM Level Ultimate, pin\u00e7a de 4 pist\u00f5es, disco hidr\u00e1ulico, stealth, rotorSRAM de 160 mm<\/li>\n<li>SRAM Level Ultimate FRONT<br \/>\n BRAKE, pin\u00e7a de 4 pist\u00f5es, disco hidr\u00e1ulico, stealth, rotorSRAM de 180\/160mm<\/li>\n<li>Controle SL 29 RIMS,<br \/>\n Ganchos de tal\u00e3o FlatTop de 4mm, largura interna de 29mm, compat\u00edvel com tubo sem ar, compat\u00edvel com inser\u00e7\u00e3o de pneu, 20h, Quarq TyreWiz 2.0<\/li>\n<li>HUB DIANTEIRO<br \/>\nRoval Control SL Team, DT Swiss Internals, Rolamentos cer\u00e2micos, 6 parafusos, eixo thru de 15mm, espa\u00e7amento de 110mm, tampas de torque, 20h<\/li>\n<li>CUBO TRASEIRO<br \/>\nRoval Control SL, DT Swiss 180 Internals, DT Swiss Ratchet EXP, Rolamentos cer\u00e2micos, eixo thru de 12mm, espa\u00e7amento de 148mm, 20h<\/li>\n<li>PNEU.<br \/>\nSpecialized Trak r\u00e1pido, caixa S-Works , composto T5\/T7, 29&#215;2.35<\/li>\n<li>PNEU TRASEIRO<br \/>\nSpecialized , S-Works , Composto T5\/T7, 29&#215;2.35<\/li>\n<li>C\u00c2MARAS<br \/>\nSpecialized<\/li>\n<li>RAIOS<br \/>\nRoval Carbono Redondo Straightpull<\/li>\n<li>CONTROLE DA RODA DIANTEIRA<br \/>\nOL\u00cdMPICA DA EQUIPE SL; FS<\/li>\n<li>CONTROLO DAS RODAS TRASEIRAS<br \/>\nSL TEAM OLYMPIC; FS<\/li>\n<li>\nRoval Control SL, haste integrada de 60mm\/70mm X- 12 graus, backsweep de 8 graus, upsweep de 1 grau, 760mm de largura<\/li>\n<li>Body Geometry S-Works Mirror SADDLE,<br \/>\n trilhos de fibra de carbono, base de fibra de carbono, 143mm\/155mm<\/li>\n<li>Espig\u00e3o de assento em carbono Roval Control<br \/>\n SL, bra\u00e7adeira de dois parafusos, deslocamento de 0mm, 415\/370mm x 30,9<\/li>\n<li>SRAM Twist Loc PUNHOS\n<\/li>\n<li>PEDAIS PEDAIS,<br \/>\n PEDAIS TEST RIDE FORNECIDOS POR SPECIALIZED<\/li>\n<li>PESO<br \/>\n9.31kg (20 lb, 8.4 oz)<\/li>\n<\/ul>\n","protected":false},"excerpt":{"rendered":"<p>Ao celebrarmos o nosso primeiro meio s\u00e9culo, celebramos os pr\u00f3ximos 50 anos de inova\u00e7\u00e3o com o S-Works Epic World Cup Forward 50 LTD.<br \/>\nCom v\u00e1rias vit\u00f3rias na Copa do Mundo em sua temporada inaugural, a Epic World Cup imediatamente se estabeleceu como a moto mais r\u00e1pida do mundo para passeios mais suaves.<br \/>\nO Forward 50 LTD junta-se num gr\u00e1fico impressionante: o ouro representa o nosso 50\u00ba anivers\u00e1rio, enquanto o rosa recorda a nossa hist\u00f3rica Team Stumpjumper e o nosso compromisso em correr com um esp\u00edrito irreverente e rebelde.<\/p>\n","protected":false},"featured_media":391772,"comment_status":"closed","ping_status":"closed","template":"","meta":{"_acf_changed":false,"_et_pb_use_builder":"","_et_pb_old_content":"","_et_gb_content_width":"","inline_featured_image":false},"product_brand":[],"product_cat":[2459,402,2483],"product_tag":[],"class_list":{"0":"post-391743","1":"product","2":"type-product","3":"status-publish","4":"has-post-thumbnail","6":"product_cat-bicicletas-pt-pt-2","7":"product_cat-montanha","8":"product_cat-bicicletas-especializadas","9":"product_shipping_class-bicicletas-pt-pt","11":"first","12":"outofstock","13":"taxable","14":"shipping-taxable","15":"product-type-variable","16":"wvs-archive-product-wrapper"},"acf":[],"yoast_head":"<!-- This site is optimized with the Yoast SEO Premium plugin v26.7 (Yoast SEO v26.7) - https:\/\/yoast.com\/wordpress\/plugins\/seo\/ -->\n<title>Specialized S-Works Epic World Cup LTD 50\u00ba anivers\u00e1rio 2025<\/title>\n<meta name=\"description\" content=\"Specialized S-Works Epic World Cup Ltd 50 2025. Celebrando os pr\u00f3ximos 50 anos de inova\u00e7\u00e3o com o S-Works Epic World Cup Forward 50 LTD.\" \/>\n<meta name=\"robots\" content=\"index, follow, max-snippet:-1, max-image-preview:large, max-video-preview:-1\" \/>\n<link rel=\"canonical\" href=\"https:\/\/gr-100.com\/pt-pt\/producto\/specialized-s-works-epic-world-cup-ltd-50-aniversario\/\" \/>\n<meta property=\"og:locale\" content=\"pt_PT\" \/>\n<meta property=\"og:type\" content=\"article\" \/>\n<meta property=\"og:title\" content=\"Specialized S-Works Epic World Cup LTD 50\u00ba anivers\u00e1rio 2025\" \/>\n<meta property=\"og:description\" content=\"Specialized S-Works Epic World Cup Ltd 50 2025. Celebrando os pr\u00f3ximos 50 anos de inova\u00e7\u00e3o com o S-Works Epic World Cup Forward 50 LTD.\" \/>\n<meta property=\"og:url\" content=\"https:\/\/gr-100.com\/pt-pt\/producto\/specialized-s-works-epic-world-cup-ltd-50-aniversario\/\" \/>\n<meta property=\"og:site_name\" content=\"Gr-100 Tienda de ciclismo Specialized\" \/>\n<meta property=\"article:publisher\" content=\"https:\/\/www.facebook.com\/Gr100Bikes\" \/>\n<meta property=\"article:modified_time\" content=\"2025-11-27T09:06:16+00:00\" \/>\n<meta property=\"og:image\" content=\"https:\/\/gr-100.com\/wp-content\/uploads\/2024\/10\/S-Works-Epic-World-Cup-LTD-50.jpg\" \/>\n\t<meta property=\"og:image:width\" content=\"1000\" \/>\n\t<meta property=\"og:image:height\" content=\"1000\" \/>\n\t<meta property=\"og:image:type\" content=\"image\/jpeg\" \/>\n<meta name=\"twitter:card\" content=\"summary_large_image\" \/>\n<meta name=\"twitter:label1\" content=\"Tempo estimado de leitura\" \/>\n\t<meta name=\"twitter:data1\" content=\"6 minutos\" \/>\n<script type=\"application\/ld+json\" class=\"yoast-schema-graph\">{\"@context\":\"https:\/\/schema.org\",\"@graph\":[{\"@type\":\"WebPage\",\"@id\":\"https:\/\/gr-100.com\/pt-pt\/producto\/specialized-s-works-epic-world-cup-ltd-50-aniversario\/\",\"url\":\"https:\/\/gr-100.com\/pt-pt\/producto\/specialized-s-works-epic-world-cup-ltd-50-aniversario\/\",\"name\":\"Specialized S-Works Epic World Cup LTD 50\u00ba anivers\u00e1rio 2025\",\"isPartOf\":{\"@id\":\"https:\/\/gr-100.com\/#website\"},\"primaryImageOfPage\":{\"@id\":\"https:\/\/gr-100.com\/pt-pt\/producto\/specialized-s-works-epic-world-cup-ltd-50-aniversario\/#primaryimage\"},\"image\":{\"@id\":\"https:\/\/gr-100.com\/pt-pt\/producto\/specialized-s-works-epic-world-cup-ltd-50-aniversario\/#primaryimage\"},\"thumbnailUrl\":\"https:\/\/gr-100.com\/wp-content\/uploads\/2024\/10\/S-Works-Epic-World-Cup-LTD-50.jpg\",\"datePublished\":\"2024-10-01T11:55:07+00:00\",\"dateModified\":\"2025-11-27T09:06:16+00:00\",\"description\":\"Specialized S-Works Epic World Cup Ltd 50 2025. Celebrando os pr\u00f3ximos 50 anos de inova\u00e7\u00e3o com o S-Works Epic World Cup Forward 50 LTD.\",\"breadcrumb\":{\"@id\":\"https:\/\/gr-100.com\/pt-pt\/producto\/specialized-s-works-epic-world-cup-ltd-50-aniversario\/#breadcrumb\"},\"inLanguage\":\"pt-PT\",\"potentialAction\":[{\"@type\":\"ReadAction\",\"target\":[\"https:\/\/gr-100.com\/pt-pt\/producto\/specialized-s-works-epic-world-cup-ltd-50-aniversario\/\"]}]},{\"@type\":\"ImageObject\",\"inLanguage\":\"pt-PT\",\"@id\":\"https:\/\/gr-100.com\/pt-pt\/producto\/specialized-s-works-epic-world-cup-ltd-50-aniversario\/#primaryimage\",\"url\":\"https:\/\/gr-100.com\/wp-content\/uploads\/2024\/10\/S-Works-Epic-World-Cup-LTD-50.jpg\",\"contentUrl\":\"https:\/\/gr-100.com\/wp-content\/uploads\/2024\/10\/S-Works-Epic-World-Cup-LTD-50.jpg\",\"width\":1000,\"height\":1000},{\"@type\":\"BreadcrumbList\",\"@id\":\"https:\/\/gr-100.com\/pt-pt\/producto\/specialized-s-works-epic-world-cup-ltd-50-aniversario\/#breadcrumb\",\"itemListElement\":[{\"@type\":\"ListItem\",\"position\":1,\"name\":\"Portada\",\"item\":\"https:\/\/gr-100.com\/en\/\"},{\"@type\":\"ListItem\",\"position\":2,\"name\":\"Productos\",\"item\":\"https:\/\/gr-100.com\/?post_type=product\"},{\"@type\":\"ListItem\",\"position\":3,\"name\":\"Specialized S-Works Epic World Cup LTD 50\u00ba anivers\u00e1rio 2025\"}]},{\"@type\":\"WebSite\",\"@id\":\"https:\/\/gr-100.com\/#website\",\"url\":\"https:\/\/gr-100.com\/\",\"name\":\"Gr-100 Tienda de ciclismo Specialized\",\"description\":\"GR-100 tenemos todas las gamas de bicicletas Specialized al mejor precio.\",\"publisher\":{\"@id\":\"https:\/\/gr-100.com\/#organization\"},\"alternateName\":\"Gr-100 Bikes\",\"potentialAction\":[{\"@type\":\"SearchAction\",\"target\":{\"@type\":\"EntryPoint\",\"urlTemplate\":\"https:\/\/gr-100.com\/?s={search_term_string}\"},\"query-input\":{\"@type\":\"PropertyValueSpecification\",\"valueRequired\":true,\"valueName\":\"search_term_string\"}}],\"inLanguage\":\"pt-PT\"},{\"@type\":\"Organization\",\"@id\":\"https:\/\/gr-100.com\/#organization\",\"name\":\"Gr-100\",\"url\":\"https:\/\/gr-100.com\/\",\"logo\":{\"@type\":\"ImageObject\",\"inLanguage\":\"pt-PT\",\"@id\":\"https:\/\/gr-100.com\/#\/schema\/logo\/image\/\",\"url\":\"https:\/\/gr-100.com\/wp-content\/uploads\/2023\/08\/logo-gr-100-bikes.png\",\"contentUrl\":\"https:\/\/gr-100.com\/wp-content\/uploads\/2023\/08\/logo-gr-100-bikes.png\",\"width\":707,\"height\":284,\"caption\":\"Gr-100\"},\"image\":{\"@id\":\"https:\/\/gr-100.com\/#\/schema\/logo\/image\/\"},\"sameAs\":[\"https:\/\/www.facebook.com\/Gr100Bikes\",\"https:\/\/www.instagram.com\/gr100bikes\/\",\"https:\/\/www.tiktok.com\/@gr100bikes\",\"https:\/\/twitter.com\/gr100mtbteam\",\"https:\/\/www.youtube.com\/c\/GR100Specialized\"]}]}<\/script>\n<!-- \/ Yoast SEO Premium plugin. -->","yoast_head_json":{"title":"Specialized S-Works Epic World Cup LTD 50\u00ba anivers\u00e1rio 2025","description":"Specialized S-Works Epic World Cup Ltd 50 2025. Celebrando os pr\u00f3ximos 50 anos de inova\u00e7\u00e3o com o S-Works Epic World Cup Forward 50 LTD.","robots":{"index":"index","follow":"follow","max-snippet":"max-snippet:-1","max-image-preview":"max-image-preview:large","max-video-preview":"max-video-preview:-1"},"canonical":"https:\/\/gr-100.com\/pt-pt\/producto\/specialized-s-works-epic-world-cup-ltd-50-aniversario\/","og_locale":"pt_PT","og_type":"article","og_title":"Specialized S-Works Epic World Cup LTD 50\u00ba anivers\u00e1rio 2025","og_description":"Specialized S-Works Epic World Cup Ltd 50 2025. Celebrando os pr\u00f3ximos 50 anos de inova\u00e7\u00e3o com o S-Works Epic World Cup Forward 50 LTD.","og_url":"https:\/\/gr-100.com\/pt-pt\/producto\/specialized-s-works-epic-world-cup-ltd-50-aniversario\/","og_site_name":"Gr-100 Tienda de ciclismo Specialized","article_publisher":"https:\/\/www.facebook.com\/Gr100Bikes","article_modified_time":"2025-11-27T09:06:16+00:00","og_image":[{"width":1000,"height":1000,"url":"https:\/\/gr-100.com\/wp-content\/uploads\/2024\/10\/S-Works-Epic-World-Cup-LTD-50.jpg","type":"image\/jpeg"}],"twitter_card":"summary_large_image","twitter_misc":{"Tempo estimado de leitura":"6 minutos"},"schema":{"@context":"https:\/\/schema.org","@graph":[{"@type":"WebPage","@id":"https:\/\/gr-100.com\/pt-pt\/producto\/specialized-s-works-epic-world-cup-ltd-50-aniversario\/","url":"https:\/\/gr-100.com\/pt-pt\/producto\/specialized-s-works-epic-world-cup-ltd-50-aniversario\/","name":"Specialized S-Works Epic World Cup LTD 50\u00ba anivers\u00e1rio 2025","isPartOf":{"@id":"https:\/\/gr-100.com\/#website"},"primaryImageOfPage":{"@id":"https:\/\/gr-100.com\/pt-pt\/producto\/specialized-s-works-epic-world-cup-ltd-50-aniversario\/#primaryimage"},"image":{"@id":"https:\/\/gr-100.com\/pt-pt\/producto\/specialized-s-works-epic-world-cup-ltd-50-aniversario\/#primaryimage"},"thumbnailUrl":"https:\/\/gr-100.com\/wp-content\/uploads\/2024\/10\/S-Works-Epic-World-Cup-LTD-50.jpg","datePublished":"2024-10-01T11:55:07+00:00","dateModified":"2025-11-27T09:06:16+00:00","description":"Specialized S-Works Epic World Cup Ltd 50 2025. Celebrando os pr\u00f3ximos 50 anos de inova\u00e7\u00e3o com o S-Works Epic World Cup Forward 50 LTD.","breadcrumb":{"@id":"https:\/\/gr-100.com\/pt-pt\/producto\/specialized-s-works-epic-world-cup-ltd-50-aniversario\/#breadcrumb"},"inLanguage":"pt-PT","potentialAction":[{"@type":"ReadAction","target":["https:\/\/gr-100.com\/pt-pt\/producto\/specialized-s-works-epic-world-cup-ltd-50-aniversario\/"]}]},{"@type":"ImageObject","inLanguage":"pt-PT","@id":"https:\/\/gr-100.com\/pt-pt\/producto\/specialized-s-works-epic-world-cup-ltd-50-aniversario\/#primaryimage","url":"https:\/\/gr-100.com\/wp-content\/uploads\/2024\/10\/S-Works-Epic-World-Cup-LTD-50.jpg","contentUrl":"https:\/\/gr-100.com\/wp-content\/uploads\/2024\/10\/S-Works-Epic-World-Cup-LTD-50.jpg","width":1000,"height":1000},{"@type":"BreadcrumbList","@id":"https:\/\/gr-100.com\/pt-pt\/producto\/specialized-s-works-epic-world-cup-ltd-50-aniversario\/#breadcrumb","itemListElement":[{"@type":"ListItem","position":1,"name":"Portada","item":"https:\/\/gr-100.com\/en\/"},{"@type":"ListItem","position":2,"name":"Productos","item":"https:\/\/gr-100.com\/?post_type=product"},{"@type":"ListItem","position":3,"name":"Specialized S-Works Epic World Cup LTD 50\u00ba anivers\u00e1rio 2025"}]},{"@type":"WebSite","@id":"https:\/\/gr-100.com\/#website","url":"https:\/\/gr-100.com\/","name":"Gr-100 Tienda de ciclismo Specialized","description":"GR-100 tenemos todas las gamas de bicicletas Specialized al mejor precio.","publisher":{"@id":"https:\/\/gr-100.com\/#organization"},"alternateName":"Gr-100 Bikes","potentialAction":[{"@type":"SearchAction","target":{"@type":"EntryPoint","urlTemplate":"https:\/\/gr-100.com\/?s={search_term_string}"},"query-input":{"@type":"PropertyValueSpecification","valueRequired":true,"valueName":"search_term_string"}}],"inLanguage":"pt-PT"},{"@type":"Organization","@id":"https:\/\/gr-100.com\/#organization","name":"Gr-100","url":"https:\/\/gr-100.com\/","logo":{"@type":"ImageObject","inLanguage":"pt-PT","@id":"https:\/\/gr-100.com\/#\/schema\/logo\/image\/","url":"https:\/\/gr-100.com\/wp-content\/uploads\/2023\/08\/logo-gr-100-bikes.png","contentUrl":"https:\/\/gr-100.com\/wp-content\/uploads\/2023\/08\/logo-gr-100-bikes.png","width":707,"height":284,"caption":"Gr-100"},"image":{"@id":"https:\/\/gr-100.com\/#\/schema\/logo\/image\/"},"sameAs":["https:\/\/www.facebook.com\/Gr100Bikes","https:\/\/www.instagram.com\/gr100bikes\/","https:\/\/www.tiktok.com\/@gr100bikes","https:\/\/twitter.com\/gr100mtbteam","https:\/\/www.youtube.com\/c\/GR100Specialized"]}]}},"_links":{"self":[{"href":"https:\/\/gr-100.com\/pt-pt\/wp-json\/wp\/v2\/product\/391743","targetHints":{"allow":["GET"]}}],"collection":[{"href":"https:\/\/gr-100.com\/pt-pt\/wp-json\/wp\/v2\/product"}],"about":[{"href":"https:\/\/gr-100.com\/pt-pt\/wp-json\/wp\/v2\/types\/product"}],"replies":[{"embeddable":true,"href":"https:\/\/gr-100.com\/pt-pt\/wp-json\/wp\/v2\/comments?post=391743"}],"wp:featuredmedia":[{"embeddable":true,"href":"https:\/\/gr-100.com\/pt-pt\/wp-json\/wp\/v2\/media\/391772"}],"wp:attachment":[{"href":"https:\/\/gr-100.com\/pt-pt\/wp-json\/wp\/v2\/media?parent=391743"}],"wp:term":[{"taxonomy":"product_brand","embeddable":true,"href":"https:\/\/gr-100.com\/pt-pt\/wp-json\/wp\/v2\/product_brand?post=391743"},{"taxonomy":"product_cat","embeddable":true,"href":"https:\/\/gr-100.com\/pt-pt\/wp-json\/wp\/v2\/product_cat?post=391743"},{"taxonomy":"product_tag","embeddable":true,"href":"https:\/\/gr-100.com\/pt-pt\/wp-json\/wp\/v2\/product_tag?post=391743"}],"curies":[{"name":"wp","href":"https:\/\/api.w.org\/{rel}","templated":true}]}}